{"id":10269,"date":"2026-03-27T15:26:29","date_gmt":"2026-03-27T14:26:29","guid":{"rendered":"https:\/\/chateaufeely.com\/?page_id=10269"},"modified":"2026-03-27T15:26:47","modified_gmt":"2026-03-27T14:26:47","slug":"itineraires-du-chateau-feely","status":"publish","type":"page","link":"https:\/\/chateaufeely.com\/fr\/presentation-gites\/itineraires-du-chateau-feely\/","title":{"rendered":"Itin\u00e9raires du Ch\u00e2teau Feely"},"content":{"rendered":"[vc_row][vc_column][mk_icon_box icon=\u00a0\u00bbmk-icon-lastfm\u00a0\u00bb title=\u00a0\u00bbItin\u00e9raires du Ch\u00e2teau Feely\u00a0\u00bb text_size=\u00a0\u00bb30&Prime; style=\u00a0\u00bbsimple_ultimate\u00a0\u00bb icon_size=\u00a0\u00bblarge\u00a0\u00bb icon_location=\u00a0\u00bbtop\u00a0\u00bb icon_color=\u00a0\u00bb#e0b957&Prime; title_color=\u00a0\u00bb#000000&Prime; txt_color=\u00a0\u00bb#5e5e5e\u00a0\u00bb margin=\u00a0\u00bb0&Prime;]\n<p>D\u00e9couvrez les itin\u00e9raires soigneusement choisis par Caro Feely pour explorer le sud-ouest de la France \u2014 des d\u00e9lices gastronomiques aux aventures en plein air, des sorties familiales aux excursions d\u2019une journ\u00e9e pour amateurs de vin. Con\u00e7u pour tirer le meilleur parti de votre s\u00e9jour en Dordogne.[\/mk_icon_box][\/vc_column][\/vc_row][vc_row][vc_column][vc_column_text css=\u00a0\u00bb.vc_custom_1774621586811{margin-bottom: 0px !important;}\u00a0\u00bb]\n<h2>Superbes itin\u00e9raires \u00e0 explorer en Dordogne et en Gironde<\/h2>\n<p>Que vous soyez amateur de gastronomie, passionn\u00e9 de vin, amoureux de la nature ou en voyage avec des enfants, ces itin\u00e9raires soigneusement s\u00e9lectionn\u00e9s vous permettent de d\u00e9couvrir le meilleur de la Dordogne et de la r\u00e9gion bordelaise depuis votre s\u00e9jour au Ch\u00e2teau Feely. Chaque itin\u00e9raire inclut des lieux incontournables, des exp\u00e9riences culinaires et des activit\u00e9s facilement accessibles.<\/p>\n<h3>&#x1f37d;&#xfe0f; <strong><a href=\"https:\/\/chateaufeely.com\/accommodation\/chateau-feely-itineraries\/michelin-star-gourmet-itinerary\/\" rel=\"noopener\">Itin\u00e9raire gastronomique Michelin \u2192<\/a><\/strong><\/h3>\n<p>Savourez les meilleurs restaurants du sud-ouest de la France avec six d\u00e9jeuners \u00e9toil\u00e9s Michelin, associ\u00e9s \u00e0 des villages pittoresques et au charme des vignobles.<\/p>\n<h3>&#x1f377; <strong><a href=\"https:\/\/chateaufeely.com\/accommodation\/chateau-feely-itineraries\/winelover-itinerary-in-the-dordogne-bordeaux\/\" rel=\"noopener\">Itin\u00e9raire \u0153nologique \u2192<\/a><\/strong><\/h3>\n<p>Visitez des vignobles bio d\u2019exception, d\u00e9gustez des vins prim\u00e9s et explorez les destinations viticoles les plus embl\u00e9matiques de France comme Saint-\u00c9milion.<\/p>\n<h3><strong>&#x1f4da; <a href=\"https:\/\/chateaufeely.com\/fr\/?page_id=10327\">Itin\u00e9raire litt\u00e9raire pour les passionn\u00e9s de livres \u2192<\/a><\/strong><\/h3>\n<p>Explorez les lieux qui ont inspir\u00e9 de grandes figures de la litt\u00e9rature \u2014 du Saint-Denis fictif de <em>Bruno, Chef de police<\/em> aux librairies et caf\u00e9s litt\u00e9raires de Bordeaux.<\/p>\n<h3><strong><a href=\"https:\/\/chateaufeely.com\/accommodation\/chateau-feely-itineraries\/walker-itinerary-in-the-dordogne\/\" target=\"_blank\" rel=\"noopener\">&#x1f97e; Itin\u00e9raire randonn\u00e9e et marche \u2192<\/a><\/strong><\/h3>\n<p>Suivez les sentiers pr\u00e9f\u00e9r\u00e9s de Caro \u2014 des balades dans les vignes aux randonn\u00e9es en for\u00eat \u2014 parfait pour les amoureux de la nature.<\/p>\n<h3>&#x1f468;&#x200d;&#x1f469;&#x200d;&#x1f467;&#x200d;&#x1f466; <strong><a href=\"#\">Itin\u00e9raire adapt\u00e9 aux familles \u2192<\/a><\/strong><\/h3>\n<p>Des activit\u00e9s pour tous les \u00e2ges : ch\u00e2teaux, cano\u00eb, animaux, jardins et aventures douces pour petits et grands.<\/p>\n<h3>&#x1f33f; <strong><a href=\"#\">Itin\u00e9raire plein air &amp; activit\u00e9s \u2192<\/a><\/strong><\/h3>\n<p>Pour les visiteurs souhaitant faire du kayak, du v\u00e9lo ou de la marche, tout en profitant de la beaut\u00e9 paisible de la campagne fran\u00e7aise.<\/p>\n<h2>Logistique des itin\u00e9raires du Ch\u00e2teau Feely<\/h2>\n<p><span style=\"font-size: 16px;\">Tous les itin\u00e9raires sont con\u00e7us pour les visiteurs s\u00e9journant au Ch\u00e2teau Feely, avec des temps de trajet inf\u00e9rieurs \u00e0 90 minutes. Nous serons ravis de vous aider pour les r\u00e9servations ou pour vous proposer d\u2019autres suggestions.<\/span><\/p>\n<p><strong><a class=\"cursor-pointer\" href=\"https:\/\/chateaufeely.com\/contact\/\" rel=\"noopener\">\u2192<\/a> Voir <span style=\"color: #339966;\"><a style=\"color: #339966;\" href=\"https:\/\/chateaufeely.com\/fr\/presentation-gites\/\" target=\"_blank\" rel=\"noopener\">les h\u00e9bergements et disponibilit\u00e9s du Ch\u00e2teau Feely<\/a><\/span><\/strong><\/p>\n<ul>\n<li>D\u00e9couvrez <span style=\"color: #339966;\"><strong><a style=\"color: #339966;\" href=\"https:\/\/chateaufeely.com\/fr\/presentation-gites\/wine-lodge\/\" target=\"_blank\" rel=\"noopener\">le Wine Lodge du Ch\u00e2teau Feely<\/a><\/strong><\/span><\/li>\n<li>D\u00e9couvrez <span style=\"color: #339966;\"><strong><a style=\"color: #339966;\" href=\"https:\/\/chateaufeely.com\/fr\/presentation-gites\/wine-cottage\/\" target=\"_blank\" rel=\"noopener\">le Wine Cottage du Ch\u00e2teau Feely<\/a><\/strong><\/span><\/li>\n<li>D\u00e9couvrez les <span style=\"color: #339966;\"><strong><a style=\"color: #339966;\" href=\"https:\/\/chateaufeely.com\/fr\/visites\/liste-des-circuits-et-experiences-de-vin\/\" target=\"_blank\" rel=\"noopener\">visites \u0153nologiques propos\u00e9es au Ch\u00e2teau Feely<\/a><\/strong><\/span><\/li>\n<li>D\u00e9couvrez les <span style=\"color: #339966;\"><strong><a style=\"color: #339966;\" href=\"https:\/\/www.frenchwineadventures.com\/\" target=\"_blank\" rel=\"noopener\">circuits et formations autour du vin avec Caro Feely \u2013 French Wine Adventures<\/a><\/strong><\/span><\/li>\n<\/ul>\n<p><span style=\"color: #339966;\"><strong><a class=\"cursor-pointer\" style=\"color: #000000;\" href=\"https:\/\/chateaufeely.com\/contact\/\" rel=\"noopener\">\u2192<\/a><\/strong><a style=\"color: #339966;\" href=\"https:\/\/chateaufeely.com\/contact\/\" target=\"_blank\" rel=\"noopener\"><strong> Contactez-nous pour r\u00e9server votre s\u00e9jour<\/strong><\/a><\/span><\/p>\n<p><span style=\"color: #000000;\">Sean et Caro Feely seront ravis de vous accueillir dans cette magnifique exploitation biologique.<\/span><\/p>\n<h1>FAQ :<\/h1>\n<p><strong>Q : Puis-je combiner plusieurs itin\u00e9raires ?<\/strong><br \/>\nR : Oui ! Tous les itin\u00e9raires sont flexibles. Vous pouvez choisir un jour dans l\u2019un et un autre dans un autre selon vos envies.<\/p>\n<p><strong>Q : Les restaurants et activit\u00e9s sont-ils adapt\u00e9s aux enfants ?<\/strong><br \/>\nR : Certains itin\u00e9raires conviennent parfaitement aux familles. Nous pouvons \u00e9galement vous recommander des restaurants adapt\u00e9s et des activit\u00e9s locales accessibles aux enfants. Dans le cadre de votre s\u00e9jour au Ch\u00e2teau Feely, nous mettons \u00e0 disposition un lit b\u00e9b\u00e9 et une chaise haute.<\/p>\n[\/vc_column_text][vc_column_text css=\u00a0\u00bb.vc_custom_1583511217797{margin-bottom: 0px !important;}\u00a0\u00bb][\/vc_column_text][\/vc_column][\/vc_row][vc_row][vc_column][mk_gallery images=\u00a0\u00bb10287,10281,10251,10242,10240,10227&Prime; column=\u00a0\u00bb2&Prime; height=\u00a0\u00bb382&Prime; hover_scenarios=\u00a0\u00bbnone\u00a0\u00bb item_spacing=\u00a0\u00bb30&Prime;][\/vc_column][\/vc_row][vc_row fullwidth=\u00a0\u00bbtrue\u00a0\u00bb][vc_column css=\u00a0\u00bb.vc_custom_1464163660116{padding-left: 15px !important;}\u00a0\u00bb][mk_button dimension=\u00a0\u00bbflat\u00a0\u00bb corner_style=\u00a0\u00bbrounded\u00a0\u00bb size=\u00a0\u00bbmedium\u00a0\u00bb icon=\u00a0\u00bbmk-moon-calendar\u00a0\u00bb url=\u00a0\u00bbhttps:\/\/chateaufeely.com\/accommodation\/\u00a0\u00bb align=\u00a0\u00bbcenter\u00a0\u00bb margin_top=\u00a0\u00bb15&Prime; btn_hover_bg=\u00a0\u00bb#e0a000&Prime;]Voir H\u00e9bergement Ch\u00e2teau Feely[\/mk_button][\/vc_column][\/vc_row]\n","protected":false},"excerpt":{"rendered":"<p>[vc_row][vc_column][mk_icon_box icon=\u00a0\u00bbmk-icon-lastfm\u00a0\u00bb title=\u00a0\u00bbItin\u00e9raires du Ch\u00e2teau Feely\u00a0\u00bb text_size=\u00a0\u00bb30&Prime; style=\u00a0\u00bbsimple_ultimate\u00a0\u00bb icon_size=\u00a0\u00bblarge\u00a0\u00bb icon_location=\u00a0\u00bbtop\u00a0\u00bb icon_color=\u00a0\u00bb#e0b957&Prime; title_color=\u00a0\u00bb#000000&Prime; txt_color=\u00a0\u00bb#5e5e5e\u00a0\u00bb margin=\u00a0\u00bb0&Prime;] D\u00e9couvrez les itin\u00e9raires soigneusement choisis par Caro Feely pour explorer le sud-ouest de la France \u2014 des d\u00e9lices gastronomiques aux aventures en plein air, des sorties familiales aux excursions d\u2019une journ\u00e9e pour amateurs de vin. Con\u00e7u pour tirer le meilleur parti [&hellip;]<\/p>\n","protected":false},"author":2,"featured_media":0,"parent":363,"menu_order":0,"comment_status":"closed","ping_status":"closed","template":"","meta":{"footnotes":""},"class_list":["post-10269","page","type-page","status-publish","hentry"],"yoast_head":"<!-- This site is optimized with the Yoast SEO plugin v27.3 - https:\/\/yoast.com\/product\/yoast-seo-wordpress\/ -->\n<title>Meilleurs itin\u00e9raires dans le sud-ouest de la France pour les gourmets, les vinoirs, les randonneurs<\/title>\n<meta name=\"description\" content=\"D\u00e9couvrez les meilleurs itin\u00e9raires de Caro Feely en Dordogne - sud-ouest de la France pour les gourmets, les amateurs de vin, les amoureux de la nature et les familles\" \/>\n<meta name=\"robots\" content=\"index, follow, max-snippet:-1, max-image-preview:large, max-video-preview:-1\" \/>\n<link rel=\"canonical\" href=\"https:\/\/chateaufeely.com\/fr\/presentation-gites\/itineraires-du-chateau-feely\/\" \/>\n<meta property=\"og:locale\" content=\"fr_FR\" \/>\n<meta property=\"og:type\" content=\"article\" \/>\n<meta property=\"og:title\" content=\"Meilleurs itin\u00e9raires dans le sud-ouest de la France pour les gourmets, les vinoirs, les randonneurs\" \/>\n<meta property=\"og:description\" content=\"D\u00e9couvrez les meilleurs itin\u00e9raires de Caro Feely en Dordogne - sud-ouest de la France pour les gourmets, les amateurs de vin, les amoureux de la nature et les familles\" \/>\n<meta property=\"og:url\" content=\"https:\/\/chateaufeely.com\/fr\/presentation-gites\/itineraires-du-chateau-feely\/\" \/>\n<meta property=\"og:site_name\" content=\"Ch\u00e2teau Feely organic wine, tours, accommodation\" \/>\n<meta property=\"article:publisher\" content=\"https:\/\/www.facebook.com\/ChateauFeely\/\" \/>\n<meta property=\"article:modified_time\" content=\"2026-03-27T14:26:47+00:00\" \/>\n<meta name=\"twitter:card\" content=\"summary_large_image\" \/>\n<meta name=\"twitter:label1\" content=\"Dur\u00e9e de lecture estim\u00e9e\" \/>\n\t<meta name=\"twitter:data1\" content=\"3 minutes\" \/>\n<script type=\"application\/ld+json\" class=\"yoast-schema-graph\">{\"@context\":\"https:\\\/\\\/schema.org\",\"@graph\":[{\"@type\":\"WebPage\",\"@id\":\"https:\\\/\\\/chateaufeely.com\\\/fr\\\/presentation-gites\\\/itineraires-du-chateau-feely\\\/\",\"url\":\"https:\\\/\\\/chateaufeely.com\\\/fr\\\/presentation-gites\\\/itineraires-du-chateau-feely\\\/\",\"name\":\"Meilleurs itin\u00e9raires dans le sud-ouest de la France pour les gourmets, les vinoirs, les randonneurs\",\"isPartOf\":{\"@id\":\"https:\\\/\\\/chateaufeely.com\\\/fr\\\/#website\"},\"datePublished\":\"2026-03-27T14:26:29+00:00\",\"dateModified\":\"2026-03-27T14:26:47+00:00\",\"description\":\"D\u00e9couvrez les meilleurs itin\u00e9raires de Caro Feely en Dordogne - sud-ouest de la France pour les gourmets, les amateurs de vin, les amoureux de la nature et les familles\",\"breadcrumb\":{\"@id\":\"https:\\\/\\\/chateaufeely.com\\\/fr\\\/presentation-gites\\\/itineraires-du-chateau-feely\\\/#breadcrumb\"},\"inLanguage\":\"fr-FR\",\"potentialAction\":[{\"@type\":\"ReadAction\",\"target\":[\"https:\\\/\\\/chateaufeely.com\\\/fr\\\/presentation-gites\\\/itineraires-du-chateau-feely\\\/\"]}]},{\"@type\":\"BreadcrumbList\",\"@id\":\"https:\\\/\\\/chateaufeely.com\\\/fr\\\/presentation-gites\\\/itineraires-du-chateau-feely\\\/#breadcrumb\",\"itemListElement\":[{\"@type\":\"ListItem\",\"position\":1,\"name\":\"Accueil\",\"item\":\"https:\\\/\\\/chateaufeely.com\\\/fr\\\/\"},{\"@type\":\"ListItem\",\"position\":2,\"name\":\"Gites\",\"item\":\"https:\\\/\\\/chateaufeely.com\\\/fr\\\/presentation-gites\\\/\"},{\"@type\":\"ListItem\",\"position\":3,\"name\":\"Itin\u00e9raires du Ch\u00e2teau Feely\"}]},{\"@type\":\"WebSite\",\"@id\":\"https:\\\/\\\/chateaufeely.com\\\/fr\\\/#website\",\"url\":\"https:\\\/\\\/chateaufeely.com\\\/fr\\\/\",\"name\":\"Ch\u00e2teau Feely organic wine, tours, accommodation\",\"description\":\"Biodynamic and natural wine, tours and wine school, ecological luxury lodge\",\"publisher\":{\"@id\":\"https:\\\/\\\/chateaufeely.com\\\/fr\\\/#organization\"},\"potentialAction\":[{\"@type\":\"SearchAction\",\"target\":{\"@type\":\"EntryPoint\",\"urlTemplate\":\"https:\\\/\\\/chateaufeely.com\\\/fr\\\/?s={search_term_string}\"},\"query-input\":{\"@type\":\"PropertyValueSpecification\",\"valueRequired\":true,\"valueName\":\"search_term_string\"}}],\"inLanguage\":\"fr-FR\"},{\"@type\":\"Organization\",\"@id\":\"https:\\\/\\\/chateaufeely.com\\\/fr\\\/#organization\",\"name\":\"Ch\u00e2teau Feely organic wine, tours, accommodation\",\"url\":\"https:\\\/\\\/chateaufeely.com\\\/fr\\\/\",\"logo\":{\"@type\":\"ImageObject\",\"inLanguage\":\"fr-FR\",\"@id\":\"https:\\\/\\\/chateaufeely.com\\\/fr\\\/#\\\/schema\\\/logo\\\/image\\\/\",\"url\":\"https:\\\/\\\/chateaufeely.com\\\/wp-content\\\/uploads\\\/2016\\\/05\\\/logo-vertical-v2-250.png\",\"contentUrl\":\"https:\\\/\\\/chateaufeely.com\\\/wp-content\\\/uploads\\\/2016\\\/05\\\/logo-vertical-v2-250.png\",\"width\":250,\"height\":312,\"caption\":\"Ch\u00e2teau Feely organic wine, tours, accommodation\"},\"image\":{\"@id\":\"https:\\\/\\\/chateaufeely.com\\\/fr\\\/#\\\/schema\\\/logo\\\/image\\\/\"},\"sameAs\":[\"https:\\\/\\\/www.facebook.com\\\/ChateauFeely\\\/\",\"https:\\\/\\\/www.instagram.com\\\/chateaufeely\\\/\"]}]}<\/script>\n<!-- \/ Yoast SEO plugin. -->","yoast_head_json":{"title":"Meilleurs itin\u00e9raires dans le sud-ouest de la France pour les gourmets, les vinoirs, les randonneurs","description":"D\u00e9couvrez les meilleurs itin\u00e9raires de Caro Feely en Dordogne - sud-ouest de la France pour les gourmets, les amateurs de vin, les amoureux de la nature et les familles","robots":{"index":"index","follow":"follow","max-snippet":"max-snippet:-1","max-image-preview":"max-image-preview:large","max-video-preview":"max-video-preview:-1"},"canonical":"https:\/\/chateaufeely.com\/fr\/presentation-gites\/itineraires-du-chateau-feely\/","og_locale":"fr_FR","og_type":"article","og_title":"Meilleurs itin\u00e9raires dans le sud-ouest de la France pour les gourmets, les vinoirs, les randonneurs","og_description":"D\u00e9couvrez les meilleurs itin\u00e9raires de Caro Feely en Dordogne - sud-ouest de la France pour les gourmets, les amateurs de vin, les amoureux de la nature et les familles","og_url":"https:\/\/chateaufeely.com\/fr\/presentation-gites\/itineraires-du-chateau-feely\/","og_site_name":"Ch\u00e2teau Feely organic wine, tours, accommodation","article_publisher":"https:\/\/www.facebook.com\/ChateauFeely\/","article_modified_time":"2026-03-27T14:26:47+00:00","twitter_card":"summary_large_image","twitter_misc":{"Dur\u00e9e de lecture estim\u00e9e":"3 minutes"},"schema":{"@context":"https:\/\/schema.org","@graph":[{"@type":"WebPage","@id":"https:\/\/chateaufeely.com\/fr\/presentation-gites\/itineraires-du-chateau-feely\/","url":"https:\/\/chateaufeely.com\/fr\/presentation-gites\/itineraires-du-chateau-feely\/","name":"Meilleurs itin\u00e9raires dans le sud-ouest de la France pour les gourmets, les vinoirs, les randonneurs","isPartOf":{"@id":"https:\/\/chateaufeely.com\/fr\/#website"},"datePublished":"2026-03-27T14:26:29+00:00","dateModified":"2026-03-27T14:26:47+00:00","description":"D\u00e9couvrez les meilleurs itin\u00e9raires de Caro Feely en Dordogne - sud-ouest de la France pour les gourmets, les amateurs de vin, les amoureux de la nature et les familles","breadcrumb":{"@id":"https:\/\/chateaufeely.com\/fr\/presentation-gites\/itineraires-du-chateau-feely\/#breadcrumb"},"inLanguage":"fr-FR","potentialAction":[{"@type":"ReadAction","target":["https:\/\/chateaufeely.com\/fr\/presentation-gites\/itineraires-du-chateau-feely\/"]}]},{"@type":"BreadcrumbList","@id":"https:\/\/chateaufeely.com\/fr\/presentation-gites\/itineraires-du-chateau-feely\/#breadcrumb","itemListElement":[{"@type":"ListItem","position":1,"name":"Accueil","item":"https:\/\/chateaufeely.com\/fr\/"},{"@type":"ListItem","position":2,"name":"Gites","item":"https:\/\/chateaufeely.com\/fr\/presentation-gites\/"},{"@type":"ListItem","position":3,"name":"Itin\u00e9raires du Ch\u00e2teau Feely"}]},{"@type":"WebSite","@id":"https:\/\/chateaufeely.com\/fr\/#website","url":"https:\/\/chateaufeely.com\/fr\/","name":"Ch\u00e2teau Feely organic wine, tours, accommodation","description":"Biodynamic and natural wine, tours and wine school, ecological luxury lodge","publisher":{"@id":"https:\/\/chateaufeely.com\/fr\/#organization"},"potentialAction":[{"@type":"SearchAction","target":{"@type":"EntryPoint","urlTemplate":"https:\/\/chateaufeely.com\/fr\/?s={search_term_string}"},"query-input":{"@type":"PropertyValueSpecification","valueRequired":true,"valueName":"search_term_string"}}],"inLanguage":"fr-FR"},{"@type":"Organization","@id":"https:\/\/chateaufeely.com\/fr\/#organization","name":"Ch\u00e2teau Feely organic wine, tours, accommodation","url":"https:\/\/chateaufeely.com\/fr\/","logo":{"@type":"ImageObject","inLanguage":"fr-FR","@id":"https:\/\/chateaufeely.com\/fr\/#\/schema\/logo\/image\/","url":"https:\/\/chateaufeely.com\/wp-content\/uploads\/2016\/05\/logo-vertical-v2-250.png","contentUrl":"https:\/\/chateaufeely.com\/wp-content\/uploads\/2016\/05\/logo-vertical-v2-250.png","width":250,"height":312,"caption":"Ch\u00e2teau Feely organic wine, tours, accommodation"},"image":{"@id":"https:\/\/chateaufeely.com\/fr\/#\/schema\/logo\/image\/"},"sameAs":["https:\/\/www.facebook.com\/ChateauFeely\/","https:\/\/www.instagram.com\/chateaufeely\/"]}]}},"_links":{"self":[{"href":"https:\/\/chateaufeely.com\/fr\/wp-json\/wp\/v2\/pages\/10269","targetHints":{"allow":["GET"]}}],"collection":[{"href":"https:\/\/chateaufeely.com\/fr\/wp-json\/wp\/v2\/pages"}],"about":[{"href":"https:\/\/chateaufeely.com\/fr\/wp-json\/wp\/v2\/types\/page"}],"author":[{"embeddable":true,"href":"https:\/\/chateaufeely.com\/fr\/wp-json\/wp\/v2\/users\/2"}],"replies":[{"embeddable":true,"href":"https:\/\/chateaufeely.com\/fr\/wp-json\/wp\/v2\/comments?post=10269"}],"version-history":[{"count":5,"href":"https:\/\/chateaufeely.com\/fr\/wp-json\/wp\/v2\/pages\/10269\/revisions"}],"predecessor-version":[{"id":11333,"href":"https:\/\/chateaufeely.com\/fr\/wp-json\/wp\/v2\/pages\/10269\/revisions\/11333"}],"up":[{"embeddable":true,"href":"https:\/\/chateaufeely.com\/fr\/wp-json\/wp\/v2\/pages\/363"}],"wp:attachment":[{"href":"https:\/\/chateaufeely.com\/fr\/wp-json\/wp\/v2\/media?parent=10269"}],"curies":[{"name":"wp","href":"https:\/\/api.w.org\/{rel}","templated":true}]}}