{"id":10584,"date":"2026-01-17T15:48:32","date_gmt":"2026-01-17T14:48:32","guid":{"rendered":"https:\/\/chateaufeely.com\/visites\/visite-et-degustation-de-vins-biologiques\/"},"modified":"2026-01-17T15:50:51","modified_gmt":"2026-01-17T14:50:51","slug":"visite-et-degustation-de-vins-biologiques","status":"publish","type":"page","link":"https:\/\/chateaufeely.com\/fr\/visites\/visite-et-degustation-de-vins-biologiques\/","title":{"rendered":"Visite et d\u00e9gustation de vins biologiques"},"content":{"rendered":"[vc_row][vc_column][mk_icon_box icon=\u00a0\u00bbmk-icon-leaf\u00a0\u00bb title=\u00a0\u00bbVisite d&#039;une heure dans un vignoble bio\u00a0\u00bb text_size=\u00a0\u00bb30&Prime; style=\u00a0\u00bbsimple_ultimate\u00a0\u00bb icon_size=\u00a0\u00bblarge\u00a0\u00bb icon_location=\u00a0\u00bbtop\u00a0\u00bb icon_color=\u00a0\u00bb#e0b957&Prime; title_color=\u00a0\u00bb#000000&Prime; txt_color=\u00a0\u00bb#5e5e5e\u00a0\u00bb margin=\u00a0\u00bb0&Prime;]\n<p style=\"text-align: center;\"><strong>Visitez un magnifique vignoble biologique prim\u00e9 et d\u00e9couvrez la magie de la d\u00e9gustation de vins.<\/strong><\/p>\n[\/mk_icon_box][\/vc_column][\/vc_row][vc_row][vc_column][vc_column_text css=\u00a0\u00bb.vc_custom_1710511084748{margin-bottom: 0px !important;}\u00a0\u00bb][\/vc_column_text][vc_column_text css=\u00a0\u00bb.vc_custom_1710511084748{margin-bottom: 0px !important;}\u00a0\u00bb][\/vc_column_text][vc_separator color=\u00a0\u00bbwhite\u00a0\u00bb border_width=\u00a0\u00bb5&Prime;][\/vc_column][\/vc_row][vc_row][vc_column width=\u00a0\u00bb1\/2&Prime;][mk_image_slideshow images=\u00a0\u00bb9079,9069,9060&Prime; image_width=\u00a0\u00bb1000&Prime; image_height=\u00a0\u00bb667&Prime; animation_speed=\u00a0\u00bb3000&Prime; slideshow_speed=\u00a0\u00bb20000&Prime;][\/vc_column][vc_column width=\u00a0\u00bb1\/2&Prime; css=\u00a0\u00bb.vc_custom_1464158896445{padding-left: 15px !important;}\u00a0\u00bb][vc_column_text css=\u00a0\u00bb.vc_custom_1744030452019{margin-bottom: 0px !important;}\u00a0\u00bb]La visite d\u00e9couverte inclus une promenade dans les vignes pour en apprendre davantage l&rsquo;histoire viticole de la r\u00e9gion et la viticulture biologique. Vous d\u00e9couvrirez la biodiversit\u00e9 et les merveilles de la nature.<\/p>\n<p>Nous rejoindrons ensuite le salle de d\u00e9gustation pour d\u00e9guster trois styles diff\u00e9rents de vins biologiques. Nous vous initierons \u00e0 la d\u00e9gustation et vous apprendrons \u00e0 identifier les caract\u00e9ristiques d&rsquo;un vin par l&rsquo;aspect, l&rsquo;odorat et le go\u00fbt. La l\u00e9g\u00e8re note fum\u00e9e provenant du sol silex, les ar\u00f4mes de fruits \u00e0 noyau dans un verre de S\u00e9millon\u2026 Quels souvenirs garderiez vous de ce lieu magique?<\/p>\n<p><strong>Du lundi au samedi \u00e0 16h. 20\u00a0\u20ac par adulte (21\u00a0\u20ac avec frais de r\u00e9servation).<\/strong>[\/vc_column_text][vc_btn title=\u00a0\u00bbR\u00e9servez maintenant\u00a0\u00bb color=\u00a0\u00bbgreen\u00a0\u00bb align=\u00a0\u00bbcenter\u00a0\u00bb link=\u00a0\u00bburl:https%3A%2F%2Ffareharbor.com%2Fembeds%2Fbook%2Fchateaufeely%2Fitems%2F532440%2F%3Ffull-items%3Dyes%26flow%3D1144533|title:Contact|\u00a0\u00bb][\/vc_column][\/vc_row][vc_row][vc_column][vc_separator color=\u00a0\u00bbwhite\u00a0\u00bb border_width=\u00a0\u00bb5&Prime;][vc_column_text css=\u00a0\u00bb.vc_custom_1583591993324{margin-bottom: 0px !important;}\u00a0\u00bb][\/vc_column_text][\/vc_column][\/vc_row][vc_row][vc_column width=\u00a0\u00bb1\/2&Prime;][vc_column_text css=\u00a0\u00bb.vc_custom_1745474670196{margin-bottom: 0px !important;}\u00a0\u00bb]\n<h2>En bref\u00a0:<\/h2>\n<ul>\n<li>Visite du vignoble biologique et pr\u00e9sentation de l\u2019histoire viticole locale, de la viticulture, de l\u2019agriculture biologique, du terroir et de la biodiversit\u00e9 (option sans marche pour les personnes \u00e0 mobilit\u00e9 r\u00e9duite).<\/li>\n<li>Initiation \u00e0 la d\u00e9gustation de vins.<\/li>\n<li>D\u00e9gustation de trois vins biologiques diff\u00e9rents.<\/li>\n<li>Guide num\u00e9rique de d\u00e9gustation par Caro Feely, formatrice et auteure sp\u00e9cialis\u00e9e en vin.<\/li>\n<li>Dur\u00e9e\u00a0: environ une heure.<\/li>\n<li><strong>Du lundi au samedi, \u00e0 16 h.<\/strong><\/li>\n<li><strong>20 \u20ac par adulte (21 \u20ac avec frais de r\u00e9servation).<\/strong><\/li>\n<li><strong>R\u00e9servation minimum : 2 personnes.<\/strong> Possibilit\u00e9 de r\u00e9servation individuelle s&rsquo;il y a d\u00e9j\u00e0 les r\u00e9servations sur le cr\u00e9neau.<\/li>\n<\/ul>\n[\/vc_column_text][vc_btn title=\u00a0\u00bbR\u00e9servez maintenant\u00a0\u00bb color=\u00a0\u00bbgreen\u00a0\u00bb align=\u00a0\u00bbcenter\u00a0\u00bb link=\u00a0\u00bburl:https%3A%2F%2Ffareharbor.com%2Fembeds%2Fbook%2Fchateaufeely%2Fitems%2F532440%2F%3Ffull-items%3Dyes%26flow%3D1144533|title:Contact|\u00a0\u00bb][vc_btn title=\u00a0\u00bbPlus d&#039;options de visite\u00a0\u00bb color=\u00a0\u00bbgreen\u00a0\u00bb align=\u00a0\u00bbcenter\u00a0\u00bb link=\u00a0\u00bburl:https%3A%2F%2Fchateaufeely.com%2Fvisits%2Ffeely-organic-wine-tours-options%2F|title:Plus%20d%27options%20de%20visite|\u00a0\u00bb][\/vc_column][vc_column width=\u00a0\u00bb1\/2&Prime; css=\u00a0\u00bb.vc_custom_1464158896445{padding-left: 15px !important;}\u00a0\u00bb][vc_column_text css=\u00a0\u00bb.vc_custom_1583592288817{margin-bottom: 0px !important;}\u00a0\u00bb][\/vc_column_text][mk_image_slideshow images=\u00a0\u00bb9119,9106&Prime; image_width=\u00a0\u00bb1000&Prime; image_height=\u00a0\u00bb667&Prime; animation_speed=\u00a0\u00bb3000&Prime; slideshow_speed=\u00a0\u00bb20000&Prime;][\/vc_column][\/vc_row][vc_row][vc_column][mk_blockquote font_family=\u00a0\u00bbnone\u00a0\u00bb]\n<div class=\"n4sEPd\">\n<div class=\"FFpbKc\">\n<div class=\"xMmqsf\"><span class=\"jCAhz ChMk0b\"><span class=\"ryNqvb\">\u00ab Visite extraordinaire.<\/span><\/span> <span class=\"jCAhz ChMk0b\"><span class=\"ryNqvb\">Elle changera compl\u00e8tement votre vision du vin.<\/span><\/span> <span class=\"jCAhz ChMk0b\"><span class=\"ryNqvb\">\u00bb T. Morris<\/span><\/span><\/div>\n<\/div>\n<\/div>\n[\/mk_blockquote][vc_btn title=\u00a0\u00bbD\u00e9couvrez les vins Feely\u00a0\u00bb color=\u00a0\u00bbgreen\u00a0\u00bb align=\u00a0\u00bbcenter\u00a0\u00bb link=\u00a0\u00bburl:https%3A%2F%2Fchateaufeely.com%2Ffr%2Fnotre-boutique%2Fvins%2F|title:D%C3%A9couvrez%20les%20vins%20Feely|\u00a0\u00bb][vc_column_text css=\u00a0\u00bb.vc_custom_1710512002548{margin-bottom: 0px !important;}\u00a0\u00bb]\n<div class=\"n4sEPd\">\n<div class=\"QFw9Te BLojaf\"><\/div>\n<div class=\"FFpbKc\">\n<div class=\"xMmqsf\">\n<div class=\"nidPne\">\n<div id=\"ow16\" data-show-delay-ms=\"250\" data-append-to-body=\"true\" data-propagate-tooltip-mouseover-events=\"true\" data-anchor-corner=\"bottom-left\" data-enable-skip-handler=\"true\" data-popup-corner=\"top-left\">\n<div class=\"dig2sb\">\n<div class=\"scLCMd\">\n<div id=\"itamenu\"><span class=\"jCAhz ChMk0b\"><span class=\"ryNqvb\">Pour toutes nos visites, veuillez porter des chaussures confortables pour la marche en ext\u00e9rieur, car nous passerons une partie du temps dans les vignes.<\/span><\/span><span class=\"jCAhz ChMk0b\"><span class=\"ryNqvb\"> Toutes nos activit\u00e9s se d\u00e9roulent au vignoble bio Feely, dans le Sud-Ouest de la France, \u00e0 1h30 de Bordeaux, 10 minutes de Sainte-Foy-la-Grande et 15 minutes de Bergerac.<\/span><\/span> <span class=\"jCAhz ChMk0b\"><span class=\"ryNqvb\">Pour plus d&rsquo;informations sur l&rsquo;acc\u00e8s au domaine, consultez notre page contact.<\/span><\/span> <span class=\"jCAhz ChMk0b\"><span class=\"ryNqvb\">D\u00e9couvrez notre magnifique caveau de d\u00e9gustation \u00e9cologique, construit avec des mat\u00e9riaux naturels tels que le bois, la pierre, la craie et le chanvre.<\/span><\/span><\/div>\n<\/div>\n<\/div>\n<\/div>\n<\/div>\n<\/div>\n<\/div>\n<\/div>\n[\/vc_column_text][vc_btn title=\u00a0\u00bbFAQ\u00a0\u00bb color=\u00a0\u00bbgreen\u00a0\u00bb align=\u00a0\u00bbcenter\u00a0\u00bb link=\u00a0\u00bburl:https%3A%2F%2Fchateaufeely.com%2Ffr%2F%3Fpage_id%3D9219|title:FAQ%20Visites|\u00a0\u00bb][vc_column_text css=\u00a0\u00bb.vc_custom_1710511870676{margin-bottom: 0px !important;}\u00a0\u00bb]Ch\u00e2teau Feely a remport\u00e9 le Troph\u00e9e d&rsquo;Or national dans la cat\u00e9gorie \u00c9ducation et valorisation des pratiques \u00e9cologiques lors du premier Concours Fran\u00e7ais de l&rsquo;\u0152notourisme et b\u00e9n\u00e9ficie du Certificat d&rsquo;Excellence TripAdvisor depuis plus de dix ans. Nous proposons \u00e9galement des excursions \u0153nologiques d&rsquo;une demi-journ\u00e9e, d&rsquo;une journ\u00e9e compl\u00e8te et des s\u00e9jours gourmands de plusieurs jours (voir nos s\u00e9jours \u0153nologiques de plusieurs jours).<\/p>\n<p>Les excursions de Ch\u00e2teau Feely sont class\u00e9es n\u00b01 sur TripAdvisor. Vous vous demandez qui est class\u00e9 n\u00b02\u00a0? Notre \u00e9cole des vins, French Wine Adventures, et nos s\u00e9jours de plusieurs jours \u00e0 Bordeaux et Bergerac. N&rsquo;h\u00e9sitez pas \u00e0 consulter les avis sur TripAdvisor et \u00e0 laisser le v\u00f4tre\u00a0![\/vc_column_text][vc_btn title=\u00a0\u00bbR\u00e9servez maintenant\u00a0\u00bb color=\u00a0\u00bbgreen\u00a0\u00bb align=\u00a0\u00bbcenter\u00a0\u00bb link=\u00a0\u00bburl:https%3A%2F%2Ffareharbor.com%2Fembeds%2Fbook%2Fchateaufeely%2F%3Ffull-items%3Dyes%26flow%3D1144180|title:Contact|\u00a0\u00bb][\/vc_column][\/vc_row][vc_row][vc_column][\/vc_column][\/vc_row]\n","protected":false},"excerpt":{"rendered":"<p>[vc_row][vc_column][mk_icon_box icon=\u00a0\u00bbmk-icon-leaf\u00a0\u00bb title=\u00a0\u00bbVisite d&#039;une heure dans un vignoble bio\u00a0\u00bb text_size=\u00a0\u00bb30&Prime; style=\u00a0\u00bbsimple_ultimate\u00a0\u00bb icon_size=\u00a0\u00bblarge\u00a0\u00bb icon_location=\u00a0\u00bbtop\u00a0\u00bb icon_color=\u00a0\u00bb#e0b957&Prime; title_color=\u00a0\u00bb#000000&Prime; txt_color=\u00a0\u00bb#5e5e5e\u00a0\u00bb margin=\u00a0\u00bb0&Prime;] Visitez un magnifique vignoble biologique prim\u00e9 et d\u00e9couvrez la magie de la d\u00e9gustation de vins. [\/mk_icon_box][\/vc_column][\/vc_row][vc_row][vc_column][vc_column_text css=\u00a0\u00bb.vc_custom_1710511084748{margin-bottom: 0px !important;}\u00a0\u00bb][\/vc_column_text][vc_column_text css=\u00a0\u00bb.vc_custom_1710511084748{margin-bottom: 0px !important;}\u00a0\u00bb][\/vc_column_text][vc_separator color=\u00a0\u00bbwhite\u00a0\u00bb border_width=\u00a0\u00bb5&Prime;][\/vc_column][\/vc_row][vc_row][vc_column width=\u00a0\u00bb1\/2&Prime;][mk_image_slideshow images=\u00a0\u00bb9079,9069,9060&Prime; image_width=\u00a0\u00bb1000&Prime; image_height=\u00a0\u00bb667&Prime; animation_speed=\u00a0\u00bb3000&Prime; slideshow_speed=\u00a0\u00bb20000&Prime;][\/vc_column][vc_column width=\u00a0\u00bb1\/2&Prime; css=\u00a0\u00bb.vc_custom_1464158896445{padding-left: 15px !important;}\u00a0\u00bb][vc_column_text css=\u00a0\u00bb.vc_custom_1744030452019{margin-bottom: 0px !important;}\u00a0\u00bb]La visite [&hellip;]<\/p>\n","protected":false},"author":2,"featured_media":0,"parent":251,"menu_order":0,"comment_status":"closed","ping_status":"closed","template":"","meta":{"footnotes":""},"class_list":["post-10584","page","type-page","status-publish","hentry"],"yoast_head":"<!-- This site is optimized with the Yoast SEO plugin v27.3 - https:\/\/yoast.com\/product\/yoast-seo-wordpress\/ -->\n<title>Visite d&#039;une heure dans un vignoble bio entre Bergerac et Bordeaux<\/title>\n<meta name=\"description\" content=\"Visite d&#039;une heure d&#039;un vignoble bio - D\u00e9couverte et initiation \u00e0 la d\u00e9gustation de vins dans un vignoble bio prim\u00e9, situ\u00e9 entre Bordeaux et Sarlat.\" \/>\n<meta name=\"robots\" content=\"index, follow, max-snippet:-1, max-image-preview:large, max-video-preview:-1\" \/>\n<link rel=\"canonical\" href=\"https:\/\/chateaufeely.com\/fr\/visites\/visite-et-degustation-de-vins-biologiques\/\" \/>\n<meta property=\"og:locale\" content=\"fr_FR\" \/>\n<meta property=\"og:type\" content=\"article\" \/>\n<meta property=\"og:title\" content=\"Visite d&#039;une heure dans un vignoble bio entre Bergerac et Bordeaux\" \/>\n<meta property=\"og:description\" content=\"Visite d&#039;une heure d&#039;un vignoble bio - D\u00e9couverte et initiation \u00e0 la d\u00e9gustation de vins dans un vignoble bio prim\u00e9, situ\u00e9 entre Bordeaux et Sarlat.\" \/>\n<meta property=\"og:url\" content=\"https:\/\/chateaufeely.com\/fr\/visites\/visite-et-degustation-de-vins-biologiques\/\" \/>\n<meta property=\"og:site_name\" content=\"Ch\u00e2teau Feely organic wine, tours, accommodation\" \/>\n<meta property=\"article:publisher\" content=\"https:\/\/www.facebook.com\/ChateauFeely\/\" \/>\n<meta property=\"article:modified_time\" content=\"2026-01-17T14:50:51+00:00\" \/>\n<meta name=\"twitter:card\" content=\"summary_large_image\" \/>\n<meta name=\"twitter:label1\" content=\"Dur\u00e9e de lecture estim\u00e9e\" \/>\n\t<meta name=\"twitter:data1\" content=\"4 minutes\" \/>\n<script type=\"application\/ld+json\" class=\"yoast-schema-graph\">{\"@context\":\"https:\\\/\\\/schema.org\",\"@graph\":[{\"@type\":\"WebPage\",\"@id\":\"https:\\\/\\\/chateaufeely.com\\\/fr\\\/visites\\\/visite-et-degustation-de-vins-biologiques\\\/\",\"url\":\"https:\\\/\\\/chateaufeely.com\\\/fr\\\/visites\\\/visite-et-degustation-de-vins-biologiques\\\/\",\"name\":\"Visite d'une heure dans un vignoble bio entre Bergerac et Bordeaux\",\"isPartOf\":{\"@id\":\"https:\\\/\\\/chateaufeely.com\\\/fr\\\/#website\"},\"datePublished\":\"2026-01-17T14:48:32+00:00\",\"dateModified\":\"2026-01-17T14:50:51+00:00\",\"description\":\"Visite d'une heure d'un vignoble bio - D\u00e9couverte et initiation \u00e0 la d\u00e9gustation de vins dans un vignoble bio prim\u00e9, situ\u00e9 entre Bordeaux et Sarlat.\",\"breadcrumb\":{\"@id\":\"https:\\\/\\\/chateaufeely.com\\\/fr\\\/visites\\\/visite-et-degustation-de-vins-biologiques\\\/#breadcrumb\"},\"inLanguage\":\"fr-FR\",\"potentialAction\":[{\"@type\":\"ReadAction\",\"target\":[\"https:\\\/\\\/chateaufeely.com\\\/fr\\\/visites\\\/visite-et-degustation-de-vins-biologiques\\\/\"]}]},{\"@type\":\"BreadcrumbList\",\"@id\":\"https:\\\/\\\/chateaufeely.com\\\/fr\\\/visites\\\/visite-et-degustation-de-vins-biologiques\\\/#breadcrumb\",\"itemListElement\":[{\"@type\":\"ListItem\",\"position\":1,\"name\":\"Accueil\",\"item\":\"https:\\\/\\\/chateaufeely.com\\\/fr\\\/\"},{\"@type\":\"ListItem\",\"position\":2,\"name\":\"Visites\",\"item\":\"https:\\\/\\\/chateaufeely.com\\\/fr\\\/visits\\\/\"},{\"@type\":\"ListItem\",\"position\":3,\"name\":\"Visite et d\u00e9gustation de vins biologiques\"}]},{\"@type\":\"WebSite\",\"@id\":\"https:\\\/\\\/chateaufeely.com\\\/fr\\\/#website\",\"url\":\"https:\\\/\\\/chateaufeely.com\\\/fr\\\/\",\"name\":\"Ch\u00e2teau Feely organic wine, tours, accommodation\",\"description\":\"Biodynamic and natural wine, tours and wine school, ecological luxury lodge\",\"publisher\":{\"@id\":\"https:\\\/\\\/chateaufeely.com\\\/fr\\\/#organization\"},\"potentialAction\":[{\"@type\":\"SearchAction\",\"target\":{\"@type\":\"EntryPoint\",\"urlTemplate\":\"https:\\\/\\\/chateaufeely.com\\\/fr\\\/?s={search_term_string}\"},\"query-input\":{\"@type\":\"PropertyValueSpecification\",\"valueRequired\":true,\"valueName\":\"search_term_string\"}}],\"inLanguage\":\"fr-FR\"},{\"@type\":\"Organization\",\"@id\":\"https:\\\/\\\/chateaufeely.com\\\/fr\\\/#organization\",\"name\":\"Ch\u00e2teau Feely organic wine, tours, accommodation\",\"url\":\"https:\\\/\\\/chateaufeely.com\\\/fr\\\/\",\"logo\":{\"@type\":\"ImageObject\",\"inLanguage\":\"fr-FR\",\"@id\":\"https:\\\/\\\/chateaufeely.com\\\/fr\\\/#\\\/schema\\\/logo\\\/image\\\/\",\"url\":\"https:\\\/\\\/chateaufeely.com\\\/wp-content\\\/uploads\\\/2016\\\/05\\\/logo-vertical-v2-250.png\",\"contentUrl\":\"https:\\\/\\\/chateaufeely.com\\\/wp-content\\\/uploads\\\/2016\\\/05\\\/logo-vertical-v2-250.png\",\"width\":250,\"height\":312,\"caption\":\"Ch\u00e2teau Feely organic wine, tours, accommodation\"},\"image\":{\"@id\":\"https:\\\/\\\/chateaufeely.com\\\/fr\\\/#\\\/schema\\\/logo\\\/image\\\/\"},\"sameAs\":[\"https:\\\/\\\/www.facebook.com\\\/ChateauFeely\\\/\",\"https:\\\/\\\/www.instagram.com\\\/chateaufeely\\\/\"]}]}<\/script>\n<!-- \/ Yoast SEO plugin. -->","yoast_head_json":{"title":"Visite d'une heure dans un vignoble bio entre Bergerac et Bordeaux","description":"Visite d'une heure d'un vignoble bio - D\u00e9couverte et initiation \u00e0 la d\u00e9gustation de vins dans un vignoble bio prim\u00e9, situ\u00e9 entre Bordeaux et Sarlat.","robots":{"index":"index","follow":"follow","max-snippet":"max-snippet:-1","max-image-preview":"max-image-preview:large","max-video-preview":"max-video-preview:-1"},"canonical":"https:\/\/chateaufeely.com\/fr\/visites\/visite-et-degustation-de-vins-biologiques\/","og_locale":"fr_FR","og_type":"article","og_title":"Visite d'une heure dans un vignoble bio entre Bergerac et Bordeaux","og_description":"Visite d'une heure d'un vignoble bio - D\u00e9couverte et initiation \u00e0 la d\u00e9gustation de vins dans un vignoble bio prim\u00e9, situ\u00e9 entre Bordeaux et Sarlat.","og_url":"https:\/\/chateaufeely.com\/fr\/visites\/visite-et-degustation-de-vins-biologiques\/","og_site_name":"Ch\u00e2teau Feely organic wine, tours, accommodation","article_publisher":"https:\/\/www.facebook.com\/ChateauFeely\/","article_modified_time":"2026-01-17T14:50:51+00:00","twitter_card":"summary_large_image","twitter_misc":{"Dur\u00e9e de lecture estim\u00e9e":"4 minutes"},"schema":{"@context":"https:\/\/schema.org","@graph":[{"@type":"WebPage","@id":"https:\/\/chateaufeely.com\/fr\/visites\/visite-et-degustation-de-vins-biologiques\/","url":"https:\/\/chateaufeely.com\/fr\/visites\/visite-et-degustation-de-vins-biologiques\/","name":"Visite d'une heure dans un vignoble bio entre Bergerac et Bordeaux","isPartOf":{"@id":"https:\/\/chateaufeely.com\/fr\/#website"},"datePublished":"2026-01-17T14:48:32+00:00","dateModified":"2026-01-17T14:50:51+00:00","description":"Visite d'une heure d'un vignoble bio - D\u00e9couverte et initiation \u00e0 la d\u00e9gustation de vins dans un vignoble bio prim\u00e9, situ\u00e9 entre Bordeaux et Sarlat.","breadcrumb":{"@id":"https:\/\/chateaufeely.com\/fr\/visites\/visite-et-degustation-de-vins-biologiques\/#breadcrumb"},"inLanguage":"fr-FR","potentialAction":[{"@type":"ReadAction","target":["https:\/\/chateaufeely.com\/fr\/visites\/visite-et-degustation-de-vins-biologiques\/"]}]},{"@type":"BreadcrumbList","@id":"https:\/\/chateaufeely.com\/fr\/visites\/visite-et-degustation-de-vins-biologiques\/#breadcrumb","itemListElement":[{"@type":"ListItem","position":1,"name":"Accueil","item":"https:\/\/chateaufeely.com\/fr\/"},{"@type":"ListItem","position":2,"name":"Visites","item":"https:\/\/chateaufeely.com\/fr\/visits\/"},{"@type":"ListItem","position":3,"name":"Visite et d\u00e9gustation de vins biologiques"}]},{"@type":"WebSite","@id":"https:\/\/chateaufeely.com\/fr\/#website","url":"https:\/\/chateaufeely.com\/fr\/","name":"Ch\u00e2teau Feely organic wine, tours, accommodation","description":"Biodynamic and natural wine, tours and wine school, ecological luxury lodge","publisher":{"@id":"https:\/\/chateaufeely.com\/fr\/#organization"},"potentialAction":[{"@type":"SearchAction","target":{"@type":"EntryPoint","urlTemplate":"https:\/\/chateaufeely.com\/fr\/?s={search_term_string}"},"query-input":{"@type":"PropertyValueSpecification","valueRequired":true,"valueName":"search_term_string"}}],"inLanguage":"fr-FR"},{"@type":"Organization","@id":"https:\/\/chateaufeely.com\/fr\/#organization","name":"Ch\u00e2teau Feely organic wine, tours, accommodation","url":"https:\/\/chateaufeely.com\/fr\/","logo":{"@type":"ImageObject","inLanguage":"fr-FR","@id":"https:\/\/chateaufeely.com\/fr\/#\/schema\/logo\/image\/","url":"https:\/\/chateaufeely.com\/wp-content\/uploads\/2016\/05\/logo-vertical-v2-250.png","contentUrl":"https:\/\/chateaufeely.com\/wp-content\/uploads\/2016\/05\/logo-vertical-v2-250.png","width":250,"height":312,"caption":"Ch\u00e2teau Feely organic wine, tours, accommodation"},"image":{"@id":"https:\/\/chateaufeely.com\/fr\/#\/schema\/logo\/image\/"},"sameAs":["https:\/\/www.facebook.com\/ChateauFeely\/","https:\/\/www.instagram.com\/chateaufeely\/"]}]}},"_links":{"self":[{"href":"https:\/\/chateaufeely.com\/fr\/wp-json\/wp\/v2\/pages\/10584","targetHints":{"allow":["GET"]}}],"collection":[{"href":"https:\/\/chateaufeely.com\/fr\/wp-json\/wp\/v2\/pages"}],"about":[{"href":"https:\/\/chateaufeely.com\/fr\/wp-json\/wp\/v2\/types\/page"}],"author":[{"embeddable":true,"href":"https:\/\/chateaufeely.com\/fr\/wp-json\/wp\/v2\/users\/2"}],"replies":[{"embeddable":true,"href":"https:\/\/chateaufeely.com\/fr\/wp-json\/wp\/v2\/comments?post=10584"}],"version-history":[{"count":0,"href":"https:\/\/chateaufeely.com\/fr\/wp-json\/wp\/v2\/pages\/10584\/revisions"}],"up":[{"embeddable":true,"href":"https:\/\/chateaufeely.com\/fr\/wp-json\/wp\/v2\/pages\/251"}],"wp:attachment":[{"href":"https:\/\/chateaufeely.com\/fr\/wp-json\/wp\/v2\/media?parent=10584"}],"curies":[{"name":"wp","href":"https:\/\/api.w.org\/{rel}","templated":true}]}}