{"id":10614,"date":"2026-02-19T10:54:19","date_gmt":"2026-02-19T09:54:19","guid":{"rendered":"https:\/\/chateaufeely.com\/visites\/visite-degustation-decouverte\/"},"modified":"2026-02-19T10:54:19","modified_gmt":"2026-02-19T09:54:19","slug":"visite-degustation-decouverte","status":"publish","type":"page","link":"https:\/\/chateaufeely.com\/fr\/visites\/visite-degustation-decouverte\/","title":{"rendered":"Visite D\u00e9gustation D\u00e9couverte"},"content":{"rendered":"[vc_row][vc_column][mk_icon_box icon=\u00a0\u00bbmk-icon-leaf\u00a0\u00bb title=\u00a0\u00bbVisite de deux heures d&#039;un vignoble biologique &#8211; Visite D\u00e9couverte\u00a0\u00bb text_size=\u00a0\u00bb30&Prime; style=\u00a0\u00bbsimple_ultimate\u00a0\u00bb icon_size=\u00a0\u00bblarge\u00a0\u00bb icon_location=\u00a0\u00bbtop\u00a0\u00bb icon_color=\u00a0\u00bb#e0b957&Prime; title_color=\u00a0\u00bb#000000&Prime; txt_color=\u00a0\u00bb#5e5e5e\u00a0\u00bb margin=\u00a0\u00bb0&Prime;]\n<p style=\"text-align: center;\"><span style=\"color: #000000;\"><strong>Visitez un vignoble bio et vivant, d\u00e9couvrez les merveilles de la biodiversit\u00e9 et apprenez \u00e0 d\u00e9guster le vin comme un professionnel.<\/strong><\/span><\/p>\n[\/mk_icon_box][\/vc_column][\/vc_row][vc_row][vc_column][vc_separator color=\u00a0\u00bbwhite\u00a0\u00bb border_width=\u00a0\u00bb5&Prime;][\/vc_column][\/vc_row][vc_row][vc_column width=\u00a0\u00bb1\/2&Prime;][mk_image_slideshow images=\u00a0\u00bb9099,9069&Prime; image_width=\u00a0\u00bb1000&Prime; image_height=\u00a0\u00bb667&Prime; animation_speed=\u00a0\u00bb3000&Prime; slideshow_speed=\u00a0\u00bb20000&Prime;][vc_column_text css=\u00a0\u00bb.vc_custom_1711014044425{margin-bottom: 0px !important;}\u00a0\u00bb]\n<p style=\"text-align: center;\"><span style=\"color: #000000;\"><strong>Une visite approfondie des vignobles biologiques \u00e0 mi-chemin entre Bordeaux et Sarlat<\/strong><\/span><\/p>\n[\/vc_column_text][\/vc_column][vc_column width=\u00a0\u00bb1\/2&Prime; css=\u00a0\u00bb.vc_custom_1464158896445{padding-left: 15px !important;}\u00a0\u00bb][vc_column_text css=\u00a0\u00bb.vc_custom_1771493478249{margin-bottom: 0px !important;}\u00a0\u00bb]Votre visite du vignoble bio commence par une promenade dans les vignes \u00e0 la d\u00e9couverte des merveilles de la nature et de la biodiversit\u00e9. Caro, vigneronne, formatrice certifi\u00e9e en \u0153nologie, auteure et experte en agriculture biologique, vous pr\u00e9sentera l&rsquo;histoire viticole de la r\u00e9gion et la viticulture biologique, suivie d&rsquo;une initiation \u00e0 la d\u00e9gustation.<\/p>\n<p>Vous d\u00e9couvrirez le terroir, les saveurs du lieu et d\u00e9gusterez cinq vins bio. Nous vous initierons \u00e0 la d\u00e9gustation et \u00e0 l&rsquo;art d&rsquo;appr\u00e9cier un vin par l&rsquo;apparence, l&rsquo;odorat et le go\u00fbt. Apr\u00e8s votre visite, vous recevrez par e-mail un guide num\u00e9rique de d\u00e9gustation.<\/p>\n<p><strong>Du lundi au samedi \u00e0 10h30. 30 \u20ac par personne (32 \u20ac avec frais de r\u00e9servation)<\/strong>[\/vc_column_text][vc_btn title=\u00a0\u00bbR\u00e9servez maintenant\u00a0\u00bb color=\u00a0\u00bbgreen\u00a0\u00bb align=\u00a0\u00bbcenter\u00a0\u00bb link=\u00a0\u00bburl:https%3A%2F%2Ffareharbor.com%2Fembeds%2Fbook%2Fchateaufeely%2Fitems%2F532455%2F%3Ffull-items%3Dyes%26flow%3D1144533|title:Contact|\u00a0\u00bb][\/vc_column][\/vc_row][vc_row][vc_column][vc_separator color=\u00a0\u00bbwhite\u00a0\u00bb border_width=\u00a0\u00bb5&Prime;][vc_column_text css=\u00a0\u00bb.vc_custom_1583591993324{margin-bottom: 0px !important;}\u00a0\u00bb][\/vc_column_text][\/vc_column][\/vc_row][vc_row][vc_column width=\u00a0\u00bb1\/2&Prime;][vc_column_text css=\u00a0\u00bb.vc_custom_1745474626061{margin-bottom: 0px !important;}\u00a0\u00bb]\n<h2>EN BREF\u00a0:<\/h2>\n<ul>\n<li>Visite du vignoble biologique et d\u00e9couverte des diff\u00e9rents c\u00e9pages<br \/>\nExplications sur l\u2019histoire, la viticulture, l\u2019agriculture biologique, le terroir et la biodiversit\u00e9<br \/>\nInitiation \u00e0 la d\u00e9gustation de vins<br \/>\nD\u00e9gustation de cinq vins biologiques<br \/>\nGuide num\u00e9rique de d\u00e9gustation envoy\u00e9 par e-mail<br \/>\nR\u00e9servation minimum\u00a0: 2 personnes. Possibilit\u00e9 de r\u00e9servation individuelle si le groupe est complet.<\/li>\n<li><strong>Tarif\u00a0: 30\u00a0\u20ac par adulte (32\u00a0\u20ac avec frais de r\u00e9servation)<\/strong><\/li>\n<li><strong>Dur\u00e9e : environ 2 heures<\/strong><\/li>\n<li><strong>Horaires\u00a0: du lundi au samedi \u00e0 10h30<\/strong><\/li>\n<\/ul>\n[\/vc_column_text][vc_btn title=\u00a0\u00bbR\u00e9servez maintenant\u00a0\u00bb color=\u00a0\u00bbgreen\u00a0\u00bb align=\u00a0\u00bbcenter\u00a0\u00bb link=\u00a0\u00bburl:https%3A%2F%2Ffareharbor.com%2Fembeds%2Fbook%2Fchateaufeely%2Fitems%2F532455%2F%3Ffull-items%3Dyes%26flow%3D1144533|title:Contact|\u00a0\u00bb][vc_btn title=\u00a0\u00bbPlus d&#039;options de visite\u00a0\u00bb color=\u00a0\u00bbgreen\u00a0\u00bb align=\u00a0\u00bbcenter\u00a0\u00bb link=\u00a0\u00bburl:https%3A%2F%2Fchateaufeely.com%2Fvisits%2Ffeely-organic-wine-tours-options%2F|title:Plus%20d%27options%20de%20visite|\u00a0\u00bb][\/vc_column][vc_column width=\u00a0\u00bb1\/2&Prime; css=\u00a0\u00bb.vc_custom_1464158896445{padding-left: 15px !important;}\u00a0\u00bb][vc_column_text css=\u00a0\u00bb.vc_custom_1583592288817{margin-bottom: 0px !important;}\u00a0\u00bb][\/vc_column_text][mk_image_slideshow images=\u00a0\u00bb9101&Prime; image_width=\u00a0\u00bb1000&Prime; image_height=\u00a0\u00bb667&Prime; animation_speed=\u00a0\u00bb3000&Prime; slideshow_speed=\u00a0\u00bb20000&Prime;][\/vc_column][\/vc_row][vc_row][vc_column][mk_blockquote font_family=\u00a0\u00bbnone\u00a0\u00bb]\n<p class=\"western\">La d\u00e9gustation de vins la plus instructive et la plus amusante \u00e0 laquelle nous ayons jamais particip\u00e9! T. Dhanjal<\/p>\n[\/mk_blockquote][vc_btn title=\u00a0\u00bbFAQ\u00a0\u00bb color=\u00a0\u00bbgreen\u00a0\u00bb align=\u00a0\u00bbcenter\u00a0\u00bb link=\u00a0\u00bburl:https%3A%2F%2Fchateaufeely.com%2Ffr%2F%3Fpage_id%3D9219|title:FAQ%20Visites|target:%20_blank|\u00a0\u00bb][vc_btn title=\u00a0\u00bbD\u00e9couvrez les vins Feely\u00a0\u00bb color=\u00a0\u00bbgreen\u00a0\u00bb align=\u00a0\u00bbcenter\u00a0\u00bb link=\u00a0\u00bburl:https%3A%2F%2Fchateaufeely.com%2Ffr%2Fnotre-boutique%2Fvins%2F|title:D%C3%A9couvrez%20les%20vins%20Feely|target:%20_blank|\u00a0\u00bb][vc_column_text css=\u00a0\u00bb.vc_custom_1754144386268{margin-bottom: 0px !important;}\u00a0\u00bb]\n<p style=\"text-align: center;\"><strong>EXEMPLES DE VINS (varient selon la saison et la disponibilit\u00e9)<\/strong><\/p>\n<p>Feely Sincerit\u00e9, un sauvignon blanc pur et vif, cultiv\u00e9 sur un sol calcaire, aux ar\u00f4mes d&rsquo;agrumes frais et de min\u00e9ralit\u00e9\u00a0; Feely Brut Ros\u00e9\u00a0; ou Feely Sensualit\u00e9 Ros\u00e9 sec. Feely G\u00e9n\u00e9rosit\u00e9, un s\u00e9millon sec \u00e9lev\u00e9 en f\u00fbt, aux notes de vanille, de tarte aux pommes et de compote d&rsquo;abricots\u00a0; ou Feely Mille Fleurs. Feely La Source, un assemblage de merlot et de cabernet sauvignon \u00e9lev\u00e9 en f\u00fbt de ch\u00eane, avec une touche fum\u00e9e et min\u00e9rale provenant du silex et du calcaire\u00a0; ou Feely Resonance, un merlot pur. Feely Gr\u00e2ce, un assemblage de merlot et de cabernet sauvignon 100\u00a0% \u00e9lev\u00e9 en f\u00fbt\u00a0; ou Feely V\u00e9rit\u00e9, un cabernet sauvignon pur, sans sulfites ajout\u00e9s. Un saussignac, vin blanc doux.[\/vc_column_text][vc_column_text css=\u00a0\u00bb.vc_custom_1710260960489{margin-bottom: 0px !important;}\u00a0\u00bb]Ch\u00e2teau Feely a remport\u00e9 le Troph\u00e9e d&rsquo;Or pour l&rsquo;\u00e9ducation et la valorisation des pratiques \u00e9cologiques lors de la premi\u00e8re \u00e9dition du Concours Fran\u00e7ais de l&rsquo;\u0152notourisme en 2019 et est titulaire du certificat d&rsquo;excellence TripAdvisor depuis plus de dix ans. Nous proposons \u00e9galement des excursions \u0153nologiques d&rsquo;une demi-journ\u00e9e, d&rsquo;une journ\u00e9e compl\u00e8te et des s\u00e9jours gastronomiques de plusieurs jours (voir nos s\u00e9jours \u0153nologiques de plusieurs jours).[\/vc_column_text][vc_btn title=\u00a0\u00bbR\u00e9servez maintenant\u00a0\u00bb color=\u00a0\u00bbgreen\u00a0\u00bb align=\u00a0\u00bbcenter\u00a0\u00bb link=\u00a0\u00bburl:https%3A%2F%2Ffareharbor.com%2Fembeds%2Fbook%2Fchateaufeely%2F%3Ffull-items%3Dyes%26flow%3D1144180|title:Contact|\u00a0\u00bb][\/vc_column][\/vc_row]\n","protected":false},"excerpt":{"rendered":"<p>[vc_row][vc_column][mk_icon_box icon=\u00a0\u00bbmk-icon-leaf\u00a0\u00bb title=\u00a0\u00bbVisite de deux heures d&#039;un vignoble biologique &#8211; Visite D\u00e9couverte\u00a0\u00bb text_size=\u00a0\u00bb30&Prime; style=\u00a0\u00bbsimple_ultimate\u00a0\u00bb icon_size=\u00a0\u00bblarge\u00a0\u00bb icon_location=\u00a0\u00bbtop\u00a0\u00bb icon_color=\u00a0\u00bb#e0b957&Prime; title_color=\u00a0\u00bb#000000&Prime; txt_color=\u00a0\u00bb#5e5e5e\u00a0\u00bb margin=\u00a0\u00bb0&Prime;] Visitez un vignoble bio et vivant, d\u00e9couvrez les merveilles de la biodiversit\u00e9 et apprenez \u00e0 d\u00e9guster le vin comme un professionnel. [\/mk_icon_box][\/vc_column][\/vc_row][vc_row][vc_column][vc_separator color=\u00a0\u00bbwhite\u00a0\u00bb border_width=\u00a0\u00bb5&Prime;][\/vc_column][\/vc_row][vc_row][vc_column width=\u00a0\u00bb1\/2&Prime;][mk_image_slideshow images=\u00a0\u00bb9099,9069&Prime; image_width=\u00a0\u00bb1000&Prime; image_height=\u00a0\u00bb667&Prime; animation_speed=\u00a0\u00bb3000&Prime; slideshow_speed=\u00a0\u00bb20000&Prime;][vc_column_text css=\u00a0\u00bb.vc_custom_1711014044425{margin-bottom: 0px !important;}\u00a0\u00bb] Une visite [&hellip;]<\/p>\n","protected":false},"author":2,"featured_media":0,"parent":251,"menu_order":0,"comment_status":"closed","ping_status":"closed","template":"","meta":{"footnotes":""},"class_list":["post-10614","page","type-page","status-publish","hentry"],"yoast_head":"<!-- This site is optimized with the Yoast SEO plugin v27.3 - https:\/\/yoast.com\/product\/yoast-seo-wordpress\/ -->\n<title>Visite D\u00e9gustation \u0153nologique de deux heures entre Bergerac et Bordeaux<\/title>\n<meta name=\"description\" content=\"Visite de deux heures d&#039;un vignoble bio - une visite approfondie du vignoble et initiation \u00e0 la d\u00e9gustation de vins\" \/>\n<meta name=\"robots\" content=\"index, follow, max-snippet:-1, max-image-preview:large, max-video-preview:-1\" \/>\n<link rel=\"canonical\" href=\"https:\/\/chateaufeely.com\/fr\/visites\/visite-degustation-decouverte\/\" \/>\n<meta property=\"og:locale\" content=\"fr_FR\" \/>\n<meta property=\"og:type\" content=\"article\" \/>\n<meta property=\"og:title\" content=\"Visite D\u00e9gustation \u0153nologique de deux heures entre Bergerac et Bordeaux\" \/>\n<meta property=\"og:description\" content=\"Visite de deux heures d&#039;un vignoble bio - une visite approfondie du vignoble et initiation \u00e0 la d\u00e9gustation de vins\" \/>\n<meta property=\"og:url\" content=\"https:\/\/chateaufeely.com\/fr\/visites\/visite-degustation-decouverte\/\" \/>\n<meta property=\"og:site_name\" content=\"Ch\u00e2teau Feely organic wine, tours, accommodation\" \/>\n<meta property=\"article:publisher\" content=\"https:\/\/www.facebook.com\/ChateauFeely\/\" \/>\n<meta name=\"twitter:card\" content=\"summary_large_image\" \/>\n<meta name=\"twitter:label1\" content=\"Dur\u00e9e de lecture estim\u00e9e\" \/>\n\t<meta name=\"twitter:data1\" content=\"4 minutes\" \/>\n<script type=\"application\/ld+json\" class=\"yoast-schema-graph\">{\"@context\":\"https:\\\/\\\/schema.org\",\"@graph\":[{\"@type\":\"WebPage\",\"@id\":\"https:\\\/\\\/chateaufeely.com\\\/fr\\\/visites\\\/visite-degustation-decouverte\\\/\",\"url\":\"https:\\\/\\\/chateaufeely.com\\\/fr\\\/visites\\\/visite-degustation-decouverte\\\/\",\"name\":\"Visite D\u00e9gustation \u0153nologique de deux heures entre Bergerac et Bordeaux\",\"isPartOf\":{\"@id\":\"https:\\\/\\\/chateaufeely.com\\\/fr\\\/#website\"},\"datePublished\":\"2026-02-19T09:54:19+00:00\",\"description\":\"Visite de deux heures d'un vignoble bio - une visite approfondie du vignoble et initiation \u00e0 la d\u00e9gustation de vins\",\"breadcrumb\":{\"@id\":\"https:\\\/\\\/chateaufeely.com\\\/fr\\\/visites\\\/visite-degustation-decouverte\\\/#breadcrumb\"},\"inLanguage\":\"fr-FR\",\"potentialAction\":[{\"@type\":\"ReadAction\",\"target\":[\"https:\\\/\\\/chateaufeely.com\\\/fr\\\/visites\\\/visite-degustation-decouverte\\\/\"]}]},{\"@type\":\"BreadcrumbList\",\"@id\":\"https:\\\/\\\/chateaufeely.com\\\/fr\\\/visites\\\/visite-degustation-decouverte\\\/#breadcrumb\",\"itemListElement\":[{\"@type\":\"ListItem\",\"position\":1,\"name\":\"Accueil\",\"item\":\"https:\\\/\\\/chateaufeely.com\\\/fr\\\/\"},{\"@type\":\"ListItem\",\"position\":2,\"name\":\"Visites\",\"item\":\"https:\\\/\\\/chateaufeely.com\\\/fr\\\/visits\\\/\"},{\"@type\":\"ListItem\",\"position\":3,\"name\":\"Visite D\u00e9gustation D\u00e9couverte\"}]},{\"@type\":\"WebSite\",\"@id\":\"https:\\\/\\\/chateaufeely.com\\\/fr\\\/#website\",\"url\":\"https:\\\/\\\/chateaufeely.com\\\/fr\\\/\",\"name\":\"Ch\u00e2teau Feely organic wine, tours, accommodation\",\"description\":\"Biodynamic and natural wine, tours and wine school, ecological luxury lodge\",\"publisher\":{\"@id\":\"https:\\\/\\\/chateaufeely.com\\\/fr\\\/#organization\"},\"potentialAction\":[{\"@type\":\"SearchAction\",\"target\":{\"@type\":\"EntryPoint\",\"urlTemplate\":\"https:\\\/\\\/chateaufeely.com\\\/fr\\\/?s={search_term_string}\"},\"query-input\":{\"@type\":\"PropertyValueSpecification\",\"valueRequired\":true,\"valueName\":\"search_term_string\"}}],\"inLanguage\":\"fr-FR\"},{\"@type\":\"Organization\",\"@id\":\"https:\\\/\\\/chateaufeely.com\\\/fr\\\/#organization\",\"name\":\"Ch\u00e2teau Feely organic wine, tours, accommodation\",\"url\":\"https:\\\/\\\/chateaufeely.com\\\/fr\\\/\",\"logo\":{\"@type\":\"ImageObject\",\"inLanguage\":\"fr-FR\",\"@id\":\"https:\\\/\\\/chateaufeely.com\\\/fr\\\/#\\\/schema\\\/logo\\\/image\\\/\",\"url\":\"https:\\\/\\\/chateaufeely.com\\\/wp-content\\\/uploads\\\/2016\\\/05\\\/logo-vertical-v2-250.png\",\"contentUrl\":\"https:\\\/\\\/chateaufeely.com\\\/wp-content\\\/uploads\\\/2016\\\/05\\\/logo-vertical-v2-250.png\",\"width\":250,\"height\":312,\"caption\":\"Ch\u00e2teau Feely organic wine, tours, accommodation\"},\"image\":{\"@id\":\"https:\\\/\\\/chateaufeely.com\\\/fr\\\/#\\\/schema\\\/logo\\\/image\\\/\"},\"sameAs\":[\"https:\\\/\\\/www.facebook.com\\\/ChateauFeely\\\/\",\"https:\\\/\\\/www.instagram.com\\\/chateaufeely\\\/\"]}]}<\/script>\n<!-- \/ Yoast SEO plugin. -->","yoast_head_json":{"title":"Visite D\u00e9gustation \u0153nologique de deux heures entre Bergerac et Bordeaux","description":"Visite de deux heures d'un vignoble bio - une visite approfondie du vignoble et initiation \u00e0 la d\u00e9gustation de vins","robots":{"index":"index","follow":"follow","max-snippet":"max-snippet:-1","max-image-preview":"max-image-preview:large","max-video-preview":"max-video-preview:-1"},"canonical":"https:\/\/chateaufeely.com\/fr\/visites\/visite-degustation-decouverte\/","og_locale":"fr_FR","og_type":"article","og_title":"Visite D\u00e9gustation \u0153nologique de deux heures entre Bergerac et Bordeaux","og_description":"Visite de deux heures d'un vignoble bio - une visite approfondie du vignoble et initiation \u00e0 la d\u00e9gustation de vins","og_url":"https:\/\/chateaufeely.com\/fr\/visites\/visite-degustation-decouverte\/","og_site_name":"Ch\u00e2teau Feely organic wine, tours, accommodation","article_publisher":"https:\/\/www.facebook.com\/ChateauFeely\/","twitter_card":"summary_large_image","twitter_misc":{"Dur\u00e9e de lecture estim\u00e9e":"4 minutes"},"schema":{"@context":"https:\/\/schema.org","@graph":[{"@type":"WebPage","@id":"https:\/\/chateaufeely.com\/fr\/visites\/visite-degustation-decouverte\/","url":"https:\/\/chateaufeely.com\/fr\/visites\/visite-degustation-decouverte\/","name":"Visite D\u00e9gustation \u0153nologique de deux heures entre Bergerac et Bordeaux","isPartOf":{"@id":"https:\/\/chateaufeely.com\/fr\/#website"},"datePublished":"2026-02-19T09:54:19+00:00","description":"Visite de deux heures d'un vignoble bio - une visite approfondie du vignoble et initiation \u00e0 la d\u00e9gustation de vins","breadcrumb":{"@id":"https:\/\/chateaufeely.com\/fr\/visites\/visite-degustation-decouverte\/#breadcrumb"},"inLanguage":"fr-FR","potentialAction":[{"@type":"ReadAction","target":["https:\/\/chateaufeely.com\/fr\/visites\/visite-degustation-decouverte\/"]}]},{"@type":"BreadcrumbList","@id":"https:\/\/chateaufeely.com\/fr\/visites\/visite-degustation-decouverte\/#breadcrumb","itemListElement":[{"@type":"ListItem","position":1,"name":"Accueil","item":"https:\/\/chateaufeely.com\/fr\/"},{"@type":"ListItem","position":2,"name":"Visites","item":"https:\/\/chateaufeely.com\/fr\/visits\/"},{"@type":"ListItem","position":3,"name":"Visite D\u00e9gustation D\u00e9couverte"}]},{"@type":"WebSite","@id":"https:\/\/chateaufeely.com\/fr\/#website","url":"https:\/\/chateaufeely.com\/fr\/","name":"Ch\u00e2teau Feely organic wine, tours, accommodation","description":"Biodynamic and natural wine, tours and wine school, ecological luxury lodge","publisher":{"@id":"https:\/\/chateaufeely.com\/fr\/#organization"},"potentialAction":[{"@type":"SearchAction","target":{"@type":"EntryPoint","urlTemplate":"https:\/\/chateaufeely.com\/fr\/?s={search_term_string}"},"query-input":{"@type":"PropertyValueSpecification","valueRequired":true,"valueName":"search_term_string"}}],"inLanguage":"fr-FR"},{"@type":"Organization","@id":"https:\/\/chateaufeely.com\/fr\/#organization","name":"Ch\u00e2teau Feely organic wine, tours, accommodation","url":"https:\/\/chateaufeely.com\/fr\/","logo":{"@type":"ImageObject","inLanguage":"fr-FR","@id":"https:\/\/chateaufeely.com\/fr\/#\/schema\/logo\/image\/","url":"https:\/\/chateaufeely.com\/wp-content\/uploads\/2016\/05\/logo-vertical-v2-250.png","contentUrl":"https:\/\/chateaufeely.com\/wp-content\/uploads\/2016\/05\/logo-vertical-v2-250.png","width":250,"height":312,"caption":"Ch\u00e2teau Feely organic wine, tours, accommodation"},"image":{"@id":"https:\/\/chateaufeely.com\/fr\/#\/schema\/logo\/image\/"},"sameAs":["https:\/\/www.facebook.com\/ChateauFeely\/","https:\/\/www.instagram.com\/chateaufeely\/"]}]}},"_links":{"self":[{"href":"https:\/\/chateaufeely.com\/fr\/wp-json\/wp\/v2\/pages\/10614","targetHints":{"allow":["GET"]}}],"collection":[{"href":"https:\/\/chateaufeely.com\/fr\/wp-json\/wp\/v2\/pages"}],"about":[{"href":"https:\/\/chateaufeely.com\/fr\/wp-json\/wp\/v2\/types\/page"}],"author":[{"embeddable":true,"href":"https:\/\/chateaufeely.com\/fr\/wp-json\/wp\/v2\/users\/2"}],"replies":[{"embeddable":true,"href":"https:\/\/chateaufeely.com\/fr\/wp-json\/wp\/v2\/comments?post=10614"}],"version-history":[{"count":0,"href":"https:\/\/chateaufeely.com\/fr\/wp-json\/wp\/v2\/pages\/10614\/revisions"}],"up":[{"embeddable":true,"href":"https:\/\/chateaufeely.com\/fr\/wp-json\/wp\/v2\/pages\/251"}],"wp:attachment":[{"href":"https:\/\/chateaufeely.com\/fr\/wp-json\/wp\/v2\/media?parent=10614"}],"curies":[{"name":"wp","href":"https:\/\/api.w.org\/{rel}","templated":true}]}}