{"id":10737,"date":"2026-02-27T15:59:54","date_gmt":"2026-02-27T14:59:54","guid":{"rendered":"https:\/\/chateaufeely.com\/visites\/excursions-a-pied-de-plusieurs-jours\/"},"modified":"2026-02-27T15:59:56","modified_gmt":"2026-02-27T14:59:56","slug":"excursions-a-pied-de-plusieurs-jours","status":"publish","type":"page","link":"https:\/\/chateaufeely.com\/fr\/visites\/excursions-a-pied-de-plusieurs-jours\/","title":{"rendered":"Excursions \u00e0 pied de plusieurs jours"},"content":{"rendered":"[vc_row][vc_column][mk_icon_box icon=\u00a0\u00bbmk-icon-image\u00a0\u00bb title=\u00a0\u00bbRandonn\u00e9es de plusieurs jours\u00a0\u00bb text_size=\u00a0\u00bb30&Prime; style=\u00a0\u00bbsimple_ultimate\u00a0\u00bb icon_size=\u00a0\u00bblarge\u00a0\u00bb icon_location=\u00a0\u00bbtop\u00a0\u00bb icon_color=\u00a0\u00bb#e0b957&Prime; title_color=\u00a0\u00bb#000000&Prime; txt_color=\u00a0\u00bb#5e5e5e\u00a0\u00bb margin=\u00a0\u00bb0&Prime;]\n<p style=\"text-align: center;\">Randonn\u00e9es de deux \u00e0 cinq jours sur les vignobles et des vignobles \u00e0 Bordeaux et Bergerac<\/p>\n<p>\u00a0<\/p>\n[\/mk_icon_box][mk_title_box color=\u00a0\u00bb#e0b957&Prime; size=\u00a0\u00bb30&Prime; font_family=\u00a0\u00bbnone\u00a0\u00bb align=\u00a0\u00bbcenter\u00a0\u00bb]\n<p style=\"text-align: center;\">VISITE \u00c0 PIED DE DEUX JOURS<\/p>\n[\/mk_title_box][\/vc_column][\/vc_row][vc_row][vc_column width=\u00a0\u00bb1\/2&Prime;][vc_column_text css=\u00a0\u00bb.vc_custom_1583597514327{margin-bottom: 0px !important;}\u00a0\u00bb]\n<p>\u00a0<\/p>\n[\/vc_column_text][mk_image_slideshow images=\u00a0\u00bb2968,2982,2984,2986&Prime; image_width=\u00a0\u00bb1000&Prime; image_height=\u00a0\u00bb801&Prime; slideshow_speed=\u00a0\u00bb3000&Prime;][\/vc_column][vc_column width=\u00a0\u00bb1\/2&Prime; css=\u00a0\u00bb.vc_custom_1464158896445{padding-left: 15px !important;}\u00a0\u00bb][vc_column_text css=\u00a0\u00bb.vc_custom_1740824881933{margin-bottom: 0px !important;}\u00a0\u00bb]\n<p style=\"text-align: center;\"><span style=\"color: #000000;\"><strong>Visite \u00e0 pied des vignobles de 2 jours et 3 nuits en Dordogne \u00e0 partir de 600 \u20ac pps<\/strong><\/span><\/p>\n<p><span style=\"font-family: Arial; color: #000000;\">Promenez dans les vignobles de Saussignac et Bergerac et profitez de l\u2019accueil vibrant des vignerons.<\/span><\/p>\n<p><span style=\"color: #000000;\">Deux jours de promenade, de d\u00e9couverte de la nature et de la nourriture et du vin fabuleux dans les vignobles de Saussignac. Nos promenades nous m\u00e8nent \u00e0 travers for\u00eat, clairi\u00e8res, vignobles et devant de magnifiques ch\u00e2teaux historiques.\u00a0Pendant cette pause vin de luxe, vous s\u00e9journerez au <b><a style=\"color: #000000;\" href=\"http:\/\/chateaufeely.com\/presentation-gites\/\" target=\"_blank\" rel=\"noopener noreferrer\">Ch\u00e2teau Feely The Wine Lodge<\/a><\/b> ou dans une maison d\u2019h\u00f4tes \u00e0 proximit\u00e9.<\/span><\/p>\n<p><span style=\"color: #000000;\">\u00a0<span style=\"font-size: medium;\"><span style=\"font-size: medium;\">Nous pouvons organiser la collecte et le d\u00e9p\u00f4t \u00e0 la gare de Gardonne ou \u00e0 l\u2019a\u00e9roport de Bergerac. Pour les options de transport pour venir de l\u2019a\u00e9roport de Bordeaux, du TGV ou du TGV de Libourne, du <a style=\"color: #000000;\" href=\"http:\/\/chateaufeely.com\/wp-content\/uploads\/2018\/01\/FrenchWineAdventuresFeelyTravelGuidelines.pdf\" rel=\"\">TGV FrenchWineAdventuresFeelyTravelGuidelines<\/a>.<\/span><\/span><\/span><\/p>\n<p><span style=\"font-size: medium; color: #000000;\"><span style=\"font-size: medium;\">Pour plus de d\u00e9tails, consultez notre <a style=\"color: #000000;\" href=\"http:\/\/chateaufeely.com\/wp-content\/uploads\/2018\/01\/Sample-Two-Day-Saussignac-Walking-Tour-Itinerary-v1.pdf\" rel=\"\">exemple d\u2019itin\u00e9raire de randonn\u00e9e Saussignac sur deux jours v1<\/a><\/span><\/span><\/p>\n<p><span style=\"color: #000000;\"><b>Envoyez caro@frenchwineadventures.com un mail pour r\u00e9server<\/b> ou faites d\u00e9filer vers le bas pour plus d\u2019options.<\/span><\/p>\n<h5><\/h5>\n[\/vc_column_text][\/vc_column][\/vc_row][vc_row][vc_column][vc_column_text css=\u00a0\u00bb.vc_custom_1583597349688{margin-bottom: 0px !important;}\u00a0\u00bb]\n<p>\u00a0<\/p>\n[\/vc_column_text][vc_separator color=\u00a0\u00bbcustom\u00a0\u00bb border_width=\u00a0\u00bb2&Prime; accent_color=\u00a0\u00bb#e0b957&Prime;][mk_title_box color=\u00a0\u00bb#e0b957&Prime; size=\u00a0\u00bb30&Prime; font_family=\u00a0\u00bbnone\u00a0\u00bb]\n<p style=\"text-align: center;\">BERGERAC &#8211; BORDEAUX<\/p>\n[\/mk_title_box][\/vc_column][\/vc_row][vc_row][vc_column width=\u00a0\u00bb1\/2&Prime;][vc_column_text title=\u00a0\u00bb5 Day Vineyard Walking Wine Tours\u00a0\u00bb css=\u00a0\u00bb.vc_custom_1740824796445{margin-bottom: 0px !important;}\u00a0\u00bb]\n<p style=\"text-align: center;\"><span style=\"color: #000000;\"><strong> 5 jours \u00e0 partir de 14<\/strong><\/span><span style=\"color: #000000;\"><strong>\u20ac 00,00 pps<\/strong><\/span><\/p>\n<p class=\"western\"><span style=\"color: #000000;\">Une glorieuse promenade et visite de d\u00e9gustation dans les vignobles de Saint-\u00c9milion, Bordeaux et Saussignac.<\/span><\/p>\n<p class=\"western\"><span style=\"color: #000000;\">Lors de cette visite p\u00e9d\u00e9e luxueuse et authentique des vins, vous s\u00e9journerez sur ou \u00e0 proximit\u00e9 du domaine historique et biologique du Feely, <a style=\"color: #000000;\" href=\"http:\/\/chateaufeely.com\/presentation-gites\/wine-lodge\/\">du Ch\u00e2teau Feely The Wine Lodge<\/a> ou d\u2019une maison d\u2019h\u00f4tes voisine, visiterez des domaines viticoles grand cru class\u00e9 dans la c\u00e9l\u00e8bre r\u00e9gion bordelaise de Saint-\u00c9milion, ferez une visite \u00e0 pied de la vieille ville de Bergerac, assisterez \u00e0 un cours pour apprendre le vin et les accords \u00e0 notre \u00e9cole de vin,  visitez un march\u00e9 fran\u00e7ais, d\u00e9couvrez la cuisine fran\u00e7aise et profitez d\u2019un vignoble parcourant les vignobles bio de Saussignac et de Monbazillac.<\/span><\/p>\n<p><span style=\"color: #000000;\">Pour tous les d\u00e9tails, voir <a style=\"color: #000000;\" href=\"http:\/\/chateaufeely.com\/wp-content\/uploads\/2018\/01\/Sample-Five-Day-Bordeaux-Bergerac-Walking-Tour-Itinerary-v1.pdf\" rel=\"\">l\u2019exemple d\u2019itin\u00e9raire de randonn\u00e9e de cinq jours Bordeaux-Bergerac v1<\/a><\/span><\/p>\n<p><span style=\"color: #000000;\">L\u2019arriv\u00e9e et le d\u00e9part peuvent \u00eatre organis\u00e9s selon vos plans de voyage.<\/span><\/p>\n<p><span style=\"color: #000000;\"><strong>Envoyez-caro@frenchwineadventures.com<\/strong> un email pour r\u00e9server ou nous dire vos r\u00eaves et laissez-nous cr\u00e9er sur mesure la visite du vin parfaite pour vous.\u00a0<a style=\"color: #000000;\" href=\"http:\/\/chateaufeely.com\/wp-content\/uploads\/2018\/01\/FrenchWineAdventuresFeelyTravelGuidelines.pdf\" rel=\"\">FrenchWineAdventuresFeelyConseils de voyage<\/a><\/span><\/p>\n<p><span style=\"color: #000000;\">Nous pouvons cr\u00e9er des visites personnalis\u00e9es adapt\u00e9es \u00e0 vos timings et pr\u00e9f\u00e9rences. Nos visites peuvent s\u2019adresser aux v\u00e9g\u00e9tariens, v\u00e9ganes et aux personnes intol\u00e9rantes ou allergiques. Ce sont des visites en petits groupes ; la plupart des jours sont de 4 \u00e0 6 personnes, mais la journ\u00e9e au Ch\u00e2teau Feely peut inclure plus d\u2019invit\u00e9s.\u00a0 Pour les groupes plus nombreux, nous pouvons organiser l\u2019h\u00e9bergement et le transport avec des partenaires.<\/span>[\/vc_column_text][\/vc_column][vc_column width=\u00a0\u00bb1\/2&Prime; css=\u00a0\u00bb.vc_custom_1464158896445{padding-left: 15px !important;}\u00a0\u00bb][vc_column_text css=\u00a0\u00bb.vc_custom_1583597467010{margin-bottom: 0px !important;}\u00a0\u00bb]\n<p>\u00a0<\/p>\n[\/vc_column_text][mk_image_slideshow images=\u00a0\u00bb2964,2920,2962,2966,2970,2972&Prime; image_width=\u00a0\u00bb1000&Prime; image_height=\u00a0\u00bb951&Prime; slideshow_speed=\u00a0\u00bb3000&Prime;][\/vc_column][\/vc_row][vc_row][vc_column][vc_column_text css=\u00a0\u00bb.vc_custom_1583597480919{margin-bottom: 0px !important;}\u00a0\u00bb]\n<p style=\"text-align: center;\"><span style=\"color: #000000;\">Chateau Feely et French Wine Adventures ont tous deux re\u00e7u le certificat d\u2019excellence Tripadvisor depuis plus de 5 ans. D\u00e9couvrez nos autres <a style=\"color: #000000;\" href=\"http:\/\/chateaufeely.com\/visites\/wine-tours\/\">visites de vin de plusieurs jours<\/a>.<\/span><\/p>\n<p style=\"text-align: center;\"><span style=\"color: #000000;\"><strong>Envoyez un e-mail caro@frenchwineadventures.com r\u00e9server ou pour en savoir plus.<\/strong><\/span><\/p>\n[\/vc_column_text][\/vc_column][\/vc_row]\n","protected":false},"excerpt":{"rendered":"<p>[vc_row][vc_column][mk_icon_box icon=\u00a0\u00bbmk-icon-image\u00a0\u00bb title=\u00a0\u00bbRandonn\u00e9es de plusieurs jours\u00a0\u00bb text_size=\u00a0\u00bb30&Prime; style=\u00a0\u00bbsimple_ultimate\u00a0\u00bb icon_size=\u00a0\u00bblarge\u00a0\u00bb icon_location=\u00a0\u00bbtop\u00a0\u00bb icon_color=\u00a0\u00bb#e0b957&Prime; title_color=\u00a0\u00bb#000000&Prime; txt_color=\u00a0\u00bb#5e5e5e\u00a0\u00bb margin=\u00a0\u00bb0&Prime;] Randonn\u00e9es de deux \u00e0 cinq jours sur les vignobles et des vignobles \u00e0 Bordeaux et Bergerac \u00a0 [\/mk_icon_box][mk_title_box color=\u00a0\u00bb#e0b957&Prime; size=\u00a0\u00bb30&Prime; font_family=\u00a0\u00bbnone\u00a0\u00bb align=\u00a0\u00bbcenter\u00a0\u00bb] VISITE \u00c0 PIED DE DEUX JOURS [\/mk_title_box][\/vc_column][\/vc_row][vc_row][vc_column width=\u00a0\u00bb1\/2&Prime;][vc_column_text css=\u00a0\u00bb.vc_custom_1583597514327{margin-bottom: 0px !important;}\u00a0\u00bb] \u00a0 [\/vc_column_text][mk_image_slideshow images=\u00a0\u00bb2968,2982,2984,2986&Prime; image_width=\u00a0\u00bb1000&Prime; image_height=\u00a0\u00bb801&Prime; slideshow_speed=\u00a0\u00bb3000&Prime;][\/vc_column][vc_column width=\u00a0\u00bb1\/2&Prime; css=\u00a0\u00bb.vc_custom_1464158896445{padding-left: [&hellip;]<\/p>\n","protected":false},"author":2,"featured_media":0,"parent":251,"menu_order":0,"comment_status":"closed","ping_status":"closed","template":"","meta":{"footnotes":""},"class_list":["post-10737","page","type-page","status-publish","hentry"],"yoast_head":"<!-- This site is optimized with the Yoast SEO plugin v27.3 - https:\/\/yoast.com\/product\/yoast-seo-wordpress\/ -->\n<title>Excursions de plusieurs jours sur les vignobles Bordeaux Bergerac<\/title>\n<meta name=\"description\" content=\"Excursions de plusieurs jours sur les vins et visites \u00e0 pied des vignobles \u00e0 Bordeaux, Bergerac, St Emilion. Voir photos, itin\u00e9raires d\u00e9taill\u00e9s et prix sur cette page\" \/>\n<meta name=\"robots\" content=\"index, follow, max-snippet:-1, max-image-preview:large, max-video-preview:-1\" \/>\n<link rel=\"canonical\" href=\"https:\/\/chateaufeely.com\/fr\/visites\/excursions-a-pied-de-plusieurs-jours\/\" \/>\n<meta property=\"og:locale\" content=\"fr_FR\" \/>\n<meta property=\"og:type\" content=\"article\" \/>\n<meta property=\"og:title\" content=\"Excursions de plusieurs jours sur les vignobles Bordeaux Bergerac\" \/>\n<meta property=\"og:description\" content=\"Excursions de plusieurs jours sur les vins et visites \u00e0 pied des vignobles \u00e0 Bordeaux, Bergerac, St Emilion. Voir photos, itin\u00e9raires d\u00e9taill\u00e9s et prix sur cette page\" \/>\n<meta property=\"og:url\" content=\"https:\/\/chateaufeely.com\/fr\/visites\/excursions-a-pied-de-plusieurs-jours\/\" \/>\n<meta property=\"og:site_name\" content=\"Ch\u00e2teau Feely organic wine, tours, accommodation\" \/>\n<meta property=\"article:publisher\" content=\"https:\/\/www.facebook.com\/ChateauFeely\/\" \/>\n<meta property=\"article:modified_time\" content=\"2026-02-27T14:59:56+00:00\" \/>\n<meta name=\"twitter:card\" content=\"summary_large_image\" \/>\n<meta name=\"twitter:label1\" content=\"Dur\u00e9e de lecture estim\u00e9e\" \/>\n\t<meta name=\"twitter:data1\" content=\"4 minutes\" \/>\n<script type=\"application\/ld+json\" class=\"yoast-schema-graph\">{\"@context\":\"https:\\\/\\\/schema.org\",\"@graph\":[{\"@type\":\"WebPage\",\"@id\":\"https:\\\/\\\/chateaufeely.com\\\/fr\\\/visites\\\/excursions-a-pied-de-plusieurs-jours\\\/\",\"url\":\"https:\\\/\\\/chateaufeely.com\\\/fr\\\/visites\\\/excursions-a-pied-de-plusieurs-jours\\\/\",\"name\":\"Excursions de plusieurs jours sur les vignobles Bordeaux Bergerac\",\"isPartOf\":{\"@id\":\"https:\\\/\\\/chateaufeely.com\\\/fr\\\/#website\"},\"datePublished\":\"2026-02-27T14:59:54+00:00\",\"dateModified\":\"2026-02-27T14:59:56+00:00\",\"description\":\"Excursions de plusieurs jours sur les vins et visites \u00e0 pied des vignobles \u00e0 Bordeaux, Bergerac, St Emilion. Voir photos, itin\u00e9raires d\u00e9taill\u00e9s et prix sur cette page\",\"breadcrumb\":{\"@id\":\"https:\\\/\\\/chateaufeely.com\\\/fr\\\/visites\\\/excursions-a-pied-de-plusieurs-jours\\\/#breadcrumb\"},\"inLanguage\":\"fr-FR\",\"potentialAction\":[{\"@type\":\"ReadAction\",\"target\":[\"https:\\\/\\\/chateaufeely.com\\\/fr\\\/visites\\\/excursions-a-pied-de-plusieurs-jours\\\/\"]}]},{\"@type\":\"BreadcrumbList\",\"@id\":\"https:\\\/\\\/chateaufeely.com\\\/fr\\\/visites\\\/excursions-a-pied-de-plusieurs-jours\\\/#breadcrumb\",\"itemListElement\":[{\"@type\":\"ListItem\",\"position\":1,\"name\":\"Accueil\",\"item\":\"https:\\\/\\\/chateaufeely.com\\\/fr\\\/\"},{\"@type\":\"ListItem\",\"position\":2,\"name\":\"Visites\",\"item\":\"https:\\\/\\\/chateaufeely.com\\\/fr\\\/visits\\\/\"},{\"@type\":\"ListItem\",\"position\":3,\"name\":\"Excursions \u00e0 pied de plusieurs jours\"}]},{\"@type\":\"WebSite\",\"@id\":\"https:\\\/\\\/chateaufeely.com\\\/fr\\\/#website\",\"url\":\"https:\\\/\\\/chateaufeely.com\\\/fr\\\/\",\"name\":\"Ch\u00e2teau Feely organic wine, tours, accommodation\",\"description\":\"Biodynamic and natural wine, tours and wine school, ecological luxury lodge\",\"publisher\":{\"@id\":\"https:\\\/\\\/chateaufeely.com\\\/fr\\\/#organization\"},\"potentialAction\":[{\"@type\":\"SearchAction\",\"target\":{\"@type\":\"EntryPoint\",\"urlTemplate\":\"https:\\\/\\\/chateaufeely.com\\\/fr\\\/?s={search_term_string}\"},\"query-input\":{\"@type\":\"PropertyValueSpecification\",\"valueRequired\":true,\"valueName\":\"search_term_string\"}}],\"inLanguage\":\"fr-FR\"},{\"@type\":\"Organization\",\"@id\":\"https:\\\/\\\/chateaufeely.com\\\/fr\\\/#organization\",\"name\":\"Ch\u00e2teau Feely organic wine, tours, accommodation\",\"url\":\"https:\\\/\\\/chateaufeely.com\\\/fr\\\/\",\"logo\":{\"@type\":\"ImageObject\",\"inLanguage\":\"fr-FR\",\"@id\":\"https:\\\/\\\/chateaufeely.com\\\/fr\\\/#\\\/schema\\\/logo\\\/image\\\/\",\"url\":\"https:\\\/\\\/chateaufeely.com\\\/wp-content\\\/uploads\\\/2016\\\/05\\\/logo-vertical-v2-250.png\",\"contentUrl\":\"https:\\\/\\\/chateaufeely.com\\\/wp-content\\\/uploads\\\/2016\\\/05\\\/logo-vertical-v2-250.png\",\"width\":250,\"height\":312,\"caption\":\"Ch\u00e2teau Feely organic wine, tours, accommodation\"},\"image\":{\"@id\":\"https:\\\/\\\/chateaufeely.com\\\/fr\\\/#\\\/schema\\\/logo\\\/image\\\/\"},\"sameAs\":[\"https:\\\/\\\/www.facebook.com\\\/ChateauFeely\\\/\",\"https:\\\/\\\/www.instagram.com\\\/chateaufeely\\\/\"]}]}<\/script>\n<!-- \/ Yoast SEO plugin. -->","yoast_head_json":{"title":"Excursions de plusieurs jours sur les vignobles Bordeaux Bergerac","description":"Excursions de plusieurs jours sur les vins et visites \u00e0 pied des vignobles \u00e0 Bordeaux, Bergerac, St Emilion. Voir photos, itin\u00e9raires d\u00e9taill\u00e9s et prix sur cette page","robots":{"index":"index","follow":"follow","max-snippet":"max-snippet:-1","max-image-preview":"max-image-preview:large","max-video-preview":"max-video-preview:-1"},"canonical":"https:\/\/chateaufeely.com\/fr\/visites\/excursions-a-pied-de-plusieurs-jours\/","og_locale":"fr_FR","og_type":"article","og_title":"Excursions de plusieurs jours sur les vignobles Bordeaux Bergerac","og_description":"Excursions de plusieurs jours sur les vins et visites \u00e0 pied des vignobles \u00e0 Bordeaux, Bergerac, St Emilion. Voir photos, itin\u00e9raires d\u00e9taill\u00e9s et prix sur cette page","og_url":"https:\/\/chateaufeely.com\/fr\/visites\/excursions-a-pied-de-plusieurs-jours\/","og_site_name":"Ch\u00e2teau Feely organic wine, tours, accommodation","article_publisher":"https:\/\/www.facebook.com\/ChateauFeely\/","article_modified_time":"2026-02-27T14:59:56+00:00","twitter_card":"summary_large_image","twitter_misc":{"Dur\u00e9e de lecture estim\u00e9e":"4 minutes"},"schema":{"@context":"https:\/\/schema.org","@graph":[{"@type":"WebPage","@id":"https:\/\/chateaufeely.com\/fr\/visites\/excursions-a-pied-de-plusieurs-jours\/","url":"https:\/\/chateaufeely.com\/fr\/visites\/excursions-a-pied-de-plusieurs-jours\/","name":"Excursions de plusieurs jours sur les vignobles Bordeaux Bergerac","isPartOf":{"@id":"https:\/\/chateaufeely.com\/fr\/#website"},"datePublished":"2026-02-27T14:59:54+00:00","dateModified":"2026-02-27T14:59:56+00:00","description":"Excursions de plusieurs jours sur les vins et visites \u00e0 pied des vignobles \u00e0 Bordeaux, Bergerac, St Emilion. Voir photos, itin\u00e9raires d\u00e9taill\u00e9s et prix sur cette page","breadcrumb":{"@id":"https:\/\/chateaufeely.com\/fr\/visites\/excursions-a-pied-de-plusieurs-jours\/#breadcrumb"},"inLanguage":"fr-FR","potentialAction":[{"@type":"ReadAction","target":["https:\/\/chateaufeely.com\/fr\/visites\/excursions-a-pied-de-plusieurs-jours\/"]}]},{"@type":"BreadcrumbList","@id":"https:\/\/chateaufeely.com\/fr\/visites\/excursions-a-pied-de-plusieurs-jours\/#breadcrumb","itemListElement":[{"@type":"ListItem","position":1,"name":"Accueil","item":"https:\/\/chateaufeely.com\/fr\/"},{"@type":"ListItem","position":2,"name":"Visites","item":"https:\/\/chateaufeely.com\/fr\/visits\/"},{"@type":"ListItem","position":3,"name":"Excursions \u00e0 pied de plusieurs jours"}]},{"@type":"WebSite","@id":"https:\/\/chateaufeely.com\/fr\/#website","url":"https:\/\/chateaufeely.com\/fr\/","name":"Ch\u00e2teau Feely organic wine, tours, accommodation","description":"Biodynamic and natural wine, tours and wine school, ecological luxury lodge","publisher":{"@id":"https:\/\/chateaufeely.com\/fr\/#organization"},"potentialAction":[{"@type":"SearchAction","target":{"@type":"EntryPoint","urlTemplate":"https:\/\/chateaufeely.com\/fr\/?s={search_term_string}"},"query-input":{"@type":"PropertyValueSpecification","valueRequired":true,"valueName":"search_term_string"}}],"inLanguage":"fr-FR"},{"@type":"Organization","@id":"https:\/\/chateaufeely.com\/fr\/#organization","name":"Ch\u00e2teau Feely organic wine, tours, accommodation","url":"https:\/\/chateaufeely.com\/fr\/","logo":{"@type":"ImageObject","inLanguage":"fr-FR","@id":"https:\/\/chateaufeely.com\/fr\/#\/schema\/logo\/image\/","url":"https:\/\/chateaufeely.com\/wp-content\/uploads\/2016\/05\/logo-vertical-v2-250.png","contentUrl":"https:\/\/chateaufeely.com\/wp-content\/uploads\/2016\/05\/logo-vertical-v2-250.png","width":250,"height":312,"caption":"Ch\u00e2teau Feely organic wine, tours, accommodation"},"image":{"@id":"https:\/\/chateaufeely.com\/fr\/#\/schema\/logo\/image\/"},"sameAs":["https:\/\/www.facebook.com\/ChateauFeely\/","https:\/\/www.instagram.com\/chateaufeely\/"]}]}},"_links":{"self":[{"href":"https:\/\/chateaufeely.com\/fr\/wp-json\/wp\/v2\/pages\/10737","targetHints":{"allow":["GET"]}}],"collection":[{"href":"https:\/\/chateaufeely.com\/fr\/wp-json\/wp\/v2\/pages"}],"about":[{"href":"https:\/\/chateaufeely.com\/fr\/wp-json\/wp\/v2\/types\/page"}],"author":[{"embeddable":true,"href":"https:\/\/chateaufeely.com\/fr\/wp-json\/wp\/v2\/users\/2"}],"replies":[{"embeddable":true,"href":"https:\/\/chateaufeely.com\/fr\/wp-json\/wp\/v2\/comments?post=10737"}],"version-history":[{"count":1,"href":"https:\/\/chateaufeely.com\/fr\/wp-json\/wp\/v2\/pages\/10737\/revisions"}],"predecessor-version":[{"id":10740,"href":"https:\/\/chateaufeely.com\/fr\/wp-json\/wp\/v2\/pages\/10737\/revisions\/10740"}],"up":[{"embeddable":true,"href":"https:\/\/chateaufeely.com\/fr\/wp-json\/wp\/v2\/pages\/251"}],"wp:attachment":[{"href":"https:\/\/chateaufeely.com\/fr\/wp-json\/wp\/v2\/media?parent=10737"}],"curies":[{"name":"wp","href":"https:\/\/api.w.org\/{rel}","templated":true}]}}