{"id":10741,"date":"2026-02-27T15:59:55","date_gmt":"2026-02-27T14:59:55","guid":{"rendered":"https:\/\/chateaufeely.com\/politique-de-confidentialite\/"},"modified":"2026-02-27T15:59:55","modified_gmt":"2026-02-27T14:59:55","slug":"politique-de-confidentialite","status":"publish","type":"page","link":"https:\/\/chateaufeely.com\/fr\/politique-de-confidentialite\/","title":{"rendered":"Politique de confidentialit\u00e9"},"content":{"rendered":"<p>SARL Chateau Feely\u00ae croit fermement \u00e0 la confidentialit\u00e9 de vos informations personnelles. Cette politique de confidentialit\u00e9 concerne le site web www.chateaufeely.com et est assur\u00e9 par Chateau Feely\u00ae et SARL Chateau Feely, et r\u00e9git la confidentialit\u00e9 de ses utilisateurs qui choisissent de l\u2019utiliser.<\/p>\n<p>La politique d\u00e9finit les diff\u00e9rents domaines o\u00f9 la vie priv\u00e9e des utilisateurs est en jeu et d\u00e9finit les obligations et exigences des utilisateurs, des sites web et des propri\u00e9taires du site web. De plus, la mani\u00e8re dont ce site traite, stocke et prot\u00e8ge les donn\u00e9es et informations des utilisateurs est \u00e9galement d\u00e9taill\u00e9e dans cette politique.<\/p>\n<h3>Le site web<\/h3>\n<p>Ce site web et ses propri\u00e9taires adoptent une approche proactive de la confidentialit\u00e9 des utilisateurs et veillent \u00e0 ce que les mesures n\u00e9cessaires soient prises pour prot\u00e9ger la vie priv\u00e9e de ses utilisateurs tout au long de leur exp\u00e9rience de visite. Ce site web est conforme aux r\u00e8gles et exigences europ\u00e9ennes en mati\u00e8re de vie priv\u00e9e des utilisateurs.<\/p>\n<h3>Utilisation des cookies<\/h3>\n<p>Ce site utilise des cookies pour am\u00e9liorer l\u2019exp\u00e9rience des utilisateurs lors de leur visite. Lorsque cela est pertinent, ce site utilise un syst\u00e8me de contr\u00f4le des cookies permettant \u00e0 l\u2019utilisateur, lors de sa premi\u00e8re visite, d\u2019autoriser ou d\u2019interdire l\u2019utilisation de cookies sur son ordinateur ou appareil. Cela respecte les exigences l\u00e9gislatives selon lesquelles les sites web doivent obtenir le consentement explicite des utilisateurs avant de laisser derri\u00e8re eux ou de lire des fichiers tels que des cookies sur l\u2019ordinateur ou l\u2019appareil de l\u2019utilisateur.<\/p>\n<p>Les cookies sont de petits fichiers enregistr\u00e9s sur le disque dur de l\u2019ordinateur de l\u2019utilisateur qui suivent, sauvegardent et stockent des informations sur les interactions et l\u2019utilisation du site web par l\u2019utilisateur. Cela permet au site web, via son serveur, d\u2019offrir aux utilisateurs une exp\u00e9rience personnalis\u00e9e \u00e0 l\u2019int\u00e9rieur de ce site.<\/p>\n<p>Il est conseill\u00e9 aux utilisateurs que, s\u2019ils souhaitent refuser l\u2019utilisation et l\u2019enregistrement des cookies de ce site sur le disque dur de leur ordinateur, ils doivent prendre les mesures n\u00e9cessaires dans les param\u00e8tres de s\u00e9curit\u00e9 de leur navigateur web pour bloquer tous les cookies provenant de ce site et de ses fournisseurs externes.<\/p>\n<p>Ce site utilise un logiciel de suivi pour surveiller ses visiteurs afin de mieux comprendre comment ils l\u2019utilisent. Ce logiciel est fourni par Google Analytics qui utilise des cookies pour suivre l\u2019utilisation des visiteurs. Le logiciel enregistrera un cookie sur le disque dur de votre ordinateur afin de suivre et surveiller votre engagement et votre utilisation du site, mais ne stockera pas, ne sauvegardera ni ne collectera d\u2019informations personnelles. Vous pouvez lire la politique de confidentialit\u00e9 de Google ici pour plus d\u2019informations [http:\/\/www.google.com\/privacy.html].<\/p>\n<p>D\u2019autres cookies peuvent \u00eatre stock\u00e9s sur le disque dur de votre ordinateur par des fournisseurs externes lorsque ce site utilise des programmes de recommandation, des liens sponsoris\u00e9s ou des publicit\u00e9s. Ces cookies sont utilis\u00e9s pour le suivi des conversions et des recommandations et expirent g\u00e9n\u00e9ralement apr\u00e8s 30 jours, bien que certains puissent prendre plus de temps. Aucune information personnelle n\u2019est stock\u00e9e, sauvegard\u00e9e ou collect\u00e9e.<\/p>\n<h3>Contact et communication<\/h3>\n<p>Les utilisateurs contactant ce site et\/ou ses propri\u00e9taires le font \u00e0 leur discr\u00e9tion et fournissent toutes ces informations personnelles demand\u00e9es \u00e0 leurs risques et p\u00e9rils. Vos informations personnelles sont gard\u00e9es priv\u00e9es et stock\u00e9es en s\u00e9curit\u00e9 jusqu\u2019\u00e0 ce qu\u2019elles ne soient plus n\u00e9cessaires ou ne servent plus \u00e0 leur usage. Tous les efforts ont \u00e9t\u00e9 faits pour garantir la s\u00e9curit\u00e9 et la s\u00e9curit\u00e9 des formulaires pour soumettre vos informations personnelles.<\/p>\n<p>Nous n\u2019utiliserons vos informations personnelles que pour les objectifs que nous indiquons clairement au moment o\u00f9 vous nous les fournissez \u2013 par exemple, lorsque vous vous inscrivez \u00e0 l\u2019un de nos \u00e9v\u00e9nements, soumettez une demande, vous vous abonnez \u00e0 notre newsletter ou commandez l\u2019un de nos produits ou services.<\/p>\n<p>Nous ne partagerons vos informations personnelles qu\u2019avec nos employ\u00e9s, sous-traitants, agents ou conseillers professionnels lorsque cela est n\u00e9cessaire afin d\u2019atteindre un objectif valide et d\u00e9clar\u00e9, comme indiqu\u00e9 ci-dessus.<\/p>\n<p>Chaque message marketing que nous vous envoyons, quel que soit le moyen, inclura \u00e9galement un moyen appropri\u00e9 et simple pour vous de refuser de recevoir d\u2019autres communications de ce type.<\/p>\n<h3>Newsletter par e-mail<\/h3>\n<p>Ce site web propose un programme de newsletter par email, utilis\u00e9 pour informer les abonn\u00e9s des informations, produits et services fournis par ce site. Les utilisateurs peuvent s\u2019abonner via un processus automatis\u00e9 en ligne s\u2019ils le souhaitent, mais le font \u00e0 leur discr\u00e9tion.<\/p>\n<p>Les abonnements peuvent \u00e9galement \u00eatre trait\u00e9s manuellement gr\u00e2ce \u00e0 un accord \u00e9crit pr\u00e9alable avec l\u2019utilisateur.<\/p>\n<p>Les abonnements sont pris conform\u00e9ment au R\u00e8glement g\u00e9n\u00e9ral sur la protection des donn\u00e9es (RGPD) de l\u2019UE. Toutes les informations personnelles relatives aux abonnements sont conserv\u00e9es de mani\u00e8re s\u00e9curis\u00e9e et conform\u00e9ment au R\u00e8glement g\u00e9n\u00e9ral sur la protection des donn\u00e9es (RGPD) de l\u2019UE. Aucune information personnelle n\u2019est transmise \u00e0 des tiers ni partag\u00e9e avec des entreprises ou personnes ext\u00e9rieures \u00e0 l\u2019entreprise qui exploite ce site. Vous pouvez demander une copie des informations personnelles d\u00e9tenues \u00e0 votre sujet par le programme de newsletter par email de ce site. Si vous souhaitez obtenir une copie des informations qui vous sont d\u00e9tenues, veuillez \u00e9crire \u00e0 l\u2019adresse professionnelle en bas de cette politique.<\/p>\n<p>Les campagnes de marketing par email publi\u00e9es par ce site ou ses propri\u00e9taires peuvent inclure des fonctions de suivi dans l\u2019e-mail lui-m\u00eame. L\u2019activit\u00e9 des abonn\u00e9s est suivie et stock\u00e9e dans une base de donn\u00e9es pour une analyse et une \u00e9valuation futures. Une telle activit\u00e9 suivie peut inclure : l\u2019ouverture des e-mails, le transfert des e-mails, le clic sur des liens dans le contenu des e-mails, les heures, dates et fr\u00e9quences d\u2019activit\u00e9 [cette liste n\u2019est loin d\u2019\u00eatre exhaustive]. Ces informations servent \u00e0 affiner les futures campagnes de messagerie et \u00e0 fournir \u00e0 l\u2019utilisateur un contenu plus pertinent bas\u00e9 sur son activit\u00e9.<\/p>\n<p>Conform\u00e9ment au R\u00e8glement g\u00e9n\u00e9ral sur la protection des donn\u00e9es (RGPD) de l\u2019UE, les abonn\u00e9s ont la possibilit\u00e9 de se d\u00e9sabonner \u00e0 tout moment via un syst\u00e8me automatis\u00e9. Ce processus est d\u00e9taill\u00e9 en bas de page de chaque campagne d\u2019email. Si un syst\u00e8me automatis\u00e9 de d\u00e9sabonnement n\u2019est pas disponible, des instructions claires sur la fa\u00e7on de se d\u00e9sabonner seront d\u00e9taill\u00e9es \u00e0 la place.<\/p>\n<h3>Liens externes<\/h3>\n<p>Bien que ce site cherche uniquement \u00e0 inclure des liens externes de qualit\u00e9, s\u00fbrs et pertinents, il est conseill\u00e9 aux utilisateurs d\u2019adopter une politique de prudence avant de cliquer sur tout lien externe mentionn\u00e9 sur ce site. (Les liens externes sont des liens textuels \/ banni\u00e8res \/ images cliquables vers d\u2019autres sites web.) Les propri\u00e9taires de ce site web ne peuvent garantir ni v\u00e9rifier le contenu d\u2019un site web li\u00e9 \u00e0 l\u2019externe, malgr\u00e9 leurs efforts maximum. Les utilisateurs doivent donc noter qu\u2019ils cliquent sur des liens externes \u00e0 leurs risques et p\u00e9rils, et ce site ainsi que ses propri\u00e9taires ne peuvent \u00eatre tenus responsables des dommages ou cons\u00e9quences caus\u00e9s par la visite des liens externes mentionn\u00e9s.<\/p>\n<h3>Publicit\u00e9s et liens sponsoris\u00e9s<\/h3>\n<p>Ce site peut contenir des liens sponsoris\u00e9s et des publicit\u00e9s. Ces politiques sont g\u00e9n\u00e9ralement diffus\u00e9es par des partenaires publicitaires, qui peuvent avoir des politiques de confidentialit\u00e9 d\u00e9taill\u00e9es concernant directement les publicit\u00e9s qu\u2019ils diffusent. Cliquer sur ces publicit\u00e9s vous enverra sur le site web de l\u2019annonceur via un programme de parrainage qui peut utiliser des cookies et suivra le nombre de r\u00e9f\u00e9rences envoy\u00e9es depuis ce site. Cela peut inclure l\u2019utilisation de cookies qui peuvent \u00e0 leur tour \u00eatre enregistr\u00e9s sur le disque dur de votre ordinateur. Les utilisateurs doivent donc noter qu\u2019ils cliquent sur des liens externes sponsoris\u00e9s \u00e0 leurs risques et p\u00e9rils, et que ce site ainsi que ses propri\u00e9taires ne peuvent \u00eatre tenus responsables des dommages ou cons\u00e9quences caus\u00e9s par la visite de liens externes mentionn\u00e9s.<\/p>\n<h3>Plateformes de r\u00e9seaux sociaux<\/h3>\n<p>La communication, l\u2019engagement et les actions entreprises via les plateformes de r\u00e9seaux sociaux externes auxquelles ce site et ses propri\u00e9taires participent sont r\u00e9gis par les termes et conditions ainsi que par les politiques de confidentialit\u00e9 appliqu\u00e9es respectivement \u00e0 chaque plateforme de m\u00e9dias sociaux. Ni ce site ni ses propri\u00e9taires ne demanderont jamais d\u2019informations personnelles ou sensibles via les r\u00e9seaux sociaux et n\u2019encourageront les utilisateurs souhaitant discuter de d\u00e9tails sensibles \u00e0 les contacter par des canaux de communication principaux tels que par t\u00e9l\u00e9phone ou e-mail.<\/p>\n<p>Ce site peut utiliser des boutons de partage social qui permettent de partager le contenu directement des pages web vers la plateforme de m\u00e9dias sociaux concern\u00e9e. Il est conseill\u00e9 aux utilisateurs avant d\u2019utiliser ces boutons de partage social de le faire \u00e0 leur discr\u00e9tion et \u00e0 noter que la plateforme de r\u00e9seau social peut suivre et enregistrer votre demande de partage d\u2019une page web via votre compte de plateforme sociale.<\/p>\n<p>Ce site web et ses propri\u00e9taires, via leurs comptes sur les r\u00e9seaux sociaux, peuvent partager des liens vers des pages web pertinentes. Par d\u00e9faut, certaines plateformes de r\u00e9seaux sociaux raccourcissent les URL [adresses web] longues. Il est conseill\u00e9 aux utilisateurs de faire preuve de prudence et de bon jugement avant de cliquer sur toute URL raccourcie publi\u00e9e sur les plateformes de r\u00e9seaux sociaux par ce site et ses propri\u00e9taires. Ce site web et ses propri\u00e9taires ne peuvent \u00eatre tenus responsables des dommages ou cons\u00e9quences caus\u00e9s par la visite de liens raccourcis.<\/p>\n<h3>D\u00e9sabonnement<\/h3>\n<p>Pour vous d\u00e9sabonner de notre newsletter, cliquez sur le lien disponible dans chaque communication par email ou, si vous rencontrez des difficult\u00e9s avec cette m\u00e9thode, envoyez un e-mail caro@chateaufeely.com avec la demande de d\u00e9sabonnement. <\/p>\n","protected":false},"excerpt":{"rendered":"<p>SARL Chateau Feely\u00ae croit fermement \u00e0 la confidentialit\u00e9 de vos informations personnelles. Cette politique de confidentialit\u00e9 concerne le site web www.chateaufeely.com et est assur\u00e9 par Chateau Feely\u00ae et SARL Chateau Feely, et r\u00e9git la confidentialit\u00e9 de ses utilisateurs qui choisissent de l\u2019utiliser. La politique d\u00e9finit les diff\u00e9rents domaines o\u00f9 la vie priv\u00e9e des utilisateurs est [&hellip;]<\/p>\n","protected":false},"author":2,"featured_media":0,"parent":0,"menu_order":0,"comment_status":"closed","ping_status":"closed","template":"","meta":{"footnotes":""},"class_list":["post-10741","page","type-page","status-publish","hentry"],"yoast_head":"<!-- This site is optimized with the Yoast SEO plugin v27.3 - https:\/\/yoast.com\/product\/yoast-seo-wordpress\/ -->\n<title>Politique de confidentialit\u00e9 - Ch\u00e2teau Feely organic wine, tours, accommodation<\/title>\n<meta name=\"robots\" content=\"index, follow, max-snippet:-1, max-image-preview:large, max-video-preview:-1\" \/>\n<link rel=\"canonical\" href=\"https:\/\/chateaufeely.com\/fr\/politique-de-confidentialite\/\" \/>\n<meta property=\"og:locale\" content=\"fr_FR\" \/>\n<meta property=\"og:type\" content=\"article\" \/>\n<meta property=\"og:title\" content=\"Politique de confidentialit\u00e9 - Ch\u00e2teau Feely organic wine, tours, accommodation\" \/>\n<meta property=\"og:description\" content=\"SARL Chateau Feely\u00ae croit fermement \u00e0 la confidentialit\u00e9 de vos informations personnelles. Cette politique de confidentialit\u00e9 concerne le site web www.chateaufeely.com et est assur\u00e9 par Chateau Feely\u00ae et SARL Chateau Feely, et r\u00e9git la confidentialit\u00e9 de ses utilisateurs qui choisissent de l\u2019utiliser. La politique d\u00e9finit les diff\u00e9rents domaines o\u00f9 la vie priv\u00e9e des utilisateurs est [&hellip;]\" \/>\n<meta property=\"og:url\" content=\"https:\/\/chateaufeely.com\/fr\/politique-de-confidentialite\/\" \/>\n<meta property=\"og:site_name\" content=\"Ch\u00e2teau Feely organic wine, tours, accommodation\" \/>\n<meta property=\"article:publisher\" content=\"https:\/\/www.facebook.com\/ChateauFeely\/\" \/>\n<meta name=\"twitter:card\" content=\"summary_large_image\" \/>\n<meta name=\"twitter:label1\" content=\"Dur\u00e9e de lecture estim\u00e9e\" \/>\n\t<meta name=\"twitter:data1\" content=\"9 minutes\" \/>\n<script type=\"application\/ld+json\" class=\"yoast-schema-graph\">{\"@context\":\"https:\\\/\\\/schema.org\",\"@graph\":[{\"@type\":\"WebPage\",\"@id\":\"https:\\\/\\\/chateaufeely.com\\\/fr\\\/politique-de-confidentialite\\\/\",\"url\":\"https:\\\/\\\/chateaufeely.com\\\/fr\\\/politique-de-confidentialite\\\/\",\"name\":\"Politique de confidentialit\u00e9 - Ch\u00e2teau Feely organic wine, tours, accommodation\",\"isPartOf\":{\"@id\":\"https:\\\/\\\/chateaufeely.com\\\/fr\\\/#website\"},\"datePublished\":\"2026-02-27T14:59:55+00:00\",\"breadcrumb\":{\"@id\":\"https:\\\/\\\/chateaufeely.com\\\/fr\\\/politique-de-confidentialite\\\/#breadcrumb\"},\"inLanguage\":\"fr-FR\",\"potentialAction\":[{\"@type\":\"ReadAction\",\"target\":[\"https:\\\/\\\/chateaufeely.com\\\/fr\\\/politique-de-confidentialite\\\/\"]}]},{\"@type\":\"BreadcrumbList\",\"@id\":\"https:\\\/\\\/chateaufeely.com\\\/fr\\\/politique-de-confidentialite\\\/#breadcrumb\",\"itemListElement\":[{\"@type\":\"ListItem\",\"position\":1,\"name\":\"Accueil\",\"item\":\"https:\\\/\\\/chateaufeely.com\\\/fr\\\/\"},{\"@type\":\"ListItem\",\"position\":2,\"name\":\"Politique de confidentialit\u00e9\"}]},{\"@type\":\"WebSite\",\"@id\":\"https:\\\/\\\/chateaufeely.com\\\/fr\\\/#website\",\"url\":\"https:\\\/\\\/chateaufeely.com\\\/fr\\\/\",\"name\":\"Ch\u00e2teau Feely organic wine, tours, accommodation\",\"description\":\"Biodynamic and natural wine, tours and wine school, ecological luxury lodge\",\"publisher\":{\"@id\":\"https:\\\/\\\/chateaufeely.com\\\/fr\\\/#organization\"},\"potentialAction\":[{\"@type\":\"SearchAction\",\"target\":{\"@type\":\"EntryPoint\",\"urlTemplate\":\"https:\\\/\\\/chateaufeely.com\\\/fr\\\/?s={search_term_string}\"},\"query-input\":{\"@type\":\"PropertyValueSpecification\",\"valueRequired\":true,\"valueName\":\"search_term_string\"}}],\"inLanguage\":\"fr-FR\"},{\"@type\":\"Organization\",\"@id\":\"https:\\\/\\\/chateaufeely.com\\\/fr\\\/#organization\",\"name\":\"Ch\u00e2teau Feely organic wine, tours, accommodation\",\"url\":\"https:\\\/\\\/chateaufeely.com\\\/fr\\\/\",\"logo\":{\"@type\":\"ImageObject\",\"inLanguage\":\"fr-FR\",\"@id\":\"https:\\\/\\\/chateaufeely.com\\\/fr\\\/#\\\/schema\\\/logo\\\/image\\\/\",\"url\":\"https:\\\/\\\/chateaufeely.com\\\/wp-content\\\/uploads\\\/2016\\\/05\\\/logo-vertical-v2-250.png\",\"contentUrl\":\"https:\\\/\\\/chateaufeely.com\\\/wp-content\\\/uploads\\\/2016\\\/05\\\/logo-vertical-v2-250.png\",\"width\":250,\"height\":312,\"caption\":\"Ch\u00e2teau Feely organic wine, tours, accommodation\"},\"image\":{\"@id\":\"https:\\\/\\\/chateaufeely.com\\\/fr\\\/#\\\/schema\\\/logo\\\/image\\\/\"},\"sameAs\":[\"https:\\\/\\\/www.facebook.com\\\/ChateauFeely\\\/\",\"https:\\\/\\\/www.instagram.com\\\/chateaufeely\\\/\"]}]}<\/script>\n<!-- \/ Yoast SEO plugin. -->","yoast_head_json":{"title":"Politique de confidentialit\u00e9 - Ch\u00e2teau Feely organic wine, tours, accommodation","robots":{"index":"index","follow":"follow","max-snippet":"max-snippet:-1","max-image-preview":"max-image-preview:large","max-video-preview":"max-video-preview:-1"},"canonical":"https:\/\/chateaufeely.com\/fr\/politique-de-confidentialite\/","og_locale":"fr_FR","og_type":"article","og_title":"Politique de confidentialit\u00e9 - Ch\u00e2teau Feely organic wine, tours, accommodation","og_description":"SARL Chateau Feely\u00ae croit fermement \u00e0 la confidentialit\u00e9 de vos informations personnelles. Cette politique de confidentialit\u00e9 concerne le site web www.chateaufeely.com et est assur\u00e9 par Chateau Feely\u00ae et SARL Chateau Feely, et r\u00e9git la confidentialit\u00e9 de ses utilisateurs qui choisissent de l\u2019utiliser. La politique d\u00e9finit les diff\u00e9rents domaines o\u00f9 la vie priv\u00e9e des utilisateurs est [&hellip;]","og_url":"https:\/\/chateaufeely.com\/fr\/politique-de-confidentialite\/","og_site_name":"Ch\u00e2teau Feely organic wine, tours, accommodation","article_publisher":"https:\/\/www.facebook.com\/ChateauFeely\/","twitter_card":"summary_large_image","twitter_misc":{"Dur\u00e9e de lecture estim\u00e9e":"9 minutes"},"schema":{"@context":"https:\/\/schema.org","@graph":[{"@type":"WebPage","@id":"https:\/\/chateaufeely.com\/fr\/politique-de-confidentialite\/","url":"https:\/\/chateaufeely.com\/fr\/politique-de-confidentialite\/","name":"Politique de confidentialit\u00e9 - Ch\u00e2teau Feely organic wine, tours, accommodation","isPartOf":{"@id":"https:\/\/chateaufeely.com\/fr\/#website"},"datePublished":"2026-02-27T14:59:55+00:00","breadcrumb":{"@id":"https:\/\/chateaufeely.com\/fr\/politique-de-confidentialite\/#breadcrumb"},"inLanguage":"fr-FR","potentialAction":[{"@type":"ReadAction","target":["https:\/\/chateaufeely.com\/fr\/politique-de-confidentialite\/"]}]},{"@type":"BreadcrumbList","@id":"https:\/\/chateaufeely.com\/fr\/politique-de-confidentialite\/#breadcrumb","itemListElement":[{"@type":"ListItem","position":1,"name":"Accueil","item":"https:\/\/chateaufeely.com\/fr\/"},{"@type":"ListItem","position":2,"name":"Politique de confidentialit\u00e9"}]},{"@type":"WebSite","@id":"https:\/\/chateaufeely.com\/fr\/#website","url":"https:\/\/chateaufeely.com\/fr\/","name":"Ch\u00e2teau Feely organic wine, tours, accommodation","description":"Biodynamic and natural wine, tours and wine school, ecological luxury lodge","publisher":{"@id":"https:\/\/chateaufeely.com\/fr\/#organization"},"potentialAction":[{"@type":"SearchAction","target":{"@type":"EntryPoint","urlTemplate":"https:\/\/chateaufeely.com\/fr\/?s={search_term_string}"},"query-input":{"@type":"PropertyValueSpecification","valueRequired":true,"valueName":"search_term_string"}}],"inLanguage":"fr-FR"},{"@type":"Organization","@id":"https:\/\/chateaufeely.com\/fr\/#organization","name":"Ch\u00e2teau Feely organic wine, tours, accommodation","url":"https:\/\/chateaufeely.com\/fr\/","logo":{"@type":"ImageObject","inLanguage":"fr-FR","@id":"https:\/\/chateaufeely.com\/fr\/#\/schema\/logo\/image\/","url":"https:\/\/chateaufeely.com\/wp-content\/uploads\/2016\/05\/logo-vertical-v2-250.png","contentUrl":"https:\/\/chateaufeely.com\/wp-content\/uploads\/2016\/05\/logo-vertical-v2-250.png","width":250,"height":312,"caption":"Ch\u00e2teau Feely organic wine, tours, accommodation"},"image":{"@id":"https:\/\/chateaufeely.com\/fr\/#\/schema\/logo\/image\/"},"sameAs":["https:\/\/www.facebook.com\/ChateauFeely\/","https:\/\/www.instagram.com\/chateaufeely\/"]}]}},"_links":{"self":[{"href":"https:\/\/chateaufeely.com\/fr\/wp-json\/wp\/v2\/pages\/10741","targetHints":{"allow":["GET"]}}],"collection":[{"href":"https:\/\/chateaufeely.com\/fr\/wp-json\/wp\/v2\/pages"}],"about":[{"href":"https:\/\/chateaufeely.com\/fr\/wp-json\/wp\/v2\/types\/page"}],"author":[{"embeddable":true,"href":"https:\/\/chateaufeely.com\/fr\/wp-json\/wp\/v2\/users\/2"}],"replies":[{"embeddable":true,"href":"https:\/\/chateaufeely.com\/fr\/wp-json\/wp\/v2\/comments?post=10741"}],"version-history":[{"count":0,"href":"https:\/\/chateaufeely.com\/fr\/wp-json\/wp\/v2\/pages\/10741\/revisions"}],"wp:attachment":[{"href":"https:\/\/chateaufeely.com\/fr\/wp-json\/wp\/v2\/media?parent=10741"}],"curies":[{"name":"wp","href":"https:\/\/api.w.org\/{rel}","templated":true}]}}