{"id":10750,"date":"2026-02-27T16:21:58","date_gmt":"2026-02-27T15:21:58","guid":{"rendered":"https:\/\/chateaufeely.com\/cours-de-yoga-en-ligne\/"},"modified":"2026-02-27T16:26:57","modified_gmt":"2026-02-27T15:26:57","slug":"cours-de-yoga-en-ligne","status":"publish","type":"page","link":"https:\/\/chateaufeely.com\/fr\/yoga\/cours-de-yoga-en-ligne\/","title":{"rendered":"Cours de yoga en ligne"},"content":{"rendered":"[vc_row][vc_column][mk_icon_box icon=\u00a0\u00bbmk-icon-leaf\u00a0\u00bb title=\u00a0\u00bbCours de yoga en ligne avec Caro Feely\u00a0\u00bb text_size=\u00a0\u00bb30&Prime; style=\u00a0\u00bbsimple_ultimate\u00a0\u00bb icon_size=\u00a0\u00bblarge\u00a0\u00bb icon_location=\u00a0\u00bbtop\u00a0\u00bb icon_color=\u00a0\u00bb#e0b957&Prime; title_color=\u00a0\u00bb#000000&Prime; txt_color=\u00a0\u00bb#5e5e5e\u00a0\u00bb margin=\u00a0\u00bb0&Prime;][\/mk_icon_box][\/vc_column][\/vc_row][vc_row][vc_column][vc_column_text css=\u00a0\u00bb.vc_custom_1772114543121{margin-bottom: 0px !important;}\u00a0\u00bb]\n<h2><strong>Yoga hebdomadaire en ligne &#8211; Certifi\u00e9 RYT500 &#8211; Accessible aux d\u00e9butants<\/strong><\/h2>\n[\/vc_column_text][\/vc_column][\/vc_row][vc_row][vc_column width=\u00a0\u00bb1\/2&Prime;][mk_image_slideshow images=\u00a0\u00bb8868,5964&Prime; image_width=\u00a0\u00bb1000&Prime; image_height=\u00a0\u00bb667&Prime; animation_speed=\u00a0\u00bb3000&Prime; slideshow_speed=\u00a0\u00bb20000&Prime;][\/vc_column][vc_column width=\u00a0\u00bb1\/2&Prime; css=\u00a0\u00bb.vc_custom_1464158896445{padding-left: 15px !important;}\u00a0\u00bb][vc_column_text css=\u00a0\u00bb.vc_custom_1772135011579{margin-bottom: 0px !important;}\u00a0\u00bb]<span style=\"color: #000000;\">Rejoignez Caro Feely, professeure de yoga enregistr\u00e9e (RYT500), pour des cours hebdomadaires en ligne. Votre exp\u00e9rience yoga commence par l\u2019\u00e9chauffement de l\u2019intention, suivie d\u2019une s\u00e9quence de yoga vinyasa \u00e0 flux lent adapt\u00e9e aux d\u00e9butants, et se termine par des postures de yoga r\u00e9paratrices et des d\u00e9tentes.<\/span><\/p>\n<p><strong><em>Tous les mercredis | 9h Paris \/ 8h Irlande &amp; Royaume-Uni | En direct et en ligne<\/em><\/strong><\/p>\n<p><span style=\"color: #000000;\"><em>Dur\u00e9e :<\/em> <strong>1 heure<\/strong><\/span><\/p>\n<p><span style=\"color: #000000;\">Pour les cours priv\u00e9s ou les groupes de 4 personnes ou plus \u2013 n\u2019importe quel jour et un horaire personnalis\u00e9 sont possibles selon la disponibilit\u00e9 \u2013 <a href=\"https:\/\/chateaufeely.com\/fr\/contact-2\/\"><strong>merci de nous contacter par email<\/strong><\/a>. <\/span><\/p>\n<p><span style=\"color: #000000;\"><em>Prix :<\/em><\/span><strong><span style=\"color: #000000;\"> 18,50 \u20ac par adulte<\/span><\/strong>[\/vc_column_text][vc_btn title=\u00a0\u00bbR\u00e9server\u00a0\u00bb color=\u00a0\u00bbgreen\u00a0\u00bb align=\u00a0\u00bbcenter\u00a0\u00bb link=\u00a0\u00bburl:https%3A%2F%2Ffareharbor.com%2Fembeds%2Fbook%2Fchateaufeely%2Fitems%2F708342%2F%3Ffull-items%3Dyes%26flow%3Dno|title:R%C3%A9server|\u00a0\u00bb][\/vc_column][\/vc_row][vc_row][vc_column][vc_column_text css=\u00a0\u00bb.vc_custom_1583591993324{margin-bottom: 0px !important;}\u00a0\u00bb][\/vc_column_text][mk_blockquote font_family=\u00a0\u00bbnone\u00a0\u00bb]<strong><em><span style=\"color: #000000;\">\u00ab<\/span><\/em> <em>Faire du yoga avec Caro est une exp\u00e9rience magique \u2014 qui enrichit la vie et est d\u2019une puissance magnifique. Comme une f\u00eate spirituelle. \u00bb\u00a0 <\/em><\/strong><em><span style=\"color: #000000;\">Phoebe, invit\u00e9e de yoga en personne<\/span><\/em>[\/mk_blockquote][\/vc_column][\/vc_row][vc_row][vc_column width=\u00a0\u00bb1\/2&Prime;][vc_column_text css=\u00a0\u00bb.vc_custom_1772116831695{margin-bottom: 0px !important;}\u00a0\u00bb]\n<p style=\"text-align: center;\"><span style=\"color: #000000;\"><strong>\u00c0 propos des cours hebdomadaires de yoga en ligne<\/strong><\/span><\/p>\n<p><span style=\"color: #000000;\">Les invit\u00e9s qui nous rejoignent pour le yoga au Ch\u00e2teau Feely d\u00e9crivent cette exp\u00e9rience comme un ancrage et un enrichissement de vie. Nous mettons cette exp\u00e9rience \u00e0 disposition en ligne \u2014 pour que vous puissiez pratiquer avec Caro depuis n\u2019importe o\u00f9 dans le monde.\u00a0<\/span><span style=\"color: #000000;\">Ces cours hebdomadaires d\u2019une heure sont doux, soigneusement planifi\u00e9s et con\u00e7us pour accueillir les d\u00e9butants complets \u2014 ainsi que ceux qui reprennent le yoga apr\u00e8s une pause. Chaque session s\u2019appuie sur la certification RYT500 de Caro et ses ann\u00e9es d\u2019exp\u00e9rience en enseignement pour offrir un mouvement bienveillant, puissant et profond\u00e9ment apaisant.<\/span><\/p>\n<p><span style=\"color: #000000;\"><strong>Vous construirez :<\/strong><\/span><\/p>\n<ul>\n<li><span style=\"color: #000000;\">Force et flexibilit\u00e9 \u00e0 votre propre rythme<\/span><\/li>\n<li><span style=\"color: #000000;\">Un sentiment de calme et de soulagement face au stress<\/span><\/li>\n<li><span style=\"color: #000000;\">\u00c9quilibre \u2014 physique et mental<\/span><\/li>\n<\/ul>\n<p><span style=\"color: #000000;\">Une pratique hebdomadaire constante et nourrissante qui s\u2019adapte \u00e0 votre vie.<\/span>[\/vc_column_text][vc_btn title=\u00a0\u00bbR\u00e9server\u00a0\u00bb color=\u00a0\u00bbgreen\u00a0\u00bb align=\u00a0\u00bbcenter\u00a0\u00bb link=\u00a0\u00bburl:https%3A%2F%2Ffareharbor.com%2Fembeds%2Fbook%2Fchateaufeely%2Fitems%2F708342%2F%3Ffull-items%3Dyes%26flow%3Dno|title:R%C3%A9server|\u00a0\u00bb][\/vc_column][vc_column width=\u00a0\u00bb1\/2&Prime; css=\u00a0\u00bb.vc_custom_1464158896445{padding-left: 15px !important;}\u00a0\u00bb][vc_column_text css=\u00a0\u00bb.vc_custom_1583592288817{margin-bottom: 0px !important;}\u00a0\u00bb][\/vc_column_text][mk_image_slideshow images=\u00a0\u00bb8146,10665&Prime; image_width=\u00a0\u00bb1000&Prime; image_height=\u00a0\u00bb667&Prime; slideshow_speed=\u00a0\u00bb3000&Prime;][\/vc_column][\/vc_row][vc_row][vc_column][vc_column_text css=\u00a0\u00bb.vc_custom_1772115688161{margin-bottom: 0px !important;}\u00a0\u00bb]\n<h2 style=\"text-align: center;\">\u00c0 propos de Caro<\/h2>\n<p><span style=\"color: #000000;\">Caro Feely est professeure de yoga certifi\u00e9e RYT500, auteure et le c\u0153ur du Ch\u00e2teau Feely \u00e0 Saussignac, en Dordogne. Elle enseigne le yoga au vignoble depuis des ann\u00e9es, m\u00ealant mouvement, respiration et beaut\u00e9 naturelle du pays pour cr\u00e9er des sessions que les invit\u00e9s d\u00e9crivent comme v\u00e9ritablement transformatrices.<\/span><\/p>\n<p><span style=\"color: #000000;\">Ses cours en ligne apportent la m\u00eame approche douce et ancr\u00e9e dans votre foyer \u2014 o\u00f9 que vous soyez dans le monde.<\/span>[\/vc_column_text][vc_column_text css=\u00a0\u00bb.vc_custom_1772129974772{margin-bottom: 0px !important;}\u00a0\u00bb]\n<h2 style=\"text-align: center;\"><span style=\"color: #b8960c;\">Pr\u00eat \u00e0 commencer ?<\/span><\/h2>\n<p><strong>Tous les mercredis | 9h heure de Paris | 8h du matin Irlande &amp; Royaume-Uni<\/strong><\/p>\n<p>En direct en ligne | 1 heure | Tous les niveaux sont les bienvenus[\/vc_column_text][vc_btn title=\u00a0\u00bbR\u00e9server\u00a0\u00bb color=\u00a0\u00bbgreen\u00a0\u00bb align=\u00a0\u00bbcenter\u00a0\u00bb link=\u00a0\u00bburl:https%3A%2F%2Ffareharbor.com%2Fembeds%2Fbook%2Fchateaufeely%2Fitems%2F708342%2F%3Ffull-items%3Dyes%26flow%3Dno|title:R%C3%A9server|\u00a0\u00bb][vc_column_text css=\u00a0\u00bb.vc_custom_1772130081814{margin-bottom: 0px !important;}\u00a0\u00bb]\n<h2 style=\"text-align: center;\"><span style=\"color: #b8960c;\">Ateliers \u00e0 venir<\/span><\/h2>\n<p>En fonction de ce que notre communaut\u00e9 nous a dit qu\u2019elle voulait, nous d\u00e9veloppons une s\u00e9rie d\u2019ateliers en ligne plus approfondis :<\/p>\n<ul>\n<li>Bases du yoga \u2014 postures cl\u00e9s, respiration et m\u00e9ditation (parfaites pour les d\u00e9butants)<\/li>\n<li>Introduction aux chakras \u2014 mouvement et m\u00e9ditation \u00e0 travers les 7 centres d\u2019\u00e9nergie<\/li>\n<li>Concentrez-vous sur les postures d\u2019\u00e9quilibre \u2014 renforcer la stabilit\u00e9 et la confiance en soi<\/li>\n<\/ul>\n<p><em><strong><a href=\"https:\/\/chateaufeely.com\/sign-up-newsletter\/\">Rejoignez la liste de diffusion<\/a><\/strong> pour \u00eatre le premier inform\u00e9 de la disponibilit\u00e9 de ces informations.<\/em>[\/vc_column_text][vc_btn title=\u00a0\u00bbD\u00e9couvrez la retraite de yoga de deux jours au Ch\u00e2teau Feely\u00a0\u00bb color=\u00a0\u00bbgreen\u00a0\u00bb align=\u00a0\u00bbcenter\u00a0\u00bb link=\u00a0\u00bburl:https%3A%2F%2Fchateaufeely.com%2Ffr%2Fyoga%2Fretraite-de-yoga-de-deux-jours%2F|title:D%C3%A9couvrez%20une%20retraite%20de%20yoga%20de%20deux%20jours|\u00a0\u00bb][vc_column_text css=\u00a0\u00bb.vc_custom_1772115844489{margin-bottom: 0px !important;}\u00a0\u00bb]<span style=\"color: #000000;\">Le Ch\u00e2teau F\u00e9ely a remport\u00e9 le <a style=\"color: #000000;\" href=\"https:\/\/chateaufeely.com\/gold-trophy-for-chateau-feely-and-video\/\">Troph\u00e9e d\u2019Or pour l\u2019\u00e9ducation et la valorisation des pratiques \u00e9cologiques lors du premier Concours Fran\u00e7ais de Tourisme Viticole en 2019<\/a> et a re\u00e7u le certificat d\u2019excellence Tripadvisor depuis plus de 10 ans. Vous pouvez \u00e9galement participer \u00e0 une <strong><a href=\"https:\/\/chateaufeely.com\/fr\/yoga\/retraite-de-yoga-dune-journee\/\">retraite de yoga d\u2019une journ\u00e9e<\/a><\/strong>, une <strong><a href=\"https:\/\/chateaufeely.com\/fr\/yoga\/retraite-de-yoga-et-decriture\/\">retraite de yoga et d\u2019\u00e9criture<\/a><\/strong> ou une <strong><a href=\"https:\/\/chateaufeely.com\/fr\/visites\/excursions-a-pied-de-plusieurs-jours\/\">visite \u00e0 pied de plusieurs jours<\/a><\/strong> avec nous.<\/span>[\/vc_column_text][\/vc_column][\/vc_row][vc_row][vc_column][\/vc_column][\/vc_row]\n","protected":false},"excerpt":{"rendered":"<p>[vc_row][vc_column][mk_icon_box icon=\u00a0\u00bbmk-icon-leaf\u00a0\u00bb title=\u00a0\u00bbCours de yoga en ligne avec Caro Feely\u00a0\u00bb text_size=\u00a0\u00bb30&Prime; style=\u00a0\u00bbsimple_ultimate\u00a0\u00bb icon_size=\u00a0\u00bblarge\u00a0\u00bb icon_location=\u00a0\u00bbtop\u00a0\u00bb icon_color=\u00a0\u00bb#e0b957&Prime; title_color=\u00a0\u00bb#000000&Prime; txt_color=\u00a0\u00bb#5e5e5e\u00a0\u00bb margin=\u00a0\u00bb0&Prime;][\/mk_icon_box][\/vc_column][\/vc_row][vc_row][vc_column][vc_column_text css=\u00a0\u00bb.vc_custom_1772114543121{margin-bottom: 0px !important;}\u00a0\u00bb] Yoga hebdomadaire en ligne &#8211; Certifi\u00e9 RYT500 &#8211; Accessible aux d\u00e9butants [\/vc_column_text][\/vc_column][\/vc_row][vc_row][vc_column width=\u00a0\u00bb1\/2&Prime;][mk_image_slideshow images=\u00a0\u00bb8868,5964&Prime; image_width=\u00a0\u00bb1000&Prime; image_height=\u00a0\u00bb667&Prime; animation_speed=\u00a0\u00bb3000&Prime; slideshow_speed=\u00a0\u00bb20000&Prime;][\/vc_column][vc_column width=\u00a0\u00bb1\/2&Prime; css=\u00a0\u00bb.vc_custom_1464158896445{padding-left: 15px !important;}\u00a0\u00bb][vc_column_text css=\u00a0\u00bb.vc_custom_1772135011579{margin-bottom: 0px !important;}\u00a0\u00bb]Rejoignez Caro Feely, professeure de yoga enregistr\u00e9e (RYT500), pour des [&hellip;]<\/p>\n","protected":false},"author":2,"featured_media":8147,"parent":10777,"menu_order":0,"comment_status":"closed","ping_status":"closed","template":"","meta":{"footnotes":""},"class_list":["post-10750","page","type-page","status-publish","has-post-thumbnail","hentry"],"yoast_head":"<!-- This site is optimized with the Yoast SEO plugin v27.3 - https:\/\/yoast.com\/product\/yoast-seo-wordpress\/ -->\n<title>Cours hebdomadaires de yoga en ligne en direct - Certifi\u00e9 RYT500<\/title>\n<meta name=\"description\" content=\"D\u00e9couvrez la joie du yoga dans nos cours hebdomadaires de yoga en ligne. Assistez \u00e0 des sessions en direct avec Caro Feely certifi\u00e9 RYT500.\" \/>\n<meta name=\"robots\" content=\"index, follow, max-snippet:-1, max-image-preview:large, max-video-preview:-1\" \/>\n<link rel=\"canonical\" href=\"https:\/\/chateaufeely.com\/fr\/yoga\/cours-de-yoga-en-ligne\/\" \/>\n<meta property=\"og:locale\" content=\"fr_FR\" \/>\n<meta property=\"og:type\" content=\"article\" \/>\n<meta property=\"og:title\" content=\"Cours hebdomadaires de yoga en ligne en direct - Certifi\u00e9 RYT500\" \/>\n<meta property=\"og:description\" content=\"D\u00e9couvrez la joie du yoga dans nos cours hebdomadaires de yoga en ligne. Assistez \u00e0 des sessions en direct avec Caro Feely certifi\u00e9 RYT500.\" \/>\n<meta property=\"og:url\" content=\"https:\/\/chateaufeely.com\/fr\/yoga\/cours-de-yoga-en-ligne\/\" \/>\n<meta property=\"og:site_name\" content=\"Ch\u00e2teau Feely organic wine, tours, accommodation\" \/>\n<meta property=\"article:publisher\" content=\"https:\/\/www.facebook.com\/ChateauFeely\/\" \/>\n<meta property=\"article:modified_time\" content=\"2026-02-27T15:26:57+00:00\" \/>\n<meta property=\"og:image\" content=\"https:\/\/chateaufeely.com\/wp-content\/uploads\/2022\/05\/caro-feely-easy-seat-pose-mid-size-yoga-in-the-vines-1200.jpg\" \/>\n\t<meta property=\"og:image:width\" content=\"1200\" \/>\n\t<meta property=\"og:image:height\" content=\"583\" \/>\n\t<meta property=\"og:image:type\" content=\"image\/jpeg\" \/>\n<meta name=\"twitter:card\" content=\"summary_large_image\" \/>\n<meta name=\"twitter:label1\" content=\"Dur\u00e9e de lecture estim\u00e9e\" \/>\n\t<meta name=\"twitter:data1\" content=\"5 minutes\" \/>\n<script type=\"application\/ld+json\" class=\"yoast-schema-graph\">{\"@context\":\"https:\\\/\\\/schema.org\",\"@graph\":[{\"@type\":\"WebPage\",\"@id\":\"https:\\\/\\\/chateaufeely.com\\\/fr\\\/yoga\\\/cours-de-yoga-en-ligne\\\/\",\"url\":\"https:\\\/\\\/chateaufeely.com\\\/fr\\\/yoga\\\/cours-de-yoga-en-ligne\\\/\",\"name\":\"Cours hebdomadaires de yoga en ligne en direct - Certifi\u00e9 RYT500\",\"isPartOf\":{\"@id\":\"https:\\\/\\\/chateaufeely.com\\\/fr\\\/#website\"},\"primaryImageOfPage\":{\"@id\":\"https:\\\/\\\/chateaufeely.com\\\/fr\\\/yoga\\\/cours-de-yoga-en-ligne\\\/#primaryimage\"},\"image\":{\"@id\":\"https:\\\/\\\/chateaufeely.com\\\/fr\\\/yoga\\\/cours-de-yoga-en-ligne\\\/#primaryimage\"},\"thumbnailUrl\":\"https:\\\/\\\/chateaufeely.com\\\/wp-content\\\/uploads\\\/2022\\\/05\\\/caro-feely-easy-seat-pose-mid-size-yoga-in-the-vines-1200.jpg\",\"datePublished\":\"2026-02-27T15:21:58+00:00\",\"dateModified\":\"2026-02-27T15:26:57+00:00\",\"description\":\"D\u00e9couvrez la joie du yoga dans nos cours hebdomadaires de yoga en ligne. Assistez \u00e0 des sessions en direct avec Caro Feely certifi\u00e9 RYT500.\",\"breadcrumb\":{\"@id\":\"https:\\\/\\\/chateaufeely.com\\\/fr\\\/yoga\\\/cours-de-yoga-en-ligne\\\/#breadcrumb\"},\"inLanguage\":\"fr-FR\",\"potentialAction\":[{\"@type\":\"ReadAction\",\"target\":[\"https:\\\/\\\/chateaufeely.com\\\/fr\\\/yoga\\\/cours-de-yoga-en-ligne\\\/\"]}]},{\"@type\":\"ImageObject\",\"inLanguage\":\"fr-FR\",\"@id\":\"https:\\\/\\\/chateaufeely.com\\\/fr\\\/yoga\\\/cours-de-yoga-en-ligne\\\/#primaryimage\",\"url\":\"https:\\\/\\\/chateaufeely.com\\\/wp-content\\\/uploads\\\/2022\\\/05\\\/caro-feely-easy-seat-pose-mid-size-yoga-in-the-vines-1200.jpg\",\"contentUrl\":\"https:\\\/\\\/chateaufeely.com\\\/wp-content\\\/uploads\\\/2022\\\/05\\\/caro-feely-easy-seat-pose-mid-size-yoga-in-the-vines-1200.jpg\",\"width\":1200,\"height\":583},{\"@type\":\"BreadcrumbList\",\"@id\":\"https:\\\/\\\/chateaufeely.com\\\/fr\\\/yoga\\\/cours-de-yoga-en-ligne\\\/#breadcrumb\",\"itemListElement\":[{\"@type\":\"ListItem\",\"position\":1,\"name\":\"Accueil\",\"item\":\"https:\\\/\\\/chateaufeely.com\\\/fr\\\/\"},{\"@type\":\"ListItem\",\"position\":2,\"name\":\"Yoga\",\"item\":\"https:\\\/\\\/chateaufeely.com\\\/fr\\\/yoga\\\/\"},{\"@type\":\"ListItem\",\"position\":3,\"name\":\"Cours de yoga en ligne\"}]},{\"@type\":\"WebSite\",\"@id\":\"https:\\\/\\\/chateaufeely.com\\\/fr\\\/#website\",\"url\":\"https:\\\/\\\/chateaufeely.com\\\/fr\\\/\",\"name\":\"Ch\u00e2teau Feely organic wine, tours, accommodation\",\"description\":\"Biodynamic and natural wine, tours and wine school, ecological luxury lodge\",\"publisher\":{\"@id\":\"https:\\\/\\\/chateaufeely.com\\\/fr\\\/#organization\"},\"potentialAction\":[{\"@type\":\"SearchAction\",\"target\":{\"@type\":\"EntryPoint\",\"urlTemplate\":\"https:\\\/\\\/chateaufeely.com\\\/fr\\\/?s={search_term_string}\"},\"query-input\":{\"@type\":\"PropertyValueSpecification\",\"valueRequired\":true,\"valueName\":\"search_term_string\"}}],\"inLanguage\":\"fr-FR\"},{\"@type\":\"Organization\",\"@id\":\"https:\\\/\\\/chateaufeely.com\\\/fr\\\/#organization\",\"name\":\"Ch\u00e2teau Feely organic wine, tours, accommodation\",\"url\":\"https:\\\/\\\/chateaufeely.com\\\/fr\\\/\",\"logo\":{\"@type\":\"ImageObject\",\"inLanguage\":\"fr-FR\",\"@id\":\"https:\\\/\\\/chateaufeely.com\\\/fr\\\/#\\\/schema\\\/logo\\\/image\\\/\",\"url\":\"https:\\\/\\\/chateaufeely.com\\\/wp-content\\\/uploads\\\/2016\\\/05\\\/logo-vertical-v2-250.png\",\"contentUrl\":\"https:\\\/\\\/chateaufeely.com\\\/wp-content\\\/uploads\\\/2016\\\/05\\\/logo-vertical-v2-250.png\",\"width\":250,\"height\":312,\"caption\":\"Ch\u00e2teau Feely organic wine, tours, accommodation\"},\"image\":{\"@id\":\"https:\\\/\\\/chateaufeely.com\\\/fr\\\/#\\\/schema\\\/logo\\\/image\\\/\"},\"sameAs\":[\"https:\\\/\\\/www.facebook.com\\\/ChateauFeely\\\/\",\"https:\\\/\\\/www.instagram.com\\\/chateaufeely\\\/\"]}]}<\/script>\n<!-- \/ Yoast SEO plugin. -->","yoast_head_json":{"title":"Cours hebdomadaires de yoga en ligne en direct - Certifi\u00e9 RYT500","description":"D\u00e9couvrez la joie du yoga dans nos cours hebdomadaires de yoga en ligne. Assistez \u00e0 des sessions en direct avec Caro Feely certifi\u00e9 RYT500.","robots":{"index":"index","follow":"follow","max-snippet":"max-snippet:-1","max-image-preview":"max-image-preview:large","max-video-preview":"max-video-preview:-1"},"canonical":"https:\/\/chateaufeely.com\/fr\/yoga\/cours-de-yoga-en-ligne\/","og_locale":"fr_FR","og_type":"article","og_title":"Cours hebdomadaires de yoga en ligne en direct - Certifi\u00e9 RYT500","og_description":"D\u00e9couvrez la joie du yoga dans nos cours hebdomadaires de yoga en ligne. Assistez \u00e0 des sessions en direct avec Caro Feely certifi\u00e9 RYT500.","og_url":"https:\/\/chateaufeely.com\/fr\/yoga\/cours-de-yoga-en-ligne\/","og_site_name":"Ch\u00e2teau Feely organic wine, tours, accommodation","article_publisher":"https:\/\/www.facebook.com\/ChateauFeely\/","article_modified_time":"2026-02-27T15:26:57+00:00","og_image":[{"width":1200,"height":583,"url":"https:\/\/chateaufeely.com\/wp-content\/uploads\/2022\/05\/caro-feely-easy-seat-pose-mid-size-yoga-in-the-vines-1200.jpg","type":"image\/jpeg"}],"twitter_card":"summary_large_image","twitter_misc":{"Dur\u00e9e de lecture estim\u00e9e":"5 minutes"},"schema":{"@context":"https:\/\/schema.org","@graph":[{"@type":"WebPage","@id":"https:\/\/chateaufeely.com\/fr\/yoga\/cours-de-yoga-en-ligne\/","url":"https:\/\/chateaufeely.com\/fr\/yoga\/cours-de-yoga-en-ligne\/","name":"Cours hebdomadaires de yoga en ligne en direct - Certifi\u00e9 RYT500","isPartOf":{"@id":"https:\/\/chateaufeely.com\/fr\/#website"},"primaryImageOfPage":{"@id":"https:\/\/chateaufeely.com\/fr\/yoga\/cours-de-yoga-en-ligne\/#primaryimage"},"image":{"@id":"https:\/\/chateaufeely.com\/fr\/yoga\/cours-de-yoga-en-ligne\/#primaryimage"},"thumbnailUrl":"https:\/\/chateaufeely.com\/wp-content\/uploads\/2022\/05\/caro-feely-easy-seat-pose-mid-size-yoga-in-the-vines-1200.jpg","datePublished":"2026-02-27T15:21:58+00:00","dateModified":"2026-02-27T15:26:57+00:00","description":"D\u00e9couvrez la joie du yoga dans nos cours hebdomadaires de yoga en ligne. Assistez \u00e0 des sessions en direct avec Caro Feely certifi\u00e9 RYT500.","breadcrumb":{"@id":"https:\/\/chateaufeely.com\/fr\/yoga\/cours-de-yoga-en-ligne\/#breadcrumb"},"inLanguage":"fr-FR","potentialAction":[{"@type":"ReadAction","target":["https:\/\/chateaufeely.com\/fr\/yoga\/cours-de-yoga-en-ligne\/"]}]},{"@type":"ImageObject","inLanguage":"fr-FR","@id":"https:\/\/chateaufeely.com\/fr\/yoga\/cours-de-yoga-en-ligne\/#primaryimage","url":"https:\/\/chateaufeely.com\/wp-content\/uploads\/2022\/05\/caro-feely-easy-seat-pose-mid-size-yoga-in-the-vines-1200.jpg","contentUrl":"https:\/\/chateaufeely.com\/wp-content\/uploads\/2022\/05\/caro-feely-easy-seat-pose-mid-size-yoga-in-the-vines-1200.jpg","width":1200,"height":583},{"@type":"BreadcrumbList","@id":"https:\/\/chateaufeely.com\/fr\/yoga\/cours-de-yoga-en-ligne\/#breadcrumb","itemListElement":[{"@type":"ListItem","position":1,"name":"Accueil","item":"https:\/\/chateaufeely.com\/fr\/"},{"@type":"ListItem","position":2,"name":"Yoga","item":"https:\/\/chateaufeely.com\/fr\/yoga\/"},{"@type":"ListItem","position":3,"name":"Cours de yoga en ligne"}]},{"@type":"WebSite","@id":"https:\/\/chateaufeely.com\/fr\/#website","url":"https:\/\/chateaufeely.com\/fr\/","name":"Ch\u00e2teau Feely organic wine, tours, accommodation","description":"Biodynamic and natural wine, tours and wine school, ecological luxury lodge","publisher":{"@id":"https:\/\/chateaufeely.com\/fr\/#organization"},"potentialAction":[{"@type":"SearchAction","target":{"@type":"EntryPoint","urlTemplate":"https:\/\/chateaufeely.com\/fr\/?s={search_term_string}"},"query-input":{"@type":"PropertyValueSpecification","valueRequired":true,"valueName":"search_term_string"}}],"inLanguage":"fr-FR"},{"@type":"Organization","@id":"https:\/\/chateaufeely.com\/fr\/#organization","name":"Ch\u00e2teau Feely organic wine, tours, accommodation","url":"https:\/\/chateaufeely.com\/fr\/","logo":{"@type":"ImageObject","inLanguage":"fr-FR","@id":"https:\/\/chateaufeely.com\/fr\/#\/schema\/logo\/image\/","url":"https:\/\/chateaufeely.com\/wp-content\/uploads\/2016\/05\/logo-vertical-v2-250.png","contentUrl":"https:\/\/chateaufeely.com\/wp-content\/uploads\/2016\/05\/logo-vertical-v2-250.png","width":250,"height":312,"caption":"Ch\u00e2teau Feely organic wine, tours, accommodation"},"image":{"@id":"https:\/\/chateaufeely.com\/fr\/#\/schema\/logo\/image\/"},"sameAs":["https:\/\/www.facebook.com\/ChateauFeely\/","https:\/\/www.instagram.com\/chateaufeely\/"]}]}},"_links":{"self":[{"href":"https:\/\/chateaufeely.com\/fr\/wp-json\/wp\/v2\/pages\/10750","targetHints":{"allow":["GET"]}}],"collection":[{"href":"https:\/\/chateaufeely.com\/fr\/wp-json\/wp\/v2\/pages"}],"about":[{"href":"https:\/\/chateaufeely.com\/fr\/wp-json\/wp\/v2\/types\/page"}],"author":[{"embeddable":true,"href":"https:\/\/chateaufeely.com\/fr\/wp-json\/wp\/v2\/users\/2"}],"replies":[{"embeddable":true,"href":"https:\/\/chateaufeely.com\/fr\/wp-json\/wp\/v2\/comments?post=10750"}],"version-history":[{"count":5,"href":"https:\/\/chateaufeely.com\/fr\/wp-json\/wp\/v2\/pages\/10750\/revisions"}],"predecessor-version":[{"id":10868,"href":"https:\/\/chateaufeely.com\/fr\/wp-json\/wp\/v2\/pages\/10750\/revisions\/10868"}],"up":[{"embeddable":true,"href":"https:\/\/chateaufeely.com\/fr\/wp-json\/wp\/v2\/pages\/10777"}],"wp:featuredmedia":[{"embeddable":true,"href":"https:\/\/chateaufeely.com\/fr\/wp-json\/wp\/v2\/media\/8147"}],"wp:attachment":[{"href":"https:\/\/chateaufeely.com\/fr\/wp-json\/wp\/v2\/media?parent=10750"}],"curies":[{"name":"wp","href":"https:\/\/api.w.org\/{rel}","templated":true}]}}