{"id":10759,"date":"2026-02-27T16:21:59","date_gmt":"2026-02-27T15:21:59","guid":{"rendered":"https:\/\/chateaufeely.com\/le-yoga-dans-la-nature\/"},"modified":"2026-02-27T16:26:25","modified_gmt":"2026-02-27T15:26:25","slug":"le-yoga-dans-la-nature","status":"publish","type":"page","link":"https:\/\/chateaufeely.com\/fr\/yoga\/le-yoga-dans-la-nature\/","title":{"rendered":"Le yoga dans la nature"},"content":{"rendered":"[vc_row][vc_column][mk_icon_box icon=\u00a0\u00bbmk-icon-leaf\u00a0\u00bb title=\u00a0\u00bbLe yoga dans la nature\u00a0\u00bb text_size=\u00a0\u00bb30&Prime; style=\u00a0\u00bbsimple_ultimate\u00a0\u00bb icon_size=\u00a0\u00bblarge\u00a0\u00bb icon_location=\u00a0\u00bbtop\u00a0\u00bb icon_color=\u00a0\u00bb#e0b957&Prime; title_color=\u00a0\u00bb#000000&Prime; txt_color=\u00a0\u00bb#5e5e5e\u00a0\u00bb margin=\u00a0\u00bb0&Prime;][\/mk_icon_box][\/vc_column][\/vc_row][vc_row][vc_column][vc_column_text css=\u00a0\u00bb.vc_custom_1711295867229{margin-bottom: 0px !important;}\u00a0\u00bb]\n<p style=\"text-align: center;\"><span style=\"color: #000000;\"><strong>Une promenade douce dans une ferme bio et un cours de yoga \u00e0 flux lent dans la nature, \u00e0 Saussignac, pr\u00e8s de Bergerac et Saint-Foy La Grande<\/strong><\/span><\/p>\n[\/vc_column_text][\/vc_column][\/vc_row][vc_row][vc_column width=\u00a0\u00bb1\/2&Prime;][mk_image_slideshow images=\u00a0\u00bb9205,9314&Prime; image_width=\u00a0\u00bb1000&Prime; image_height=\u00a0\u00bb667&Prime; animation_speed=\u00a0\u00bb3000&Prime; slideshow_speed=\u00a0\u00bb20000&Prime;][\/vc_column][vc_column width=\u00a0\u00bb1\/2&Prime; css=\u00a0\u00bb.vc_custom_1464158896445{padding-left: 15px !important;}\u00a0\u00bb][vc_column_text css=\u00a0\u00bb.vc_custom_1768406292726{margin-bottom: 0px !important;}\u00a0\u00bb]<span style=\"color: #000000;\">Rejoignez Caro Feely, agricultrice biologique et professeure de yoga dipl\u00f4m\u00e9e (RYT500), pour une promenade \u00e0 travers sa ferme bio jusqu\u2019\u00e0 un endroit ombrag\u00e9 o\u00f9 elle vous guidera \u00e0 travers un cours de yoga en douceur et lent. L\u2019exp\u00e9rience commence par une promenade jusqu\u2019\u00e0 l\u2019endroit o\u00f9 nous suivons une s\u00e9quence de yoga douce adapt\u00e9e aux d\u00e9butants. Apr\u00e8s une m\u00e9ditation relaxante, nous sommes revenus \u00e0 pied.<\/span><\/p>\n<p><span style=\"color: #000000;\">Les mardis et vendredis \u00e0 20h30 pendant environ une heure et 10 minthe (pour des groupes de 4 ou plus \u2013 n\u2019importe quel jour et un horaire personnalis\u00e9 est possible selon la disponibilit\u00e9 \u2013 <a href=\"https:\/\/chateaufeely.com\/fr\/contact-2\/\"><strong>merci de me contacter<\/strong><\/a>). <\/span><\/p>\n<p><strong><span style=\"color: #000000;\">21 \u20ac par adulte<\/span><\/strong>[\/vc_column_text][vc_btn title=\u00a0\u00bbR\u00e9server\u00a0\u00bb color=\u00a0\u00bbgreen\u00a0\u00bb align=\u00a0\u00bbcenter\u00a0\u00bb link=\u00a0\u00bburl:https%3A%2F%2Ffareharbor.com%2Fembeds%2Fbook%2Fchateaufeely%2Fitems%2F532465%2F%3Ffull-items%3Dyes%26flow%3D1144540|title:R%C3%A9server|\u00a0\u00bb][\/vc_column][\/vc_row][vc_row][vc_column][vc_column_text css=\u00a0\u00bb.vc_custom_1583591993324{margin-bottom: 0px !important;}\u00a0\u00bb][\/vc_column_text][mk_blockquote font_family=\u00a0\u00bbnone\u00a0\u00bb]<em><strong><span style=\"color: #000000;\">\u00ab Apr\u00e8s une heure de &lsquo;yoga dans la nature&rsquo;, j\u2019avais l\u2019impression d\u2019\u00eatre en retraite. \u00bb<\/span> <\/strong><span style=\"color: #000000;\"><strong>Jenny<\/strong><\/span><\/em>[\/mk_blockquote][\/vc_column][\/vc_row][vc_row][vc_column width=\u00a0\u00bb1\/2&Prime;][vc_column_text css=\u00a0\u00bb.vc_custom_1768406370406{margin-bottom: 0px !important;}\u00a0\u00bb]\n<p style=\"text-align: center;\"><span style=\"color: #000000;\"><strong>Pourquoi le yoga dans la nature ?<\/strong><\/span><\/p>\n<p><span style=\"color: #000000;\">La nature et le yoga peuvent tous deux insuffler la f\u00e9licit\u00e9, donc les unir cr\u00e9e un bien-\u00eatre puissant.<\/span><\/p>\n<p><span style=\"color: #000000;\">Dans notre zone de yoga estivale, nous pratiquons \u00e0 la lisi\u00e8re d\u2019une for\u00eat indig\u00e8ne indig\u00e8ne que nous appelons \u00ab l\u00e0 o\u00f9 se trouvent les cr\u00e9atures sauvages \u00bb. Le bain forestier est une id\u00e9e japonaise qui encourage une participation lente et d\u00e9lib\u00e9r\u00e9e \u00e0 la nature \u2013 une sorte de pleine conscience foresti\u00e8re. Les for\u00eats d\u00e9gagent aussi des ar\u00f4mes aux propri\u00e9t\u00e9s curatives.<\/span><\/p>\n<p><span style=\"color: #000000;\">Des \u00e9tudes montrent que la nature est essentielle \u00e0 la sant\u00e9 physique et aux fonctions cognitives. Une \u00e9tude a montr\u00e9 que 120 minutes de nature par semaine \u00e9taient un minimum strict requis pour obtenir des avantages. Faire du yoga en plein air peut aider les gens \u00e0 atteindre ce minimum. Le yoga partout offre des bienfaits pour la sant\u00e9. Consultez cet <strong><a style=\"color: #000000;\" href=\"https:\/\/mag.foyht.org\/yoga-in-nature\/\" target=\"_blank\" rel=\"noopener\">article qui comprend des recherches sur les bienfaits de la nature et les bienfaits du yoga par Caro Feely<\/a><\/strong>.<\/span>[\/vc_column_text][vc_btn title=\u00a0\u00bbR\u00e9server\u00a0\u00bb color=\u00a0\u00bbgreen\u00a0\u00bb align=\u00a0\u00bbcenter\u00a0\u00bb link=\u00a0\u00bburl:https%3A%2F%2Ffareharbor.com%2Fembeds%2Fbook%2Fchateaufeely%2Fitems%2F532465%2F%3Ffull-items%3Dyes%26flow%3D1144540|title:R%C3%A9server|\u00a0\u00bb][\/vc_column][vc_column width=\u00a0\u00bb1\/2&Prime; css=\u00a0\u00bb.vc_custom_1464158896445{padding-left: 15px !important;}\u00a0\u00bb][vc_column_text css=\u00a0\u00bb.vc_custom_1583592288817{margin-bottom: 0px !important;}\u00a0\u00bb]\u00a0[\/vc_column_text][mk_image_slideshow images=\u00a0\u00bb8146&Prime; image_width=\u00a0\u00bb1000&Prime; image_height=\u00a0\u00bb667&Prime; slideshow_speed=\u00a0\u00bb3000&Prime;][\/vc_column][\/vc_row][vc_row][vc_column][vc_btn title=\u00a0\u00bbD\u00e9couvrez Feely Wines\u00a0\u00bb color=\u00a0\u00bbgreen\u00a0\u00bb align=\u00a0\u00bbcenter\u00a0\u00bb link=\u00a0\u00bburl:https%3A%2F%2Fchateaufeely.com%2Ffr%2Fnotre-boutique%2Fvins%2F|title:D%C3%A9couvrez%20Feely%20Wines|\u00a0\u00bb][vc_column_text css=\u00a0\u00bb.vc_custom_1711296254725{margin-bottom: 0px !important;}\u00a0\u00bb]<span style=\"color: #000000;\">Chateau Feely a remport\u00e9 le <a style=\"color: #000000;\" href=\"https:\/\/chateaufeely.com\/gold-trophy-for-chateau-feely-and-video\/\">Troph\u00e9e d\u2019Or pour l\u2019\u00e9ducation et la valorisation des pratiques \u00e9cologiques lors du premier Concours Fran\u00e7ais de Tourisme Viticologique en 2019<\/a> et a re\u00e7u le certificat d\u2019excellence Tripadvisor depuis plus de 5 ans. Vous pouvez aussi vivre une <a style=\"color: #000000;\" href=\"https:\/\/chateaufeely.com\/visites\/demie-journee\/\">excursion viticole d\u2019une demi-journ\u00e9e<\/a>, <a style=\"color: #000000;\" href=\"https:\/\/chateaufeely.com\/visites\/day-tours\/\">une journ\u00e9e compl\u00e8te<\/a> et des exp\u00e9riences gastronomiques de plusieurs jours avec nous \u2013 voir <a style=\"color: #000000;\" href=\"http:\/\/chateaufeely.com\/visites\/wine-tours\/\">des excursions de plusieurs jours<\/a>.<\/span>[\/vc_column_text][\/vc_column][\/vc_row]\n","protected":false},"excerpt":{"rendered":"<p>[vc_row][vc_column][mk_icon_box icon=\u00a0\u00bbmk-icon-leaf\u00a0\u00bb title=\u00a0\u00bbLe yoga dans la nature\u00a0\u00bb text_size=\u00a0\u00bb30&Prime; style=\u00a0\u00bbsimple_ultimate\u00a0\u00bb icon_size=\u00a0\u00bblarge\u00a0\u00bb icon_location=\u00a0\u00bbtop\u00a0\u00bb icon_color=\u00a0\u00bb#e0b957&Prime; title_color=\u00a0\u00bb#000000&Prime; txt_color=\u00a0\u00bb#5e5e5e\u00a0\u00bb margin=\u00a0\u00bb0&Prime;][\/mk_icon_box][\/vc_column][\/vc_row][vc_row][vc_column][vc_column_text css=\u00a0\u00bb.vc_custom_1711295867229{margin-bottom: 0px !important;}\u00a0\u00bb] Une promenade douce dans une ferme bio et un cours de yoga \u00e0 flux lent dans la nature, \u00e0 Saussignac, pr\u00e8s de Bergerac et Saint-Foy La Grande [\/vc_column_text][\/vc_column][\/vc_row][vc_row][vc_column width=\u00a0\u00bb1\/2&Prime;][mk_image_slideshow images=\u00a0\u00bb9205,9314&Prime; image_width=\u00a0\u00bb1000&Prime; image_height=\u00a0\u00bb667&Prime; animation_speed=\u00a0\u00bb3000&Prime; slideshow_speed=\u00a0\u00bb20000&Prime;][\/vc_column][vc_column width=\u00a0\u00bb1\/2&Prime; css=\u00a0\u00bb.vc_custom_1464158896445{padding-left: 15px [&hellip;]<\/p>\n","protected":false},"author":2,"featured_media":8147,"parent":10777,"menu_order":0,"comment_status":"closed","ping_status":"closed","template":"","meta":{"footnotes":""},"class_list":["post-10759","page","type-page","status-publish","has-post-thumbnail","hentry"],"yoast_head":"<!-- This site is optimized with the Yoast SEO plugin v27.3 - https:\/\/yoast.com\/product\/yoast-seo-wordpress\/ -->\n<title>Yoga dans la nature : un cours matinal relaxant dans un vignoble biologique<\/title>\n<meta name=\"description\" content=\"Rejoignez Caro Feely, professeure de yoga RYT500, pour une promenade dans son vignoble biologique et une heure de yoga \u00e0 flux lent en nature, pr\u00e8s de Bergerac\" \/>\n<meta name=\"robots\" content=\"index, follow, max-snippet:-1, max-image-preview:large, max-video-preview:-1\" \/>\n<link rel=\"canonical\" href=\"https:\/\/chateaufeely.com\/fr\/yoga\/le-yoga-dans-la-nature\/\" \/>\n<meta property=\"og:locale\" content=\"fr_FR\" \/>\n<meta property=\"og:type\" content=\"article\" \/>\n<meta property=\"og:title\" content=\"Yoga dans la nature : un cours matinal relaxant dans un vignoble biologique\" \/>\n<meta property=\"og:description\" content=\"Rejoignez Caro Feely, professeure de yoga RYT500, pour une promenade dans son vignoble biologique et une heure de yoga \u00e0 flux lent en nature, pr\u00e8s de Bergerac\" \/>\n<meta property=\"og:url\" content=\"https:\/\/chateaufeely.com\/fr\/yoga\/le-yoga-dans-la-nature\/\" \/>\n<meta property=\"og:site_name\" content=\"Ch\u00e2teau Feely organic wine, tours, accommodation\" \/>\n<meta property=\"article:publisher\" content=\"https:\/\/www.facebook.com\/ChateauFeely\/\" \/>\n<meta property=\"article:modified_time\" content=\"2026-02-27T15:26:25+00:00\" \/>\n<meta property=\"og:image\" content=\"https:\/\/chateaufeely.com\/wp-content\/uploads\/2022\/05\/caro-feely-easy-seat-pose-mid-size-yoga-in-the-vines-1200.jpg\" \/>\n\t<meta property=\"og:image:width\" content=\"1200\" \/>\n\t<meta property=\"og:image:height\" content=\"583\" \/>\n\t<meta property=\"og:image:type\" content=\"image\/jpeg\" \/>\n<meta name=\"twitter:card\" content=\"summary_large_image\" \/>\n<meta name=\"twitter:label1\" content=\"Dur\u00e9e de lecture estim\u00e9e\" \/>\n\t<meta name=\"twitter:data1\" content=\"4 minutes\" \/>\n<script type=\"application\/ld+json\" class=\"yoast-schema-graph\">{\"@context\":\"https:\\\/\\\/schema.org\",\"@graph\":[{\"@type\":\"WebPage\",\"@id\":\"https:\\\/\\\/chateaufeely.com\\\/fr\\\/yoga\\\/le-yoga-dans-la-nature\\\/\",\"url\":\"https:\\\/\\\/chateaufeely.com\\\/fr\\\/yoga\\\/le-yoga-dans-la-nature\\\/\",\"name\":\"Yoga dans la nature : un cours matinal relaxant dans un vignoble biologique\",\"isPartOf\":{\"@id\":\"https:\\\/\\\/chateaufeely.com\\\/fr\\\/#website\"},\"primaryImageOfPage\":{\"@id\":\"https:\\\/\\\/chateaufeely.com\\\/fr\\\/yoga\\\/le-yoga-dans-la-nature\\\/#primaryimage\"},\"image\":{\"@id\":\"https:\\\/\\\/chateaufeely.com\\\/fr\\\/yoga\\\/le-yoga-dans-la-nature\\\/#primaryimage\"},\"thumbnailUrl\":\"https:\\\/\\\/chateaufeely.com\\\/wp-content\\\/uploads\\\/2022\\\/05\\\/caro-feely-easy-seat-pose-mid-size-yoga-in-the-vines-1200.jpg\",\"datePublished\":\"2026-02-27T15:21:59+00:00\",\"dateModified\":\"2026-02-27T15:26:25+00:00\",\"description\":\"Rejoignez Caro Feely, professeure de yoga RYT500, pour une promenade dans son vignoble biologique et une heure de yoga \u00e0 flux lent en nature, pr\u00e8s de Bergerac\",\"breadcrumb\":{\"@id\":\"https:\\\/\\\/chateaufeely.com\\\/fr\\\/yoga\\\/le-yoga-dans-la-nature\\\/#breadcrumb\"},\"inLanguage\":\"fr-FR\",\"potentialAction\":[{\"@type\":\"ReadAction\",\"target\":[\"https:\\\/\\\/chateaufeely.com\\\/fr\\\/yoga\\\/le-yoga-dans-la-nature\\\/\"]}]},{\"@type\":\"ImageObject\",\"inLanguage\":\"fr-FR\",\"@id\":\"https:\\\/\\\/chateaufeely.com\\\/fr\\\/yoga\\\/le-yoga-dans-la-nature\\\/#primaryimage\",\"url\":\"https:\\\/\\\/chateaufeely.com\\\/wp-content\\\/uploads\\\/2022\\\/05\\\/caro-feely-easy-seat-pose-mid-size-yoga-in-the-vines-1200.jpg\",\"contentUrl\":\"https:\\\/\\\/chateaufeely.com\\\/wp-content\\\/uploads\\\/2022\\\/05\\\/caro-feely-easy-seat-pose-mid-size-yoga-in-the-vines-1200.jpg\",\"width\":1200,\"height\":583},{\"@type\":\"BreadcrumbList\",\"@id\":\"https:\\\/\\\/chateaufeely.com\\\/fr\\\/yoga\\\/le-yoga-dans-la-nature\\\/#breadcrumb\",\"itemListElement\":[{\"@type\":\"ListItem\",\"position\":1,\"name\":\"Accueil\",\"item\":\"https:\\\/\\\/chateaufeely.com\\\/fr\\\/\"},{\"@type\":\"ListItem\",\"position\":2,\"name\":\"Yoga\",\"item\":\"https:\\\/\\\/chateaufeely.com\\\/fr\\\/yoga\\\/\"},{\"@type\":\"ListItem\",\"position\":3,\"name\":\"Le yoga dans la nature\"}]},{\"@type\":\"WebSite\",\"@id\":\"https:\\\/\\\/chateaufeely.com\\\/fr\\\/#website\",\"url\":\"https:\\\/\\\/chateaufeely.com\\\/fr\\\/\",\"name\":\"Ch\u00e2teau Feely organic wine, tours, accommodation\",\"description\":\"Biodynamic and natural wine, tours and wine school, ecological luxury lodge\",\"publisher\":{\"@id\":\"https:\\\/\\\/chateaufeely.com\\\/fr\\\/#organization\"},\"potentialAction\":[{\"@type\":\"SearchAction\",\"target\":{\"@type\":\"EntryPoint\",\"urlTemplate\":\"https:\\\/\\\/chateaufeely.com\\\/fr\\\/?s={search_term_string}\"},\"query-input\":{\"@type\":\"PropertyValueSpecification\",\"valueRequired\":true,\"valueName\":\"search_term_string\"}}],\"inLanguage\":\"fr-FR\"},{\"@type\":\"Organization\",\"@id\":\"https:\\\/\\\/chateaufeely.com\\\/fr\\\/#organization\",\"name\":\"Ch\u00e2teau Feely organic wine, tours, accommodation\",\"url\":\"https:\\\/\\\/chateaufeely.com\\\/fr\\\/\",\"logo\":{\"@type\":\"ImageObject\",\"inLanguage\":\"fr-FR\",\"@id\":\"https:\\\/\\\/chateaufeely.com\\\/fr\\\/#\\\/schema\\\/logo\\\/image\\\/\",\"url\":\"https:\\\/\\\/chateaufeely.com\\\/wp-content\\\/uploads\\\/2016\\\/05\\\/logo-vertical-v2-250.png\",\"contentUrl\":\"https:\\\/\\\/chateaufeely.com\\\/wp-content\\\/uploads\\\/2016\\\/05\\\/logo-vertical-v2-250.png\",\"width\":250,\"height\":312,\"caption\":\"Ch\u00e2teau Feely organic wine, tours, accommodation\"},\"image\":{\"@id\":\"https:\\\/\\\/chateaufeely.com\\\/fr\\\/#\\\/schema\\\/logo\\\/image\\\/\"},\"sameAs\":[\"https:\\\/\\\/www.facebook.com\\\/ChateauFeely\\\/\",\"https:\\\/\\\/www.instagram.com\\\/chateaufeely\\\/\"]}]}<\/script>\n<!-- \/ Yoast SEO plugin. -->","yoast_head_json":{"title":"Yoga dans la nature : un cours matinal relaxant dans un vignoble biologique","description":"Rejoignez Caro Feely, professeure de yoga RYT500, pour une promenade dans son vignoble biologique et une heure de yoga \u00e0 flux lent en nature, pr\u00e8s de Bergerac","robots":{"index":"index","follow":"follow","max-snippet":"max-snippet:-1","max-image-preview":"max-image-preview:large","max-video-preview":"max-video-preview:-1"},"canonical":"https:\/\/chateaufeely.com\/fr\/yoga\/le-yoga-dans-la-nature\/","og_locale":"fr_FR","og_type":"article","og_title":"Yoga dans la nature : un cours matinal relaxant dans un vignoble biologique","og_description":"Rejoignez Caro Feely, professeure de yoga RYT500, pour une promenade dans son vignoble biologique et une heure de yoga \u00e0 flux lent en nature, pr\u00e8s de Bergerac","og_url":"https:\/\/chateaufeely.com\/fr\/yoga\/le-yoga-dans-la-nature\/","og_site_name":"Ch\u00e2teau Feely organic wine, tours, accommodation","article_publisher":"https:\/\/www.facebook.com\/ChateauFeely\/","article_modified_time":"2026-02-27T15:26:25+00:00","og_image":[{"width":1200,"height":583,"url":"https:\/\/chateaufeely.com\/wp-content\/uploads\/2022\/05\/caro-feely-easy-seat-pose-mid-size-yoga-in-the-vines-1200.jpg","type":"image\/jpeg"}],"twitter_card":"summary_large_image","twitter_misc":{"Dur\u00e9e de lecture estim\u00e9e":"4 minutes"},"schema":{"@context":"https:\/\/schema.org","@graph":[{"@type":"WebPage","@id":"https:\/\/chateaufeely.com\/fr\/yoga\/le-yoga-dans-la-nature\/","url":"https:\/\/chateaufeely.com\/fr\/yoga\/le-yoga-dans-la-nature\/","name":"Yoga dans la nature : un cours matinal relaxant dans un vignoble biologique","isPartOf":{"@id":"https:\/\/chateaufeely.com\/fr\/#website"},"primaryImageOfPage":{"@id":"https:\/\/chateaufeely.com\/fr\/yoga\/le-yoga-dans-la-nature\/#primaryimage"},"image":{"@id":"https:\/\/chateaufeely.com\/fr\/yoga\/le-yoga-dans-la-nature\/#primaryimage"},"thumbnailUrl":"https:\/\/chateaufeely.com\/wp-content\/uploads\/2022\/05\/caro-feely-easy-seat-pose-mid-size-yoga-in-the-vines-1200.jpg","datePublished":"2026-02-27T15:21:59+00:00","dateModified":"2026-02-27T15:26:25+00:00","description":"Rejoignez Caro Feely, professeure de yoga RYT500, pour une promenade dans son vignoble biologique et une heure de yoga \u00e0 flux lent en nature, pr\u00e8s de Bergerac","breadcrumb":{"@id":"https:\/\/chateaufeely.com\/fr\/yoga\/le-yoga-dans-la-nature\/#breadcrumb"},"inLanguage":"fr-FR","potentialAction":[{"@type":"ReadAction","target":["https:\/\/chateaufeely.com\/fr\/yoga\/le-yoga-dans-la-nature\/"]}]},{"@type":"ImageObject","inLanguage":"fr-FR","@id":"https:\/\/chateaufeely.com\/fr\/yoga\/le-yoga-dans-la-nature\/#primaryimage","url":"https:\/\/chateaufeely.com\/wp-content\/uploads\/2022\/05\/caro-feely-easy-seat-pose-mid-size-yoga-in-the-vines-1200.jpg","contentUrl":"https:\/\/chateaufeely.com\/wp-content\/uploads\/2022\/05\/caro-feely-easy-seat-pose-mid-size-yoga-in-the-vines-1200.jpg","width":1200,"height":583},{"@type":"BreadcrumbList","@id":"https:\/\/chateaufeely.com\/fr\/yoga\/le-yoga-dans-la-nature\/#breadcrumb","itemListElement":[{"@type":"ListItem","position":1,"name":"Accueil","item":"https:\/\/chateaufeely.com\/fr\/"},{"@type":"ListItem","position":2,"name":"Yoga","item":"https:\/\/chateaufeely.com\/fr\/yoga\/"},{"@type":"ListItem","position":3,"name":"Le yoga dans la nature"}]},{"@type":"WebSite","@id":"https:\/\/chateaufeely.com\/fr\/#website","url":"https:\/\/chateaufeely.com\/fr\/","name":"Ch\u00e2teau Feely organic wine, tours, accommodation","description":"Biodynamic and natural wine, tours and wine school, ecological luxury lodge","publisher":{"@id":"https:\/\/chateaufeely.com\/fr\/#organization"},"potentialAction":[{"@type":"SearchAction","target":{"@type":"EntryPoint","urlTemplate":"https:\/\/chateaufeely.com\/fr\/?s={search_term_string}"},"query-input":{"@type":"PropertyValueSpecification","valueRequired":true,"valueName":"search_term_string"}}],"inLanguage":"fr-FR"},{"@type":"Organization","@id":"https:\/\/chateaufeely.com\/fr\/#organization","name":"Ch\u00e2teau Feely organic wine, tours, accommodation","url":"https:\/\/chateaufeely.com\/fr\/","logo":{"@type":"ImageObject","inLanguage":"fr-FR","@id":"https:\/\/chateaufeely.com\/fr\/#\/schema\/logo\/image\/","url":"https:\/\/chateaufeely.com\/wp-content\/uploads\/2016\/05\/logo-vertical-v2-250.png","contentUrl":"https:\/\/chateaufeely.com\/wp-content\/uploads\/2016\/05\/logo-vertical-v2-250.png","width":250,"height":312,"caption":"Ch\u00e2teau Feely organic wine, tours, accommodation"},"image":{"@id":"https:\/\/chateaufeely.com\/fr\/#\/schema\/logo\/image\/"},"sameAs":["https:\/\/www.facebook.com\/ChateauFeely\/","https:\/\/www.instagram.com\/chateaufeely\/"]}]}},"_links":{"self":[{"href":"https:\/\/chateaufeely.com\/fr\/wp-json\/wp\/v2\/pages\/10759","targetHints":{"allow":["GET"]}}],"collection":[{"href":"https:\/\/chateaufeely.com\/fr\/wp-json\/wp\/v2\/pages"}],"about":[{"href":"https:\/\/chateaufeely.com\/fr\/wp-json\/wp\/v2\/types\/page"}],"author":[{"embeddable":true,"href":"https:\/\/chateaufeely.com\/fr\/wp-json\/wp\/v2\/users\/2"}],"replies":[{"embeddable":true,"href":"https:\/\/chateaufeely.com\/fr\/wp-json\/wp\/v2\/comments?post=10759"}],"version-history":[{"count":5,"href":"https:\/\/chateaufeely.com\/fr\/wp-json\/wp\/v2\/pages\/10759\/revisions"}],"predecessor-version":[{"id":10861,"href":"https:\/\/chateaufeely.com\/fr\/wp-json\/wp\/v2\/pages\/10759\/revisions\/10861"}],"up":[{"embeddable":true,"href":"https:\/\/chateaufeely.com\/fr\/wp-json\/wp\/v2\/pages\/10777"}],"wp:featuredmedia":[{"embeddable":true,"href":"https:\/\/chateaufeely.com\/fr\/wp-json\/wp\/v2\/media\/8147"}],"wp:attachment":[{"href":"https:\/\/chateaufeely.com\/fr\/wp-json\/wp\/v2\/media?parent=10759"}],"curies":[{"name":"wp","href":"https:\/\/api.w.org\/{rel}","templated":true}]}}