{"id":10763,"date":"2026-02-27T16:22:00","date_gmt":"2026-02-27T15:22:00","guid":{"rendered":"https:\/\/chateaufeely.com\/retraite-de-yoga-dune-journee\/"},"modified":"2026-02-27T16:26:14","modified_gmt":"2026-02-27T15:26:14","slug":"retraite-de-yoga-dune-journee","status":"publish","type":"page","link":"https:\/\/chateaufeely.com\/fr\/yoga\/retraite-de-yoga-dune-journee\/","title":{"rendered":"Retraite de yoga d\u2019une journ\u00e9e"},"content":{"rendered":"[vc_row][vc_column][mk_icon_box icon=\u00a0\u00bbmk-icon-star\u00a0\u00bb title=\u00a0\u00bbRetraite de yoga d\u2019une journ\u00e9e\u00a0\u00bb text_size=\u00a0\u00bb30&Prime; style=\u00a0\u00bbsimple_ultimate\u00a0\u00bb icon_size=\u00a0\u00bblarge\u00a0\u00bb icon_location=\u00a0\u00bbtop\u00a0\u00bb icon_color=\u00a0\u00bb#e0b957&Prime; title_color=\u00a0\u00bb#000000&Prime; txt_color=\u00a0\u00bb#5e5e5e\u00a0\u00bb margin=\u00a0\u00bb0&Prime;]\n<p style=\"text-align: center;\">Journ\u00e9e de retraite de yoga &#8211; une journ\u00e9e de yoga paisible, de nature, de nourriture d\u00e9licieuse et d\u2019une exp\u00e9rience de vin pleine de conscience au Ch\u00e2teau Feely<\/p>\n[\/mk_icon_box][\/vc_column][\/vc_row][vc_row][vc_column][vc_column_text css=\u00a0\u00bb.vc_custom_1679644224960{margin-bottom: 0px !important;}\u00a0\u00bb]\n<p style=\"text-align: center;\"><span style=\"color: #000000;\"><strong>Offrez-vous une mini-retraite \u2013 une journ\u00e9e de yoga, de nature et de d\u00e9gustation de vin en pleine conscience en Dordogne, dans un vignoble bio pr\u00e8s de Bergerac, \u00e0 mi-chemin entre Bordeaux et Sarlat<\/strong><\/span><\/p>\n[\/vc_column_text][\/vc_column][\/vc_row][vc_row][vc_column][\/vc_column][\/vc_row][vc_row][vc_column width=\u00a0\u00bb1\/2&Prime;][mk_image_slideshow images=\u00a0\u00bb10452,8148,10454,8524,9205&Prime; image_width=\u00a0\u00bb1000&Prime; image_height=\u00a0\u00bb667&Prime; slideshow_speed=\u00a0\u00bb3000&Prime;][vc_column_text css=\u00a0\u00bb.vc_custom_1711290018642{margin-bottom: 0px !important;}\u00a0\u00bb]\n<h2><\/h2>\n<h2>EN UN COUP D\u2019\u0152IL :<\/h2>\n<ul>\n<li><span style=\"color: #000000;\">Une promenade dans les vignobles bio<\/span><\/li>\n<li><span style=\"color: #000000;\">Un cours de yoga hatha vinyasa \u00e0 flux lent (postures de yoga faciles avec un mouvement doux et fluide d\u2019une posture \u00e0 l\u2019autre)<\/span><\/li>\n<li><span style=\"color: #000000;\">D\u00e9gustation de vins consciente<\/span><\/li>\n<li><span style=\"color: #000000;\">Un d\u00e9jeuner somptueux<\/span><\/li>\n<li><span style=\"color: #000000;\">Un cours de yoga r\u00e9parateur<\/span><\/li>\n<li><span style=\"color: #000000;\">Un guide de poche num\u00e9rique pour la d\u00e9gustation de vins et un guide de poche num\u00e9rique pour le yoga.<\/span><\/li>\n<\/ul>\n[\/vc_column_text][\/vc_column][vc_column width=\u00a0\u00bb1\/2&Prime; css=\u00a0\u00bb.vc_custom_1464158896445{padding-left: 15px !important;}\u00a0\u00bb][vc_column_text css=\u00a0\u00bb.vc_custom_1764163867189{margin-bottom: 0px !important;}\u00a0\u00bb]<span style=\"color: #000000;\">Quand : possible lundi, jeudi ou vendredi de 10h30 \u00e0 16h<\/span><\/p>\n<p><span style=\"color: #000000;\">O\u00f9 : Ch\u00e2teau Feely, Saussignac, un trajet en train facile depuis Bordeaux St Jean, St Emilion, Bergerac ou Sarlat<\/span><\/p>\n<p><span style=\"color: #000000;\">Commencez la matin\u00e9e par une promenade dans les vignes et une heure de hatha vinyasa yoga \u00e0 l\u2019ombre dehors (si le temps est mauvais, le yoga est \u00e0 l\u2019int\u00e9rieur). D\u00e9couvrez ensuite la d\u00e9gustation de vins ax\u00e9e sur les sens et la d\u00e9gustation m\u00e9ditative. Ensuite, nous nous promenons dans un restaurant d\u00e9licieux pour un d\u00e9licieux d\u00e9jeuner en trois services (merci de nous informer lors de la r\u00e9servation si vous \u00eates v\u00e9g\u00e9tarien ou si vous avez des besoins alimentaires particuliers). L\u2019apr\u00e8s-midi, vous explorez le yoga r\u00e9parateur et la m\u00e9ditation. Le yoga convient aux d\u00e9butants.<\/span><\/p>\n<p><span style=\"color: #000000;\"><strong>La r\u00e9servation minimale est de 2 personnes et maximum de 6 personnes.<\/strong><\/span><\/p>\n<p><span style=\"color: #000000;\"><strong>Prix :<\/strong> 169 euros par personne<\/span><\/p>\n<p><span style=\"color: #000000;\">R\u00e9servation au moins 24 heures \u00e0 l\u2019avance.<\/span><\/p>\n<p><span style=\"color: #000000;\">Si vous conduisez, vous pouvez t\u00e9l\u00e9charger la carte PDF pour vous rendre ici en voiture, cliquez sur Indications pour Ch\u00e2teau Feely (environ 150 ko).<\/span><\/p>\n<p><span style=\"color: #000000;\">Si vous vous entra\u00eenez, nous proposons une collecte \u00e0 10h30 \u00e0 la gare de Gardonne, un magnifique trajet direct en train depuis Bordeaux St Jean, St Emilion, Bergerac ou Sarlat. Nous proposons \u00e9galement un retour \u00e0 la gare de Gardonne dans l\u2019apr\u00e8s-midi.<\/span>[\/vc_column_text][vc_btn title=\u00a0\u00bbR\u00e9server\u00a0\u00bb color=\u00a0\u00bbgreen\u00a0\u00bb align=\u00a0\u00bbcenter\u00a0\u00bb link=\u00a0\u00bburl:https%3A%2F%2Ffareharbor.com%2Fembeds%2Fbook%2Fchateaufeely%2Fitems%2F532468%2F%3Ffull-items%3Dyes%26flow%3D1144540|title:R%C3%A9server%20maintenant|\u00a0\u00bb][\/vc_column][\/vc_row][vc_row][vc_column][vc_column_text css=\u00a0\u00bb.vc_custom_1583591993324{margin-bottom: 0px !important;}\u00a0\u00bb][\/vc_column_text][mk_blockquote font_family=\u00a0\u00bbnone\u00a0\u00bb]<strong><span style=\"color: #000000;\"><em>\u00ab Une exp\u00e9rience merveilleuse de yoga et de d\u00e9gustation de vin ! Tr\u00e8s bien planifi\u00e9, relaxant et une excellente exp\u00e9rience d\u2019apprentissage.<\/em> \u00bb Serena<\/span><\/strong>[\/mk_blockquote][\/vc_column][\/vc_row][vc_row][vc_column width=\u00a0\u00bb1\/2&Prime;][vc_column_text css=\u00a0\u00bb.vc_custom_1679655643523{margin-bottom: 0px !important;}\u00a0\u00bb]\n<p style=\"text-align: center;\"><span style=\"color: #000000;\"><strong>Qu\u2019est-ce que la d\u00e9gustation de vin pleine conscience ?<\/strong><\/span><\/p>\n<p><span style=\"color: #000000;\">La d\u00e9gustation de vin, c\u2019est utiliser ses sens. Prendre le temps d\u2019appr\u00e9cier un vin \u2013 s\u2019engager pleinement avec un vin est une forme de respect : respect pour le travail qui y a \u00e9t\u00e9 consacr\u00e9 ; pour la nature et la lumi\u00e8re du soleil qui l\u2019ont cr\u00e9\u00e9e ; Et pour toi-m\u00eame. <\/span><\/p>\n<p><span style=\"color: #000000;\">Lors de la d\u00e9gustation consciente de vin, nous prenons le temps de concentrer nos sens, de l\u00e2cher prise sur nos autres pens\u00e9es et d\u2019\u00eatre totalement concentr\u00e9s sur le vin.\u00a0C\u2019est presque comme se mettre \u00e0 m\u00e9diter. C\u2019est pourquoi le yoga peut aider \u00e0 se pr\u00e9parer \u00e0 une d\u00e9gustation de vin consciente. Le yoga pr\u00e9pare l\u2019esprit \u00e0 la m\u00e9ditation et c\u2019est exactement ce dont nous avons besoin pour \u00eatre pr\u00eat \u00e0 une d\u00e9gustation de vin consciente.<\/span><\/p>\n<p style=\"text-align: center;\"><span style=\"color: #000000;\"><strong>Qu\u2019est-ce que le yoga r\u00e9parateur ?<\/strong><\/span><\/p>\n<p><span style=\"color: #000000;\">Le yoga r\u00e9parateur est relaxant et apaisant. Apr\u00e8s un \u00e9tirement d\u00e9licat, nous passons \u00e0 une s\u00e9rie de postures de yoga r\u00e9paratrice et restons dans chacune de ces postures pendant de 5 \u00e0 20 minutes. C\u2019est une forme de yoga tr\u00e8s apaisante et douce qui vous aide \u00e0 d\u00e9couvrir un repos profond et une relaxation profonde.<\/span><\/p>\n<p style=\"text-align: center;\"><span style=\"color: #000000;\"><strong>Qu\u2019est-ce que le Hatha Vinyasa Yoga ?<\/strong><\/span><\/p>\n<p><span style=\"color: #000000;\">Le hatha yoga est un yoga o\u00f9 les postures sont maintenues pendant plusieurs respirations. Le vinyasa yoga est un yoga o\u00f9 le mouvement suit la respiration, donc nous changeons de posture plus souvent. Nous proposons une pratique lente du vinyasa avec certaines postures tenues plus longtemps dans le style hatha, d\u2019o\u00f9 le terme Hatha Vinyasa. <\/span><\/p>\n<p style=\"text-align: center;\"><span style=\"color: #000000;\"><strong>Cette journ\u00e9e est-elle adapt\u00e9e aux d\u00e9butants ?<\/strong><\/span><\/p>\n<p><span style=\"color: #000000;\">Cette journ\u00e9e convient aux d\u00e9butants et \u00e0 ceux qui pratiquent d\u00e9j\u00e0 ou ont pratiqu\u00e9 le yoga, mais elle n\u2019est pas recommand\u00e9e \u00e0 ceux qui ont des difficult\u00e9s \u00e0 marcher ou des probl\u00e8mes de sant\u00e9. Vous \u00eates le meilleur juge de ce qui est possible pour vous. Ne fais que ce qui te convient \u00e0 toi et \u00e0 ton corps.<\/span>[\/vc_column_text][vc_btn title=\u00a0\u00bbR\u00e9server\u00a0\u00bb color=\u00a0\u00bbgreen\u00a0\u00bb align=\u00a0\u00bbcenter\u00a0\u00bb link=\u00a0\u00bburl:https%3A%2F%2Ffareharbor.com%2Fembeds%2Fbook%2Fchateaufeely%2Fitems%2F532468%2F%3Ffull-items%3Dyes%26flow%3D1144540|title:R%C3%A9server%20maintenant|\u00a0\u00bb][\/vc_column][vc_column width=\u00a0\u00bb1\/2&Prime; css=\u00a0\u00bb.vc_custom_1464158896445{padding-left: 15px !important;}\u00a0\u00bb][vc_column_text css=\u00a0\u00bb.vc_custom_1583592288817{margin-bottom: 0px !important;}\u00a0\u00bb]\u00a0[\/vc_column_text][mk_image_slideshow images=\u00a0\u00bb8146,10456,8100&Prime; image_width=\u00a0\u00bb1000&Prime; image_height=\u00a0\u00bb667&Prime; slideshow_speed=\u00a0\u00bb3000&Prime;][\/vc_column][\/vc_row][vc_row][vc_column][vc_btn title=\u00a0\u00bbD\u00e9couvrez Feely Wines\u00a0\u00bb color=\u00a0\u00bbgreen\u00a0\u00bb align=\u00a0\u00bbcenter\u00a0\u00bb link=\u00a0\u00bburl:https%3A%2F%2Fchateaufeely.com%2Ffr%2Fnotre-boutique%2Fvins%2F|title:D%C3%A9couvrez%20Feely%20Wines|\u00a0\u00bb][vc_column_text css=\u00a0\u00bb.vc_custom_1679653092540{margin-bottom: 0px !important;}\u00a0\u00bb]<span style=\"color: #000000;\">Voici une s\u00e9lection des vins potentiels que nous allons go\u00fbter (cela peut varier l\u00e9g\u00e8rement selon la disponibilit\u00e9)<\/span><\/p>\n<p><span style=\"color: #000000;\">\u2022 <a style=\"color: #000000;\" href=\"https:\/\/chateaufeely.com\/fr\/produit\/sincerite-2015\/\" target=\"_blank\" rel=\"noopener noreferrer\"><strong><em>Feely Sincerit\u00e9<\/em><\/strong><\/a>, un sauvignon blanc pur et piquant cultiv\u00e9 sur du calcaire avec des saveurs et une min\u00e9ralit\u00e9 d\u2019agrumes fra\u00eeches<\/span><br \/>\n<span style=\"color: #000000;\">\u2022 <a style=\"color: #000000;\" href=\"https:\/\/chateaufeely.com\/product\/generosite-2014\/\" target=\"_blank\" rel=\"noopener noreferrer\"><em><strong>Feely G\u00e9n\u00e9rosit\u00e9<\/strong><\/em><\/a>, un s\u00e9millon vieilli en f\u00fbt sec avec des notes de vanille, tarte aux pommes et compote d\u2019abricot<\/span><\/p>\n<p><span style=\"color: #000000;\">\u2022 <a style=\"color: #000000;\" href=\"https:\/\/chateaufeely.com\/fr\/produit\/sensualite-2015\/\" target=\"_blank\" rel=\"noopener noreferrer\"><em><strong>Feely<\/strong><\/em><\/a> <strong><em>Sensualite, <\/em><\/strong>un ros\u00e9 sec fait \u00e0 partir de merlot somptueux choisis parfaitement pour une fra\u00eecheur \u00e0 la fraise<\/span><\/p>\n<p><span style=\"color: #000000;\">\u2022 <a style=\"color: #000000;\" href=\"https:\/\/chateaufeely.com\/product\/resonance\/\" target=\"_blank\" rel=\"noopener noreferrer\"><em><strong>Feely R\u00e9sonance<\/strong><\/em><\/a>, un merlot pur vieilli en acier inoxydable avec une touche de fum\u00e9e et de min\u00e9ralit\u00e9 provenant du silex et du calcaire<\/span><br \/>\n<span style=\"color: #000000;\">\u2022 <a style=\"color: #000000;\" href=\"https:\/\/chateaufeely.com\/fr\/produit\/grace\/\" target=\"_blank\" rel=\"noopener noreferrer\"><em><strong>Feely Gr\u00e2ce<\/strong><\/em><\/a>, un m\u00e9lange de cabernet sauvignon en merlot vieilli 100 % en f\u00fbt<\/span><\/p>\n<p><span style=\"color: #000000;\">Chateau Feely a remport\u00e9 le <a style=\"color: #000000;\" href=\"https:\/\/chateaufeely.com\/gold-trophy-for-chateau-feely-and-video\/\">Troph\u00e9e d\u2019Or pour l\u2019\u00e9ducation et la valorisation des pratiques \u00e9cologiques lors du premier Concours Fran\u00e7ais de Tourisme Viticologique en 2019<\/a> et a re\u00e7u le certificat d\u2019excellence Tripadvisor depuis plus de 5 ans. Vous pouvez aussi vivre une <a style=\"color: #000000;\" href=\"https:\/\/chateaufeely.com\/visites\/demie-journee\/\">excursion viticole d\u2019une demi-journ\u00e9e<\/a>, <a style=\"color: #000000;\" href=\"https:\/\/chateaufeely.com\/visites\/day-tours\/\">une journ\u00e9e compl\u00e8te<\/a> et des exp\u00e9riences gastronomiques de plusieurs jours avec nous \u2013 voir <a style=\"color: #000000;\" href=\"http:\/\/chateaufeely.com\/visites\/wine-tours\/\">des excursions de plusieurs jours<\/a>.<\/span>[\/vc_column_text][vc_btn title=\u00a0\u00bbR\u00e9server\u00a0\u00bb color=\u00a0\u00bbgreen\u00a0\u00bb align=\u00a0\u00bbcenter\u00a0\u00bb link=\u00a0\u00bburl:https%3A%2F%2Ffareharbor.com%2Fembeds%2Fbook%2Fchateaufeely%2F%3Ffull-items%3Dyes%26flow%3D1144180|title:R%C3%A9server%20maintenant|\u00a0\u00bb][\/vc_column][\/vc_row]\n","protected":false},"excerpt":{"rendered":"<p>[vc_row][vc_column][mk_icon_box icon=\u00a0\u00bbmk-icon-star\u00a0\u00bb title=\u00a0\u00bbRetraite de yoga d\u2019une journ\u00e9e\u00a0\u00bb text_size=\u00a0\u00bb30&Prime; style=\u00a0\u00bbsimple_ultimate\u00a0\u00bb icon_size=\u00a0\u00bblarge\u00a0\u00bb icon_location=\u00a0\u00bbtop\u00a0\u00bb icon_color=\u00a0\u00bb#e0b957&Prime; title_color=\u00a0\u00bb#000000&Prime; txt_color=\u00a0\u00bb#5e5e5e\u00a0\u00bb margin=\u00a0\u00bb0&Prime;] Journ\u00e9e de retraite de yoga &#8211; une journ\u00e9e de yoga paisible, de nature, de nourriture d\u00e9licieuse et d\u2019une exp\u00e9rience de vin pleine de conscience au Ch\u00e2teau Feely [\/mk_icon_box][\/vc_column][\/vc_row][vc_row][vc_column][vc_column_text css=\u00a0\u00bb.vc_custom_1679644224960{margin-bottom: 0px !important;}\u00a0\u00bb] Offrez-vous une mini-retraite \u2013 une journ\u00e9e de yoga, de [&hellip;]<\/p>\n","protected":false},"author":2,"featured_media":8147,"parent":10777,"menu_order":0,"comment_status":"closed","ping_status":"closed","template":"","meta":{"footnotes":""},"class_list":["post-10763","page","type-page","status-publish","has-post-thumbnail","hentry"],"yoast_head":"<!-- This site is optimized with the Yoast SEO plugin v27.3 - https:\/\/yoast.com\/product\/yoast-seo-wordpress\/ -->\n<title>Retraite de yoga d\u2019une journ\u00e9e dans un vignoble bio en France<\/title>\n<meta name=\"description\" content=\"Une retraite de yoga relaxante d\u2019une journ\u00e9e sur un vignoble biologique prim\u00e9, \u00e0 mi-chemin entre Bordeaux et Sarlat, \u00e0 Saussignac, dans le sud-ouest de la France\" \/>\n<meta name=\"robots\" content=\"index, follow, max-snippet:-1, max-image-preview:large, max-video-preview:-1\" \/>\n<link rel=\"canonical\" href=\"https:\/\/chateaufeely.com\/fr\/yoga\/retraite-de-yoga-dune-journee\/\" \/>\n<meta property=\"og:locale\" content=\"fr_FR\" \/>\n<meta property=\"og:type\" content=\"article\" \/>\n<meta property=\"og:title\" content=\"Retraite de yoga d\u2019une journ\u00e9e dans un vignoble bio en France\" \/>\n<meta property=\"og:description\" content=\"Une retraite de yoga relaxante d\u2019une journ\u00e9e sur un vignoble biologique prim\u00e9, \u00e0 mi-chemin entre Bordeaux et Sarlat, \u00e0 Saussignac, dans le sud-ouest de la France\" \/>\n<meta property=\"og:url\" content=\"https:\/\/chateaufeely.com\/fr\/yoga\/retraite-de-yoga-dune-journee\/\" \/>\n<meta property=\"og:site_name\" content=\"Ch\u00e2teau Feely organic wine, tours, accommodation\" \/>\n<meta property=\"article:publisher\" content=\"https:\/\/www.facebook.com\/ChateauFeely\/\" \/>\n<meta property=\"article:modified_time\" content=\"2026-02-27T15:26:14+00:00\" \/>\n<meta property=\"og:image\" content=\"https:\/\/chateaufeely.com\/wp-content\/uploads\/2022\/05\/caro-feely-easy-seat-pose-mid-size-yoga-in-the-vines-1200.jpg\" \/>\n\t<meta property=\"og:image:width\" content=\"1200\" \/>\n\t<meta property=\"og:image:height\" content=\"583\" \/>\n\t<meta property=\"og:image:type\" content=\"image\/jpeg\" \/>\n<meta name=\"twitter:card\" content=\"summary_large_image\" \/>\n<meta name=\"twitter:label1\" content=\"Dur\u00e9e de lecture estim\u00e9e\" \/>\n\t<meta name=\"twitter:data1\" content=\"6 minutes\" \/>\n<script type=\"application\/ld+json\" class=\"yoast-schema-graph\">{\"@context\":\"https:\\\/\\\/schema.org\",\"@graph\":[{\"@type\":\"WebPage\",\"@id\":\"https:\\\/\\\/chateaufeely.com\\\/fr\\\/yoga\\\/retraite-de-yoga-dune-journee\\\/\",\"url\":\"https:\\\/\\\/chateaufeely.com\\\/fr\\\/yoga\\\/retraite-de-yoga-dune-journee\\\/\",\"name\":\"Retraite de yoga d\u2019une journ\u00e9e dans un vignoble bio en France\",\"isPartOf\":{\"@id\":\"https:\\\/\\\/chateaufeely.com\\\/fr\\\/#website\"},\"primaryImageOfPage\":{\"@id\":\"https:\\\/\\\/chateaufeely.com\\\/fr\\\/yoga\\\/retraite-de-yoga-dune-journee\\\/#primaryimage\"},\"image\":{\"@id\":\"https:\\\/\\\/chateaufeely.com\\\/fr\\\/yoga\\\/retraite-de-yoga-dune-journee\\\/#primaryimage\"},\"thumbnailUrl\":\"https:\\\/\\\/chateaufeely.com\\\/wp-content\\\/uploads\\\/2022\\\/05\\\/caro-feely-easy-seat-pose-mid-size-yoga-in-the-vines-1200.jpg\",\"datePublished\":\"2026-02-27T15:22:00+00:00\",\"dateModified\":\"2026-02-27T15:26:14+00:00\",\"description\":\"Une retraite de yoga relaxante d\u2019une journ\u00e9e sur un vignoble biologique prim\u00e9, \u00e0 mi-chemin entre Bordeaux et Sarlat, \u00e0 Saussignac, dans le sud-ouest de la France\",\"breadcrumb\":{\"@id\":\"https:\\\/\\\/chateaufeely.com\\\/fr\\\/yoga\\\/retraite-de-yoga-dune-journee\\\/#breadcrumb\"},\"inLanguage\":\"fr-FR\",\"potentialAction\":[{\"@type\":\"ReadAction\",\"target\":[\"https:\\\/\\\/chateaufeely.com\\\/fr\\\/yoga\\\/retraite-de-yoga-dune-journee\\\/\"]}]},{\"@type\":\"ImageObject\",\"inLanguage\":\"fr-FR\",\"@id\":\"https:\\\/\\\/chateaufeely.com\\\/fr\\\/yoga\\\/retraite-de-yoga-dune-journee\\\/#primaryimage\",\"url\":\"https:\\\/\\\/chateaufeely.com\\\/wp-content\\\/uploads\\\/2022\\\/05\\\/caro-feely-easy-seat-pose-mid-size-yoga-in-the-vines-1200.jpg\",\"contentUrl\":\"https:\\\/\\\/chateaufeely.com\\\/wp-content\\\/uploads\\\/2022\\\/05\\\/caro-feely-easy-seat-pose-mid-size-yoga-in-the-vines-1200.jpg\",\"width\":1200,\"height\":583},{\"@type\":\"BreadcrumbList\",\"@id\":\"https:\\\/\\\/chateaufeely.com\\\/fr\\\/yoga\\\/retraite-de-yoga-dune-journee\\\/#breadcrumb\",\"itemListElement\":[{\"@type\":\"ListItem\",\"position\":1,\"name\":\"Accueil\",\"item\":\"https:\\\/\\\/chateaufeely.com\\\/fr\\\/\"},{\"@type\":\"ListItem\",\"position\":2,\"name\":\"Yoga\",\"item\":\"https:\\\/\\\/chateaufeely.com\\\/fr\\\/yoga\\\/\"},{\"@type\":\"ListItem\",\"position\":3,\"name\":\"Retraite de yoga d\u2019une journ\u00e9e\"}]},{\"@type\":\"WebSite\",\"@id\":\"https:\\\/\\\/chateaufeely.com\\\/fr\\\/#website\",\"url\":\"https:\\\/\\\/chateaufeely.com\\\/fr\\\/\",\"name\":\"Ch\u00e2teau Feely organic wine, tours, accommodation\",\"description\":\"Biodynamic and natural wine, tours and wine school, ecological luxury lodge\",\"publisher\":{\"@id\":\"https:\\\/\\\/chateaufeely.com\\\/fr\\\/#organization\"},\"potentialAction\":[{\"@type\":\"SearchAction\",\"target\":{\"@type\":\"EntryPoint\",\"urlTemplate\":\"https:\\\/\\\/chateaufeely.com\\\/fr\\\/?s={search_term_string}\"},\"query-input\":{\"@type\":\"PropertyValueSpecification\",\"valueRequired\":true,\"valueName\":\"search_term_string\"}}],\"inLanguage\":\"fr-FR\"},{\"@type\":\"Organization\",\"@id\":\"https:\\\/\\\/chateaufeely.com\\\/fr\\\/#organization\",\"name\":\"Ch\u00e2teau Feely organic wine, tours, accommodation\",\"url\":\"https:\\\/\\\/chateaufeely.com\\\/fr\\\/\",\"logo\":{\"@type\":\"ImageObject\",\"inLanguage\":\"fr-FR\",\"@id\":\"https:\\\/\\\/chateaufeely.com\\\/fr\\\/#\\\/schema\\\/logo\\\/image\\\/\",\"url\":\"https:\\\/\\\/chateaufeely.com\\\/wp-content\\\/uploads\\\/2016\\\/05\\\/logo-vertical-v2-250.png\",\"contentUrl\":\"https:\\\/\\\/chateaufeely.com\\\/wp-content\\\/uploads\\\/2016\\\/05\\\/logo-vertical-v2-250.png\",\"width\":250,\"height\":312,\"caption\":\"Ch\u00e2teau Feely organic wine, tours, accommodation\"},\"image\":{\"@id\":\"https:\\\/\\\/chateaufeely.com\\\/fr\\\/#\\\/schema\\\/logo\\\/image\\\/\"},\"sameAs\":[\"https:\\\/\\\/www.facebook.com\\\/ChateauFeely\\\/\",\"https:\\\/\\\/www.instagram.com\\\/chateaufeely\\\/\"]}]}<\/script>\n<!-- \/ Yoast SEO plugin. -->","yoast_head_json":{"title":"Retraite de yoga d\u2019une journ\u00e9e dans un vignoble bio en France","description":"Une retraite de yoga relaxante d\u2019une journ\u00e9e sur un vignoble biologique prim\u00e9, \u00e0 mi-chemin entre Bordeaux et Sarlat, \u00e0 Saussignac, dans le sud-ouest de la France","robots":{"index":"index","follow":"follow","max-snippet":"max-snippet:-1","max-image-preview":"max-image-preview:large","max-video-preview":"max-video-preview:-1"},"canonical":"https:\/\/chateaufeely.com\/fr\/yoga\/retraite-de-yoga-dune-journee\/","og_locale":"fr_FR","og_type":"article","og_title":"Retraite de yoga d\u2019une journ\u00e9e dans un vignoble bio en France","og_description":"Une retraite de yoga relaxante d\u2019une journ\u00e9e sur un vignoble biologique prim\u00e9, \u00e0 mi-chemin entre Bordeaux et Sarlat, \u00e0 Saussignac, dans le sud-ouest de la France","og_url":"https:\/\/chateaufeely.com\/fr\/yoga\/retraite-de-yoga-dune-journee\/","og_site_name":"Ch\u00e2teau Feely organic wine, tours, accommodation","article_publisher":"https:\/\/www.facebook.com\/ChateauFeely\/","article_modified_time":"2026-02-27T15:26:14+00:00","og_image":[{"width":1200,"height":583,"url":"https:\/\/chateaufeely.com\/wp-content\/uploads\/2022\/05\/caro-feely-easy-seat-pose-mid-size-yoga-in-the-vines-1200.jpg","type":"image\/jpeg"}],"twitter_card":"summary_large_image","twitter_misc":{"Dur\u00e9e de lecture estim\u00e9e":"6 minutes"},"schema":{"@context":"https:\/\/schema.org","@graph":[{"@type":"WebPage","@id":"https:\/\/chateaufeely.com\/fr\/yoga\/retraite-de-yoga-dune-journee\/","url":"https:\/\/chateaufeely.com\/fr\/yoga\/retraite-de-yoga-dune-journee\/","name":"Retraite de yoga d\u2019une journ\u00e9e dans un vignoble bio en France","isPartOf":{"@id":"https:\/\/chateaufeely.com\/fr\/#website"},"primaryImageOfPage":{"@id":"https:\/\/chateaufeely.com\/fr\/yoga\/retraite-de-yoga-dune-journee\/#primaryimage"},"image":{"@id":"https:\/\/chateaufeely.com\/fr\/yoga\/retraite-de-yoga-dune-journee\/#primaryimage"},"thumbnailUrl":"https:\/\/chateaufeely.com\/wp-content\/uploads\/2022\/05\/caro-feely-easy-seat-pose-mid-size-yoga-in-the-vines-1200.jpg","datePublished":"2026-02-27T15:22:00+00:00","dateModified":"2026-02-27T15:26:14+00:00","description":"Une retraite de yoga relaxante d\u2019une journ\u00e9e sur un vignoble biologique prim\u00e9, \u00e0 mi-chemin entre Bordeaux et Sarlat, \u00e0 Saussignac, dans le sud-ouest de la France","breadcrumb":{"@id":"https:\/\/chateaufeely.com\/fr\/yoga\/retraite-de-yoga-dune-journee\/#breadcrumb"},"inLanguage":"fr-FR","potentialAction":[{"@type":"ReadAction","target":["https:\/\/chateaufeely.com\/fr\/yoga\/retraite-de-yoga-dune-journee\/"]}]},{"@type":"ImageObject","inLanguage":"fr-FR","@id":"https:\/\/chateaufeely.com\/fr\/yoga\/retraite-de-yoga-dune-journee\/#primaryimage","url":"https:\/\/chateaufeely.com\/wp-content\/uploads\/2022\/05\/caro-feely-easy-seat-pose-mid-size-yoga-in-the-vines-1200.jpg","contentUrl":"https:\/\/chateaufeely.com\/wp-content\/uploads\/2022\/05\/caro-feely-easy-seat-pose-mid-size-yoga-in-the-vines-1200.jpg","width":1200,"height":583},{"@type":"BreadcrumbList","@id":"https:\/\/chateaufeely.com\/fr\/yoga\/retraite-de-yoga-dune-journee\/#breadcrumb","itemListElement":[{"@type":"ListItem","position":1,"name":"Accueil","item":"https:\/\/chateaufeely.com\/fr\/"},{"@type":"ListItem","position":2,"name":"Yoga","item":"https:\/\/chateaufeely.com\/fr\/yoga\/"},{"@type":"ListItem","position":3,"name":"Retraite de yoga d\u2019une journ\u00e9e"}]},{"@type":"WebSite","@id":"https:\/\/chateaufeely.com\/fr\/#website","url":"https:\/\/chateaufeely.com\/fr\/","name":"Ch\u00e2teau Feely organic wine, tours, accommodation","description":"Biodynamic and natural wine, tours and wine school, ecological luxury lodge","publisher":{"@id":"https:\/\/chateaufeely.com\/fr\/#organization"},"potentialAction":[{"@type":"SearchAction","target":{"@type":"EntryPoint","urlTemplate":"https:\/\/chateaufeely.com\/fr\/?s={search_term_string}"},"query-input":{"@type":"PropertyValueSpecification","valueRequired":true,"valueName":"search_term_string"}}],"inLanguage":"fr-FR"},{"@type":"Organization","@id":"https:\/\/chateaufeely.com\/fr\/#organization","name":"Ch\u00e2teau Feely organic wine, tours, accommodation","url":"https:\/\/chateaufeely.com\/fr\/","logo":{"@type":"ImageObject","inLanguage":"fr-FR","@id":"https:\/\/chateaufeely.com\/fr\/#\/schema\/logo\/image\/","url":"https:\/\/chateaufeely.com\/wp-content\/uploads\/2016\/05\/logo-vertical-v2-250.png","contentUrl":"https:\/\/chateaufeely.com\/wp-content\/uploads\/2016\/05\/logo-vertical-v2-250.png","width":250,"height":312,"caption":"Ch\u00e2teau Feely organic wine, tours, accommodation"},"image":{"@id":"https:\/\/chateaufeely.com\/fr\/#\/schema\/logo\/image\/"},"sameAs":["https:\/\/www.facebook.com\/ChateauFeely\/","https:\/\/www.instagram.com\/chateaufeely\/"]}]}},"_links":{"self":[{"href":"https:\/\/chateaufeely.com\/fr\/wp-json\/wp\/v2\/pages\/10763","targetHints":{"allow":["GET"]}}],"collection":[{"href":"https:\/\/chateaufeely.com\/fr\/wp-json\/wp\/v2\/pages"}],"about":[{"href":"https:\/\/chateaufeely.com\/fr\/wp-json\/wp\/v2\/types\/page"}],"author":[{"embeddable":true,"href":"https:\/\/chateaufeely.com\/fr\/wp-json\/wp\/v2\/users\/2"}],"replies":[{"embeddable":true,"href":"https:\/\/chateaufeely.com\/fr\/wp-json\/wp\/v2\/comments?post=10763"}],"version-history":[{"count":5,"href":"https:\/\/chateaufeely.com\/fr\/wp-json\/wp\/v2\/pages\/10763\/revisions"}],"predecessor-version":[{"id":10858,"href":"https:\/\/chateaufeely.com\/fr\/wp-json\/wp\/v2\/pages\/10763\/revisions\/10858"}],"up":[{"embeddable":true,"href":"https:\/\/chateaufeely.com\/fr\/wp-json\/wp\/v2\/pages\/10777"}],"wp:featuredmedia":[{"embeddable":true,"href":"https:\/\/chateaufeely.com\/fr\/wp-json\/wp\/v2\/media\/8147"}],"wp:attachment":[{"href":"https:\/\/chateaufeely.com\/fr\/wp-json\/wp\/v2\/media?parent=10763"}],"curies":[{"name":"wp","href":"https:\/\/api.w.org\/{rel}","templated":true}]}}