{"id":10768,"date":"2026-02-27T16:22:01","date_gmt":"2026-02-27T15:22:01","guid":{"rendered":"https:\/\/chateaufeely.com\/retraite-de-yoga-de-deux-jours\/"},"modified":"2026-02-27T16:26:03","modified_gmt":"2026-02-27T15:26:03","slug":"retraite-de-yoga-de-deux-jours","status":"publish","type":"page","link":"https:\/\/chateaufeely.com\/fr\/yoga\/retraite-de-yoga-de-deux-jours\/","title":{"rendered":"Retraite de yoga de deux jours"},"content":{"rendered":"[vc_row][vc_column][mk_icon_box icon=\u00a0\u00bbmk-icon-leaf\u00a0\u00bb title=\u00a0\u00bbRetraite de yoga de deux jours\u00a0\u00bb text_size=\u00a0\u00bb30&Prime; style=\u00a0\u00bbsimple_ultimate\u00a0\u00bb icon_size=\u00a0\u00bblarge\u00a0\u00bb icon_location=\u00a0\u00bbtop\u00a0\u00bb icon_color=\u00a0\u00bb#e0b957&Prime; title_color=\u00a0\u00bb#000000&Prime; txt_color=\u00a0\u00bb#5e5e5e\u00a0\u00bb margin=\u00a0\u00bb0&Prime;]\n<p style=\"text-align: center;\">Retraite de yoga de deux jours &#8211; 2 jours de yoga paisible, nature, nourriture d\u00e9licieuse et pleine conscience au Ch\u00e2teau Feely<\/p>\n[\/mk_icon_box][\/vc_column][\/vc_row][vc_row][vc_column][vc_column_text css=\u00a0\u00bb.vc_custom_1706093208544{margin-bottom: 0px !important;}\u00a0\u00bb]\n<p style=\"text-align: center;\"><span style=\"color: #000000;\"><strong>Offrez-vous deux jours et 3 nuits de yoga, de nature et de pleine conscience en Dordogne, sur une ferme bio pr\u00e8s de Bergerac, \u00e0 mi-chemin entre Bordeaux et Sarlat<\/strong><\/span><\/p>\n[\/vc_column_text][\/vc_column][\/vc_row][vc_row][vc_column][\/vc_column][\/vc_row][vc_row][vc_column width=\u00a0\u00bb1\/2&Prime;][mk_image_slideshow images=\u00a0\u00bb8916,8918,8924,8920,7777,6120&Prime; image_width=\u00a0\u00bb800&Prime; image_height=\u00a0\u00bb1200&Prime; slideshow_speed=\u00a0\u00bb3000&Prime;][\/vc_column][vc_column width=\u00a0\u00bb1\/2&Prime; css=\u00a0\u00bb.vc_custom_1706092734302{padding-left: 15px !important;}\u00a0\u00bb][vc_column_text css=\u00a0\u00bb.vc_custom_1706101110153{margin-bottom: 0px !important;}\u00a0\u00bb]<span style=\"color: #000000;\"><strong>Quand :<\/strong> Deux jours et trois nuits d\u2019octobre \u00e0 fin mai selon la disponibilit\u00e9 (pour le reste de l\u2019ann\u00e9e de juin \u00e0 septembre, nous ne proposons pas de courts s\u00e9jours mais vous pouvez r\u00e9server un <strong><a href=\"https:\/\/chateaufeely.com\/fr\/presentation-gites\/\">s\u00e9jour d\u2019une semaine<\/a><\/strong> avec du yoga ou une <strong><a href=\"https:\/\/chateaufeely.com\/visits\/one-day-yoga-retreat\/\">retraite d\u2019une journ\u00e9e<\/a> <\/strong>sans h\u00e9bergement)<\/span><\/p>\n<p><span style=\"color: #000000;\"><strong>O\u00f9 :<\/strong> Ch\u00e2teau Feely, Saussignac, Sud-Ouest de la France, consultez nos directives de voyage <a href=\"https:\/\/chateaufeely.com\/wp-content\/uploads\/2024\/01\/frenchwineadventurestravel2024.pdf\"><strong>fran\u00e7aiseadventurestravel2024<\/strong><\/a> &#8211; un trajet en train facile depuis Bordeaux St Jean, St Emilion, Bergerac ou Sarlat. Nous proposons la collecte \u00e0 la gare de Gardonne et nous y revenons apr\u00e8s votre s\u00e9jour.<\/span><\/p>\n<p><span style=\"color: #000000;\"><strong>Le minimum de r\u00e9servation est de 2 personnes et le maximum de 6 personnes. Pour des groupes plus nombreux ou des dur\u00e9es de s\u00e9jour alternatives, veuillez <span style=\"color: #339966;\"><a style=\"color: #339966;\" href=\"https:\/\/chateaufeely.com\/fr\/contact-2\/\">nous contacter<\/a> <\/span>pour une planification personnalis\u00e9e et des tarifs.<\/strong><\/span><\/p>\n<p><span style=\"color: #000000;\"><strong>Prix :<\/strong> 595 euros par personne partageant<\/span>[\/vc_column_text][vc_btn title=\u00a0\u00bbRenseignez-vous maintenant\u00a0\u00bb color=\u00a0\u00bbgreen\u00a0\u00bb align=\u00a0\u00bbcenter\u00a0\u00bb link=\u00a0\u00bburl:https%3A%2F%2Fchateaufeely.com%2Ffr%2Fcontact-2%2F|title:Contact|\u00a0\u00bb][vc_column_text css=\u00a0\u00bb.vc_custom_1706100667815{margin-bottom: 0px !important;}\u00a0\u00bb]\n<h2><span style=\"color: #000000;\">\u00c9l\u00e9ments cl\u00e9s :<\/span><\/h2>\n<ul>\n<li>3 nuits d\u2019h\u00e9bergement + 3 petits-d\u00e9jeuners<\/li>\n<li><span style=\"color: #000000;\">Promenades dans les vignobles biologiques<\/span><\/li>\n<li><span style=\"color: #000000;\">Deux cours de hatha vinyasa yoga<\/span><\/li>\n<li><span style=\"color: #000000;\">Un cours de d\u00e9gustation de vin r\u00e9fl\u00e9chi<\/span><\/li>\n<li><span style=\"color: #000000;\">Deux d\u00e9jeuners d\u00e9licieux (merci de pr\u00e9ciser \u00e0 l\u2019avance les besoins alimentaires, par exemple allergies \/ vegan)<\/span><\/li>\n<li><span style=\"color: #000000;\">Deux cours de yoga r\u00e9parateur<\/span><\/li>\n<li><span style=\"color: #000000;\">Un guide de poche PDF pour la d\u00e9gustation de vins et un guide de poche PDF pour le yoga.<\/span><\/li>\n<\/ul>\n<p>Non inclus :<\/p>\n<ul>\n<li>Les d\u00eeners ne sont pas inclus. Saussignac poss\u00e8de un merveilleux restaurant \u00e0 une promenade facile de Chateau Feely.<\/li>\n<\/ul>\n[\/vc_column_text][\/vc_column][\/vc_row][vc_row][vc_column][vc_column_text css=\u00a0\u00bb.vc_custom_1583591993324{margin-bottom: 0px !important;}\u00a0\u00bb][\/vc_column_text][\/vc_column][\/vc_row][vc_row][vc_column width=\u00a0\u00bb1\/2&Prime;][vc_column_text css=\u00a0\u00bb.vc_custom_1706100981672{margin-bottom: 0px !important;}\u00a0\u00bb]\n<p style=\"text-align: center;\"><span style=\"color: #000000;\"><strong>Qu\u2019est-ce que le Hatha Vinyasa Yoga ?<\/strong><\/span><\/p>\n<p><span style=\"color: #000000;\">Le hatha yoga est un yoga o\u00f9 les postures sont maintenues pendant plusieurs respirations. Le vinyasa yoga est un yoga o\u00f9 le mouvement suit la respiration, donc nous changeons de posture plus souvent. Nous proposons une pratique lente du vinyasa avec certaines postures tenues plus longtemps dans le style hatha, d\u2019o\u00f9 le terme Hatha Vinyasa.<\/span><\/p>\n<p style=\"text-align: center;\"><span style=\"color: #000000;\"><strong>Qu\u2019est-ce que le yoga r\u00e9parateur ?<\/strong><\/span><\/p>\n<p><span style=\"color: #000000;\">Le yoga r\u00e9parateur est relaxant et apaisant. Apr\u00e8s des \u00e9tirements doux, nous passons \u00e0 une s\u00e9rie de postures de yoga r\u00e9paratrices et restons dans chacune de ces postures pendant 5 \u00e0 20 minutes. C\u2019est une forme de yoga apaisante qui g\u00e9n\u00e8re un repos profond et une relaxation profonde.<\/span><\/p>\n<p style=\"text-align: center;\"><span style=\"color: #000000;\"><strong>Qu\u2019est-ce que la d\u00e9gustation de vin pleine conscience ?<\/strong><\/span><\/p>\n<p><span style=\"color: #000000;\">Lors de la d\u00e9gustation consciente de vin, nous prenons le temps de concentrer nos sens, de l\u00e2cher prise sur nos autres pens\u00e9es et d\u2019\u00eatre totalement concentr\u00e9s sur le vin.\u00a0C\u2019est presque comme se mettre \u00e0 m\u00e9diter. C\u2019est pourquoi le yoga peut aider \u00e0 se pr\u00e9parer \u00e0 une d\u00e9gustation de vin consciente. Le yoga pr\u00e9pare l\u2019esprit \u00e0 la m\u00e9ditation et c\u2019est exactement ce dont nous avons besoin pour \u00eatre pr\u00eat \u00e0 une d\u00e9gustation de vin consciente.<\/span>[\/vc_column_text][\/vc_column][vc_column width=\u00a0\u00bb1\/2&Prime; css=\u00a0\u00bb.vc_custom_1464158896445{padding-left: 15px !important;}\u00a0\u00bb][vc_column_text css=\u00a0\u00bb.vc_custom_1583592288817{margin-bottom: 0px !important;}\u00a0\u00bb][\/vc_column_text][mk_image_slideshow images=\u00a0\u00bb8146,7767,8100&Prime; image_width=\u00a0\u00bb1000&Prime; image_height=\u00a0\u00bb667&Prime; slideshow_speed=\u00a0\u00bb3000&Prime;][vc_column_text css=\u00a0\u00bb.vc_custom_1706093056615{margin-bottom: 0px !important;}\u00a0\u00bb]\n<p style=\"text-align: center;\"><span style=\"color: #000000;\"><strong>Cette retraite est-elle adapt\u00e9e aux d\u00e9butants ?<\/strong><\/span><\/p>\n<p><span style=\"color: #000000;\">Oui, notre yoga doux convient aux d\u00e9butants et \u00e0 ceux qui pratiquent d\u00e9j\u00e0 ou ont pratiqu\u00e9 le yoga, mais il n\u2019est pas recommand\u00e9 \u00e0 toute personne ayant des difficult\u00e9s \u00e0 marcher ou des probl\u00e8mes de sant\u00e9 importants. Vous \u00eates le meilleur juge de ce qui est possible pour vous. Ne fais que ce qui te convient \u00e0 toi et \u00e0 ton corps.<\/span>[\/vc_column_text][\/vc_column][\/vc_row][vc_row][vc_column][vc_btn title=\u00a0\u00bbR\u00e9server\u00a0\u00bb color=\u00a0\u00bbgreen\u00a0\u00bb align=\u00a0\u00bbcenter\u00a0\u00bb link=\u00a0\u00bburl:https%3A%2F%2Fchateaufeely.com%2Ffr%2Fcontact-2%2F|title:Contact|\u00a0\u00bb][vc_column_text css=\u00a0\u00bb.vc_custom_1706092956097{margin-bottom: 0px !important;}\u00a0\u00bb]<span style=\"color: #000000;\">Chateau Feely a remport\u00e9 le <a style=\"color: #000000;\" href=\"https:\/\/chateaufeely.com\/gold-trophy-for-chateau-feely-and-video\/\">Troph\u00e9e d\u2019Or pour l\u2019\u00e9ducation et la valorisation des pratiques \u00e9cologiques lors du premier Concours Fran\u00e7ais de Tourisme Viticologique en 2019<\/a> et a re\u00e7u le certificat d\u2019excellence Tripadvisor depuis plus de 5 ans.<\/span>[\/vc_column_text][\/vc_column][\/vc_row][vc_row][vc_column][\/vc_column][\/vc_row]\n","protected":false},"excerpt":{"rendered":"<p>[vc_row][vc_column][mk_icon_box icon=\u00a0\u00bbmk-icon-leaf\u00a0\u00bb title=\u00a0\u00bbRetraite de yoga de deux jours\u00a0\u00bb text_size=\u00a0\u00bb30&Prime; style=\u00a0\u00bbsimple_ultimate\u00a0\u00bb icon_size=\u00a0\u00bblarge\u00a0\u00bb icon_location=\u00a0\u00bbtop\u00a0\u00bb icon_color=\u00a0\u00bb#e0b957&Prime; title_color=\u00a0\u00bb#000000&Prime; txt_color=\u00a0\u00bb#5e5e5e\u00a0\u00bb margin=\u00a0\u00bb0&Prime;] Retraite de yoga de deux jours &#8211; 2 jours de yoga paisible, nature, nourriture d\u00e9licieuse et pleine conscience au Ch\u00e2teau Feely [\/mk_icon_box][\/vc_column][\/vc_row][vc_row][vc_column][vc_column_text css=\u00a0\u00bb.vc_custom_1706093208544{margin-bottom: 0px !important;}\u00a0\u00bb] Offrez-vous deux jours et 3 nuits de yoga, de nature et de pleine conscience [&hellip;]<\/p>\n","protected":false},"author":2,"featured_media":8147,"parent":10777,"menu_order":0,"comment_status":"closed","ping_status":"closed","template":"","meta":{"footnotes":""},"class_list":["post-10768","page","type-page","status-publish","has-post-thumbnail","hentry"],"yoast_head":"<!-- This site is optimized with the Yoast SEO plugin v27.3 - https:\/\/yoast.com\/product\/yoast-seo-wordpress\/ -->\n<title>Retraite de yoga de deux jours en France<\/title>\n<meta name=\"description\" content=\"Une retraite de yoga et de d\u00e9gustation de vin de deux jours dans un vignoble biologique prim\u00e9, \u00e0 mi-chemin entre Bordeaux et Sarlat \u00e0 Saussignac\" \/>\n<meta name=\"robots\" content=\"index, follow, max-snippet:-1, max-image-preview:large, max-video-preview:-1\" \/>\n<link rel=\"canonical\" href=\"https:\/\/chateaufeely.com\/fr\/yoga\/retraite-de-yoga-de-deux-jours\/\" \/>\n<meta property=\"og:locale\" content=\"fr_FR\" \/>\n<meta property=\"og:type\" content=\"article\" \/>\n<meta property=\"og:title\" content=\"Retraite de yoga de deux jours en France\" \/>\n<meta property=\"og:description\" content=\"Une retraite de yoga et de d\u00e9gustation de vin de deux jours dans un vignoble biologique prim\u00e9, \u00e0 mi-chemin entre Bordeaux et Sarlat \u00e0 Saussignac\" \/>\n<meta property=\"og:url\" content=\"https:\/\/chateaufeely.com\/fr\/yoga\/retraite-de-yoga-de-deux-jours\/\" \/>\n<meta property=\"og:site_name\" content=\"Ch\u00e2teau Feely organic wine, tours, accommodation\" \/>\n<meta property=\"article:publisher\" content=\"https:\/\/www.facebook.com\/ChateauFeely\/\" \/>\n<meta property=\"article:modified_time\" content=\"2026-02-27T15:26:03+00:00\" \/>\n<meta property=\"og:image\" content=\"https:\/\/chateaufeely.com\/wp-content\/uploads\/2022\/05\/caro-feely-easy-seat-pose-mid-size-yoga-in-the-vines-1200.jpg\" \/>\n\t<meta property=\"og:image:width\" content=\"1200\" \/>\n\t<meta property=\"og:image:height\" content=\"583\" \/>\n\t<meta property=\"og:image:type\" content=\"image\/jpeg\" \/>\n<meta name=\"twitter:card\" content=\"summary_large_image\" \/>\n<meta name=\"twitter:label1\" content=\"Dur\u00e9e de lecture estim\u00e9e\" \/>\n\t<meta name=\"twitter:data1\" content=\"5 minutes\" \/>\n<script type=\"application\/ld+json\" class=\"yoast-schema-graph\">{\"@context\":\"https:\\\/\\\/schema.org\",\"@graph\":[{\"@type\":\"WebPage\",\"@id\":\"https:\\\/\\\/chateaufeely.com\\\/fr\\\/yoga\\\/retraite-de-yoga-de-deux-jours\\\/\",\"url\":\"https:\\\/\\\/chateaufeely.com\\\/fr\\\/yoga\\\/retraite-de-yoga-de-deux-jours\\\/\",\"name\":\"Retraite de yoga de deux jours en France\",\"isPartOf\":{\"@id\":\"https:\\\/\\\/chateaufeely.com\\\/fr\\\/#website\"},\"primaryImageOfPage\":{\"@id\":\"https:\\\/\\\/chateaufeely.com\\\/fr\\\/yoga\\\/retraite-de-yoga-de-deux-jours\\\/#primaryimage\"},\"image\":{\"@id\":\"https:\\\/\\\/chateaufeely.com\\\/fr\\\/yoga\\\/retraite-de-yoga-de-deux-jours\\\/#primaryimage\"},\"thumbnailUrl\":\"https:\\\/\\\/chateaufeely.com\\\/wp-content\\\/uploads\\\/2022\\\/05\\\/caro-feely-easy-seat-pose-mid-size-yoga-in-the-vines-1200.jpg\",\"datePublished\":\"2026-02-27T15:22:01+00:00\",\"dateModified\":\"2026-02-27T15:26:03+00:00\",\"description\":\"Une retraite de yoga et de d\u00e9gustation de vin de deux jours dans un vignoble biologique prim\u00e9, \u00e0 mi-chemin entre Bordeaux et Sarlat \u00e0 Saussignac\",\"breadcrumb\":{\"@id\":\"https:\\\/\\\/chateaufeely.com\\\/fr\\\/yoga\\\/retraite-de-yoga-de-deux-jours\\\/#breadcrumb\"},\"inLanguage\":\"fr-FR\",\"potentialAction\":[{\"@type\":\"ReadAction\",\"target\":[\"https:\\\/\\\/chateaufeely.com\\\/fr\\\/yoga\\\/retraite-de-yoga-de-deux-jours\\\/\"]}]},{\"@type\":\"ImageObject\",\"inLanguage\":\"fr-FR\",\"@id\":\"https:\\\/\\\/chateaufeely.com\\\/fr\\\/yoga\\\/retraite-de-yoga-de-deux-jours\\\/#primaryimage\",\"url\":\"https:\\\/\\\/chateaufeely.com\\\/wp-content\\\/uploads\\\/2022\\\/05\\\/caro-feely-easy-seat-pose-mid-size-yoga-in-the-vines-1200.jpg\",\"contentUrl\":\"https:\\\/\\\/chateaufeely.com\\\/wp-content\\\/uploads\\\/2022\\\/05\\\/caro-feely-easy-seat-pose-mid-size-yoga-in-the-vines-1200.jpg\",\"width\":1200,\"height\":583},{\"@type\":\"BreadcrumbList\",\"@id\":\"https:\\\/\\\/chateaufeely.com\\\/fr\\\/yoga\\\/retraite-de-yoga-de-deux-jours\\\/#breadcrumb\",\"itemListElement\":[{\"@type\":\"ListItem\",\"position\":1,\"name\":\"Accueil\",\"item\":\"https:\\\/\\\/chateaufeely.com\\\/fr\\\/\"},{\"@type\":\"ListItem\",\"position\":2,\"name\":\"Yoga\",\"item\":\"https:\\\/\\\/chateaufeely.com\\\/fr\\\/yoga\\\/\"},{\"@type\":\"ListItem\",\"position\":3,\"name\":\"Retraite de yoga de deux jours\"}]},{\"@type\":\"WebSite\",\"@id\":\"https:\\\/\\\/chateaufeely.com\\\/fr\\\/#website\",\"url\":\"https:\\\/\\\/chateaufeely.com\\\/fr\\\/\",\"name\":\"Ch\u00e2teau Feely organic wine, tours, accommodation\",\"description\":\"Biodynamic and natural wine, tours and wine school, ecological luxury lodge\",\"publisher\":{\"@id\":\"https:\\\/\\\/chateaufeely.com\\\/fr\\\/#organization\"},\"potentialAction\":[{\"@type\":\"SearchAction\",\"target\":{\"@type\":\"EntryPoint\",\"urlTemplate\":\"https:\\\/\\\/chateaufeely.com\\\/fr\\\/?s={search_term_string}\"},\"query-input\":{\"@type\":\"PropertyValueSpecification\",\"valueRequired\":true,\"valueName\":\"search_term_string\"}}],\"inLanguage\":\"fr-FR\"},{\"@type\":\"Organization\",\"@id\":\"https:\\\/\\\/chateaufeely.com\\\/fr\\\/#organization\",\"name\":\"Ch\u00e2teau Feely organic wine, tours, accommodation\",\"url\":\"https:\\\/\\\/chateaufeely.com\\\/fr\\\/\",\"logo\":{\"@type\":\"ImageObject\",\"inLanguage\":\"fr-FR\",\"@id\":\"https:\\\/\\\/chateaufeely.com\\\/fr\\\/#\\\/schema\\\/logo\\\/image\\\/\",\"url\":\"https:\\\/\\\/chateaufeely.com\\\/wp-content\\\/uploads\\\/2016\\\/05\\\/logo-vertical-v2-250.png\",\"contentUrl\":\"https:\\\/\\\/chateaufeely.com\\\/wp-content\\\/uploads\\\/2016\\\/05\\\/logo-vertical-v2-250.png\",\"width\":250,\"height\":312,\"caption\":\"Ch\u00e2teau Feely organic wine, tours, accommodation\"},\"image\":{\"@id\":\"https:\\\/\\\/chateaufeely.com\\\/fr\\\/#\\\/schema\\\/logo\\\/image\\\/\"},\"sameAs\":[\"https:\\\/\\\/www.facebook.com\\\/ChateauFeely\\\/\",\"https:\\\/\\\/www.instagram.com\\\/chateaufeely\\\/\"]}]}<\/script>\n<!-- \/ Yoast SEO plugin. -->","yoast_head_json":{"title":"Retraite de yoga de deux jours en France","description":"Une retraite de yoga et de d\u00e9gustation de vin de deux jours dans un vignoble biologique prim\u00e9, \u00e0 mi-chemin entre Bordeaux et Sarlat \u00e0 Saussignac","robots":{"index":"index","follow":"follow","max-snippet":"max-snippet:-1","max-image-preview":"max-image-preview:large","max-video-preview":"max-video-preview:-1"},"canonical":"https:\/\/chateaufeely.com\/fr\/yoga\/retraite-de-yoga-de-deux-jours\/","og_locale":"fr_FR","og_type":"article","og_title":"Retraite de yoga de deux jours en France","og_description":"Une retraite de yoga et de d\u00e9gustation de vin de deux jours dans un vignoble biologique prim\u00e9, \u00e0 mi-chemin entre Bordeaux et Sarlat \u00e0 Saussignac","og_url":"https:\/\/chateaufeely.com\/fr\/yoga\/retraite-de-yoga-de-deux-jours\/","og_site_name":"Ch\u00e2teau Feely organic wine, tours, accommodation","article_publisher":"https:\/\/www.facebook.com\/ChateauFeely\/","article_modified_time":"2026-02-27T15:26:03+00:00","og_image":[{"width":1200,"height":583,"url":"https:\/\/chateaufeely.com\/wp-content\/uploads\/2022\/05\/caro-feely-easy-seat-pose-mid-size-yoga-in-the-vines-1200.jpg","type":"image\/jpeg"}],"twitter_card":"summary_large_image","twitter_misc":{"Dur\u00e9e de lecture estim\u00e9e":"5 minutes"},"schema":{"@context":"https:\/\/schema.org","@graph":[{"@type":"WebPage","@id":"https:\/\/chateaufeely.com\/fr\/yoga\/retraite-de-yoga-de-deux-jours\/","url":"https:\/\/chateaufeely.com\/fr\/yoga\/retraite-de-yoga-de-deux-jours\/","name":"Retraite de yoga de deux jours en France","isPartOf":{"@id":"https:\/\/chateaufeely.com\/fr\/#website"},"primaryImageOfPage":{"@id":"https:\/\/chateaufeely.com\/fr\/yoga\/retraite-de-yoga-de-deux-jours\/#primaryimage"},"image":{"@id":"https:\/\/chateaufeely.com\/fr\/yoga\/retraite-de-yoga-de-deux-jours\/#primaryimage"},"thumbnailUrl":"https:\/\/chateaufeely.com\/wp-content\/uploads\/2022\/05\/caro-feely-easy-seat-pose-mid-size-yoga-in-the-vines-1200.jpg","datePublished":"2026-02-27T15:22:01+00:00","dateModified":"2026-02-27T15:26:03+00:00","description":"Une retraite de yoga et de d\u00e9gustation de vin de deux jours dans un vignoble biologique prim\u00e9, \u00e0 mi-chemin entre Bordeaux et Sarlat \u00e0 Saussignac","breadcrumb":{"@id":"https:\/\/chateaufeely.com\/fr\/yoga\/retraite-de-yoga-de-deux-jours\/#breadcrumb"},"inLanguage":"fr-FR","potentialAction":[{"@type":"ReadAction","target":["https:\/\/chateaufeely.com\/fr\/yoga\/retraite-de-yoga-de-deux-jours\/"]}]},{"@type":"ImageObject","inLanguage":"fr-FR","@id":"https:\/\/chateaufeely.com\/fr\/yoga\/retraite-de-yoga-de-deux-jours\/#primaryimage","url":"https:\/\/chateaufeely.com\/wp-content\/uploads\/2022\/05\/caro-feely-easy-seat-pose-mid-size-yoga-in-the-vines-1200.jpg","contentUrl":"https:\/\/chateaufeely.com\/wp-content\/uploads\/2022\/05\/caro-feely-easy-seat-pose-mid-size-yoga-in-the-vines-1200.jpg","width":1200,"height":583},{"@type":"BreadcrumbList","@id":"https:\/\/chateaufeely.com\/fr\/yoga\/retraite-de-yoga-de-deux-jours\/#breadcrumb","itemListElement":[{"@type":"ListItem","position":1,"name":"Accueil","item":"https:\/\/chateaufeely.com\/fr\/"},{"@type":"ListItem","position":2,"name":"Yoga","item":"https:\/\/chateaufeely.com\/fr\/yoga\/"},{"@type":"ListItem","position":3,"name":"Retraite de yoga de deux jours"}]},{"@type":"WebSite","@id":"https:\/\/chateaufeely.com\/fr\/#website","url":"https:\/\/chateaufeely.com\/fr\/","name":"Ch\u00e2teau Feely organic wine, tours, accommodation","description":"Biodynamic and natural wine, tours and wine school, ecological luxury lodge","publisher":{"@id":"https:\/\/chateaufeely.com\/fr\/#organization"},"potentialAction":[{"@type":"SearchAction","target":{"@type":"EntryPoint","urlTemplate":"https:\/\/chateaufeely.com\/fr\/?s={search_term_string}"},"query-input":{"@type":"PropertyValueSpecification","valueRequired":true,"valueName":"search_term_string"}}],"inLanguage":"fr-FR"},{"@type":"Organization","@id":"https:\/\/chateaufeely.com\/fr\/#organization","name":"Ch\u00e2teau Feely organic wine, tours, accommodation","url":"https:\/\/chateaufeely.com\/fr\/","logo":{"@type":"ImageObject","inLanguage":"fr-FR","@id":"https:\/\/chateaufeely.com\/fr\/#\/schema\/logo\/image\/","url":"https:\/\/chateaufeely.com\/wp-content\/uploads\/2016\/05\/logo-vertical-v2-250.png","contentUrl":"https:\/\/chateaufeely.com\/wp-content\/uploads\/2016\/05\/logo-vertical-v2-250.png","width":250,"height":312,"caption":"Ch\u00e2teau Feely organic wine, tours, accommodation"},"image":{"@id":"https:\/\/chateaufeely.com\/fr\/#\/schema\/logo\/image\/"},"sameAs":["https:\/\/www.facebook.com\/ChateauFeely\/","https:\/\/www.instagram.com\/chateaufeely\/"]}]}},"_links":{"self":[{"href":"https:\/\/chateaufeely.com\/fr\/wp-json\/wp\/v2\/pages\/10768","targetHints":{"allow":["GET"]}}],"collection":[{"href":"https:\/\/chateaufeely.com\/fr\/wp-json\/wp\/v2\/pages"}],"about":[{"href":"https:\/\/chateaufeely.com\/fr\/wp-json\/wp\/v2\/types\/page"}],"author":[{"embeddable":true,"href":"https:\/\/chateaufeely.com\/fr\/wp-json\/wp\/v2\/users\/2"}],"replies":[{"embeddable":true,"href":"https:\/\/chateaufeely.com\/fr\/wp-json\/wp\/v2\/comments?post=10768"}],"version-history":[{"count":4,"href":"https:\/\/chateaufeely.com\/fr\/wp-json\/wp\/v2\/pages\/10768\/revisions"}],"predecessor-version":[{"id":10855,"href":"https:\/\/chateaufeely.com\/fr\/wp-json\/wp\/v2\/pages\/10768\/revisions\/10855"}],"up":[{"embeddable":true,"href":"https:\/\/chateaufeely.com\/fr\/wp-json\/wp\/v2\/pages\/10777"}],"wp:featuredmedia":[{"embeddable":true,"href":"https:\/\/chateaufeely.com\/fr\/wp-json\/wp\/v2\/media\/8147"}],"wp:attachment":[{"href":"https:\/\/chateaufeely.com\/fr\/wp-json\/wp\/v2\/media?parent=10768"}],"curies":[{"name":"wp","href":"https:\/\/api.w.org\/{rel}","templated":true}]}}