{"id":10773,"date":"2026-02-27T16:22:02","date_gmt":"2026-02-27T15:22:02","guid":{"rendered":"https:\/\/chateaufeely.com\/yoga-dans-les-vignes\/"},"modified":"2026-02-27T16:25:51","modified_gmt":"2026-02-27T15:25:51","slug":"yoga-dans-les-vignes","status":"publish","type":"page","link":"https:\/\/chateaufeely.com\/fr\/yoga\/yoga-dans-les-vignes\/","title":{"rendered":"Yoga dans les vignes"},"content":{"rendered":"[vc_row][vc_column][mk_icon_box icon=\u00a0\u00bbmk-icon-leaf\u00a0\u00bb title=\u00a0\u00bbYoga dans les vignes\u00a0\u00bb text_size=\u00a0\u00bb30&Prime; style=\u00a0\u00bbsimple_ultimate\u00a0\u00bb icon_size=\u00a0\u00bblarge\u00a0\u00bb icon_location=\u00a0\u00bbtop\u00a0\u00bb icon_color=\u00a0\u00bb#e0b957&Prime; title_color=\u00a0\u00bb#000000&Prime; txt_color=\u00a0\u00bb#5e5e5e\u00a0\u00bb margin=\u00a0\u00bb0&Prime;][\/mk_icon_box][\/vc_column][\/vc_row][vc_row][vc_column][vc_column_text css=\u00a0\u00bb.vc_custom_1711292881425{margin-bottom: 0px !important;}\u00a0\u00bb]\n<p style=\"text-align: center;\"><span style=\"color: #000000;\"><strong>Une exp\u00e9rience unique de yoga et de d\u00e9gustation de vins en pleine conscience en Dordogne, sur un vignoble bio, \u00e0 Saussignac, pr\u00e8s de Bergerac et Sainte-Foy La Grande<\/strong><\/span><\/p>\n[\/vc_column_text][\/vc_column][\/vc_row][vc_row][vc_column width=\u00a0\u00bb1\/2&Prime;][mk_image_slideshow images=\u00a0\u00bb9205,8148,8152&Prime; image_width=\u00a0\u00bb1000&Prime; image_height=\u00a0\u00bb667&Prime; animation_speed=\u00a0\u00bb3000&Prime; slideshow_speed=\u00a0\u00bb20000&Prime;][\/vc_column][vc_column width=\u00a0\u00bb1\/2&Prime; css=\u00a0\u00bb.vc_custom_1464158896445{padding-left: 15px !important;}\u00a0\u00bb][vc_column_text css=\u00a0\u00bb.vc_custom_1745475167877{margin-bottom: 0px !important;}\u00a0\u00bb]<span style=\"color: #000000;\">Rejoignez Caro Feely, agricultrice bio, \u00e9ducatrice certifi\u00e9e en vin et professeure de yoga dipl\u00f4m\u00e9e (RYT500), pour une promenade \u00e0 travers les vignes et un cours de yoga doux dans les vignes (\u00e0 l\u2019ombre pr\u00e8s des vignes en \u00e9t\u00e9), suivi d\u2019une exp\u00e9rience de d\u00e9gustation de vin pleine de conscience. L\u2019exp\u00e9rience commence par une visite du vignoble biodynamique et biodynamique de Feely, lors d\u2019une promenade jusqu\u2019\u00e0 l\u2019endroit o\u00f9 nous suivons une s\u00e9quence de yoga douce adapt\u00e9e aux d\u00e9butants. Apr\u00e8s votre yoga, vous serez pr\u00eat pour une d\u00e9gustation de vin en utilisant la pleine conscience pour explorer le v\u00e9ritable caract\u00e8re des vins.<\/span><\/p>\n<p><span style=\"color: #000000;\">Jeudi de 10h30 \u00e0 12h30 (pour des groupes de 4 personnes ou plus \u2013 n\u2019importe quel jour et un horaire personnalis\u00e9 est possible selon la disponibilit\u00e9 \u2013 <strong>merci de nous contacter<\/strong>).\u00a0 37 \u20ac par adulte.<\/span>[\/vc_column_text][vc_btn title=\u00a0\u00bbR\u00e9server\u00a0\u00bb color=\u00a0\u00bbgreen\u00a0\u00bb align=\u00a0\u00bbcenter\u00a0\u00bb link=\u00a0\u00bburl:https%3A%2F%2Ffareharbor.com%2Fembeds%2Fbook%2Fchateaufeely%2Fitems%2F532467%2F%3Ffull-items%3Dyes%26flow%3D1144540|title:R%C3%A9server|\u00a0\u00bb][\/vc_column][\/vc_row][vc_row][vc_column][vc_column_text css=\u00a0\u00bb.vc_custom_1583591993324{margin-bottom: 0px !important;}\u00a0\u00bb][\/vc_column_text][mk_blockquote font_family=\u00a0\u00bbnone\u00a0\u00bb]<em><span style=\"color: #000000;\"><strong>\u00ab Le yoga en plein air avec Caro est une exp\u00e9rience tellement magique, elle enrichit la vie, est gentille et d\u2019une puissance magnifique. J\u2019ai l\u2019impression d\u2019\u00eatre en vacances spirituelles apr\u00e8s. \u00bb Phoebe<\/strong><\/span><\/em>[\/mk_blockquote][\/vc_column][\/vc_row][vc_row][vc_column width=\u00a0\u00bb1\/2&Prime;][vc_column_text css=\u00a0\u00bb.vc_custom_1652455973205{margin-bottom: 0px !important;}\u00a0\u00bb]\n<p style=\"text-align: center;\"><span style=\"color: #000000;\"><strong>Qu\u2019est-ce que la d\u00e9gustation de vin pleine conscience ? Pourquoi le yoga nous aide-t-il \u00e0 go\u00fbter en pleine conscience ?<\/strong><\/span><\/p>\n<p><span style=\"color: #000000;\">La d\u00e9gustation de vin, c\u2019est utiliser ses sens. Prendre le temps d\u2019appr\u00e9cier un vin \u2013 s\u2019engager pleinement avec un vin est une forme de respect : respect pour le travail qui y a \u00e9t\u00e9 consacr\u00e9 ; pour la nature et la lumi\u00e8re du soleil qui l\u2019ont cr\u00e9\u00e9e ; Et pour toi-m\u00eame. <\/span><\/p>\n<p><span style=\"color: #000000;\">On pourrait appeler \u00e7a une consommation de vin \u00ab consciente \u00bb. C\u2019est un moyen d\u2019en apprendre davantage sur le vin et ce que vous aimez afin d\u2019en tirer plus de plaisir. Ce qui est important lors d\u2019une d\u00e9gustation de vin consciente, c\u2019est de prendre quelques instants pour concentrer vos sens, l\u00e2cher prise sur vos autres pens\u00e9es et rester totalement concentr\u00e9 sur le vin. <\/span><\/p>\n<p><span style=\"color: #000000;\">C\u2019est presque comme se mettre \u00e0 m\u00e9diter. C\u2019est pourquoi le yoga peut aider \u00e0 se pr\u00e9parer \u00e0 une d\u00e9gustation de vin consciente. Le yoga pr\u00e9pare l\u2019esprit \u00e0 la m\u00e9ditation et c\u2019est exactement ce dont nous avons besoin pour \u00eatre pr\u00eat \u00e0 une d\u00e9gustation de vin consciente.<\/span>[\/vc_column_text][vc_btn title=\u00a0\u00bbR\u00e9server\u00a0\u00bb color=\u00a0\u00bbgreen\u00a0\u00bb align=\u00a0\u00bbcenter\u00a0\u00bb link=\u00a0\u00bburl:https%3A%2F%2Ffareharbor.com%2Fembeds%2Fbook%2Fchateaufeely%2Fitems%2F532467%2F%3Ffull-items%3Dyes%26flow%3D1144540|title:R%C3%A9server|\u00a0\u00bb][\/vc_column][vc_column width=\u00a0\u00bb1\/2&Prime; css=\u00a0\u00bb.vc_custom_1464158896445{padding-left: 15px !important;}\u00a0\u00bb][vc_column_text css=\u00a0\u00bb.vc_custom_1583592288817{margin-bottom: 0px !important;}\u00a0\u00bb]\u00a0[\/vc_column_text][mk_image_slideshow images=\u00a0\u00bb8146&Prime; image_width=\u00a0\u00bb1000&Prime; image_height=\u00a0\u00bb667&Prime; slideshow_speed=\u00a0\u00bb3000&Prime;][\/vc_column][\/vc_row][vc_row][vc_column][vc_btn title=\u00a0\u00bbD\u00e9couvrez Feely Wines\u00a0\u00bb color=\u00a0\u00bbgreen\u00a0\u00bb align=\u00a0\u00bbcenter\u00a0\u00bb link=\u00a0\u00bburl:https%3A%2F%2Fchateaufeely.com%2Ffr%2Fnotre-boutique%2Fvins%2F|title:D%C3%A9couvrez%20Feely%20Wines|\u00a0\u00bb][vc_column_text css=\u00a0\u00bb.vc_custom_1711295557790{margin-bottom: 0px !important;}\u00a0\u00bb]<span style=\"color: #000000;\">Voici une s\u00e9lection des vins potentiels que nous allons go\u00fbter (cela peut varier l\u00e9g\u00e8rement selon la disponibilit\u00e9)<\/span><\/p>\n<p><span style=\"color: #000000;\">\u00a0<a style=\"color: #000000;\" href=\"https:\/\/chateaufeely.com\/fr\/produit\/sincerite-2015\/\" target=\"_blank\" rel=\"noopener noreferrer\"><strong><em>Feely Sincerit\u00e9<\/em><\/strong><\/a>, un sauvignon blanc pur et piquant cultiv\u00e9 sur du calcaire avec des saveurs et une min\u00e9ralit\u00e9 d\u2019agrumes fra\u00eeches ; <\/span><span style=\"color: #000000;\"><a style=\"color: #000000;\" href=\"https:\/\/chateaufeely.com\/product\/generosite-2014\/\" target=\"_blank\" rel=\"noopener noreferrer\"><em><strong>Feely G\u00e9n\u00e9rosit\u00e9<\/strong><\/em><\/a>, un s\u00e9millon vieilli en f\u00fbt sec avec des notes de vanille, tarte aux pommes et compote d\u2019abricot ; <\/span><span style=\"color: #000000;\"><a style=\"color: #000000;\" href=\"https:\/\/chateaufeely.com\/fr\/produit\/sensualite-2015\/\" target=\"_blank\" rel=\"noopener noreferrer\"><em><strong>Feely<\/strong><\/em><\/a> <strong><em>Sensualite, <\/em><\/strong>un ros\u00e9 sec fait \u00e0 partir de raisins merlot somptueux choisis juste pour une fra\u00eecheur \u00e0 la fraise ; <\/span><span style=\"color: #000000;\"><a style=\"color: #000000;\" href=\"https:\/\/chateaufeely.com\/product\/resonance\/\" target=\"_blank\" rel=\"noopener noreferrer\"><em><strong>Feely R\u00e9sonance<\/strong><\/em><\/a>, un merlot pur vieilli en acier inoxydable avec une touche de fum\u00e9e et de min\u00e9ralit\u00e9 provenant du silex et du calcaire ; <\/span><span style=\"color: #000000;\"><a style=\"color: #000000;\" href=\"https:\/\/chateaufeely.com\/fr\/produit\/grace\/\" target=\"_blank\" rel=\"noopener noreferrer\"><em><strong>Feely Gr\u00e2ce<\/strong><\/em><\/a>, un m\u00e9lange de cabernet sauvignon de merlot vieilli 100 % en f\u00fbt <\/span><\/p>\n<p><span style=\"color: #000000;\">Chateau Feely a remport\u00e9 le <a style=\"color: #000000;\" href=\"https:\/\/chateaufeely.com\/gold-trophy-for-chateau-feely-and-video\/\">Troph\u00e9e d\u2019Or pour l\u2019\u00e9ducation et la valorisation des pratiques \u00e9cologiques lors du premier Concours Fran\u00e7ais de Tourisme Viticologique en 2019<\/a> et a re\u00e7u le certificat d\u2019excellence Tripadvisor depuis plus de 5 ans. Vous pouvez aussi vivre une <a style=\"color: #000000;\" href=\"https:\/\/chateaufeely.com\/visites\/demie-journee\/\">excursion viticole d\u2019une demi-journ\u00e9e<\/a>, <a style=\"color: #000000;\" href=\"https:\/\/chateaufeely.com\/visites\/day-tours\/\">une journ\u00e9e compl\u00e8te<\/a> et des exp\u00e9riences gastronomiques de plusieurs jours avec nous \u2013 voir <a style=\"color: #000000;\" href=\"http:\/\/chateaufeely.com\/visites\/wine-tours\/\">des excursions de plusieurs jours<\/a>.<\/span>[\/vc_column_text][\/vc_column][\/vc_row]\n","protected":false},"excerpt":{"rendered":"<p>[vc_row][vc_column][mk_icon_box icon=\u00a0\u00bbmk-icon-leaf\u00a0\u00bb title=\u00a0\u00bbYoga dans les vignes\u00a0\u00bb text_size=\u00a0\u00bb30&Prime; style=\u00a0\u00bbsimple_ultimate\u00a0\u00bb icon_size=\u00a0\u00bblarge\u00a0\u00bb icon_location=\u00a0\u00bbtop\u00a0\u00bb icon_color=\u00a0\u00bb#e0b957&Prime; title_color=\u00a0\u00bb#000000&Prime; txt_color=\u00a0\u00bb#5e5e5e\u00a0\u00bb margin=\u00a0\u00bb0&Prime;][\/mk_icon_box][\/vc_column][\/vc_row][vc_row][vc_column][vc_column_text css=\u00a0\u00bb.vc_custom_1711292881425{margin-bottom: 0px !important;}\u00a0\u00bb] Une exp\u00e9rience unique de yoga et de d\u00e9gustation de vins en pleine conscience en Dordogne, sur un vignoble bio, \u00e0 Saussignac, pr\u00e8s de Bergerac et Sainte-Foy La Grande [\/vc_column_text][\/vc_column][\/vc_row][vc_row][vc_column width=\u00a0\u00bb1\/2&Prime;][mk_image_slideshow images=\u00a0\u00bb9205,8148,8152&Prime; image_width=\u00a0\u00bb1000&Prime; image_height=\u00a0\u00bb667&Prime; animation_speed=\u00a0\u00bb3000&Prime; slideshow_speed=\u00a0\u00bb20000&Prime;][\/vc_column][vc_column width=\u00a0\u00bb1\/2&Prime; css=\u00a0\u00bb.vc_custom_1464158896445{padding-left: 15px [&hellip;]<\/p>\n","protected":false},"author":2,"featured_media":8147,"parent":10777,"menu_order":0,"comment_status":"closed","ping_status":"closed","template":"","meta":{"footnotes":""},"class_list":["post-10773","page","type-page","status-publish","has-post-thumbnail","hentry"],"yoast_head":"<!-- This site is optimized with the Yoast SEO plugin v27.3 - https:\/\/yoast.com\/product\/yoast-seo-wordpress\/ -->\n<title>Yoga dans les vignes dans un vignoble bio \u00e0 une heure de Bordeaux<\/title>\n<meta name=\"description\" content=\"Un yoga unique et une d\u00e9gustation de vin pleine de conscience sur un vignoble bio prim\u00e9, situ\u00e9 \u00e0 mi-chemin entre Bordeaux et Sarlat \u00e0 Saussignac\" \/>\n<meta name=\"robots\" content=\"index, follow, max-snippet:-1, max-image-preview:large, max-video-preview:-1\" \/>\n<link rel=\"canonical\" href=\"https:\/\/chateaufeely.com\/fr\/yoga\/yoga-dans-les-vignes\/\" \/>\n<meta property=\"og:locale\" content=\"fr_FR\" \/>\n<meta property=\"og:type\" content=\"article\" \/>\n<meta property=\"og:title\" content=\"Yoga dans les vignes dans un vignoble bio \u00e0 une heure de Bordeaux\" \/>\n<meta property=\"og:description\" content=\"Un yoga unique et une d\u00e9gustation de vin pleine de conscience sur un vignoble bio prim\u00e9, situ\u00e9 \u00e0 mi-chemin entre Bordeaux et Sarlat \u00e0 Saussignac\" \/>\n<meta property=\"og:url\" content=\"https:\/\/chateaufeely.com\/fr\/yoga\/yoga-dans-les-vignes\/\" \/>\n<meta property=\"og:site_name\" content=\"Ch\u00e2teau Feely organic wine, tours, accommodation\" \/>\n<meta property=\"article:publisher\" content=\"https:\/\/www.facebook.com\/ChateauFeely\/\" \/>\n<meta property=\"article:modified_time\" content=\"2026-02-27T15:25:51+00:00\" \/>\n<meta property=\"og:image\" content=\"https:\/\/chateaufeely.com\/wp-content\/uploads\/2022\/05\/caro-feely-easy-seat-pose-mid-size-yoga-in-the-vines-1200.jpg\" \/>\n\t<meta property=\"og:image:width\" content=\"1200\" \/>\n\t<meta property=\"og:image:height\" content=\"583\" \/>\n\t<meta property=\"og:image:type\" content=\"image\/jpeg\" \/>\n<meta name=\"twitter:card\" content=\"summary_large_image\" \/>\n<meta name=\"twitter:label1\" content=\"Dur\u00e9e de lecture estim\u00e9e\" \/>\n\t<meta name=\"twitter:data1\" content=\"5 minutes\" \/>\n<script type=\"application\/ld+json\" class=\"yoast-schema-graph\">{\"@context\":\"https:\\\/\\\/schema.org\",\"@graph\":[{\"@type\":\"WebPage\",\"@id\":\"https:\\\/\\\/chateaufeely.com\\\/fr\\\/yoga\\\/yoga-dans-les-vignes\\\/\",\"url\":\"https:\\\/\\\/chateaufeely.com\\\/fr\\\/yoga\\\/yoga-dans-les-vignes\\\/\",\"name\":\"Yoga dans les vignes dans un vignoble bio \u00e0 une heure de Bordeaux\",\"isPartOf\":{\"@id\":\"https:\\\/\\\/chateaufeely.com\\\/fr\\\/#website\"},\"primaryImageOfPage\":{\"@id\":\"https:\\\/\\\/chateaufeely.com\\\/fr\\\/yoga\\\/yoga-dans-les-vignes\\\/#primaryimage\"},\"image\":{\"@id\":\"https:\\\/\\\/chateaufeely.com\\\/fr\\\/yoga\\\/yoga-dans-les-vignes\\\/#primaryimage\"},\"thumbnailUrl\":\"https:\\\/\\\/chateaufeely.com\\\/wp-content\\\/uploads\\\/2022\\\/05\\\/caro-feely-easy-seat-pose-mid-size-yoga-in-the-vines-1200.jpg\",\"datePublished\":\"2026-02-27T15:22:02+00:00\",\"dateModified\":\"2026-02-27T15:25:51+00:00\",\"description\":\"Un yoga unique et une d\u00e9gustation de vin pleine de conscience sur un vignoble bio prim\u00e9, situ\u00e9 \u00e0 mi-chemin entre Bordeaux et Sarlat \u00e0 Saussignac\",\"breadcrumb\":{\"@id\":\"https:\\\/\\\/chateaufeely.com\\\/fr\\\/yoga\\\/yoga-dans-les-vignes\\\/#breadcrumb\"},\"inLanguage\":\"fr-FR\",\"potentialAction\":[{\"@type\":\"ReadAction\",\"target\":[\"https:\\\/\\\/chateaufeely.com\\\/fr\\\/yoga\\\/yoga-dans-les-vignes\\\/\"]}]},{\"@type\":\"ImageObject\",\"inLanguage\":\"fr-FR\",\"@id\":\"https:\\\/\\\/chateaufeely.com\\\/fr\\\/yoga\\\/yoga-dans-les-vignes\\\/#primaryimage\",\"url\":\"https:\\\/\\\/chateaufeely.com\\\/wp-content\\\/uploads\\\/2022\\\/05\\\/caro-feely-easy-seat-pose-mid-size-yoga-in-the-vines-1200.jpg\",\"contentUrl\":\"https:\\\/\\\/chateaufeely.com\\\/wp-content\\\/uploads\\\/2022\\\/05\\\/caro-feely-easy-seat-pose-mid-size-yoga-in-the-vines-1200.jpg\",\"width\":1200,\"height\":583},{\"@type\":\"BreadcrumbList\",\"@id\":\"https:\\\/\\\/chateaufeely.com\\\/fr\\\/yoga\\\/yoga-dans-les-vignes\\\/#breadcrumb\",\"itemListElement\":[{\"@type\":\"ListItem\",\"position\":1,\"name\":\"Accueil\",\"item\":\"https:\\\/\\\/chateaufeely.com\\\/fr\\\/\"},{\"@type\":\"ListItem\",\"position\":2,\"name\":\"Yoga\",\"item\":\"https:\\\/\\\/chateaufeely.com\\\/fr\\\/yoga\\\/\"},{\"@type\":\"ListItem\",\"position\":3,\"name\":\"Yoga dans les vignes\"}]},{\"@type\":\"WebSite\",\"@id\":\"https:\\\/\\\/chateaufeely.com\\\/fr\\\/#website\",\"url\":\"https:\\\/\\\/chateaufeely.com\\\/fr\\\/\",\"name\":\"Ch\u00e2teau Feely organic wine, tours, accommodation\",\"description\":\"Biodynamic and natural wine, tours and wine school, ecological luxury lodge\",\"publisher\":{\"@id\":\"https:\\\/\\\/chateaufeely.com\\\/fr\\\/#organization\"},\"potentialAction\":[{\"@type\":\"SearchAction\",\"target\":{\"@type\":\"EntryPoint\",\"urlTemplate\":\"https:\\\/\\\/chateaufeely.com\\\/fr\\\/?s={search_term_string}\"},\"query-input\":{\"@type\":\"PropertyValueSpecification\",\"valueRequired\":true,\"valueName\":\"search_term_string\"}}],\"inLanguage\":\"fr-FR\"},{\"@type\":\"Organization\",\"@id\":\"https:\\\/\\\/chateaufeely.com\\\/fr\\\/#organization\",\"name\":\"Ch\u00e2teau Feely organic wine, tours, accommodation\",\"url\":\"https:\\\/\\\/chateaufeely.com\\\/fr\\\/\",\"logo\":{\"@type\":\"ImageObject\",\"inLanguage\":\"fr-FR\",\"@id\":\"https:\\\/\\\/chateaufeely.com\\\/fr\\\/#\\\/schema\\\/logo\\\/image\\\/\",\"url\":\"https:\\\/\\\/chateaufeely.com\\\/wp-content\\\/uploads\\\/2016\\\/05\\\/logo-vertical-v2-250.png\",\"contentUrl\":\"https:\\\/\\\/chateaufeely.com\\\/wp-content\\\/uploads\\\/2016\\\/05\\\/logo-vertical-v2-250.png\",\"width\":250,\"height\":312,\"caption\":\"Ch\u00e2teau Feely organic wine, tours, accommodation\"},\"image\":{\"@id\":\"https:\\\/\\\/chateaufeely.com\\\/fr\\\/#\\\/schema\\\/logo\\\/image\\\/\"},\"sameAs\":[\"https:\\\/\\\/www.facebook.com\\\/ChateauFeely\\\/\",\"https:\\\/\\\/www.instagram.com\\\/chateaufeely\\\/\"]}]}<\/script>\n<!-- \/ Yoast SEO plugin. -->","yoast_head_json":{"title":"Yoga dans les vignes dans un vignoble bio \u00e0 une heure de Bordeaux","description":"Un yoga unique et une d\u00e9gustation de vin pleine de conscience sur un vignoble bio prim\u00e9, situ\u00e9 \u00e0 mi-chemin entre Bordeaux et Sarlat \u00e0 Saussignac","robots":{"index":"index","follow":"follow","max-snippet":"max-snippet:-1","max-image-preview":"max-image-preview:large","max-video-preview":"max-video-preview:-1"},"canonical":"https:\/\/chateaufeely.com\/fr\/yoga\/yoga-dans-les-vignes\/","og_locale":"fr_FR","og_type":"article","og_title":"Yoga dans les vignes dans un vignoble bio \u00e0 une heure de Bordeaux","og_description":"Un yoga unique et une d\u00e9gustation de vin pleine de conscience sur un vignoble bio prim\u00e9, situ\u00e9 \u00e0 mi-chemin entre Bordeaux et Sarlat \u00e0 Saussignac","og_url":"https:\/\/chateaufeely.com\/fr\/yoga\/yoga-dans-les-vignes\/","og_site_name":"Ch\u00e2teau Feely organic wine, tours, accommodation","article_publisher":"https:\/\/www.facebook.com\/ChateauFeely\/","article_modified_time":"2026-02-27T15:25:51+00:00","og_image":[{"width":1200,"height":583,"url":"https:\/\/chateaufeely.com\/wp-content\/uploads\/2022\/05\/caro-feely-easy-seat-pose-mid-size-yoga-in-the-vines-1200.jpg","type":"image\/jpeg"}],"twitter_card":"summary_large_image","twitter_misc":{"Dur\u00e9e de lecture estim\u00e9e":"5 minutes"},"schema":{"@context":"https:\/\/schema.org","@graph":[{"@type":"WebPage","@id":"https:\/\/chateaufeely.com\/fr\/yoga\/yoga-dans-les-vignes\/","url":"https:\/\/chateaufeely.com\/fr\/yoga\/yoga-dans-les-vignes\/","name":"Yoga dans les vignes dans un vignoble bio \u00e0 une heure de Bordeaux","isPartOf":{"@id":"https:\/\/chateaufeely.com\/fr\/#website"},"primaryImageOfPage":{"@id":"https:\/\/chateaufeely.com\/fr\/yoga\/yoga-dans-les-vignes\/#primaryimage"},"image":{"@id":"https:\/\/chateaufeely.com\/fr\/yoga\/yoga-dans-les-vignes\/#primaryimage"},"thumbnailUrl":"https:\/\/chateaufeely.com\/wp-content\/uploads\/2022\/05\/caro-feely-easy-seat-pose-mid-size-yoga-in-the-vines-1200.jpg","datePublished":"2026-02-27T15:22:02+00:00","dateModified":"2026-02-27T15:25:51+00:00","description":"Un yoga unique et une d\u00e9gustation de vin pleine de conscience sur un vignoble bio prim\u00e9, situ\u00e9 \u00e0 mi-chemin entre Bordeaux et Sarlat \u00e0 Saussignac","breadcrumb":{"@id":"https:\/\/chateaufeely.com\/fr\/yoga\/yoga-dans-les-vignes\/#breadcrumb"},"inLanguage":"fr-FR","potentialAction":[{"@type":"ReadAction","target":["https:\/\/chateaufeely.com\/fr\/yoga\/yoga-dans-les-vignes\/"]}]},{"@type":"ImageObject","inLanguage":"fr-FR","@id":"https:\/\/chateaufeely.com\/fr\/yoga\/yoga-dans-les-vignes\/#primaryimage","url":"https:\/\/chateaufeely.com\/wp-content\/uploads\/2022\/05\/caro-feely-easy-seat-pose-mid-size-yoga-in-the-vines-1200.jpg","contentUrl":"https:\/\/chateaufeely.com\/wp-content\/uploads\/2022\/05\/caro-feely-easy-seat-pose-mid-size-yoga-in-the-vines-1200.jpg","width":1200,"height":583},{"@type":"BreadcrumbList","@id":"https:\/\/chateaufeely.com\/fr\/yoga\/yoga-dans-les-vignes\/#breadcrumb","itemListElement":[{"@type":"ListItem","position":1,"name":"Accueil","item":"https:\/\/chateaufeely.com\/fr\/"},{"@type":"ListItem","position":2,"name":"Yoga","item":"https:\/\/chateaufeely.com\/fr\/yoga\/"},{"@type":"ListItem","position":3,"name":"Yoga dans les vignes"}]},{"@type":"WebSite","@id":"https:\/\/chateaufeely.com\/fr\/#website","url":"https:\/\/chateaufeely.com\/fr\/","name":"Ch\u00e2teau Feely organic wine, tours, accommodation","description":"Biodynamic and natural wine, tours and wine school, ecological luxury lodge","publisher":{"@id":"https:\/\/chateaufeely.com\/fr\/#organization"},"potentialAction":[{"@type":"SearchAction","target":{"@type":"EntryPoint","urlTemplate":"https:\/\/chateaufeely.com\/fr\/?s={search_term_string}"},"query-input":{"@type":"PropertyValueSpecification","valueRequired":true,"valueName":"search_term_string"}}],"inLanguage":"fr-FR"},{"@type":"Organization","@id":"https:\/\/chateaufeely.com\/fr\/#organization","name":"Ch\u00e2teau Feely organic wine, tours, accommodation","url":"https:\/\/chateaufeely.com\/fr\/","logo":{"@type":"ImageObject","inLanguage":"fr-FR","@id":"https:\/\/chateaufeely.com\/fr\/#\/schema\/logo\/image\/","url":"https:\/\/chateaufeely.com\/wp-content\/uploads\/2016\/05\/logo-vertical-v2-250.png","contentUrl":"https:\/\/chateaufeely.com\/wp-content\/uploads\/2016\/05\/logo-vertical-v2-250.png","width":250,"height":312,"caption":"Ch\u00e2teau Feely organic wine, tours, accommodation"},"image":{"@id":"https:\/\/chateaufeely.com\/fr\/#\/schema\/logo\/image\/"},"sameAs":["https:\/\/www.facebook.com\/ChateauFeely\/","https:\/\/www.instagram.com\/chateaufeely\/"]}]}},"_links":{"self":[{"href":"https:\/\/chateaufeely.com\/fr\/wp-json\/wp\/v2\/pages\/10773","targetHints":{"allow":["GET"]}}],"collection":[{"href":"https:\/\/chateaufeely.com\/fr\/wp-json\/wp\/v2\/pages"}],"about":[{"href":"https:\/\/chateaufeely.com\/fr\/wp-json\/wp\/v2\/types\/page"}],"author":[{"embeddable":true,"href":"https:\/\/chateaufeely.com\/fr\/wp-json\/wp\/v2\/users\/2"}],"replies":[{"embeddable":true,"href":"https:\/\/chateaufeely.com\/fr\/wp-json\/wp\/v2\/comments?post=10773"}],"version-history":[{"count":5,"href":"https:\/\/chateaufeely.com\/fr\/wp-json\/wp\/v2\/pages\/10773\/revisions"}],"predecessor-version":[{"id":10852,"href":"https:\/\/chateaufeely.com\/fr\/wp-json\/wp\/v2\/pages\/10773\/revisions\/10852"}],"up":[{"embeddable":true,"href":"https:\/\/chateaufeely.com\/fr\/wp-json\/wp\/v2\/pages\/10777"}],"wp:featuredmedia":[{"embeddable":true,"href":"https:\/\/chateaufeely.com\/fr\/wp-json\/wp\/v2\/media\/8147"}],"wp:attachment":[{"href":"https:\/\/chateaufeely.com\/fr\/wp-json\/wp\/v2\/media?parent=10773"}],"curies":[{"name":"wp","href":"https:\/\/api.w.org\/{rel}","templated":true}]}}