{"id":10777,"date":"2026-02-27T16:22:03","date_gmt":"2026-02-27T15:22:03","guid":{"rendered":"https:\/\/chateaufeely.com\/yoga\/"},"modified":"2026-02-27T16:25:41","modified_gmt":"2026-02-27T15:25:41","slug":"yoga","status":"publish","type":"page","link":"https:\/\/chateaufeely.com\/fr\/yoga\/","title":{"rendered":"Yoga"},"content":{"rendered":"[vc_row][vc_column][vc_column_text css=\u00a0\u00bb.vc_custom_1740407476495{margin-bottom: 0px !important;}\u00a0\u00bb]\n<h1 style=\"text-align: center;\"><span style=\"color: #000000;\">Feely Yoga<\/span><\/h1>\n<p><span style=\"color: #000000;\">Chateau Feely est d\u00e9di\u00e9 au bien-\u00eatre, \u00e0 la d\u00e9tente et \u00e0 la nature. Le yoga y contribue, tout comme notre m\u00e9thode d\u2019agriculture naturelle, biologique et biodynamique. Lisez la suite pour en savoir plus sur ce que le yoga peut vous offrir. Inscrivez-vous \u00e0 la liste de diffusion Feely Yoga pour recevoir le guide d\u2019introduction de 10 pages de Caro Feely au yoga ou planifiez votre retraite de yoga priv\u00e9e au Ch\u00e2teau Feely. Nous proposons une <strong><a href=\"https:\/\/chateaufeely.com\/visits\/one-day-yoga-retreat\/\">retraite de yoga d\u2019une journ\u00e9e parfaite pour ceux qui recherchent une journ\u00e9e relaxante dans la nature, le yoga et la bonne nourriture<\/a>, une<\/strong> <strong><a href=\"https:\/\/chateaufeely.com\/fr\/yoga\/retraite-de-yoga-de-deux-jours\/\">retraite de yoga de deux jours <\/a><\/strong>ou une <a href=\"https:\/\/chateaufeely.com\/fr\/yoga\/retraite-de-yoga-et-decriture\/\"><strong>retraite de yoga et d\u2019\u00e9criture<\/strong><\/a>.\u00a0<\/span>[\/vc_column_text][vc_column_text css=\u00a0\u00bb.vc_custom_1714629162583{margin-bottom: 0px !important;}\u00a0\u00bb]<img decoding=\"async\" class=\"wp-image-8146 size-medium aligncenter\" src=\"https:\/\/chateaufeely.com\/wp-content\/uploads\/2022\/05\/caro-feely-easy-seat-pose-mid-size-yoga-in-the-vines-1200-300x146.jpg\" alt=\"\" width=\"300\" height=\"146\" srcset=\"https:\/\/chateaufeely.com\/wp-content\/uploads\/2022\/05\/caro-feely-easy-seat-pose-mid-size-yoga-in-the-vines-1200-300x146.jpg 300w, https:\/\/chateaufeely.com\/wp-content\/uploads\/2022\/05\/caro-feely-easy-seat-pose-mid-size-yoga-in-the-vines-1200-1024x497.jpg 1024w, https:\/\/chateaufeely.com\/wp-content\/uploads\/2022\/05\/caro-feely-easy-seat-pose-mid-size-yoga-in-the-vines-1200-768x373.jpg 768w, https:\/\/chateaufeely.com\/wp-content\/uploads\/2022\/05\/caro-feely-easy-seat-pose-mid-size-yoga-in-the-vines-1200-600x291.jpg 600w, https:\/\/chateaufeely.com\/wp-content\/uploads\/2022\/05\/caro-feely-easy-seat-pose-mid-size-yoga-in-the-vines-1200.jpg 1200w\" sizes=\"(max-width: 300px) 100vw, 300px\" \/><\/p>\n<h2 style=\"text-align: center;\"><span style=\"color: #000000;\">Cours hebdomadaires de yoga<\/span><\/h2>\n<p><span style=\"color: #000000;\">Rejoignez Caro en pr\u00e9sentiel pour un cours de yoga vinyasa \u00e0 flux lent Yoga in Nature mardi et vendredi \u00e0 20h30 en saison et dimanche \u00e0 9h hors saison (novembre \u00e0 avril), 20 euros par semaine sans r\u00e9servation (r\u00e9servation n\u00e9cessaire) et 15 euros pour les habitu\u00e9s. <\/span><\/p>\n<p><span style=\"color: #000000;\">En \u00e9t\u00e9 (de mai \u00e0 fin ao\u00fbt), nous proposons :<\/span><\/p>\n<ul>\n<li><strong><span style=\"color: #000000;\"><a href=\"https:\/\/chateaufeely.com\/fr\/yoga\/le-yoga-dans-la-nature\/\">Mardis et vendredis &#8211; 1 heure de yoga dans la nature &#8211; 8h30-9h30 &#8211; 20 euros par semaine<\/a><\/span><\/strong> <span style=\"color: #000000;\">(r\u00e9servation n\u00e9cessaire)<\/span><\/li>\n<li><span style=\"color: #000000;\"><strong>Jeudi<\/strong> <strong><a href=\"https:\/\/chateaufeely.com\/fr\/yoga\/yoga-dans-les-vignes\/\">\u00ab Yoga dans les vignes<\/a><\/strong> \u00bb \u00e0 partir de 10h30, suivi d\u2019une d\u00e9gustation de vin r\u00e9fl\u00e9chie (temps total 10h30-12h30) peut \u00eatre n\u2019importe quel jour pour des groupes de 4 personnes ou plus &#8211; 30 euros par semaine (r\u00e9servation minimale 2)<\/span><\/li>\n<li><strong style=\"color: #000000;\"><a href=\"https:\/\/chateaufeely.com\/fr\/yoga\/retraite-de-yoga-dune-journee\/\">Lundi, jeudi ou vendredi &#8211; 10h30 \u00e0 16h &#8211; retraite de yoga d\u2019une journ\u00e9e compl\u00e8te, parfaite pour ceux qui cherchent une journ\u00e9e relaxante dans la nature, le yoga et la bonne nourriture (r\u00e9servation minimale 2)<\/a><\/strong><\/li>\n<li>Venez <strong><a href=\"https:\/\/chateaufeely.com\/fr\/presentation-gites\/\">s\u00e9journer chez nous<\/a><\/strong> et r\u00e9servez votre exp\u00e9rience de yoga personnalis\u00e9e ou une <strong><a href=\"https:\/\/chateaufeely.com\/fr\/yoga\/retraite-de-yoga-de-deux-jours\/\">retraite immersive de yoga de deux jours<\/a><\/strong><\/li>\n<\/ul>\n<p><span style=\"color: #000000;\">Envoyez un e-mail \u00e0 caro at chateaufeely dot com pour r\u00e9server votre logement ou <strong><a href=\"https:\/\/chateaufeely.com\/fr\/contact-2\/\">via le formulaire de contact<\/a><\/strong>.<\/span>[\/vc_column_text][\/vc_column][\/vc_row][vc_row][vc_column width=\u00a0\u00bb1\/3&Prime;][vc_single_image image=\u00a0\u00bb8153&Prime; img_size=\u00a0\u00bbmedium\u00a0\u00bb alignment=\u00a0\u00bbcenter\u00a0\u00bb][vc_column_text css=\u00a0\u00bb.vc_custom_1706171844214{margin-bottom: 0px !important;}\u00a0\u00bb]\n<h2><span style=\"color: #000000;\">La joie du yoga<\/span><\/h2>\n<p><span style=\"color: #000000;\">Le yoga offre bien plus que le mouvement. C\u2019est une fa\u00e7on de se connecter \u00e0 votre \u00eatre int\u00e9rieur. Oui, le mouvement est une partie cl\u00e9 du yoga, mais ce n\u2019est qu\u2019une partie. Utilisez le yoga pour aider \u00e0 connecter votre pouvoir int\u00e9rieur et votre force physique.<\/span><\/p>\n<p><span style=\"color: #000000;\">Caro Feely est une enseignante de yoga RYT500 enregistr\u00e9e par une alliance de yoga et une enseignante exp\u00e9riment\u00e9e avec des d\u00e9cennies d\u2019exp\u00e9rience dans l\u2019enseignement d\u2019ateliers allant de la gestion de projet au vin en passant par le yoga.<\/span><\/p>\n<p><span style=\"color: #000000;\">Rejoignez le cours en ligne de 5 heures de Feely Yoga. Manifestez votre int\u00e9r\u00eat en <strong><a href=\"https:\/\/chateaufeely.com\/fr\/contact-2\/\">nous envoyant un e-mail<\/a><\/strong> ou en rejoignant notre liste de diffusion de yoga.<\/span>[\/vc_column_text][\/vc_column][vc_column width=\u00a0\u00bb1\/3&Prime;][vc_single_image image=\u00a0\u00bb5930&Prime; img_size=\u00a0\u00bbmedium\u00a0\u00bb alignment=\u00a0\u00bbcenter\u00a0\u00bb][vc_column_text css=\u00a0\u00bb.vc_custom_1585237598003{margin-bottom: 0px !important;}\u00a0\u00bb]\n<h2><span style=\"color: #000000;\">La libert\u00e9 avec le yoga<\/span><\/h2>\n<p><span style=\"color: #000000;\">Le yoga relie corps, esprit et \u00e2me. Qu\u2019est-ce que le yoga ? Une d\u00e9finition au chapitre 2 des Yoga Sutras dit : <\/span><span style=\"color: #000000;\">\u00ab Le yoga est le contr\u00f4le des ondes de pens\u00e9e de l\u2019esprit. \u00bb<\/span><\/p>\n<p><span style=\"color: #000000;\">Commencez votre parcours yoga avec le Guide du D\u00e9butant de Caro Feely. Ce livre pdf propose les bases du yoga. Il est concis et facile \u00e0 lire. Caro est auteure publi\u00e9e et professeure de yoga dipl\u00f4m\u00e9e. Manifestez votre int\u00e9r\u00eat en <strong><a href=\"https:\/\/chateaufeely.com\/fr\/contact-2\/\">nous envoyant un e-mail<\/a><\/strong> ou en rejoignant notre liste de diffusion de yoga.<\/span><\/p>\n[\/vc_column_text][\/vc_column][vc_column width=\u00a0\u00bb1\/3&Prime;][vc_single_image image=\u00a0\u00bb8149&Prime; img_size=\u00a0\u00bbmedium\u00a0\u00bb alignment=\u00a0\u00bbcenter\u00a0\u00bb][vc_column_text css=\u00a0\u00bb.vc_custom_1716736225025{margin-bottom: 0px !important;}\u00a0\u00bb]\n<h2><span style=\"color: #000000;\">Cours priv\u00e9s<\/span><\/h2>\n<p><span style=\"color: #000000;\">Caro propose des cours de yoga priv\u00e9s aux clients du Ch\u00e2teau F\u00e9ely ainsi qu\u2019\u00e0 ceux qui s\u00e9journent \u00e0 Saussignac ou \u00e0 moins de 5 minutes en voiture de Saussignac (60 \u20ac de l\u2019heure pour jusqu\u2019\u00e0 3 personnes et +20 \u20ac par personne pour 3 personnes). D\u00e9couvrez les cinq Tib\u00e9tains et le salut au soleil que Caro introduit dans son troisi\u00e8me livre \u00ab <strong><a href=\"https:\/\/chateaufeely.com\/caro-feely-books-with-links-and-isbns\/\">Vineyard Confessions<\/a><\/strong> \u00bb et assistez \u00e0 un cours de Hatha \/ Vinyasa \u00e0 flux lent et\/ou un yoga r\u00e9parateur adapt\u00e9 \u00e0 vos besoins. <strong><a style=\"color: #000000;\" href=\"https:\/\/chateaufeely.com\/fr\/contact-2\/\">Contactez-nous pour r\u00e9server<\/a><\/strong>.<\/span><\/p>\n<p><span style=\"color: #000000;\">Le yoga apporte force, flexibilit\u00e9 et \u00e9quilibre gr\u00e2ce au mouvement, tout en d\u00e9veloppant la concentration, la paix int\u00e9rieure et une relaxation profonde.\u00a0Nous partageons avec nos abonn\u00e9s comment utiliser le yoga pour am\u00e9liorer votre corps et votre vie. <strong>Inscrivez-vous \u00e0 la liste de diffusion du yoga ci-dessous pour recevoir notre guide de poche PDF de 20 pages pour d\u00e9butants en yoga.<\/strong><\/span>[\/vc_column_text][\/vc_column][\/vc_row][vc_row][vc_column width=\u00a0\u00bb1\/3&Prime;][vc_single_image image=\u00a0\u00bb2925&Prime; img_size=\u00a0\u00bbmedium\u00a0\u00bb alignment=\u00a0\u00bbcenter\u00a0\u00bb][vc_column_text css=\u00a0\u00bb.vc_custom_1739952225273{margin-bottom: 0px !important;}\u00a0\u00bb]\n<h2><span style=\"color: #000000;\">Retraites de yoga au Ch\u00e2teau Feely<\/span><\/h2>\n<p><span style=\"color: #000000;\">Chateau Feely est une ferme biologique et biodynamique avec deux magnifiques <a style=\"color: #000000;\" href=\"https:\/\/chateaufeely.com\/fr\/presentation-gites\/\" target=\"_blank\" rel=\"noopener noreferrer\">maisons d\u2019h\u00f4tes autonomes<\/a> offrant une vue panoramique sur les vignobles biologiques environnants. Nous proposons des retraites de yoga priv\u00e9es qui peuvent \u00eatre combin\u00e9es avec des visites \u00e0 pied et des visites de vin pour une exp\u00e9rience multisensorielle.<\/span><\/p>\n<p><strong><a href=\"https:\/\/chateaufeely.com\/fr\/presentation-gites\/\">Restez avec nous<\/a><\/strong> et r\u00e9servez vos exp\u00e9riences de yoga personnalis\u00e9es ou une<strong><a href=\"https:\/\/chateaufeely.com\/fr\/yoga\/retraite-de-yoga-dune-journee\/\"> retraite de yoga pr\u00e9d\u00e9finie d\u2019une journ\u00e9e<\/a>,<\/strong> une <strong><a href=\"https:\/\/chateaufeely.com\/fr\/yoga\/retraite-de-yoga-de-deux-jours\/\">retraite de yoga de deux jours<\/a> <\/strong>ou<strong> <span style=\"color: #000000;\"><a href=\"https:\/\/chateaufeely.com\/fr\/yoga\/retraite-de-yoga-et-decriture\/\">une retraite de yoga et d\u2019\u00e9criture de trois nuits<\/a><\/span><\/strong> de deux jours<\/p>\n<p><span style=\"color: #000000;\">J\u2019oin<\/span><span style=\"color: #000000;\">Caro Feely pour une retraite de yoga et de marche rajeunissante \u00e0 Saussignac, dans le sud-ouest de la France.<\/span><\/p>\n<p><span style=\"color: #000000;\">Profitez des produits des arbres fruitiers et du vignoble pendant votre s\u00e9jour. La ferme s\u2019\u00e9tend sur 14 hectares avec un espace pour se promener et profiter de la nature.<\/span>[\/vc_column_text][\/vc_column][vc_column width=\u00a0\u00bb1\/3&Prime;][vc_column_text css=\u00a0\u00bb.vc_custom_1585065086651{margin-bottom: 0px !important;}\u00a0\u00bb][\/vc_column_text][vc_single_image image=\u00a0\u00bb5942&Prime; img_size=\u00a0\u00bbmedium\u00a0\u00bb alignment=\u00a0\u00bbcenter\u00a0\u00bb][vc_column_text css=\u00a0\u00bb.vc_custom_1585151326608{margin-bottom: 0px !important;}\u00a0\u00bb]\n<h2><span style=\"color: #000000;\">M\u00e9ditation Yoga<\/span><\/h2>\n<p><span style=\"color: #000000;\">Le yoga concerne le mouvement, mais il s\u2019agit aussi de m\u00e9ditation et de relaxation profonde. Lorsque nous m\u00e9ditons, nous cherchons \u00e0 nous unir \u00e0 la grande conscience, \u00e0 prendre conscience que nous faisons partie de tout, et non que nous sommes s\u00e9par\u00e9s. Cet aspect du yoga est crucial pour le moment historique que nous traversons. <\/span><\/p>\n<p><span style=\"color: #000000;\">Le yoga nous aide \u00e0 g\u00e9rer notre stress individuel, mais il nous aide aussi \u00e0 voir comment nous pouvons aider le monde. Lorsque nous m\u00e9ditons et nous connectons \u00e0 la grande conscience, nous recevons des messages sur ce que nous devons faire pour jouer notre r\u00f4le, pour suivre notre destin\u00e9e.<\/span>[\/vc_column_text][\/vc_column][vc_column width=\u00a0\u00bb1\/3&Prime;][vc_single_image image=\u00a0\u00bb5944&Prime; img_size=\u00a0\u00bbmedium\u00a0\u00bb alignment=\u00a0\u00bbcenter\u00a0\u00bb][vc_column_text css=\u00a0\u00bb.vc_custom_1585067112967{margin-bottom: 0px !important;}\u00a0\u00bb]<!-- Begin Constant Contact Inline Form Code --><\/p>\n<p><!-- End Constant Contact Inline Form Code -->[\/vc_column_text][vc_column_text css=\u00a0\u00bb.vc_custom_1738680083949{margin-bottom: 0px !important;}\u00a0\u00bb]Formulaire d\u2019inscription par e-mail &#8211; si le formulaire ci-dessous n\u2019appara\u00eet pas pour vous, veuillez faire d\u00e9filer jusqu\u2019au bas de page d\u2019inscription.<br \/>\n<!-- Begin Constant Contact Inline Form Code --><\/p>\n<div class=\"ctct-inline-form\" data-form-id=\"9bac03f6-b39c-4652-b625-a333f6787cdc\"><\/div>\n<p><!-- End Constant Contact Inline Form Code -->[\/vc_column_text][\/vc_column][\/vc_row][vc_row][vc_column][\/vc_column][\/vc_row][vc_row][vc_column][\/vc_column][\/vc_row]\n","protected":false},"excerpt":{"rendered":"<p>[vc_row][vc_column][vc_column_text css=\u00a0\u00bb.vc_custom_1740407476495{margin-bottom: 0px !important;}\u00a0\u00bb] Feely Yoga Chateau Feely est d\u00e9di\u00e9 au bien-\u00eatre, \u00e0 la d\u00e9tente et \u00e0 la nature. Le yoga y contribue, tout comme notre m\u00e9thode d\u2019agriculture naturelle, biologique et biodynamique. Lisez la suite pour en savoir plus sur ce que le yoga peut vous offrir. Inscrivez-vous \u00e0 la liste de diffusion Feely Yoga [&hellip;]<\/p>\n","protected":false},"author":2,"featured_media":0,"parent":0,"menu_order":0,"comment_status":"closed","ping_status":"closed","template":"","meta":{"footnotes":""},"class_list":["post-10777","page","type-page","status-publish","hentry"],"yoast_head":"<!-- This site is optimized with the Yoast SEO plugin v27.3 - https:\/\/yoast.com\/product\/yoast-seo-wordpress\/ -->\n<title>Yoga - Ch\u00e2teau Feely organic wine, tours, accommodation<\/title>\n<meta name=\"robots\" content=\"index, follow, max-snippet:-1, max-image-preview:large, max-video-preview:-1\" \/>\n<link rel=\"canonical\" href=\"https:\/\/chateaufeely.com\/fr\/yoga\/\" \/>\n<meta property=\"og:locale\" content=\"fr_FR\" \/>\n<meta property=\"og:type\" content=\"article\" \/>\n<meta property=\"og:title\" content=\"Yoga - Ch\u00e2teau Feely organic wine, tours, accommodation\" \/>\n<meta property=\"og:description\" content=\"[vc_row][vc_column][vc_column_text css=\u00a0\u00bb.vc_custom_1740407476495{margin-bottom: 0px !important;}\u00a0\u00bb] Feely Yoga Chateau Feely est d\u00e9di\u00e9 au bien-\u00eatre, \u00e0 la d\u00e9tente et \u00e0 la nature. Le yoga y contribue, tout comme notre m\u00e9thode d\u2019agriculture naturelle, biologique et biodynamique. Lisez la suite pour en savoir plus sur ce que le yoga peut vous offrir. Inscrivez-vous \u00e0 la liste de diffusion Feely Yoga [&hellip;]\" \/>\n<meta property=\"og:url\" content=\"https:\/\/chateaufeely.com\/fr\/yoga\/\" \/>\n<meta property=\"og:site_name\" content=\"Ch\u00e2teau Feely organic wine, tours, accommodation\" \/>\n<meta property=\"article:publisher\" content=\"https:\/\/www.facebook.com\/ChateauFeely\/\" \/>\n<meta property=\"article:modified_time\" content=\"2026-02-27T15:25:41+00:00\" \/>\n<meta property=\"og:image\" content=\"https:\/\/chateaufeely.com\/wp-content\/uploads\/2022\/05\/caro-feely-easy-seat-pose-mid-size-yoga-in-the-vines-1200.jpg\" \/>\n\t<meta property=\"og:image:width\" content=\"1200\" \/>\n\t<meta property=\"og:image:height\" content=\"583\" \/>\n\t<meta property=\"og:image:type\" content=\"image\/jpeg\" \/>\n<meta name=\"twitter:card\" content=\"summary_large_image\" \/>\n<meta name=\"twitter:label1\" content=\"Dur\u00e9e de lecture estim\u00e9e\" \/>\n\t<meta name=\"twitter:data1\" content=\"6 minutes\" \/>\n<script type=\"application\/ld+json\" class=\"yoast-schema-graph\">{\"@context\":\"https:\\\/\\\/schema.org\",\"@graph\":[{\"@type\":\"WebPage\",\"@id\":\"https:\\\/\\\/chateaufeely.com\\\/fr\\\/yoga\\\/\",\"url\":\"https:\\\/\\\/chateaufeely.com\\\/fr\\\/yoga\\\/\",\"name\":\"Yoga - Ch\u00e2teau Feely organic wine, tours, accommodation\",\"isPartOf\":{\"@id\":\"https:\\\/\\\/chateaufeely.com\\\/fr\\\/#website\"},\"primaryImageOfPage\":{\"@id\":\"https:\\\/\\\/chateaufeely.com\\\/fr\\\/yoga\\\/#primaryimage\"},\"image\":{\"@id\":\"https:\\\/\\\/chateaufeely.com\\\/fr\\\/yoga\\\/#primaryimage\"},\"thumbnailUrl\":\"https:\\\/\\\/chateaufeely.com\\\/wp-content\\\/uploads\\\/2022\\\/05\\\/caro-feely-easy-seat-pose-mid-size-yoga-in-the-vines-1200-300x146.jpg\",\"datePublished\":\"2026-02-27T15:22:03+00:00\",\"dateModified\":\"2026-02-27T15:25:41+00:00\",\"breadcrumb\":{\"@id\":\"https:\\\/\\\/chateaufeely.com\\\/fr\\\/yoga\\\/#breadcrumb\"},\"inLanguage\":\"fr-FR\",\"potentialAction\":[{\"@type\":\"ReadAction\",\"target\":[\"https:\\\/\\\/chateaufeely.com\\\/fr\\\/yoga\\\/\"]}]},{\"@type\":\"ImageObject\",\"inLanguage\":\"fr-FR\",\"@id\":\"https:\\\/\\\/chateaufeely.com\\\/fr\\\/yoga\\\/#primaryimage\",\"url\":\"https:\\\/\\\/chateaufeely.com\\\/wp-content\\\/uploads\\\/2022\\\/05\\\/caro-feely-easy-seat-pose-mid-size-yoga-in-the-vines-1200-300x146.jpg\",\"contentUrl\":\"https:\\\/\\\/chateaufeely.com\\\/wp-content\\\/uploads\\\/2022\\\/05\\\/caro-feely-easy-seat-pose-mid-size-yoga-in-the-vines-1200-300x146.jpg\"},{\"@type\":\"BreadcrumbList\",\"@id\":\"https:\\\/\\\/chateaufeely.com\\\/fr\\\/yoga\\\/#breadcrumb\",\"itemListElement\":[{\"@type\":\"ListItem\",\"position\":1,\"name\":\"Accueil\",\"item\":\"https:\\\/\\\/chateaufeely.com\\\/fr\\\/\"},{\"@type\":\"ListItem\",\"position\":2,\"name\":\"Yoga\"}]},{\"@type\":\"WebSite\",\"@id\":\"https:\\\/\\\/chateaufeely.com\\\/fr\\\/#website\",\"url\":\"https:\\\/\\\/chateaufeely.com\\\/fr\\\/\",\"name\":\"Ch\u00e2teau Feely organic wine, tours, accommodation\",\"description\":\"Biodynamic and natural wine, tours and wine school, ecological luxury lodge\",\"publisher\":{\"@id\":\"https:\\\/\\\/chateaufeely.com\\\/fr\\\/#organization\"},\"potentialAction\":[{\"@type\":\"SearchAction\",\"target\":{\"@type\":\"EntryPoint\",\"urlTemplate\":\"https:\\\/\\\/chateaufeely.com\\\/fr\\\/?s={search_term_string}\"},\"query-input\":{\"@type\":\"PropertyValueSpecification\",\"valueRequired\":true,\"valueName\":\"search_term_string\"}}],\"inLanguage\":\"fr-FR\"},{\"@type\":\"Organization\",\"@id\":\"https:\\\/\\\/chateaufeely.com\\\/fr\\\/#organization\",\"name\":\"Ch\u00e2teau Feely organic wine, tours, accommodation\",\"url\":\"https:\\\/\\\/chateaufeely.com\\\/fr\\\/\",\"logo\":{\"@type\":\"ImageObject\",\"inLanguage\":\"fr-FR\",\"@id\":\"https:\\\/\\\/chateaufeely.com\\\/fr\\\/#\\\/schema\\\/logo\\\/image\\\/\",\"url\":\"https:\\\/\\\/chateaufeely.com\\\/wp-content\\\/uploads\\\/2016\\\/05\\\/logo-vertical-v2-250.png\",\"contentUrl\":\"https:\\\/\\\/chateaufeely.com\\\/wp-content\\\/uploads\\\/2016\\\/05\\\/logo-vertical-v2-250.png\",\"width\":250,\"height\":312,\"caption\":\"Ch\u00e2teau Feely organic wine, tours, accommodation\"},\"image\":{\"@id\":\"https:\\\/\\\/chateaufeely.com\\\/fr\\\/#\\\/schema\\\/logo\\\/image\\\/\"},\"sameAs\":[\"https:\\\/\\\/www.facebook.com\\\/ChateauFeely\\\/\",\"https:\\\/\\\/www.instagram.com\\\/chateaufeely\\\/\"]}]}<\/script>\n<!-- \/ Yoast SEO plugin. -->","yoast_head_json":{"title":"Yoga - Ch\u00e2teau Feely organic wine, tours, accommodation","robots":{"index":"index","follow":"follow","max-snippet":"max-snippet:-1","max-image-preview":"max-image-preview:large","max-video-preview":"max-video-preview:-1"},"canonical":"https:\/\/chateaufeely.com\/fr\/yoga\/","og_locale":"fr_FR","og_type":"article","og_title":"Yoga - Ch\u00e2teau Feely organic wine, tours, accommodation","og_description":"[vc_row][vc_column][vc_column_text css=\u00a0\u00bb.vc_custom_1740407476495{margin-bottom: 0px !important;}\u00a0\u00bb] Feely Yoga Chateau Feely est d\u00e9di\u00e9 au bien-\u00eatre, \u00e0 la d\u00e9tente et \u00e0 la nature. Le yoga y contribue, tout comme notre m\u00e9thode d\u2019agriculture naturelle, biologique et biodynamique. Lisez la suite pour en savoir plus sur ce que le yoga peut vous offrir. Inscrivez-vous \u00e0 la liste de diffusion Feely Yoga [&hellip;]","og_url":"https:\/\/chateaufeely.com\/fr\/yoga\/","og_site_name":"Ch\u00e2teau Feely organic wine, tours, accommodation","article_publisher":"https:\/\/www.facebook.com\/ChateauFeely\/","article_modified_time":"2026-02-27T15:25:41+00:00","og_image":[{"width":1200,"height":583,"url":"https:\/\/chateaufeely.com\/wp-content\/uploads\/2022\/05\/caro-feely-easy-seat-pose-mid-size-yoga-in-the-vines-1200.jpg","type":"image\/jpeg"}],"twitter_card":"summary_large_image","twitter_misc":{"Dur\u00e9e de lecture estim\u00e9e":"6 minutes"},"schema":{"@context":"https:\/\/schema.org","@graph":[{"@type":"WebPage","@id":"https:\/\/chateaufeely.com\/fr\/yoga\/","url":"https:\/\/chateaufeely.com\/fr\/yoga\/","name":"Yoga - Ch\u00e2teau Feely organic wine, tours, accommodation","isPartOf":{"@id":"https:\/\/chateaufeely.com\/fr\/#website"},"primaryImageOfPage":{"@id":"https:\/\/chateaufeely.com\/fr\/yoga\/#primaryimage"},"image":{"@id":"https:\/\/chateaufeely.com\/fr\/yoga\/#primaryimage"},"thumbnailUrl":"https:\/\/chateaufeely.com\/wp-content\/uploads\/2022\/05\/caro-feely-easy-seat-pose-mid-size-yoga-in-the-vines-1200-300x146.jpg","datePublished":"2026-02-27T15:22:03+00:00","dateModified":"2026-02-27T15:25:41+00:00","breadcrumb":{"@id":"https:\/\/chateaufeely.com\/fr\/yoga\/#breadcrumb"},"inLanguage":"fr-FR","potentialAction":[{"@type":"ReadAction","target":["https:\/\/chateaufeely.com\/fr\/yoga\/"]}]},{"@type":"ImageObject","inLanguage":"fr-FR","@id":"https:\/\/chateaufeely.com\/fr\/yoga\/#primaryimage","url":"https:\/\/chateaufeely.com\/wp-content\/uploads\/2022\/05\/caro-feely-easy-seat-pose-mid-size-yoga-in-the-vines-1200-300x146.jpg","contentUrl":"https:\/\/chateaufeely.com\/wp-content\/uploads\/2022\/05\/caro-feely-easy-seat-pose-mid-size-yoga-in-the-vines-1200-300x146.jpg"},{"@type":"BreadcrumbList","@id":"https:\/\/chateaufeely.com\/fr\/yoga\/#breadcrumb","itemListElement":[{"@type":"ListItem","position":1,"name":"Accueil","item":"https:\/\/chateaufeely.com\/fr\/"},{"@type":"ListItem","position":2,"name":"Yoga"}]},{"@type":"WebSite","@id":"https:\/\/chateaufeely.com\/fr\/#website","url":"https:\/\/chateaufeely.com\/fr\/","name":"Ch\u00e2teau Feely organic wine, tours, accommodation","description":"Biodynamic and natural wine, tours and wine school, ecological luxury lodge","publisher":{"@id":"https:\/\/chateaufeely.com\/fr\/#organization"},"potentialAction":[{"@type":"SearchAction","target":{"@type":"EntryPoint","urlTemplate":"https:\/\/chateaufeely.com\/fr\/?s={search_term_string}"},"query-input":{"@type":"PropertyValueSpecification","valueRequired":true,"valueName":"search_term_string"}}],"inLanguage":"fr-FR"},{"@type":"Organization","@id":"https:\/\/chateaufeely.com\/fr\/#organization","name":"Ch\u00e2teau Feely organic wine, tours, accommodation","url":"https:\/\/chateaufeely.com\/fr\/","logo":{"@type":"ImageObject","inLanguage":"fr-FR","@id":"https:\/\/chateaufeely.com\/fr\/#\/schema\/logo\/image\/","url":"https:\/\/chateaufeely.com\/wp-content\/uploads\/2016\/05\/logo-vertical-v2-250.png","contentUrl":"https:\/\/chateaufeely.com\/wp-content\/uploads\/2016\/05\/logo-vertical-v2-250.png","width":250,"height":312,"caption":"Ch\u00e2teau Feely organic wine, tours, accommodation"},"image":{"@id":"https:\/\/chateaufeely.com\/fr\/#\/schema\/logo\/image\/"},"sameAs":["https:\/\/www.facebook.com\/ChateauFeely\/","https:\/\/www.instagram.com\/chateaufeely\/"]}]}},"_links":{"self":[{"href":"https:\/\/chateaufeely.com\/fr\/wp-json\/wp\/v2\/pages\/10777","targetHints":{"allow":["GET"]}}],"collection":[{"href":"https:\/\/chateaufeely.com\/fr\/wp-json\/wp\/v2\/pages"}],"about":[{"href":"https:\/\/chateaufeely.com\/fr\/wp-json\/wp\/v2\/types\/page"}],"author":[{"embeddable":true,"href":"https:\/\/chateaufeely.com\/fr\/wp-json\/wp\/v2\/users\/2"}],"replies":[{"embeddable":true,"href":"https:\/\/chateaufeely.com\/fr\/wp-json\/wp\/v2\/comments?post=10777"}],"version-history":[{"count":6,"href":"https:\/\/chateaufeely.com\/fr\/wp-json\/wp\/v2\/pages\/10777\/revisions"}],"predecessor-version":[{"id":10849,"href":"https:\/\/chateaufeely.com\/fr\/wp-json\/wp\/v2\/pages\/10777\/revisions\/10849"}],"wp:attachment":[{"href":"https:\/\/chateaufeely.com\/fr\/wp-json\/wp\/v2\/media?parent=10777"}],"curies":[{"name":"wp","href":"https:\/\/api.w.org\/{rel}","templated":true}]}}