{"id":10875,"date":"2026-02-27T16:30:16","date_gmt":"2026-02-27T15:30:16","guid":{"rendered":"https:\/\/chateaufeely.com\/notre-boutique\/cadeaux-de-la-saint-valentin\/"},"modified":"2026-02-27T16:30:16","modified_gmt":"2026-02-27T15:30:16","slug":"cadeaux-de-la-saint-valentin","status":"publish","type":"page","link":"https:\/\/chateaufeely.com\/fr\/notre-boutique\/cadeaux-de-la-saint-valentin\/","title":{"rendered":"Cadeaux de la Saint-Valentin"},"content":{"rendered":"<h1>Saint-Valentin : qu\u2019aimeriez-vous le plus ?<\/h1>\n<h2>un <a href=\"https:\/\/chateaufeely.com\/fr\/virtuel\/\">cours virtuel sur le vin qui continue de donner<\/a>, un <a href=\"http:\/\/chateaufeely.com\/notre-boutique\/partage-du-vignoble\/\" target=\"_blank\" rel=\"noopener noreferrer\">partage Vine<\/a>, un <a href=\"http:\/\/chateaufeely.com\/notre-boutique\/gift-certificates\/\">bon cadeau<\/a>, <a href=\"https:\/\/chateaufeely.com\/feely-family-organic-biodynamic-wine-club\/\" target=\"_blank\" rel=\"noopener noreferrer\">une adh\u00e9sion au Club<\/a> ou un bon vin bio ?<\/h2>\n<p><img decoding=\"async\" class=\"alignnone size-medium wp-image-2890 aligncenter\" src=\"http:\/\/chateaufeely.com\/wp-content\/uploads\/2018\/01\/Valentine7-300x200.jpg\" alt=\"Happy Valentine from Feely Wine\" width=\"300\" height=\"200\" srcset=\"https:\/\/chateaufeely.com\/wp-content\/uploads\/2018\/01\/Valentine7-300x200.jpg 300w, https:\/\/chateaufeely.com\/wp-content\/uploads\/2018\/01\/Valentine7-1024x684.jpg 1024w, https:\/\/chateaufeely.com\/wp-content\/uploads\/2018\/01\/Valentine7-768x513.jpg 768w, https:\/\/chateaufeely.com\/wp-content\/uploads\/2018\/01\/Valentine7-600x401.jpg 600w, https:\/\/chateaufeely.com\/wp-content\/uploads\/2018\/01\/Valentine7.jpg 1200w\" sizes=\"(max-width: 300px) 100vw, 300px\" \/><script id=\"mcjs\">\/\/ <![CDATA[ !function(c,h,i,m,p){m=c.createElement(h),p=c.getElementsByTagName(h)[0],m.async=1,m.src=i,p.parentNode.insertBefore(m,p)}(document,\"script\",\"https:\/\/chimpstatic.com\/mcjs-connected\/js\/users\/b5cf2b22b4a364076c777cecc\/42de03e80f632e6f576e86a06.js\"); \/\/ ]]><\/script><\/p>\n<h2>Le <a href=\"https:\/\/chateaufeely.com\/fr\/?page_id=6128\">cours virtuel D\u00e9couverte du vin pour votre Valentin<\/a><\/h2>\n<p>Le <strong><a href=\"https:\/\/chateaufeely.com\/fr\/?page_id=6128\">cours de vin Virtual Discovery<\/a> <\/strong>vous offre l\u2019opportunit\u00e9 de cr\u00e9er 6 soir\u00e9es sp\u00e9ciales en amoureux pour vous aventurer dans le monde du vin avec une caisse de 12 vins Feely, des vid\u00e9os et du mat\u00e9riel d\u2019accompagnement.<\/p>\n<p>D\u00e9couvrez toutes nos <strong><a href=\"https:\/\/chateaufeely.com\/fr\/virtuel\/\">exp\u00e9riences virtuelles<\/a><\/strong>.<\/p>\n<h2>Un partage personnalis\u00e9 de <a href=\"https:\/\/chateaufeely.com\/fr\/notre-boutique\/partage-du-vignoble\/\" target=\"_blank\" rel=\"noopener noreferrer\">Chateau Feely Vine<\/a> pour votre Valentin<\/h2>\n<p>Commandez un <strong><a href=\"http:\/\/chateaufeely.com\/notre-boutique\/partage-du-vignoble\/\" target=\"_blank\" rel=\"noopener noreferrer\">partage Vine<\/a><\/strong>pour la Saint-Valentin (au plus tard le 12 f\u00e9vrier pour recevoir des documents envoy\u00e9s par email) et nous ajouterons un c\u0153ur sur la plaque personnalis\u00e9e sur la rang\u00e9e de votre amoureux.<strong>\u00a0<\/strong><\/p>\n<p><img decoding=\"async\" class=\"alignnone size-medium wp-image-2892 aligncenter\" src=\"http:\/\/chateaufeely.com\/wp-content\/uploads\/2018\/01\/PSX_20180119_171106-2-300x200.jpg\" alt=\"PSX_20180119_171106 (2)\" width=\"300\" height=\"200\" srcset=\"https:\/\/chateaufeely.com\/wp-content\/uploads\/2018\/01\/PSX_20180119_171106-2-300x200.jpg 300w, https:\/\/chateaufeely.com\/wp-content\/uploads\/2018\/01\/PSX_20180119_171106-2-1024x684.jpg 1024w, https:\/\/chateaufeely.com\/wp-content\/uploads\/2018\/01\/PSX_20180119_171106-2-768x513.jpg 768w, https:\/\/chateaufeely.com\/wp-content\/uploads\/2018\/01\/PSX_20180119_171106-2-600x401.jpg 600w, https:\/\/chateaufeely.com\/wp-content\/uploads\/2018\/01\/PSX_20180119_171106-2.jpg 1200w\" sizes=\"(max-width: 300px) 100vw, 300px\" \/><\/p>\n<h2>Un bon cadeau personnalis\u00e9<\/h2>\n<p>Ou peut-\u00eatre un bon cadeau pour une<strong>\u00a0<a href=\"http:\/\/chateaufeely.com\/visites\/wine-tours\/\" target=\"_blank\" rel=\"noopener noreferrer\">tourn\u00e9e romantique de deux jours avec<\/a><\/strong> de la cuisine et du vin fran\u00e7ais fabuleux, ou une <strong><a href=\"https:\/\/chateaufeely.com\/fr\/yoga\/retraite-de-yoga-de-deux-jours\/\" target=\"_blank\" rel=\"noopener\">retraite de yoga de deux jours<\/a><\/strong> ? Ou une autre <strong><a href=\"http:\/\/chateaufeely.com\/visites\/\">visite<\/a>\u00a0<\/strong>ou<strong>\u00a0<a href=\"http:\/\/chateaufeely.com\/visites\/walking-wine-tours\/\">visite \u00e0 pied<\/a><\/strong>. Nous ajouterons des c\u0153urs \u00e0 votre <strong><a href=\"http:\/\/chateaufeely.com\/notre-boutique\/gift-certificates\/\" target=\"_blank\" rel=\"noopener noreferrer\">bon cadeau personnalis\u00e9<\/a><\/strong> pour votre amoureux.<\/p>\n<p><img decoding=\"async\" class=\"alignnone size-medium wp-image-2896 aligncenter\" src=\"http:\/\/chateaufeely.com\/wp-content\/uploads\/2018\/01\/PSX_20180119_174332-300x150.jpg\" alt=\"PSX_20180119_174332\" width=\"300\" height=\"150\" srcset=\"https:\/\/chateaufeely.com\/wp-content\/uploads\/2018\/01\/PSX_20180119_174332-300x150.jpg 300w, https:\/\/chateaufeely.com\/wp-content\/uploads\/2018\/01\/PSX_20180119_174332-1024x512.jpg 1024w, https:\/\/chateaufeely.com\/wp-content\/uploads\/2018\/01\/PSX_20180119_174332-768x384.jpg 768w, https:\/\/chateaufeely.com\/wp-content\/uploads\/2018\/01\/PSX_20180119_174332-600x300.jpg 600w, https:\/\/chateaufeely.com\/wp-content\/uploads\/2018\/01\/PSX_20180119_174332.jpg 1200w\" sizes=\"(max-width: 300px) 100vw, 300px\" \/><\/p>\n<h2>Un d\u00e9licieux vin bio, biodynamique et naturel<\/h2>\n<p>Parfois, le cadeau le plus simple est le meilleur \u2013 <strong><a href=\"https:\/\/chateaufeely.com\/handmade-valentines-day-card-sculpture-using-natures-free-materials\/\" target=\"_blank\" rel=\"noopener noreferrer\">faites une carte feuille<\/a> <\/strong>et commandez 12 bouteilles de <strong><a href=\"https:\/\/chateaufeely.com\/our-shop\/selections-including-shipping-in-the-eu\/\" target=\"_blank\" rel=\"noopener noreferrer\">bon vin bio exp\u00e9di\u00e9es \u00e0 votre porte en UE<\/a><\/strong> , ou <strong><a href=\"https:\/\/chateaufeely.com\/our-shop\/selections-including-shipping-in-the-uk\/\" target=\"_blank\" rel=\"noopener\">exp\u00e9di\u00e9es au Royaume-Uni<\/a><\/strong>, ou <strong><a href=\"https:\/\/chateaufeely.com\/our-shop\/selections-including-shipping-to-usa\/\" target=\"_blank\" rel=\"noopener\">aux \u00c9tats-Unis<\/a><\/strong>, et nous vous enverrons un cadeau d\u2019un tire-bouchon de sommelier. Une bo\u00eete de vin offrira des mois de plaisir partag\u00e9 plut\u00f4t qu\u2019une seule nuit !<\/p>\n<p>Pour l\u2019inspiration de la Saint-Valentin, consultez cet <strong><a href=\"https:\/\/chateaufeely.com\/aphrodisiacs-and-amour-plus-love-boxes-virtual-valentine-party\/\" target=\"_blank\" rel=\"noopener\">article sur les aphrodisiaques naturels et comment les associer aux vins Feely<\/a><\/strong>.<\/p>\n<p><img decoding=\"async\" class=\"alignnone size-medium wp-image-2894 aligncenter\" src=\"http:\/\/chateaufeely.com\/wp-content\/uploads\/2018\/01\/PSX_20180119_171213-4-300x200.jpg\" alt=\"PSX_20180119_171213 (4)\" width=\"300\" height=\"200\" srcset=\"https:\/\/chateaufeely.com\/wp-content\/uploads\/2018\/01\/PSX_20180119_171213-4-300x200.jpg 300w, https:\/\/chateaufeely.com\/wp-content\/uploads\/2018\/01\/PSX_20180119_171213-4-1024x684.jpg 1024w, https:\/\/chateaufeely.com\/wp-content\/uploads\/2018\/01\/PSX_20180119_171213-4-768x513.jpg 768w, https:\/\/chateaufeely.com\/wp-content\/uploads\/2018\/01\/PSX_20180119_171213-4-600x401.jpg 600w, https:\/\/chateaufeely.com\/wp-content\/uploads\/2018\/01\/PSX_20180119_171213-4.jpg 1200w\" sizes=\"(max-width: 300px) 100vw, 300px\" \/><\/p>\n<h2><a href=\"https:\/\/chateaufeely.com\/feely-family-organic-biodynamic-wine-club\/\" target=\"_blank\" rel=\"noopener noreferrer\">Adh\u00e9sion au Ch\u00e2teau Feely Wine Club<\/a><\/h2>\n<p>Faites un coup de t\u00eate \u00e0 votre <a href=\"https:\/\/chateaufeely.com\/feely-family-organic-biodynamic-wine-club\/\" target=\"_blank\" rel=\"noopener noreferrer\">Valentine avec un abonnement Feely Wine Club 24<\/a> \u2013 cela inclut 2 exp\u00e9ditions de 24 bouteilles par an \u2013 une en avril et une en octobre.<\/p>\n<h2>Mousse rose bio romantique fabriqu\u00e9 selon la m\u00e9thode traditionnelle<\/h2>\n<p>Nous proposons du <a href=\"https:\/\/chateaufeely.com\/fr\/produit\/sensualite-2015-copy\/\"><strong>Feely pink brut sparkling fabriqu\u00e9 de mani\u00e8re traditionnelle (comme le champagne<\/strong>)<\/a> pour ajouter une touche romantique \u00e0 vos c\u00e9l\u00e9brations. Commandez<a href=\"https:\/\/chateaufeely.com\/order-mixed-case-organic-wine-ship-direct-eu\/\" target=\"_blank\" rel=\"noopener noreferrer\"> du vin livr\u00e9 directement \u00e0 votre porte dans l\u2019UE<\/a>.\u00a0 Lisez-en <strong><a href=\"https:\/\/chateaufeely.com\/feely-sparkling-brut-rose-released-week\/\" target=\"_blank\" rel=\"noopener noreferrer\">plus \u00e0 ce sujet : Feely sparkling ros\u00e9 m\u00e9thode traditionnelle brute<\/a><\/strong>.<\/p>\n<h2>Un monde de vin ou une escapade gastronomique<\/h2>\n<p>D\u00e9couvrez nos <a href=\"https:\/\/chateaufeely.com\/visits\/wine-tours\/\" target=\"_blank\" rel=\"noopener noreferrer\">visites guid\u00e9es de vins gastronomiques de plusieurs jours<\/a> et nos <a href=\"https:\/\/chateaufeely.com\/fr\/visites\/excursions-a-pied-de-plusieurs-jours\/\">promenades de plusieurs jours dans les vignobles<\/a> pour un cadeau de Saint-Valentin tr\u00e8s sp\u00e9cial.<\/p>\n<p>\u00a0<\/p>\n<p>Ce jour de la Saint-Valentin, nous vous souhaitons joie, sant\u00e9 et amour et avons h\u00e2te de vous voir au Ch\u00e2teau Feely.<\/p>\n<p>\u00a0<\/p>\n<p>Venez en apprendre davantage sur le vin \u00e0 <a href=\"http:\/\/www.frenchwineadventures.com\" target=\"_blank\" rel=\"noopener noreferrer\">l\u2019\u00e9cole du vin<\/a> ou lors <a href=\"http:\/\/chateaufeely.com\/visites\/\">d\u2019une visite au Ch\u00e2teau F\u00e9ely dans le sud-ouest de la France<\/a> ;\u00a0<a href=\"http:\/\/chateaufeely.com\/presentation-gites\/\">Restez<\/a> ou faites un <a href=\"http:\/\/www.frenchwineadventures.com\/workshops.html\">stage de plusieurs jours<\/a> ou <a href=\"http:\/\/www.frenchwineadventures.com\/multi.html\">une excursion de plusieurs jours<\/a>. Vous pouvez lire l\u2019histoire de ce vignoble biologique \u2013 <strong><a href=\"https:\/\/chateaufeely.com\/caro-feely-books-with-links-and-isbns\/\" target=\"_blank\" rel=\"noopener\">la s\u00e9rie de Caro Feely<\/a><\/strong>.<\/p>\n<p>Inscrivez-vous \u00e0 la liste de diffusion pour recevoir une newsletter saisonni\u00e8re, des \u00e9v\u00e9nements, des accords vins, des recettes et plus d\u2019informations sur ce sujet en bas \u00e0 droite de cette page.<\/p>\n","protected":false},"excerpt":{"rendered":"<p>Saint-Valentin : qu\u2019aimeriez-vous le plus ? un cours virtuel sur le vin qui continue de donner, un partage Vine, un bon cadeau, une adh\u00e9sion au Club ou un bon vin bio ? Le cours virtuel D\u00e9couverte du vin pour votre Valentin Le cours de vin Virtual Discovery vous offre l\u2019opportunit\u00e9 de cr\u00e9er 6 soir\u00e9es sp\u00e9ciales [&hellip;]<\/p>\n","protected":false},"author":2,"featured_media":2897,"parent":785,"menu_order":0,"comment_status":"closed","ping_status":"closed","template":"","meta":{"_exactmetrics_skip_tracking":false,"_exactmetrics_sitenote_active":false,"_exactmetrics_sitenote_note":"","_exactmetrics_sitenote_category":0,"footnotes":""},"class_list":["post-10875","page","type-page","status-publish","has-post-thumbnail","hentry"],"yoast_head":"<!-- This site is optimized with the Yoast SEO plugin v27.0 - https:\/\/yoast.com\/product\/yoast-seo-wordpress\/ -->\n<title>Des cadeaux de Saint-Valentin pour illuminer la f\u00eate de vos amoureux !<\/title>\n<meta name=\"description\" content=\"Nos suggestions de cadeaux romantiques pour la Saint-Valentin pour votre amoureux du vin. Achetez une part de vigne directement aupr\u00e8s du vignoble bio et nous inclurons un cadeau suppl\u00e9mentaire.\" \/>\n<meta name=\"robots\" content=\"index, follow, max-snippet:-1, max-image-preview:large, max-video-preview:-1\" \/>\n<link rel=\"canonical\" href=\"https:\/\/chateaufeely.com\/fr\/notre-boutique\/cadeaux-de-la-saint-valentin\/\" \/>\n<meta property=\"og:locale\" content=\"fr_FR\" \/>\n<meta property=\"og:type\" content=\"article\" \/>\n<meta property=\"og:title\" content=\"Des cadeaux de Saint-Valentin pour illuminer la f\u00eate de vos amoureux !\" \/>\n<meta property=\"og:description\" content=\"Nos suggestions de cadeaux romantiques pour la Saint-Valentin pour votre amoureux du vin. Achetez une part de vigne directement aupr\u00e8s du vignoble bio et nous inclurons un cadeau suppl\u00e9mentaire.\" \/>\n<meta property=\"og:url\" content=\"https:\/\/chateaufeely.com\/fr\/notre-boutique\/cadeaux-de-la-saint-valentin\/\" \/>\n<meta property=\"og:site_name\" content=\"Ch\u00e2teau Feely organic wine, tours, accommodation\" \/>\n<meta property=\"article:publisher\" content=\"https:\/\/www.facebook.com\/ChateauFeely\/\" \/>\n<meta property=\"og:image\" content=\"https:\/\/chateaufeely.com\/wp-content\/uploads\/2018\/01\/PSX_20180119_174332.jpg\" \/>\n\t<meta property=\"og:image:width\" content=\"1200\" \/>\n\t<meta property=\"og:image:height\" content=\"600\" \/>\n\t<meta property=\"og:image:type\" content=\"image\/jpeg\" \/>\n<meta name=\"twitter:card\" content=\"summary_large_image\" \/>\n<meta name=\"twitter:label1\" content=\"Dur\u00e9e de lecture estim\u00e9e\" \/>\n\t<meta name=\"twitter:data1\" content=\"3 minutes\" \/>\n<script type=\"application\/ld+json\" class=\"yoast-schema-graph\">{\"@context\":\"https:\/\/schema.org\",\"@graph\":[{\"@type\":\"WebPage\",\"@id\":\"https:\/\/chateaufeely.com\/fr\/notre-boutique\/cadeaux-de-la-saint-valentin\/\",\"url\":\"https:\/\/chateaufeely.com\/fr\/notre-boutique\/cadeaux-de-la-saint-valentin\/\",\"name\":\"Des cadeaux de Saint-Valentin pour illuminer la f\u00eate de vos amoureux !\",\"isPartOf\":{\"@id\":\"https:\/\/chateaufeely.com\/fr\/#website\"},\"primaryImageOfPage\":{\"@id\":\"https:\/\/chateaufeely.com\/fr\/notre-boutique\/cadeaux-de-la-saint-valentin\/#primaryimage\"},\"image\":{\"@id\":\"https:\/\/chateaufeely.com\/fr\/notre-boutique\/cadeaux-de-la-saint-valentin\/#primaryimage\"},\"thumbnailUrl\":\"https:\/\/chateaufeely.com\/wp-content\/uploads\/2018\/01\/PSX_20180119_174332.jpg\",\"datePublished\":\"2026-02-27T15:30:16+00:00\",\"description\":\"Nos suggestions de cadeaux romantiques pour la Saint-Valentin pour votre amoureux du vin. Achetez une part de vigne directement aupr\u00e8s du vignoble bio et nous inclurons un cadeau suppl\u00e9mentaire.\",\"breadcrumb\":{\"@id\":\"https:\/\/chateaufeely.com\/fr\/notre-boutique\/cadeaux-de-la-saint-valentin\/#breadcrumb\"},\"inLanguage\":\"fr-FR\",\"potentialAction\":[{\"@type\":\"ReadAction\",\"target\":[\"https:\/\/chateaufeely.com\/fr\/notre-boutique\/cadeaux-de-la-saint-valentin\/\"]}]},{\"@type\":\"ImageObject\",\"inLanguage\":\"fr-FR\",\"@id\":\"https:\/\/chateaufeely.com\/fr\/notre-boutique\/cadeaux-de-la-saint-valentin\/#primaryimage\",\"url\":\"https:\/\/chateaufeely.com\/wp-content\/uploads\/2018\/01\/PSX_20180119_174332.jpg\",\"contentUrl\":\"https:\/\/chateaufeely.com\/wp-content\/uploads\/2018\/01\/PSX_20180119_174332.jpg\",\"width\":1200,\"height\":600,\"caption\":\"Du vin de Feely pour ta Saint-Valentin\"},{\"@type\":\"BreadcrumbList\",\"@id\":\"https:\/\/chateaufeely.com\/fr\/notre-boutique\/cadeaux-de-la-saint-valentin\/#breadcrumb\",\"itemListElement\":[{\"@type\":\"ListItem\",\"position\":1,\"name\":\"Accueil\",\"item\":\"https:\/\/chateaufeely.com\/fr\/\"},{\"@type\":\"ListItem\",\"position\":2,\"name\":\"Notre Boutique\",\"item\":\"https:\/\/chateaufeely.com\/fr\/our-shop\/\"},{\"@type\":\"ListItem\",\"position\":3,\"name\":\"Cadeaux de la Saint-Valentin\"}]},{\"@type\":\"WebSite\",\"@id\":\"https:\/\/chateaufeely.com\/fr\/#website\",\"url\":\"https:\/\/chateaufeely.com\/fr\/\",\"name\":\"Ch\u00e2teau Feely organic wine, tours, accommodation\",\"description\":\"Biodynamic and natural wine, tours and wine school, ecological luxury lodge\",\"publisher\":{\"@id\":\"https:\/\/chateaufeely.com\/fr\/#organization\"},\"potentialAction\":[{\"@type\":\"SearchAction\",\"target\":{\"@type\":\"EntryPoint\",\"urlTemplate\":\"https:\/\/chateaufeely.com\/fr\/?s={search_term_string}\"},\"query-input\":{\"@type\":\"PropertyValueSpecification\",\"valueRequired\":true,\"valueName\":\"search_term_string\"}}],\"inLanguage\":\"fr-FR\"},{\"@type\":\"Organization\",\"@id\":\"https:\/\/chateaufeely.com\/fr\/#organization\",\"name\":\"Ch\u00e2teau Feely organic wine, tours, accommodation\",\"url\":\"https:\/\/chateaufeely.com\/fr\/\",\"logo\":{\"@type\":\"ImageObject\",\"inLanguage\":\"fr-FR\",\"@id\":\"https:\/\/chateaufeely.com\/fr\/#\/schema\/logo\/image\/\",\"url\":\"https:\/\/chateaufeely.com\/wp-content\/uploads\/2016\/05\/logo-vertical-v2-250.png\",\"contentUrl\":\"https:\/\/chateaufeely.com\/wp-content\/uploads\/2016\/05\/logo-vertical-v2-250.png\",\"width\":250,\"height\":312,\"caption\":\"Ch\u00e2teau Feely organic wine, tours, accommodation\"},\"image\":{\"@id\":\"https:\/\/chateaufeely.com\/fr\/#\/schema\/logo\/image\/\"},\"sameAs\":[\"https:\/\/www.facebook.com\/ChateauFeely\/\",\"https:\/\/www.instagram.com\/chateaufeely\/\"]}]}<\/script>\n<!-- \/ Yoast SEO plugin. -->","yoast_head_json":{"title":"Des cadeaux de Saint-Valentin pour illuminer la f\u00eate de vos amoureux !","description":"Nos suggestions de cadeaux romantiques pour la Saint-Valentin pour votre amoureux du vin. Achetez une part de vigne directement aupr\u00e8s du vignoble bio et nous inclurons un cadeau suppl\u00e9mentaire.","robots":{"index":"index","follow":"follow","max-snippet":"max-snippet:-1","max-image-preview":"max-image-preview:large","max-video-preview":"max-video-preview:-1"},"canonical":"https:\/\/chateaufeely.com\/fr\/notre-boutique\/cadeaux-de-la-saint-valentin\/","og_locale":"fr_FR","og_type":"article","og_title":"Des cadeaux de Saint-Valentin pour illuminer la f\u00eate de vos amoureux !","og_description":"Nos suggestions de cadeaux romantiques pour la Saint-Valentin pour votre amoureux du vin. Achetez une part de vigne directement aupr\u00e8s du vignoble bio et nous inclurons un cadeau suppl\u00e9mentaire.","og_url":"https:\/\/chateaufeely.com\/fr\/notre-boutique\/cadeaux-de-la-saint-valentin\/","og_site_name":"Ch\u00e2teau Feely organic wine, tours, accommodation","article_publisher":"https:\/\/www.facebook.com\/ChateauFeely\/","og_image":[{"width":1200,"height":600,"url":"https:\/\/chateaufeely.com\/wp-content\/uploads\/2018\/01\/PSX_20180119_174332.jpg","type":"image\/jpeg"}],"twitter_card":"summary_large_image","twitter_misc":{"Dur\u00e9e de lecture estim\u00e9e":"3 minutes"},"schema":{"@context":"https:\/\/schema.org","@graph":[{"@type":"WebPage","@id":"https:\/\/chateaufeely.com\/fr\/notre-boutique\/cadeaux-de-la-saint-valentin\/","url":"https:\/\/chateaufeely.com\/fr\/notre-boutique\/cadeaux-de-la-saint-valentin\/","name":"Des cadeaux de Saint-Valentin pour illuminer la f\u00eate de vos amoureux !","isPartOf":{"@id":"https:\/\/chateaufeely.com\/fr\/#website"},"primaryImageOfPage":{"@id":"https:\/\/chateaufeely.com\/fr\/notre-boutique\/cadeaux-de-la-saint-valentin\/#primaryimage"},"image":{"@id":"https:\/\/chateaufeely.com\/fr\/notre-boutique\/cadeaux-de-la-saint-valentin\/#primaryimage"},"thumbnailUrl":"https:\/\/chateaufeely.com\/wp-content\/uploads\/2018\/01\/PSX_20180119_174332.jpg","datePublished":"2026-02-27T15:30:16+00:00","description":"Nos suggestions de cadeaux romantiques pour la Saint-Valentin pour votre amoureux du vin. Achetez une part de vigne directement aupr\u00e8s du vignoble bio et nous inclurons un cadeau suppl\u00e9mentaire.","breadcrumb":{"@id":"https:\/\/chateaufeely.com\/fr\/notre-boutique\/cadeaux-de-la-saint-valentin\/#breadcrumb"},"inLanguage":"fr-FR","potentialAction":[{"@type":"ReadAction","target":["https:\/\/chateaufeely.com\/fr\/notre-boutique\/cadeaux-de-la-saint-valentin\/"]}]},{"@type":"ImageObject","inLanguage":"fr-FR","@id":"https:\/\/chateaufeely.com\/fr\/notre-boutique\/cadeaux-de-la-saint-valentin\/#primaryimage","url":"https:\/\/chateaufeely.com\/wp-content\/uploads\/2018\/01\/PSX_20180119_174332.jpg","contentUrl":"https:\/\/chateaufeely.com\/wp-content\/uploads\/2018\/01\/PSX_20180119_174332.jpg","width":1200,"height":600,"caption":"Du vin de Feely pour ta Saint-Valentin"},{"@type":"BreadcrumbList","@id":"https:\/\/chateaufeely.com\/fr\/notre-boutique\/cadeaux-de-la-saint-valentin\/#breadcrumb","itemListElement":[{"@type":"ListItem","position":1,"name":"Accueil","item":"https:\/\/chateaufeely.com\/fr\/"},{"@type":"ListItem","position":2,"name":"Notre Boutique","item":"https:\/\/chateaufeely.com\/fr\/our-shop\/"},{"@type":"ListItem","position":3,"name":"Cadeaux de la Saint-Valentin"}]},{"@type":"WebSite","@id":"https:\/\/chateaufeely.com\/fr\/#website","url":"https:\/\/chateaufeely.com\/fr\/","name":"Ch\u00e2teau Feely organic wine, tours, accommodation","description":"Biodynamic and natural wine, tours and wine school, ecological luxury lodge","publisher":{"@id":"https:\/\/chateaufeely.com\/fr\/#organization"},"potentialAction":[{"@type":"SearchAction","target":{"@type":"EntryPoint","urlTemplate":"https:\/\/chateaufeely.com\/fr\/?s={search_term_string}"},"query-input":{"@type":"PropertyValueSpecification","valueRequired":true,"valueName":"search_term_string"}}],"inLanguage":"fr-FR"},{"@type":"Organization","@id":"https:\/\/chateaufeely.com\/fr\/#organization","name":"Ch\u00e2teau Feely organic wine, tours, accommodation","url":"https:\/\/chateaufeely.com\/fr\/","logo":{"@type":"ImageObject","inLanguage":"fr-FR","@id":"https:\/\/chateaufeely.com\/fr\/#\/schema\/logo\/image\/","url":"https:\/\/chateaufeely.com\/wp-content\/uploads\/2016\/05\/logo-vertical-v2-250.png","contentUrl":"https:\/\/chateaufeely.com\/wp-content\/uploads\/2016\/05\/logo-vertical-v2-250.png","width":250,"height":312,"caption":"Ch\u00e2teau Feely organic wine, tours, accommodation"},"image":{"@id":"https:\/\/chateaufeely.com\/fr\/#\/schema\/logo\/image\/"},"sameAs":["https:\/\/www.facebook.com\/ChateauFeely\/","https:\/\/www.instagram.com\/chateaufeely\/"]}]}},"_links":{"self":[{"href":"https:\/\/chateaufeely.com\/fr\/wp-json\/wp\/v2\/pages\/10875","targetHints":{"allow":["GET"]}}],"collection":[{"href":"https:\/\/chateaufeely.com\/fr\/wp-json\/wp\/v2\/pages"}],"about":[{"href":"https:\/\/chateaufeely.com\/fr\/wp-json\/wp\/v2\/types\/page"}],"author":[{"embeddable":true,"href":"https:\/\/chateaufeely.com\/fr\/wp-json\/wp\/v2\/users\/2"}],"replies":[{"embeddable":true,"href":"https:\/\/chateaufeely.com\/fr\/wp-json\/wp\/v2\/comments?post=10875"}],"version-history":[{"count":0,"href":"https:\/\/chateaufeely.com\/fr\/wp-json\/wp\/v2\/pages\/10875\/revisions"}],"up":[{"embeddable":true,"href":"https:\/\/chateaufeely.com\/fr\/wp-json\/wp\/v2\/pages\/785"}],"wp:featuredmedia":[{"embeddable":true,"href":"https:\/\/chateaufeely.com\/fr\/wp-json\/wp\/v2\/media\/2897"}],"wp:attachment":[{"href":"https:\/\/chateaufeely.com\/fr\/wp-json\/wp\/v2\/media?parent=10875"}],"curies":[{"name":"wp","href":"https:\/\/api.w.org\/{rel}","templated":true}]}}