{"id":10876,"date":"2026-02-27T16:30:28","date_gmt":"2026-02-27T15:30:28","guid":{"rendered":"https:\/\/chateaufeely.com\/visites\/excursions-de-plusieurs-jours-pour-les-vins\/"},"modified":"2026-02-27T16:30:28","modified_gmt":"2026-02-27T15:30:28","slug":"excursions-de-plusieurs-jours-pour-les-vins","status":"publish","type":"page","link":"https:\/\/chateaufeely.com\/fr\/visites\/excursions-de-plusieurs-jours-pour-les-vins\/","title":{"rendered":"Excursions de plusieurs jours pour les vins"},"content":{"rendered":"[vc_row][vc_column][mk_icon_box icon=\u00a0\u00bbmk-icon-image\u00a0\u00bb title=\u00a0\u00bbExcursions de plusieurs jours sur le vin\u00a0\u00bb text_size=\u00a0\u00bb30&Prime; style=\u00a0\u00bbsimple_ultimate\u00a0\u00bb icon_size=\u00a0\u00bblarge\u00a0\u00bb icon_location=\u00a0\u00bbtop\u00a0\u00bb icon_color=\u00a0\u00bb#e0b957&Prime; title_color=\u00a0\u00bb#000000&Prime; txt_color=\u00a0\u00bb#5e5e5e\u00a0\u00bb margin=\u00a0\u00bb0&Prime;]\n<p style=\"text-align: center;\">Excursions de deux \u00e0 cinq jours \u00e0 Bordeaux et Bergerac<\/p>\n<p>\u00a0<\/p>\n<p>\u00a0<\/p>\n[\/mk_icon_box][\/vc_column][\/vc_row][vc_row][vc_column][mk_title_box color=\u00a0\u00bb#e0b957&Prime; size=\u00a0\u00bb30&Prime; font_family=\u00a0\u00bbnone\u00a0\u00bb align=\u00a0\u00bbcenter\u00a0\u00bb]\n<p style=\"text-align: center;\">Le week-end parfait du vin \u00e0 Bordeaux<\/p>\n[\/mk_title_box][\/vc_column][\/vc_row][vc_row fullwidth=\u00a0\u00bbtrue\u00a0\u00bb][vc_column width=\u00a0\u00bb1\/2&Prime;][vc_column_text css=\u00a0\u00bb.vc_custom_1583596181966{margin-bottom: 0px !important;}\u00a0\u00bb]\n<p>\u00a0<\/p>\n[\/vc_column_text][mk_image_slideshow images=\u00a0\u00bb2922,2924,2926,442,2975&Prime; image_width=\u00a0\u00bb1000&Prime; image_height=\u00a0\u00bb667&Prime; slideshow_speed=\u00a0\u00bb3000&Prime;][\/vc_column][vc_column width=\u00a0\u00bb1\/2&Prime; css=\u00a0\u00bb.vc_custom_1464158896445{padding-left: 15px !important;}\u00a0\u00bb][vc_column_text css=\u00a0\u00bb.vc_custom_1732542385496{margin-bottom: 0px !important;}\u00a0\u00bb]\n<h2 style=\"text-align: center;\"><span style=\"color: #000000;\"><strong>Visite de 2 jours \u2013 2 jours \/ 3 nuits \u2013 \u00e0 partir de 750 \u20ac par personne partageant<\/strong><\/span><\/h2>\n<p><span style=\"color: #000000;\">Le week-end parfait pour le vin : une journ\u00e9e \u00e0 d\u00e9couvrir le vin dans un vignoble et un domaine bio en activit\u00e9, suivie d\u2019une journ\u00e9e de visite des Grand Cru Class\u00e9s de St Emilion Bordeaux.\u00a0Deux jours de visite du vin, de plaisir et d\u2019\u00e9ducation.<\/span><\/p>\n<p><span style=\"color: #000000;\"><b>Ce que vous obtenez avec cette visite de deux jours :<\/b> un excellent h\u00e9bergement et deux petits-d\u00e9jeuners dans une maison d\u2019h\u00f4tes de luxe prim\u00e9e sur un vignoble, un cours de vin d\u2019une journ\u00e9e compl\u00e8te avec d\u00e9jeuner et une visite compl\u00e8te de<span style=\"font-size: medium;\"> la classe Grand Cru de St Emilion incluant d\u00e9jeuner, visites et vins<\/span>. L\u2019h\u00e9bergement est organis\u00e9 selon vos heures sp\u00e9cifiques d\u2019arriv\u00e9e et de d\u00e9part et peut \u00eatre prolong\u00e9.<\/span><\/p>\n<p><span style=\"font-size: medium; color: #000000;\"><span style=\"font-size: medium;\">Nous pouvons organiser la collecte et le d\u00e9p\u00f4t \u00e0 la gare de Gardonne ou \u00e0 l\u2019a\u00e9roport de Bergerac, ou vous retrouver \u00e0 Libourne pour la visite de St Emilion si vous voyagez sans voiture. Prenez un vol direct vers <b><a style=\"color: #000000;\" href=\"http:\/\/www.bergerac.aeroport.fr\/\" target=\"_blank\" rel=\"noopener noreferrer\">l\u2019a\u00e9roport de Bergerac<\/a>\u00a0<\/b>depuis Londres (City, Gatwick ou Stanstead), Southampton, Exeter, Bruxelles, Rotterdam et d\u2019autres r\u00e9gions. Domaine viticole et vignoble biologique de Feely, le d\u00e9but de votre week-end viticole \u00e0 Bordeaux se trouve \u00e0 20 minutes de l\u2019a\u00e9roport de Bergerac. Pour les options de transport pour venir de l\u2019a\u00e9roport de Bordeaux, du TGV ou du TGV de Libourne, du <a style=\"color: #000000;\" href=\"http:\/\/chateaufeely.com\/wp-content\/uploads\/2018\/01\/FrenchWineAdventuresFeelyTravelGuidelines.pdf\" rel=\"\">TGV FrenchWineAdventuresFeelyTravelGuidelines<\/a>.<\/span><\/span><\/p>\n<p><span style=\"font-size: medium; color: #000000;\"><span style=\"font-size: medium;\">Consultez notre <a style=\"color: #000000;\" href=\"http:\/\/chateaufeely.com\/wp-content\/uploads\/2018\/01\/Sample-2-day-tour-itinerary.pdf\" rel=\"\">exemple d\u2019itin\u00e9raire de 2 jours<\/a> en pdf pour tous les d\u00e9tails.<\/span><\/span><\/p>\n<p><span style=\"color: #000000;\"><b>Envoyez un e-mail \u00e0 <a style=\"color: #000000;\" title=\"Email us\" href=\"mailto:caro@frenchwineadventures.com\">Caro caro@frenchwineadventures.com<\/a> pour r\u00e9server<\/b> ou en savoir plus, ou faites d\u00e9filer vers le bas pour plus d\u2019options.<\/span><\/p>\n<h5><\/h5>\n[\/vc_column_text][\/vc_column][\/vc_row][vc_row][vc_column][vc_separator color=\u00a0\u00bbcustom\u00a0\u00bb border_width=\u00a0\u00bb2&Prime; accent_color=\u00a0\u00bb#e0b957&Prime;][mk_title_box color=\u00a0\u00bb#e0b957&Prime; size=\u00a0\u00bb30&Prime; font_family=\u00a0\u00bbnone\u00a0\u00bb align=\u00a0\u00bbcenter\u00a0\u00bb]\n<p style=\"text-align: center;\">Temptation &#8211; Tourn\u00e9e de 5 jours pour les vins<\/p>\n[\/mk_title_box][\/vc_column][\/vc_row][vc_row fullwidth=\u00a0\u00bbtrue\u00a0\u00bb][vc_column width=\u00a0\u00bb1\/2&Prime;][vc_column_text css=\u00a0\u00bb.vc_custom_1732542399223{margin-bottom: 0px !important;}\u00a0\u00bb]\n<h2 style=\"text-align: center;\"><span style=\"color: #000000;\"><strong>Visite de 5 jours \u00e0 base de 1700 \u20ac pps<\/strong><\/span><\/h2>\n<p><span style=\"color: #000000;\">Lors de cette visite de vin de luxe, vous s\u00e9journerez sur ou \u00e0 proximit\u00e9 du domaine historique et biologique Feely, <a style=\"color: #000000;\" href=\"http:\/\/chateaufeely.com\/presentation-gites\/wine-lodge\/\">du Ch\u00e2teau Feely The Wine Lodge<\/a> ou d\u2019une maison d\u2019h\u00f4tes voisine, visiterez des domaines viticoles de classe grand cru dans les r\u00e9gions bordelais mondialement c\u00e9l\u00e8bres de Medoc et St Emilion, assisterez \u00e0 un cours pour apprendre le vin et les accords \u00e0 notre \u00e9cole de vin, visiterez un march\u00e9 fran\u00e7ais,  d\u00e9couvrez la cuisine fran\u00e7aise et profitez d\u2019une visite \u00e0 pied des vignobles \u00e0 travers les vignobles biologiques de Saussignac. Cette visite comprend une visite grand cru classe \u00e0 Saint-\u00c9milion et une visite grand cru class\u00e9 Medoc.<\/span><\/p>\n<p><span style=\"color: #000000;\">Consultez le PDF <a style=\"color: #000000;\" href=\"http:\/\/chateaufeely.com\/wp-content\/uploads\/2018\/01\/Sample-Temptation-Tour-Itinerary.pdf\" rel=\"\">de l\u2019itin\u00e9raire Temptation<\/a> Tour en PDF pour tous les d\u00e9tails.<\/span><\/p>\n<p><span style=\"color: #000000;\"><b><a style=\"color: #000000;\" title=\"Email us\" href=\"mailto:caro@frenchwineadventures.com\">Envoyez-caro@frenchwineadventures.com<\/a>\u00a0\u00a0<\/b> un email pour r\u00e9server ou nous dire vos r\u00eaves et laissez-nous cr\u00e9er la visite du vin parfaite pour vous.\u00a0<a style=\"color: #000000;\" href=\"http:\/\/chateaufeely.com\/wp-content\/uploads\/2018\/01\/FrenchWineAdventuresFeelyTravelGuidelines.pdf\" rel=\"\">FrenchWineAdventuresFeelyConseils de voyage<\/a><\/span><\/p>\n<p>\u00a0<\/p>\n<p><span style=\"color: #000000;\">Nous pouvons \u00e9galement cr\u00e9er une visite personnalis\u00e9e adapt\u00e9e \u00e0 vos timings et pr\u00e9f\u00e9rences. Nos visites peuvent s\u2019adresser aux v\u00e9g\u00e9tariens, v\u00e9ganes et aux personnes intol\u00e9rantes ou allergiques. Bien que nos visites soient assez actives, nous pouvons aussi r\u00e9pondre \u00e0 des clients moins mobiles sur demande. Ce sont des visites en petits groupes ; la plupart des jours, il y a 4 \u00e0 6 personnes, mais la journ\u00e9e au Ch\u00e2teau Feely peut en accueillir plus.\u00a0 Pour les groupes plus nombreux, nous pouvons organiser l\u2019h\u00e9bergement et le transport avec des partenaires.<\/span><\/p>\n<p>\u00a0<\/p>\n<h5><\/h5>\n[\/vc_column_text][\/vc_column][vc_column width=\u00a0\u00bb1\/2&Prime; css=\u00a0\u00bb.vc_custom_1464158896445{padding-left: 15px !important;}\u00a0\u00bb][vc_column_text css=\u00a0\u00bb.vc_custom_1583596181966{margin-bottom: 0px !important;}\u00a0\u00bb]\n<p>\u00a0<\/p>\n[\/vc_column_text][mk_image_slideshow images=\u00a0\u00bb2964,2920,2962,2966,2970,2972&Prime; image_width=\u00a0\u00bb1000&Prime; image_height=\u00a0\u00bb667&Prime; slideshow_speed=\u00a0\u00bb3000&Prime;][\/vc_column][\/vc_row][vc_row][vc_column][vc_column_text css=\u00a0\u00bb.vc_custom_1583596088928{margin-bottom: 0px !important;}\u00a0\u00bb]\n<p style=\"text-align: center;\"><span style=\"color: #000000;\">Chateau Feely et French Wine Adventures ont tous deux re\u00e7u le certificat d\u2019excellence Tripadvisor depuis plus de 5 ans. Toutes nos visites peuvent \u00eatre propos\u00e9es sous forme de <a style=\"color: #000000;\" href=\"http:\/\/chateaufeely.com\/notre-boutique\/gift-certificates\/\">bon cadeau<\/a>.<\/span><\/p>\n<p style=\"text-align: center;\"><span style=\"color: #000000;\"><a style=\"color: #000000;\" href=\"http:\/\/chateaufeely.com\/visites\/walking-wine-tours\/\">Consultez les visites \u00e0 pied des vins<\/a> pour nos itin\u00e9raires de visites \u00e0 pied des vignobles.<\/span><\/p>\n<p style=\"text-align: center;\"><span style=\"color: #000000;\"><strong>Envoyez<b>\u00a0<a style=\"color: #000000;\" title=\"Email us\" href=\"mailto:caro@frenchwineadventures.com\">un e-mail caro@frenchwineadventures.com<\/a>\u00a0<\/b>pour r\u00e9server ou pour en savoir plus.<\/strong><\/span><\/p>\n[\/vc_column_text][\/vc_column][\/vc_row][vc_row][vc_column width=\u00a0\u00bb1\/2&Prime;][\/vc_column][vc_column width=\u00a0\u00bb1\/2&Prime;][\/vc_column][\/vc_row][vc_row][vc_column][\/vc_column][\/vc_row]\n","protected":false},"excerpt":{"rendered":"<p>[vc_row][vc_column][mk_icon_box icon=\u00a0\u00bbmk-icon-image\u00a0\u00bb title=\u00a0\u00bbExcursions de plusieurs jours sur le vin\u00a0\u00bb text_size=\u00a0\u00bb30&Prime; style=\u00a0\u00bbsimple_ultimate\u00a0\u00bb icon_size=\u00a0\u00bblarge\u00a0\u00bb icon_location=\u00a0\u00bbtop\u00a0\u00bb icon_color=\u00a0\u00bb#e0b957&Prime; title_color=\u00a0\u00bb#000000&Prime; txt_color=\u00a0\u00bb#5e5e5e\u00a0\u00bb margin=\u00a0\u00bb0&Prime;] Excursions de deux \u00e0 cinq jours \u00e0 Bordeaux et Bergerac \u00a0 \u00a0 [\/mk_icon_box][\/vc_column][\/vc_row][vc_row][vc_column][mk_title_box color=\u00a0\u00bb#e0b957&Prime; size=\u00a0\u00bb30&Prime; font_family=\u00a0\u00bbnone\u00a0\u00bb align=\u00a0\u00bbcenter\u00a0\u00bb] Le week-end parfait du vin \u00e0 Bordeaux [\/mk_title_box][\/vc_column][\/vc_row][vc_row fullwidth=\u00a0\u00bbtrue\u00a0\u00bb][vc_column width=\u00a0\u00bb1\/2&Prime;][vc_column_text css=\u00a0\u00bb.vc_custom_1583596181966{margin-bottom: 0px !important;}\u00a0\u00bb] \u00a0 [\/vc_column_text][mk_image_slideshow images=\u00a0\u00bb2922,2924,2926,442,2975&Prime; image_width=\u00a0\u00bb1000&Prime; image_height=\u00a0\u00bb667&Prime; slideshow_speed=\u00a0\u00bb3000&Prime;][\/vc_column][vc_column width=\u00a0\u00bb1\/2&Prime; css=\u00a0\u00bb.vc_custom_1464158896445{padding-left: [&hellip;]<\/p>\n","protected":false},"author":2,"featured_media":0,"parent":251,"menu_order":0,"comment_status":"closed","ping_status":"closed","template":"","meta":{"footnotes":""},"class_list":["post-10876","page","type-page","status-publish","hentry"],"yoast_head":"<!-- This site is optimized with the Yoast SEO plugin v27.3 - https:\/\/yoast.com\/product\/yoast-seo-wordpress\/ -->\n<title>Excursions et excursions p\u00e9donales de plusieurs jours Bordeaux Bergerac<\/title>\n<meta name=\"description\" content=\"Excursions de plusieurs jours sur les vins et visites \u00e0 pied des vignobles \u00e0 Bordeaux, Bergerac, St Emilion. Voir photos, itin\u00e9raires d\u00e9taill\u00e9s et prix sur cette page\" \/>\n<meta name=\"robots\" content=\"index, follow, max-snippet:-1, max-image-preview:large, max-video-preview:-1\" \/>\n<link rel=\"canonical\" href=\"https:\/\/chateaufeely.com\/fr\/visites\/excursions-de-plusieurs-jours-pour-les-vins\/\" \/>\n<meta property=\"og:locale\" content=\"fr_FR\" \/>\n<meta property=\"og:type\" content=\"article\" \/>\n<meta property=\"og:title\" content=\"Excursions et excursions p\u00e9donales de plusieurs jours Bordeaux Bergerac\" \/>\n<meta property=\"og:description\" content=\"Excursions de plusieurs jours sur les vins et visites \u00e0 pied des vignobles \u00e0 Bordeaux, Bergerac, St Emilion. Voir photos, itin\u00e9raires d\u00e9taill\u00e9s et prix sur cette page\" \/>\n<meta property=\"og:url\" content=\"https:\/\/chateaufeely.com\/fr\/visites\/excursions-de-plusieurs-jours-pour-les-vins\/\" \/>\n<meta property=\"og:site_name\" content=\"Ch\u00e2teau Feely organic wine, tours, accommodation\" \/>\n<meta property=\"article:publisher\" content=\"https:\/\/www.facebook.com\/ChateauFeely\/\" \/>\n<meta name=\"twitter:card\" content=\"summary_large_image\" \/>\n<meta name=\"twitter:label1\" content=\"Dur\u00e9e de lecture estim\u00e9e\" \/>\n\t<meta name=\"twitter:data1\" content=\"4 minutes\" \/>\n<script type=\"application\/ld+json\" class=\"yoast-schema-graph\">{\"@context\":\"https:\\\/\\\/schema.org\",\"@graph\":[{\"@type\":\"WebPage\",\"@id\":\"https:\\\/\\\/chateaufeely.com\\\/fr\\\/visites\\\/excursions-de-plusieurs-jours-pour-les-vins\\\/\",\"url\":\"https:\\\/\\\/chateaufeely.com\\\/fr\\\/visites\\\/excursions-de-plusieurs-jours-pour-les-vins\\\/\",\"name\":\"Excursions et excursions p\u00e9donales de plusieurs jours Bordeaux Bergerac\",\"isPartOf\":{\"@id\":\"https:\\\/\\\/chateaufeely.com\\\/fr\\\/#website\"},\"datePublished\":\"2026-02-27T15:30:28+00:00\",\"description\":\"Excursions de plusieurs jours sur les vins et visites \u00e0 pied des vignobles \u00e0 Bordeaux, Bergerac, St Emilion. Voir photos, itin\u00e9raires d\u00e9taill\u00e9s et prix sur cette page\",\"breadcrumb\":{\"@id\":\"https:\\\/\\\/chateaufeely.com\\\/fr\\\/visites\\\/excursions-de-plusieurs-jours-pour-les-vins\\\/#breadcrumb\"},\"inLanguage\":\"fr-FR\",\"potentialAction\":[{\"@type\":\"ReadAction\",\"target\":[\"https:\\\/\\\/chateaufeely.com\\\/fr\\\/visites\\\/excursions-de-plusieurs-jours-pour-les-vins\\\/\"]}]},{\"@type\":\"BreadcrumbList\",\"@id\":\"https:\\\/\\\/chateaufeely.com\\\/fr\\\/visites\\\/excursions-de-plusieurs-jours-pour-les-vins\\\/#breadcrumb\",\"itemListElement\":[{\"@type\":\"ListItem\",\"position\":1,\"name\":\"Accueil\",\"item\":\"https:\\\/\\\/chateaufeely.com\\\/fr\\\/\"},{\"@type\":\"ListItem\",\"position\":2,\"name\":\"Visites\",\"item\":\"https:\\\/\\\/chateaufeely.com\\\/fr\\\/visits\\\/\"},{\"@type\":\"ListItem\",\"position\":3,\"name\":\"Excursions de plusieurs jours pour les vins\"}]},{\"@type\":\"WebSite\",\"@id\":\"https:\\\/\\\/chateaufeely.com\\\/fr\\\/#website\",\"url\":\"https:\\\/\\\/chateaufeely.com\\\/fr\\\/\",\"name\":\"Ch\u00e2teau Feely organic wine, tours, accommodation\",\"description\":\"Biodynamic and natural wine, tours and wine school, ecological luxury lodge\",\"publisher\":{\"@id\":\"https:\\\/\\\/chateaufeely.com\\\/fr\\\/#organization\"},\"potentialAction\":[{\"@type\":\"SearchAction\",\"target\":{\"@type\":\"EntryPoint\",\"urlTemplate\":\"https:\\\/\\\/chateaufeely.com\\\/fr\\\/?s={search_term_string}\"},\"query-input\":{\"@type\":\"PropertyValueSpecification\",\"valueRequired\":true,\"valueName\":\"search_term_string\"}}],\"inLanguage\":\"fr-FR\"},{\"@type\":\"Organization\",\"@id\":\"https:\\\/\\\/chateaufeely.com\\\/fr\\\/#organization\",\"name\":\"Ch\u00e2teau Feely organic wine, tours, accommodation\",\"url\":\"https:\\\/\\\/chateaufeely.com\\\/fr\\\/\",\"logo\":{\"@type\":\"ImageObject\",\"inLanguage\":\"fr-FR\",\"@id\":\"https:\\\/\\\/chateaufeely.com\\\/fr\\\/#\\\/schema\\\/logo\\\/image\\\/\",\"url\":\"https:\\\/\\\/chateaufeely.com\\\/wp-content\\\/uploads\\\/2016\\\/05\\\/logo-vertical-v2-250.png\",\"contentUrl\":\"https:\\\/\\\/chateaufeely.com\\\/wp-content\\\/uploads\\\/2016\\\/05\\\/logo-vertical-v2-250.png\",\"width\":250,\"height\":312,\"caption\":\"Ch\u00e2teau Feely organic wine, tours, accommodation\"},\"image\":{\"@id\":\"https:\\\/\\\/chateaufeely.com\\\/fr\\\/#\\\/schema\\\/logo\\\/image\\\/\"},\"sameAs\":[\"https:\\\/\\\/www.facebook.com\\\/ChateauFeely\\\/\",\"https:\\\/\\\/www.instagram.com\\\/chateaufeely\\\/\"]}]}<\/script>\n<!-- \/ Yoast SEO plugin. -->","yoast_head_json":{"title":"Excursions et excursions p\u00e9donales de plusieurs jours Bordeaux Bergerac","description":"Excursions de plusieurs jours sur les vins et visites \u00e0 pied des vignobles \u00e0 Bordeaux, Bergerac, St Emilion. Voir photos, itin\u00e9raires d\u00e9taill\u00e9s et prix sur cette page","robots":{"index":"index","follow":"follow","max-snippet":"max-snippet:-1","max-image-preview":"max-image-preview:large","max-video-preview":"max-video-preview:-1"},"canonical":"https:\/\/chateaufeely.com\/fr\/visites\/excursions-de-plusieurs-jours-pour-les-vins\/","og_locale":"fr_FR","og_type":"article","og_title":"Excursions et excursions p\u00e9donales de plusieurs jours Bordeaux Bergerac","og_description":"Excursions de plusieurs jours sur les vins et visites \u00e0 pied des vignobles \u00e0 Bordeaux, Bergerac, St Emilion. Voir photos, itin\u00e9raires d\u00e9taill\u00e9s et prix sur cette page","og_url":"https:\/\/chateaufeely.com\/fr\/visites\/excursions-de-plusieurs-jours-pour-les-vins\/","og_site_name":"Ch\u00e2teau Feely organic wine, tours, accommodation","article_publisher":"https:\/\/www.facebook.com\/ChateauFeely\/","twitter_card":"summary_large_image","twitter_misc":{"Dur\u00e9e de lecture estim\u00e9e":"4 minutes"},"schema":{"@context":"https:\/\/schema.org","@graph":[{"@type":"WebPage","@id":"https:\/\/chateaufeely.com\/fr\/visites\/excursions-de-plusieurs-jours-pour-les-vins\/","url":"https:\/\/chateaufeely.com\/fr\/visites\/excursions-de-plusieurs-jours-pour-les-vins\/","name":"Excursions et excursions p\u00e9donales de plusieurs jours Bordeaux Bergerac","isPartOf":{"@id":"https:\/\/chateaufeely.com\/fr\/#website"},"datePublished":"2026-02-27T15:30:28+00:00","description":"Excursions de plusieurs jours sur les vins et visites \u00e0 pied des vignobles \u00e0 Bordeaux, Bergerac, St Emilion. Voir photos, itin\u00e9raires d\u00e9taill\u00e9s et prix sur cette page","breadcrumb":{"@id":"https:\/\/chateaufeely.com\/fr\/visites\/excursions-de-plusieurs-jours-pour-les-vins\/#breadcrumb"},"inLanguage":"fr-FR","potentialAction":[{"@type":"ReadAction","target":["https:\/\/chateaufeely.com\/fr\/visites\/excursions-de-plusieurs-jours-pour-les-vins\/"]}]},{"@type":"BreadcrumbList","@id":"https:\/\/chateaufeely.com\/fr\/visites\/excursions-de-plusieurs-jours-pour-les-vins\/#breadcrumb","itemListElement":[{"@type":"ListItem","position":1,"name":"Accueil","item":"https:\/\/chateaufeely.com\/fr\/"},{"@type":"ListItem","position":2,"name":"Visites","item":"https:\/\/chateaufeely.com\/fr\/visits\/"},{"@type":"ListItem","position":3,"name":"Excursions de plusieurs jours pour les vins"}]},{"@type":"WebSite","@id":"https:\/\/chateaufeely.com\/fr\/#website","url":"https:\/\/chateaufeely.com\/fr\/","name":"Ch\u00e2teau Feely organic wine, tours, accommodation","description":"Biodynamic and natural wine, tours and wine school, ecological luxury lodge","publisher":{"@id":"https:\/\/chateaufeely.com\/fr\/#organization"},"potentialAction":[{"@type":"SearchAction","target":{"@type":"EntryPoint","urlTemplate":"https:\/\/chateaufeely.com\/fr\/?s={search_term_string}"},"query-input":{"@type":"PropertyValueSpecification","valueRequired":true,"valueName":"search_term_string"}}],"inLanguage":"fr-FR"},{"@type":"Organization","@id":"https:\/\/chateaufeely.com\/fr\/#organization","name":"Ch\u00e2teau Feely organic wine, tours, accommodation","url":"https:\/\/chateaufeely.com\/fr\/","logo":{"@type":"ImageObject","inLanguage":"fr-FR","@id":"https:\/\/chateaufeely.com\/fr\/#\/schema\/logo\/image\/","url":"https:\/\/chateaufeely.com\/wp-content\/uploads\/2016\/05\/logo-vertical-v2-250.png","contentUrl":"https:\/\/chateaufeely.com\/wp-content\/uploads\/2016\/05\/logo-vertical-v2-250.png","width":250,"height":312,"caption":"Ch\u00e2teau Feely organic wine, tours, accommodation"},"image":{"@id":"https:\/\/chateaufeely.com\/fr\/#\/schema\/logo\/image\/"},"sameAs":["https:\/\/www.facebook.com\/ChateauFeely\/","https:\/\/www.instagram.com\/chateaufeely\/"]}]}},"_links":{"self":[{"href":"https:\/\/chateaufeely.com\/fr\/wp-json\/wp\/v2\/pages\/10876","targetHints":{"allow":["GET"]}}],"collection":[{"href":"https:\/\/chateaufeely.com\/fr\/wp-json\/wp\/v2\/pages"}],"about":[{"href":"https:\/\/chateaufeely.com\/fr\/wp-json\/wp\/v2\/types\/page"}],"author":[{"embeddable":true,"href":"https:\/\/chateaufeely.com\/fr\/wp-json\/wp\/v2\/users\/2"}],"replies":[{"embeddable":true,"href":"https:\/\/chateaufeely.com\/fr\/wp-json\/wp\/v2\/comments?post=10876"}],"version-history":[{"count":2,"href":"https:\/\/chateaufeely.com\/fr\/wp-json\/wp\/v2\/pages\/10876\/revisions"}],"predecessor-version":[{"id":10878,"href":"https:\/\/chateaufeely.com\/fr\/wp-json\/wp\/v2\/pages\/10876\/revisions\/10878"}],"up":[{"embeddable":true,"href":"https:\/\/chateaufeely.com\/fr\/wp-json\/wp\/v2\/pages\/251"}],"wp:attachment":[{"href":"https:\/\/chateaufeely.com\/fr\/wp-json\/wp\/v2\/media?parent=10876"}],"curies":[{"name":"wp","href":"https:\/\/api.w.org\/{rel}","templated":true}]}}