{"id":10879,"date":"2026-02-27T16:30:36","date_gmt":"2026-02-27T15:30:36","guid":{"rendered":"https:\/\/chateaufeely.com\/notre-boutique\/bons-cadeaux-chateau-feely\/"},"modified":"2026-02-27T16:30:37","modified_gmt":"2026-02-27T15:30:37","slug":"bons-cadeaux-chateau-feely","status":"publish","type":"page","link":"https:\/\/chateaufeely.com\/fr\/notre-boutique\/bons-cadeaux-chateau-feely\/","title":{"rendered":"Bons cadeaux Chateau Feely"},"content":{"rendered":"[vc_row][vc_column][vc_column_text css=\u00a0\u00bb.vc_custom_1711366386667{margin-bottom: 0px !important;}\u00a0\u00bb]\n<h1><\/h1>\n<h1 style=\"text-align: center;\"><span style=\"color: #333333;\">Bons cadeaux :<\/span><\/h1>\n<h1 style=\"text-align: center;\"><span style=\"color: #333333;\">Un cadeau id\u00e9al pour un amoureux du vin et de la nature<\/span><\/h1>\n<p>\u00a0<\/p>\n<p><img decoding=\"async\" class=\"alignnone size-medium wp-image-3015 aligncenter\" src=\"http:\/\/chateaufeely.com\/wp-content\/uploads\/2018\/01\/Giftcertificatemultijpeg-300x221.jpg\" alt=\"Chateau Feely Gift Certificate\" width=\"300\" height=\"221\" srcset=\"https:\/\/chateaufeely.com\/wp-content\/uploads\/2018\/01\/Giftcertificatemultijpeg-300x221.jpg 300w, https:\/\/chateaufeely.com\/wp-content\/uploads\/2018\/01\/Giftcertificatemultijpeg-1024x753.jpg 1024w, https:\/\/chateaufeely.com\/wp-content\/uploads\/2018\/01\/Giftcertificatemultijpeg-768x564.jpg 768w, https:\/\/chateaufeely.com\/wp-content\/uploads\/2018\/01\/Giftcertificatemultijpeg-600x441.jpg 600w, https:\/\/chateaufeely.com\/wp-content\/uploads\/2018\/01\/Giftcertificatemultijpeg.jpg 1200w\" sizes=\"(max-width: 300px) 100vw, 300px\" \/><\/p>\n<p style=\"text-align: center;\"><span style=\"color: #000000;\">Bons cadeaux au Ch\u00e2teau Feely<\/span><\/p>\n<p>\u00a0<\/p>\n<p>\u00a0<\/p>\n<p><span style=\"color: #000000;\">Les bons cadeaux C Hateau Feely peuvent \u00eatre utilis\u00e9s pour le vin biologique, l\u2019h\u00e9bergement, les cours d\u2019\u00e9cole de vin, les visites de vin, les accords mets et vins, les exp\u00e9riences de yoga et le partage de vignes. Achetez un bon cadeau ouvert ci-dessous ou contactez-nous pour commander <strong><a href=\"https:\/\/chateaufeely.com\/fr\/contact-2\/\">votre\/s certificat\/s cadeau<\/a><\/strong> personnalis\u00e9 sp\u00e9cifique \u00e0 votre produit.<\/span><\/p>\n<p><span style=\"color: #000000;\">Pour vous donner de superbes id\u00e9es cadeaux, voici des exemples de nos visites que vous pouvez acheter sous forme de bon cadeau :<\/span><\/p>\n<p><span style=\"color: #000000;\"><a style=\"color: #000000;\" href=\"http:\/\/chateaufeely.com\/visites\/courtes\/\" target=\"_blank\" rel=\"noopener noreferrer\"><strong>Visite de deux heures<\/strong> <\/a>pour deux &#8211; 64 \u20ac<\/span><\/p>\n<p><span style=\"color: #000000;\"><a style=\"color: #000000;\" href=\"http:\/\/chateaufeely.com\/visites\/courtes\/\" target=\"_blank\" rel=\"noopener noreferrer\"><strong>Vignette 101<\/strong> <\/a>pour deux &#8211; 126 \u20ac<\/span><\/p>\n<p><span style=\"color: #000000;\"><a style=\"color: #000000;\" href=\"http:\/\/chateaufeely.com\/visites\/demie-journee\/\" target=\"_blank\" rel=\"noopener noreferrer\"><strong>Excursion d\u2019une demi-journ\u00e9e avec d\u00e9jeuner<\/strong><\/a> pour deux &#8211; 146 \u20ac<\/span><\/p>\n<p><span style=\"color: #000000;\"><a style=\"color: #000000;\" href=\"http:\/\/chateaufeely.com\/visites\/day-tours\/\" target=\"_blank\" rel=\"noopener noreferrer\"><strong>Visite d\u2019une journ\u00e9e compl\u00e8te avec d\u00e9jeuner<\/strong><\/a> pour deux &#8211; 264 \u20ac<\/span><\/p>\n<p><span style=\"color: #000000;\"><a href=\"https:\/\/chateaufeely.com\/visits\/one-day-yoga-retreat\/\"><strong>Retraite de yoga d\u2019une journ\u00e9e avec d\u00e9jeuner<\/strong><\/a> pour deux &#8211; 340 \u20ac<\/span><\/p>\n<p><span style=\"color: #000000;\">Les <a style=\"color: #000000;\" href=\"http:\/\/chateaufeely.com\/visites\/wine-tours\/\" target=\"_blank\" rel=\"noopener noreferrer\">excursions de plusieurs jours<\/a> ou <a style=\"color: #000000;\" href=\"http:\/\/chateaufeely.com\/visites\/walking-wine-tours\/\" target=\"_blank\" rel=\"noopener noreferrer\">des visites \u00e0 pied<\/a> avec h\u00e9bergement commencent \u00e0 environ 1500 \u20ac pour deux personnes<\/span><\/p>\n<p><strong><span style=\"color: #000000;\">Acheter en ligne maintenant &#8211; peut \u00eatre utilis\u00e9 pour des visites, du yoga ou du vin<\/span><\/strong><\/p>\n<p><a class=\"fh-color--white fh-button-true-flat-color fh-font--inherit\" style=\"font-size: 1em !important; font-weight: bold !important; padding: .5em 1em .3em 1em !important; letter-spacing: .7px !important; border-radius: 3px !important; box-shadow: none !important;\" href=\"https:\/\/fareharbor.com\/embeds\/book\/chateaufeely\/items\/532816\/?full-items=yes&amp;flow=1144180\">Achetez une carte cadeau<\/a><\/p>\n<form action=\"https:\/\/www.paypal.com\/cgi-bin\/webscr\" method=\"post\" target=\"paypal\"><\/form>\n<form action=\"https:\/\/www.paypal.com\/cgi-bin\/webscr\" method=\"post\" target=\"paypal\"><\/form>\n<p><span style=\"color: #000000;\">Nos certificats peuvent \u00eatre personnalis\u00e9s, valides pendant un an et peuvent \u00eatre utilis\u00e9s pour n\u2019importe quel produit Chateau Feely. Commandez le certificat ouvert ci-dessus ou contactez-nous pour commander <strong><a href=\"https:\/\/chateaufeely.com\/fr\/contact-2\/\">votre(s) certificat(s) cadeau(s)<\/a><\/strong> personnalis\u00e9(s) sp\u00e9cifique \u00e0 votre produit.<\/span>[\/vc_column_text][\/vc_column][\/vc_row]\n","protected":false},"excerpt":{"rendered":"<p>[vc_row][vc_column][vc_column_text css=\u00a0\u00bb.vc_custom_1711366386667{margin-bottom: 0px !important;}\u00a0\u00bb] Bons cadeaux : Un cadeau id\u00e9al pour un amoureux du vin et de la nature \u00a0 Bons cadeaux au Ch\u00e2teau Feely \u00a0 \u00a0 Les bons cadeaux C Hateau Feely peuvent \u00eatre utilis\u00e9s pour le vin biologique, l\u2019h\u00e9bergement, les cours d\u2019\u00e9cole de vin, les visites de vin, les accords mets et vins, [&hellip;]<\/p>\n","protected":false},"author":2,"featured_media":3016,"parent":785,"menu_order":0,"comment_status":"closed","ping_status":"closed","template":"","meta":{"footnotes":""},"class_list":["post-10879","page","type-page","status-publish","has-post-thumbnail","hentry"],"yoast_head":"<!-- This site is optimized with the Yoast SEO plugin v27.3 - https:\/\/yoast.com\/product\/yoast-seo-wordpress\/ -->\n<title>Bons cadeaux Chateau Feely - Ch\u00e2teau Feely organic wine, tours, accommodation<\/title>\n<meta name=\"robots\" content=\"index, follow, max-snippet:-1, max-image-preview:large, max-video-preview:-1\" \/>\n<link rel=\"canonical\" href=\"https:\/\/chateaufeely.com\/fr\/notre-boutique\/bons-cadeaux-chateau-feely\/\" \/>\n<meta property=\"og:locale\" content=\"fr_FR\" \/>\n<meta property=\"og:type\" content=\"article\" \/>\n<meta property=\"og:title\" content=\"Bons cadeaux Chateau Feely - Ch\u00e2teau Feely organic wine, tours, accommodation\" \/>\n<meta property=\"og:description\" content=\"[vc_row][vc_column][vc_column_text css=\u00a0\u00bb.vc_custom_1711366386667{margin-bottom: 0px !important;}\u00a0\u00bb] Bons cadeaux : Un cadeau id\u00e9al pour un amoureux du vin et de la nature \u00a0 Bons cadeaux au Ch\u00e2teau Feely \u00a0 \u00a0 Les bons cadeaux C Hateau Feely peuvent \u00eatre utilis\u00e9s pour le vin biologique, l\u2019h\u00e9bergement, les cours d\u2019\u00e9cole de vin, les visites de vin, les accords mets et vins, [&hellip;]\" \/>\n<meta property=\"og:url\" content=\"https:\/\/chateaufeely.com\/fr\/notre-boutique\/bons-cadeaux-chateau-feely\/\" \/>\n<meta property=\"og:site_name\" content=\"Ch\u00e2teau Feely organic wine, tours, accommodation\" \/>\n<meta property=\"article:publisher\" content=\"https:\/\/www.facebook.com\/ChateauFeely\/\" \/>\n<meta property=\"article:modified_time\" content=\"2026-02-27T15:30:37+00:00\" \/>\n<meta property=\"og:image\" content=\"https:\/\/chateaufeely.com\/wp-content\/uploads\/2018\/01\/Giftcertificatemultijpeg.jpg\" \/>\n\t<meta property=\"og:image:width\" content=\"1200\" \/>\n\t<meta property=\"og:image:height\" content=\"882\" \/>\n\t<meta property=\"og:image:type\" content=\"image\/jpeg\" \/>\n<meta name=\"twitter:card\" content=\"summary_large_image\" \/>\n<meta name=\"twitter:label1\" content=\"Dur\u00e9e de lecture estim\u00e9e\" \/>\n\t<meta name=\"twitter:data1\" content=\"1 minute\" \/>\n<script type=\"application\/ld+json\" class=\"yoast-schema-graph\">{\"@context\":\"https:\\\/\\\/schema.org\",\"@graph\":[{\"@type\":\"WebPage\",\"@id\":\"https:\\\/\\\/chateaufeely.com\\\/fr\\\/notre-boutique\\\/bons-cadeaux-chateau-feely\\\/\",\"url\":\"https:\\\/\\\/chateaufeely.com\\\/fr\\\/notre-boutique\\\/bons-cadeaux-chateau-feely\\\/\",\"name\":\"Bons cadeaux Chateau Feely - Ch\u00e2teau Feely organic wine, tours, accommodation\",\"isPartOf\":{\"@id\":\"https:\\\/\\\/chateaufeely.com\\\/fr\\\/#website\"},\"primaryImageOfPage\":{\"@id\":\"https:\\\/\\\/chateaufeely.com\\\/fr\\\/notre-boutique\\\/bons-cadeaux-chateau-feely\\\/#primaryimage\"},\"image\":{\"@id\":\"https:\\\/\\\/chateaufeely.com\\\/fr\\\/notre-boutique\\\/bons-cadeaux-chateau-feely\\\/#primaryimage\"},\"thumbnailUrl\":\"https:\\\/\\\/chateaufeely.com\\\/wp-content\\\/uploads\\\/2018\\\/01\\\/Giftcertificatemultijpeg.jpg\",\"datePublished\":\"2026-02-27T15:30:36+00:00\",\"dateModified\":\"2026-02-27T15:30:37+00:00\",\"breadcrumb\":{\"@id\":\"https:\\\/\\\/chateaufeely.com\\\/fr\\\/notre-boutique\\\/bons-cadeaux-chateau-feely\\\/#breadcrumb\"},\"inLanguage\":\"fr-FR\",\"potentialAction\":[{\"@type\":\"ReadAction\",\"target\":[\"https:\\\/\\\/chateaufeely.com\\\/fr\\\/notre-boutique\\\/bons-cadeaux-chateau-feely\\\/\"]}]},{\"@type\":\"ImageObject\",\"inLanguage\":\"fr-FR\",\"@id\":\"https:\\\/\\\/chateaufeely.com\\\/fr\\\/notre-boutique\\\/bons-cadeaux-chateau-feely\\\/#primaryimage\",\"url\":\"https:\\\/\\\/chateaufeely.com\\\/wp-content\\\/uploads\\\/2018\\\/01\\\/Giftcertificatemultijpeg.jpg\",\"contentUrl\":\"https:\\\/\\\/chateaufeely.com\\\/wp-content\\\/uploads\\\/2018\\\/01\\\/Giftcertificatemultijpeg.jpg\",\"width\":1200,\"height\":882,\"caption\":\"Bon cadeau Chateau Feely\"},{\"@type\":\"BreadcrumbList\",\"@id\":\"https:\\\/\\\/chateaufeely.com\\\/fr\\\/notre-boutique\\\/bons-cadeaux-chateau-feely\\\/#breadcrumb\",\"itemListElement\":[{\"@type\":\"ListItem\",\"position\":1,\"name\":\"Accueil\",\"item\":\"https:\\\/\\\/chateaufeely.com\\\/fr\\\/\"},{\"@type\":\"ListItem\",\"position\":2,\"name\":\"Notre Boutique\",\"item\":\"https:\\\/\\\/chateaufeely.com\\\/fr\\\/our-shop\\\/\"},{\"@type\":\"ListItem\",\"position\":3,\"name\":\"Bons cadeaux Chateau Feely\"}]},{\"@type\":\"WebSite\",\"@id\":\"https:\\\/\\\/chateaufeely.com\\\/fr\\\/#website\",\"url\":\"https:\\\/\\\/chateaufeely.com\\\/fr\\\/\",\"name\":\"Ch\u00e2teau Feely organic wine, tours, accommodation\",\"description\":\"Biodynamic and natural wine, tours and wine school, ecological luxury lodge\",\"publisher\":{\"@id\":\"https:\\\/\\\/chateaufeely.com\\\/fr\\\/#organization\"},\"potentialAction\":[{\"@type\":\"SearchAction\",\"target\":{\"@type\":\"EntryPoint\",\"urlTemplate\":\"https:\\\/\\\/chateaufeely.com\\\/fr\\\/?s={search_term_string}\"},\"query-input\":{\"@type\":\"PropertyValueSpecification\",\"valueRequired\":true,\"valueName\":\"search_term_string\"}}],\"inLanguage\":\"fr-FR\"},{\"@type\":\"Organization\",\"@id\":\"https:\\\/\\\/chateaufeely.com\\\/fr\\\/#organization\",\"name\":\"Ch\u00e2teau Feely organic wine, tours, accommodation\",\"url\":\"https:\\\/\\\/chateaufeely.com\\\/fr\\\/\",\"logo\":{\"@type\":\"ImageObject\",\"inLanguage\":\"fr-FR\",\"@id\":\"https:\\\/\\\/chateaufeely.com\\\/fr\\\/#\\\/schema\\\/logo\\\/image\\\/\",\"url\":\"https:\\\/\\\/chateaufeely.com\\\/wp-content\\\/uploads\\\/2016\\\/05\\\/logo-vertical-v2-250.png\",\"contentUrl\":\"https:\\\/\\\/chateaufeely.com\\\/wp-content\\\/uploads\\\/2016\\\/05\\\/logo-vertical-v2-250.png\",\"width\":250,\"height\":312,\"caption\":\"Ch\u00e2teau Feely organic wine, tours, accommodation\"},\"image\":{\"@id\":\"https:\\\/\\\/chateaufeely.com\\\/fr\\\/#\\\/schema\\\/logo\\\/image\\\/\"},\"sameAs\":[\"https:\\\/\\\/www.facebook.com\\\/ChateauFeely\\\/\",\"https:\\\/\\\/www.instagram.com\\\/chateaufeely\\\/\"]}]}<\/script>\n<!-- \/ Yoast SEO plugin. -->","yoast_head_json":{"title":"Bons cadeaux Chateau Feely - Ch\u00e2teau Feely organic wine, tours, accommodation","robots":{"index":"index","follow":"follow","max-snippet":"max-snippet:-1","max-image-preview":"max-image-preview:large","max-video-preview":"max-video-preview:-1"},"canonical":"https:\/\/chateaufeely.com\/fr\/notre-boutique\/bons-cadeaux-chateau-feely\/","og_locale":"fr_FR","og_type":"article","og_title":"Bons cadeaux Chateau Feely - Ch\u00e2teau Feely organic wine, tours, accommodation","og_description":"[vc_row][vc_column][vc_column_text css=\u00a0\u00bb.vc_custom_1711366386667{margin-bottom: 0px !important;}\u00a0\u00bb] Bons cadeaux : Un cadeau id\u00e9al pour un amoureux du vin et de la nature \u00a0 Bons cadeaux au Ch\u00e2teau Feely \u00a0 \u00a0 Les bons cadeaux C Hateau Feely peuvent \u00eatre utilis\u00e9s pour le vin biologique, l\u2019h\u00e9bergement, les cours d\u2019\u00e9cole de vin, les visites de vin, les accords mets et vins, [&hellip;]","og_url":"https:\/\/chateaufeely.com\/fr\/notre-boutique\/bons-cadeaux-chateau-feely\/","og_site_name":"Ch\u00e2teau Feely organic wine, tours, accommodation","article_publisher":"https:\/\/www.facebook.com\/ChateauFeely\/","article_modified_time":"2026-02-27T15:30:37+00:00","og_image":[{"width":1200,"height":882,"url":"https:\/\/chateaufeely.com\/wp-content\/uploads\/2018\/01\/Giftcertificatemultijpeg.jpg","type":"image\/jpeg"}],"twitter_card":"summary_large_image","twitter_misc":{"Dur\u00e9e de lecture estim\u00e9e":"1 minute"},"schema":{"@context":"https:\/\/schema.org","@graph":[{"@type":"WebPage","@id":"https:\/\/chateaufeely.com\/fr\/notre-boutique\/bons-cadeaux-chateau-feely\/","url":"https:\/\/chateaufeely.com\/fr\/notre-boutique\/bons-cadeaux-chateau-feely\/","name":"Bons cadeaux Chateau Feely - Ch\u00e2teau Feely organic wine, tours, accommodation","isPartOf":{"@id":"https:\/\/chateaufeely.com\/fr\/#website"},"primaryImageOfPage":{"@id":"https:\/\/chateaufeely.com\/fr\/notre-boutique\/bons-cadeaux-chateau-feely\/#primaryimage"},"image":{"@id":"https:\/\/chateaufeely.com\/fr\/notre-boutique\/bons-cadeaux-chateau-feely\/#primaryimage"},"thumbnailUrl":"https:\/\/chateaufeely.com\/wp-content\/uploads\/2018\/01\/Giftcertificatemultijpeg.jpg","datePublished":"2026-02-27T15:30:36+00:00","dateModified":"2026-02-27T15:30:37+00:00","breadcrumb":{"@id":"https:\/\/chateaufeely.com\/fr\/notre-boutique\/bons-cadeaux-chateau-feely\/#breadcrumb"},"inLanguage":"fr-FR","potentialAction":[{"@type":"ReadAction","target":["https:\/\/chateaufeely.com\/fr\/notre-boutique\/bons-cadeaux-chateau-feely\/"]}]},{"@type":"ImageObject","inLanguage":"fr-FR","@id":"https:\/\/chateaufeely.com\/fr\/notre-boutique\/bons-cadeaux-chateau-feely\/#primaryimage","url":"https:\/\/chateaufeely.com\/wp-content\/uploads\/2018\/01\/Giftcertificatemultijpeg.jpg","contentUrl":"https:\/\/chateaufeely.com\/wp-content\/uploads\/2018\/01\/Giftcertificatemultijpeg.jpg","width":1200,"height":882,"caption":"Bon cadeau Chateau Feely"},{"@type":"BreadcrumbList","@id":"https:\/\/chateaufeely.com\/fr\/notre-boutique\/bons-cadeaux-chateau-feely\/#breadcrumb","itemListElement":[{"@type":"ListItem","position":1,"name":"Accueil","item":"https:\/\/chateaufeely.com\/fr\/"},{"@type":"ListItem","position":2,"name":"Notre Boutique","item":"https:\/\/chateaufeely.com\/fr\/our-shop\/"},{"@type":"ListItem","position":3,"name":"Bons cadeaux Chateau Feely"}]},{"@type":"WebSite","@id":"https:\/\/chateaufeely.com\/fr\/#website","url":"https:\/\/chateaufeely.com\/fr\/","name":"Ch\u00e2teau Feely organic wine, tours, accommodation","description":"Biodynamic and natural wine, tours and wine school, ecological luxury lodge","publisher":{"@id":"https:\/\/chateaufeely.com\/fr\/#organization"},"potentialAction":[{"@type":"SearchAction","target":{"@type":"EntryPoint","urlTemplate":"https:\/\/chateaufeely.com\/fr\/?s={search_term_string}"},"query-input":{"@type":"PropertyValueSpecification","valueRequired":true,"valueName":"search_term_string"}}],"inLanguage":"fr-FR"},{"@type":"Organization","@id":"https:\/\/chateaufeely.com\/fr\/#organization","name":"Ch\u00e2teau Feely organic wine, tours, accommodation","url":"https:\/\/chateaufeely.com\/fr\/","logo":{"@type":"ImageObject","inLanguage":"fr-FR","@id":"https:\/\/chateaufeely.com\/fr\/#\/schema\/logo\/image\/","url":"https:\/\/chateaufeely.com\/wp-content\/uploads\/2016\/05\/logo-vertical-v2-250.png","contentUrl":"https:\/\/chateaufeely.com\/wp-content\/uploads\/2016\/05\/logo-vertical-v2-250.png","width":250,"height":312,"caption":"Ch\u00e2teau Feely organic wine, tours, accommodation"},"image":{"@id":"https:\/\/chateaufeely.com\/fr\/#\/schema\/logo\/image\/"},"sameAs":["https:\/\/www.facebook.com\/ChateauFeely\/","https:\/\/www.instagram.com\/chateaufeely\/"]}]}},"_links":{"self":[{"href":"https:\/\/chateaufeely.com\/fr\/wp-json\/wp\/v2\/pages\/10879","targetHints":{"allow":["GET"]}}],"collection":[{"href":"https:\/\/chateaufeely.com\/fr\/wp-json\/wp\/v2\/pages"}],"about":[{"href":"https:\/\/chateaufeely.com\/fr\/wp-json\/wp\/v2\/types\/page"}],"author":[{"embeddable":true,"href":"https:\/\/chateaufeely.com\/fr\/wp-json\/wp\/v2\/users\/2"}],"replies":[{"embeddable":true,"href":"https:\/\/chateaufeely.com\/fr\/wp-json\/wp\/v2\/comments?post=10879"}],"version-history":[{"count":2,"href":"https:\/\/chateaufeely.com\/fr\/wp-json\/wp\/v2\/pages\/10879\/revisions"}],"predecessor-version":[{"id":10881,"href":"https:\/\/chateaufeely.com\/fr\/wp-json\/wp\/v2\/pages\/10879\/revisions\/10881"}],"up":[{"embeddable":true,"href":"https:\/\/chateaufeely.com\/fr\/wp-json\/wp\/v2\/pages\/785"}],"wp:featuredmedia":[{"embeddable":true,"href":"https:\/\/chateaufeely.com\/fr\/wp-json\/wp\/v2\/media\/3016"}],"wp:attachment":[{"href":"https:\/\/chateaufeely.com\/fr\/wp-json\/wp\/v2\/media?parent=10879"}],"curies":[{"name":"wp","href":"https:\/\/api.w.org\/{rel}","templated":true}]}}