{"id":11269,"date":"2026-03-27T15:18:08","date_gmt":"2026-03-27T14:18:08","guid":{"rendered":"https:\/\/chateaufeely.com\/visites\/classe-des-regions-vinocoles-de-france\/"},"modified":"2026-03-27T15:19:07","modified_gmt":"2026-03-27T14:19:07","slug":"classe-des-regions-vinocoles-de-france","status":"publish","type":"page","link":"https:\/\/chateaufeely.com\/fr\/visites\/classe-des-regions-vinocoles-de-france\/","title":{"rendered":"Classe des R\u00e9gions Vinocoles de France"},"content":{"rendered":"[vc_row][vc_column][mk_icon_box icon=\u00a0\u00bbmk-moon-book\u00a0\u00bb title=\u00a0\u00bbCours de vin d\u2019une journ\u00e9e compl\u00e8te des r\u00e9gions viticoles de France\u00a0\u00bb text_size=\u00a0\u00bb30&Prime; style=\u00a0\u00bbsimple_ultimate\u00a0\u00bb icon_size=\u00a0\u00bblarge\u00a0\u00bb icon_location=\u00a0\u00bbtop\u00a0\u00bb icon_color=\u00a0\u00bb#e0b957&Prime; title_color=\u00a0\u00bb#000000&Prime; txt_color=\u00a0\u00bb#5e5e5e\u00a0\u00bb margin=\u00a0\u00bb0&Prime;]\n<p style=\"text-align: center;\"><span style=\"color: #000000;\"><strong>Une journ\u00e9e d\u2019\u00e9cole de vin sur les r\u00e9gions viticoles de France<\/strong><\/span><\/p>\n[\/mk_icon_box][\/vc_column][\/vc_row][vc_row][vc_column][vc_column_text css=\u00a0\u00bb.vc_custom_1710511084748{margin-bottom: 0px !important;}\u00a0\u00bb][\/vc_column_text][vc_column_text css=\u00a0\u00bb.vc_custom_1710511084748{margin-bottom: 0px !important;}\u00a0\u00bb][\/vc_column_text][vc_separator color=\u00a0\u00bbwhite\u00a0\u00bb border_width=\u00a0\u00bb5&Prime;][\/vc_column][\/vc_row][vc_row][vc_column width=\u00a0\u00bb1\/2&Prime;][mk_image_slideshow images=\u00a0\u00bb9324,9326&Prime; image_width=\u00a0\u00bb1000&Prime; image_height=\u00a0\u00bb667&Prime; animation_speed=\u00a0\u00bb3000&Prime; slideshow_speed=\u00a0\u00bb20000&Prime;][\/vc_column][vc_column width=\u00a0\u00bb1\/2&Prime; css=\u00a0\u00bb.vc_custom_1464158896445{padding-left: 15px !important;}\u00a0\u00bb][vc_column_text css=\u00a0\u00bb.vc_custom_1756293292046{margin-bottom: 0px !important;}\u00a0\u00bb]<span style=\"color: #000000;\"><strong>Le vin fran\u00e7ais peut \u00eatre compliqu\u00e9. Rejoignez Caro Feely Wine Educator accr\u00e9dit\u00e9 pour une journ\u00e9e sur les codes secrets qui vous aideront \u00e0 d\u00e9bloquer les principales r\u00e9gions viticoles de France.<\/strong><\/span><\/p>\n<p><span style=\"color: #000000;\">Une partie du secret pour comprendre le vin est de comprendre la g\u00e9ographie et les c\u00e9pages. Lors de ce cours de la journ\u00e9e, vous d\u00e9couvrirez les principales r\u00e9gions viticoles de France et des d\u00e9gustations de vins. Nous couvrons les principaux vins blancs et r\u00e9gions de vins blancs le matin, puis les vins rouges l\u2019apr\u00e8s-midi. Pour notre pause de midi, nous profitons d\u2019un d\u00e9jeuner en trois services dans un restaurant local. Vous go\u00fbterez 10 vins diff\u00e9rents venus de toute la France.\u00a0\u00a0<\/span><span style=\"color: #000000;\">Cette journ\u00e9e compl\u00e8te comprend une br\u00e8ve visite du vignoble et du domaine viticole. Nous recommandons de faire notre <strong><a href=\"https:\/\/chateaufeely.com\/fr\/visites\/visite-complete-de-vins-bio-avec-dejeuner\/\">aventure viticole d\u2019une journ\u00e9e compl\u00e8te<\/a><\/strong> avant ce jour pour profiter pleinement de l\u2019exp\u00e9rience.<\/span><\/p>\n<p><span style=\"color: #000000;\"><strong>Du lundi au vendredi \u00e0 10h30. 263 \u20ac par adulte.<\/strong><\/span>[\/vc_column_text][vc_btn title=\u00a0\u00bbR\u00e9server\u00a0\u00bb color=\u00a0\u00bbgreen\u00a0\u00bb align=\u00a0\u00bbcenter\u00a0\u00bb link=\u00a0\u00bburl:https%3A%2F%2Ffareharbor.com%2Fembeds%2Fbook%2Fchateaufeely%2Fitems%2F532481%2F%3Ffull-items%3Dyes%26flow%3D1144549|title:Contact|\u00a0\u00bb][\/vc_column][\/vc_row][vc_row][vc_column][vc_separator color=\u00a0\u00bbwhite\u00a0\u00bb border_width=\u00a0\u00bb5&Prime;][vc_column_text css=\u00a0\u00bb.vc_custom_1583591993324{margin-bottom: 0px !important;}\u00a0\u00bb][\/vc_column_text][\/vc_column][\/vc_row][vc_row][vc_column width=\u00a0\u00bb1\/2&Prime;][vc_column_text css=\u00a0\u00bb.vc_custom_1756293304926{margin-bottom: 0px !important;}\u00a0\u00bb]\n<h2>En un coup d\u2019\u0153il :<\/h2>\n<ul>\n<li><span style=\"color: #000000;\">Initiation \u00e0 la d\u00e9gustation de vin<\/span><\/li>\n<li><span style=\"color: #000000;\">Les r\u00e9gions viticoles blanches de France le matin<\/span><\/li>\n<li><span style=\"color: #000000;\">Un d\u00e9jeuner en trois services dans un restaurant local<\/span><\/li>\n<li><span style=\"color: #000000;\">R\u00e9gions viticoles rouges de France l\u2019apr\u00e8s-midi<\/span><\/li>\n<li><span style=\"color: #000000;\">Une br\u00e8ve visite du vignoble et du domaine viticole<\/span><\/li>\n<li><span style=\"color: #000000;\">Un guide num\u00e9rique de poche sur le vin, incluant les r\u00e9gions cl\u00e9s et les c\u00e9pages, par l\u2019\u00e9ducatrice et auteure Caro Feely<\/span><\/li>\n<li><span style=\"color: #000000;\">Dur\u00e9e moyenne de 6 heures<\/span><\/li>\n<li><strong><span style=\"color: #000000;\">Disponible du lundi au vendredi, \u00e0 10h30<\/span><\/strong><\/li>\n<li><strong><span style=\"color: #000000;\">263 \u20ac par adulte<\/span><\/strong><\/li>\n<li><strong style=\"color: #000000;\">R\u00e9servation minimale : 2 personnes.<\/strong><span style=\"color: #000000;\"> Si d\u2019autres sont d\u00e9j\u00e0 r\u00e9serv\u00e9s, des r\u00e9servations en solo sont possibles.<\/span><\/li>\n<\/ul>\n[\/vc_column_text][vc_btn title=\u00a0\u00bbR\u00e9server\u00a0\u00bb color=\u00a0\u00bbgreen\u00a0\u00bb align=\u00a0\u00bbcenter\u00a0\u00bb link=\u00a0\u00bburl:https%3A%2F%2Ffareharbor.com%2Fembeds%2Fbook%2Fchateaufeely%2Fitems%2F532481%2F%3Ffull-items%3Dyes%26flow%3D1144549|title:Contact|\u00a0\u00bb][vc_btn title=\u00a0\u00bbPlus d\u2019options de tourn\u00e9e\u00a0\u00bb color=\u00a0\u00bbgreen\u00a0\u00bb align=\u00a0\u00bbcenter\u00a0\u00bb link=\u00a0\u00bburl:https%3A%2F%2Fchateaufeely.com%2Ffr%2Fvisites%2Fliste-des-circuits-et-experiences-de-vin%2F|title:Plus%20d%E2%80%99options%20de%20tourn%C3%A9e|\u00a0\u00bb][\/vc_column][vc_column width=\u00a0\u00bb1\/2&Prime; css=\u00a0\u00bb.vc_custom_1464158896445{padding-left: 15px !important;}\u00a0\u00bb][vc_column_text css=\u00a0\u00bb.vc_custom_1583592288817{margin-bottom: 0px !important;}\u00a0\u00bb][\/vc_column_text][mk_image_slideshow images=\u00a0\u00bb9330&Prime; image_width=\u00a0\u00bb1000&Prime; image_height=\u00a0\u00bb667&Prime; animation_speed=\u00a0\u00bb3000&Prime; slideshow_speed=\u00a0\u00bb20000&Prime;][\/vc_column][\/vc_row][vc_row][vc_column][mk_blockquote font_family=\u00a0\u00bbnone\u00a0\u00bb]<em><strong><span style=\"color: #000000;\">\u00ab <span style=\"font-family: Times New Roman, serif;\">Caro est tellement comp\u00e9tente et a tout expliqu\u00e9 clairement. \u00bb I. Rafiq<\/span><\/span><\/strong><\/em>[\/mk_blockquote][vc_btn title=\u00a0\u00bbD\u00e9couvrez Feely Wines\u00a0\u00bb color=\u00a0\u00bbgreen\u00a0\u00bb align=\u00a0\u00bbcenter\u00a0\u00bb link=\u00a0\u00bburl:https%3A%2F%2Fchateaufeely.com%2Ffr%2Fnotre-boutique%2Fvins%2F|title:D%C3%A9couvrez%20Feely%20Wines|\u00a0\u00bb][vc_column_text css=\u00a0\u00bb.vc_custom_1711558852927{margin-bottom: 0px !important;}\u00a0\u00bb]<span style=\"color: #000000;\">Pour ce cours de jour et toutes nos activit\u00e9s d\u2019une journ\u00e9e compl\u00e8te, nous proposons la collecte et le d\u00e9p\u00f4t \u00e0 la gare de Gardonne (ligne directe depuis Bordeaux St Jean, St Emilion, Bergerac, Lalinde et Sarlat).<\/span><\/p>\n<p><span style=\"color: #000000;\">Veuillez porter des chaussures adapt\u00e9es \u00e0 la promenade dehors, car nous passons une partie du temps dans le vignoble.<\/span><\/p>\n<p><span style=\"color: #000000;\">Si vous r\u00e9servez une ou deux de nos visites d\u2019une journ\u00e9e compl\u00e8te, pensez \u00e0 r\u00e9server <strong><a style=\"color: #000000;\" href=\"https:\/\/chateaufeely.com\/fr\/presentation-gites\/\">quelques nuits d\u2019h\u00e9bergement<\/a><\/strong> chez nous.<\/span><\/p>\n<p><span style=\"color: #000000;\">Cette activit\u00e9 se d\u00e9roule au vignoble biologique F\u00e9ely, dans le sud-ouest de la France, \u00e0 1 heure 30 minutes de la ville de Bordeaux, 10 minutes de Sainte Foy La Grande, 15 minutes de Bergerac. Pour acc\u00e9der \u00e0 la zone, voir <strong><a style=\"color: #000000;\" href=\"https:\/\/chateaufeely.com\/fr\/contact\/\">la page contact<\/a><\/strong>.<\/span>[\/vc_column_text][vc_btn title=\u00a0\u00bbFAQ\u00a0\u00bb color=\u00a0\u00bbgreen\u00a0\u00bb align=\u00a0\u00bbcenter\u00a0\u00bb link=\u00a0\u00bburl:https%3A%2F%2Fchateaufeely.com%2Ffr%2F%3Fpage_id%3D9219|title:FAQ%20Visites%20de%20vin|\u00a0\u00bb][vc_column_text css=\u00a0\u00bb.vc_custom_1710511870676{margin-bottom: 0px !important;}\u00a0\u00bb]<span style=\"color: #000000;\">Ch\u00e2teau F\u00e9ely a remport\u00e9 le <a style=\"color: #000000;\" href=\"https:\/\/chateaufeely.com\/gold-trophy-for-chateau-feely-and-video\/\"><strong>Troph\u00e9e d\u2019Or pour toute la France dans la cat\u00e9gorie \u00e9ducation et valorisation des pratiques \u00e9cologiques lors du premier Concours Fran\u00e7ais de Tourisme Viticole<\/strong><\/a> et d\u00e9tient le certificat d\u2019excellence Tripadvisor depuis plus de dix ans. Vous pouvez aussi vivre une <strong><a style=\"color: #000000;\" href=\"https:\/\/chateaufeely.com\/fr\/visites\/demi-journee-de-visite-du-vin-avec-dejeuner\/\">excursion viticole d\u2019une demi-journ\u00e9e<\/a><\/strong>, <a style=\"color: #000000;\" href=\"https:\/\/chateaufeely.com\/visites\/day-tours\/\">une journ\u00e9e compl\u00e8te<\/a> et des exp\u00e9riences gastronomiques de plusieurs jours avec nous \u2013 voir <strong><a style=\"color: #000000;\" href=\"http:\/\/chateaufeely.com\/visites\/wine-tours\/\">des excursions de plusieurs jours<\/a>.<\/strong><\/span><\/p>\n<p><span style=\"color: #000000;\">Les visites de Chateau Feely sont class\u00e9es #1 sur Tripadvisor. Vous vous demandez qui est class\u00e9 num\u00e9ro deux ? Notre \u00e9cole de vin, <a style=\"color: #000000;\" href=\"http:\/\/www.frenchwineadventures.com\" target=\"_blank\" rel=\"noopener noreferrer\"><b>French Wine Adventures, \u00e9cole de vin et des excursions de plusieurs jours \u00e0 Bordeaux et Bergerac<\/b><\/a>.\u00a0<\/span><span style=\"color: #000000;\">N\u2019h\u00e9sitez pas \u00e0 consulter les avis sur Tripadvisor et \u00e0 laisser vos commentaires !<\/span>[\/vc_column_text][vc_btn title=\u00a0\u00bbR\u00e9server\u00a0\u00bb color=\u00a0\u00bbgreen\u00a0\u00bb align=\u00a0\u00bbcenter\u00a0\u00bb link=\u00a0\u00bburl:https%3A%2F%2Ffareharbor.com%2Fembeds%2Fbook%2Fchateaufeely%2F%3Ffull-items%3Dyes%26flow%3D1144180|title:Contact|\u00a0\u00bb][\/vc_column][\/vc_row][vc_row][vc_column][\/vc_column][\/vc_row]\n","protected":false},"excerpt":{"rendered":"<p>[vc_row][vc_column][mk_icon_box icon=\u00a0\u00bbmk-moon-book\u00a0\u00bb title=\u00a0\u00bbCours de vin d\u2019une journ\u00e9e compl\u00e8te des r\u00e9gions viticoles de France\u00a0\u00bb text_size=\u00a0\u00bb30&Prime; style=\u00a0\u00bbsimple_ultimate\u00a0\u00bb icon_size=\u00a0\u00bblarge\u00a0\u00bb icon_location=\u00a0\u00bbtop\u00a0\u00bb icon_color=\u00a0\u00bb#e0b957&Prime; title_color=\u00a0\u00bb#000000&Prime; txt_color=\u00a0\u00bb#5e5e5e\u00a0\u00bb margin=\u00a0\u00bb0&Prime;] Une journ\u00e9e d\u2019\u00e9cole de vin sur les r\u00e9gions viticoles de France [\/mk_icon_box][\/vc_column][\/vc_row][vc_row][vc_column][vc_column_text css=\u00a0\u00bb.vc_custom_1710511084748{margin-bottom: 0px !important;}\u00a0\u00bb][\/vc_column_text][vc_column_text css=\u00a0\u00bb.vc_custom_1710511084748{margin-bottom: 0px !important;}\u00a0\u00bb][\/vc_column_text][vc_separator color=\u00a0\u00bbwhite\u00a0\u00bb border_width=\u00a0\u00bb5&Prime;][\/vc_column][\/vc_row][vc_row][vc_column width=\u00a0\u00bb1\/2&Prime;][mk_image_slideshow images=\u00a0\u00bb9324,9326&Prime; image_width=\u00a0\u00bb1000&Prime; image_height=\u00a0\u00bb667&Prime; animation_speed=\u00a0\u00bb3000&Prime; slideshow_speed=\u00a0\u00bb20000&Prime;][\/vc_column][vc_column width=\u00a0\u00bb1\/2&Prime; css=\u00a0\u00bb.vc_custom_1464158896445{padding-left: 15px !important;}\u00a0\u00bb][vc_column_text css=\u00a0\u00bb.vc_custom_1756293292046{margin-bottom: 0px !important;}\u00a0\u00bb]Le vin [&hellip;]<\/p>\n","protected":false},"author":2,"featured_media":0,"parent":251,"menu_order":0,"comment_status":"closed","ping_status":"closed","template":"","meta":{"footnotes":""},"class_list":["post-11269","page","type-page","status-publish","hentry"],"yoast_head":"<!-- This site is optimized with the Yoast SEO plugin v27.3 - https:\/\/yoast.com\/product\/yoast-seo-wordpress\/ -->\n<title>Cours de jour sur les r\u00e9gions viticoles de France avec d\u00e9gustation de vins<\/title>\n<meta name=\"description\" content=\"Un cours d\u2019une journ\u00e9e compl\u00e8te sur les r\u00e9gions viticoles de France dans un vignoble bio et une \u00e9cole de vin entre Bergerac et Bordeaux.\" \/>\n<meta name=\"robots\" content=\"index, follow, max-snippet:-1, max-image-preview:large, max-video-preview:-1\" \/>\n<link rel=\"canonical\" href=\"https:\/\/chateaufeely.com\/fr\/visites\/classe-des-regions-vinocoles-de-france\/\" \/>\n<meta property=\"og:locale\" content=\"fr_FR\" \/>\n<meta property=\"og:type\" content=\"article\" \/>\n<meta property=\"og:title\" content=\"Cours de jour sur les r\u00e9gions viticoles de France avec d\u00e9gustation de vins\" \/>\n<meta property=\"og:description\" content=\"Un cours d\u2019une journ\u00e9e compl\u00e8te sur les r\u00e9gions viticoles de France dans un vignoble bio et une \u00e9cole de vin entre Bergerac et Bordeaux.\" \/>\n<meta property=\"og:url\" content=\"https:\/\/chateaufeely.com\/fr\/visites\/classe-des-regions-vinocoles-de-france\/\" \/>\n<meta property=\"og:site_name\" content=\"Ch\u00e2teau Feely organic wine, tours, accommodation\" \/>\n<meta property=\"article:publisher\" content=\"https:\/\/www.facebook.com\/ChateauFeely\/\" \/>\n<meta property=\"article:modified_time\" content=\"2026-03-27T14:19:07+00:00\" \/>\n<meta name=\"twitter:card\" content=\"summary_large_image\" \/>\n<meta name=\"twitter:label1\" content=\"Dur\u00e9e de lecture estim\u00e9e\" \/>\n\t<meta name=\"twitter:data1\" content=\"5 minutes\" \/>\n<script type=\"application\/ld+json\" class=\"yoast-schema-graph\">{\"@context\":\"https:\\\/\\\/schema.org\",\"@graph\":[{\"@type\":\"WebPage\",\"@id\":\"https:\\\/\\\/chateaufeely.com\\\/fr\\\/visites\\\/classe-des-regions-vinocoles-de-france\\\/\",\"url\":\"https:\\\/\\\/chateaufeely.com\\\/fr\\\/visites\\\/classe-des-regions-vinocoles-de-france\\\/\",\"name\":\"Cours de jour sur les r\u00e9gions viticoles de France avec d\u00e9gustation de vins\",\"isPartOf\":{\"@id\":\"https:\\\/\\\/chateaufeely.com\\\/fr\\\/#website\"},\"datePublished\":\"2026-03-27T14:18:08+00:00\",\"dateModified\":\"2026-03-27T14:19:07+00:00\",\"description\":\"Un cours d\u2019une journ\u00e9e compl\u00e8te sur les r\u00e9gions viticoles de France dans un vignoble bio et une \u00e9cole de vin entre Bergerac et Bordeaux.\",\"breadcrumb\":{\"@id\":\"https:\\\/\\\/chateaufeely.com\\\/fr\\\/visites\\\/classe-des-regions-vinocoles-de-france\\\/#breadcrumb\"},\"inLanguage\":\"fr-FR\",\"potentialAction\":[{\"@type\":\"ReadAction\",\"target\":[\"https:\\\/\\\/chateaufeely.com\\\/fr\\\/visites\\\/classe-des-regions-vinocoles-de-france\\\/\"]}]},{\"@type\":\"BreadcrumbList\",\"@id\":\"https:\\\/\\\/chateaufeely.com\\\/fr\\\/visites\\\/classe-des-regions-vinocoles-de-france\\\/#breadcrumb\",\"itemListElement\":[{\"@type\":\"ListItem\",\"position\":1,\"name\":\"Accueil\",\"item\":\"https:\\\/\\\/chateaufeely.com\\\/fr\\\/\"},{\"@type\":\"ListItem\",\"position\":2,\"name\":\"Visites\",\"item\":\"https:\\\/\\\/chateaufeely.com\\\/fr\\\/visits\\\/\"},{\"@type\":\"ListItem\",\"position\":3,\"name\":\"Classe des R\u00e9gions Vinocoles de France\"}]},{\"@type\":\"WebSite\",\"@id\":\"https:\\\/\\\/chateaufeely.com\\\/fr\\\/#website\",\"url\":\"https:\\\/\\\/chateaufeely.com\\\/fr\\\/\",\"name\":\"Ch\u00e2teau Feely organic wine, tours, accommodation\",\"description\":\"Biodynamic and natural wine, tours and wine school, ecological luxury lodge\",\"publisher\":{\"@id\":\"https:\\\/\\\/chateaufeely.com\\\/fr\\\/#organization\"},\"potentialAction\":[{\"@type\":\"SearchAction\",\"target\":{\"@type\":\"EntryPoint\",\"urlTemplate\":\"https:\\\/\\\/chateaufeely.com\\\/fr\\\/?s={search_term_string}\"},\"query-input\":{\"@type\":\"PropertyValueSpecification\",\"valueRequired\":true,\"valueName\":\"search_term_string\"}}],\"inLanguage\":\"fr-FR\"},{\"@type\":\"Organization\",\"@id\":\"https:\\\/\\\/chateaufeely.com\\\/fr\\\/#organization\",\"name\":\"Ch\u00e2teau Feely organic wine, tours, accommodation\",\"url\":\"https:\\\/\\\/chateaufeely.com\\\/fr\\\/\",\"logo\":{\"@type\":\"ImageObject\",\"inLanguage\":\"fr-FR\",\"@id\":\"https:\\\/\\\/chateaufeely.com\\\/fr\\\/#\\\/schema\\\/logo\\\/image\\\/\",\"url\":\"https:\\\/\\\/chateaufeely.com\\\/wp-content\\\/uploads\\\/2016\\\/05\\\/logo-vertical-v2-250.png\",\"contentUrl\":\"https:\\\/\\\/chateaufeely.com\\\/wp-content\\\/uploads\\\/2016\\\/05\\\/logo-vertical-v2-250.png\",\"width\":250,\"height\":312,\"caption\":\"Ch\u00e2teau Feely organic wine, tours, accommodation\"},\"image\":{\"@id\":\"https:\\\/\\\/chateaufeely.com\\\/fr\\\/#\\\/schema\\\/logo\\\/image\\\/\"},\"sameAs\":[\"https:\\\/\\\/www.facebook.com\\\/ChateauFeely\\\/\",\"https:\\\/\\\/www.instagram.com\\\/chateaufeely\\\/\"]}]}<\/script>\n<!-- \/ Yoast SEO plugin. -->","yoast_head_json":{"title":"Cours de jour sur les r\u00e9gions viticoles de France avec d\u00e9gustation de vins","description":"Un cours d\u2019une journ\u00e9e compl\u00e8te sur les r\u00e9gions viticoles de France dans un vignoble bio et une \u00e9cole de vin entre Bergerac et Bordeaux.","robots":{"index":"index","follow":"follow","max-snippet":"max-snippet:-1","max-image-preview":"max-image-preview:large","max-video-preview":"max-video-preview:-1"},"canonical":"https:\/\/chateaufeely.com\/fr\/visites\/classe-des-regions-vinocoles-de-france\/","og_locale":"fr_FR","og_type":"article","og_title":"Cours de jour sur les r\u00e9gions viticoles de France avec d\u00e9gustation de vins","og_description":"Un cours d\u2019une journ\u00e9e compl\u00e8te sur les r\u00e9gions viticoles de France dans un vignoble bio et une \u00e9cole de vin entre Bergerac et Bordeaux.","og_url":"https:\/\/chateaufeely.com\/fr\/visites\/classe-des-regions-vinocoles-de-france\/","og_site_name":"Ch\u00e2teau Feely organic wine, tours, accommodation","article_publisher":"https:\/\/www.facebook.com\/ChateauFeely\/","article_modified_time":"2026-03-27T14:19:07+00:00","twitter_card":"summary_large_image","twitter_misc":{"Dur\u00e9e de lecture estim\u00e9e":"5 minutes"},"schema":{"@context":"https:\/\/schema.org","@graph":[{"@type":"WebPage","@id":"https:\/\/chateaufeely.com\/fr\/visites\/classe-des-regions-vinocoles-de-france\/","url":"https:\/\/chateaufeely.com\/fr\/visites\/classe-des-regions-vinocoles-de-france\/","name":"Cours de jour sur les r\u00e9gions viticoles de France avec d\u00e9gustation de vins","isPartOf":{"@id":"https:\/\/chateaufeely.com\/fr\/#website"},"datePublished":"2026-03-27T14:18:08+00:00","dateModified":"2026-03-27T14:19:07+00:00","description":"Un cours d\u2019une journ\u00e9e compl\u00e8te sur les r\u00e9gions viticoles de France dans un vignoble bio et une \u00e9cole de vin entre Bergerac et Bordeaux.","breadcrumb":{"@id":"https:\/\/chateaufeely.com\/fr\/visites\/classe-des-regions-vinocoles-de-france\/#breadcrumb"},"inLanguage":"fr-FR","potentialAction":[{"@type":"ReadAction","target":["https:\/\/chateaufeely.com\/fr\/visites\/classe-des-regions-vinocoles-de-france\/"]}]},{"@type":"BreadcrumbList","@id":"https:\/\/chateaufeely.com\/fr\/visites\/classe-des-regions-vinocoles-de-france\/#breadcrumb","itemListElement":[{"@type":"ListItem","position":1,"name":"Accueil","item":"https:\/\/chateaufeely.com\/fr\/"},{"@type":"ListItem","position":2,"name":"Visites","item":"https:\/\/chateaufeely.com\/fr\/visits\/"},{"@type":"ListItem","position":3,"name":"Classe des R\u00e9gions Vinocoles de France"}]},{"@type":"WebSite","@id":"https:\/\/chateaufeely.com\/fr\/#website","url":"https:\/\/chateaufeely.com\/fr\/","name":"Ch\u00e2teau Feely organic wine, tours, accommodation","description":"Biodynamic and natural wine, tours and wine school, ecological luxury lodge","publisher":{"@id":"https:\/\/chateaufeely.com\/fr\/#organization"},"potentialAction":[{"@type":"SearchAction","target":{"@type":"EntryPoint","urlTemplate":"https:\/\/chateaufeely.com\/fr\/?s={search_term_string}"},"query-input":{"@type":"PropertyValueSpecification","valueRequired":true,"valueName":"search_term_string"}}],"inLanguage":"fr-FR"},{"@type":"Organization","@id":"https:\/\/chateaufeely.com\/fr\/#organization","name":"Ch\u00e2teau Feely organic wine, tours, accommodation","url":"https:\/\/chateaufeely.com\/fr\/","logo":{"@type":"ImageObject","inLanguage":"fr-FR","@id":"https:\/\/chateaufeely.com\/fr\/#\/schema\/logo\/image\/","url":"https:\/\/chateaufeely.com\/wp-content\/uploads\/2016\/05\/logo-vertical-v2-250.png","contentUrl":"https:\/\/chateaufeely.com\/wp-content\/uploads\/2016\/05\/logo-vertical-v2-250.png","width":250,"height":312,"caption":"Ch\u00e2teau Feely organic wine, tours, accommodation"},"image":{"@id":"https:\/\/chateaufeely.com\/fr\/#\/schema\/logo\/image\/"},"sameAs":["https:\/\/www.facebook.com\/ChateauFeely\/","https:\/\/www.instagram.com\/chateaufeely\/"]}]}},"_links":{"self":[{"href":"https:\/\/chateaufeely.com\/fr\/wp-json\/wp\/v2\/pages\/11269","targetHints":{"allow":["GET"]}}],"collection":[{"href":"https:\/\/chateaufeely.com\/fr\/wp-json\/wp\/v2\/pages"}],"about":[{"href":"https:\/\/chateaufeely.com\/fr\/wp-json\/wp\/v2\/types\/page"}],"author":[{"embeddable":true,"href":"https:\/\/chateaufeely.com\/fr\/wp-json\/wp\/v2\/users\/2"}],"replies":[{"embeddable":true,"href":"https:\/\/chateaufeely.com\/fr\/wp-json\/wp\/v2\/comments?post=11269"}],"version-history":[{"count":5,"href":"https:\/\/chateaufeely.com\/fr\/wp-json\/wp\/v2\/pages\/11269\/revisions"}],"predecessor-version":[{"id":11310,"href":"https:\/\/chateaufeely.com\/fr\/wp-json\/wp\/v2\/pages\/11269\/revisions\/11310"}],"up":[{"embeddable":true,"href":"https:\/\/chateaufeely.com\/fr\/wp-json\/wp\/v2\/pages\/251"}],"wp:attachment":[{"href":"https:\/\/chateaufeely.com\/fr\/wp-json\/wp\/v2\/media?parent=11269"}],"curies":[{"name":"wp","href":"https:\/\/api.w.org\/{rel}","templated":true}]}}