{"id":11278,"date":"2026-03-27T15:18:10","date_gmt":"2026-03-27T14:18:10","guid":{"rendered":"https:\/\/chateaufeely.com\/visites\/visite-complete-de-vins-bio-avec-dejeuner\/"},"modified":"2026-03-27T15:19:25","modified_gmt":"2026-03-27T14:19:25","slug":"visite-complete-de-vins-bio-avec-dejeuner","status":"publish","type":"page","link":"https:\/\/chateaufeely.com\/fr\/visites\/visite-complete-de-vins-bio-avec-dejeuner\/","title":{"rendered":"Visite compl\u00e8te de vins bio avec d\u00e9jeuner"},"content":{"rendered":"[vc_row][vc_column][mk_icon_box icon=\u00a0\u00bbmk-icon-leaf\u00a0\u00bb title=\u00a0\u00bbAventure d\u2019une journ\u00e9e en excursion viticole\u00a0\u00bb text_size=\u00a0\u00bb30&Prime; style=\u00a0\u00bbsimple_ultimate\u00a0\u00bb icon_size=\u00a0\u00bblarge\u00a0\u00bb icon_location=\u00a0\u00bbtop\u00a0\u00bb icon_color=\u00a0\u00bb#e0b957&Prime; title_color=\u00a0\u00bb#000000&Prime; txt_color=\u00a0\u00bb#5e5e5e\u00a0\u00bb margin=\u00a0\u00bb0&Prime;]\n<p style=\"text-align: center;\"><span style=\"color: #000000;\"><strong>Une exploration de magnifiques vignobles bio, une d\u00e9gustation de vins, de la bonne cuisine et de bons vins, une introduction aux accords vins et mets, et une plong\u00e9e approfondie dans la vinification<\/strong><\/span><\/p>\n[\/mk_icon_box][\/vc_column][\/vc_row][vc_row][vc_column][vc_separator color=\u00a0\u00bbblanc\u00a0\u00bb border_width=\u00a0\u00bb5&Prime;][\/vc_column][\/vc_row][vc_row][vc_column width=\u00a0\u00bb1\/2&Prime;][mk_image_slideshow images=\u00a0\u00bb9267,9269,9258&Prime; image_width=\u00a0\u00bb1000&Prime; image_height=\u00a0\u00bb667&Prime; animation_speed=\u00a0\u00bb3000&Prime; slideshow_speed=\u00a0\u00bb20000&Prime;][vc_column_text css=\u00a0\u00bb.vc_custom_1711035343182{margin-bottom: 0px !important;}\u00a0\u00bb]\n<p style=\"text-align: center;\"><span style=\"color: #000000;\"><strong>Une journ\u00e9e compl\u00e8te de visite de vins bio et une exp\u00e9rience gastronomique unique en Dordogne, \u00e0 mi-chemin entre Bordeaux et Sarlat<\/strong><\/span><\/p>\n[\/vc_column_text][vc_column_text css=\u00a0\u00bb.vc_custom_1745474844085{margin-bottom: 0px !important;}\u00a0\u00bb]\n<h2>EN UN COUP D\u2019\u0152IL :<\/h2>\n<ul>\n<li><span style=\"color: #000000;\">Une promenade dans les vignobles bio et explication de la viticulture, de l\u2019agriculture biologique et de la biodiversit\u00e9<\/span><\/li>\n<li><span style=\"color: #000000;\">Initiation \u00e0 la d\u00e9gustation de vins et d\u00e9gustation de cinq vins<\/span><\/li>\n<li><span style=\"color: #000000;\">Introduction aux accords vins et plats<\/span><\/li>\n<li><span style=\"color: #000000;\">Un d\u00e9licieux plat d\u2019accord &#8211; des<\/span><span style=\"color: #000000;\">d\u00e9lices rorganiques parfaitement associ\u00e9s \u00e0 chaque vin<\/span><\/li>\n<li><span style=\"color: #000000;\">Un guide num\u00e9rique de poche pour la d\u00e9gustation de vins et un guide de poche num\u00e9rique pour les accords vins et mets.<\/span><\/li>\n<li><span style=\"color: #000000;\">Le point de vue d\u2019une vigne de vigne biologique<\/span><\/li>\n<li><span style=\"color: #000000;\">Une plong\u00e9e approfondie dans la vinification avec une visite d\u00e9taill\u00e9e du domaine viticole et des \u00e9tapes de la vinification pour chaque style de vin<\/span><\/li>\n<li><strong><span style=\"color: #000000;\">Du lundi au vendredi \u00e0 10h30<\/span><\/strong><\/li>\n<li><strong><span style=\"color: #000000;\">Dur\u00e9e moyenne de 5 heures<\/span><\/strong><\/li>\n<li><strong><span style=\"color: #000000;\">Minimum 2 personnes (solo possible si d\u2019autres personnes ont d\u00e9j\u00e0 r\u00e9serv\u00e9 pour la tourn\u00e9e)<\/span><\/strong><\/li>\n<li><strong><span style=\"color: #000000;\">132 \u20ac par adulte<\/span><\/strong><\/li>\n<\/ul>\n<p><span style=\"color: #000000;\">(*version courte optionnelle ou pas de marche pour handicap\/mobilit\u00e9 particuli\u00e8re)<\/span>[\/vc_column_text][vc_btn title=\u00a0\u00bbR\u00e9server\u00a0\u00bb color=\u00a0\u00bbgreen\u00a0\u00bb align=\u00a0\u00bbcenter\u00a0\u00bb link=\u00a0\u00bburl:https%3A%2F%2Ffareharbor.com%2Fembeds%2Fbook%2Fchateaufeely%2Fitems%2F532458%2F%3Ffull-items%3Dyes%26flow%3D1144533|title:Contact|\u00a0\u00bb][vc_btn title=\u00a0\u00bbPlus d\u2019options de tourn\u00e9e\u00a0\u00bb color=\u00a0\u00bbgreen\u00a0\u00bb align=\u00a0\u00bbcenter\u00a0\u00bb link=\u00a0\u00bburl:https%3A%2F%2Fchateaufeely.com%2Ffr%2Fvisites%2Fliste-des-circuits-et-experiences-de-vin%2F|title:Plus%20d%E2%80%99options%20de%20tourn%C3%A9e|\u00a0\u00bb][\/vc_column][vc_column width=\u00a0\u00bb1\/2&Prime; css=\u00a0\u00bb.vc_custom_1464158896445{padding-left: 15px !important;}\u00a0\u00bb][vc_column_text css=\u00a0\u00bb.vc_custom_1745474831445{margin-bottom: 0px !important;}\u00a0\u00bb]<span style=\"color: #000000;\">Le matin, nous nous promenons sur les pentes douces des vignobles bio du Ch\u00e2teau Feely. Nous explorons la magie de la nature et de la biodiversit\u00e9. Puis Caro Feely, vigneronne, auteure, \u00e9ducatrice accr\u00e9dit\u00e9e en vin et experte en agriculture biologique, \u00e9veillera vos sens en d\u00e9gustant les diff\u00e9rents terroirs du vignoble. D\u00e9gustez un plateau d\u2019accords d\u2019aliments bio de saison parfaitement associ\u00e9s aux vins, puis profitez de la tranquillit\u00e9 du vignoble autour du chocolat, du th\u00e9 et du caf\u00e9. L\u2019apr\u00e8s-midi, nous explorons le domaine viticole et d\u00e9couvrons comment nous cr\u00e9ons diff\u00e9rents styles de vin. <\/span><span style=\"color: #000000;\">Cette visite comprend la <strong><a href=\"https:\/\/chateaufeely.com\/fr\/visites\/visite-degustation-decouverte\/\" target=\"_blank\" rel=\"noopener\">visite de d\u00e9couverte de deux heures<\/a><\/strong> le matin (visite du vignoble et initiation \u00e0 la d\u00e9gustation de vins), un d\u00e9licieux plat d\u2019accord vins et mets ainsi qu\u2019une introduction aux accords vins et mets, ainsi que<\/span><span style=\"color: #000000;\">\u00a0<\/span><strong><a href=\"https:\/\/chateaufeely.com\/fr\/visites\/ecole-de-vin-101-winemaking\/\">Winemaking 101<\/a><\/strong><span style=\"color: #000000;\"> &#8211; une plong\u00e9e approfondie sur la fa\u00e7on dont nous fabriquons les diff\u00e9rents styles de vin. <\/span><span style=\"color: #000000;\">* Nous pouvons r\u00e9pondre \u00e0 des besoins sp\u00e9cifiques comme sans gluten, v\u00e9gan, sans produits laitiers si vous \u00eates inform\u00e9s lors de la r\u00e9servation. Les vins Feely sont tous adapt\u00e9s aux vegans.\u00a0<\/span><\/p>\n<p><strong><span style=\"color: #000000;\">Du lundi au vendredi d\u00e9but \u00e0 10h30 \u20ac132 par adulte<\/span><\/strong>[\/vc_column_text][vc_btn title=\u00a0\u00bbR\u00e9server\u00a0\u00bb color=\u00a0\u00bbgreen\u00a0\u00bb align=\u00a0\u00bbcenter\u00a0\u00bb link=\u00a0\u00bburl:https%3A%2F%2Ffareharbor.com%2Fembeds%2Fbook%2Fchateaufeely%2Fitems%2F532458%2F%3Ffull-items%3Dyes%26flow%3D1144533|title:Contact|\u00a0\u00bb][mk_image_slideshow images=\u00a0\u00bb9103&Prime; image_width=\u00a0\u00bb1000&Prime; image_height=\u00a0\u00bb667&Prime; animation_speed=\u00a0\u00bb3000&Prime; slideshow_speed=\u00a0\u00bb20000&Prime;][\/vc_column][\/vc_row][vc_row][vc_column][mk_blockquote font_family=\u00a0\u00bbnone\u00a0\u00bb]\n<p class=\"western\"><span style=\"color: #000000;\">\u00ab Quelle exp\u00e9rience incroyable ! \u00bb J. Van de Geest ***** \u00ab Tr\u00e8s instructif, sans pression d\u2019avoir des connaissances pr\u00e9alables. \u00bb S. Winpenny<\/span><\/p>\n[\/mk_blockquote][vc_column_text css=\u00a0\u00bb.vc_custom_1583591993324{margin-bottom: 0px !important;}\u00a0\u00bb][\/vc_column_text][vc_btn title=\u00a0\u00bbFAQ\u00a0\u00bb color=\u00a0\u00bbgreen\u00a0\u00bb align=\u00a0\u00bbcenter\u00a0\u00bb link=\u00a0\u00bburl:https%3A%2F%2Fchateaufeely.com%2Ffr%2F%3Fpage_id%3D9219|title:Questions%20fr%C3%A9quentes|\u00a0\u00bb][vc_column_text css=\u00a0\u00bb.vc_custom_1711036639535{margin-bottom: 0px !important;}\u00a0\u00bb]<span style=\"color: #000000;\">Pour toutes nos visites, veuillez porter des chaussures adapt\u00e9es \u00e0 la promenade dehors, car nous passons une partie du temps dans le vignoble.<\/span><\/p>\n<p><span style=\"color: #000000;\">Toutes nos activit\u00e9s se d\u00e9roulent au vignoble biologique Feely, dans le sud-ouest de la France, \u00e0 1h30 de la ville de Bordeaux, 10 minutes de Saint-Foy La Grande, 15 minutes de Bergerac. Pour acc\u00e9der \u00e0 la zone, voir <strong><a style=\"color: #000000;\" href=\"https:\/\/chateaufeely.com\/contact?lang=en\">la page contact<\/a><\/strong>.<\/span><\/p>\n<p><span style=\"color: #000000;\">Pour cette visite et toutes nos excursions d\u2019une journ\u00e9e, nous proposons une collecte depuis la gare de Gardonne si vous venez de Bordeaux, un magnifique trajet direct en train depuis Bordeaux St Jean, St Emilion, Bergerac ou Sarlat. \u00a0Nous proposons un d\u00e9p\u00f4t au plus tard \u00e0 16h30 \u00e0 la gare de Gardonne pour un train retour.<\/span><\/p>\n<p><span style=\"color: #000000;\"> D\u00e9couvrez notre magnifique salle de d\u00e9gustation \u00e9cologique faite de mat\u00e9riaux naturels tels que bois, pierre, craie et chanvre.<\/span>[\/vc_column_text][\/vc_column][\/vc_row][vc_row][vc_column][vc_btn title=\u00a0\u00bbD\u00e9couvrez Feely Wines\u00a0\u00bb color=\u00a0\u00bbgreen\u00a0\u00bb align=\u00a0\u00bbcenter\u00a0\u00bb link=\u00a0\u00bburl:https%3A%2F%2Fchateaufeely.com%2Ffr%2Fnotre-boutique%2Fvins%2F|title:D%C3%A9couvrez%20Feely%20Wines|\u00a0\u00bb][vc_column_text css=\u00a0\u00bb.vc_custom_1711534591604{margin-bottom: 0px !important;}\u00a0\u00bb]\n<p style=\"text-align: center;\"><span style=\"color: #000000;\"><strong>EXEMPLES D\u2019ACCORDS METS ET VINS (changements selon la saison et la disponibilit\u00e9)<\/strong><\/span><\/p>\n<p><span style=\"color: #000000;\"><a style=\"color: #000000;\" href=\"https:\/\/chateaufeely.com\/fr\/produit\/sincerite-2015\/\" target=\"_blank\" rel=\"noopener noreferrer\"><strong><em>Le Feely Sincerit\u00e9<\/em><\/strong><\/a>, un sauvignon blanc pur et piquant cultiv\u00e9 sur du calcaire avec des saveurs et une min\u00e9ralit\u00e9 d\u2019agrumes <em><strong>frais, ou <a href=\"https:\/\/chateaufeely.com\/fr\/produit\/sensualite-2015-copy\/\" target=\"_blank\" rel=\"noopener\">Feely Brut Ros\u00e9<\/a><\/strong><\/em> , est associ\u00e9 au fromage de ch\u00e8vre et \u00e0 une tapenade de poivrons rouges. <\/span><span style=\"color: #000000;\">\u00a0<a style=\"color: #000000;\" href=\"https:\/\/chateaufeely.com\/product\/generosite-2014\/\" target=\"_blank\" rel=\"noopener noreferrer\"><em><strong>Feely G\u00e9n\u00e9rosit\u00e9<\/strong><\/em><\/a>, un s\u00e9millon vieilli en f\u00fbt sec avec des notes de vanille, tarte aux pommes et compote d\u2019abricot, ou <em><strong>F\u00e9ely Orange Wine Mille Fleurs<\/strong><\/em> &#8211; est accompagn\u00e9 d\u2019un curry de courgette ou d\u2019une tapenade de betteraves et raifort et d\u2019un camembert. <\/span><span style=\"color: #000000;\"><a style=\"color: #000000;\" href=\"https:\/\/chateaufeely.com\/fr\/produit\/la-source-2020\/\" target=\"_blank\" rel=\"noopener noreferrer\"><em><strong>Feely La Source<\/strong><\/em><\/a>, un m\u00e9lange de Merlot Cab Sauv vieilli en ch\u00eane avec une touche de fum\u00e9e et de min\u00e9ralit\u00e9 provenant du silex et du <strong>calcaire, ou <em><a href=\"https:\/\/chateaufeely.com\/product\/resonance-2016\/\" target=\"_blank\" rel=\"noopener\">Feely Resonance<\/a><\/em><\/strong>, un Merlot pur, est associ\u00e9 \u00e0 une tapenade d\u2019olive noire et \u00e0 un comt\u00e9. Parfois, nous avons <\/span><span style=\"color: #000000;\"><a style=\"color: #000000;\" href=\"https:\/\/chateaufeely.com\/fr\/produit\/grace\/\" target=\"_blank\" rel=\"noopener noreferrer\"><em><strong>Feely Gr\u00e2ce<\/strong><\/em><\/a>, un m\u00e9lange Merlot Cabernet sauvignon 100 % vieilli en f\u00fbt, ou <em><a href=\"https:\/\/chateaufeely.com\/product\/verite-2014\/\" target=\"_blank\" rel=\"noopener\"><strong>Feely V\u00e9rit\u00e9<\/strong><\/a><\/em> , un pur Cabernet sauvigon sans sulfites ajout\u00e9s pour cet accord. <\/span><span style=\"color: #000000;\"><em><strong>Vin de dessert Saussignac<\/strong><\/em> avec Roquefort et pomme.<\/span><\/p>\n<p><span style=\"color: #000000;\">Les invit\u00e9s poursuivent l\u2019aventure d\u2019accord avec 2 chocolats bio Bovetti \u00e9galement produits dans le P\u00e9rigord, ainsi que du caf\u00e9 bio ou du th\u00e9 \u00e0 la menthe fra\u00eeche du potager Feely.<\/span>[\/vc_column_text][vc_column_text css=\u00a0\u00bb.vc_custom_1710423678487{margin-bottom: 0px !important;}\u00a0\u00bb]<span style=\"color: #000000;\">Chateau Feely a remport\u00e9 le <a style=\"color: #000000;\" href=\"https:\/\/chateaufeely.com\/gold-trophy-for-chateau-feely-and-video\/\">Troph\u00e9e d\u2019Or pour l\u2019\u00e9ducation et la valorisation des pratiques \u00e9cologiques lors du premier Concours Fran\u00e7ais de Tourisme Viticologique en 2019<\/a> et a re\u00e7u le certificat d\u2019excellence Tripadvisor depuis plus de 5 ans. Vous pouvez aussi vivre une <a style=\"color: #000000;\" href=\"https:\/\/chateaufeely.com\/visites\/demie-journee\/\">excursion viticole d\u2019une demi-journ\u00e9e<\/a>, <a style=\"color: #000000;\" href=\"https:\/\/chateaufeely.com\/visites\/day-tours\/\">une journ\u00e9e compl\u00e8te<\/a> et des exp\u00e9riences gastronomiques de plusieurs jours avec nous \u2013 voir <a style=\"color: #000000;\" href=\"http:\/\/chateaufeely.com\/visites\/wine-tours\/\">des excursions de plusieurs jours<\/a>.<\/span><\/p>\n<p><span style=\"color: #000000;\">Toutes nos activit\u00e9s se d\u00e9roulent au vignoble biologique Feely, dans le sud-ouest de la France, \u00e0 1 heure 15 minutes de la ville de Bordeaux, 10 minutes de Saint-Foy La Grande, 15 minutes de Bergerac et 50 minutes de la gare TGV de Libourne. Pour acc\u00e9der \u00e0 la zone, voir <a style=\"color: #000000;\" href=\"https:\/\/chateaufeely.com\/fr\/contact\/\">la page contact<\/a>. Nous proposons des op\u00e9rations de prise en charge et de d\u00e9p\u00f4t \u00e0 notre station SNCF locale pour des activit\u00e9s d\u2019une journ\u00e9e compl\u00e8te. D\u00e9couvrez notre belle \u00e9cole de vin \u00e9cologique et notre salle de d\u00e9gustation fabriqu\u00e9es en mat\u00e9riaux naturels tels que bois, pierre, craie et chanvre.<\/span><\/p>\n<p><span style=\"color: #000000;\">Les visites de Chateau Feely sont class\u00e9es #1 sur Tripadvisor. Vous vous demandez qui est class\u00e9 num\u00e9ro deux ? Notre \u00e9cole de vin, <a style=\"color: #000000;\" href=\"http:\/\/www.frenchwineadventures.com\" target=\"_blank\" rel=\"noopener noreferrer\"><b>French Wine Adventures, \u00e9cole de vin et des excursions de plusieurs jours \u00e0 Bordeaux et Bergerac<\/b><\/a>.<\/span>[\/vc_column_text][vc_btn title=\u00a0\u00bbR\u00e9server\u00a0\u00bb color=\u00a0\u00bbgreen\u00a0\u00bb align=\u00a0\u00bbcenter\u00a0\u00bb link=\u00a0\u00bburl:https%3A%2F%2Ffareharbor.com%2Fembeds%2Fbook%2Fchateaufeely%2F%3Ffull-items%3Dyes%26flow%3D1144180|title:Contact|\u00a0\u00bb][\/vc_column][\/vc_row]\n","protected":false},"excerpt":{"rendered":"<p>[vc_row][vc_column][mk_icon_box icon=\u00a0\u00bbmk-icon-leaf\u00a0\u00bb title=\u00a0\u00bbAventure d\u2019une journ\u00e9e en excursion viticole\u00a0\u00bb text_size=\u00a0\u00bb30&Prime; style=\u00a0\u00bbsimple_ultimate\u00a0\u00bb icon_size=\u00a0\u00bblarge\u00a0\u00bb icon_location=\u00a0\u00bbtop\u00a0\u00bb icon_color=\u00a0\u00bb#e0b957&Prime; title_color=\u00a0\u00bb#000000&Prime; txt_color=\u00a0\u00bb#5e5e5e\u00a0\u00bb margin=\u00a0\u00bb0&Prime;] Une exploration de magnifiques vignobles bio, une d\u00e9gustation de vins, de la bonne cuisine et de bons vins, une introduction aux accords vins et mets, et une plong\u00e9e approfondie dans la vinification [\/mk_icon_box][\/vc_column][\/vc_row][vc_row][vc_column][vc_separator color=\u00a0\u00bbblanc\u00a0\u00bb border_width=\u00a0\u00bb5&Prime;][\/vc_column][\/vc_row][vc_row][vc_column width=\u00a0\u00bb1\/2&Prime;][mk_image_slideshow images=\u00a0\u00bb9267,9269,9258&Prime; image_width=\u00a0\u00bb1000&Prime; image_height=\u00a0\u00bb667&Prime; [&hellip;]<\/p>\n","protected":false},"author":2,"featured_media":0,"parent":251,"menu_order":0,"comment_status":"closed","ping_status":"closed","template":"","meta":{"footnotes":""},"class_list":["post-11278","page","type-page","status-publish","hentry"],"yoast_head":"<!-- This site is optimized with the Yoast SEO plugin v27.3 - https:\/\/yoast.com\/product\/yoast-seo-wordpress\/ -->\n<title>Tour de vin d\u2019une journ\u00e9e compl\u00e8te avec d\u00e9jeuner entre Bergerac et Bordeaux<\/title>\n<meta name=\"description\" content=\"Une journ\u00e9e compl\u00e8te d\u2019exp\u00e9rience de vin bio incluant visite des vignobles, accords mets et cours de vinification \u00e0 mi-chemin entre Bordeaux et Sarlat.\" \/>\n<meta name=\"robots\" content=\"index, follow, max-snippet:-1, max-image-preview:large, max-video-preview:-1\" \/>\n<link rel=\"canonical\" href=\"https:\/\/chateaufeely.com\/fr\/visites\/visite-complete-de-vins-bio-avec-dejeuner\/\" \/>\n<meta property=\"og:locale\" content=\"fr_FR\" \/>\n<meta property=\"og:type\" content=\"article\" \/>\n<meta property=\"og:title\" content=\"Tour de vin d\u2019une journ\u00e9e compl\u00e8te avec d\u00e9jeuner entre Bergerac et Bordeaux\" \/>\n<meta property=\"og:description\" content=\"Une journ\u00e9e compl\u00e8te d\u2019exp\u00e9rience de vin bio incluant visite des vignobles, accords mets et cours de vinification \u00e0 mi-chemin entre Bordeaux et Sarlat.\" \/>\n<meta property=\"og:url\" content=\"https:\/\/chateaufeely.com\/fr\/visites\/visite-complete-de-vins-bio-avec-dejeuner\/\" \/>\n<meta property=\"og:site_name\" content=\"Ch\u00e2teau Feely organic wine, tours, accommodation\" \/>\n<meta property=\"article:publisher\" content=\"https:\/\/www.facebook.com\/ChateauFeely\/\" \/>\n<meta property=\"article:modified_time\" content=\"2026-03-27T14:19:25+00:00\" \/>\n<meta name=\"twitter:card\" content=\"summary_large_image\" \/>\n<meta name=\"twitter:label1\" content=\"Dur\u00e9e de lecture estim\u00e9e\" \/>\n\t<meta name=\"twitter:data1\" content=\"7 minutes\" \/>\n<script type=\"application\/ld+json\" class=\"yoast-schema-graph\">{\"@context\":\"https:\\\/\\\/schema.org\",\"@graph\":[{\"@type\":\"WebPage\",\"@id\":\"https:\\\/\\\/chateaufeely.com\\\/fr\\\/visites\\\/visite-complete-de-vins-bio-avec-dejeuner\\\/\",\"url\":\"https:\\\/\\\/chateaufeely.com\\\/fr\\\/visites\\\/visite-complete-de-vins-bio-avec-dejeuner\\\/\",\"name\":\"Tour de vin d\u2019une journ\u00e9e compl\u00e8te avec d\u00e9jeuner entre Bergerac et Bordeaux\",\"isPartOf\":{\"@id\":\"https:\\\/\\\/chateaufeely.com\\\/fr\\\/#website\"},\"datePublished\":\"2026-03-27T14:18:10+00:00\",\"dateModified\":\"2026-03-27T14:19:25+00:00\",\"description\":\"Une journ\u00e9e compl\u00e8te d\u2019exp\u00e9rience de vin bio incluant visite des vignobles, accords mets et cours de vinification \u00e0 mi-chemin entre Bordeaux et Sarlat.\",\"breadcrumb\":{\"@id\":\"https:\\\/\\\/chateaufeely.com\\\/fr\\\/visites\\\/visite-complete-de-vins-bio-avec-dejeuner\\\/#breadcrumb\"},\"inLanguage\":\"fr-FR\",\"potentialAction\":[{\"@type\":\"ReadAction\",\"target\":[\"https:\\\/\\\/chateaufeely.com\\\/fr\\\/visites\\\/visite-complete-de-vins-bio-avec-dejeuner\\\/\"]}]},{\"@type\":\"BreadcrumbList\",\"@id\":\"https:\\\/\\\/chateaufeely.com\\\/fr\\\/visites\\\/visite-complete-de-vins-bio-avec-dejeuner\\\/#breadcrumb\",\"itemListElement\":[{\"@type\":\"ListItem\",\"position\":1,\"name\":\"Accueil\",\"item\":\"https:\\\/\\\/chateaufeely.com\\\/fr\\\/\"},{\"@type\":\"ListItem\",\"position\":2,\"name\":\"Visites\",\"item\":\"https:\\\/\\\/chateaufeely.com\\\/fr\\\/visits\\\/\"},{\"@type\":\"ListItem\",\"position\":3,\"name\":\"Visite compl\u00e8te de vins bio avec d\u00e9jeuner\"}]},{\"@type\":\"WebSite\",\"@id\":\"https:\\\/\\\/chateaufeely.com\\\/fr\\\/#website\",\"url\":\"https:\\\/\\\/chateaufeely.com\\\/fr\\\/\",\"name\":\"Ch\u00e2teau Feely organic wine, tours, accommodation\",\"description\":\"Biodynamic and natural wine, tours and wine school, ecological luxury lodge\",\"publisher\":{\"@id\":\"https:\\\/\\\/chateaufeely.com\\\/fr\\\/#organization\"},\"potentialAction\":[{\"@type\":\"SearchAction\",\"target\":{\"@type\":\"EntryPoint\",\"urlTemplate\":\"https:\\\/\\\/chateaufeely.com\\\/fr\\\/?s={search_term_string}\"},\"query-input\":{\"@type\":\"PropertyValueSpecification\",\"valueRequired\":true,\"valueName\":\"search_term_string\"}}],\"inLanguage\":\"fr-FR\"},{\"@type\":\"Organization\",\"@id\":\"https:\\\/\\\/chateaufeely.com\\\/fr\\\/#organization\",\"name\":\"Ch\u00e2teau Feely organic wine, tours, accommodation\",\"url\":\"https:\\\/\\\/chateaufeely.com\\\/fr\\\/\",\"logo\":{\"@type\":\"ImageObject\",\"inLanguage\":\"fr-FR\",\"@id\":\"https:\\\/\\\/chateaufeely.com\\\/fr\\\/#\\\/schema\\\/logo\\\/image\\\/\",\"url\":\"https:\\\/\\\/chateaufeely.com\\\/wp-content\\\/uploads\\\/2016\\\/05\\\/logo-vertical-v2-250.png\",\"contentUrl\":\"https:\\\/\\\/chateaufeely.com\\\/wp-content\\\/uploads\\\/2016\\\/05\\\/logo-vertical-v2-250.png\",\"width\":250,\"height\":312,\"caption\":\"Ch\u00e2teau Feely organic wine, tours, accommodation\"},\"image\":{\"@id\":\"https:\\\/\\\/chateaufeely.com\\\/fr\\\/#\\\/schema\\\/logo\\\/image\\\/\"},\"sameAs\":[\"https:\\\/\\\/www.facebook.com\\\/ChateauFeely\\\/\",\"https:\\\/\\\/www.instagram.com\\\/chateaufeely\\\/\"]}]}<\/script>\n<!-- \/ Yoast SEO plugin. -->","yoast_head_json":{"title":"Tour de vin d\u2019une journ\u00e9e compl\u00e8te avec d\u00e9jeuner entre Bergerac et Bordeaux","description":"Une journ\u00e9e compl\u00e8te d\u2019exp\u00e9rience de vin bio incluant visite des vignobles, accords mets et cours de vinification \u00e0 mi-chemin entre Bordeaux et Sarlat.","robots":{"index":"index","follow":"follow","max-snippet":"max-snippet:-1","max-image-preview":"max-image-preview:large","max-video-preview":"max-video-preview:-1"},"canonical":"https:\/\/chateaufeely.com\/fr\/visites\/visite-complete-de-vins-bio-avec-dejeuner\/","og_locale":"fr_FR","og_type":"article","og_title":"Tour de vin d\u2019une journ\u00e9e compl\u00e8te avec d\u00e9jeuner entre Bergerac et Bordeaux","og_description":"Une journ\u00e9e compl\u00e8te d\u2019exp\u00e9rience de vin bio incluant visite des vignobles, accords mets et cours de vinification \u00e0 mi-chemin entre Bordeaux et Sarlat.","og_url":"https:\/\/chateaufeely.com\/fr\/visites\/visite-complete-de-vins-bio-avec-dejeuner\/","og_site_name":"Ch\u00e2teau Feely organic wine, tours, accommodation","article_publisher":"https:\/\/www.facebook.com\/ChateauFeely\/","article_modified_time":"2026-03-27T14:19:25+00:00","twitter_card":"summary_large_image","twitter_misc":{"Dur\u00e9e de lecture estim\u00e9e":"7 minutes"},"schema":{"@context":"https:\/\/schema.org","@graph":[{"@type":"WebPage","@id":"https:\/\/chateaufeely.com\/fr\/visites\/visite-complete-de-vins-bio-avec-dejeuner\/","url":"https:\/\/chateaufeely.com\/fr\/visites\/visite-complete-de-vins-bio-avec-dejeuner\/","name":"Tour de vin d\u2019une journ\u00e9e compl\u00e8te avec d\u00e9jeuner entre Bergerac et Bordeaux","isPartOf":{"@id":"https:\/\/chateaufeely.com\/fr\/#website"},"datePublished":"2026-03-27T14:18:10+00:00","dateModified":"2026-03-27T14:19:25+00:00","description":"Une journ\u00e9e compl\u00e8te d\u2019exp\u00e9rience de vin bio incluant visite des vignobles, accords mets et cours de vinification \u00e0 mi-chemin entre Bordeaux et Sarlat.","breadcrumb":{"@id":"https:\/\/chateaufeely.com\/fr\/visites\/visite-complete-de-vins-bio-avec-dejeuner\/#breadcrumb"},"inLanguage":"fr-FR","potentialAction":[{"@type":"ReadAction","target":["https:\/\/chateaufeely.com\/fr\/visites\/visite-complete-de-vins-bio-avec-dejeuner\/"]}]},{"@type":"BreadcrumbList","@id":"https:\/\/chateaufeely.com\/fr\/visites\/visite-complete-de-vins-bio-avec-dejeuner\/#breadcrumb","itemListElement":[{"@type":"ListItem","position":1,"name":"Accueil","item":"https:\/\/chateaufeely.com\/fr\/"},{"@type":"ListItem","position":2,"name":"Visites","item":"https:\/\/chateaufeely.com\/fr\/visits\/"},{"@type":"ListItem","position":3,"name":"Visite compl\u00e8te de vins bio avec d\u00e9jeuner"}]},{"@type":"WebSite","@id":"https:\/\/chateaufeely.com\/fr\/#website","url":"https:\/\/chateaufeely.com\/fr\/","name":"Ch\u00e2teau Feely organic wine, tours, accommodation","description":"Biodynamic and natural wine, tours and wine school, ecological luxury lodge","publisher":{"@id":"https:\/\/chateaufeely.com\/fr\/#organization"},"potentialAction":[{"@type":"SearchAction","target":{"@type":"EntryPoint","urlTemplate":"https:\/\/chateaufeely.com\/fr\/?s={search_term_string}"},"query-input":{"@type":"PropertyValueSpecification","valueRequired":true,"valueName":"search_term_string"}}],"inLanguage":"fr-FR"},{"@type":"Organization","@id":"https:\/\/chateaufeely.com\/fr\/#organization","name":"Ch\u00e2teau Feely organic wine, tours, accommodation","url":"https:\/\/chateaufeely.com\/fr\/","logo":{"@type":"ImageObject","inLanguage":"fr-FR","@id":"https:\/\/chateaufeely.com\/fr\/#\/schema\/logo\/image\/","url":"https:\/\/chateaufeely.com\/wp-content\/uploads\/2016\/05\/logo-vertical-v2-250.png","contentUrl":"https:\/\/chateaufeely.com\/wp-content\/uploads\/2016\/05\/logo-vertical-v2-250.png","width":250,"height":312,"caption":"Ch\u00e2teau Feely organic wine, tours, accommodation"},"image":{"@id":"https:\/\/chateaufeely.com\/fr\/#\/schema\/logo\/image\/"},"sameAs":["https:\/\/www.facebook.com\/ChateauFeely\/","https:\/\/www.instagram.com\/chateaufeely\/"]}]}},"_links":{"self":[{"href":"https:\/\/chateaufeely.com\/fr\/wp-json\/wp\/v2\/pages\/11278","targetHints":{"allow":["GET"]}}],"collection":[{"href":"https:\/\/chateaufeely.com\/fr\/wp-json\/wp\/v2\/pages"}],"about":[{"href":"https:\/\/chateaufeely.com\/fr\/wp-json\/wp\/v2\/types\/page"}],"author":[{"embeddable":true,"href":"https:\/\/chateaufeely.com\/fr\/wp-json\/wp\/v2\/users\/2"}],"replies":[{"embeddable":true,"href":"https:\/\/chateaufeely.com\/fr\/wp-json\/wp\/v2\/comments?post=11278"}],"version-history":[{"count":5,"href":"https:\/\/chateaufeely.com\/fr\/wp-json\/wp\/v2\/pages\/11278\/revisions"}],"predecessor-version":[{"id":11316,"href":"https:\/\/chateaufeely.com\/fr\/wp-json\/wp\/v2\/pages\/11278\/revisions\/11316"}],"up":[{"embeddable":true,"href":"https:\/\/chateaufeely.com\/fr\/wp-json\/wp\/v2\/pages\/251"}],"wp:attachment":[{"href":"https:\/\/chateaufeely.com\/fr\/wp-json\/wp\/v2\/media?parent=11278"}],"curies":[{"name":"wp","href":"https:\/\/api.w.org\/{rel}","templated":true}]}}