{"id":11283,"date":"2026-03-27T15:18:11","date_gmt":"2026-03-27T14:18:11","guid":{"rendered":"https:\/\/chateaufeely.com\/visites\/ecole-de-vin-101-winemaking\/"},"modified":"2026-03-27T15:19:36","modified_gmt":"2026-03-27T14:19:36","slug":"ecole-de-vin-101-winemaking","status":"publish","type":"page","link":"https:\/\/chateaufeely.com\/fr\/visites\/ecole-de-vin-101-winemaking\/","title":{"rendered":"\u00c9cole de vin 101 Winemaking"},"content":{"rendered":"[vc_row][vc_column][mk_icon_box icon=\u00a0\u00bbmk-icon-leaf\u00a0\u00bb title=\u00a0\u00bbClasse Viticole 101&Prime; text_size=\u00a0\u00bb30&Prime; style=\u00a0\u00bbsimple_ultimate\u00a0\u00bb icon_size=\u00a0\u00bblarge\u00a0\u00bb icon_location=\u00a0\u00bbtop\u00a0\u00bb icon_color=\u00a0\u00bb#e0b957&Prime; title_color=\u00a0\u00bb#000000&Prime; txt_color=\u00a0\u00bb#5e5e5e\u00a0\u00bb margin=\u00a0\u00bb0&Prime;]\n<p style=\"text-align: center;\"><span style=\"color: #000000;\"><strong>Une introduction de deux heures \u00e0 la vinification et \u00e0 ses effets sur le vin<\/strong><\/span><\/p>\n[\/mk_icon_box][\/vc_column][\/vc_row][vc_row][vc_column][vc_column_text css=\u00a0\u00bb.vc_custom_1710511084748{margin-bottom: 0px !important;}\u00a0\u00bb][\/vc_column_text][vc_column_text css=\u00a0\u00bb.vc_custom_1710511084748{margin-bottom: 0px !important;}\u00a0\u00bb][\/vc_column_text][vc_separator color=\u00a0\u00bbwhite\u00a0\u00bb border_width=\u00a0\u00bb5&Prime;][\/vc_column][\/vc_row][vc_row][vc_column width=\u00a0\u00bb1\/2&Prime;][mk_image_slideshow images=\u00a0\u00bb9258&Prime; image_width=\u00a0\u00bb1000&Prime; image_height=\u00a0\u00bb667&Prime; animation_speed=\u00a0\u00bb3000&Prime; slideshow_speed=\u00a0\u00bb20000&Prime;][\/vc_column][vc_column width=\u00a0\u00bb1\/2&Prime; css=\u00a0\u00bb.vc_custom_1464158896445{padding-left: 15px !important;}\u00a0\u00bb][vc_column_text css=\u00a0\u00bb.vc_custom_1711029569488{margin-bottom: 0px !important;}\u00a0\u00bb]<span style=\"color: #000000;\"><strong>Quel est le processus de fabrication du vin ? Apprenez avec nous !<\/strong><\/span><\/p>\n<p><span style=\"color: #000000;\">Le cours comprend une visite du domaine viticole et une visite \u00e9tape par \u00e9tape du processus de vinification, suivi d\u2019une d\u00e9gustation de quatre vins qui permettent de comprendre l\u2019effet de la vinification sur le vin.<\/span><\/p>\n<p><span style=\"color: #000000;\">Comment le vieillissement en f\u00fbt affecte-t-il le go\u00fbt ? \u00c0 quoi sert la maturation sur la lie pour un vin ? Comment pouvons-nous faire trois vins diff\u00e9rents issus exactement du m\u00eame vignoble ? Comment insuffler de l\u2019\u00e9clat \u00e0 Feely Brut Ros\u00e9 ? En quoi cela diff\u00e8re-t-il d\u2019autres vins p\u00e9tillants comme le Prosecco ? Nous allons explorer ces questions et bien plus encore.<\/span><\/p>\n<p><span style=\"color: #000000;\"><strong>Du lundi au vendredi \u00e0 13h30. 60 \u20ac par adulte.<\/strong><\/span>[\/vc_column_text][vc_btn title=\u00a0\u00bbR\u00e9server\u00a0\u00bb color=\u00a0\u00bbgreen\u00a0\u00bb align=\u00a0\u00bbcenter\u00a0\u00bb link=\u00a0\u00bburl:https%3A%2F%2Ffareharbor.com%2Fembeds%2Fbook%2Fchateaufeely%2Fitems%2F532464%2F%3Ffull-items%3Dyes%26flow%3D1144533|title:Contact|\u00a0\u00bb][\/vc_column][\/vc_row][vc_row][vc_column][vc_separator color=\u00a0\u00bbwhite\u00a0\u00bb border_width=\u00a0\u00bb5&Prime;][vc_column_text css=\u00a0\u00bb.vc_custom_1583591993324{margin-bottom: 0px !important;}\u00a0\u00bb][\/vc_column_text][\/vc_column][\/vc_row][vc_row][vc_column width=\u00a0\u00bb1\/2&Prime;][vc_column_text css=\u00a0\u00bb.vc_custom_1711028957825{margin-bottom: 0px !important;}\u00a0\u00bb]\n<h2>En un coup d\u2019\u0153il :<\/h2>\n<ul>\n<li><span style=\"color: #000000;\">Une visite d\u00e9taill\u00e9e du domaine<\/span><\/li>\n<li>Description d\u00e9taill\u00e9e et d\u00e9monstration du mat\u00e9riel pour chaque style de vin<\/li>\n<li><span style=\"color: #000000;\">Initiation \u00e0 la d\u00e9gustation de vins et<\/span><span style=\"color: #000000;\">d\u00e9couverte de quatre vins bio (pour ceux qui n\u2019avaient pas d\u00e9j\u00e0 particip\u00e9 \u00e0 la visite du matin)<\/span><\/li>\n<li><span style=\"color: #000000;\">Un guide num\u00e9rique de poche sur le vin, par l\u2019\u00e9ducatrice et auteure Caro Feely<\/span><\/li>\n<li><span style=\"color: #000000;\">Dur\u00e9e moyenne de deux heures<\/span><\/li>\n<li><strong><span style=\"color: #000000;\">Tous les jours du lundi au vendredi, \u00e0 13h30<\/span><\/strong><\/li>\n<li><strong><span style=\"color: #000000;\">60 \u20ac par adulte<\/span><\/strong><\/li>\n<li><strong style=\"color: #000000;\">R\u00e9servation minimale : 2 personnes.<\/strong><span style=\"color: #000000;\"> Si d\u2019autres sont d\u00e9j\u00e0 r\u00e9serv\u00e9s, des r\u00e9servations en solo sont possibles.<\/span><\/li>\n<\/ul>\n[\/vc_column_text][vc_btn title=\u00a0\u00bbR\u00e9server\u00a0\u00bb color=\u00a0\u00bbgreen\u00a0\u00bb align=\u00a0\u00bbcenter\u00a0\u00bb link=\u00a0\u00bburl:https%3A%2F%2Ffareharbor.com%2Fembeds%2Fbook%2Fchateaufeely%2Fitems%2F532464%2F%3Ffull-items%3Dyes%26flow%3D1144533|title:Contact|\u00a0\u00bb][vc_btn title=\u00a0\u00bbPlus d\u2019options de tourn\u00e9e\u00a0\u00bb color=\u00a0\u00bbgreen\u00a0\u00bb align=\u00a0\u00bbcenter\u00a0\u00bb link=\u00a0\u00bburl:https%3A%2F%2Fchateaufeely.com%2Ffr%2Fvisites%2Fliste-des-circuits-et-experiences-de-vin%2F|title:Plus%20d%E2%80%99options%20de%20tourn%C3%A9e|\u00a0\u00bb][\/vc_column][vc_column width=\u00a0\u00bb1\/2&Prime; css=\u00a0\u00bb.vc_custom_1464158896445{padding-left: 15px !important;}\u00a0\u00bb][vc_column_text css=\u00a0\u00bb.vc_custom_1583592288817{margin-bottom: 0px !important;}\u00a0\u00bb][\/vc_column_text][mk_image_slideshow images=\u00a0\u00bb9101&Prime; image_width=\u00a0\u00bb1000&Prime; image_height=\u00a0\u00bb667&Prime; animation_speed=\u00a0\u00bb3000&Prime; slideshow_speed=\u00a0\u00bb20000&Prime;][\/vc_column][\/vc_row][vc_row][vc_column][mk_blockquote font_family=\u00a0\u00bbnone\u00a0\u00bb]<span style=\"color: #000000;\"><strong><em>&lsquo;<\/em><\/strong>Un excellent moyen d\u2019apprendre sur le vin en place dans un d\u00e9cor splendide de vignobles. \u00bb W. York<\/span>[\/mk_blockquote][vc_btn title=\u00a0\u00bbD\u00e9couvrez Feely Wines\u00a0\u00bb color=\u00a0\u00bbgreen\u00a0\u00bb align=\u00a0\u00bbcenter\u00a0\u00bb link=\u00a0\u00bburl:https%3A%2F%2Fchateaufeely.com%2Ffr%2Fnotre-boutique%2Fvins%2F|title:D%C3%A9couvrez%20Feely%20Wines|\u00a0\u00bb][vc_column_text css=\u00a0\u00bb.vc_custom_1710512002548{margin-bottom: 0px !important;}\u00a0\u00bb]<span style=\"color: #000000;\">Pour toutes nos visites, veuillez porter des chaussures adapt\u00e9es \u00e0 la promenade dehors, car nous passons une partie du temps dans le vignoble.<\/span><\/p>\n<p><span style=\"color: #000000;\">Toutes nos activit\u00e9s se d\u00e9roulent au vignoble biologique Feely, dans le sud-ouest de la France, \u00e0 1h30 de la ville de Bordeaux, 10 minutes de Saint-Foy La Grande, 15 minutes de Bergerac. Pour acc\u00e9der \u00e0 la zone, voir <strong><a style=\"color: #000000;\" href=\"https:\/\/chateaufeely.com\/fr\/contact\/\">la page contact<\/a><\/strong>. D\u00e9couvrez notre magnifique salle de d\u00e9gustation \u00e9cologique faite de mat\u00e9riaux naturels tels que bois, pierre, craie et chanvre.<\/span>[\/vc_column_text][vc_btn title=\u00a0\u00bbFAQ\u00a0\u00bb color=\u00a0\u00bbgreen\u00a0\u00bb align=\u00a0\u00bbcenter\u00a0\u00bb link=\u00a0\u00bburl:https%3A%2F%2Fchateaufeely.com%2Ffr%2F%3Fpage_id%3D9219|title:FAQ%20Visites%20de%20vin|\u00a0\u00bb][vc_column_text css=\u00a0\u00bb.vc_custom_1710511870676{margin-bottom: 0px !important;}\u00a0\u00bb]<span style=\"color: #000000;\">Ch\u00e2teau F\u00e9ely a remport\u00e9 le <a style=\"color: #000000;\" href=\"https:\/\/chateaufeely.com\/gold-trophy-for-chateau-feely-and-video\/\"><strong>Troph\u00e9e d\u2019Or pour toute la France dans la cat\u00e9gorie \u00e9ducation et valorisation des pratiques \u00e9cologiques lors du premier Concours Fran\u00e7ais de Tourisme Viticole<\/strong><\/a> et d\u00e9tient le certificat d\u2019excellence Tripadvisor depuis plus de dix ans. Vous pouvez aussi vivre une <strong><a style=\"color: #000000;\" href=\"https:\/\/chateaufeely.com\/fr\/visites\/demi-journee-de-visite-du-vin-avec-dejeuner\/\">excursion viticole d\u2019une demi-journ\u00e9e<\/a><\/strong>, <a style=\"color: #000000;\" href=\"https:\/\/chateaufeely.com\/visites\/day-tours\/\">une journ\u00e9e compl\u00e8te<\/a> et des exp\u00e9riences gastronomiques de plusieurs jours avec nous \u2013 voir <strong><a style=\"color: #000000;\" href=\"http:\/\/chateaufeely.com\/visites\/wine-tours\/\">des excursions de plusieurs jours<\/a>.<\/strong><\/span><\/p>\n<p><span style=\"color: #000000;\">Les visites de Chateau Feely sont class\u00e9es #1 sur Tripadvisor. Vous vous demandez qui est class\u00e9 num\u00e9ro deux ? Notre \u00e9cole de vin, <a style=\"color: #000000;\" href=\"http:\/\/www.frenchwineadventures.com\" target=\"_blank\" rel=\"noopener noreferrer\"><b>French Wine Adventures, \u00e9cole de vin et des excursions de plusieurs jours \u00e0 Bordeaux et Bergerac<\/b><\/a>.\u00a0<\/span><span style=\"color: #000000;\">N\u2019h\u00e9sitez pas \u00e0 consulter les avis sur Tripadvisor et \u00e0 laisser vos commentaires !<\/span>[\/vc_column_text][vc_btn title=\u00a0\u00bbR\u00e9server\u00a0\u00bb color=\u00a0\u00bbgreen\u00a0\u00bb align=\u00a0\u00bbcenter\u00a0\u00bb link=\u00a0\u00bburl:https%3A%2F%2Ffareharbor.com%2Fembeds%2Fbook%2Fchateaufeely%2F%3Ffull-items%3Dyes%26flow%3D1144180|title:Contact|\u00a0\u00bb][\/vc_column][\/vc_row][vc_row][vc_column][\/vc_column][\/vc_row]\n","protected":false},"excerpt":{"rendered":"<p>[vc_row][vc_column][mk_icon_box icon=\u00a0\u00bbmk-icon-leaf\u00a0\u00bb title=\u00a0\u00bbClasse Viticole 101&Prime; text_size=\u00a0\u00bb30&Prime; style=\u00a0\u00bbsimple_ultimate\u00a0\u00bb icon_size=\u00a0\u00bblarge\u00a0\u00bb icon_location=\u00a0\u00bbtop\u00a0\u00bb icon_color=\u00a0\u00bb#e0b957&Prime; title_color=\u00a0\u00bb#000000&Prime; txt_color=\u00a0\u00bb#5e5e5e\u00a0\u00bb margin=\u00a0\u00bb0&Prime;] Une introduction de deux heures \u00e0 la vinification et \u00e0 ses effets sur le vin [\/mk_icon_box][\/vc_column][\/vc_row][vc_row][vc_column][vc_column_text css=\u00a0\u00bb.vc_custom_1710511084748{margin-bottom: 0px !important;}\u00a0\u00bb][\/vc_column_text][vc_column_text css=\u00a0\u00bb.vc_custom_1710511084748{margin-bottom: 0px !important;}\u00a0\u00bb][\/vc_column_text][vc_separator color=\u00a0\u00bbwhite\u00a0\u00bb border_width=\u00a0\u00bb5&Prime;][\/vc_column][\/vc_row][vc_row][vc_column width=\u00a0\u00bb1\/2&Prime;][mk_image_slideshow images=\u00a0\u00bb9258&Prime; image_width=\u00a0\u00bb1000&Prime; image_height=\u00a0\u00bb667&Prime; animation_speed=\u00a0\u00bb3000&Prime; slideshow_speed=\u00a0\u00bb20000&Prime;][\/vc_column][vc_column width=\u00a0\u00bb1\/2&Prime; css=\u00a0\u00bb.vc_custom_1464158896445{padding-left: 15px !important;}\u00a0\u00bb][vc_column_text css=\u00a0\u00bb.vc_custom_1711029569488{margin-bottom: 0px !important;}\u00a0\u00bb]Quel est le processus de fabrication [&hellip;]<\/p>\n","protected":false},"author":2,"featured_media":0,"parent":251,"menu_order":0,"comment_status":"closed","ping_status":"closed","template":"","meta":{"footnotes":""},"class_list":["post-11283","page","type-page","status-publish","hentry"],"yoast_head":"<!-- This site is optimized with the Yoast SEO plugin v27.3 - https:\/\/yoast.com\/product\/yoast-seo-wordpress\/ -->\n<title>Cours de vinification 101 sur le vignoble biologique<\/title>\n<meta name=\"description\" content=\"Winemaking 101 - cours de deux heures sur la vinification dans un vignoble bio et une \u00e9cole de vin entre Bergerac et Bordeaux.\" \/>\n<meta name=\"robots\" content=\"index, follow, max-snippet:-1, max-image-preview:large, max-video-preview:-1\" \/>\n<link rel=\"canonical\" href=\"https:\/\/chateaufeely.com\/fr\/visites\/ecole-de-vin-101-winemaking\/\" \/>\n<meta property=\"og:locale\" content=\"fr_FR\" \/>\n<meta property=\"og:type\" content=\"article\" \/>\n<meta property=\"og:title\" content=\"Cours de vinification 101 sur le vignoble biologique\" \/>\n<meta property=\"og:description\" content=\"Winemaking 101 - cours de deux heures sur la vinification dans un vignoble bio et une \u00e9cole de vin entre Bergerac et Bordeaux.\" \/>\n<meta property=\"og:url\" content=\"https:\/\/chateaufeely.com\/fr\/visites\/ecole-de-vin-101-winemaking\/\" \/>\n<meta property=\"og:site_name\" content=\"Ch\u00e2teau Feely organic wine, tours, accommodation\" \/>\n<meta property=\"article:publisher\" content=\"https:\/\/www.facebook.com\/ChateauFeely\/\" \/>\n<meta property=\"article:modified_time\" content=\"2026-03-27T14:19:36+00:00\" \/>\n<meta name=\"twitter:card\" content=\"summary_large_image\" \/>\n<meta name=\"twitter:label1\" content=\"Dur\u00e9e de lecture estim\u00e9e\" \/>\n\t<meta name=\"twitter:data1\" content=\"4 minutes\" \/>\n<script type=\"application\/ld+json\" class=\"yoast-schema-graph\">{\"@context\":\"https:\\\/\\\/schema.org\",\"@graph\":[{\"@type\":\"WebPage\",\"@id\":\"https:\\\/\\\/chateaufeely.com\\\/fr\\\/visites\\\/ecole-de-vin-101-winemaking\\\/\",\"url\":\"https:\\\/\\\/chateaufeely.com\\\/fr\\\/visites\\\/ecole-de-vin-101-winemaking\\\/\",\"name\":\"Cours de vinification 101 sur le vignoble biologique\",\"isPartOf\":{\"@id\":\"https:\\\/\\\/chateaufeely.com\\\/fr\\\/#website\"},\"datePublished\":\"2026-03-27T14:18:11+00:00\",\"dateModified\":\"2026-03-27T14:19:36+00:00\",\"description\":\"Winemaking 101 - cours de deux heures sur la vinification dans un vignoble bio et une \u00e9cole de vin entre Bergerac et Bordeaux.\",\"breadcrumb\":{\"@id\":\"https:\\\/\\\/chateaufeely.com\\\/fr\\\/visites\\\/ecole-de-vin-101-winemaking\\\/#breadcrumb\"},\"inLanguage\":\"fr-FR\",\"potentialAction\":[{\"@type\":\"ReadAction\",\"target\":[\"https:\\\/\\\/chateaufeely.com\\\/fr\\\/visites\\\/ecole-de-vin-101-winemaking\\\/\"]}]},{\"@type\":\"BreadcrumbList\",\"@id\":\"https:\\\/\\\/chateaufeely.com\\\/fr\\\/visites\\\/ecole-de-vin-101-winemaking\\\/#breadcrumb\",\"itemListElement\":[{\"@type\":\"ListItem\",\"position\":1,\"name\":\"Accueil\",\"item\":\"https:\\\/\\\/chateaufeely.com\\\/fr\\\/\"},{\"@type\":\"ListItem\",\"position\":2,\"name\":\"Visites\",\"item\":\"https:\\\/\\\/chateaufeely.com\\\/fr\\\/visits\\\/\"},{\"@type\":\"ListItem\",\"position\":3,\"name\":\"\u00c9cole de vin 101 Winemaking\"}]},{\"@type\":\"WebSite\",\"@id\":\"https:\\\/\\\/chateaufeely.com\\\/fr\\\/#website\",\"url\":\"https:\\\/\\\/chateaufeely.com\\\/fr\\\/\",\"name\":\"Ch\u00e2teau Feely organic wine, tours, accommodation\",\"description\":\"Biodynamic and natural wine, tours and wine school, ecological luxury lodge\",\"publisher\":{\"@id\":\"https:\\\/\\\/chateaufeely.com\\\/fr\\\/#organization\"},\"potentialAction\":[{\"@type\":\"SearchAction\",\"target\":{\"@type\":\"EntryPoint\",\"urlTemplate\":\"https:\\\/\\\/chateaufeely.com\\\/fr\\\/?s={search_term_string}\"},\"query-input\":{\"@type\":\"PropertyValueSpecification\",\"valueRequired\":true,\"valueName\":\"search_term_string\"}}],\"inLanguage\":\"fr-FR\"},{\"@type\":\"Organization\",\"@id\":\"https:\\\/\\\/chateaufeely.com\\\/fr\\\/#organization\",\"name\":\"Ch\u00e2teau Feely organic wine, tours, accommodation\",\"url\":\"https:\\\/\\\/chateaufeely.com\\\/fr\\\/\",\"logo\":{\"@type\":\"ImageObject\",\"inLanguage\":\"fr-FR\",\"@id\":\"https:\\\/\\\/chateaufeely.com\\\/fr\\\/#\\\/schema\\\/logo\\\/image\\\/\",\"url\":\"https:\\\/\\\/chateaufeely.com\\\/wp-content\\\/uploads\\\/2016\\\/05\\\/logo-vertical-v2-250.png\",\"contentUrl\":\"https:\\\/\\\/chateaufeely.com\\\/wp-content\\\/uploads\\\/2016\\\/05\\\/logo-vertical-v2-250.png\",\"width\":250,\"height\":312,\"caption\":\"Ch\u00e2teau Feely organic wine, tours, accommodation\"},\"image\":{\"@id\":\"https:\\\/\\\/chateaufeely.com\\\/fr\\\/#\\\/schema\\\/logo\\\/image\\\/\"},\"sameAs\":[\"https:\\\/\\\/www.facebook.com\\\/ChateauFeely\\\/\",\"https:\\\/\\\/www.instagram.com\\\/chateaufeely\\\/\"]}]}<\/script>\n<!-- \/ Yoast SEO plugin. -->","yoast_head_json":{"title":"Cours de vinification 101 sur le vignoble biologique","description":"Winemaking 101 - cours de deux heures sur la vinification dans un vignoble bio et une \u00e9cole de vin entre Bergerac et Bordeaux.","robots":{"index":"index","follow":"follow","max-snippet":"max-snippet:-1","max-image-preview":"max-image-preview:large","max-video-preview":"max-video-preview:-1"},"canonical":"https:\/\/chateaufeely.com\/fr\/visites\/ecole-de-vin-101-winemaking\/","og_locale":"fr_FR","og_type":"article","og_title":"Cours de vinification 101 sur le vignoble biologique","og_description":"Winemaking 101 - cours de deux heures sur la vinification dans un vignoble bio et une \u00e9cole de vin entre Bergerac et Bordeaux.","og_url":"https:\/\/chateaufeely.com\/fr\/visites\/ecole-de-vin-101-winemaking\/","og_site_name":"Ch\u00e2teau Feely organic wine, tours, accommodation","article_publisher":"https:\/\/www.facebook.com\/ChateauFeely\/","article_modified_time":"2026-03-27T14:19:36+00:00","twitter_card":"summary_large_image","twitter_misc":{"Dur\u00e9e de lecture estim\u00e9e":"4 minutes"},"schema":{"@context":"https:\/\/schema.org","@graph":[{"@type":"WebPage","@id":"https:\/\/chateaufeely.com\/fr\/visites\/ecole-de-vin-101-winemaking\/","url":"https:\/\/chateaufeely.com\/fr\/visites\/ecole-de-vin-101-winemaking\/","name":"Cours de vinification 101 sur le vignoble biologique","isPartOf":{"@id":"https:\/\/chateaufeely.com\/fr\/#website"},"datePublished":"2026-03-27T14:18:11+00:00","dateModified":"2026-03-27T14:19:36+00:00","description":"Winemaking 101 - cours de deux heures sur la vinification dans un vignoble bio et une \u00e9cole de vin entre Bergerac et Bordeaux.","breadcrumb":{"@id":"https:\/\/chateaufeely.com\/fr\/visites\/ecole-de-vin-101-winemaking\/#breadcrumb"},"inLanguage":"fr-FR","potentialAction":[{"@type":"ReadAction","target":["https:\/\/chateaufeely.com\/fr\/visites\/ecole-de-vin-101-winemaking\/"]}]},{"@type":"BreadcrumbList","@id":"https:\/\/chateaufeely.com\/fr\/visites\/ecole-de-vin-101-winemaking\/#breadcrumb","itemListElement":[{"@type":"ListItem","position":1,"name":"Accueil","item":"https:\/\/chateaufeely.com\/fr\/"},{"@type":"ListItem","position":2,"name":"Visites","item":"https:\/\/chateaufeely.com\/fr\/visits\/"},{"@type":"ListItem","position":3,"name":"\u00c9cole de vin 101 Winemaking"}]},{"@type":"WebSite","@id":"https:\/\/chateaufeely.com\/fr\/#website","url":"https:\/\/chateaufeely.com\/fr\/","name":"Ch\u00e2teau Feely organic wine, tours, accommodation","description":"Biodynamic and natural wine, tours and wine school, ecological luxury lodge","publisher":{"@id":"https:\/\/chateaufeely.com\/fr\/#organization"},"potentialAction":[{"@type":"SearchAction","target":{"@type":"EntryPoint","urlTemplate":"https:\/\/chateaufeely.com\/fr\/?s={search_term_string}"},"query-input":{"@type":"PropertyValueSpecification","valueRequired":true,"valueName":"search_term_string"}}],"inLanguage":"fr-FR"},{"@type":"Organization","@id":"https:\/\/chateaufeely.com\/fr\/#organization","name":"Ch\u00e2teau Feely organic wine, tours, accommodation","url":"https:\/\/chateaufeely.com\/fr\/","logo":{"@type":"ImageObject","inLanguage":"fr-FR","@id":"https:\/\/chateaufeely.com\/fr\/#\/schema\/logo\/image\/","url":"https:\/\/chateaufeely.com\/wp-content\/uploads\/2016\/05\/logo-vertical-v2-250.png","contentUrl":"https:\/\/chateaufeely.com\/wp-content\/uploads\/2016\/05\/logo-vertical-v2-250.png","width":250,"height":312,"caption":"Ch\u00e2teau Feely organic wine, tours, accommodation"},"image":{"@id":"https:\/\/chateaufeely.com\/fr\/#\/schema\/logo\/image\/"},"sameAs":["https:\/\/www.facebook.com\/ChateauFeely\/","https:\/\/www.instagram.com\/chateaufeely\/"]}]}},"_links":{"self":[{"href":"https:\/\/chateaufeely.com\/fr\/wp-json\/wp\/v2\/pages\/11283","targetHints":{"allow":["GET"]}}],"collection":[{"href":"https:\/\/chateaufeely.com\/fr\/wp-json\/wp\/v2\/pages"}],"about":[{"href":"https:\/\/chateaufeely.com\/fr\/wp-json\/wp\/v2\/types\/page"}],"author":[{"embeddable":true,"href":"https:\/\/chateaufeely.com\/fr\/wp-json\/wp\/v2\/users\/2"}],"replies":[{"embeddable":true,"href":"https:\/\/chateaufeely.com\/fr\/wp-json\/wp\/v2\/comments?post=11283"}],"version-history":[{"count":4,"href":"https:\/\/chateaufeely.com\/fr\/wp-json\/wp\/v2\/pages\/11283\/revisions"}],"predecessor-version":[{"id":11318,"href":"https:\/\/chateaufeely.com\/fr\/wp-json\/wp\/v2\/pages\/11283\/revisions\/11318"}],"up":[{"embeddable":true,"href":"https:\/\/chateaufeely.com\/fr\/wp-json\/wp\/v2\/pages\/251"}],"wp:attachment":[{"href":"https:\/\/chateaufeely.com\/fr\/wp-json\/wp\/v2\/media?parent=11283"}],"curies":[{"name":"wp","href":"https:\/\/api.w.org\/{rel}","templated":true}]}}