{"id":11288,"date":"2026-03-27T15:18:13","date_gmt":"2026-03-27T14:18:13","guid":{"rendered":"https:\/\/chateaufeely.com\/visites\/liste-des-circuits-et-experiences-de-vin\/"},"modified":"2026-03-27T15:19:48","modified_gmt":"2026-03-27T14:19:48","slug":"liste-des-circuits-et-experiences-de-vin","status":"publish","type":"page","link":"https:\/\/chateaufeely.com\/fr\/visites\/liste-des-circuits-et-experiences-de-vin\/","title":{"rendered":"Liste des circuits et exp\u00e9riences de vin"},"content":{"rendered":"[vc_row][vc_column][mk_icon_box icon=\u00a0\u00bbmk-icon-leaf\u00a0\u00bb title=\u00a0\u00bbVisites et exp\u00e9riences de Feely : Options en un coup d\u2019\u0153il\u00a0\u00bb text_size=\u00a0\u00bb30&Prime; style=\u00a0\u00bbsimple_ultimate\u00a0\u00bb icon_size=\u00a0\u00bblarge\u00a0\u00bb icon_location=\u00a0\u00bbtop\u00a0\u00bb icon_color=\u00a0\u00bb#e0b957&Prime; title_color=\u00a0\u00bb#000000&Prime; txt_color=\u00a0\u00bb#5e5e5e\u00a0\u00bb margin=\u00a0\u00bb0&Prime;]\n<p style=\"text-align: center;\"><span style=\"color: #000000;\"><strong>Liste des visites, cours et exp\u00e9riences avec le Ch\u00e2teau Feely prim\u00e9<\/strong><\/span><\/p>\n[\/mk_icon_box][\/vc_column][\/vc_row][vc_row][vc_column width=\u00a0\u00bb1\/2&Prime;][mk_image_slideshow images=\u00a0\u00bb9060&Prime; image_width=\u00a0\u00bb1000&Prime; image_height=\u00a0\u00bb667&Prime; animation_speed=\u00a0\u00bb3000&Prime; slideshow_speed=\u00a0\u00bb20000&Prime;][vc_separator color=\u00a0\u00bbchino\u00a0\u00bb border_width=\u00a0\u00bb5&Prime;][mk_image_slideshow images=\u00a0\u00bb9099&Prime; image_width=\u00a0\u00bb1000&Prime; image_height=\u00a0\u00bb667&Prime; animation_speed=\u00a0\u00bb3000&Prime; slideshow_speed=\u00a0\u00bb20000&Prime;][\/vc_column][vc_column width=\u00a0\u00bb1\/2&Prime; css=\u00a0\u00bb.vc_custom_1464158896445{padding-left: 15px !important;}\u00a0\u00bb][vc_separator color=\u00a0\u00bbchino\u00a0\u00bb border_width=\u00a0\u00bb5&Prime;][vc_text_separator title=\u00a0\u00bbVisites et exp\u00e9riences de vin au Ch\u00e2teau Feely\u00a0\u00bb][vc_separator color=\u00a0\u00bbchino\u00a0\u00bb border_width=\u00a0\u00bb5&Prime;][vc_column_text css=\u00a0\u00bb.vc_custom_1768407937446{margin-bottom: 0px !important;}\u00a0\u00bb]<span style=\"color: #000000;\">Veuillez cliquer sur le texte en gras pour voir tous les d\u00e9tails de la visite ou de l\u2019exp\u00e9rience du vin. Prix incluant les frais de r\u00e9servation en ligne (arrondi \u00e0 l\u2019euro le plus proche) &#8211; r\u00e9servez instantan\u00e9ment en ligne.<\/span><\/p>\n<p><a href=\"https:\/\/chateaufeely.com\/fr\/visites\/visite-et-degustation-de-vins-biologiques\/\"><strong>La visite d\u2019essai<\/strong><\/a> <span style=\"color: #000000;\">&#8211; du lundi au samedi \u00e0 16h &#8211; 1 heure &#8211; 21 \u20ac par adulte<\/span><\/p>\n<p><span style=\"color: #000000;\"><a href=\"https:\/\/chateaufeely.com\/fr\/visites\/visite-degustation-decouverte\/\"><strong>D\u00e9couverte du Wine Tour<\/strong><\/a> &#8211; du lundi au samedi 10h30 &#8211; 2 heures &#8211; 32 \u20ac par adulte<\/span><\/p>\n<p><span style=\"color: #000000;\"><a href=\"https:\/\/chateaufeely.com\/fr\/visites\/demi-journee-de-visite-du-vin-avec-dejeuner\/\"><strong>D\u00e9couverte du Wine Tour avec d\u00e9jeuner d\u2019accord<\/strong><\/a> \u2013 du lundi au vendredi 10h30 &#8211; 3 heures &#8211; 73 \u20ac par adulte<\/span><\/p>\n<p><span style=\"color: #000000;\">Voyage d\u2019aventure <a href=\"https:\/\/chateaufeely.com\/fr\/visites\/visite-complete-de-vins-bio-avec-dejeuner\/\"><strong>vinicole <\/strong><\/a>incluant un d\u00e9jeuner d\u2019accord et vinification 101 &#8211; du lundi au vendredi 10h30 &#8211; 5 heures &#8211; 132 \u20ac par adulte<\/span><\/p>\n<p><span style=\"color: #000000;\"><a href=\"https:\/\/chateaufeely.com\/fr\/visites\/journee-complete-de-visite-de-vignerons-play\/\"><strong>Jouez \u00e0 Winemaker for a Day<\/strong> <\/a>&#8211; cr\u00e9ez votre assemblage unique &#8211; du lundi au vendredi 10h30 &#8211; 5 heures &#8211; 190 \u20ac par adulte<\/span><\/p>\n<p><span style=\"color: #000000;\"><a href=\"https:\/\/chateaufeely.com\/fr\/visites\/ecole-de-vin-101-winemaking\/\"><strong>Winemaking 101<\/strong><\/a> &#8211; une plong\u00e9e approfondie dans la vinification &#8211; du lundi au vendredi 13h30 &#8211; 2 heures &#8211; 63 \u20ac par adulte<\/span><\/p>\n<p><span style=\"color: #000000;\"><a href=\"https:\/\/chateaufeely.com\/fr\/visites\/classe-des-regions-vinocoles-de-france\/\"><strong>\u00c9cole de vin d\u2019une journ\u00e9e R\u00e9gions viticoles de France<\/strong><\/a> avec vigneron et \u00e9ducateur accr\u00e9dit\u00e9 en vin &#8211; du lundi au vendredi 10h30 &#8211; 5 heures &#8211; 263 \u20ac par adulte<\/span>[\/vc_column_text][vc_btn title=\u00a0\u00bbR\u00e9server\u00a0\u00bb color=\u00a0\u00bbgreen\u00a0\u00bb align=\u00a0\u00bbcenter\u00a0\u00bb link=\u00a0\u00bburl:https%3A%2F%2Ffareharbor.com%2Fembeds%2Fbook%2Fchateaufeely%2F%3Ffull-items%3Dyes%26flow%3D1150678|title:Contact|\u00a0\u00bb][\/vc_column][\/vc_row][vc_row][vc_column][vc_column_text css=\u00a0\u00bb.vc_custom_1583591993324{margin-bottom: 0px !important;}\u00a0\u00bb][\/vc_column_text][mk_blockquote font_family=\u00a0\u00bbnone\u00a0\u00bb]\n<p style=\"text-align: center;\"><strong><span style=\"color: #000000;\"><em>\u00ab Visite incroyable. Cela changera compl\u00e8tement votre fa\u00e7on de voir le vin. \u00bb\u00a0 T. Morris<\/em><\/span><\/strong><\/p>\n[\/mk_blockquote][\/vc_column][\/vc_row][vc_row][vc_column width=\u00a0\u00bb1\/2&Prime;][mk_image_slideshow images=\u00a0\u00bb9185&Prime; image_width=\u00a0\u00bb1000&Prime; image_height=\u00a0\u00bb667&Prime; animation_speed=\u00a0\u00bb3000&Prime; slideshow_speed=\u00a0\u00bb20000&Prime;][vc_separator color=\u00a0\u00bbchino\u00a0\u00bb border_width=\u00a0\u00bb5&Prime;][mk_image_slideshow images=\u00a0\u00bb9205&Prime; image_width=\u00a0\u00bb1000&Prime; image_height=\u00a0\u00bb667&Prime; animation_speed=\u00a0\u00bb3000&Prime; slideshow_speed=\u00a0\u00bb20000&Prime;][\/vc_column][vc_column width=\u00a0\u00bb1\/2&Prime; css=\u00a0\u00bb.vc_custom_1464158896445{padding-left: 15px !important;}\u00a0\u00bb][vc_separator color=\u00a0\u00bbchino\u00a0\u00bb border_width=\u00a0\u00bb5&Prime;][vc_text_separator title=\u00a0\u00bbExp\u00e9riences de yoga au Ch\u00e2teau Feely\u00a0\u00bb][vc_separator color=\u00a0\u00bbchino\u00a0\u00bb border_width=\u00a0\u00bb5&Prime;][vc_column_text css=\u00a0\u00bb.vc_custom_1765614268378{margin-bottom: 0px !important;}\u00a0\u00bb]<span style=\"color: #000000;\"><a href=\"https:\/\/chateaufeely.com\/fr\/yoga\/le-yoga-dans-la-nature\/\"><strong>Yoga en nature pour d\u00e9butants<\/strong> <\/a>&#8211; mardis et vendredis 8h30 1 heure 10 minutes 21 \u20ac par adulte<\/span><\/p>\n<p><span style=\"color: #000000;\"><a href=\"https:\/\/chateaufeely.com\/fr\/yoga\/yoga-dans-les-vignes\/\"><strong>Yoga dans The Vines<\/strong><\/a> &#8211; Jeudis 10h30 2 heures 37 \u20ac par adulte<\/span><\/p>\n<p><span style=\"color: #000000;\"><a href=\"https:\/\/chateaufeely.com\/fr\/yoga\/retraite-de-yoga-dune-journee\/\"><strong>Retraite de yoga d\u2019une journ\u00e9e<\/strong><\/a> &#8211; lundi, jeudi ou vendredi 10h30 5,5 heures 169 \u20ac par adulte<\/span><\/p>\n<p>D\u00e9couvrez nos retraites de yoga de plusieurs jours sous l\u2019onglet yoga &#8211; <strong><a href=\"https:\/\/chateaufeely.com\/fr\/yoga\/retraite-de-yoga-de-deux-jours\/\">retraite de yoga de deux jours <\/a><\/strong>ainsi qu\u2019une <a href=\"https:\/\/chateaufeely.com\/fr\/yoga\/retraite-de-yoga-et-decriture\/\"><strong>retraite de yoga et d\u2019\u00e9criture<\/strong><\/a>[\/vc_column_text][vc_btn title=\u00a0\u00bbR\u00e9server\u00a0\u00bb color=\u00a0\u00bbgreen\u00a0\u00bb align=\u00a0\u00bbcenter\u00a0\u00bb link=\u00a0\u00bburl:https%3A%2F%2Ffareharbor.com%2Fembeds%2Fbook%2Fchateaufeely%2F%3Ffull-items%3Dyes%26flow%3D1144540|title:Contact|\u00a0\u00bb][vc_separator color=\u00a0\u00bbchino\u00a0\u00bb border_width=\u00a0\u00bb5&Prime;][vc_text_separator title=\u00a0\u00bbExcursions Onocoles Au-del\u00e0 du Ch\u00e2teau Feely\u00a0\u00bb][vc_separator color=\u00a0\u00bbchino\u00a0\u00bb border_width=\u00a0\u00bb5&Prime;][vc_column_text css=\u00a0\u00bb.vc_custom_1773840753637{margin-bottom: 0px !important;}\u00a0\u00bb]Les visites ci-dessous vous m\u00e8neront sur notre site partenaire <a href=\"https:\/\/www.frenchwineadventures.com\/\" target=\"_blank\" rel=\"noopener\"><strong>French Wine Adventures<\/strong><\/a><\/p>\n<p><span style=\"color: #000000;\"><a href=\"https:\/\/www.frenchwineadventures.com\/day-tours\/#Vineyard-Walking-Wine-tour\" target=\"_blank\" rel=\"noopener\"><strong>Visite \u00e0 pied d\u2019une journ\u00e9e du vignoble avec restaurant d\u00e9contract\u00e9 <\/strong><\/a>\u20ac199 pps <\/span><\/p>\n<p><span style=\"color: #000000;\"><a href=\"https:\/\/www.frenchwineadventures.com\/day-tours\/#St-Emilion-Wine-tour\" target=\"_blank\" rel=\"noopener\"><strong>St Emilion Grand Cru Wine Tour<\/strong><\/a> \u20ac313 pps avec un vigneron et \u00e9ducateur accr\u00e9dit\u00e9 en vin<\/span><\/p>\n<p><span style=\"color: #000000;\">Visite guastronomique <a href=\"https:\/\/www.frenchwineadventures.com\/day-tours\/#Vineyard-Walking-Wine-Tour-with-Michelin-tour\" target=\"_blank\" rel=\"noopener\"><strong>des vignobles<\/strong><\/a> \u20ac349 pps Visite \u00e0 pied de Monbazillac avec d\u00e9jeuner restaurant \u00e9toil\u00e9 Michelin<\/span><\/p>\n<p>Ces visites peuvent \u00eatre combin\u00e9es avec des <strong><a href=\"https:\/\/chateaufeely.com\/fr\/visites\/excursions-de-plusieurs-jours-pour-les-vins\/\">h\u00e9bergements pour des excursions de plusieurs jours sur les vignobles<\/a><\/strong> et des <strong><a href=\"https:\/\/chateaufeely.com\/fr\/visites\/excursions-a-pied-de-plusieurs-jours\/\">visites \u00e0 pied des vignobles<\/a><\/strong>.[\/vc_column_text][vc_btn title=\u00a0\u00bbR\u00e9server\u00a0\u00bb color=\u00a0\u00bbgreen\u00a0\u00bb align=\u00a0\u00bbcenter\u00a0\u00bb link=\u00a0\u00bburl:https%3A%2F%2Ffareharbor.com%2Fembeds%2Fbook%2Fchateaufeely%2F%3Ffull-items%3Dyes%26flow%3D1150689|title:Contact|\u00a0\u00bb][\/vc_column][\/vc_row][vc_row][vc_column][vc_btn title=\u00a0\u00bbD\u00e9couvrez Feely Wines\u00a0\u00bb color=\u00a0\u00bbgreen\u00a0\u00bb align=\u00a0\u00bbcenter\u00a0\u00bb link=\u00a0\u00bburl:https%3A%2F%2Fchateaufeely.com%2Ffr%2Fnotre-boutique%2Fvins%2F|title:D%C3%A9couvrez%20Feely%20Wines|\u00a0\u00bb][vc_column_text css=\u00a0\u00bb.vc_custom_1710498534640{margin-bottom: 0px !important;}\u00a0\u00bb]<span style=\"color: #000000;\">Pour toutes nos visites, veuillez porter des chaussures adapt\u00e9es \u00e0 la promenade dehors, car nous passons une partie du temps dans le vignoble.<\/span><\/p>\n<p><span style=\"color: #000000;\">Toutes nos activit\u00e9s se d\u00e9roulent au vignoble biologique Feely, dans le sud-ouest de la France, \u00e0 1h30 de la ville de Bordeaux, 10 minutes de Saint-Foy La Grande, 15 minutes de Bergerac. Pour acc\u00e9der \u00e0 la zone, voir <a style=\"color: #000000;\" href=\"https:\/\/chateaufeely.com\/fr\/contact\/\">la page contact<\/a>. D\u00e9couvrez notre magnifique salle de d\u00e9gustation \u00e9cologique faite de mat\u00e9riaux naturels tels que bois, pierre, craie et chanvre.<\/span>[\/vc_column_text][vc_btn title=\u00a0\u00bbFAQ\u00a0\u00bb color=\u00a0\u00bbgreen\u00a0\u00bb align=\u00a0\u00bbcenter\u00a0\u00bb link=\u00a0\u00bburl:https%3A%2F%2Fchateaufeely.com%2Ffr%2F%3Fpage_id%3D9219|title:Contact|\u00a0\u00bb][vc_column_text css=\u00a0\u00bb.vc_custom_1710498727324{margin-bottom: 0px !important;}\u00a0\u00bb]<span style=\"color: #000000;\">Le Ch\u00e2teau F\u00e9ely a remport\u00e9 le <a style=\"color: #000000;\" href=\"https:\/\/chateaufeely.com\/gold-trophy-for-chateau-feely-and-video\/\"><strong>Troph\u00e9e d\u2019Or pour toute la France dans la cat\u00e9gorie \u00e9ducation et valorisation des pratiques \u00e9cologiques lors du premier Concours fran\u00e7ais de Tourisme Viticologique<\/strong><\/a> et a re\u00e7u le certificat d\u2019excellence Tripadvisor depuis plus d\u2019une d\u00e9cennie. Vous pouvez aussi vivre une <strong><a style=\"color: #000000;\" href=\"https:\/\/chateaufeely.com\/fr\/visites\/demi-journee-de-visite-du-vin-avec-dejeuner\/\">excursion viticole d\u2019une demi-journ\u00e9e<\/a><\/strong>, <a style=\"color: #000000;\" href=\"https:\/\/chateaufeely.com\/visites\/day-tours\/\">une journ\u00e9e compl\u00e8te<\/a> et des exp\u00e9riences gastronomiques de plusieurs jours avec nous \u2013 voir <strong><a style=\"color: #000000;\" href=\"http:\/\/chateaufeely.com\/visites\/wine-tours\/\">des excursions de plusieurs jours<\/a>.<\/strong><\/span><\/p>\n<p><span style=\"color: #000000;\">Les visites de Chateau Feely sont class\u00e9es #1 sur Tripadvisor. Vous vous demandez qui est class\u00e9 num\u00e9ro deux ? Notre \u00e9cole de vin, <a style=\"color: #000000;\" href=\"http:\/\/www.frenchwineadventures.com\" target=\"_blank\" rel=\"noopener noreferrer\"><b>French Wine Adventures, \u00e9cole de vin et des excursions de plusieurs jours \u00e0 Bordeaux et Bergerac<\/b><\/a>.\u00a0<\/span><span style=\"color: #000000;\">N\u2019h\u00e9sitez pas \u00e0 consulter les avis sur Tripadvisor et \u00e0 laisser vos commentaires !<\/span>[\/vc_column_text][vc_btn title=\u00a0\u00bbR\u00e9server\u00a0\u00bb color=\u00a0\u00bbgreen\u00a0\u00bb align=\u00a0\u00bbcenter\u00a0\u00bb link=\u00a0\u00bburl:https%3A%2F%2Ffareharbor.com%2Fembeds%2Fbook%2Fchateaufeely%2F%3Ffull-items%3Dyes%26flow%3D1144180|title:Contact|\u00a0\u00bb][\/vc_column][\/vc_row][vc_row][vc_column][\/vc_column][\/vc_row]\n","protected":false},"excerpt":{"rendered":"<p>[vc_row][vc_column][mk_icon_box icon=\u00a0\u00bbmk-icon-leaf\u00a0\u00bb title=\u00a0\u00bbVisites et exp\u00e9riences de Feely : Options en un coup d\u2019\u0153il\u00a0\u00bb text_size=\u00a0\u00bb30&Prime; style=\u00a0\u00bbsimple_ultimate\u00a0\u00bb icon_size=\u00a0\u00bblarge\u00a0\u00bb icon_location=\u00a0\u00bbtop\u00a0\u00bb icon_color=\u00a0\u00bb#e0b957&Prime; title_color=\u00a0\u00bb#000000&Prime; txt_color=\u00a0\u00bb#5e5e5e\u00a0\u00bb margin=\u00a0\u00bb0&Prime;] Liste des visites, cours et exp\u00e9riences avec le Ch\u00e2teau Feely prim\u00e9 [\/mk_icon_box][\/vc_column][\/vc_row][vc_row][vc_column width=\u00a0\u00bb1\/2&Prime;][mk_image_slideshow images=\u00a0\u00bb9060&Prime; image_width=\u00a0\u00bb1000&Prime; image_height=\u00a0\u00bb667&Prime; animation_speed=\u00a0\u00bb3000&Prime; slideshow_speed=\u00a0\u00bb20000&Prime;][vc_separator color=\u00a0\u00bbchino\u00a0\u00bb border_width=\u00a0\u00bb5&Prime;][mk_image_slideshow images=\u00a0\u00bb9099&Prime; image_width=\u00a0\u00bb1000&Prime; image_height=\u00a0\u00bb667&Prime; animation_speed=\u00a0\u00bb3000&Prime; slideshow_speed=\u00a0\u00bb20000&Prime;][\/vc_column][vc_column width=\u00a0\u00bb1\/2&Prime; css=\u00a0\u00bb.vc_custom_1464158896445{padding-left: 15px !important;}\u00a0\u00bb][vc_separator color=\u00a0\u00bbchino\u00a0\u00bb border_width=\u00a0\u00bb5&Prime;][vc_text_separator title=\u00a0\u00bbVisites et exp\u00e9riences [&hellip;]<\/p>\n","protected":false},"author":2,"featured_media":0,"parent":251,"menu_order":0,"comment_status":"closed","ping_status":"closed","template":"","meta":{"footnotes":""},"class_list":["post-11288","page","type-page","status-publish","hentry"],"yoast_head":"<!-- This site is optimized with the Yoast SEO plugin v27.3 - https:\/\/yoast.com\/product\/yoast-seo-wordpress\/ -->\n<title>Liste des exp\u00e9riences de vin biologique sur Chateau Feely, r\u00e9servation en ligne<\/title>\n<meta name=\"description\" content=\"Excursions de vin biologique, cours et exp\u00e9riences au Ch\u00e2teau F\u00e9ely pr\u00e8s de Bergerac, \u00e0 mi-chemin entre Bordeaux et Sarlat - r\u00e9servation instantan\u00e9e en ligne\" \/>\n<meta name=\"robots\" content=\"index, follow, max-snippet:-1, max-image-preview:large, max-video-preview:-1\" \/>\n<link rel=\"canonical\" href=\"https:\/\/chateaufeely.com\/fr\/visites\/liste-des-circuits-et-experiences-de-vin\/\" \/>\n<meta property=\"og:locale\" content=\"fr_FR\" \/>\n<meta property=\"og:type\" content=\"article\" \/>\n<meta property=\"og:title\" content=\"Liste des exp\u00e9riences de vin biologique sur Chateau Feely, r\u00e9servation en ligne\" \/>\n<meta property=\"og:description\" content=\"Excursions de vin biologique, cours et exp\u00e9riences au Ch\u00e2teau F\u00e9ely pr\u00e8s de Bergerac, \u00e0 mi-chemin entre Bordeaux et Sarlat - r\u00e9servation instantan\u00e9e en ligne\" \/>\n<meta property=\"og:url\" content=\"https:\/\/chateaufeely.com\/fr\/visites\/liste-des-circuits-et-experiences-de-vin\/\" \/>\n<meta property=\"og:site_name\" content=\"Ch\u00e2teau Feely organic wine, tours, accommodation\" \/>\n<meta property=\"article:publisher\" content=\"https:\/\/www.facebook.com\/ChateauFeely\/\" \/>\n<meta property=\"article:modified_time\" content=\"2026-03-27T14:19:48+00:00\" \/>\n<meta name=\"twitter:card\" content=\"summary_large_image\" \/>\n<meta name=\"twitter:label1\" content=\"Dur\u00e9e de lecture estim\u00e9e\" \/>\n\t<meta name=\"twitter:data1\" content=\"5 minutes\" \/>\n<script type=\"application\/ld+json\" class=\"yoast-schema-graph\">{\"@context\":\"https:\\\/\\\/schema.org\",\"@graph\":[{\"@type\":\"WebPage\",\"@id\":\"https:\\\/\\\/chateaufeely.com\\\/fr\\\/visites\\\/liste-des-circuits-et-experiences-de-vin\\\/\",\"url\":\"https:\\\/\\\/chateaufeely.com\\\/fr\\\/visites\\\/liste-des-circuits-et-experiences-de-vin\\\/\",\"name\":\"Liste des exp\u00e9riences de vin biologique sur Chateau Feely, r\u00e9servation en ligne\",\"isPartOf\":{\"@id\":\"https:\\\/\\\/chateaufeely.com\\\/fr\\\/#website\"},\"datePublished\":\"2026-03-27T14:18:13+00:00\",\"dateModified\":\"2026-03-27T14:19:48+00:00\",\"description\":\"Excursions de vin biologique, cours et exp\u00e9riences au Ch\u00e2teau F\u00e9ely pr\u00e8s de Bergerac, \u00e0 mi-chemin entre Bordeaux et Sarlat - r\u00e9servation instantan\u00e9e en ligne\",\"breadcrumb\":{\"@id\":\"https:\\\/\\\/chateaufeely.com\\\/fr\\\/visites\\\/liste-des-circuits-et-experiences-de-vin\\\/#breadcrumb\"},\"inLanguage\":\"fr-FR\",\"potentialAction\":[{\"@type\":\"ReadAction\",\"target\":[\"https:\\\/\\\/chateaufeely.com\\\/fr\\\/visites\\\/liste-des-circuits-et-experiences-de-vin\\\/\"]}]},{\"@type\":\"BreadcrumbList\",\"@id\":\"https:\\\/\\\/chateaufeely.com\\\/fr\\\/visites\\\/liste-des-circuits-et-experiences-de-vin\\\/#breadcrumb\",\"itemListElement\":[{\"@type\":\"ListItem\",\"position\":1,\"name\":\"Accueil\",\"item\":\"https:\\\/\\\/chateaufeely.com\\\/fr\\\/\"},{\"@type\":\"ListItem\",\"position\":2,\"name\":\"Visites\",\"item\":\"https:\\\/\\\/chateaufeely.com\\\/fr\\\/visits\\\/\"},{\"@type\":\"ListItem\",\"position\":3,\"name\":\"Liste des circuits et exp\u00e9riences de vin\"}]},{\"@type\":\"WebSite\",\"@id\":\"https:\\\/\\\/chateaufeely.com\\\/fr\\\/#website\",\"url\":\"https:\\\/\\\/chateaufeely.com\\\/fr\\\/\",\"name\":\"Ch\u00e2teau Feely organic wine, tours, accommodation\",\"description\":\"Biodynamic and natural wine, tours and wine school, ecological luxury lodge\",\"publisher\":{\"@id\":\"https:\\\/\\\/chateaufeely.com\\\/fr\\\/#organization\"},\"potentialAction\":[{\"@type\":\"SearchAction\",\"target\":{\"@type\":\"EntryPoint\",\"urlTemplate\":\"https:\\\/\\\/chateaufeely.com\\\/fr\\\/?s={search_term_string}\"},\"query-input\":{\"@type\":\"PropertyValueSpecification\",\"valueRequired\":true,\"valueName\":\"search_term_string\"}}],\"inLanguage\":\"fr-FR\"},{\"@type\":\"Organization\",\"@id\":\"https:\\\/\\\/chateaufeely.com\\\/fr\\\/#organization\",\"name\":\"Ch\u00e2teau Feely organic wine, tours, accommodation\",\"url\":\"https:\\\/\\\/chateaufeely.com\\\/fr\\\/\",\"logo\":{\"@type\":\"ImageObject\",\"inLanguage\":\"fr-FR\",\"@id\":\"https:\\\/\\\/chateaufeely.com\\\/fr\\\/#\\\/schema\\\/logo\\\/image\\\/\",\"url\":\"https:\\\/\\\/chateaufeely.com\\\/wp-content\\\/uploads\\\/2016\\\/05\\\/logo-vertical-v2-250.png\",\"contentUrl\":\"https:\\\/\\\/chateaufeely.com\\\/wp-content\\\/uploads\\\/2016\\\/05\\\/logo-vertical-v2-250.png\",\"width\":250,\"height\":312,\"caption\":\"Ch\u00e2teau Feely organic wine, tours, accommodation\"},\"image\":{\"@id\":\"https:\\\/\\\/chateaufeely.com\\\/fr\\\/#\\\/schema\\\/logo\\\/image\\\/\"},\"sameAs\":[\"https:\\\/\\\/www.facebook.com\\\/ChateauFeely\\\/\",\"https:\\\/\\\/www.instagram.com\\\/chateaufeely\\\/\"]}]}<\/script>\n<!-- \/ Yoast SEO plugin. -->","yoast_head_json":{"title":"Liste des exp\u00e9riences de vin biologique sur Chateau Feely, r\u00e9servation en ligne","description":"Excursions de vin biologique, cours et exp\u00e9riences au Ch\u00e2teau F\u00e9ely pr\u00e8s de Bergerac, \u00e0 mi-chemin entre Bordeaux et Sarlat - r\u00e9servation instantan\u00e9e en ligne","robots":{"index":"index","follow":"follow","max-snippet":"max-snippet:-1","max-image-preview":"max-image-preview:large","max-video-preview":"max-video-preview:-1"},"canonical":"https:\/\/chateaufeely.com\/fr\/visites\/liste-des-circuits-et-experiences-de-vin\/","og_locale":"fr_FR","og_type":"article","og_title":"Liste des exp\u00e9riences de vin biologique sur Chateau Feely, r\u00e9servation en ligne","og_description":"Excursions de vin biologique, cours et exp\u00e9riences au Ch\u00e2teau F\u00e9ely pr\u00e8s de Bergerac, \u00e0 mi-chemin entre Bordeaux et Sarlat - r\u00e9servation instantan\u00e9e en ligne","og_url":"https:\/\/chateaufeely.com\/fr\/visites\/liste-des-circuits-et-experiences-de-vin\/","og_site_name":"Ch\u00e2teau Feely organic wine, tours, accommodation","article_publisher":"https:\/\/www.facebook.com\/ChateauFeely\/","article_modified_time":"2026-03-27T14:19:48+00:00","twitter_card":"summary_large_image","twitter_misc":{"Dur\u00e9e de lecture estim\u00e9e":"5 minutes"},"schema":{"@context":"https:\/\/schema.org","@graph":[{"@type":"WebPage","@id":"https:\/\/chateaufeely.com\/fr\/visites\/liste-des-circuits-et-experiences-de-vin\/","url":"https:\/\/chateaufeely.com\/fr\/visites\/liste-des-circuits-et-experiences-de-vin\/","name":"Liste des exp\u00e9riences de vin biologique sur Chateau Feely, r\u00e9servation en ligne","isPartOf":{"@id":"https:\/\/chateaufeely.com\/fr\/#website"},"datePublished":"2026-03-27T14:18:13+00:00","dateModified":"2026-03-27T14:19:48+00:00","description":"Excursions de vin biologique, cours et exp\u00e9riences au Ch\u00e2teau F\u00e9ely pr\u00e8s de Bergerac, \u00e0 mi-chemin entre Bordeaux et Sarlat - r\u00e9servation instantan\u00e9e en ligne","breadcrumb":{"@id":"https:\/\/chateaufeely.com\/fr\/visites\/liste-des-circuits-et-experiences-de-vin\/#breadcrumb"},"inLanguage":"fr-FR","potentialAction":[{"@type":"ReadAction","target":["https:\/\/chateaufeely.com\/fr\/visites\/liste-des-circuits-et-experiences-de-vin\/"]}]},{"@type":"BreadcrumbList","@id":"https:\/\/chateaufeely.com\/fr\/visites\/liste-des-circuits-et-experiences-de-vin\/#breadcrumb","itemListElement":[{"@type":"ListItem","position":1,"name":"Accueil","item":"https:\/\/chateaufeely.com\/fr\/"},{"@type":"ListItem","position":2,"name":"Visites","item":"https:\/\/chateaufeely.com\/fr\/visits\/"},{"@type":"ListItem","position":3,"name":"Liste des circuits et exp\u00e9riences de vin"}]},{"@type":"WebSite","@id":"https:\/\/chateaufeely.com\/fr\/#website","url":"https:\/\/chateaufeely.com\/fr\/","name":"Ch\u00e2teau Feely organic wine, tours, accommodation","description":"Biodynamic and natural wine, tours and wine school, ecological luxury lodge","publisher":{"@id":"https:\/\/chateaufeely.com\/fr\/#organization"},"potentialAction":[{"@type":"SearchAction","target":{"@type":"EntryPoint","urlTemplate":"https:\/\/chateaufeely.com\/fr\/?s={search_term_string}"},"query-input":{"@type":"PropertyValueSpecification","valueRequired":true,"valueName":"search_term_string"}}],"inLanguage":"fr-FR"},{"@type":"Organization","@id":"https:\/\/chateaufeely.com\/fr\/#organization","name":"Ch\u00e2teau Feely organic wine, tours, accommodation","url":"https:\/\/chateaufeely.com\/fr\/","logo":{"@type":"ImageObject","inLanguage":"fr-FR","@id":"https:\/\/chateaufeely.com\/fr\/#\/schema\/logo\/image\/","url":"https:\/\/chateaufeely.com\/wp-content\/uploads\/2016\/05\/logo-vertical-v2-250.png","contentUrl":"https:\/\/chateaufeely.com\/wp-content\/uploads\/2016\/05\/logo-vertical-v2-250.png","width":250,"height":312,"caption":"Ch\u00e2teau Feely organic wine, tours, accommodation"},"image":{"@id":"https:\/\/chateaufeely.com\/fr\/#\/schema\/logo\/image\/"},"sameAs":["https:\/\/www.facebook.com\/ChateauFeely\/","https:\/\/www.instagram.com\/chateaufeely\/"]}]}},"_links":{"self":[{"href":"https:\/\/chateaufeely.com\/fr\/wp-json\/wp\/v2\/pages\/11288","targetHints":{"allow":["GET"]}}],"collection":[{"href":"https:\/\/chateaufeely.com\/fr\/wp-json\/wp\/v2\/pages"}],"about":[{"href":"https:\/\/chateaufeely.com\/fr\/wp-json\/wp\/v2\/types\/page"}],"author":[{"embeddable":true,"href":"https:\/\/chateaufeely.com\/fr\/wp-json\/wp\/v2\/users\/2"}],"replies":[{"embeddable":true,"href":"https:\/\/chateaufeely.com\/fr\/wp-json\/wp\/v2\/comments?post=11288"}],"version-history":[{"count":4,"href":"https:\/\/chateaufeely.com\/fr\/wp-json\/wp\/v2\/pages\/11288\/revisions"}],"predecessor-version":[{"id":11320,"href":"https:\/\/chateaufeely.com\/fr\/wp-json\/wp\/v2\/pages\/11288\/revisions\/11320"}],"up":[{"embeddable":true,"href":"https:\/\/chateaufeely.com\/fr\/wp-json\/wp\/v2\/pages\/251"}],"wp:attachment":[{"href":"https:\/\/chateaufeely.com\/fr\/wp-json\/wp\/v2\/media?parent=11288"}],"curies":[{"name":"wp","href":"https:\/\/api.w.org\/{rel}","templated":true}]}}