{"id":11327,"date":"2026-03-27T15:20:19","date_gmt":"2026-03-27T14:20:19","guid":{"rendered":"https:\/\/chateaufeely.com\/visites\/experience-daccord-vins-et-plats-pour-chef-etoile-michelin\/"},"modified":"2026-03-27T15:20:20","modified_gmt":"2026-03-27T14:20:20","slug":"experience-daccord-vins-et-plats-pour-chef-etoile-michelin","status":"publish","type":"page","link":"https:\/\/chateaufeely.com\/fr\/visites\/experience-daccord-vins-et-plats-pour-chef-etoile-michelin\/","title":{"rendered":"Exp\u00e9rience d\u2019accord vins et plats pour chef \u00e9toile Michelin"},"content":{"rendered":"[vc_row][vc_column][mk_icon_box icon=\u00a0\u00bbmk-icon-star\u00a0\u00bb title=\u00a0\u00bbAccord mets et vins pour chef \u00e9toile Michelin\u00a0\u00bb text_size=\u00a0\u00bb30&Prime; style=\u00a0\u00bbsimple_ultimate\u00a0\u00bb icon_size=\u00a0\u00bblarge\u00a0\u00bb icon_location=\u00a0\u00bbtop\u00a0\u00bb icon_color=\u00a0\u00bb#e0b957&Prime; title_color=\u00a0\u00bb#000000&Prime; txt_color=\u00a0\u00bb#5e5e5e\u00a0\u00bb margin=\u00a0\u00bb0&Prime;]\n<p style=\"text-align: center;\">Exp\u00e9rience gastronomique et vinoline unique au Ch\u00e2teau Feely.<\/p>\n<p>\u00a0<\/p>\n<p>\u00a0[\/mk_icon_box][\/vc_column][\/vc_row][vc_row][vc_column][vc_column_text css=\u00a0\u00bb.vc_custom_1583591661530{margin-bottom: 0px !important;}\u00a0\u00bb]\n<p style=\"text-align: center;\"><span style=\"color: #000000;\"><strong>Une exp\u00e9rience gastronomique unique en Dordogne, \u00e0 mi-chemin entre Bordeaux et Sarlat<\/strong><\/span><\/p>\n[\/vc_column_text][\/vc_column][\/vc_row][vc_row][vc_column width=\u00a0\u00bb1\/2&Prime;][mk_image_slideshow images=\u00a0\u00bb3346,4420,3338&Prime; image_width=\u00a0\u00bb1000&Prime; image_height=\u00a0\u00bb667&Prime; animation_speed=\u00a0\u00bb3000&Prime; slideshow_speed=\u00a0\u00bb20000&Prime;][\/vc_column][vc_column width=\u00a0\u00bb1\/2&Prime; css=\u00a0\u00bb.vc_custom_1464158896445{padding-left: 15px !important;}\u00a0\u00bb][vc_column_text css=\u00a0\u00bb.vc_custom_1711037229684{margin-bottom: 0px !important;}\u00a0\u00bb]<span style=\"color: #000000;\">Un accord vins et mets cr\u00e9\u00e9 par Vincent Lucas, chef \u00e9toile Michelin d&rsquo;\u00ab <em><strong>Etincelles \u00bb,<\/strong><\/em> en collaboration avec Caro Feely. L\u2019exp\u00e9rience commence par une visite du vignoble biologique Feely, suivie de la d\u00e9gustation de 4 <a style=\"color: #000000;\" href=\"https:\/\/chateaufeely.com\/notre-boutique\/vins\/\">vins Feely<\/a> et 4 accords d\u00e9gustateurs cr\u00e9\u00e9s par Vincent Lucas, avant de se terminer par des chocolats bio Bovetti et des vins Feely.<\/span><\/p>\n<p><span style=\"color: #000000;\"><strong>Disponible de mai \u00e0 septembre. <\/strong>Si vous souhaitez r\u00e9server une exp\u00e9rience d\u2019association unique en dehors de la haute saison, pensez <strong><a href=\"https:\/\/chateaufeely.com\/fr\/visites\/demi-journee-de-visite-du-vin-avec-dejeuner\/\">\u00e0 une demi-journ\u00e9e avec d\u00e9jeuner, disponible toute l\u2019ann\u00e9e<\/a> <\/strong>et incluant une visite plus <strong>approfondie.<\/strong><\/span><\/p>\n<p><span style=\"color: #000000;\"><strong>Prix :<\/strong> 50 euros par personne<\/span><\/p>\n<p><span style=\"color: #000000;\"><strong>Synchronisation :<\/strong> Du lundi au samedi de 17h30 \u00e0 19h (plus t\u00f4t aussi possible sur demande et selon la disponibilit\u00e9), r\u00e9servation au moins 24 heures \u00e0 l\u2019avance.<\/span><\/p>\n<p><span style=\"color: #000000;\">Chateau Feely peut s\u2019adresser aux v\u00e9g\u00e9tariens, v\u00e9ganes et aux personnes ayant des intol\u00e9rances alimentaires ou des allergies. <\/span><span style=\"color: #000000;\"><strong>La r\u00e9servation minimale est de 2 personnes. <\/strong><\/span>[\/vc_column_text][vc_btn title=\u00a0\u00bbR\u00e9server\u00a0\u00bb color=\u00a0\u00bbgreen\u00a0\u00bb align=\u00a0\u00bbcenter\u00a0\u00bb link=\u00a0\u00bburl:https%3A%2F%2Ffareharbor.com%2Fembeds%2Fbook%2Fchateaufeely%2Fitems%2F532563%2F%3Ffull-items%3Dyes%26flow%3D1144180|title:Contact|\u00a0\u00bb][\/vc_column][\/vc_row][vc_row][vc_column][vc_column_text css=\u00a0\u00bb.vc_custom_1583591993324{margin-bottom: 0px !important;}\u00a0\u00bb][\/vc_column_text][\/vc_column][\/vc_row][vc_row][vc_column width=\u00a0\u00bb1\/2&Prime;][vc_column_text css=\u00a0\u00bb.vc_custom_1683273645004{margin-bottom: 0px !important;}\u00a0\u00bb]\n<p style=\"text-align: center;\"><span style=\"color: #000000;\"><strong>EXEMPLES D\u2019ACCORDS METS ET VINS (changements selon la saison et la disponibilit\u00e9)<\/strong><\/span><\/p>\n<p><span style=\"color: #000000;\">\u2022 <a style=\"color: #000000;\" href=\"https:\/\/chateaufeely.com\/fr\/produit\/sincerite-2015\/\" target=\"_blank\" rel=\"noopener noreferrer\"><strong><em>Feely Sincerit\u00e9<\/em><\/strong><\/a>, un sauvignon blanc pur et piquant cultiv\u00e9 sur du calcaire avec des saveurs et une min\u00e9ralit\u00e9 d\u2019agrumes frais, est associ\u00e9 \u00e0 des pois, du citron, du fenouil, du chou-fleur cr\u00e9meux et des amandes grill\u00e9es.<\/span><br \/>\n<span style=\"color: #000000;\">\u2022 <a style=\"color: #000000;\" href=\"https:\/\/chateaufeely.com\/product\/generosite-2014\/\" target=\"_blank\" rel=\"noopener noreferrer\"><em><strong>Feely G\u00e9n\u00e9rosit\u00e9<\/strong><\/em><\/a>, un s\u00e9millon vieilli en f\u00fbt sec avec des notes de vanille, tarte aux pommes et compote d\u2019abricot, est accompagn\u00e9 d\u2019un riz au lait sal\u00e9 infus\u00e9 de radis, de pousses de betteraves et de sarrasin grill\u00e9.<\/span><br \/>\n<span style=\"color: #000000;\">\u2022 <a style=\"color: #000000;\" href=\"https:\/\/chateaufeely.com\/fr\/produit\/la-source-2020\/\" target=\"_blank\" rel=\"noopener noreferrer\"><em><strong>Feely La Source<\/strong><\/em><\/a>, un m\u00e9lange Merlot Cab Sauv vieilli en ch\u00eane avec une touche de fum\u00e9e et de min\u00e9ralit\u00e9 de silex et de calcaire, est accompagn\u00e9 d\u2019un biscuit quinoa moelleux (g\u00e2teau sal\u00e9) aux poireaux, olives noires et persil, servi avec du canard fum\u00e9 local (ou avec une tapenade d\u2019olives pour les v\u00e9g\u00e9tariens).<\/span><br \/>\n<span style=\"color: #000000;\">\u2022 <a style=\"color: #000000;\" href=\"https:\/\/chateaufeely.com\/fr\/produit\/grace\/\" target=\"_blank\" rel=\"noopener noreferrer\"><em><strong>Feely Gr\u00e2ce<\/strong><\/em><\/a>, un cabernet sauvignon en merlot affin\u00e9 100 % en f\u00fbt avec une tarte de sabl\u00e9s avec pur\u00e9e de courgette et pruneaux, \u00e9pices sucr\u00e9es et cro\u00fbte de cacao en cro\u00fbte de noix de coco.<\/span>[\/vc_column_text][\/vc_column][vc_column width=\u00a0\u00bb1\/2&Prime; css=\u00a0\u00bb.vc_custom_1464158896445{padding-left: 15px !important;}\u00a0\u00bb][vc_column_text css=\u00a0\u00bb.vc_custom_1583592288817{margin-bottom: 0px !important;}\u00a0\u00bb]&nbsp;[\/vc_column_text][mk_image_slideshow images=\u00a0\u00bb3348,3342,2222&Prime; image_width=\u00a0\u00bb1000&Prime; image_height=\u00a0\u00bb667&Prime; animation_speed=\u00a0\u00bb3000&Prime; slideshow_speed=\u00a0\u00bb20000&Prime;][\/vc_column][\/vc_row][vc_row][vc_column][vc_column_text css=\u00a0\u00bb.vc_custom_1583592119674{margin-bottom: 0px !important;}\u00a0\u00bb]<span style=\"color: #000000;\">Les invit\u00e9s poursuivent l\u2019aventure d\u2019accord avec 3 chocolats bio Bovetti \u00e9galement produits dans le P\u00e9rigord et 3 vins Feely, suivis d\u2019une finale de caf\u00e9 ou th\u00e9 bio ou de menthe fra\u00eeche du potager Feely.<\/span><\/p>\n<p><span style=\"color: #000000;\">Chateau Feely a remport\u00e9 le <a style=\"color: #000000;\" href=\"https:\/\/chateaufeely.com\/gold-trophy-for-chateau-feely-and-video\/\">Troph\u00e9e d\u2019Or pour l\u2019\u00e9ducation et la valorisation des pratiques \u00e9cologiques lors du premier Concours Fran\u00e7ais de Tourisme Viticologique en 2019<\/a> et a re\u00e7u le certificat d\u2019excellence Tripadvisor depuis plus de 5 ans. Vous pouvez aussi vivre une <a style=\"color: #000000;\" href=\"https:\/\/chateaufeely.com\/visites\/demie-journee\/\">excursion viticole d\u2019une demi-journ\u00e9e<\/a>, <a style=\"color: #000000;\" href=\"https:\/\/chateaufeely.com\/visites\/day-tours\/\">une journ\u00e9e compl\u00e8te<\/a> et des exp\u00e9riences gastronomiques de plusieurs jours avec nous \u2013 voir <a style=\"color: #000000;\" href=\"http:\/\/chateaufeely.com\/visites\/wine-tours\/\">des excursions de plusieurs jours<\/a>.<\/span>[\/vc_column_text][vc_btn title=\u00a0\u00bbR\u00e9server\u00a0\u00bb color=\u00a0\u00bbgreen\u00a0\u00bb align=\u00a0\u00bbcenter\u00a0\u00bb link=\u00a0\u00bburl:https%3A%2F%2Ffareharbor.com%2Fembeds%2Fbook%2Fchateaufeely%2F%3Ffull-items%3Dyes%26flow%3D1144180|\u00a0\u00bb][\/vc_column][\/vc_row]\n","protected":false},"excerpt":{"rendered":"<p>[vc_row][vc_column][mk_icon_box icon=\u00a0\u00bbmk-icon-star\u00a0\u00bb title=\u00a0\u00bbAccord mets et vins pour chef \u00e9toile Michelin\u00a0\u00bb text_size=\u00a0\u00bb30&Prime; style=\u00a0\u00bbsimple_ultimate\u00a0\u00bb icon_size=\u00a0\u00bblarge\u00a0\u00bb icon_location=\u00a0\u00bbtop\u00a0\u00bb icon_color=\u00a0\u00bb#e0b957&Prime; title_color=\u00a0\u00bb#000000&Prime; txt_color=\u00a0\u00bb#5e5e5e\u00a0\u00bb margin=\u00a0\u00bb0&Prime;] Exp\u00e9rience gastronomique et vinoline unique au Ch\u00e2teau Feely. \u00a0 \u00a0[\/mk_icon_box][\/vc_column][\/vc_row][vc_row][vc_column][vc_column_text css=\u00a0\u00bb.vc_custom_1583591661530{margin-bottom: 0px !important;}\u00a0\u00bb] Une exp\u00e9rience gastronomique unique en Dordogne, \u00e0 mi-chemin entre Bordeaux et Sarlat [\/vc_column_text][\/vc_column][\/vc_row][vc_row][vc_column width=\u00a0\u00bb1\/2&Prime;][mk_image_slideshow images=\u00a0\u00bb3346,4420,3338&Prime; image_width=\u00a0\u00bb1000&Prime; image_height=\u00a0\u00bb667&Prime; animation_speed=\u00a0\u00bb3000&Prime; slideshow_speed=\u00a0\u00bb20000&Prime;][\/vc_column][vc_column width=\u00a0\u00bb1\/2&Prime; css=\u00a0\u00bb.vc_custom_1464158896445{padding-left: 15px !important;}\u00a0\u00bb][vc_column_text css=\u00a0\u00bb.vc_custom_1711037229684{margin-bottom: [&hellip;]<\/p>\n","protected":false},"author":2,"featured_media":0,"parent":251,"menu_order":0,"comment_status":"closed","ping_status":"closed","template":"","meta":{"_exactmetrics_skip_tracking":false,"_exactmetrics_sitenote_active":false,"_exactmetrics_sitenote_note":"","_exactmetrics_sitenote_category":0,"footnotes":""},"class_list":["post-11327","page","type-page","status-publish","hentry"],"yoast_head":"<!-- This site is optimized with the Yoast SEO plugin v27.0 - https:\/\/yoast.com\/product\/yoast-seo-wordpress\/ -->\n<title>Exp\u00e9rience d\u2019accord mets et vins pour chef \u00e9toile Michelin au Ch\u00e2teau Feely.<\/title>\n<meta name=\"description\" content=\"Une exp\u00e9rience unique d\u2019accord gastronomique entre Bordeaux et Sarlat \u2013 accords chefs \u00e9toil\u00e9s Michelin et vins prim\u00e9s de Feely.\" \/>\n<meta name=\"robots\" content=\"index, follow, max-snippet:-1, max-image-preview:large, max-video-preview:-1\" \/>\n<link rel=\"canonical\" href=\"https:\/\/chateaufeely.com\/fr\/visites\/experience-daccord-vins-et-plats-pour-chef-etoile-michelin\/\" \/>\n<meta property=\"og:locale\" content=\"fr_FR\" \/>\n<meta property=\"og:type\" content=\"article\" \/>\n<meta property=\"og:title\" content=\"Exp\u00e9rience d\u2019accord mets et vins pour chef \u00e9toile Michelin au Ch\u00e2teau Feely.\" \/>\n<meta property=\"og:description\" content=\"Une exp\u00e9rience unique d\u2019accord gastronomique entre Bordeaux et Sarlat \u2013 accords chefs \u00e9toil\u00e9s Michelin et vins prim\u00e9s de Feely.\" \/>\n<meta property=\"og:url\" content=\"https:\/\/chateaufeely.com\/fr\/visites\/experience-daccord-vins-et-plats-pour-chef-etoile-michelin\/\" \/>\n<meta property=\"og:site_name\" content=\"Ch\u00e2teau Feely organic wine, tours, accommodation\" \/>\n<meta property=\"article:publisher\" content=\"https:\/\/www.facebook.com\/ChateauFeely\/\" \/>\n<meta property=\"article:modified_time\" content=\"2026-03-27T14:20:20+00:00\" \/>\n<meta name=\"twitter:card\" content=\"summary_large_image\" \/>\n<meta name=\"twitter:label1\" content=\"Dur\u00e9e de lecture estim\u00e9e\" \/>\n\t<meta name=\"twitter:data1\" content=\"4 minutes\" \/>\n<script type=\"application\/ld+json\" class=\"yoast-schema-graph\">{\"@context\":\"https:\/\/schema.org\",\"@graph\":[{\"@type\":\"WebPage\",\"@id\":\"https:\/\/chateaufeely.com\/fr\/visites\/experience-daccord-vins-et-plats-pour-chef-etoile-michelin\/\",\"url\":\"https:\/\/chateaufeely.com\/fr\/visites\/experience-daccord-vins-et-plats-pour-chef-etoile-michelin\/\",\"name\":\"Exp\u00e9rience d\u2019accord mets et vins pour chef \u00e9toile Michelin au Ch\u00e2teau Feely.\",\"isPartOf\":{\"@id\":\"https:\/\/chateaufeely.com\/fr\/#website\"},\"datePublished\":\"2026-03-27T14:20:19+00:00\",\"dateModified\":\"2026-03-27T14:20:20+00:00\",\"description\":\"Une exp\u00e9rience unique d\u2019accord gastronomique entre Bordeaux et Sarlat \u2013 accords chefs \u00e9toil\u00e9s Michelin et vins prim\u00e9s de Feely.\",\"breadcrumb\":{\"@id\":\"https:\/\/chateaufeely.com\/fr\/visites\/experience-daccord-vins-et-plats-pour-chef-etoile-michelin\/#breadcrumb\"},\"inLanguage\":\"fr-FR\",\"potentialAction\":[{\"@type\":\"ReadAction\",\"target\":[\"https:\/\/chateaufeely.com\/fr\/visites\/experience-daccord-vins-et-plats-pour-chef-etoile-michelin\/\"]}]},{\"@type\":\"BreadcrumbList\",\"@id\":\"https:\/\/chateaufeely.com\/fr\/visites\/experience-daccord-vins-et-plats-pour-chef-etoile-michelin\/#breadcrumb\",\"itemListElement\":[{\"@type\":\"ListItem\",\"position\":1,\"name\":\"Accueil\",\"item\":\"https:\/\/chateaufeely.com\/fr\/\"},{\"@type\":\"ListItem\",\"position\":2,\"name\":\"Visites\",\"item\":\"https:\/\/chateaufeely.com\/fr\/visits\/\"},{\"@type\":\"ListItem\",\"position\":3,\"name\":\"Exp\u00e9rience d\u2019accord vins et plats pour chef \u00e9toile Michelin\"}]},{\"@type\":\"WebSite\",\"@id\":\"https:\/\/chateaufeely.com\/fr\/#website\",\"url\":\"https:\/\/chateaufeely.com\/fr\/\",\"name\":\"Ch\u00e2teau Feely organic wine, tours, accommodation\",\"description\":\"Biodynamic and natural wine, tours and wine school, ecological luxury lodge\",\"publisher\":{\"@id\":\"https:\/\/chateaufeely.com\/fr\/#organization\"},\"potentialAction\":[{\"@type\":\"SearchAction\",\"target\":{\"@type\":\"EntryPoint\",\"urlTemplate\":\"https:\/\/chateaufeely.com\/fr\/?s={search_term_string}\"},\"query-input\":{\"@type\":\"PropertyValueSpecification\",\"valueRequired\":true,\"valueName\":\"search_term_string\"}}],\"inLanguage\":\"fr-FR\"},{\"@type\":\"Organization\",\"@id\":\"https:\/\/chateaufeely.com\/fr\/#organization\",\"name\":\"Ch\u00e2teau Feely organic wine, tours, accommodation\",\"url\":\"https:\/\/chateaufeely.com\/fr\/\",\"logo\":{\"@type\":\"ImageObject\",\"inLanguage\":\"fr-FR\",\"@id\":\"https:\/\/chateaufeely.com\/fr\/#\/schema\/logo\/image\/\",\"url\":\"https:\/\/chateaufeely.com\/wp-content\/uploads\/2016\/05\/logo-vertical-v2-250.png\",\"contentUrl\":\"https:\/\/chateaufeely.com\/wp-content\/uploads\/2016\/05\/logo-vertical-v2-250.png\",\"width\":250,\"height\":312,\"caption\":\"Ch\u00e2teau Feely organic wine, tours, accommodation\"},\"image\":{\"@id\":\"https:\/\/chateaufeely.com\/fr\/#\/schema\/logo\/image\/\"},\"sameAs\":[\"https:\/\/www.facebook.com\/ChateauFeely\/\",\"https:\/\/www.instagram.com\/chateaufeely\/\"]}]}<\/script>\n<!-- \/ Yoast SEO plugin. -->","yoast_head_json":{"title":"Exp\u00e9rience d\u2019accord mets et vins pour chef \u00e9toile Michelin au Ch\u00e2teau Feely.","description":"Une exp\u00e9rience unique d\u2019accord gastronomique entre Bordeaux et Sarlat \u2013 accords chefs \u00e9toil\u00e9s Michelin et vins prim\u00e9s de Feely.","robots":{"index":"index","follow":"follow","max-snippet":"max-snippet:-1","max-image-preview":"max-image-preview:large","max-video-preview":"max-video-preview:-1"},"canonical":"https:\/\/chateaufeely.com\/fr\/visites\/experience-daccord-vins-et-plats-pour-chef-etoile-michelin\/","og_locale":"fr_FR","og_type":"article","og_title":"Exp\u00e9rience d\u2019accord mets et vins pour chef \u00e9toile Michelin au Ch\u00e2teau Feely.","og_description":"Une exp\u00e9rience unique d\u2019accord gastronomique entre Bordeaux et Sarlat \u2013 accords chefs \u00e9toil\u00e9s Michelin et vins prim\u00e9s de Feely.","og_url":"https:\/\/chateaufeely.com\/fr\/visites\/experience-daccord-vins-et-plats-pour-chef-etoile-michelin\/","og_site_name":"Ch\u00e2teau Feely organic wine, tours, accommodation","article_publisher":"https:\/\/www.facebook.com\/ChateauFeely\/","article_modified_time":"2026-03-27T14:20:20+00:00","twitter_card":"summary_large_image","twitter_misc":{"Dur\u00e9e de lecture estim\u00e9e":"4 minutes"},"schema":{"@context":"https:\/\/schema.org","@graph":[{"@type":"WebPage","@id":"https:\/\/chateaufeely.com\/fr\/visites\/experience-daccord-vins-et-plats-pour-chef-etoile-michelin\/","url":"https:\/\/chateaufeely.com\/fr\/visites\/experience-daccord-vins-et-plats-pour-chef-etoile-michelin\/","name":"Exp\u00e9rience d\u2019accord mets et vins pour chef \u00e9toile Michelin au Ch\u00e2teau Feely.","isPartOf":{"@id":"https:\/\/chateaufeely.com\/fr\/#website"},"datePublished":"2026-03-27T14:20:19+00:00","dateModified":"2026-03-27T14:20:20+00:00","description":"Une exp\u00e9rience unique d\u2019accord gastronomique entre Bordeaux et Sarlat \u2013 accords chefs \u00e9toil\u00e9s Michelin et vins prim\u00e9s de Feely.","breadcrumb":{"@id":"https:\/\/chateaufeely.com\/fr\/visites\/experience-daccord-vins-et-plats-pour-chef-etoile-michelin\/#breadcrumb"},"inLanguage":"fr-FR","potentialAction":[{"@type":"ReadAction","target":["https:\/\/chateaufeely.com\/fr\/visites\/experience-daccord-vins-et-plats-pour-chef-etoile-michelin\/"]}]},{"@type":"BreadcrumbList","@id":"https:\/\/chateaufeely.com\/fr\/visites\/experience-daccord-vins-et-plats-pour-chef-etoile-michelin\/#breadcrumb","itemListElement":[{"@type":"ListItem","position":1,"name":"Accueil","item":"https:\/\/chateaufeely.com\/fr\/"},{"@type":"ListItem","position":2,"name":"Visites","item":"https:\/\/chateaufeely.com\/fr\/visits\/"},{"@type":"ListItem","position":3,"name":"Exp\u00e9rience d\u2019accord vins et plats pour chef \u00e9toile Michelin"}]},{"@type":"WebSite","@id":"https:\/\/chateaufeely.com\/fr\/#website","url":"https:\/\/chateaufeely.com\/fr\/","name":"Ch\u00e2teau Feely organic wine, tours, accommodation","description":"Biodynamic and natural wine, tours and wine school, ecological luxury lodge","publisher":{"@id":"https:\/\/chateaufeely.com\/fr\/#organization"},"potentialAction":[{"@type":"SearchAction","target":{"@type":"EntryPoint","urlTemplate":"https:\/\/chateaufeely.com\/fr\/?s={search_term_string}"},"query-input":{"@type":"PropertyValueSpecification","valueRequired":true,"valueName":"search_term_string"}}],"inLanguage":"fr-FR"},{"@type":"Organization","@id":"https:\/\/chateaufeely.com\/fr\/#organization","name":"Ch\u00e2teau Feely organic wine, tours, accommodation","url":"https:\/\/chateaufeely.com\/fr\/","logo":{"@type":"ImageObject","inLanguage":"fr-FR","@id":"https:\/\/chateaufeely.com\/fr\/#\/schema\/logo\/image\/","url":"https:\/\/chateaufeely.com\/wp-content\/uploads\/2016\/05\/logo-vertical-v2-250.png","contentUrl":"https:\/\/chateaufeely.com\/wp-content\/uploads\/2016\/05\/logo-vertical-v2-250.png","width":250,"height":312,"caption":"Ch\u00e2teau Feely organic wine, tours, accommodation"},"image":{"@id":"https:\/\/chateaufeely.com\/fr\/#\/schema\/logo\/image\/"},"sameAs":["https:\/\/www.facebook.com\/ChateauFeely\/","https:\/\/www.instagram.com\/chateaufeely\/"]}]}},"_links":{"self":[{"href":"https:\/\/chateaufeely.com\/fr\/wp-json\/wp\/v2\/pages\/11327","targetHints":{"allow":["GET"]}}],"collection":[{"href":"https:\/\/chateaufeely.com\/fr\/wp-json\/wp\/v2\/pages"}],"about":[{"href":"https:\/\/chateaufeely.com\/fr\/wp-json\/wp\/v2\/types\/page"}],"author":[{"embeddable":true,"href":"https:\/\/chateaufeely.com\/fr\/wp-json\/wp\/v2\/users\/2"}],"replies":[{"embeddable":true,"href":"https:\/\/chateaufeely.com\/fr\/wp-json\/wp\/v2\/comments?post=11327"}],"version-history":[{"count":1,"href":"https:\/\/chateaufeely.com\/fr\/wp-json\/wp\/v2\/pages\/11327\/revisions"}],"predecessor-version":[{"id":11328,"href":"https:\/\/chateaufeely.com\/fr\/wp-json\/wp\/v2\/pages\/11327\/revisions\/11328"}],"up":[{"embeddable":true,"href":"https:\/\/chateaufeely.com\/fr\/wp-json\/wp\/v2\/pages\/251"}],"wp:attachment":[{"href":"https:\/\/chateaufeely.com\/fr\/wp-json\/wp\/v2\/media?parent=11327"}],"curies":[{"name":"wp","href":"https:\/\/api.w.org\/{rel}","templated":true}]}}