{"id":124,"date":"2016-05-22T08:32:26","date_gmt":"2016-05-22T07:32:26","guid":{"rendered":"http:\/\/chateaufeely.com\/?page_id=124"},"modified":"2026-02-27T16:36:07","modified_gmt":"2026-02-27T15:36:07","slug":"contact","status":"publish","type":"page","link":"https:\/\/chateaufeely.com\/fr\/contact\/","title":{"rendered":"Contact"},"content":{"rendered":"[vc_row][vc_column][vc_column_text css=\u00a0\u00bb.vc_custom_1583424608554{margin-bottom: 0px !important;}\u00a0\u00bb]\n<p>&nbsp;<\/p>\n[\/vc_column_text][mk_icon_box icon=\u00a0\u00bbmk-moon-globe\u00a0\u00bb title=\u00a0\u00bbComment nous contacter ?How to contact us?\u00a0\u00bb text_size=\u00a0\u00bb30&Prime; style=\u00a0\u00bbsimple_ultimate\u00a0\u00bb icon_size=\u00a0\u00bblarge\u00a0\u00bb icon_location=\u00a0\u00bbtop\u00a0\u00bb icon_color=\u00a0\u00bb#e0b957&Prime; title_color=\u00a0\u00bb#000000&Prime;][\/mk_icon_box][\/vc_column][\/vc_row][vc_row fullwidth=\u00a0\u00bbtrue\u00a0\u00bb css=\u00a0\u00bb.vc_custom_1463902609153{padding-top: 20px !important;}\u00a0\u00bb][vc_column width=\u00a0\u00bb1\/2&Prime;][mk_contact_form title=\u00a0\u00bbENVOYEZ-NOUS UN MESSAGE &#8211; si vous rencontrez un probl\u00e8me avec ce formulaire de contact, veuillez caro@chateaufeely.com envoyer un e-mail directement.\u00a0\u00bb style=\u00a0\u00bbclassic\u00a0\u00bb button_text=\u00a0\u00bbEnvoyer\u00a0\u00bb email=\u00a0\u00bb\u00a0\u00bb phone=\u00a0\u00bbtrue\u00a0\u00bb][vc_column_text css=\u00a0\u00bb.vc_custom_1583424982122{margin-bottom: 0px !important;}\u00a0\u00bb]<span style=\"color: #000000;\">Nous r\u00e9pondrons \u00e0 votre message d\u00e8s que possible. Merci beaucoup et \u00e0 bient\u00f4t !We will answer to your message as soon as possible. Thank you very much and see you soon! <\/span>[\/vc_column_text][\/vc_column][vc_column width=\u00a0\u00bb1\/2&Prime;][mk_contact_info title=\u00a0\u00bbINFORMATIONS DE CONTACT\u00a0\u00bb phone=\u00a0\u00bb+33 (0)635 933 188&Prime; email=\u00a0\u00bbcaro.feely@chateaufeely.com\u00a0\u00bb address=\u00a0\u00bbCh\u00e2teau Feely, 326 Route du Pressoir, La Garrigue, 24240 Saussignac\u00a0\u00bb person=\u00a0\u00bbCaro Feely\u00a0\u00bb company=\u00a0\u00bbCh\u00e2teau Feely\u00a0\u00bb website=\u00a0\u00bbhttps:\/\/www.chateaufeely.com\u00a0\u00bb][vc_column_text css=\u00a0\u00bb.vc_custom_1579886118430{margin-bottom: 0px !important;}\u00a0\u00bb][\/vc_column_text][\/vc_column][\/vc_row][vc_row][vc_column][\/vc_column][\/vc_row]\n","protected":false},"excerpt":{"rendered":"<p>[vc_row][vc_column][vc_column_text css=\u00a0\u00bb.vc_custom_1583424608554{margin-bottom: 0px !important;}\u00a0\u00bb] &nbsp; [\/vc_column_text][mk_icon_box icon=\u00a0\u00bbmk-moon-globe\u00a0\u00bb title=\u00a0\u00bbComment nous contacter ?How to contact us?\u00a0\u00bb text_size=\u00a0\u00bb30&Prime; style=\u00a0\u00bbsimple_ultimate\u00a0\u00bb icon_size=\u00a0\u00bblarge\u00a0\u00bb icon_location=\u00a0\u00bbtop\u00a0\u00bb icon_color=\u00a0\u00bb#e0b957&Prime; title_color=\u00a0\u00bb#000000&Prime;][\/mk_icon_box][\/vc_column][\/vc_row][vc_row fullwidth=\u00a0\u00bbtrue\u00a0\u00bb css=\u00a0\u00bb.vc_custom_1463902609153{padding-top: 20px !important;}\u00a0\u00bb][vc_column width=\u00a0\u00bb1\/2&Prime;][mk_contact_form title=\u00a0\u00bbENVOYEZ-NOUS UN MESSAGE &#8211; si vous rencontrez un probl\u00e8me avec ce formulaire de contact, veuillez caro@chateaufeely.com envoyer un e-mail directement.\u00a0\u00bb style=\u00a0\u00bbclassic\u00a0\u00bb button_text=\u00a0\u00bbEnvoyer\u00a0\u00bb email=\u00a0\u00bb\u00a0\u00bb phone=\u00a0\u00bbtrue\u00a0\u00bb][vc_column_text css=\u00a0\u00bb.vc_custom_1583424982122{margin-bottom: 0px !important;}\u00a0\u00bb]Nous r\u00e9pondrons \u00e0 votre [&hellip;]<\/p>\n","protected":false},"author":2,"featured_media":0,"parent":0,"menu_order":0,"comment_status":"closed","ping_status":"closed","template":"","meta":{"footnotes":""},"class_list":["post-124","page","type-page","status-publish","hentry"],"yoast_head":"<!-- This site is optimized with the Yoast SEO plugin v27.0 - https:\/\/yoast.com\/product\/yoast-seo-wordpress\/ -->\n<title>Contactez-nous : Contactez le vignoble biologique Chateau Feely<\/title>\n<meta name=\"description\" content=\"Pour nous contacter, trouver nos coordonn\u00e9es \u00e0 Saussignac Dordogne, ainsi qu\u2019un formulaire pour nous envoyer un message, nous vous r\u00e9pondrons sous 48 heures\" \/>\n<meta name=\"robots\" content=\"index, follow, max-snippet:-1, max-image-preview:large, max-video-preview:-1\" \/>\n<link rel=\"canonical\" href=\"https:\/\/chateaufeely.com\/fr\/contact\/\" \/>\n<meta property=\"og:locale\" content=\"fr_FR\" \/>\n<meta property=\"og:type\" content=\"article\" \/>\n<meta property=\"og:title\" content=\"Contactez-nous : Contactez le vignoble biologique Chateau Feely\" \/>\n<meta property=\"og:description\" content=\"Pour nous contacter, trouver nos coordonn\u00e9es \u00e0 Saussignac Dordogne, ainsi qu\u2019un formulaire pour nous envoyer un message, nous vous r\u00e9pondrons sous 48 heures\" \/>\n<meta property=\"og:url\" content=\"https:\/\/chateaufeely.com\/fr\/contact\/\" \/>\n<meta property=\"og:site_name\" content=\"Ch\u00e2teau Feely organic wine, tours, accommodation\" \/>\n<meta property=\"article:publisher\" content=\"https:\/\/www.facebook.com\/ChateauFeely\/\" \/>\n<meta property=\"article:modified_time\" content=\"2026-02-27T15:36:07+00:00\" \/>\n<meta name=\"twitter:card\" content=\"summary_large_image\" \/>\n<meta name=\"twitter:label1\" content=\"Dur\u00e9e de lecture estim\u00e9e\" \/>\n\t<meta name=\"twitter:data1\" content=\"1 minute\" \/>\n<script type=\"application\/ld+json\" class=\"yoast-schema-graph\">{\"@context\":\"https:\/\/schema.org\",\"@graph\":[{\"@type\":\"WebPage\",\"@id\":\"https:\/\/chateaufeely.com\/fr\/contact\/\",\"url\":\"https:\/\/chateaufeely.com\/fr\/contact\/\",\"name\":\"Contactez-nous : Contactez le vignoble biologique Chateau Feely\",\"isPartOf\":{\"@id\":\"https:\/\/chateaufeely.com\/fr\/#website\"},\"datePublished\":\"2016-05-22T07:32:26+00:00\",\"dateModified\":\"2026-02-27T15:36:07+00:00\",\"description\":\"Pour nous contacter, trouver nos coordonn\u00e9es \u00e0 Saussignac Dordogne, ainsi qu\u2019un formulaire pour nous envoyer un message, nous vous r\u00e9pondrons sous 48 heures\",\"breadcrumb\":{\"@id\":\"https:\/\/chateaufeely.com\/fr\/contact\/#breadcrumb\"},\"inLanguage\":\"fr-FR\",\"potentialAction\":[{\"@type\":\"ReadAction\",\"target\":[\"https:\/\/chateaufeely.com\/fr\/contact\/\"]}]},{\"@type\":\"BreadcrumbList\",\"@id\":\"https:\/\/chateaufeely.com\/fr\/contact\/#breadcrumb\",\"itemListElement\":[{\"@type\":\"ListItem\",\"position\":1,\"name\":\"Accueil\",\"item\":\"https:\/\/chateaufeely.com\/fr\/\"},{\"@type\":\"ListItem\",\"position\":2,\"name\":\"Contact\"}]},{\"@type\":\"WebSite\",\"@id\":\"https:\/\/chateaufeely.com\/fr\/#website\",\"url\":\"https:\/\/chateaufeely.com\/fr\/\",\"name\":\"Ch\u00e2teau Feely organic wine, tours, accommodation\",\"description\":\"Biodynamic and natural wine, tours and wine school, ecological luxury lodge\",\"publisher\":{\"@id\":\"https:\/\/chateaufeely.com\/fr\/#organization\"},\"potentialAction\":[{\"@type\":\"SearchAction\",\"target\":{\"@type\":\"EntryPoint\",\"urlTemplate\":\"https:\/\/chateaufeely.com\/fr\/?s={search_term_string}\"},\"query-input\":{\"@type\":\"PropertyValueSpecification\",\"valueRequired\":true,\"valueName\":\"search_term_string\"}}],\"inLanguage\":\"fr-FR\"},{\"@type\":\"Organization\",\"@id\":\"https:\/\/chateaufeely.com\/fr\/#organization\",\"name\":\"Ch\u00e2teau Feely organic wine, tours, accommodation\",\"url\":\"https:\/\/chateaufeely.com\/fr\/\",\"logo\":{\"@type\":\"ImageObject\",\"inLanguage\":\"fr-FR\",\"@id\":\"https:\/\/chateaufeely.com\/fr\/#\/schema\/logo\/image\/\",\"url\":\"https:\/\/chateaufeely.com\/wp-content\/uploads\/2016\/05\/logo-vertical-v2-250.png\",\"contentUrl\":\"https:\/\/chateaufeely.com\/wp-content\/uploads\/2016\/05\/logo-vertical-v2-250.png\",\"width\":250,\"height\":312,\"caption\":\"Ch\u00e2teau Feely organic wine, tours, accommodation\"},\"image\":{\"@id\":\"https:\/\/chateaufeely.com\/fr\/#\/schema\/logo\/image\/\"},\"sameAs\":[\"https:\/\/www.facebook.com\/ChateauFeely\/\",\"https:\/\/www.instagram.com\/chateaufeely\/\"]}]}<\/script>\n<!-- \/ Yoast SEO plugin. -->","yoast_head_json":{"title":"Contactez-nous : Contactez le vignoble biologique Chateau Feely","description":"Pour nous contacter, trouver nos coordonn\u00e9es \u00e0 Saussignac Dordogne, ainsi qu\u2019un formulaire pour nous envoyer un message, nous vous r\u00e9pondrons sous 48 heures","robots":{"index":"index","follow":"follow","max-snippet":"max-snippet:-1","max-image-preview":"max-image-preview:large","max-video-preview":"max-video-preview:-1"},"canonical":"https:\/\/chateaufeely.com\/fr\/contact\/","og_locale":"fr_FR","og_type":"article","og_title":"Contactez-nous : Contactez le vignoble biologique Chateau Feely","og_description":"Pour nous contacter, trouver nos coordonn\u00e9es \u00e0 Saussignac Dordogne, ainsi qu\u2019un formulaire pour nous envoyer un message, nous vous r\u00e9pondrons sous 48 heures","og_url":"https:\/\/chateaufeely.com\/fr\/contact\/","og_site_name":"Ch\u00e2teau Feely organic wine, tours, accommodation","article_publisher":"https:\/\/www.facebook.com\/ChateauFeely\/","article_modified_time":"2026-02-27T15:36:07+00:00","twitter_card":"summary_large_image","twitter_misc":{"Dur\u00e9e de lecture estim\u00e9e":"1 minute"},"schema":{"@context":"https:\/\/schema.org","@graph":[{"@type":"WebPage","@id":"https:\/\/chateaufeely.com\/fr\/contact\/","url":"https:\/\/chateaufeely.com\/fr\/contact\/","name":"Contactez-nous : Contactez le vignoble biologique Chateau Feely","isPartOf":{"@id":"https:\/\/chateaufeely.com\/fr\/#website"},"datePublished":"2016-05-22T07:32:26+00:00","dateModified":"2026-02-27T15:36:07+00:00","description":"Pour nous contacter, trouver nos coordonn\u00e9es \u00e0 Saussignac Dordogne, ainsi qu\u2019un formulaire pour nous envoyer un message, nous vous r\u00e9pondrons sous 48 heures","breadcrumb":{"@id":"https:\/\/chateaufeely.com\/fr\/contact\/#breadcrumb"},"inLanguage":"fr-FR","potentialAction":[{"@type":"ReadAction","target":["https:\/\/chateaufeely.com\/fr\/contact\/"]}]},{"@type":"BreadcrumbList","@id":"https:\/\/chateaufeely.com\/fr\/contact\/#breadcrumb","itemListElement":[{"@type":"ListItem","position":1,"name":"Accueil","item":"https:\/\/chateaufeely.com\/fr\/"},{"@type":"ListItem","position":2,"name":"Contact"}]},{"@type":"WebSite","@id":"https:\/\/chateaufeely.com\/fr\/#website","url":"https:\/\/chateaufeely.com\/fr\/","name":"Ch\u00e2teau Feely organic wine, tours, accommodation","description":"Biodynamic and natural wine, tours and wine school, ecological luxury lodge","publisher":{"@id":"https:\/\/chateaufeely.com\/fr\/#organization"},"potentialAction":[{"@type":"SearchAction","target":{"@type":"EntryPoint","urlTemplate":"https:\/\/chateaufeely.com\/fr\/?s={search_term_string}"},"query-input":{"@type":"PropertyValueSpecification","valueRequired":true,"valueName":"search_term_string"}}],"inLanguage":"fr-FR"},{"@type":"Organization","@id":"https:\/\/chateaufeely.com\/fr\/#organization","name":"Ch\u00e2teau Feely organic wine, tours, accommodation","url":"https:\/\/chateaufeely.com\/fr\/","logo":{"@type":"ImageObject","inLanguage":"fr-FR","@id":"https:\/\/chateaufeely.com\/fr\/#\/schema\/logo\/image\/","url":"https:\/\/chateaufeely.com\/wp-content\/uploads\/2016\/05\/logo-vertical-v2-250.png","contentUrl":"https:\/\/chateaufeely.com\/wp-content\/uploads\/2016\/05\/logo-vertical-v2-250.png","width":250,"height":312,"caption":"Ch\u00e2teau Feely organic wine, tours, accommodation"},"image":{"@id":"https:\/\/chateaufeely.com\/fr\/#\/schema\/logo\/image\/"},"sameAs":["https:\/\/www.facebook.com\/ChateauFeely\/","https:\/\/www.instagram.com\/chateaufeely\/"]}]}},"_links":{"self":[{"href":"https:\/\/chateaufeely.com\/fr\/wp-json\/wp\/v2\/pages\/124","targetHints":{"allow":["GET"]}}],"collection":[{"href":"https:\/\/chateaufeely.com\/fr\/wp-json\/wp\/v2\/pages"}],"about":[{"href":"https:\/\/chateaufeely.com\/fr\/wp-json\/wp\/v2\/types\/page"}],"author":[{"embeddable":true,"href":"https:\/\/chateaufeely.com\/fr\/wp-json\/wp\/v2\/users\/2"}],"replies":[{"embeddable":true,"href":"https:\/\/chateaufeely.com\/fr\/wp-json\/wp\/v2\/comments?post=124"}],"version-history":[{"count":3,"href":"https:\/\/chateaufeely.com\/fr\/wp-json\/wp\/v2\/pages\/124\/revisions"}],"predecessor-version":[{"id":10886,"href":"https:\/\/chateaufeely.com\/fr\/wp-json\/wp\/v2\/pages\/124\/revisions\/10886"}],"wp:attachment":[{"href":"https:\/\/chateaufeely.com\/fr\/wp-json\/wp\/v2\/media?parent=124"}],"curies":[{"name":"wp","href":"https:\/\/api.w.org\/{rel}","templated":true}]}}