{"id":136,"date":"2016-05-22T09:03:13","date_gmt":"2016-05-22T08:03:13","guid":{"rendered":"http:\/\/chateaufeely.com\/?page_id=136"},"modified":"2026-02-27T16:24:36","modified_gmt":"2026-02-27T15:24:36","slug":"notre-histoire","status":"publish","type":"page","link":"https:\/\/chateaufeely.com\/fr\/a-propos\/notre-histoire\/","title":{"rendered":"Histoire du Ch\u00e2teau Feely"},"content":{"rendered":"[vc_row fullwidth=\u00a0\u00bbtrue\u00a0\u00bb][vc_column][mk_icon_box icon=\u00a0\u00bbmk-moon-eye-3&Prime; title=\u00a0\u00bbQui est la famille Feely\u00a0\u00bb text_size=\u00a0\u00bb30&Prime; style=\u00a0\u00bbsimple_ultimate\u00a0\u00bb icon_size=\u00a0\u00bblarge\u00a0\u00bb icon_location=\u00a0\u00bbtop\u00a0\u00bb icon_color=\u00a0\u00bb#e0b957&Prime; title_color=\u00a0\u00bb#000000&Prime;]\n<p style=\"text-align: center;\"><strong><span style=\"color: #000000;\">L\u2019histoire du Ch\u00e2teau Feely<\/span><\/strong><\/p>\n[\/mk_icon_box][\/vc_column][\/vc_row][vc_row][vc_column width=\u00a0\u00bb2\/3&Prime;][mk_fullwidth_slideshow images=\u00a0\u00bb5495,5491,5489&Prime; stretch_images=\u00a0\u00bbtrue\u00a0\u00bb][\/vc_column][vc_column width=\u00a0\u00bb1\/3&Prime;][vc_column_text css=\u00a0\u00bb.vc_custom_1583573990922{margin-bottom: 0px !important;}\u00a0\u00bb]\n<p>\u00a0<\/p>\n<p><span style=\"color: #000000;\">Lorsque Sean et moi (Caroline Wardle, n\u00e9e Caro) nous sommes rencontr\u00e9s \u00e0 Johannesburg en 1993, nous avions tous les deux une passion pour le vin. Le grand-p\u00e8re de Sean \u00e9tait vigneron dans le Cap d\u2019Afrique du Sud et je partageais une maison avec un Ma\u00eetre du Vin. Nous voulions poursuivre notre r\u00eave de viticulture, alors nous avons d\u00e9m\u00e9nag\u00e9 au Cap pour poursuivre nos carri\u00e8res au c\u0153ur des terres viticoles.<\/span><br \/>\n<span style=\"color: #000000;\">Peu apr\u00e8s, nous avons eu l\u2019opportunit\u00e9 de d\u00e9m\u00e9nager en Irlande. Avec des racines irlandaises, nous avons saut\u00e9 sur l\u2019occasion. Un an plus tard, lors de notre premier voyage de vin en France, nous \u00e9tions \u00e9pris. Huit ann\u00e9es de travail et d\u2019\u00e9pargne de plus et notre r\u00eave s\u2019est r\u00e9alis\u00e9.<\/span>[\/vc_column_text][\/vc_column][\/vc_row][vc_row css=\u00a0\u00bb.vc_custom_1583573997622{padding-top: 20px !important;}\u00a0\u00bb][vc_column][vc_column_text css=\u00a0\u00bb.vc_custom_1677677639351{margin-bottom: 0px !important;}\u00a0\u00bb]<span style=\"color: #000000;\">Nous avons achet\u00e9 notre vignoble dans le sud-ouest de la France en 2005, suivant notre r\u00eave de cr\u00e9er de grands vins sur un terroir de qualit\u00e9. Aujourd\u2019hui, avec la sagesse de nombreuses ann\u00e9es de viticulture, nous c\u00e9l\u00e9brons non pas un r\u00eave brumeux, mais des ann\u00e9es de travail acharn\u00e9 et l\u2019inspiration de travailler avec la nature et de retrouver cette ferme dans la pleine sant\u00e9 et le go\u00fbt d\u2019un sol vivant et biodynamique. Dans notre entreprise risqu\u00e9e, nous avons ressenti beaucoup de choses : parfois de la peur, parfois de la douleur, mais surtout une grande joie et accomplissement. <\/span><\/p>\n<p><span style=\"color: #000000;\">Nous esp\u00e9rons qu\u2019\u00e0 travers nos vins vivants, vous trouverez de l\u2019inspiration. Vous pouvez lire nos aventures dans les livres de Caro Feely<\/span><\/p>\n<p>Vous pouvez lire l\u2019histoire de ce vignoble, de cette \u00e9cole de vin et de cette ferme bio \u2013 la s\u00e9rie comprend trois livres de Caro Feely (commandez en ligne sur Amazon via ces liens ou dans votre librairie locale)<span class=\"text_exposed_show\"><strong><a href=\"https:\/\/aax-us-east.amazon-adsystem.com\/x\/c\/QobbuaMA2edQ9pb7XLxV0QAAAAFyWdkDGwEAAAFKAc_kC5o\/https:\/\/assoc-redirect.amazon.com\/g\/r\/https:\/\/www.amazon.com\/gp\/product\/B008A2208K\/ref=as_li_tl?imprToken=4s9gB7GjvguyIpnLLTBb6Q&amp;slotNum=0&amp;ie=UTF8&amp;camp=1789&amp;creative=9325&amp;creativeASIN=B008A2208K&amp;linkCode=w61&amp;tag=carofeely06-20&amp;linkId=7122beef3d02cb082762d50c783dbbea\" target=\"_blank\" rel=\"noopener noreferrer\" data-amzn-asin=\"B008A2208K\"> : Esp\u00e9rances de raisin : L\u2019aventure familiale dans le vignoble en France (Caro Feely Livre 1),<\/a> <\/strong><\/span><strong><span class=\"text_exposed_show\"><a href=\"https:\/\/www.amazon.com\/gp\/product\/1849536090\/ref=as_li_tl?ie=UTF8&amp;camp=1789&amp;creative=9325&amp;creativeASIN=1849536090&amp;linkCode=as2&amp;tag=carofeely06-20&amp;linkId=77a708ea30911ad456092457474c249d\" target=\"_blank\" rel=\"noopener noreferrer\" data-amzn-asin=\"1849536090\">Sauver nos peaux : Construire un r\u00eave de vignoble en France (Caro Feely livre 2)<\/a> \u00a0<\/span><\/strong><span class=\"text_exposed_show\"><a href=\"https:\/\/www.amazon.com\/gp\/product\/B06XKKLPB9\/ref=as_li_tl?ie=UTF8&amp;camp=1789&amp;creative=9325&amp;creativeASIN=B06XKKLPB9&amp;linkCode=as2&amp;tag=carofeely06-20&amp;linkId=f42924732f2f5a41a301d3c0127e20bb\" target=\"_blank\" rel=\"noopener noreferrer\" data-amzn-asin=\"B06XKKLPB9\"><strong>Verre \u00e0 moiti\u00e9 plein : Les hauts et les bas de la vie dans les vignobles en France (Caro Feely Livre 3)<\/strong><\/a><img decoding=\"async\" src=\"https:\/\/ir-na.amazon-adsystem.com\/e\/ir?t=carofeely06-20&amp;l=am2&amp;o=1&amp;a=B06XKKLPB9\" alt=\"\" width=\"1\" height=\"1\" border=\"0\" \/><\/span><\/p>\n<h1>Nos racines irlandaises<\/h1>\n<p>Nous avons v\u00e9cu \u00e0 Dublin de 1997 \u00e0 2005 \u2013 lorsque nous avons d\u00e9m\u00e9nag\u00e9 pour lancer Chateau Feely \u2013 et nos deux filles sont n\u00e9es \u00e0 Dublin. Les grands-parents de Sean, des deux c\u00f4t\u00e9s, \u00e9taient irlandais. Nous avons des racines profond\u00e9ment enracin\u00e9es dans le vin. Ses grands-parents cultivaient des vignes pr\u00e8s de Stellenbosch, dans le Cap-occidental sud-africain, apr\u00e8s avoir quitt\u00e9 l\u2019Irlande dans leur jeunesse \u2013 l\u2019une des unions catholique-protestantes qui fuirent l\u2019Irlande \u00e0 cette \u00e9poque. Sean a \u00e9t\u00e9 piqu\u00e9 tr\u00e8s t\u00f4t par le virus de la viticulture, les aidant \u00e0 la r\u00e9colte d\u00e8s son plus jeune \u00e2ge. Du c\u00f4t\u00e9 de Caro, sa grand-m\u00e8re \u00e9tait fran\u00e7aise, descendante de la tribu fran\u00e7aise qui a quitt\u00e9 la Normandie pour Galway pour importer du vin au XIIIe si\u00e8cle, donc j\u2019ai boucl\u00e9 la boucle. Les French \u00e9taient reconnus comme des commer\u00e7ants de vin importants \u00e0 Bordeaux et en Irlande \u00e0 l\u2019\u00e2ge d\u2019or des ann\u00e9es 1800.[\/vc_column_text][\/vc_column][\/vc_row][vc_row fullwidth=\u00a0\u00bbtrue\u00a0\u00bb][vc_column width=\u00a0\u00bb1\/4&Prime;][vc_column_text css=\u00a0\u00bb.vc_custom_1583573896845{margin-bottom: 0px !important;}\u00a0\u00bb][\/vc_column_text][\/vc_column][vc_column width=\u00a0\u00bb1\/2&Prime;][mk_employees column=\u00a0\u00bb2&Prime; count=\u00a0\u00bb4&Prime; description=\u00a0\u00bbfalse\u00a0\u00bb order=\u00a0\u00bbASC\u00a0\u00bb orderby=\u00a0\u00bbid\u00a0\u00bb employees=\u00a0\u00bb852,853&Prime;][\/vc_column][vc_column width=\u00a0\u00bb1\/4&Prime;][\/vc_column][\/vc_row]\n","protected":false},"excerpt":{"rendered":"<p>[vc_row fullwidth=\u00a0\u00bbtrue\u00a0\u00bb][vc_column][mk_icon_box icon=\u00a0\u00bbmk-moon-eye-3&Prime; title=\u00a0\u00bbQui est la famille Feely\u00a0\u00bb text_size=\u00a0\u00bb30&Prime; style=\u00a0\u00bbsimple_ultimate\u00a0\u00bb icon_size=\u00a0\u00bblarge\u00a0\u00bb icon_location=\u00a0\u00bbtop\u00a0\u00bb icon_color=\u00a0\u00bb#e0b957&Prime; title_color=\u00a0\u00bb#000000&Prime;] L\u2019histoire du Ch\u00e2teau Feely [\/mk_icon_box][\/vc_column][\/vc_row][vc_row][vc_column width=\u00a0\u00bb2\/3&Prime;][mk_fullwidth_slideshow images=\u00a0\u00bb5495,5491,5489&Prime; stretch_images=\u00a0\u00bbtrue\u00a0\u00bb][\/vc_column][vc_column width=\u00a0\u00bb1\/3&Prime;][vc_column_text css=\u00a0\u00bb.vc_custom_1583573990922{margin-bottom: 0px !important;}\u00a0\u00bb] \u00a0 Lorsque Sean et moi (Caroline Wardle, n\u00e9e Caro) nous sommes rencontr\u00e9s \u00e0 Johannesburg en 1993, nous avions tous les deux une passion pour le vin. Le grand-p\u00e8re de [&hellip;]<\/p>\n","protected":false},"author":2,"featured_media":0,"parent":771,"menu_order":0,"comment_status":"closed","ping_status":"closed","template":"","meta":{"_exactmetrics_skip_tracking":false,"_exactmetrics_sitenote_active":false,"_exactmetrics_sitenote_note":"","_exactmetrics_sitenote_category":0,"footnotes":""},"class_list":["post-136","page","type-page","status-publish","hentry"],"yoast_head":"<!-- This site is optimized with the Yoast SEO plugin v27.0 - https:\/\/yoast.com\/product\/yoast-seo-wordpress\/ -->\n<title>Famille Feely : D\u00e9couvrez notre histoire ancienne d\u00e8s aujourd\u2019hui<\/title>\n<meta name=\"description\" content=\"Nous sommes la famille Feely et pr\u00e9sentons cette page notre histoire et notre parcours dans le vignoble et en Afrique aujourd\u2019hui en Dordogne.\" \/>\n<meta name=\"robots\" content=\"index, follow, max-snippet:-1, max-image-preview:large, max-video-preview:-1\" \/>\n<link rel=\"canonical\" href=\"https:\/\/chateaufeely.com\/fr\/a-propos\/notre-histoire\/\" \/>\n<meta property=\"og:locale\" content=\"fr_FR\" \/>\n<meta property=\"og:type\" content=\"article\" \/>\n<meta property=\"og:title\" content=\"Famille Feely : D\u00e9couvrez notre histoire ancienne d\u00e8s aujourd\u2019hui\" \/>\n<meta property=\"og:description\" content=\"Nous sommes la famille Feely et pr\u00e9sentons cette page notre histoire et notre parcours dans le vignoble et en Afrique aujourd\u2019hui en Dordogne.\" \/>\n<meta property=\"og:url\" content=\"https:\/\/chateaufeely.com\/fr\/a-propos\/notre-histoire\/\" \/>\n<meta property=\"og:site_name\" content=\"Ch\u00e2teau Feely organic wine, tours, accommodation\" \/>\n<meta property=\"article:publisher\" content=\"https:\/\/www.facebook.com\/ChateauFeely\/\" \/>\n<meta property=\"article:modified_time\" content=\"2026-02-27T15:24:36+00:00\" \/>\n<meta property=\"og:image\" content=\"https:\/\/ir-na.amazon-adsystem.com\/e\/ir?t=carofeely06-20&amp;l=am2&amp;o=1&amp;a=B06XKKLPB9\" \/>\n<meta name=\"twitter:card\" content=\"summary_large_image\" \/>\n<meta name=\"twitter:label1\" content=\"Dur\u00e9e de lecture estim\u00e9e\" \/>\n\t<meta name=\"twitter:data1\" content=\"3 minutes\" \/>\n<script type=\"application\/ld+json\" class=\"yoast-schema-graph\">{\"@context\":\"https:\/\/schema.org\",\"@graph\":[{\"@type\":\"WebPage\",\"@id\":\"https:\/\/chateaufeely.com\/fr\/a-propos\/notre-histoire\/\",\"url\":\"https:\/\/chateaufeely.com\/fr\/a-propos\/notre-histoire\/\",\"name\":\"Famille Feely : D\u00e9couvrez notre histoire ancienne d\u00e8s aujourd\u2019hui\",\"isPartOf\":{\"@id\":\"https:\/\/chateaufeely.com\/fr\/#website\"},\"primaryImageOfPage\":{\"@id\":\"https:\/\/chateaufeely.com\/fr\/a-propos\/notre-histoire\/#primaryimage\"},\"image\":{\"@id\":\"https:\/\/chateaufeely.com\/fr\/a-propos\/notre-histoire\/#primaryimage\"},\"thumbnailUrl\":\"https:\/\/ir-na.amazon-adsystem.com\/e\/ir?t=carofeely06-20&amp;l=am2&amp;o=1&amp;a=B06XKKLPB9\",\"datePublished\":\"2016-05-22T08:03:13+00:00\",\"dateModified\":\"2026-02-27T15:24:36+00:00\",\"description\":\"Nous sommes la famille Feely et pr\u00e9sentons cette page notre histoire et notre parcours dans le vignoble et en Afrique aujourd\u2019hui en Dordogne.\",\"breadcrumb\":{\"@id\":\"https:\/\/chateaufeely.com\/fr\/a-propos\/notre-histoire\/#breadcrumb\"},\"inLanguage\":\"fr-FR\",\"potentialAction\":[{\"@type\":\"ReadAction\",\"target\":[\"https:\/\/chateaufeely.com\/fr\/a-propos\/notre-histoire\/\"]}]},{\"@type\":\"ImageObject\",\"inLanguage\":\"fr-FR\",\"@id\":\"https:\/\/chateaufeely.com\/fr\/a-propos\/notre-histoire\/#primaryimage\",\"url\":\"https:\/\/ir-na.amazon-adsystem.com\/e\/ir?t=carofeely06-20&amp;l=am2&amp;o=1&amp;a=B06XKKLPB9\",\"contentUrl\":\"https:\/\/ir-na.amazon-adsystem.com\/e\/ir?t=carofeely06-20&amp;l=am2&amp;o=1&amp;a=B06XKKLPB9\"},{\"@type\":\"BreadcrumbList\",\"@id\":\"https:\/\/chateaufeely.com\/fr\/a-propos\/notre-histoire\/#breadcrumb\",\"itemListElement\":[{\"@type\":\"ListItem\",\"position\":1,\"name\":\"Accueil\",\"item\":\"https:\/\/chateaufeely.com\/fr\/\"},{\"@type\":\"ListItem\",\"position\":2,\"name\":\"\u00c0 propos\",\"item\":\"https:\/\/chateaufeely.com\/fr\/about\/\"},{\"@type\":\"ListItem\",\"position\":3,\"name\":\"Histoire du Ch\u00e2teau Feely\"}]},{\"@type\":\"WebSite\",\"@id\":\"https:\/\/chateaufeely.com\/fr\/#website\",\"url\":\"https:\/\/chateaufeely.com\/fr\/\",\"name\":\"Ch\u00e2teau Feely organic wine, tours, accommodation\",\"description\":\"Biodynamic and natural wine, tours and wine school, ecological luxury lodge\",\"publisher\":{\"@id\":\"https:\/\/chateaufeely.com\/fr\/#organization\"},\"potentialAction\":[{\"@type\":\"SearchAction\",\"target\":{\"@type\":\"EntryPoint\",\"urlTemplate\":\"https:\/\/chateaufeely.com\/fr\/?s={search_term_string}\"},\"query-input\":{\"@type\":\"PropertyValueSpecification\",\"valueRequired\":true,\"valueName\":\"search_term_string\"}}],\"inLanguage\":\"fr-FR\"},{\"@type\":\"Organization\",\"@id\":\"https:\/\/chateaufeely.com\/fr\/#organization\",\"name\":\"Ch\u00e2teau Feely organic wine, tours, accommodation\",\"url\":\"https:\/\/chateaufeely.com\/fr\/\",\"logo\":{\"@type\":\"ImageObject\",\"inLanguage\":\"fr-FR\",\"@id\":\"https:\/\/chateaufeely.com\/fr\/#\/schema\/logo\/image\/\",\"url\":\"https:\/\/chateaufeely.com\/wp-content\/uploads\/2016\/05\/logo-vertical-v2-250.png\",\"contentUrl\":\"https:\/\/chateaufeely.com\/wp-content\/uploads\/2016\/05\/logo-vertical-v2-250.png\",\"width\":250,\"height\":312,\"caption\":\"Ch\u00e2teau Feely organic wine, tours, accommodation\"},\"image\":{\"@id\":\"https:\/\/chateaufeely.com\/fr\/#\/schema\/logo\/image\/\"},\"sameAs\":[\"https:\/\/www.facebook.com\/ChateauFeely\/\",\"https:\/\/www.instagram.com\/chateaufeely\/\"]}]}<\/script>\n<!-- \/ Yoast SEO plugin. -->","yoast_head_json":{"title":"Famille Feely : D\u00e9couvrez notre histoire ancienne d\u00e8s aujourd\u2019hui","description":"Nous sommes la famille Feely et pr\u00e9sentons cette page notre histoire et notre parcours dans le vignoble et en Afrique aujourd\u2019hui en Dordogne.","robots":{"index":"index","follow":"follow","max-snippet":"max-snippet:-1","max-image-preview":"max-image-preview:large","max-video-preview":"max-video-preview:-1"},"canonical":"https:\/\/chateaufeely.com\/fr\/a-propos\/notre-histoire\/","og_locale":"fr_FR","og_type":"article","og_title":"Famille Feely : D\u00e9couvrez notre histoire ancienne d\u00e8s aujourd\u2019hui","og_description":"Nous sommes la famille Feely et pr\u00e9sentons cette page notre histoire et notre parcours dans le vignoble et en Afrique aujourd\u2019hui en Dordogne.","og_url":"https:\/\/chateaufeely.com\/fr\/a-propos\/notre-histoire\/","og_site_name":"Ch\u00e2teau Feely organic wine, tours, accommodation","article_publisher":"https:\/\/www.facebook.com\/ChateauFeely\/","article_modified_time":"2026-02-27T15:24:36+00:00","og_image":[{"url":"https:\/\/ir-na.amazon-adsystem.com\/e\/ir?t=carofeely06-20&amp;l=am2&amp;o=1&amp;a=B06XKKLPB9","type":"","width":"","height":""}],"twitter_card":"summary_large_image","twitter_misc":{"Dur\u00e9e de lecture estim\u00e9e":"3 minutes"},"schema":{"@context":"https:\/\/schema.org","@graph":[{"@type":"WebPage","@id":"https:\/\/chateaufeely.com\/fr\/a-propos\/notre-histoire\/","url":"https:\/\/chateaufeely.com\/fr\/a-propos\/notre-histoire\/","name":"Famille Feely : D\u00e9couvrez notre histoire ancienne d\u00e8s aujourd\u2019hui","isPartOf":{"@id":"https:\/\/chateaufeely.com\/fr\/#website"},"primaryImageOfPage":{"@id":"https:\/\/chateaufeely.com\/fr\/a-propos\/notre-histoire\/#primaryimage"},"image":{"@id":"https:\/\/chateaufeely.com\/fr\/a-propos\/notre-histoire\/#primaryimage"},"thumbnailUrl":"https:\/\/ir-na.amazon-adsystem.com\/e\/ir?t=carofeely06-20&amp;l=am2&amp;o=1&amp;a=B06XKKLPB9","datePublished":"2016-05-22T08:03:13+00:00","dateModified":"2026-02-27T15:24:36+00:00","description":"Nous sommes la famille Feely et pr\u00e9sentons cette page notre histoire et notre parcours dans le vignoble et en Afrique aujourd\u2019hui en Dordogne.","breadcrumb":{"@id":"https:\/\/chateaufeely.com\/fr\/a-propos\/notre-histoire\/#breadcrumb"},"inLanguage":"fr-FR","potentialAction":[{"@type":"ReadAction","target":["https:\/\/chateaufeely.com\/fr\/a-propos\/notre-histoire\/"]}]},{"@type":"ImageObject","inLanguage":"fr-FR","@id":"https:\/\/chateaufeely.com\/fr\/a-propos\/notre-histoire\/#primaryimage","url":"https:\/\/ir-na.amazon-adsystem.com\/e\/ir?t=carofeely06-20&amp;l=am2&amp;o=1&amp;a=B06XKKLPB9","contentUrl":"https:\/\/ir-na.amazon-adsystem.com\/e\/ir?t=carofeely06-20&amp;l=am2&amp;o=1&amp;a=B06XKKLPB9"},{"@type":"BreadcrumbList","@id":"https:\/\/chateaufeely.com\/fr\/a-propos\/notre-histoire\/#breadcrumb","itemListElement":[{"@type":"ListItem","position":1,"name":"Accueil","item":"https:\/\/chateaufeely.com\/fr\/"},{"@type":"ListItem","position":2,"name":"\u00c0 propos","item":"https:\/\/chateaufeely.com\/fr\/about\/"},{"@type":"ListItem","position":3,"name":"Histoire du Ch\u00e2teau Feely"}]},{"@type":"WebSite","@id":"https:\/\/chateaufeely.com\/fr\/#website","url":"https:\/\/chateaufeely.com\/fr\/","name":"Ch\u00e2teau Feely organic wine, tours, accommodation","description":"Biodynamic and natural wine, tours and wine school, ecological luxury lodge","publisher":{"@id":"https:\/\/chateaufeely.com\/fr\/#organization"},"potentialAction":[{"@type":"SearchAction","target":{"@type":"EntryPoint","urlTemplate":"https:\/\/chateaufeely.com\/fr\/?s={search_term_string}"},"query-input":{"@type":"PropertyValueSpecification","valueRequired":true,"valueName":"search_term_string"}}],"inLanguage":"fr-FR"},{"@type":"Organization","@id":"https:\/\/chateaufeely.com\/fr\/#organization","name":"Ch\u00e2teau Feely organic wine, tours, accommodation","url":"https:\/\/chateaufeely.com\/fr\/","logo":{"@type":"ImageObject","inLanguage":"fr-FR","@id":"https:\/\/chateaufeely.com\/fr\/#\/schema\/logo\/image\/","url":"https:\/\/chateaufeely.com\/wp-content\/uploads\/2016\/05\/logo-vertical-v2-250.png","contentUrl":"https:\/\/chateaufeely.com\/wp-content\/uploads\/2016\/05\/logo-vertical-v2-250.png","width":250,"height":312,"caption":"Ch\u00e2teau Feely organic wine, tours, accommodation"},"image":{"@id":"https:\/\/chateaufeely.com\/fr\/#\/schema\/logo\/image\/"},"sameAs":["https:\/\/www.facebook.com\/ChateauFeely\/","https:\/\/www.instagram.com\/chateaufeely\/"]}]}},"_links":{"self":[{"href":"https:\/\/chateaufeely.com\/fr\/wp-json\/wp\/v2\/pages\/136","targetHints":{"allow":["GET"]}}],"collection":[{"href":"https:\/\/chateaufeely.com\/fr\/wp-json\/wp\/v2\/pages"}],"about":[{"href":"https:\/\/chateaufeely.com\/fr\/wp-json\/wp\/v2\/types\/page"}],"author":[{"embeddable":true,"href":"https:\/\/chateaufeely.com\/fr\/wp-json\/wp\/v2\/users\/2"}],"replies":[{"embeddable":true,"href":"https:\/\/chateaufeely.com\/fr\/wp-json\/wp\/v2\/comments?post=136"}],"version-history":[{"count":5,"href":"https:\/\/chateaufeely.com\/fr\/wp-json\/wp\/v2\/pages\/136\/revisions"}],"predecessor-version":[{"id":10836,"href":"https:\/\/chateaufeely.com\/fr\/wp-json\/wp\/v2\/pages\/136\/revisions\/10836"}],"up":[{"embeddable":true,"href":"https:\/\/chateaufeely.com\/fr\/wp-json\/wp\/v2\/pages\/771"}],"wp:attachment":[{"href":"https:\/\/chateaufeely.com\/fr\/wp-json\/wp\/v2\/media?parent=136"}],"curies":[{"name":"wp","href":"https:\/\/api.w.org\/{rel}","templated":true}]}}