{"id":155,"date":"2016-05-22T09:48:43","date_gmt":"2016-05-22T08:48:43","guid":{"rendered":"http:\/\/chateaufeely.com\/?page_id=155"},"modified":"2026-02-27T16:25:09","modified_gmt":"2026-02-27T15:25:09","slug":"galerie-photos","status":"publish","type":"page","link":"https:\/\/chateaufeely.com\/fr\/a-propos\/galerie-photos\/","title":{"rendered":"Galerie photos"},"content":{"rendered":"[vc_row][vc_column][mk_photo_album posts=\u00a0\u00bb\u00a0\u00bb author=\u00a0\u00bb\u00a0\u00bb show_title_desc_without_hover=\u00a0\u00bbtrue\u00a0\u00bb title_preview_style=\u00a0\u00bbgradient\u00a0\u00bb show_thumbnail_without_hover=\u00a0\u00bbtrue\u00a0\u00bb thumbnail_shape=\u00a0\u00bbcircle\u00a0\u00bb overlay_background=\u00a0\u00bb#e1c57d\u00a0\u00bb cover_image_hover_animation=\u00a0\u00bbblur\u00a0\u00bb][\/vc_column][\/vc_row]\n","protected":false},"excerpt":{"rendered":"<p>[vc_row][vc_column][mk_photo_album posts=\u00a0\u00bb\u00a0\u00bb author=\u00a0\u00bb\u00a0\u00bb show_title_desc_without_hover=\u00a0\u00bbtrue\u00a0\u00bb title_preview_style=\u00a0\u00bbgradient\u00a0\u00bb show_thumbnail_without_hover=\u00a0\u00bbtrue\u00a0\u00bb thumbnail_shape=\u00a0\u00bbcircle\u00a0\u00bb overlay_background=\u00a0\u00bb#e1c57d\u00a0\u00bb cover_image_hover_animation=\u00a0\u00bbblur\u00a0\u00bb][\/vc_column][\/vc_row]<\/p>\n","protected":false},"author":2,"featured_media":0,"parent":771,"menu_order":0,"comment_status":"closed","ping_status":"closed","template":"","meta":{"footnotes":""},"class_list":["post-155","page","type-page","status-publish","hentry"],"yoast_head":"<!-- This site is optimized with the Yoast SEO plugin v27.3 - https:\/\/yoast.com\/product\/yoast-seo-wordpress\/ -->\n<title>Galeries photos : d\u00e9couvrez en images notre terroir Feely<\/title>\n<meta name=\"description\" content=\"Plusieurs galeries photos (vignes, gites et visites) vous permettent de d\u00e9couvrir notre ch\u00e2teau et ses diff\u00e9rentes activit\u00e9s en images.\" \/>\n<meta name=\"robots\" content=\"index, follow, max-snippet:-1, max-image-preview:large, max-video-preview:-1\" \/>\n<link rel=\"canonical\" href=\"https:\/\/chateaufeely.com\/fr\/a-propos\/galerie-photos\/\" \/>\n<meta property=\"og:locale\" content=\"fr_FR\" \/>\n<meta property=\"og:type\" content=\"article\" \/>\n<meta property=\"og:title\" content=\"Galeries photos : d\u00e9couvrez en images notre terroir Feely\" \/>\n<meta property=\"og:description\" content=\"Plusieurs galeries photos (vignes, gites et visites) vous permettent de d\u00e9couvrir notre ch\u00e2teau et ses diff\u00e9rentes activit\u00e9s en images.\" \/>\n<meta property=\"og:url\" content=\"https:\/\/chateaufeely.com\/fr\/a-propos\/galerie-photos\/\" \/>\n<meta property=\"og:site_name\" content=\"Ch\u00e2teau Feely organic wine, tours, accommodation\" \/>\n<meta property=\"article:publisher\" content=\"https:\/\/www.facebook.com\/ChateauFeely\/\" \/>\n<meta property=\"article:modified_time\" content=\"2026-02-27T15:25:09+00:00\" \/>\n<meta name=\"twitter:card\" content=\"summary_large_image\" \/>\n<script type=\"application\/ld+json\" class=\"yoast-schema-graph\">{\"@context\":\"https:\\\/\\\/schema.org\",\"@graph\":[{\"@type\":\"WebPage\",\"@id\":\"https:\\\/\\\/chateaufeely.com\\\/fr\\\/a-propos\\\/galerie-photos\\\/\",\"url\":\"https:\\\/\\\/chateaufeely.com\\\/fr\\\/a-propos\\\/galerie-photos\\\/\",\"name\":\"Galeries photos : d\u00e9couvrez en images notre terroir Feely\",\"isPartOf\":{\"@id\":\"https:\\\/\\\/chateaufeely.com\\\/fr\\\/#website\"},\"datePublished\":\"2016-05-22T08:48:43+00:00\",\"dateModified\":\"2026-02-27T15:25:09+00:00\",\"description\":\"Plusieurs galeries photos (vignes, gites et visites) vous permettent de d\u00e9couvrir notre ch\u00e2teau et ses diff\u00e9rentes activit\u00e9s en images.\",\"breadcrumb\":{\"@id\":\"https:\\\/\\\/chateaufeely.com\\\/fr\\\/a-propos\\\/galerie-photos\\\/#breadcrumb\"},\"inLanguage\":\"fr-FR\",\"potentialAction\":[{\"@type\":\"ReadAction\",\"target\":[\"https:\\\/\\\/chateaufeely.com\\\/fr\\\/a-propos\\\/galerie-photos\\\/\"]}]},{\"@type\":\"BreadcrumbList\",\"@id\":\"https:\\\/\\\/chateaufeely.com\\\/fr\\\/a-propos\\\/galerie-photos\\\/#breadcrumb\",\"itemListElement\":[{\"@type\":\"ListItem\",\"position\":1,\"name\":\"Accueil\",\"item\":\"https:\\\/\\\/chateaufeely.com\\\/fr\\\/\"},{\"@type\":\"ListItem\",\"position\":2,\"name\":\"\u00c0 propos\",\"item\":\"https:\\\/\\\/chateaufeely.com\\\/fr\\\/about\\\/\"},{\"@type\":\"ListItem\",\"position\":3,\"name\":\"Galerie photos\"}]},{\"@type\":\"WebSite\",\"@id\":\"https:\\\/\\\/chateaufeely.com\\\/fr\\\/#website\",\"url\":\"https:\\\/\\\/chateaufeely.com\\\/fr\\\/\",\"name\":\"Ch\u00e2teau Feely organic wine, tours, accommodation\",\"description\":\"Biodynamic and natural wine, tours and wine school, ecological luxury lodge\",\"publisher\":{\"@id\":\"https:\\\/\\\/chateaufeely.com\\\/fr\\\/#organization\"},\"potentialAction\":[{\"@type\":\"SearchAction\",\"target\":{\"@type\":\"EntryPoint\",\"urlTemplate\":\"https:\\\/\\\/chateaufeely.com\\\/fr\\\/?s={search_term_string}\"},\"query-input\":{\"@type\":\"PropertyValueSpecification\",\"valueRequired\":true,\"valueName\":\"search_term_string\"}}],\"inLanguage\":\"fr-FR\"},{\"@type\":\"Organization\",\"@id\":\"https:\\\/\\\/chateaufeely.com\\\/fr\\\/#organization\",\"name\":\"Ch\u00e2teau Feely organic wine, tours, accommodation\",\"url\":\"https:\\\/\\\/chateaufeely.com\\\/fr\\\/\",\"logo\":{\"@type\":\"ImageObject\",\"inLanguage\":\"fr-FR\",\"@id\":\"https:\\\/\\\/chateaufeely.com\\\/fr\\\/#\\\/schema\\\/logo\\\/image\\\/\",\"url\":\"https:\\\/\\\/chateaufeely.com\\\/wp-content\\\/uploads\\\/2016\\\/05\\\/logo-vertical-v2-250.png\",\"contentUrl\":\"https:\\\/\\\/chateaufeely.com\\\/wp-content\\\/uploads\\\/2016\\\/05\\\/logo-vertical-v2-250.png\",\"width\":250,\"height\":312,\"caption\":\"Ch\u00e2teau Feely organic wine, tours, accommodation\"},\"image\":{\"@id\":\"https:\\\/\\\/chateaufeely.com\\\/fr\\\/#\\\/schema\\\/logo\\\/image\\\/\"},\"sameAs\":[\"https:\\\/\\\/www.facebook.com\\\/ChateauFeely\\\/\",\"https:\\\/\\\/www.instagram.com\\\/chateaufeely\\\/\"]}]}<\/script>\n<!-- \/ Yoast SEO plugin. -->","yoast_head_json":{"title":"Galeries photos : d\u00e9couvrez en images notre terroir Feely","description":"Plusieurs galeries photos (vignes, gites et visites) vous permettent de d\u00e9couvrir notre ch\u00e2teau et ses diff\u00e9rentes activit\u00e9s en images.","robots":{"index":"index","follow":"follow","max-snippet":"max-snippet:-1","max-image-preview":"max-image-preview:large","max-video-preview":"max-video-preview:-1"},"canonical":"https:\/\/chateaufeely.com\/fr\/a-propos\/galerie-photos\/","og_locale":"fr_FR","og_type":"article","og_title":"Galeries photos : d\u00e9couvrez en images notre terroir Feely","og_description":"Plusieurs galeries photos (vignes, gites et visites) vous permettent de d\u00e9couvrir notre ch\u00e2teau et ses diff\u00e9rentes activit\u00e9s en images.","og_url":"https:\/\/chateaufeely.com\/fr\/a-propos\/galerie-photos\/","og_site_name":"Ch\u00e2teau Feely organic wine, tours, accommodation","article_publisher":"https:\/\/www.facebook.com\/ChateauFeely\/","article_modified_time":"2026-02-27T15:25:09+00:00","twitter_card":"summary_large_image","schema":{"@context":"https:\/\/schema.org","@graph":[{"@type":"WebPage","@id":"https:\/\/chateaufeely.com\/fr\/a-propos\/galerie-photos\/","url":"https:\/\/chateaufeely.com\/fr\/a-propos\/galerie-photos\/","name":"Galeries photos : d\u00e9couvrez en images notre terroir Feely","isPartOf":{"@id":"https:\/\/chateaufeely.com\/fr\/#website"},"datePublished":"2016-05-22T08:48:43+00:00","dateModified":"2026-02-27T15:25:09+00:00","description":"Plusieurs galeries photos (vignes, gites et visites) vous permettent de d\u00e9couvrir notre ch\u00e2teau et ses diff\u00e9rentes activit\u00e9s en images.","breadcrumb":{"@id":"https:\/\/chateaufeely.com\/fr\/a-propos\/galerie-photos\/#breadcrumb"},"inLanguage":"fr-FR","potentialAction":[{"@type":"ReadAction","target":["https:\/\/chateaufeely.com\/fr\/a-propos\/galerie-photos\/"]}]},{"@type":"BreadcrumbList","@id":"https:\/\/chateaufeely.com\/fr\/a-propos\/galerie-photos\/#breadcrumb","itemListElement":[{"@type":"ListItem","position":1,"name":"Accueil","item":"https:\/\/chateaufeely.com\/fr\/"},{"@type":"ListItem","position":2,"name":"\u00c0 propos","item":"https:\/\/chateaufeely.com\/fr\/about\/"},{"@type":"ListItem","position":3,"name":"Galerie photos"}]},{"@type":"WebSite","@id":"https:\/\/chateaufeely.com\/fr\/#website","url":"https:\/\/chateaufeely.com\/fr\/","name":"Ch\u00e2teau Feely organic wine, tours, accommodation","description":"Biodynamic and natural wine, tours and wine school, ecological luxury lodge","publisher":{"@id":"https:\/\/chateaufeely.com\/fr\/#organization"},"potentialAction":[{"@type":"SearchAction","target":{"@type":"EntryPoint","urlTemplate":"https:\/\/chateaufeely.com\/fr\/?s={search_term_string}"},"query-input":{"@type":"PropertyValueSpecification","valueRequired":true,"valueName":"search_term_string"}}],"inLanguage":"fr-FR"},{"@type":"Organization","@id":"https:\/\/chateaufeely.com\/fr\/#organization","name":"Ch\u00e2teau Feely organic wine, tours, accommodation","url":"https:\/\/chateaufeely.com\/fr\/","logo":{"@type":"ImageObject","inLanguage":"fr-FR","@id":"https:\/\/chateaufeely.com\/fr\/#\/schema\/logo\/image\/","url":"https:\/\/chateaufeely.com\/wp-content\/uploads\/2016\/05\/logo-vertical-v2-250.png","contentUrl":"https:\/\/chateaufeely.com\/wp-content\/uploads\/2016\/05\/logo-vertical-v2-250.png","width":250,"height":312,"caption":"Ch\u00e2teau Feely organic wine, tours, accommodation"},"image":{"@id":"https:\/\/chateaufeely.com\/fr\/#\/schema\/logo\/image\/"},"sameAs":["https:\/\/www.facebook.com\/ChateauFeely\/","https:\/\/www.instagram.com\/chateaufeely\/"]}]}},"_links":{"self":[{"href":"https:\/\/chateaufeely.com\/fr\/wp-json\/wp\/v2\/pages\/155","targetHints":{"allow":["GET"]}}],"collection":[{"href":"https:\/\/chateaufeely.com\/fr\/wp-json\/wp\/v2\/pages"}],"about":[{"href":"https:\/\/chateaufeely.com\/fr\/wp-json\/wp\/v2\/types\/page"}],"author":[{"embeddable":true,"href":"https:\/\/chateaufeely.com\/fr\/wp-json\/wp\/v2\/users\/2"}],"replies":[{"embeddable":true,"href":"https:\/\/chateaufeely.com\/fr\/wp-json\/wp\/v2\/comments?post=155"}],"version-history":[{"count":1,"href":"https:\/\/chateaufeely.com\/fr\/wp-json\/wp\/v2\/pages\/155\/revisions"}],"predecessor-version":[{"id":10790,"href":"https:\/\/chateaufeely.com\/fr\/wp-json\/wp\/v2\/pages\/155\/revisions\/10790"}],"up":[{"embeddable":true,"href":"https:\/\/chateaufeely.com\/fr\/wp-json\/wp\/v2\/pages\/771"}],"wp:attachment":[{"href":"https:\/\/chateaufeely.com\/fr\/wp-json\/wp\/v2\/media?parent=155"}],"curies":[{"name":"wp","href":"https:\/\/api.w.org\/{rel}","templated":true}]}}