{"id":251,"date":"2016-05-24T08:29:33","date_gmt":"2016-05-24T07:29:33","guid":{"rendered":"http:\/\/chateaufeely.com\/?page_id=251"},"modified":"2026-02-27T16:22:58","modified_gmt":"2026-02-27T15:22:58","slug":"visites","status":"publish","type":"page","link":"https:\/\/chateaufeely.com\/fr\/visites\/","title":{"rendered":"Visites"},"content":{"rendered":"[vc_row][vc_column][mk_icon_box icon=\u00a0\u00bbmk-li-leaf\u00a0\u00bb title=\u00a0\u00bbVISITES DE VINS, D\u00c9JEUNERS ET D\u00c9GUSTATIONS DE VIN\u00a0\u00bb text_size=\u00a0\u00bb30&Prime; style=\u00a0\u00bbsimple_ultimate\u00a0\u00bb icon_size=\u00a0\u00bblarge\u00a0\u00bb icon_location=\u00a0\u00bbtop\u00a0\u00bb icon_color=\u00a0\u00bb#e0b957&Prime; title_color=\u00a0\u00bb#000000&Prime;]\n<p style=\"text-align: center;\"><span style=\"color: #000000;\">Rejoignez-nous pour une exp\u00e9rience inoubliable ! <a href=\"https:\/\/chateaufeely.com\/visits\/feely-organic-wine-tours-options\/\"><strong>Consultez notre liste compl\u00e8te de visites, cours et exp\u00e9riences d\u2019association<\/strong>\u00a0<\/a><\/span><\/p>\n[\/mk_icon_box][mk_button dimension=\u00a0\u00bbflat\u00a0\u00bb corner_style=\u00a0\u00bbrounded\u00a0\u00bb size=\u00a0\u00bbmedium\u00a0\u00bb url=\u00a0\u00bbhttps:\/\/chateaufeely.com\/visits\/feely-organic-wine-tours-options\/\u00a0\u00bb align=\u00a0\u00bbcenter\u00a0\u00bb margin_top=\u00a0\u00bb15&Prime; bg_color=\u00a0\u00bb#e0b957&Prime; btn_hover_bg=\u00a0\u00bb#e0a000&Prime;]LISTE DE TOUTES LES TOURN\u00c9ES[\/mk_button][\/vc_column][\/vc_row][vc_row css=\u00a0\u00bb.vc_custom_1464075058595{padding-top: 20px !important;}\u00a0\u00bb][vc_column width=\u00a0\u00bb1\/3&Prime;][mk_icon_box2 icon_type=\u00a0\u00bbimage\u00a0\u00bb icon_size=\u00a0\u00bbinherit\u00a0\u00bb icon_image=\u00a0\u00bb\/wp-content\/uploads\/2016\/05\/visite1.jpg\u00a0\u00bb title=\u00a0\u00bbVisites courtes (1 \u00e0 2 heures)\u00a0\u00bb title_color=\u00a0\u00bb#e0b957&Prime; read_more_url=\u00a0\u00bb\/visites\/courtes?lang=en\u00a0\u00bb][\/mk_icon_box2][mk_button dimension=\u00a0\u00bbflat\u00a0\u00bb corner_style=\u00a0\u00bbrounded\u00a0\u00bb size=\u00a0\u00bbmedium\u00a0\u00bb url=\u00a0\u00bb\/visites\/courtes\u00a0\u00bb align=\u00a0\u00bbcenter\u00a0\u00bb margin_top=\u00a0\u00bb15&Prime; bg_color=\u00a0\u00bb#e0b957&Prime; btn_hover_bg=\u00a0\u00bb#e0a000&Prime;]EN SAVOIR PLUS[\/mk_button][\/vc_column][vc_column width=\u00a0\u00bb1\/3&Prime;][mk_icon_box2 icon_type=\u00a0\u00bbimage\u00a0\u00bb icon_size=\u00a0\u00bbinherit\u00a0\u00bb icon_image=\u00a0\u00bb\/wp-content\/uploads\/2016\/05\/visite2.jpg\u00a0\u00bb title=\u00a0\u00bbVisites d\u2019un demi-jour\u00a0\u00bb title_color=\u00a0\u00bb#e0b957&Prime; read_more_url=\u00a0\u00bb\/visites\/demie-journee?lang=en\u00a0\u00bb][\/mk_icon_box2][mk_button dimension=\u00a0\u00bbflat\u00a0\u00bb corner_style=\u00a0\u00bbrounded\u00a0\u00bb size=\u00a0\u00bbmedium\u00a0\u00bb url=\u00a0\u00bb\/visites\/demie-journee\u00a0\u00bb align=\u00a0\u00bbcenter\u00a0\u00bb margin_top=\u00a0\u00bb15&Prime; bg_color=\u00a0\u00bb#e0b957&Prime; btn_hover_bg=\u00a0\u00bb#e0a000&Prime;]EN SAVOIR PLUS[\/mk_button][\/vc_column][vc_column width=\u00a0\u00bb1\/3&Prime;][mk_icon_box2 icon_type=\u00a0\u00bbimage\u00a0\u00bb icon_size=\u00a0\u00bbinherit\u00a0\u00bb icon_image=\u00a0\u00bb\/wp-content\/uploads\/2016\/05\/visite3.jpg\u00a0\u00bb title=\u00a0\u00bbVisites d\u2019une journ\u00e9e compl\u00e8te\u00a0\u00bb title_color=\u00a0\u00bb#e0b957&Prime; read_more_url=\u00a0\u00bb\/visites\/journee?lang=en\u00a0\u00bb][\/mk_icon_box2][mk_button dimension=\u00a0\u00bbflat\u00a0\u00bb corner_style=\u00a0\u00bbrounded\u00a0\u00bb size=\u00a0\u00bbmedium\u00a0\u00bb url=\u00a0\u00bb\/visites\/journee\u00a0\u00bb align=\u00a0\u00bbcenter\u00a0\u00bb margin_top=\u00a0\u00bb15&Prime; bg_color=\u00a0\u00bb#e0b957&Prime; btn_hover_bg=\u00a0\u00bb#e0a000&Prime;]EN SAVOIR PLUS[\/mk_button][\/vc_column][\/vc_row][vc_row][vc_column][vc_column_text css=\u00a0\u00bb.vc_custom_1583422508544{margin-bottom: 0px !important;}\u00a0\u00bb]&nbsp;[\/vc_column_text][vc_column_text css=\u00a0\u00bb.vc_custom_1583422248641{margin-bottom: 0px !important;}\u00a0\u00bb]\n<p style=\"text-align: center;\"><span style=\"color: #000000;\">Si vous avez une demande sp\u00e9ciale (groupe, c\u00e9l\u00e9bration, \u00e9v\u00e9nement d\u2019entreprise, \u00e9ducation au vin&#8230;), n\u2019h\u00e9sitez pas \u00e0 nous demander.<\/span><\/p>\n<p style=\"text-align: center;\"><span style=\"color: #000000;\">Vous cherchez une visite organis\u00e9e de plusieurs jours ? <a style=\"color: #000000;\" href=\"https:\/\/chateaufeely.com\/visites\/walking-wine-tours\/\">Envisagez de charmantes visites \u00e0 pied de plusieurs jours<\/a><\/span><\/p>\n<p style=\"text-align: center;\"><span style=\"color: #000000;\">Et des <a style=\"color: #000000;\" href=\"https:\/\/chateaufeely.com\/visites\/wine-tours\/\">excursions de vin gourmet de luxe de plusieurs jours<\/a><\/span><\/p>\n<p style=\"text-align: center;\"><span style=\"color: #000000;\">Et <a style=\"color: #000000;\" href=\"http:\/\/www.frenchwineadventures.com\" target=\"_blank\" rel=\"noopener noreferrer\">des cours de vin de plusieurs jours avec notre site partenaire French Wine Adventures<\/a><\/span><\/p>\n[\/vc_column_text][mk_button dimension=\u00a0\u00bbflat\u00a0\u00bb size=\u00a0\u00bbmedium\u00a0\u00bb url=\u00a0\u00bb\/contact\u00a0\u00bb align=\u00a0\u00bbcenter\u00a0\u00bb margin_top=\u00a0\u00bb15&Prime; bg_color=\u00a0\u00bb#e0b957&Prime; btn_hover_bg=\u00a0\u00bb#e0a000&Prime;]CONTACT[\/mk_button][vc_column_text css=\u00a0\u00bb.vc_custom_1583422508544{margin-bottom: 0px !important;}\u00a0\u00bb]&nbsp;[\/vc_column_text][\/vc_column][\/vc_row][vc_row][vc_column width=\u00a0\u00bb1\/3&Prime;][mk_image src=\u00a0\u00bbhttps:\/\/chateaufeely.com\/wp-content\/uploads\/2020\/03\/visites2.jpg\u00a0\u00bb image_size=\u00a0\u00bbfull\u00a0\u00bb][\/vc_column][vc_column width=\u00a0\u00bb2\/3&Prime;][vc_column_text css=\u00a0\u00bb.vc_custom_1583422555285{margin-bottom: 0px !important;}\u00a0\u00bb]<span style=\"color: #000000;\"><strong>OR :<\/strong> Ch\u00e2teau Feely, <a style=\"color: #000000;\" href=\"https:\/\/chateaufeely.com\/gold-trophy-for-chateau-feely-and-video\/\">laur\u00e9at du Troph\u00e9e d\u2019Or<\/a> pour l\u2019\u00e9ducation et la valorisation des pratiques environnementales lors du premier Concours National de Tourisme Viticologique en France.<\/span><\/p>\n<p><span style=\"color: #000000;\"><strong>OR :<\/strong> Chateau Feely d\u00e9tient le prestigieux prix Gold \u00ab Best of Wine Tourism \u00bb pour l\u2019h\u00e9bergement sur un domaine viticole en 2017 et le prestigieux prix Gold \u00ab Best of Wine Tourism \u00bb pour nos visites et le tourisme durable en 2013.<\/span><\/p>\n<p><span style=\"color: #000000;\">D\u00e9couvrez le vin bio et biodynamique dans un vignoble bio \u00e0 1h15 de Bordeaux et \u00e0 15 minutes de Bergerac.<\/span>[\/vc_column_text][\/vc_column][\/vc_row][vc_row column_padding=\u00a0\u00bb5&Prime; css=\u00a0\u00bb.vc_custom_1558358368929{border-radius: 30px !important;}\u00a0\u00bb][vc_column][vc_column_text css=\u00a0\u00bb.vc_custom_1583422569172{margin-bottom: 0px !important;}\u00a0\u00bb]&nbsp;[\/vc_column_text][vc_column_text css=\u00a0\u00bb.vc_custom_1753460844229{margin-bottom: 0px !important;}\u00a0\u00bb]\n<p style=\"text-align: center;\"><strong><span style=\"color: #000000;\">Voyez ci-dessous une vid\u00e9o sur les visites de Chateau Feely :<\/span><\/strong><\/p>\n<h2><strong>Vid\u00e9o, Caro Feely de Ch\u00e2teau Feely, gagnant du troph\u00e9e d\u2019or pour la p\u00e9dagogie et valorisation de l\u2019environnement<\/strong><\/h2>\n[incruster]https:\/\/www.youtube.com\/watch?v=5mJRHJin2hY&#038;feature=youtu.be[\/incruster][\/vc_column_text][\/vc_column][\/vc_row][vc_row][vc_column][vc_column_text css=\u00a0\u00bb.vc_custom_1644423469762{margin-bottom: 0px !important;}\u00a0\u00bb]<span style=\"color: #000000;\">Profitez d\u2019un apr\u00e8s-midi, d\u2019une journ\u00e9e ou d\u2019une journ\u00e9e amusante avec l\u2019\u00e9quipe du Ch\u00e2teau Feely, ou d\u2019un cours de vin avec Caro Feely, vigneronne et \u00e9ducatrice certifi\u00e9e en vin. Nos activit\u00e9s peuvent \u00eatre r\u00e9serv\u00e9es toute l\u2019ann\u00e9e, tous les jours sauf le dimanche.<\/span><\/p>\n<p><span style=\"color: #000000;\">T\u00e9l\u00e9chargez le r\u00e9sum\u00e9 du vignoble Chateau Feely Organic, visitez<b> <a href=\"https:\/\/chateaufeely.com\/wp-content\/uploads\/2022\/02\/chateau-feely-price-list-2022-short.pdf\">chateau-feely-price-list-2022-short<\/a><\/b> et consultez notre brochure photo pour Chateau <a href=\"https:\/\/chateaufeely.com\/wp-content\/uploads\/2021\/06\/chateau-feely-presentation-2021-francais-et-anglaisv2.pdf\">Feely-feely-presentation-2021-fran\u00e7ais-et-anglaisv2<\/a>.<\/span><\/p>\n<p><span style=\"color: #000000;\">Visitez<strong> <a style=\"color: #000000;\" href=\"http:\/\/frenchwineadventures.com\/\" target=\"_blank\" rel=\"noopener noreferrer\">le site de French Wine Adventures pour d\u00e9couvrir l\u2019\u00e9cole de vin et les visites de vins que nous proposons \u00e0 Bergerac, Bordeaux et St Emilion.<\/a><\/strong><\/span>[\/vc_column_text][\/vc_column][\/vc_row][vc_row][vc_column][\/vc_column][\/vc_row]\n","protected":false},"excerpt":{"rendered":"<p>[vc_row][vc_column][mk_icon_box icon=\u00a0\u00bbmk-li-leaf\u00a0\u00bb title=\u00a0\u00bbVISITES DE VINS, D\u00c9JEUNERS ET D\u00c9GUSTATIONS DE VIN\u00a0\u00bb text_size=\u00a0\u00bb30&Prime; style=\u00a0\u00bbsimple_ultimate\u00a0\u00bb icon_size=\u00a0\u00bblarge\u00a0\u00bb icon_location=\u00a0\u00bbtop\u00a0\u00bb icon_color=\u00a0\u00bb#e0b957&Prime; title_color=\u00a0\u00bb#000000&Prime;] Rejoignez-nous pour une exp\u00e9rience inoubliable ! Consultez notre liste compl\u00e8te de visites, cours et exp\u00e9riences d\u2019association\u00a0 [\/mk_icon_box][mk_button dimension=\u00a0\u00bbflat\u00a0\u00bb corner_style=\u00a0\u00bbrounded\u00a0\u00bb size=\u00a0\u00bbmedium\u00a0\u00bb url=\u00a0\u00bbhttps:\/\/chateaufeely.com\/visits\/feely-organic-wine-tours-options\/\u00a0\u00bb align=\u00a0\u00bbcenter\u00a0\u00bb margin_top=\u00a0\u00bb15&Prime; bg_color=\u00a0\u00bb#e0b957&Prime; btn_hover_bg=\u00a0\u00bb#e0a000&Prime;]LISTE DE TOUTES LES TOURN\u00c9ES[\/mk_button][\/vc_column][\/vc_row][vc_row css=\u00a0\u00bb.vc_custom_1464075058595{padding-top: 20px !important;}\u00a0\u00bb][vc_column width=\u00a0\u00bb1\/3&Prime;][mk_icon_box2 icon_type=\u00a0\u00bbimage\u00a0\u00bb icon_size=\u00a0\u00bbinherit\u00a0\u00bb icon_image=\u00a0\u00bb\/wp-content\/uploads\/2016\/05\/visite1.jpg\u00a0\u00bb title=\u00a0\u00bbVisites courtes (1 [&hellip;]<\/p>\n","protected":false},"author":2,"featured_media":0,"parent":0,"menu_order":0,"comment_status":"closed","ping_status":"closed","template":"","meta":{"footnotes":""},"class_list":["post-251","page","type-page","status-publish","hentry"],"yoast_head":"<!-- This site is optimized with the Yoast SEO plugin v27.3 - https:\/\/yoast.com\/product\/yoast-seo-wordpress\/ -->\n<title>Visites d\u2019une journ\u00e9e, d\u2019une demi-journ\u00e9e et d\u2019une journ\u00e9e compl\u00e8te au Ch\u00e2teau Feely.<\/title>\n<meta name=\"description\" content=\"Excursions gastronomiques, excursions anim\u00e9es et cours de vin d\u2019une heure \u00e0 plusieurs jours au Ch\u00e2teau F\u00e9ely entre Sarlat et Bordeaux\" \/>\n<meta name=\"robots\" content=\"index, follow, max-snippet:-1, max-image-preview:large, max-video-preview:-1\" \/>\n<link rel=\"canonical\" href=\"https:\/\/chateaufeely.com\/fr\/visites\/\" \/>\n<meta property=\"og:locale\" content=\"fr_FR\" \/>\n<meta property=\"og:type\" content=\"article\" \/>\n<meta property=\"og:title\" content=\"Visites d\u2019une journ\u00e9e, d\u2019une demi-journ\u00e9e et d\u2019une journ\u00e9e compl\u00e8te au Ch\u00e2teau Feely.\" \/>\n<meta property=\"og:description\" content=\"Excursions gastronomiques, excursions anim\u00e9es et cours de vin d\u2019une heure \u00e0 plusieurs jours au Ch\u00e2teau F\u00e9ely entre Sarlat et Bordeaux\" \/>\n<meta property=\"og:url\" content=\"https:\/\/chateaufeely.com\/fr\/visites\/\" \/>\n<meta property=\"og:site_name\" content=\"Ch\u00e2teau Feely organic wine, tours, accommodation\" \/>\n<meta property=\"article:publisher\" content=\"https:\/\/www.facebook.com\/ChateauFeely\/\" \/>\n<meta property=\"article:modified_time\" content=\"2026-02-27T15:22:58+00:00\" \/>\n<meta name=\"twitter:card\" content=\"summary_large_image\" \/>\n<meta name=\"twitter:label1\" content=\"Dur\u00e9e de lecture estim\u00e9e\" \/>\n\t<meta name=\"twitter:data1\" content=\"4 minutes\" \/>\n<script type=\"application\/ld+json\" class=\"yoast-schema-graph\">{\"@context\":\"https:\\\/\\\/schema.org\",\"@graph\":[{\"@type\":\"WebPage\",\"@id\":\"https:\\\/\\\/chateaufeely.com\\\/fr\\\/visites\\\/\",\"url\":\"https:\\\/\\\/chateaufeely.com\\\/fr\\\/visites\\\/\",\"name\":\"Visites d\u2019une journ\u00e9e, d\u2019une demi-journ\u00e9e et d\u2019une journ\u00e9e compl\u00e8te au Ch\u00e2teau Feely.\",\"isPartOf\":{\"@id\":\"https:\\\/\\\/chateaufeely.com\\\/fr\\\/#website\"},\"datePublished\":\"2016-05-24T07:29:33+00:00\",\"dateModified\":\"2026-02-27T15:22:58+00:00\",\"description\":\"Excursions gastronomiques, excursions anim\u00e9es et cours de vin d\u2019une heure \u00e0 plusieurs jours au Ch\u00e2teau F\u00e9ely entre Sarlat et Bordeaux\",\"breadcrumb\":{\"@id\":\"https:\\\/\\\/chateaufeely.com\\\/fr\\\/visites\\\/#breadcrumb\"},\"inLanguage\":\"fr-FR\",\"potentialAction\":[{\"@type\":\"ReadAction\",\"target\":[\"https:\\\/\\\/chateaufeely.com\\\/fr\\\/visites\\\/\"]}]},{\"@type\":\"BreadcrumbList\",\"@id\":\"https:\\\/\\\/chateaufeely.com\\\/fr\\\/visites\\\/#breadcrumb\",\"itemListElement\":[{\"@type\":\"ListItem\",\"position\":1,\"name\":\"Accueil\",\"item\":\"https:\\\/\\\/chateaufeely.com\\\/fr\\\/\"},{\"@type\":\"ListItem\",\"position\":2,\"name\":\"Visites\"}]},{\"@type\":\"WebSite\",\"@id\":\"https:\\\/\\\/chateaufeely.com\\\/fr\\\/#website\",\"url\":\"https:\\\/\\\/chateaufeely.com\\\/fr\\\/\",\"name\":\"Ch\u00e2teau Feely organic wine, tours, accommodation\",\"description\":\"Biodynamic and natural wine, tours and wine school, ecological luxury lodge\",\"publisher\":{\"@id\":\"https:\\\/\\\/chateaufeely.com\\\/fr\\\/#organization\"},\"potentialAction\":[{\"@type\":\"SearchAction\",\"target\":{\"@type\":\"EntryPoint\",\"urlTemplate\":\"https:\\\/\\\/chateaufeely.com\\\/fr\\\/?s={search_term_string}\"},\"query-input\":{\"@type\":\"PropertyValueSpecification\",\"valueRequired\":true,\"valueName\":\"search_term_string\"}}],\"inLanguage\":\"fr-FR\"},{\"@type\":\"Organization\",\"@id\":\"https:\\\/\\\/chateaufeely.com\\\/fr\\\/#organization\",\"name\":\"Ch\u00e2teau Feely organic wine, tours, accommodation\",\"url\":\"https:\\\/\\\/chateaufeely.com\\\/fr\\\/\",\"logo\":{\"@type\":\"ImageObject\",\"inLanguage\":\"fr-FR\",\"@id\":\"https:\\\/\\\/chateaufeely.com\\\/fr\\\/#\\\/schema\\\/logo\\\/image\\\/\",\"url\":\"https:\\\/\\\/chateaufeely.com\\\/wp-content\\\/uploads\\\/2016\\\/05\\\/logo-vertical-v2-250.png\",\"contentUrl\":\"https:\\\/\\\/chateaufeely.com\\\/wp-content\\\/uploads\\\/2016\\\/05\\\/logo-vertical-v2-250.png\",\"width\":250,\"height\":312,\"caption\":\"Ch\u00e2teau Feely organic wine, tours, accommodation\"},\"image\":{\"@id\":\"https:\\\/\\\/chateaufeely.com\\\/fr\\\/#\\\/schema\\\/logo\\\/image\\\/\"},\"sameAs\":[\"https:\\\/\\\/www.facebook.com\\\/ChateauFeely\\\/\",\"https:\\\/\\\/www.instagram.com\\\/chateaufeely\\\/\"]}]}<\/script>\n<!-- \/ Yoast SEO plugin. -->","yoast_head_json":{"title":"Visites d\u2019une journ\u00e9e, d\u2019une demi-journ\u00e9e et d\u2019une journ\u00e9e compl\u00e8te au Ch\u00e2teau Feely.","description":"Excursions gastronomiques, excursions anim\u00e9es et cours de vin d\u2019une heure \u00e0 plusieurs jours au Ch\u00e2teau F\u00e9ely entre Sarlat et Bordeaux","robots":{"index":"index","follow":"follow","max-snippet":"max-snippet:-1","max-image-preview":"max-image-preview:large","max-video-preview":"max-video-preview:-1"},"canonical":"https:\/\/chateaufeely.com\/fr\/visites\/","og_locale":"fr_FR","og_type":"article","og_title":"Visites d\u2019une journ\u00e9e, d\u2019une demi-journ\u00e9e et d\u2019une journ\u00e9e compl\u00e8te au Ch\u00e2teau Feely.","og_description":"Excursions gastronomiques, excursions anim\u00e9es et cours de vin d\u2019une heure \u00e0 plusieurs jours au Ch\u00e2teau F\u00e9ely entre Sarlat et Bordeaux","og_url":"https:\/\/chateaufeely.com\/fr\/visites\/","og_site_name":"Ch\u00e2teau Feely organic wine, tours, accommodation","article_publisher":"https:\/\/www.facebook.com\/ChateauFeely\/","article_modified_time":"2026-02-27T15:22:58+00:00","twitter_card":"summary_large_image","twitter_misc":{"Dur\u00e9e de lecture estim\u00e9e":"4 minutes"},"schema":{"@context":"https:\/\/schema.org","@graph":[{"@type":"WebPage","@id":"https:\/\/chateaufeely.com\/fr\/visites\/","url":"https:\/\/chateaufeely.com\/fr\/visites\/","name":"Visites d\u2019une journ\u00e9e, d\u2019une demi-journ\u00e9e et d\u2019une journ\u00e9e compl\u00e8te au Ch\u00e2teau Feely.","isPartOf":{"@id":"https:\/\/chateaufeely.com\/fr\/#website"},"datePublished":"2016-05-24T07:29:33+00:00","dateModified":"2026-02-27T15:22:58+00:00","description":"Excursions gastronomiques, excursions anim\u00e9es et cours de vin d\u2019une heure \u00e0 plusieurs jours au Ch\u00e2teau F\u00e9ely entre Sarlat et Bordeaux","breadcrumb":{"@id":"https:\/\/chateaufeely.com\/fr\/visites\/#breadcrumb"},"inLanguage":"fr-FR","potentialAction":[{"@type":"ReadAction","target":["https:\/\/chateaufeely.com\/fr\/visites\/"]}]},{"@type":"BreadcrumbList","@id":"https:\/\/chateaufeely.com\/fr\/visites\/#breadcrumb","itemListElement":[{"@type":"ListItem","position":1,"name":"Accueil","item":"https:\/\/chateaufeely.com\/fr\/"},{"@type":"ListItem","position":2,"name":"Visites"}]},{"@type":"WebSite","@id":"https:\/\/chateaufeely.com\/fr\/#website","url":"https:\/\/chateaufeely.com\/fr\/","name":"Ch\u00e2teau Feely organic wine, tours, accommodation","description":"Biodynamic and natural wine, tours and wine school, ecological luxury lodge","publisher":{"@id":"https:\/\/chateaufeely.com\/fr\/#organization"},"potentialAction":[{"@type":"SearchAction","target":{"@type":"EntryPoint","urlTemplate":"https:\/\/chateaufeely.com\/fr\/?s={search_term_string}"},"query-input":{"@type":"PropertyValueSpecification","valueRequired":true,"valueName":"search_term_string"}}],"inLanguage":"fr-FR"},{"@type":"Organization","@id":"https:\/\/chateaufeely.com\/fr\/#organization","name":"Ch\u00e2teau Feely organic wine, tours, accommodation","url":"https:\/\/chateaufeely.com\/fr\/","logo":{"@type":"ImageObject","inLanguage":"fr-FR","@id":"https:\/\/chateaufeely.com\/fr\/#\/schema\/logo\/image\/","url":"https:\/\/chateaufeely.com\/wp-content\/uploads\/2016\/05\/logo-vertical-v2-250.png","contentUrl":"https:\/\/chateaufeely.com\/wp-content\/uploads\/2016\/05\/logo-vertical-v2-250.png","width":250,"height":312,"caption":"Ch\u00e2teau Feely organic wine, tours, accommodation"},"image":{"@id":"https:\/\/chateaufeely.com\/fr\/#\/schema\/logo\/image\/"},"sameAs":["https:\/\/www.facebook.com\/ChateauFeely\/","https:\/\/www.instagram.com\/chateaufeely\/"]}]}},"_links":{"self":[{"href":"https:\/\/chateaufeely.com\/fr\/wp-json\/wp\/v2\/pages\/251","targetHints":{"allow":["GET"]}}],"collection":[{"href":"https:\/\/chateaufeely.com\/fr\/wp-json\/wp\/v2\/pages"}],"about":[{"href":"https:\/\/chateaufeely.com\/fr\/wp-json\/wp\/v2\/types\/page"}],"author":[{"embeddable":true,"href":"https:\/\/chateaufeely.com\/fr\/wp-json\/wp\/v2\/users\/2"}],"replies":[{"embeddable":true,"href":"https:\/\/chateaufeely.com\/fr\/wp-json\/wp\/v2\/comments?post=251"}],"version-history":[{"count":2,"href":"https:\/\/chateaufeely.com\/fr\/wp-json\/wp\/v2\/pages\/251\/revisions"}],"predecessor-version":[{"id":10823,"href":"https:\/\/chateaufeely.com\/fr\/wp-json\/wp\/v2\/pages\/251\/revisions\/10823"}],"wp:attachment":[{"href":"https:\/\/chateaufeely.com\/fr\/wp-json\/wp\/v2\/media?parent=251"}],"curies":[{"name":"wp","href":"https:\/\/api.w.org\/{rel}","templated":true}]}}