{"id":262,"date":"2016-05-24T08:51:25","date_gmt":"2016-05-24T07:51:25","guid":{"rendered":"http:\/\/chateaufeely.com\/?page_id=262"},"modified":"2026-02-27T16:22:49","modified_gmt":"2026-02-27T15:22:49","slug":"courtes","status":"publish","type":"page","link":"https:\/\/chateaufeely.com\/fr\/visites\/courtes\/","title":{"rendered":"Visite de vin d\u2019une ou deux heures ou exp\u00e9rience d\u2019accord vins"},"content":{"rendered":"[vc_row][vc_column][mk_button dimension=\u00a0\u00bbflat\u00a0\u00bb corner_style=\u00a0\u00bbrounded\u00a0\u00bb size=\u00a0\u00bbmedium\u00a0\u00bb icon=\u00a0\u00bbmk-moon-undo-2&Prime; url=\u00a0\u00bb\/visites?lang=en\u00a0\u00bb align=\u00a0\u00bbcenter\u00a0\u00bb margin_top=\u00a0\u00bb15&Prime; margin_bottom=\u00a0\u00bb30&Prime; bg_color=\u00a0\u00bb#e0b957&Prime; btn_hover_bg=\u00a0\u00bb#e0a000&Prime;]TOUTES LES VISITES[\/mk_button][mk_pricing_table style=\u00a0\u00bbmonocolor\u00a0\u00bb table_number=\u00a0\u00bb5&Prime; order=\u00a0\u00bbASC\u00a0\u00bb orderby=\u00a0\u00bbid\u00a0\u00bb tables=\u00a0\u00bb918, 917, 915, 909, 914, 913&Prime;][\/mk_pricing_table][\/vc_column][\/vc_row][vc_row][vc_column][mk_page_title_box page_title=\u00a0\u00bbConseils pour les visites\u00a0\u00bb section_height=\u00a0\u00bb100&Prime; text_align=\u00a0\u00bbleft\u00a0\u00bb font_size=\u00a0\u00bb30&Prime; font_color=\u00a0\u00bb#e0b957&Prime;][vc_column_text css=\u00a0\u00bb.vc_custom_1583575103449{margin-bottom: 0px !important;}\u00a0\u00bb]<span style=\"color: #000000;\">Pour toutes nos visites, veuillez porter des chaussures adapt\u00e9es \u00e0 la promenade dehors, car nous passons une partie du temps dans le vignoble.<\/span><\/p>\n<p><span style=\"color: #000000;\">Toutes nos activit\u00e9s se d\u00e9roulent au vignoble biologique Feely, dans le sud-ouest de la France, \u00e0 1 heure 15 minutes de la ville de Bordeaux, 10 minutes de Saint-Foy La Grande, 15 minutes de Bergerac et 50 minutes de la gare TGV de Libourne. Pour acc\u00e9der \u00e0 la zone, voir <a style=\"color: #000000;\" href=\"https:\/\/chateaufeely.com\/fr\/contact\/\">la page contact<\/a>. Nous proposons des op\u00e9rations de prise en charge et de d\u00e9p\u00f4t \u00e0 notre station SNCF locale pour des activit\u00e9s d\u2019une demi-journ\u00e9e et une journ\u00e9e compl\u00e8te. D\u00e9couvrez notre belle \u00e9cole de vin \u00e9cologique et notre salle de d\u00e9gustation fabriqu\u00e9es en mat\u00e9riaux naturels tels que bois, pierre, craie et chanvre.<\/span><\/p>\n<p><span style=\"color: #000000;\">Les visites de Chateau Feely sont class\u00e9es #1 sur Tripadvisor. Vous vous demandez qui est class\u00e9 num\u00e9ro deux ? Notre \u00e9cole de vin, <a style=\"color: #000000;\" href=\"http:\/\/www.frenchwineadventures.com\" target=\"_blank\" rel=\"noopener noreferrer\"><b>French Wine Adventures, \u00e9cole de vin et des excursions de plusieurs jours \u00e0 Bordeaux et Bergerac<\/b><\/a>.<\/span><\/p>\n<p><span style=\"color: #000000;\">N\u2019h\u00e9sitez pas \u00e0 consulter les avis sur Tripadvisor et \u00e0 laisser vos commentaires !<\/span>[\/vc_column_text][\/vc_column][\/vc_row][vc_row][vc_column][vc_separator color=\u00a0\u00bbcustom\u00a0\u00bb border_width=\u00a0\u00bb4\u00a0\u00bb accent_color=\u00a0\u00bb#4fcc91&Prime;][\/vc_column][\/vc_row][vc_row][vc_column width=\u00a0\u00bb1\/2&Prime;][vc_column_text]\n<div id=\"TA_selfserveprop679\" class=\"TA_selfserveprop\">\n<ul id=\"M2WiEIa\" class=\"TA_links cDGJH9wH2nFt\">\n<li id=\"WRV2YVt\" class=\"rglM4Km\"><a href=\"http:\/\/www.tripadvisor.ie\/\" target=\"_blank\" rel=\"noopener noreferrer\"><img decoding=\"async\" src=\"http:\/\/www.tripadvisor.ie\/img\/cdsi\/img2\/branding\/150_logo-11900-2.png\" alt=\"TripAdvisor\" \/><\/a><\/li>\n<\/ul>\n<\/div>\n<p><script src=\"http:\/\/www.jscache.com\/wejs?wtype=selfserveprop&amp;uniq=679&amp;locationId=2056313&amp;lang=en_IE&amp;rating=true&amp;nreviews=4&amp;writereviewlink=true&amp;popIdx=true&amp;iswide=true&amp;border=true&amp;display_version=2\"><\/script>[\/vc_column_text][\/vc_column][vc_column width=\u00a0\u00bb1\/2&Prime;][vc_column_text css=\u00a0\u00bb.vc_custom_1583574983723{margin-bottom: 0px !important;}\u00a0\u00bb]<img decoding=\"async\" class=\" wp-image-5323 alignleft\" src=\"https:\/\/chateaufeely.com\/wp-content\/uploads\/2020\/03\/logos_oenotourisme_or_preview-300x300.png\" alt=\"\" width=\"200\" height=\"200\" srcset=\"https:\/\/chateaufeely.com\/wp-content\/uploads\/2020\/03\/logos_oenotourisme_or_preview-300x300.png 300w, https:\/\/chateaufeely.com\/wp-content\/uploads\/2020\/03\/logos_oenotourisme_or_preview-150x150.png 150w, https:\/\/chateaufeely.com\/wp-content\/uploads\/2020\/03\/logos_oenotourisme_or_preview-100x100.png 100w, https:\/\/chateaufeely.com\/wp-content\/uploads\/2020\/03\/logos_oenotourisme_or_preview.png 483w\" sizes=\"(max-width: 200px) 100vw, 200px\" \/><img decoding=\"async\" class=\"wp-image-5319 alignright\" src=\"https:\/\/chateaufeely.com\/wp-content\/uploads\/2020\/03\/bestof-or-2017-300x239.jpg\" alt=\"\" width=\"200\" height=\"159\" srcset=\"https:\/\/chateaufeely.com\/wp-content\/uploads\/2020\/03\/bestof-or-2017-300x239.jpg 300w, https:\/\/chateaufeely.com\/wp-content\/uploads\/2020\/03\/bestof-or-2017-1024x815.jpg 1024w, https:\/\/chateaufeely.com\/wp-content\/uploads\/2020\/03\/bestof-or-2017-768x611.jpg 768w, https:\/\/chateaufeely.com\/wp-content\/uploads\/2020\/03\/bestof-or-2017-600x477.jpg 600w, https:\/\/chateaufeely.com\/wp-content\/uploads\/2020\/03\/bestof-or-2017.jpg 1100w\" sizes=\"(max-width: 200px) 100vw, 200px\" \/>[\/vc_column_text][vc_column_text css=\u00a0\u00bb.vc_custom_1583575031694{margin-bottom: 0px !important;}\u00a0\u00bb]<img decoding=\"async\" class=\"alignnone wp-image-5317 aligncenter\" src=\"https:\/\/chateaufeely.com\/wp-content\/uploads\/2020\/03\/logo-hall-of-fame-tripadvisor-300x267.png\" alt=\"\" width=\"251\" height=\"223\" srcset=\"https:\/\/chateaufeely.com\/wp-content\/uploads\/2020\/03\/logo-hall-of-fame-tripadvisor-300x267.png 300w, https:\/\/chateaufeely.com\/wp-content\/uploads\/2020\/03\/logo-hall-of-fame-tripadvisor.png 512w\" sizes=\"(max-width: 251px) 100vw, 251px\" \/>[\/vc_column_text][\/vc_column][\/vc_row]\n","protected":false},"excerpt":{"rendered":"<p>[vc_row][vc_column][mk_button dimension=\u00a0\u00bbflat\u00a0\u00bb corner_style=\u00a0\u00bbrounded\u00a0\u00bb size=\u00a0\u00bbmedium\u00a0\u00bb icon=\u00a0\u00bbmk-moon-undo-2&Prime; url=\u00a0\u00bb\/visites?lang=en\u00a0\u00bb align=\u00a0\u00bbcenter\u00a0\u00bb margin_top=\u00a0\u00bb15&Prime; margin_bottom=\u00a0\u00bb30&Prime; bg_color=\u00a0\u00bb#e0b957&Prime; btn_hover_bg=\u00a0\u00bb#e0a000&Prime;]TOUTES LES VISITES[\/mk_button][mk_pricing_table style=\u00a0\u00bbmonocolor\u00a0\u00bb table_number=\u00a0\u00bb5&Prime; order=\u00a0\u00bbASC\u00a0\u00bb orderby=\u00a0\u00bbid\u00a0\u00bb tables=\u00a0\u00bb918, 917, 915, 909, 914, 913&Prime;][\/mk_pricing_table][\/vc_column][\/vc_row][vc_row][vc_column][mk_page_title_box page_title=\u00a0\u00bbConseils pour les visites\u00a0\u00bb section_height=\u00a0\u00bb100&Prime; text_align=\u00a0\u00bbleft\u00a0\u00bb font_size=\u00a0\u00bb30&Prime; font_color=\u00a0\u00bb#e0b957&Prime;][vc_column_text css=\u00a0\u00bb.vc_custom_1583575103449{margin-bottom: 0px !important;}\u00a0\u00bb]Pour toutes nos visites, veuillez porter des chaussures adapt\u00e9es \u00e0 la promenade dehors, car nous passons une partie du temps dans le [&hellip;]<\/p>\n","protected":false},"author":2,"featured_media":0,"parent":251,"menu_order":0,"comment_status":"closed","ping_status":"closed","template":"","meta":{"_exactmetrics_skip_tracking":false,"_exactmetrics_sitenote_active":false,"_exactmetrics_sitenote_note":"","_exactmetrics_sitenote_category":0,"footnotes":""},"class_list":["post-262","page","type-page","status-publish","hentry"],"yoast_head":"<!-- This site is optimized with the Yoast SEO plugin v27.0 - https:\/\/yoast.com\/product\/yoast-seo-wordpress\/ -->\n<title>Tour de vin d\u2019une heure ou de 2 heures de tour de vin biologique en Dordogne, pr\u00e8s de Bergerac<\/title>\n<meta name=\"description\" content=\"Nous proposons des visites et des cours inoubliables d\u2019une heure \u00e0 plusieurs heures au vignoble biodynamique biodynamique Feely \u00e0 Saussignac pr\u00e8s de Bergerac.\" \/>\n<meta name=\"robots\" content=\"index, follow, max-snippet:-1, max-image-preview:large, max-video-preview:-1\" \/>\n<link rel=\"canonical\" href=\"https:\/\/chateaufeely.com\/fr\/visites\/courtes\/\" \/>\n<meta property=\"og:locale\" content=\"fr_FR\" \/>\n<meta property=\"og:type\" content=\"article\" \/>\n<meta property=\"og:title\" content=\"Tour de vin d\u2019une heure ou de 2 heures de tour de vin biologique en Dordogne, pr\u00e8s de Bergerac\" \/>\n<meta property=\"og:description\" content=\"Nous proposons des visites et des cours inoubliables d\u2019une heure \u00e0 plusieurs heures au vignoble biodynamique biodynamique Feely \u00e0 Saussignac pr\u00e8s de Bergerac.\" \/>\n<meta property=\"og:url\" content=\"https:\/\/chateaufeely.com\/fr\/visites\/courtes\/\" \/>\n<meta property=\"og:site_name\" content=\"Ch\u00e2teau Feely organic wine, tours, accommodation\" \/>\n<meta property=\"article:publisher\" content=\"https:\/\/www.facebook.com\/ChateauFeely\/\" \/>\n<meta property=\"article:modified_time\" content=\"2026-02-27T15:22:49+00:00\" \/>\n<meta property=\"og:image\" content=\"http:\/\/www.tripadvisor.ie\/img\/cdsi\/img2\/branding\/150_logo-11900-2.png\" \/>\n<meta name=\"twitter:card\" content=\"summary_large_image\" \/>\n<meta name=\"twitter:label1\" content=\"Dur\u00e9e de lecture estim\u00e9e\" \/>\n\t<meta name=\"twitter:data1\" content=\"2 minutes\" \/>\n<script type=\"application\/ld+json\" class=\"yoast-schema-graph\">{\"@context\":\"https:\/\/schema.org\",\"@graph\":[{\"@type\":\"WebPage\",\"@id\":\"https:\/\/chateaufeely.com\/fr\/visites\/courtes\/\",\"url\":\"https:\/\/chateaufeely.com\/fr\/visites\/courtes\/\",\"name\":\"Tour de vin d\u2019une heure ou de 2 heures de tour de vin biologique en Dordogne, pr\u00e8s de Bergerac\",\"isPartOf\":{\"@id\":\"https:\/\/chateaufeely.com\/fr\/#website\"},\"primaryImageOfPage\":{\"@id\":\"https:\/\/chateaufeely.com\/fr\/visites\/courtes\/#primaryimage\"},\"image\":{\"@id\":\"https:\/\/chateaufeely.com\/fr\/visites\/courtes\/#primaryimage\"},\"thumbnailUrl\":\"http:\/\/www.tripadvisor.ie\/img\/cdsi\/img2\/branding\/150_logo-11900-2.png\",\"datePublished\":\"2016-05-24T07:51:25+00:00\",\"dateModified\":\"2026-02-27T15:22:49+00:00\",\"description\":\"Nous proposons des visites et des cours inoubliables d\u2019une heure \u00e0 plusieurs heures au vignoble biodynamique biodynamique Feely \u00e0 Saussignac pr\u00e8s de Bergerac.\",\"breadcrumb\":{\"@id\":\"https:\/\/chateaufeely.com\/fr\/visites\/courtes\/#breadcrumb\"},\"inLanguage\":\"fr-FR\",\"potentialAction\":[{\"@type\":\"ReadAction\",\"target\":[\"https:\/\/chateaufeely.com\/fr\/visites\/courtes\/\"]}]},{\"@type\":\"ImageObject\",\"inLanguage\":\"fr-FR\",\"@id\":\"https:\/\/chateaufeely.com\/fr\/visites\/courtes\/#primaryimage\",\"url\":\"http:\/\/www.tripadvisor.ie\/img\/cdsi\/img2\/branding\/150_logo-11900-2.png\",\"contentUrl\":\"http:\/\/www.tripadvisor.ie\/img\/cdsi\/img2\/branding\/150_logo-11900-2.png\"},{\"@type\":\"BreadcrumbList\",\"@id\":\"https:\/\/chateaufeely.com\/fr\/visites\/courtes\/#breadcrumb\",\"itemListElement\":[{\"@type\":\"ListItem\",\"position\":1,\"name\":\"Accueil\",\"item\":\"https:\/\/chateaufeely.com\/fr\/\"},{\"@type\":\"ListItem\",\"position\":2,\"name\":\"Visites\",\"item\":\"https:\/\/chateaufeely.com\/fr\/visits\/\"},{\"@type\":\"ListItem\",\"position\":3,\"name\":\"Visite de vin d\u2019une ou deux heures ou exp\u00e9rience d\u2019accord vins\"}]},{\"@type\":\"WebSite\",\"@id\":\"https:\/\/chateaufeely.com\/fr\/#website\",\"url\":\"https:\/\/chateaufeely.com\/fr\/\",\"name\":\"Ch\u00e2teau Feely organic wine, tours, accommodation\",\"description\":\"Biodynamic and natural wine, tours and wine school, ecological luxury lodge\",\"publisher\":{\"@id\":\"https:\/\/chateaufeely.com\/fr\/#organization\"},\"potentialAction\":[{\"@type\":\"SearchAction\",\"target\":{\"@type\":\"EntryPoint\",\"urlTemplate\":\"https:\/\/chateaufeely.com\/fr\/?s={search_term_string}\"},\"query-input\":{\"@type\":\"PropertyValueSpecification\",\"valueRequired\":true,\"valueName\":\"search_term_string\"}}],\"inLanguage\":\"fr-FR\"},{\"@type\":\"Organization\",\"@id\":\"https:\/\/chateaufeely.com\/fr\/#organization\",\"name\":\"Ch\u00e2teau Feely organic wine, tours, accommodation\",\"url\":\"https:\/\/chateaufeely.com\/fr\/\",\"logo\":{\"@type\":\"ImageObject\",\"inLanguage\":\"fr-FR\",\"@id\":\"https:\/\/chateaufeely.com\/fr\/#\/schema\/logo\/image\/\",\"url\":\"https:\/\/chateaufeely.com\/wp-content\/uploads\/2016\/05\/logo-vertical-v2-250.png\",\"contentUrl\":\"https:\/\/chateaufeely.com\/wp-content\/uploads\/2016\/05\/logo-vertical-v2-250.png\",\"width\":250,\"height\":312,\"caption\":\"Ch\u00e2teau Feely organic wine, tours, accommodation\"},\"image\":{\"@id\":\"https:\/\/chateaufeely.com\/fr\/#\/schema\/logo\/image\/\"},\"sameAs\":[\"https:\/\/www.facebook.com\/ChateauFeely\/\",\"https:\/\/www.instagram.com\/chateaufeely\/\"]}]}<\/script>\n<!-- \/ Yoast SEO plugin. -->","yoast_head_json":{"title":"Tour de vin d\u2019une heure ou de 2 heures de tour de vin biologique en Dordogne, pr\u00e8s de Bergerac","description":"Nous proposons des visites et des cours inoubliables d\u2019une heure \u00e0 plusieurs heures au vignoble biodynamique biodynamique Feely \u00e0 Saussignac pr\u00e8s de Bergerac.","robots":{"index":"index","follow":"follow","max-snippet":"max-snippet:-1","max-image-preview":"max-image-preview:large","max-video-preview":"max-video-preview:-1"},"canonical":"https:\/\/chateaufeely.com\/fr\/visites\/courtes\/","og_locale":"fr_FR","og_type":"article","og_title":"Tour de vin d\u2019une heure ou de 2 heures de tour de vin biologique en Dordogne, pr\u00e8s de Bergerac","og_description":"Nous proposons des visites et des cours inoubliables d\u2019une heure \u00e0 plusieurs heures au vignoble biodynamique biodynamique Feely \u00e0 Saussignac pr\u00e8s de Bergerac.","og_url":"https:\/\/chateaufeely.com\/fr\/visites\/courtes\/","og_site_name":"Ch\u00e2teau Feely organic wine, tours, accommodation","article_publisher":"https:\/\/www.facebook.com\/ChateauFeely\/","article_modified_time":"2026-02-27T15:22:49+00:00","og_image":[{"url":"http:\/\/www.tripadvisor.ie\/img\/cdsi\/img2\/branding\/150_logo-11900-2.png","type":"","width":"","height":""}],"twitter_card":"summary_large_image","twitter_misc":{"Dur\u00e9e de lecture estim\u00e9e":"2 minutes"},"schema":{"@context":"https:\/\/schema.org","@graph":[{"@type":"WebPage","@id":"https:\/\/chateaufeely.com\/fr\/visites\/courtes\/","url":"https:\/\/chateaufeely.com\/fr\/visites\/courtes\/","name":"Tour de vin d\u2019une heure ou de 2 heures de tour de vin biologique en Dordogne, pr\u00e8s de Bergerac","isPartOf":{"@id":"https:\/\/chateaufeely.com\/fr\/#website"},"primaryImageOfPage":{"@id":"https:\/\/chateaufeely.com\/fr\/visites\/courtes\/#primaryimage"},"image":{"@id":"https:\/\/chateaufeely.com\/fr\/visites\/courtes\/#primaryimage"},"thumbnailUrl":"http:\/\/www.tripadvisor.ie\/img\/cdsi\/img2\/branding\/150_logo-11900-2.png","datePublished":"2016-05-24T07:51:25+00:00","dateModified":"2026-02-27T15:22:49+00:00","description":"Nous proposons des visites et des cours inoubliables d\u2019une heure \u00e0 plusieurs heures au vignoble biodynamique biodynamique Feely \u00e0 Saussignac pr\u00e8s de Bergerac.","breadcrumb":{"@id":"https:\/\/chateaufeely.com\/fr\/visites\/courtes\/#breadcrumb"},"inLanguage":"fr-FR","potentialAction":[{"@type":"ReadAction","target":["https:\/\/chateaufeely.com\/fr\/visites\/courtes\/"]}]},{"@type":"ImageObject","inLanguage":"fr-FR","@id":"https:\/\/chateaufeely.com\/fr\/visites\/courtes\/#primaryimage","url":"http:\/\/www.tripadvisor.ie\/img\/cdsi\/img2\/branding\/150_logo-11900-2.png","contentUrl":"http:\/\/www.tripadvisor.ie\/img\/cdsi\/img2\/branding\/150_logo-11900-2.png"},{"@type":"BreadcrumbList","@id":"https:\/\/chateaufeely.com\/fr\/visites\/courtes\/#breadcrumb","itemListElement":[{"@type":"ListItem","position":1,"name":"Accueil","item":"https:\/\/chateaufeely.com\/fr\/"},{"@type":"ListItem","position":2,"name":"Visites","item":"https:\/\/chateaufeely.com\/fr\/visits\/"},{"@type":"ListItem","position":3,"name":"Visite de vin d\u2019une ou deux heures ou exp\u00e9rience d\u2019accord vins"}]},{"@type":"WebSite","@id":"https:\/\/chateaufeely.com\/fr\/#website","url":"https:\/\/chateaufeely.com\/fr\/","name":"Ch\u00e2teau Feely organic wine, tours, accommodation","description":"Biodynamic and natural wine, tours and wine school, ecological luxury lodge","publisher":{"@id":"https:\/\/chateaufeely.com\/fr\/#organization"},"potentialAction":[{"@type":"SearchAction","target":{"@type":"EntryPoint","urlTemplate":"https:\/\/chateaufeely.com\/fr\/?s={search_term_string}"},"query-input":{"@type":"PropertyValueSpecification","valueRequired":true,"valueName":"search_term_string"}}],"inLanguage":"fr-FR"},{"@type":"Organization","@id":"https:\/\/chateaufeely.com\/fr\/#organization","name":"Ch\u00e2teau Feely organic wine, tours, accommodation","url":"https:\/\/chateaufeely.com\/fr\/","logo":{"@type":"ImageObject","inLanguage":"fr-FR","@id":"https:\/\/chateaufeely.com\/fr\/#\/schema\/logo\/image\/","url":"https:\/\/chateaufeely.com\/wp-content\/uploads\/2016\/05\/logo-vertical-v2-250.png","contentUrl":"https:\/\/chateaufeely.com\/wp-content\/uploads\/2016\/05\/logo-vertical-v2-250.png","width":250,"height":312,"caption":"Ch\u00e2teau Feely organic wine, tours, accommodation"},"image":{"@id":"https:\/\/chateaufeely.com\/fr\/#\/schema\/logo\/image\/"},"sameAs":["https:\/\/www.facebook.com\/ChateauFeely\/","https:\/\/www.instagram.com\/chateaufeely\/"]}]}},"_links":{"self":[{"href":"https:\/\/chateaufeely.com\/fr\/wp-json\/wp\/v2\/pages\/262","targetHints":{"allow":["GET"]}}],"collection":[{"href":"https:\/\/chateaufeely.com\/fr\/wp-json\/wp\/v2\/pages"}],"about":[{"href":"https:\/\/chateaufeely.com\/fr\/wp-json\/wp\/v2\/types\/page"}],"author":[{"embeddable":true,"href":"https:\/\/chateaufeely.com\/fr\/wp-json\/wp\/v2\/users\/2"}],"replies":[{"embeddable":true,"href":"https:\/\/chateaufeely.com\/fr\/wp-json\/wp\/v2\/comments?post=262"}],"version-history":[{"count":3,"href":"https:\/\/chateaufeely.com\/fr\/wp-json\/wp\/v2\/pages\/262\/revisions"}],"predecessor-version":[{"id":10821,"href":"https:\/\/chateaufeely.com\/fr\/wp-json\/wp\/v2\/pages\/262\/revisions\/10821"}],"up":[{"embeddable":true,"href":"https:\/\/chateaufeely.com\/fr\/wp-json\/wp\/v2\/pages\/251"}],"wp:attachment":[{"href":"https:\/\/chateaufeely.com\/fr\/wp-json\/wp\/v2\/media?parent=262"}],"curies":[{"name":"wp","href":"https:\/\/api.w.org\/{rel}","templated":true}]}}