{"id":27,"date":"2016-05-19T16:19:44","date_gmt":"2016-05-19T15:19:44","guid":{"rendered":"http:\/\/chateaufeely.com\/?page_id=27"},"modified":"2020-03-05T14:43:21","modified_gmt":"2020-03-05T13:43:21","slug":"accueil","status":"publish","type":"page","link":"https:\/\/chateaufeely.com\/fr\/","title":{"rendered":"Accueil"},"content":{"rendered":"[vc_row fullwidth=\u00a0\u00bbtrue\u00a0\u00bb][vc_column][mk_edge_slider first_el=\u00a0\u00bbtrue\u00a0\u00bb swiper_bg=\u00a0\u00bb\u00a0\u00bb parallax=\u00a0\u00bbtrue\u00a0\u00bb orderby=\u00a0\u00bbpost__in\u00a0\u00bb animation_effect=\u00a0\u00bbfade\u00a0\u00bb direction_nav=\u00a0\u00bbthumbflip\u00a0\u00bb pagination=\u00a0\u00bbnone\u00a0\u00bb slides=\u00a0\u00bb32,36,705,40,44,48,50,56,57,66&Prime;][\/vc_column][\/vc_row][vc_row fullwidth=\u00a0\u00bbtrue\u00a0\u00bb css=\u00a0\u00bb.vc_custom_1463724112114{padding-top: 20px !important;}\u00a0\u00bb][vc_column width=\u00a0\u00bb1\/3&Prime;][mk_page_title_box page_title=\u00a0\u00bbNOS VINS\u00a0\u00bb page_subtitle=\u00a0\u00bbVisitez notre boutique et achetez nos vins en ligne\u00a0\u00bb section_height=\u00a0\u00bb150&Prime; font_size=\u00a0\u00bb35&Prime; font_color=\u00a0\u00bb#e0b957&Prime; font_weight=\u00a0\u00bb400&Prime; sub_font_size=\u00a0\u00bb20&Prime; sub_font_color=\u00a0\u00bb#424242&Prime;][mk_image src=\u00a0\u00bbhttps:\/\/chateaufeely.com\/wp-content\/uploads\/2016\/05\/Album_111.jpg\u00a0\u00bb image_height=\u00a0\u00bb550&Prime; frame_style=\u00a0\u00bbsingle_line\u00a0\u00bb link=\u00a0\u00bb\/boutique\u00a0\u00bb align=\u00a0\u00bbcenter\u00a0\u00bb][mk_button dimension=\u00a0\u00bbflat\u00a0\u00bb corner_style=\u00a0\u00bbrounded\u00a0\u00bb size=\u00a0\u00bbmedium\u00a0\u00bb url=\u00a0\u00bb\/fr\/boutique\u00a0\u00bb align=\u00a0\u00bbcenter\u00a0\u00bb bg_color=\u00a0\u00bb#e0b957&Prime; btn_hover_bg=\u00a0\u00bb#e0b851&Prime;]BOUTIQUE[\/mk_button][\/vc_column][vc_column width=\u00a0\u00bb1\/3&Prime;][mk_page_title_box page_title=\u00a0\u00bbVISITES\u00a0\u00bb page_subtitle=\u00a0\u00bbPlusieurs formules pour d\u00e9couvrir le Ch\u00e2teau Feely\u00a0\u00bb section_height=\u00a0\u00bb150&Prime; font_size=\u00a0\u00bb35&Prime; font_color=\u00a0\u00bb#e0b957&Prime; font_weight=\u00a0\u00bb400&Prime; sub_font_size=\u00a0\u00bb20&Prime; sub_font_color=\u00a0\u00bb#424242&Prime;][mk_image src=\u00a0\u00bbhttps:\/\/chateaufeely.com\/wp-content\/uploads\/2018\/01\/DSC03296.jpg\u00a0\u00bb image_height=\u00a0\u00bb550&Prime; frame_style=\u00a0\u00bbsingle_line\u00a0\u00bb link=\u00a0\u00bb\/visites\u00a0\u00bb align=\u00a0\u00bbcenter\u00a0\u00bb][mk_button dimension=\u00a0\u00bbflat\u00a0\u00bb corner_style=\u00a0\u00bbrounded\u00a0\u00bb size=\u00a0\u00bbmedium\u00a0\u00bb url=\u00a0\u00bb\/fr\/visites\u00a0\u00bb align=\u00a0\u00bbcenter\u00a0\u00bb bg_color=\u00a0\u00bb#e0b957&Prime; btn_hover_bg=\u00a0\u00bb#e0b851&Prime;]VISITES[\/mk_button][\/vc_column][vc_column width=\u00a0\u00bb1\/3&Prime;][mk_page_title_box page_title=\u00a0\u00bbNOS G\u00ceTES\u00a0\u00bb page_subtitle=\u00a0\u00bbDes h\u00e9bergements luxueux au Ch\u00e2teau Feely\u00a0\u00bb section_height=\u00a0\u00bb150&Prime; font_size=\u00a0\u00bb35&Prime; font_color=\u00a0\u00bb#e0b957&Prime; font_weight=\u00a0\u00bb400&Prime; sub_font_size=\u00a0\u00bb20&Prime; sub_font_color=\u00a0\u00bb#424242&Prime;][mk_image src=\u00a0\u00bbhttps:\/\/chateaufeely.com\/wp-content\/uploads\/2020\/03\/chateau-feely-the-wine-lodge-living-space-img_20200221_162225-1200_preview.jpeg\u00a0\u00bb image_height=\u00a0\u00bb550&Prime; frame_style=\u00a0\u00bbsingle_line\u00a0\u00bb link=\u00a0\u00bb\/presentation-gites\u00a0\u00bb align=\u00a0\u00bbcenter\u00a0\u00bb][mk_button dimension=\u00a0\u00bbflat\u00a0\u00bb corner_style=\u00a0\u00bbrounded\u00a0\u00bb size=\u00a0\u00bbmedium\u00a0\u00bb url=\u00a0\u00bb\/fr\/presentation-gites\u00a0\u00bb align=\u00a0\u00bbcenter\u00a0\u00bb bg_color=\u00a0\u00bb#e0b957&Prime; btn_hover_bg=\u00a0\u00bb#e0b851&Prime;]G\u00ceTES[\/mk_button][\/vc_column][\/vc_row][vc_row fullwidth=\u00a0\u00bbtrue\u00a0\u00bb][vc_column][vc_column_text css=\u00a0\u00bb.vc_custom_1583415532205{margin-bottom: 0px !important;}\u00a0\u00bb]\n<p>&nbsp;<\/p>\n[\/vc_column_text][mk_page_title_box page_title=\u00a0\u00bbBOUTIQUE VINS BIO, BIODYNAMIQUE ET NATURE\u00a0\u00bb page_subtitle=\u00a0\u00bbProduits vedettes\u00a0\u00bb section_height=\u00a0\u00bb150&Prime; font_size=\u00a0\u00bb35&Prime; font_color=\u00a0\u00bb#e0b957&Prime; font_weight=\u00a0\u00bb400&Prime; sub_font_size=\u00a0\u00bb20&Prime; sub_font_color=\u00a0\u00bb#424242&Prime;][mk_button dimension=\u00a0\u00bbflat\u00a0\u00bb corner_style=\u00a0\u00bbrounded\u00a0\u00bb size=\u00a0\u00bbmedium\u00a0\u00bb url=\u00a0\u00bbnotre-boutique\/vins\/?lang=fr\u00a0\u00bb align=\u00a0\u00bbcenter\u00a0\u00bb bg_color=\u00a0\u00bb#e0b957&Prime; btn_hover_bg=\u00a0\u00bb#e0b851&Prime;]TOUS LES PRODUITS[\/mk_button][\/vc_column][\/vc_row][vc_row][vc_column]<div class=\"woocommerce columns-4\"><div class=\"mk-product-loop compact-layout grid--float\">\n\t<section class=\"products mk--row js-el\" data-grid-config='{\"item\":\".product\"}' data-mk-component=\"Grid\">\n<article class=\"product-category product item mk--col mk--col--3-12\" style=\"max-width:285px\">\n\t<div class=\"item-holder\">\n\t<a aria-label=\"Acc\u00e9der \u00e0 la cat\u00e9gorie de produits Pour les gourmands\" href=\"https:\/\/chateaufeely.com\/fr\/categorie-produit\/autres-produits\/pour-les-gourmands\/\">\n\t<a href=\"https:\/\/chateaufeely.com\/fr\/categorie-produit\/autres-produits\/pour-les-gourmands\/\">\n\t\t<h4>\n\t\t\tPour les gourmands <span class=\"count\">1 Items<\/span>\t\t<\/h4>\n\n\t\t<img decoding=\"async\" src=\"https:\/\/chateaufeely.com\/wp-content\/uploads\/bfi_thumb\/dummy-transparent-rjj9ueveoawkr3p1wbdr2t0cus39up0u8xlnavo6bc.png\" data-mk-image-src-set='{\"default\":\"https:\/\/chateaufeely.com\/wp-content\/uploads\/bfi_thumb\/pour-les-gourmands-category-2-rjj9xhsd2r4et37xwnbq6y7nclpib6vz4thf51hybc.jpeg\",\"2x\":\"https:\/\/chateaufeely.com\/wp-content\/uploads\/bfi_thumb\/pour-les-gourmands-category-2-rjj9xhsgjqobyw2q4ylfhuahd3ha6kugagdtyzca9c.jpeg\",\"mobile\":\"\",\"responsive\":\"true\"}' width=\"285\" height=\"300\" alt=\"Pour les gourmands\" title=\"Pour les gourmands\" \/>\n\t\t\n\t<\/a>\n\n\t<\/a><\/div>\n<\/article>\n<article class=\"product-category product item mk--col mk--col--3-12\" style=\"max-width:285px\">\n\t<div class=\"item-holder\">\n\t<a aria-label=\"Acc\u00e9der \u00e0 la cat\u00e9gorie de produits Produits d\u00e9riv\u00e9s\" href=\"https:\/\/chateaufeely.com\/fr\/categorie-produit\/autres-produits\/produits-derives\/\">\n\t<a href=\"https:\/\/chateaufeely.com\/fr\/categorie-produit\/autres-produits\/produits-derives\/\">\n\t\t<h4>\n\t\t\tProduits d\u00e9riv\u00e9s <span class=\"count\">5 Items<\/span>\t\t<\/h4>\n\n\t\t<img decoding=\"async\" src=\"https:\/\/chateaufeely.com\/wp-content\/uploads\/bfi_thumb\/dummy-transparent-rjj9ueveoawkr3p1wbdr2t0cus39up0u8xlnavo6bc.png\" data-mk-image-src-set='{\"default\":\"https:\/\/chateaufeely.com\/wp-content\/uploads\/bfi_thumb\/goodies-oltq54qpdve1yrawabcj2jkpaaan842y53a30tqigo.jpg\",\"2x\":\"https:\/\/chateaufeely.com\/wp-content\/uploads\/bfi_thumb\/goodies-oltq54qsuuxz4k5oimm8dfnjas2f3i1faq6hurkueo.jpg\",\"mobile\":\"\",\"responsive\":\"true\"}' width=\"285\" height=\"300\" alt=\"Produits d\u00e9riv\u00e9s\" title=\"Produits d\u00e9riv\u00e9s\" \/>\n\t\t\n\t<\/a>\n\n\t<\/a><\/div>\n<\/article>\n<article class=\"product-category product item mk--col mk--col--3-12\" style=\"max-width:285px\">\n\t<div class=\"item-holder\">\n\t<a aria-label=\"Acc\u00e9der \u00e0 la cat\u00e9gorie de produits Livres\" href=\"https:\/\/chateaufeely.com\/fr\/categorie-produit\/autres-produits\/livres\/\">\n\t<a href=\"https:\/\/chateaufeely.com\/fr\/categorie-produit\/autres-produits\/livres\/\">\n\t\t<h4>\n\t\t\tLivres <span class=\"count\">4 Items<\/span>\t\t<\/h4>\n\n\t\t<img decoding=\"async\" src=\"https:\/\/chateaufeely.com\/wp-content\/uploads\/bfi_thumb\/dummy-transparent-rjj9ueveoawkr3p1wbdr2t0cus39up0u8xlnavo6bc.png\" data-mk-image-src-set='{\"default\":\"https:\/\/chateaufeely.com\/wp-content\/uploads\/bfi_thumb\/caros-book-2-rjj9xhsd2r4et37xwnbq6y7nclpib6vz4thf51hybc.jpeg\",\"2x\":\"https:\/\/chateaufeely.com\/wp-content\/uploads\/bfi_thumb\/caros-book-2-rjj9xhsgjqobyw2q4ylfhuahd3ha6kugagdtyzca9c.jpeg\",\"mobile\":\"\",\"responsive\":\"true\"}' width=\"285\" height=\"300\" alt=\"Livres\" title=\"Livres\" \/>\n\t\t\n\t<\/a>\n\n\t<\/a><\/div>\n<\/article>\n<article class=\"product-category product item mk--col mk--col--3-12\" style=\"max-width:285px\">\n\t<div class=\"item-holder\">\n\t<a aria-label=\"Acc\u00e9der \u00e0 la cat\u00e9gorie de produits Livres et autres\" href=\"https:\/\/chateaufeely.com\/fr\/categorie-produit\/autres-produits\/\">\n\t<a href=\"https:\/\/chateaufeely.com\/fr\/categorie-produit\/autres-produits\/\">\n\t\t<h4>\n\t\t\tLivres et autres <span class=\"count\">10 Items<\/span>\t\t<\/h4>\n\n\t\t<img decoding=\"async\" src=\"https:\/\/chateaufeely.com\/wp-content\/uploads\/bfi_thumb\/dummy-transparent-rjj9ueveoawkr3p1wbdr2t0cus39up0u8xlnavo6bc.png\" data-mk-image-src-set='{\"default\":\"https:\/\/chateaufeely.com\/wp-content\/uploads\/bfi_thumb\/logo-symbole-cat-coul600-rjj9y3enfxy084cjeeo5aar90gqy889svshl6elwc8.png\",\"2x\":\"https:\/\/chateaufeely.com\/wp-content\/uploads\/bfi_thumb\/logo-symbole-cat-coul600-rjj9y3eqwxhxdx7bmpxul6u30yiq3m8a1fe00cg8a8.png\",\"mobile\":\"\",\"responsive\":\"true\"}' width=\"285\" height=\"300\" alt=\"Livres et autres\" title=\"Livres et autres\" \/>\n\t\t\n\t<\/a>\n\n\t<\/a><\/div>\n<\/article>\n\t<\/section>\n<\/div>\n<\/div>[vc_column_text css=\u00a0\u00bb.vc_custom_1583415532205{margin-bottom: 0px !important;}\u00a0\u00bb]\n<p>&nbsp;<\/p>\n[\/vc_column_text][\/vc_column][\/vc_row][mk_page_section bg_image=\u00a0\u00bbhttp:\/\/chateaufeely.com\/wp-content\/uploads\/2016\/05\/paralax2-home.jpg\u00a0\u00bb bg_position=\u00a0\u00bbcenter center\u00a0\u00bb bg_stretch=\u00a0\u00bbtrue\u00a0\u00bb enable_3d=\u00a0\u00bbtrue\u00a0\u00bb video_color_mask=\u00a0\u00bb#000000&Prime; video_opacity=\u00a0\u00bb0.4&Prime; min_height=\u00a0\u00bb500&Prime; full_width=\u00a0\u00bbtrue\u00a0\u00bb js_vertical_centered=\u00a0\u00bbtrue\u00a0\u00bb top_shape_color=\u00a0\u00bb#ffffff\u00a0\u00bb bottom_shape_color=\u00a0\u00bb#ffffff\u00a0\u00bb sidebar=\u00a0\u00bbsidebar-1&Prime;][vc_column width=\u00a0\u00bb1\/4&Prime;][\/vc_column][vc_column border_color=\u00a0\u00bb#ffffff\u00a0\u00bb width=\u00a0\u00bb1\/2&Prime; css=\u00a0\u00bb.vc_custom_1463750666376{padding-top: 20px !important;padding-right: 20px !important;padding-bottom: 20px !important;padding-left: 20px !important;background-color: rgba(255,255,255,0.1) !important;*background-color: rgb(255,255,255) !important;border-radius: 10px !important;}\u00a0\u00bb][mk_page_title_box page_title=\u00a0\u00bbBIENVENUE DANS NOS G\u00ceTES\u00a0\u00bb section_height=\u00a0\u00bb100&Prime; font_size=\u00a0\u00bb30&Prime; font_color=\u00a0\u00bb#ffffff\u00a0\u00bb font_weight=\u00a0\u00bbbold\u00a0\u00bb][mk_font_icons icon=\u00a0\u00bbmk-moon-bed-2&Prime; color=\u00a0\u00bb#ffffff\u00a0\u00bb size=\u00a0\u00bbx-large\u00a0\u00bb align=\u00a0\u00bbcenter\u00a0\u00bb][mk_button dimension=\u00a0\u00bbflat\u00a0\u00bb corner_style=\u00a0\u00bbrounded\u00a0\u00bb size=\u00a0\u00bbmedium\u00a0\u00bb url=\u00a0\u00bbpresentation-gites\/?lang=fr\u00a0\u00bb align=\u00a0\u00bbcenter\u00a0\u00bb bg_color=\u00a0\u00bb#e0b957&Prime; btn_hover_bg=\u00a0\u00bb#e0b851&Prime;]DECOUVREZ NOS G\u00ceTES[\/mk_button][\/vc_column][vc_column width=\u00a0\u00bb1\/4&Prime;][\/vc_column][\/mk_page_section][vc_row][vc_column][vc_column_text css=\u00a0\u00bb.vc_custom_1583415729942{margin-bottom: 0px !important;}\u00a0\u00bb]\n<p>&nbsp;<\/p>\n[\/vc_column_text][\/vc_column][\/vc_row][mk_page_section bg_image=\u00a0\u00bb\/wp-content\/uploads\/2016\/05\/paralax2-home-1.jpg\u00a0\u00bb bg_position=\u00a0\u00bbcenter center\u00a0\u00bb bg_stretch=\u00a0\u00bbtrue\u00a0\u00bb enable_3d=\u00a0\u00bbtrue\u00a0\u00bb video_color_mask=\u00a0\u00bb#000000&Prime; min_height=\u00a0\u00bb500&Prime; full_width=\u00a0\u00bbtrue\u00a0\u00bb js_vertical_centered=\u00a0\u00bbtrue\u00a0\u00bb top_shape_color=\u00a0\u00bb#ffffff\u00a0\u00bb bottom_shape_color=\u00a0\u00bb#ffffff\u00a0\u00bb sidebar=\u00a0\u00bbsidebar-1&Prime;][vc_column width=\u00a0\u00bb1\/4&Prime;][\/vc_column][vc_column border_color=\u00a0\u00bb#ffffff\u00a0\u00bb width=\u00a0\u00bb1\/2&Prime; css=\u00a0\u00bb.vc_custom_1463750666376{padding-top: 20px !important;padding-right: 20px !important;padding-bottom: 20px !important;padding-left: 20px !important;background-color: rgba(255,255,255,0.1) !important;*background-color: rgb(255,255,255) !important;border-radius: 10px !important;}\u00a0\u00bb][mk_page_title_box page_title=\u00a0\u00bbCHATEAU FEELY VINS BIO BIODYNAMIQUE ET NATURE\u00a0\u00bb section_height=\u00a0\u00bb100&Prime; font_size=\u00a0\u00bb30&Prime; font_color=\u00a0\u00bb#e0b957&Prime; font_weight=\u00a0\u00bbbold\u00a0\u00bb][mk_button dimension=\u00a0\u00bbflat\u00a0\u00bb corner_style=\u00a0\u00bbrounded\u00a0\u00bb size=\u00a0\u00bbmedium\u00a0\u00bb url=\u00a0\u00bb\/fr\/notre-boutique\/vins\/\u00a0\u00bb align=\u00a0\u00bbcenter\u00a0\u00bb bg_color=\u00a0\u00bb#e0b957&Prime; btn_hover_bg=\u00a0\u00bb#e0b957&Prime;]VISITEZ LA BOUTIQUE[\/mk_button][mk_button dimension=\u00a0\u00bbflat\u00a0\u00bb corner_style=\u00a0\u00bbrounded\u00a0\u00bb size=\u00a0\u00bbmedium\u00a0\u00bb url=\u00a0\u00bb\/notre-boutique\/partage-du-vignoble\/?lang=fr\u00a0\u00bb align=\u00a0\u00bbcenter\u00a0\u00bb bg_color=\u00a0\u00bb#e0b957&Prime; btn_hover_bg=\u00a0\u00bb#e0b957&Prime;]PARTAGEZ NOS VIGNES[\/mk_button][\/vc_column][vc_column width=\u00a0\u00bb1\/4&Prime;][\/vc_column][\/mk_page_section][vc_row][vc_column][vc_column_text css=\u00a0\u00bb.vc_custom_1583415789566{margin-bottom: 0px !important;}\u00a0\u00bb]\n<p>&nbsp;<\/p>\n[\/vc_column_text][\/vc_column][\/vc_row][vc_row][vc_column][mk_page_title_box page_title=\u00a0\u00bbEN VID\u00c9O\u00a0\u00bb section_height=\u00a0\u00bb100&Prime; font_size=\u00a0\u00bb35&Prime; font_color=\u00a0\u00bb#e0b957&Prime; font_weight=\u00a0\u00bb400&Prime; sub_font_size=\u00a0\u00bb20&Prime; sub_font_color=\u00a0\u00bb#424242&Prime;][vc_video link=\u00a0\u00bbhttps:\/\/www.youtube.com\/watch?v=opgXAb1S0pE\u00a0\u00bb][\/vc_column][\/vc_row][vc_row fullwidth=\u00a0\u00bbtrue\u00a0\u00bb][vc_column][mk_page_title_box page_title=\u00a0\u00bbLES ACTUALIT\u00c9S DE CHATEAU FEELY\u00a0\u00bb page_subtitle=\u00a0\u00bbDepuis notre Blog &#8211; news sur le bio, la biodynamie et le vin\u00a0\u00bb section_height=\u00a0\u00bb150&Prime; font_size=\u00a0\u00bb35&Prime; font_color=\u00a0\u00bb#e0b957&Prime; font_weight=\u00a0\u00bb400&Prime; sub_font_size=\u00a0\u00bb20&Prime; sub_font_color=\u00a0\u00bb#424242&Prime;][mk_blog style=\u00a0\u00bbspotlight\u00a0\u00bb count=\u00a0\u00bb3&Prime;][mk_button dimension=\u00a0\u00bbflat\u00a0\u00bb corner_style=\u00a0\u00bbrounded\u00a0\u00bb size=\u00a0\u00bbmedium\u00a0\u00bb url=\u00a0\u00bb\/blog?lang=fr\u00a0\u00bb align=\u00a0\u00bbcenter\u00a0\u00bb margin_top=\u00a0\u00bb15&Prime; bg_color=\u00a0\u00bb#e0b957&Prime; btn_hover_bg=\u00a0\u00bb#e0b851&Prime;]TOUS LES ARTICLES[\/mk_button][\/vc_column][\/vc_row]\n","protected":false},"excerpt":{"rendered":"<p>[vc_row fullwidth=\u00a0\u00bbtrue\u00a0\u00bb][vc_column][mk_edge_slider first_el=\u00a0\u00bbtrue\u00a0\u00bb swiper_bg=\u00a0\u00bb\u00a0\u00bb parallax=\u00a0\u00bbtrue\u00a0\u00bb orderby=\u00a0\u00bbpost__in\u00a0\u00bb animation_effect=\u00a0\u00bbfade\u00a0\u00bb direction_nav=\u00a0\u00bbthumbflip\u00a0\u00bb pagination=\u00a0\u00bbnone\u00a0\u00bb slides=\u00a0\u00bb32,36,705,40,44,48,50,56,57,66&Prime;][\/vc_column][\/vc_row][vc_row fullwidth=\u00a0\u00bbtrue\u00a0\u00bb css=\u00a0\u00bb.vc_custom_1463724112114{padding-top: 20px !important;}\u00a0\u00bb][vc_column width=\u00a0\u00bb1\/3&Prime;][mk_page_title_box page_title=\u00a0\u00bbNOS VINS\u00a0\u00bb page_subtitle=\u00a0\u00bbVisitez notre boutique et achetez nos vins en ligne\u00a0\u00bb section_height=\u00a0\u00bb150&Prime; font_size=\u00a0\u00bb35&Prime; font_color=\u00a0\u00bb#e0b957&Prime; font_weight=\u00a0\u00bb400&Prime; sub_font_size=\u00a0\u00bb20&Prime; sub_font_color=\u00a0\u00bb#424242&Prime;][mk_image src=\u00a0\u00bbhttps:\/\/chateaufeely.com\/wp-content\/uploads\/2016\/05\/Album_111.jpg\u00a0\u00bb image_height=\u00a0\u00bb550&Prime; frame_style=\u00a0\u00bbsingle_line\u00a0\u00bb link=\u00a0\u00bb\/boutique\u00a0\u00bb align=\u00a0\u00bbcenter\u00a0\u00bb][mk_button dimension=\u00a0\u00bbflat\u00a0\u00bb corner_style=\u00a0\u00bbrounded\u00a0\u00bb size=\u00a0\u00bbmedium\u00a0\u00bb url=\u00a0\u00bb\/fr\/boutique\u00a0\u00bb align=\u00a0\u00bbcenter\u00a0\u00bb bg_color=\u00a0\u00bb#e0b957&Prime; btn_hover_bg=\u00a0\u00bb#e0b851&Prime;]BOUTIQUE[\/mk_button][\/vc_column][vc_column width=\u00a0\u00bb1\/3&Prime;][mk_page_title_box page_title=\u00a0\u00bbVISITES\u00a0\u00bb page_subtitle=\u00a0\u00bbPlusieurs formules pour d\u00e9couvrir le Ch\u00e2teau Feely\u00a0\u00bb section_height=\u00a0\u00bb150&Prime; font_size=\u00a0\u00bb35&Prime; [&hellip;]<\/p>\n","protected":false},"author":2,"featured_media":0,"parent":0,"menu_order":0,"comment_status":"closed","ping_status":"closed","template":"","meta":{"footnotes":""},"class_list":["post-27","page","type-page","status-publish","hentry"],"yoast_head":"<!-- This site is optimized with the Yoast SEO plugin v27.3 - https:\/\/yoast.com\/product\/yoast-seo-wordpress\/ -->\n<title>Ch\u00e2teau Feely - vins, visites, h\u00e9bergement Bergerac Dordogne<\/title>\n<meta name=\"description\" content=\"Le Ch\u00e2teau Feely a Saussignac, Bergerac, Dordogne vous propose des vins bio vignoble biodynamique (vente en ligne), des visites inoubliables et des g\u00eetes\" \/>\n<meta name=\"robots\" content=\"index, follow, max-snippet:-1, max-image-preview:large, max-video-preview:-1\" \/>\n<link rel=\"canonical\" href=\"https:\/\/chateaufeely.com\/fr\/\" \/>\n<meta property=\"og:locale\" content=\"fr_FR\" \/>\n<meta property=\"og:type\" content=\"article\" \/>\n<meta property=\"og:title\" content=\"Ch\u00e2teau Feely - vins, visites, h\u00e9bergement Bergerac Dordogne\" \/>\n<meta property=\"og:description\" content=\"Le Ch\u00e2teau Feely a Saussignac, Bergerac, Dordogne vous propose des vins bio vignoble biodynamique (vente en ligne), des visites inoubliables et des g\u00eetes\" \/>\n<meta property=\"og:url\" content=\"https:\/\/chateaufeely.com\/fr\/\" \/>\n<meta property=\"og:site_name\" content=\"Ch\u00e2teau Feely organic wine, tours, accommodation\" \/>\n<meta property=\"article:publisher\" content=\"https:\/\/www.facebook.com\/ChateauFeely\/\" \/>\n<meta property=\"article:modified_time\" content=\"2020-03-05T13:43:21+00:00\" \/>\n<meta name=\"twitter:card\" content=\"summary_large_image\" \/>\n<meta name=\"twitter:label1\" content=\"Dur\u00e9e de lecture estim\u00e9e\" \/>\n\t<meta name=\"twitter:data1\" content=\"5 minutes\" \/>\n<script type=\"application\/ld+json\" class=\"yoast-schema-graph\">{\"@context\":\"https:\\\/\\\/schema.org\",\"@graph\":[{\"@type\":\"WebPage\",\"@id\":\"https:\\\/\\\/chateaufeely.com\\\/fr\\\/\",\"url\":\"https:\\\/\\\/chateaufeely.com\\\/fr\\\/\",\"name\":\"Ch\u00e2teau Feely - vins, visites, h\u00e9bergement Bergerac Dordogne\",\"isPartOf\":{\"@id\":\"https:\\\/\\\/chateaufeely.com\\\/fr\\\/#website\"},\"datePublished\":\"2016-05-19T15:19:44+00:00\",\"dateModified\":\"2020-03-05T13:43:21+00:00\",\"description\":\"Le Ch\u00e2teau Feely a Saussignac, Bergerac, Dordogne vous propose des vins bio vignoble biodynamique (vente en ligne), des visites inoubliables et des g\u00eetes\",\"breadcrumb\":{\"@id\":\"https:\\\/\\\/chateaufeely.com\\\/fr\\\/#breadcrumb\"},\"inLanguage\":\"fr-FR\",\"potentialAction\":[{\"@type\":\"ReadAction\",\"target\":[\"https:\\\/\\\/chateaufeely.com\\\/fr\\\/\"]}]},{\"@type\":\"BreadcrumbList\",\"@id\":\"https:\\\/\\\/chateaufeely.com\\\/fr\\\/#breadcrumb\",\"itemListElement\":[{\"@type\":\"ListItem\",\"position\":1,\"name\":\"Accueil\",\"item\":\"https:\\\/\\\/chateaufeely.com\\\/fr\\\/\"},{\"@type\":\"ListItem\",\"position\":2,\"name\":\"Accueil\"}]},{\"@type\":\"WebSite\",\"@id\":\"https:\\\/\\\/chateaufeely.com\\\/fr\\\/#website\",\"url\":\"https:\\\/\\\/chateaufeely.com\\\/fr\\\/\",\"name\":\"Ch\u00e2teau Feely organic wine, tours, accommodation\",\"description\":\"Biodynamic and natural wine, tours and wine school, ecological luxury lodge\",\"publisher\":{\"@id\":\"https:\\\/\\\/chateaufeely.com\\\/fr\\\/#organization\"},\"potentialAction\":[{\"@type\":\"SearchAction\",\"target\":{\"@type\":\"EntryPoint\",\"urlTemplate\":\"https:\\\/\\\/chateaufeely.com\\\/fr\\\/?s={search_term_string}\"},\"query-input\":{\"@type\":\"PropertyValueSpecification\",\"valueRequired\":true,\"valueName\":\"search_term_string\"}}],\"inLanguage\":\"fr-FR\"},{\"@type\":\"Organization\",\"@id\":\"https:\\\/\\\/chateaufeely.com\\\/fr\\\/#organization\",\"name\":\"Ch\u00e2teau Feely organic wine, tours, accommodation\",\"url\":\"https:\\\/\\\/chateaufeely.com\\\/fr\\\/\",\"logo\":{\"@type\":\"ImageObject\",\"inLanguage\":\"fr-FR\",\"@id\":\"https:\\\/\\\/chateaufeely.com\\\/fr\\\/#\\\/schema\\\/logo\\\/image\\\/\",\"url\":\"https:\\\/\\\/chateaufeely.com\\\/wp-content\\\/uploads\\\/2016\\\/05\\\/logo-vertical-v2-250.png\",\"contentUrl\":\"https:\\\/\\\/chateaufeely.com\\\/wp-content\\\/uploads\\\/2016\\\/05\\\/logo-vertical-v2-250.png\",\"width\":250,\"height\":312,\"caption\":\"Ch\u00e2teau Feely organic wine, tours, accommodation\"},\"image\":{\"@id\":\"https:\\\/\\\/chateaufeely.com\\\/fr\\\/#\\\/schema\\\/logo\\\/image\\\/\"},\"sameAs\":[\"https:\\\/\\\/www.facebook.com\\\/ChateauFeely\\\/\",\"https:\\\/\\\/www.instagram.com\\\/chateaufeely\\\/\"]}]}<\/script>\n<!-- \/ Yoast SEO plugin. -->","yoast_head_json":{"title":"Ch\u00e2teau Feely - vins, visites, h\u00e9bergement Bergerac Dordogne","description":"Le Ch\u00e2teau Feely a Saussignac, Bergerac, Dordogne vous propose des vins bio vignoble biodynamique (vente en ligne), des visites inoubliables et des g\u00eetes","robots":{"index":"index","follow":"follow","max-snippet":"max-snippet:-1","max-image-preview":"max-image-preview:large","max-video-preview":"max-video-preview:-1"},"canonical":"https:\/\/chateaufeely.com\/fr\/","og_locale":"fr_FR","og_type":"article","og_title":"Ch\u00e2teau Feely - vins, visites, h\u00e9bergement Bergerac Dordogne","og_description":"Le Ch\u00e2teau Feely a Saussignac, Bergerac, Dordogne vous propose des vins bio vignoble biodynamique (vente en ligne), des visites inoubliables et des g\u00eetes","og_url":"https:\/\/chateaufeely.com\/fr\/","og_site_name":"Ch\u00e2teau Feely organic wine, tours, accommodation","article_publisher":"https:\/\/www.facebook.com\/ChateauFeely\/","article_modified_time":"2020-03-05T13:43:21+00:00","twitter_card":"summary_large_image","twitter_misc":{"Dur\u00e9e de lecture estim\u00e9e":"5 minutes"},"schema":{"@context":"https:\/\/schema.org","@graph":[{"@type":"WebPage","@id":"https:\/\/chateaufeely.com\/fr\/","url":"https:\/\/chateaufeely.com\/fr\/","name":"Ch\u00e2teau Feely - vins, visites, h\u00e9bergement Bergerac Dordogne","isPartOf":{"@id":"https:\/\/chateaufeely.com\/fr\/#website"},"datePublished":"2016-05-19T15:19:44+00:00","dateModified":"2020-03-05T13:43:21+00:00","description":"Le Ch\u00e2teau Feely a Saussignac, Bergerac, Dordogne vous propose des vins bio vignoble biodynamique (vente en ligne), des visites inoubliables et des g\u00eetes","breadcrumb":{"@id":"https:\/\/chateaufeely.com\/fr\/#breadcrumb"},"inLanguage":"fr-FR","potentialAction":[{"@type":"ReadAction","target":["https:\/\/chateaufeely.com\/fr\/"]}]},{"@type":"BreadcrumbList","@id":"https:\/\/chateaufeely.com\/fr\/#breadcrumb","itemListElement":[{"@type":"ListItem","position":1,"name":"Accueil","item":"https:\/\/chateaufeely.com\/fr\/"},{"@type":"ListItem","position":2,"name":"Accueil"}]},{"@type":"WebSite","@id":"https:\/\/chateaufeely.com\/fr\/#website","url":"https:\/\/chateaufeely.com\/fr\/","name":"Ch\u00e2teau Feely organic wine, tours, accommodation","description":"Biodynamic and natural wine, tours and wine school, ecological luxury lodge","publisher":{"@id":"https:\/\/chateaufeely.com\/fr\/#organization"},"potentialAction":[{"@type":"SearchAction","target":{"@type":"EntryPoint","urlTemplate":"https:\/\/chateaufeely.com\/fr\/?s={search_term_string}"},"query-input":{"@type":"PropertyValueSpecification","valueRequired":true,"valueName":"search_term_string"}}],"inLanguage":"fr-FR"},{"@type":"Organization","@id":"https:\/\/chateaufeely.com\/fr\/#organization","name":"Ch\u00e2teau Feely organic wine, tours, accommodation","url":"https:\/\/chateaufeely.com\/fr\/","logo":{"@type":"ImageObject","inLanguage":"fr-FR","@id":"https:\/\/chateaufeely.com\/fr\/#\/schema\/logo\/image\/","url":"https:\/\/chateaufeely.com\/wp-content\/uploads\/2016\/05\/logo-vertical-v2-250.png","contentUrl":"https:\/\/chateaufeely.com\/wp-content\/uploads\/2016\/05\/logo-vertical-v2-250.png","width":250,"height":312,"caption":"Ch\u00e2teau Feely organic wine, tours, accommodation"},"image":{"@id":"https:\/\/chateaufeely.com\/fr\/#\/schema\/logo\/image\/"},"sameAs":["https:\/\/www.facebook.com\/ChateauFeely\/","https:\/\/www.instagram.com\/chateaufeely\/"]}]}},"_links":{"self":[{"href":"https:\/\/chateaufeely.com\/fr\/wp-json\/wp\/v2\/pages\/27","targetHints":{"allow":["GET"]}}],"collection":[{"href":"https:\/\/chateaufeely.com\/fr\/wp-json\/wp\/v2\/pages"}],"about":[{"href":"https:\/\/chateaufeely.com\/fr\/wp-json\/wp\/v2\/types\/page"}],"author":[{"embeddable":true,"href":"https:\/\/chateaufeely.com\/fr\/wp-json\/wp\/v2\/users\/2"}],"replies":[{"embeddable":true,"href":"https:\/\/chateaufeely.com\/fr\/wp-json\/wp\/v2\/comments?post=27"}],"version-history":[{"count":0,"href":"https:\/\/chateaufeely.com\/fr\/wp-json\/wp\/v2\/pages\/27\/revisions"}],"wp:attachment":[{"href":"https:\/\/chateaufeely.com\/fr\/wp-json\/wp\/v2\/media?parent=27"}],"curies":[{"name":"wp","href":"https:\/\/api.w.org\/{rel}","templated":true}]}}