{"id":314,"date":"2016-05-24T15:39:14","date_gmt":"2016-05-24T14:39:14","guid":{"rendered":"http:\/\/chateaufeely.com\/?page_id=314"},"modified":"2026-02-27T16:22:39","modified_gmt":"2026-02-27T15:22:39","slug":"journee","status":"publish","type":"page","link":"https:\/\/chateaufeely.com\/fr\/visites\/journee\/","title":{"rendered":"Excursions d\u2019une journ\u00e9e compl\u00e8te pour les \u0153nos"},"content":{"rendered":"[vc_row fullwidth=\u00a0\u00bbtrue\u00a0\u00bb][vc_column][mk_button dimension=\u00a0\u00bbflat\u00a0\u00bb corner_style=\u00a0\u00bbrounded\u00a0\u00bb size=\u00a0\u00bbmedium\u00a0\u00bb icon=\u00a0\u00bbmk-moon-undo-2&Prime; url=\u00a0\u00bb\/visites?lang=en\u00a0\u00bb align=\u00a0\u00bbcenter\u00a0\u00bb margin_top=\u00a0\u00bb15&Prime; margin_bottom=\u00a0\u00bb30&Prime; bg_color=\u00a0\u00bb#e0b957&Prime; btn_hover_bg=\u00a0\u00bb#e0a000&Prime;]TOUTES LES VISITES[\/mk_button][mk_pricing_table style=\u00a0\u00bbmonocolor\u00a0\u00bb table_number=\u00a0\u00bb3&Prime; order=\u00a0\u00bbASC\u00a0\u00bb orderby=\u00a0\u00bbid\u00a0\u00bb tables=\u00a0\u00bb912,911,910,909&Prime;][\/mk_pricing_table][\/vc_column][\/vc_row][vc_row][vc_column][mk_page_title_box page_title=\u00a0\u00bbConseils pour les visites\u00a0\u00bb section_height=\u00a0\u00bb100&Prime; text_align=\u00a0\u00bbleft\u00a0\u00bb font_size=\u00a0\u00bb30&Prime; font_color=\u00a0\u00bb#e0b957&Prime;][vc_column_text css=\u00a0\u00bb.vc_custom_1583593675098{margin-bottom: 0px !important;}\u00a0\u00bb]<span style=\"color: #000000;\">Pour toutes nos visites, veuillez porter des chaussures adapt\u00e9es \u00e0 la promenade dehors, car nous passons une partie du temps dans le vignoble.<\/span><\/p>\n<p><span style=\"color: #000000;\">Toutes nos activit\u00e9s se d\u00e9roulent au vignoble biodynamique Feely dans le sud-ouest de la France, \u00e0 1h15 de la ville de Bordeaux, 10 minutes de Saint-Foy La Grande, 15 minutes de Bergerac et 50 minutes de la gare TGV de Libourne. Pour la <a style=\"color: #000000;\" href=\"https:\/\/chateaufeely.com\/fr\/contact\/\">page de contact pour nous<\/a> trouver. Nous proposons des op\u00e9rations de prise en charge et de d\u00e9p\u00f4t \u00e0 notre station SNCF locale pour des activit\u00e9s d\u2019une demi-journ\u00e9e et une journ\u00e9e compl\u00e8te. D\u00e9couvrez notre belle \u00e9cole de vin \u00e9cologique et notre salle de d\u00e9gustation fabriqu\u00e9es en mat\u00e9riaux naturels tels que bois, pierre, craie et chanvre.<\/span><\/p>\n<p><span style=\"color: #000000;\">Les visites au Ch\u00e2teau F\u00e9ely disposent d\u2019un certificat d\u2019excellence sur Tripadvisor, tout comme notre \u00e9cole de vin, <b><a style=\"color: #000000;\" href=\"http:\/\/www.frenchwineadventures.com\" target=\"_blank\" rel=\"noopener noreferrer\">French Wine Adventures, l\u2019\u00e9cole de vin et les excursions de plusieurs jours \u00e0 Bordeaux et Bergerac<\/a>\u00a0<\/b>.<\/span>[\/vc_column_text][vc_separator color=\u00a0\u00bbcustom\u00a0\u00bb border_width=\u00a0\u00bb4&Prime; accent_color=\u00a0\u00bb#4fcc91&Prime;][\/vc_column][\/vc_row][vc_row][vc_column width=\u00a0\u00bb1\/2&Prime;][vc_column_text]\n<div id=\"TA_selfserveprop679\" class=\"TA_selfserveprop\">\n<ul id=\"M2WiEIa\" class=\"TA_links cDGJH9wH2nFt\">\n<li id=\"WRV2YVt\" class=\"rglM4Km\"><a href=\"http:\/\/www.tripadvisor.ie\/\" target=\"_blank\" rel=\"noopener noreferrer\"><img decoding=\"async\" src=\"http:\/\/www.tripadvisor.ie\/img\/cdsi\/img2\/branding\/150_logo-11900-2.png\" alt=\"TripAdvisor\" \/><\/a><\/li>\n<\/ul>\n<\/div>\n<p><script src=\"http:\/\/www.jscache.com\/wejs?wtype=selfserveprop&amp;uniq=679&amp;locationId=2056313&amp;lang=en_IE&amp;rating=true&amp;nreviews=4&amp;writereviewlink=true&amp;popIdx=true&amp;iswide=true&amp;border=true&amp;display_version=2\"><\/script>[\/vc_column_text][\/vc_column][vc_column width=\u00a0\u00bb1\/2&Prime;][vc_column_text css=\u00a0\u00bb.vc_custom_1583593788665{margin-bottom: 0px !important;}\u00a0\u00bb]<img decoding=\"async\" class=\"alignnone wp-image-5323\" src=\"https:\/\/chateaufeely.com\/wp-content\/uploads\/2020\/03\/logos_oenotourisme_or_preview-300x300.png\" alt=\"\" width=\"200\" height=\"200\" srcset=\"https:\/\/chateaufeely.com\/wp-content\/uploads\/2020\/03\/logos_oenotourisme_or_preview-300x300.png 300w, https:\/\/chateaufeely.com\/wp-content\/uploads\/2020\/03\/logos_oenotourisme_or_preview-150x150.png 150w, https:\/\/chateaufeely.com\/wp-content\/uploads\/2020\/03\/logos_oenotourisme_or_preview-100x100.png 100w, https:\/\/chateaufeely.com\/wp-content\/uploads\/2020\/03\/logos_oenotourisme_or_preview.png 483w\" sizes=\"(max-width: 200px) 100vw, 200px\" \/><img decoding=\"async\" class=\" wp-image-5319 alignright\" src=\"https:\/\/chateaufeely.com\/wp-content\/uploads\/2020\/03\/bestof-or-2017-300x239.jpg\" alt=\"\" width=\"200\" height=\"159\" srcset=\"https:\/\/chateaufeely.com\/wp-content\/uploads\/2020\/03\/bestof-or-2017-300x239.jpg 300w, https:\/\/chateaufeely.com\/wp-content\/uploads\/2020\/03\/bestof-or-2017-1024x815.jpg 1024w, https:\/\/chateaufeely.com\/wp-content\/uploads\/2020\/03\/bestof-or-2017-768x611.jpg 768w, https:\/\/chateaufeely.com\/wp-content\/uploads\/2020\/03\/bestof-or-2017-600x477.jpg 600w, https:\/\/chateaufeely.com\/wp-content\/uploads\/2020\/03\/bestof-or-2017.jpg 1100w\" sizes=\"(max-width: 200px) 100vw, 200px\" \/>[\/vc_column_text][vc_column_text css=\u00a0\u00bb.vc_custom_1583593814304{margin-bottom: 0px !important;}\u00a0\u00bb]<img decoding=\"async\" class=\"alignnone wp-image-5317 aligncenter\" src=\"https:\/\/chateaufeely.com\/wp-content\/uploads\/2020\/03\/logo-hall-of-fame-tripadvisor-300x267.png\" alt=\"\" width=\"244\" height=\"217\" srcset=\"https:\/\/chateaufeely.com\/wp-content\/uploads\/2020\/03\/logo-hall-of-fame-tripadvisor-300x267.png 300w, https:\/\/chateaufeely.com\/wp-content\/uploads\/2020\/03\/logo-hall-of-fame-tripadvisor.png 512w\" sizes=\"(max-width: 244px) 100vw, 244px\" \/>[\/vc_column_text][\/vc_column][\/vc_row]\n","protected":false},"excerpt":{"rendered":"<p>[vc_row fullwidth=\u00a0\u00bbtrue\u00a0\u00bb][vc_column][mk_button dimension=\u00a0\u00bbflat\u00a0\u00bb corner_style=\u00a0\u00bbrounded\u00a0\u00bb size=\u00a0\u00bbmedium\u00a0\u00bb icon=\u00a0\u00bbmk-moon-undo-2&Prime; url=\u00a0\u00bb\/visites?lang=en\u00a0\u00bb align=\u00a0\u00bbcenter\u00a0\u00bb margin_top=\u00a0\u00bb15&Prime; margin_bottom=\u00a0\u00bb30&Prime; bg_color=\u00a0\u00bb#e0b957&Prime; btn_hover_bg=\u00a0\u00bb#e0a000&Prime;]TOUTES LES VISITES[\/mk_button][mk_pricing_table style=\u00a0\u00bbmonocolor\u00a0\u00bb table_number=\u00a0\u00bb3&Prime; order=\u00a0\u00bbASC\u00a0\u00bb orderby=\u00a0\u00bbid\u00a0\u00bb tables=\u00a0\u00bb912,911,910,909&Prime;][\/mk_pricing_table][\/vc_column][\/vc_row][vc_row][vc_column][mk_page_title_box page_title=\u00a0\u00bbConseils pour les visites\u00a0\u00bb section_height=\u00a0\u00bb100&Prime; text_align=\u00a0\u00bbleft\u00a0\u00bb font_size=\u00a0\u00bb30&Prime; font_color=\u00a0\u00bb#e0b957&Prime;][vc_column_text css=\u00a0\u00bb.vc_custom_1583593675098{margin-bottom: 0px !important;}\u00a0\u00bb]Pour toutes nos visites, veuillez porter des chaussures adapt\u00e9es \u00e0 la promenade dehors, car nous passons une partie du temps dans le vignoble. Toutes nos activit\u00e9s [&hellip;]<\/p>\n","protected":false},"author":2,"featured_media":0,"parent":251,"menu_order":0,"comment_status":"closed","ping_status":"closed","template":"","meta":{"_exactmetrics_skip_tracking":false,"_exactmetrics_sitenote_active":false,"_exactmetrics_sitenote_note":"","_exactmetrics_sitenote_category":0,"footnotes":""},"class_list":["post-314","page","type-page","status-publish","hentry"],"yoast_head":"<!-- This site is optimized with the Yoast SEO plugin v27.0 - https:\/\/yoast.com\/product\/yoast-seo-wordpress\/ -->\n<title>Excursions d\u2019une journ\u00e9e au Ch\u00e2teau F\u00e9ely entre Bergerac et Bordeaux<\/title>\n<meta name=\"description\" content=\"Des excursions d\u2019une journ\u00e9e de vin inoubliables pour d\u00e9couvrir des vignobles et du vin biologique dans un vignoble biodynamique certifi\u00e9 biodynamique et une \u00e9cole de vin entre Bergerac et Bordeaux\" \/>\n<meta name=\"robots\" content=\"index, follow, max-snippet:-1, max-image-preview:large, max-video-preview:-1\" \/>\n<link rel=\"canonical\" href=\"https:\/\/chateaufeely.com\/fr\/visites\/journee\/\" \/>\n<meta property=\"og:locale\" content=\"fr_FR\" \/>\n<meta property=\"og:type\" content=\"article\" \/>\n<meta property=\"og:title\" content=\"Excursions d\u2019une journ\u00e9e au Ch\u00e2teau F\u00e9ely entre Bergerac et Bordeaux\" \/>\n<meta property=\"og:description\" content=\"Des excursions d\u2019une journ\u00e9e de vin inoubliables pour d\u00e9couvrir des vignobles et du vin biologique dans un vignoble biodynamique certifi\u00e9 biodynamique et une \u00e9cole de vin entre Bergerac et Bordeaux\" \/>\n<meta property=\"og:url\" content=\"https:\/\/chateaufeely.com\/fr\/visites\/journee\/\" \/>\n<meta property=\"og:site_name\" content=\"Ch\u00e2teau Feely organic wine, tours, accommodation\" \/>\n<meta property=\"article:publisher\" content=\"https:\/\/www.facebook.com\/ChateauFeely\/\" \/>\n<meta property=\"article:modified_time\" content=\"2026-02-27T15:22:39+00:00\" \/>\n<meta property=\"og:image\" content=\"http:\/\/www.tripadvisor.ie\/img\/cdsi\/img2\/branding\/150_logo-11900-2.png\" \/>\n<meta name=\"twitter:card\" content=\"summary_large_image\" \/>\n<meta name=\"twitter:label1\" content=\"Dur\u00e9e de lecture estim\u00e9e\" \/>\n\t<meta name=\"twitter:data1\" content=\"2 minutes\" \/>\n<script type=\"application\/ld+json\" class=\"yoast-schema-graph\">{\"@context\":\"https:\/\/schema.org\",\"@graph\":[{\"@type\":\"WebPage\",\"@id\":\"https:\/\/chateaufeely.com\/fr\/visites\/journee\/\",\"url\":\"https:\/\/chateaufeely.com\/fr\/visites\/journee\/\",\"name\":\"Excursions d\u2019une journ\u00e9e au Ch\u00e2teau F\u00e9ely entre Bergerac et Bordeaux\",\"isPartOf\":{\"@id\":\"https:\/\/chateaufeely.com\/fr\/#website\"},\"primaryImageOfPage\":{\"@id\":\"https:\/\/chateaufeely.com\/fr\/visites\/journee\/#primaryimage\"},\"image\":{\"@id\":\"https:\/\/chateaufeely.com\/fr\/visites\/journee\/#primaryimage\"},\"thumbnailUrl\":\"http:\/\/www.tripadvisor.ie\/img\/cdsi\/img2\/branding\/150_logo-11900-2.png\",\"datePublished\":\"2016-05-24T14:39:14+00:00\",\"dateModified\":\"2026-02-27T15:22:39+00:00\",\"description\":\"Des excursions d\u2019une journ\u00e9e de vin inoubliables pour d\u00e9couvrir des vignobles et du vin biologique dans un vignoble biodynamique certifi\u00e9 biodynamique et une \u00e9cole de vin entre Bergerac et Bordeaux\",\"breadcrumb\":{\"@id\":\"https:\/\/chateaufeely.com\/fr\/visites\/journee\/#breadcrumb\"},\"inLanguage\":\"fr-FR\",\"potentialAction\":[{\"@type\":\"ReadAction\",\"target\":[\"https:\/\/chateaufeely.com\/fr\/visites\/journee\/\"]}]},{\"@type\":\"ImageObject\",\"inLanguage\":\"fr-FR\",\"@id\":\"https:\/\/chateaufeely.com\/fr\/visites\/journee\/#primaryimage\",\"url\":\"http:\/\/www.tripadvisor.ie\/img\/cdsi\/img2\/branding\/150_logo-11900-2.png\",\"contentUrl\":\"http:\/\/www.tripadvisor.ie\/img\/cdsi\/img2\/branding\/150_logo-11900-2.png\"},{\"@type\":\"BreadcrumbList\",\"@id\":\"https:\/\/chateaufeely.com\/fr\/visites\/journee\/#breadcrumb\",\"itemListElement\":[{\"@type\":\"ListItem\",\"position\":1,\"name\":\"Accueil\",\"item\":\"https:\/\/chateaufeely.com\/fr\/\"},{\"@type\":\"ListItem\",\"position\":2,\"name\":\"Visites\",\"item\":\"https:\/\/chateaufeely.com\/fr\/visits\/\"},{\"@type\":\"ListItem\",\"position\":3,\"name\":\"Excursions d\u2019une journ\u00e9e compl\u00e8te pour les \u0153nos\"}]},{\"@type\":\"WebSite\",\"@id\":\"https:\/\/chateaufeely.com\/fr\/#website\",\"url\":\"https:\/\/chateaufeely.com\/fr\/\",\"name\":\"Ch\u00e2teau Feely organic wine, tours, accommodation\",\"description\":\"Biodynamic and natural wine, tours and wine school, ecological luxury lodge\",\"publisher\":{\"@id\":\"https:\/\/chateaufeely.com\/fr\/#organization\"},\"potentialAction\":[{\"@type\":\"SearchAction\",\"target\":{\"@type\":\"EntryPoint\",\"urlTemplate\":\"https:\/\/chateaufeely.com\/fr\/?s={search_term_string}\"},\"query-input\":{\"@type\":\"PropertyValueSpecification\",\"valueRequired\":true,\"valueName\":\"search_term_string\"}}],\"inLanguage\":\"fr-FR\"},{\"@type\":\"Organization\",\"@id\":\"https:\/\/chateaufeely.com\/fr\/#organization\",\"name\":\"Ch\u00e2teau Feely organic wine, tours, accommodation\",\"url\":\"https:\/\/chateaufeely.com\/fr\/\",\"logo\":{\"@type\":\"ImageObject\",\"inLanguage\":\"fr-FR\",\"@id\":\"https:\/\/chateaufeely.com\/fr\/#\/schema\/logo\/image\/\",\"url\":\"https:\/\/chateaufeely.com\/wp-content\/uploads\/2016\/05\/logo-vertical-v2-250.png\",\"contentUrl\":\"https:\/\/chateaufeely.com\/wp-content\/uploads\/2016\/05\/logo-vertical-v2-250.png\",\"width\":250,\"height\":312,\"caption\":\"Ch\u00e2teau Feely organic wine, tours, accommodation\"},\"image\":{\"@id\":\"https:\/\/chateaufeely.com\/fr\/#\/schema\/logo\/image\/\"},\"sameAs\":[\"https:\/\/www.facebook.com\/ChateauFeely\/\",\"https:\/\/www.instagram.com\/chateaufeely\/\"]}]}<\/script>\n<!-- \/ Yoast SEO plugin. -->","yoast_head_json":{"title":"Excursions d\u2019une journ\u00e9e au Ch\u00e2teau F\u00e9ely entre Bergerac et Bordeaux","description":"Des excursions d\u2019une journ\u00e9e de vin inoubliables pour d\u00e9couvrir des vignobles et du vin biologique dans un vignoble biodynamique certifi\u00e9 biodynamique et une \u00e9cole de vin entre Bergerac et Bordeaux","robots":{"index":"index","follow":"follow","max-snippet":"max-snippet:-1","max-image-preview":"max-image-preview:large","max-video-preview":"max-video-preview:-1"},"canonical":"https:\/\/chateaufeely.com\/fr\/visites\/journee\/","og_locale":"fr_FR","og_type":"article","og_title":"Excursions d\u2019une journ\u00e9e au Ch\u00e2teau F\u00e9ely entre Bergerac et Bordeaux","og_description":"Des excursions d\u2019une journ\u00e9e de vin inoubliables pour d\u00e9couvrir des vignobles et du vin biologique dans un vignoble biodynamique certifi\u00e9 biodynamique et une \u00e9cole de vin entre Bergerac et Bordeaux","og_url":"https:\/\/chateaufeely.com\/fr\/visites\/journee\/","og_site_name":"Ch\u00e2teau Feely organic wine, tours, accommodation","article_publisher":"https:\/\/www.facebook.com\/ChateauFeely\/","article_modified_time":"2026-02-27T15:22:39+00:00","og_image":[{"url":"http:\/\/www.tripadvisor.ie\/img\/cdsi\/img2\/branding\/150_logo-11900-2.png","type":"","width":"","height":""}],"twitter_card":"summary_large_image","twitter_misc":{"Dur\u00e9e de lecture estim\u00e9e":"2 minutes"},"schema":{"@context":"https:\/\/schema.org","@graph":[{"@type":"WebPage","@id":"https:\/\/chateaufeely.com\/fr\/visites\/journee\/","url":"https:\/\/chateaufeely.com\/fr\/visites\/journee\/","name":"Excursions d\u2019une journ\u00e9e au Ch\u00e2teau F\u00e9ely entre Bergerac et Bordeaux","isPartOf":{"@id":"https:\/\/chateaufeely.com\/fr\/#website"},"primaryImageOfPage":{"@id":"https:\/\/chateaufeely.com\/fr\/visites\/journee\/#primaryimage"},"image":{"@id":"https:\/\/chateaufeely.com\/fr\/visites\/journee\/#primaryimage"},"thumbnailUrl":"http:\/\/www.tripadvisor.ie\/img\/cdsi\/img2\/branding\/150_logo-11900-2.png","datePublished":"2016-05-24T14:39:14+00:00","dateModified":"2026-02-27T15:22:39+00:00","description":"Des excursions d\u2019une journ\u00e9e de vin inoubliables pour d\u00e9couvrir des vignobles et du vin biologique dans un vignoble biodynamique certifi\u00e9 biodynamique et une \u00e9cole de vin entre Bergerac et Bordeaux","breadcrumb":{"@id":"https:\/\/chateaufeely.com\/fr\/visites\/journee\/#breadcrumb"},"inLanguage":"fr-FR","potentialAction":[{"@type":"ReadAction","target":["https:\/\/chateaufeely.com\/fr\/visites\/journee\/"]}]},{"@type":"ImageObject","inLanguage":"fr-FR","@id":"https:\/\/chateaufeely.com\/fr\/visites\/journee\/#primaryimage","url":"http:\/\/www.tripadvisor.ie\/img\/cdsi\/img2\/branding\/150_logo-11900-2.png","contentUrl":"http:\/\/www.tripadvisor.ie\/img\/cdsi\/img2\/branding\/150_logo-11900-2.png"},{"@type":"BreadcrumbList","@id":"https:\/\/chateaufeely.com\/fr\/visites\/journee\/#breadcrumb","itemListElement":[{"@type":"ListItem","position":1,"name":"Accueil","item":"https:\/\/chateaufeely.com\/fr\/"},{"@type":"ListItem","position":2,"name":"Visites","item":"https:\/\/chateaufeely.com\/fr\/visits\/"},{"@type":"ListItem","position":3,"name":"Excursions d\u2019une journ\u00e9e compl\u00e8te pour les \u0153nos"}]},{"@type":"WebSite","@id":"https:\/\/chateaufeely.com\/fr\/#website","url":"https:\/\/chateaufeely.com\/fr\/","name":"Ch\u00e2teau Feely organic wine, tours, accommodation","description":"Biodynamic and natural wine, tours and wine school, ecological luxury lodge","publisher":{"@id":"https:\/\/chateaufeely.com\/fr\/#organization"},"potentialAction":[{"@type":"SearchAction","target":{"@type":"EntryPoint","urlTemplate":"https:\/\/chateaufeely.com\/fr\/?s={search_term_string}"},"query-input":{"@type":"PropertyValueSpecification","valueRequired":true,"valueName":"search_term_string"}}],"inLanguage":"fr-FR"},{"@type":"Organization","@id":"https:\/\/chateaufeely.com\/fr\/#organization","name":"Ch\u00e2teau Feely organic wine, tours, accommodation","url":"https:\/\/chateaufeely.com\/fr\/","logo":{"@type":"ImageObject","inLanguage":"fr-FR","@id":"https:\/\/chateaufeely.com\/fr\/#\/schema\/logo\/image\/","url":"https:\/\/chateaufeely.com\/wp-content\/uploads\/2016\/05\/logo-vertical-v2-250.png","contentUrl":"https:\/\/chateaufeely.com\/wp-content\/uploads\/2016\/05\/logo-vertical-v2-250.png","width":250,"height":312,"caption":"Ch\u00e2teau Feely organic wine, tours, accommodation"},"image":{"@id":"https:\/\/chateaufeely.com\/fr\/#\/schema\/logo\/image\/"},"sameAs":["https:\/\/www.facebook.com\/ChateauFeely\/","https:\/\/www.instagram.com\/chateaufeely\/"]}]}},"_links":{"self":[{"href":"https:\/\/chateaufeely.com\/fr\/wp-json\/wp\/v2\/pages\/314","targetHints":{"allow":["GET"]}}],"collection":[{"href":"https:\/\/chateaufeely.com\/fr\/wp-json\/wp\/v2\/pages"}],"about":[{"href":"https:\/\/chateaufeely.com\/fr\/wp-json\/wp\/v2\/types\/page"}],"author":[{"embeddable":true,"href":"https:\/\/chateaufeely.com\/fr\/wp-json\/wp\/v2\/users\/2"}],"replies":[{"embeddable":true,"href":"https:\/\/chateaufeely.com\/fr\/wp-json\/wp\/v2\/comments?post=314"}],"version-history":[{"count":36,"href":"https:\/\/chateaufeely.com\/fr\/wp-json\/wp\/v2\/pages\/314\/revisions"}],"predecessor-version":[{"id":10818,"href":"https:\/\/chateaufeely.com\/fr\/wp-json\/wp\/v2\/pages\/314\/revisions\/10818"}],"up":[{"embeddable":true,"href":"https:\/\/chateaufeely.com\/fr\/wp-json\/wp\/v2\/pages\/251"}],"wp:attachment":[{"href":"https:\/\/chateaufeely.com\/fr\/wp-json\/wp\/v2\/media?parent=314"}],"curies":[{"name":"wp","href":"https:\/\/api.w.org\/{rel}","templated":true}]}}