{"id":363,"date":"2016-05-24T18:04:27","date_gmt":"2016-05-24T17:04:27","guid":{"rendered":"http:\/\/chateaufeely.com\/?page_id=363"},"modified":"2026-04-03T13:58:14","modified_gmt":"2026-04-03T12:58:14","slug":"presentation-gites","status":"publish","type":"page","link":"https:\/\/chateaufeely.com\/fr\/presentation-gites\/","title":{"rendered":"Gites"},"content":{"rendered":"[vc_row][vc_column][mk_icon_box icon=\u00a0\u00bbmk-moon-home-2&Prime; title=\u00a0\u00bbR\u00e9veillez-vous au c\u0153ur d&rsquo;un vignoble bio et vivant.\u00a0\u00bb text_size=\u00a0\u00bb30&Prime; style=\u00a0\u00bbsimple_ultimate\u00a0\u00bb icon_size=\u00a0\u00bblarge\u00a0\u00bb icon_location=\u00a0\u00bbtop\u00a0\u00bb icon_color=\u00a0\u00bb#e0b957&Prime; title_color=\u00a0\u00bb#000000&Prime; txt_color=\u00a0\u00bb#5e5e5e\u00a0\u00bb margin=\u00a0\u00bb0&Prime;]\n<p style=\"text-align: center;\"><span style=\"color: #000000;\">Deux g\u00eetes de luxe sur un domaine bio en Dordogne, entre Bordeaux et Bergerac. Une invitation \u00e0 la d\u00e9tente et \u00e0 la contemplation. <\/span><\/p>\n[\/mk_icon_box][mk_image src=\u00a0\u00bbhttps:\/\/chateaufeely.com\/wp-content\/uploads\/2026\/03\/img_1543-sarahview-banner-scaled.jpg\u00a0\u00bb align=\u00a0\u00bbcenter\u00a0\u00bb][mk_button dimension=\u00a0\u00bbflat\u00a0\u00bb corner_style=\u00a0\u00bbrounded\u00a0\u00bb size=\u00a0\u00bbmedium\u00a0\u00bb url=\u00a0\u00bbhttps:\/\/chateaufeely.com\/fr\/presentation-gites\/wine-lodge\u00a0\u00bb align=\u00a0\u00bbcenter\u00a0\u00bb margin_top=\u00a0\u00bb15&Prime; btn_hover_bg=\u00a0\u00bb#e0a000&Prime;]GITE POUR 4 PERSONNES[\/mk_button][mk_button dimension=\u00a0\u00bbflat\u00a0\u00bb corner_style=\u00a0\u00bbrounded\u00a0\u00bb size=\u00a0\u00bbmedium\u00a0\u00bb url=\u00a0\u00bbhttps:\/\/chateaufeely.com\/fr\/presentation-gites\/wine-cottage\u00a0\u00bb align=\u00a0\u00bbcenter\u00a0\u00bb margin_top=\u00a0\u00bb15&Prime; btn_hover_bg=\u00a0\u00bb#e0a000&Prime;]COTTAGE POUR DEUX PERSONNES[\/mk_button][vc_column_text css=\u00a0\u00bb.vc_custom_1775038976559{margin-bottom: 0px !important;}\u00a0\u00bb]\n<p class=\"font-claude-response-body break-words whitespace-normal leading-[1.7]\"><span style=\"color: #000000;\">Le Ch\u00e2teau Feely est un domaine viticole bio \u00e0 Saussignac, dans le sud-ouest de la France. Quatorze hectares de vignes et de terres agricoles bio, d&rsquo;anciens b\u00e2timents en pierre, des orchid\u00e9es sauvages le long des sentiers et une piscine d&rsquo;eau sal\u00e9e baign\u00e9e de soleil l&rsquo;apr\u00e8s-midi.<\/span><\/p>\n<p class=\"font-claude-response-body break-words whitespace-normal leading-[1.7]\"><span style=\"color: #000000;\">Nos deux g\u00eetes, am\u00e9nag\u00e9s avec soin dans les b\u00e2timents d&rsquo;origine du domaine, utilisent des mat\u00e9riaux naturels, du coton bio et des \u00e9nergies renouvelables. Chacun dispose d&rsquo;une terrasse privative offrant une vue imprenable sur les vignes. <\/span><\/p>\n<p class=\"font-claude-response-body break-words whitespace-normal leading-[1.7]\"><span style=\"color: #000000;\">\u00c0 vous de choisir votre rythme : repos, baignade, promenades, lecture. Vous pouvez aussi nous rejoindre pour une visite des vignes, un cours de yoga dans les vignes ou un d\u00e9jeuner accords mets et vins dans notre caveau. <\/span><\/p>\n<p>Le Ch\u00e2teau Feely a remport\u00e9 un Troph\u00e9e d&rsquo;Or pour l&rsquo;h\u00e9bergement dans les vignobles lors des Best of Wine Tourism Awards, ainsi qu&rsquo;un Troph\u00e9e d&rsquo;Or national pour les visites p\u00e9dagogiques et les pratiques environnementales.[\/vc_column_text][mk_blockquote font_family=\u00a0\u00bbnone\u00a0\u00bb]<span style=\"color: #000000;\"><em>\u00ab Parfait \u00e0 tous points de vue\u2026 une vue imprenable sur un paysage paisible et magnifique.\u00bb<\/em> \u2013 Client sur TripAdvisor &#x2b50;&#x2b50;&#x2b50;&#x2b50;&#x2b50;<\/span>[\/mk_blockquote][\/vc_column][\/vc_row][vc_row][vc_column][\/vc_column][\/vc_row][vc_row css=\u00a0\u00bb.vc_custom_1467127636259{padding-top: 20px !important;}\u00a0\u00bb][vc_column width=\u00a0\u00bb1\/3&Prime; css=\u00a0\u00bb.vc_custom_1467127173326{padding-left: 15px !important;}\u00a0\u00bb][mk_page_title_box page_title=\u00a0\u00bb\u00ab Wine Lodge \u00bb\u00a0\u00bb section_height=\u00a0\u00bb100&Prime; font_size=\u00a0\u00bb25&Prime; font_color=\u00a0\u00bb#000000&Prime;][mk_image src=\u00a0\u00bbhttps:\/\/chateaufeely.com\/wp-content\/uploads\/2020\/03\/un-espace-convivial-et-spacieux-au-wine-lodge.jpeg\u00a0\u00bb image_height=\u00a0\u00bb600&Prime; link=\u00a0\u00bb\/presentation-gites\/wine-lodge\/?lang=en\u00a0\u00bb][vc_column_text css=\u00a0\u00bb.vc_custom_1775058793949{margin-bottom: 0px !important;}\u00a0\u00bb]\n<p style=\"text-align: center;\"><span style=\"color: #000000;\"><strong>Le Wine Lodge<\/strong> 4 <em>personnes \u00b7 2 chambres \u00b7 2 salle de bains\/ douche \u00b7 90m\u00b2<\/em><\/span><\/p>\n<p class=\"font-claude-response-body break-words whitespace-normal leading-[1.7]\"><span style=\"color: #000000;\">Spacieux et lumineux, avec ses pierres apparentes, ses plafonds en bois de peuplier, son chauffage au sol, sa climatisation et sa vue exceptionnelle sur les vignes. Id\u00e9al pour deux couples ou une petite famille. <\/span><\/p>\n<p class=\"font-claude-response-body break-words whitespace-normal leading-[1.7]\"><span style=\"color: #000000;\"><em>De \u20ac1,295\/ semaine \u00b7 B&amp;B a partir de 3 nuits Oct\u2013Mai<\/em><\/span><\/p>\n<p style=\"text-align: center;\"><span style=\"color: #e0b957;\"><a style=\"color: #e0b957;\" href=\"https:\/\/chateaufeely.com\/fr\/presentation-gites\/wine-lodge\/\">D\u00e9couvrir Le Wine Lodge<\/a><\/span><\/p>\n[\/vc_column_text][mk_button dimension=\u00a0\u00bbflat\u00a0\u00bb corner_style=\u00a0\u00bbrounded\u00a0\u00bb size=\u00a0\u00bbmedium\u00a0\u00bb url=\u00a0\u00bbhttps:\/\/chateaufeely.com\/fr\/presentation-gites\/wine-lodge\u00a0\u00bb align=\u00a0\u00bbcenter\u00a0\u00bb margin_top=\u00a0\u00bb15&Prime; btn_hover_bg=\u00a0\u00bb#e0a000&Prime;]GITE POUR 4 PERSONNES[\/mk_button][\/vc_column][vc_column width=\u00a0\u00bb1\/3&Prime;][mk_page_title_box page_title=\u00a0\u00bb\u00ab Wine Cottage \u00bb\u00a0\u00bb section_height=\u00a0\u00bb100&Prime; font_size=\u00a0\u00bb25&Prime; font_color=\u00a0\u00bb#000000&Prime;][mk_image src=\u00a0\u00bbhttps:\/\/chateaufeely.com\/wp-content\/uploads\/2024\/06\/800-chateaufeelywinecottagelivingimg_2280.jpg\u00a0\u00bb image_height=\u00a0\u00bb533&Prime; link=\u00a0\u00bb\/presentation-gites\/wine-cottage\/?lang=en\u00a0\u00bb][vc_column_text css=\u00a0\u00bb.vc_custom_1775057653643{margin-bottom: 0px !important;}\u00a0\u00bb]\n<p class=\"font-claude-response-body break-words whitespace-normal leading-[1.7]\" style=\"text-align: center;\"><span style=\"color: #000000;\"><strong>Le Wine Cottage<\/strong> <em> 2 a 3 personnes \u00b7 1 chambre 1 Salle de Bain \u00b7 terrasse priv\u00e9e panoramique<\/em><\/span><\/p>\n<p class=\"font-claude-response-body break-words whitespace-normal leading-[1.7]\"><span style=\"color: #000000;\">Un havre de paix pour les couples. Intime et raffin\u00e9, il est \u00e9quip\u00e9 d&rsquo;un lit king-size, de linge de maison en coton bio et d&rsquo;une terrasse cl\u00f4tur\u00e9e avec deux espaces salon, un barbecue et des transats. <\/span><\/p>\n<p class=\"font-claude-response-body break-words whitespace-normal leading-[1.7]\"><span style=\"color: #000000;\"><em>De \u20ac995\/ semaine \u00b7 B&amp;B possible a partir de 3 nuits Oct\u2013Mai<\/em><\/span><\/p>\n<p style=\"text-align: center;\"><span style=\"color: #e0b957;\"><a style=\"color: #e0b957;\" href=\"https:\/\/chateaufeely.com\/fr\/presentation-gites\/wine-cottage\/\">D\u00e9couvrir Le Wine Cottage<\/a><\/span><\/p>\n[\/vc_column_text][mk_button dimension=\u00a0\u00bbflat\u00a0\u00bb corner_style=\u00a0\u00bbrounded\u00a0\u00bb size=\u00a0\u00bbmedium\u00a0\u00bb url=\u00a0\u00bbhttps:\/\/chateaufeely.com\/fr\/presentation-gites\/wine-cottage\u00a0\u00bb align=\u00a0\u00bbcenter\u00a0\u00bb margin_top=\u00a0\u00bb15&Prime; btn_hover_bg=\u00a0\u00bb#e0a000&Prime;]COTTAGE POUR DEUX PERSONNES[\/mk_button][\/vc_column][vc_column width=\u00a0\u00bb1\/3&Prime;][mk_page_title_box page_title=\u00a0\u00bbBonnes Raisons\u00a0\u00bb section_height=\u00a0\u00bb100&Prime; font_size=\u00a0\u00bb25&Prime; font_color=\u00a0\u00bb#000000&Prime;][mk_image src=\u00a0\u00bb\/wp-content\/uploads\/2016\/05\/gites1.jpg\u00a0\u00bb image_height=\u00a0\u00bb600&Prime; link=\u00a0\u00bb\/presentation-gites\/informations-nos-gites\/?lang=en\u00a0\u00bb][vc_column_text css=\u00a0\u00bb.vc_custom_1775220995472{margin-bottom: 0px !important;}\u00a0\u00bb]\n<p style=\"text-align: center;\"><span style=\"color: #000000;\"><strong>Pourquoi choisir le Ch\u00e2teau Feely\u00a0?<\/strong><\/span><\/p>\n<p><span style=\"color: #000000;\">&#x1f377; Visites du vignoble et d\u00e9jeuners avec la vigneronne disponibles sur r\u00e9servation<\/span><br \/>\n<span style=\"color: #000000;\">&#x1f3ca; Piscine d\u2019eau sal\u00e9e \u2014 partag\u00e9e entre les deux g\u00eetes, ouverte d\u2019avril \u00e0 octobre<\/span><br \/>\n<span style=\"color: #000000;\">&#x1f331; V\u00e9ritable engagement \u00e9cologique \u2014 coton biologique, \u00e9lectricit\u00e9 renouvelable, domaine certifi\u00e9 bio<\/span><br \/>\n<span style=\"color: #000000;\">&#x1f9d8; Yoga \u2014 cours le matin et journ\u00e9es compl\u00e8tes disponibles<\/span><br \/>\n<span style=\"color: #000000;\">&#x1f4cd; Emplacement id\u00e9al \u2014 village de Saussignac \u00e0 10 minutes \u00e0 pied, Bergerac \u00e0 20 minutes en voiture, Bordeaux \u00e0 une heure<\/span><\/p>\n<p>D\u00e9couvrez les d\u00e9tails des <strong><a href=\"https:\/\/chateaufeely.com\/fr\/presentation-gites\/informations-nos-gites\/\">\u00e9quipements du Ch\u00e2teau Feely<\/a><\/strong>, puis explorez les <strong><a href=\"https:\/\/chateaufeely.com\/fr\/presentation-gites\/itineraires-du-chateau-feely\/\">itin\u00e9raires<\/a><\/strong>.[\/vc_column_text][mk_button dimension=\u00a0\u00bbflat\u00a0\u00bb corner_style=\u00a0\u00bbrounded\u00a0\u00bb size=\u00a0\u00bbmedium\u00a0\u00bb url=\u00a0\u00bbhttps:\/\/chateaufeely.com\/fr\/presentation-gites\/informations-nos-gites\u00a0\u00bb align=\u00a0\u00bbcenter\u00a0\u00bb margin_top=\u00a0\u00bb15&Prime; btn_hover_bg=\u00a0\u00bb#e0a000&Prime;]INFORMATION[\/mk_button][\/vc_column][\/vc_row][vc_row][vc_column][vc_column_text css=\u00a0\u00bb.vc_custom_1773132593302{margin-bottom: 0px !important;}\u00a0\u00bb]\n<h3 class=\"text-text-100 mt-2 -mb-1 text-base font-bold\" style=\"text-align: center;\"><span style=\"color: #000000;\">Vous h\u00e9sitez entre les deux?<\/span><\/h3>\n<p class=\"font-claude-response-body break-words whitespace-normal leading-[1.7]\"><span style=\"color: #000000;\">Le Lodge est id\u00e9al pour deux couples, une famille ou toute personne souhaitant plus d&rsquo;espace. Le Cottage est parfait pour deux : une escapade romantique, une retraite en solo ou un v\u00e9ritable moment de d\u00e9tente. Un troisi\u00e8me couchage est disponible dans le s\u00e9jour, id\u00e9al pour les petites familles (par exemple, un couple avec un jeune enfant). Un lit b\u00e9b\u00e9 et une chaise haute sont \u00e9galement \u00e0 disposition. Le Ch\u00e2teau Feely peut accueillir des groupes jusqu&rsquo;\u00e0 six personnes en r\u00e9servant les deux h\u00e9bergements : par exemple, le Feely Wine Cottage pour les grands-parents et le Feely Wine Lodge pour les petits-enfants et leurs parents. <\/span><\/p>\n<p class=\"font-claude-response-body break-words whitespace-normal leading-[1.7]\"><span style=\"color: #000000;\">Les deux h\u00e9bergements sont disponibles toute l&rsquo;ann\u00e9e. R\u00e9servations \u00e0 la semaine de juin \u00e0 septembre, courts s\u00e9jours flexibles (3 nuits minimum) le reste de l&rsquo;ann\u00e9e. <\/span><\/p>\n<p class=\"font-claude-response-body break-words whitespace-normal leading-[1.7]\"><a href=\"https:\/\/chateaufeely.com\/fr\/presentation-gites\/wine-lodge\/\"><strong>[Book the Wine Lodge]<\/strong> <\/a> <a href=\"https:\/\/chateaufeely.com\/fr\/presentation-gites\/wine-cottage\/\"><strong>[Book the Wine Cottage]<\/strong><\/a> <a href=\"https:\/\/chateaufeely.com\/fr\/contact\/\"><strong>[Ask us a question \u2192]<\/strong><\/a><\/p>\n[\/vc_column_text][mk_page_title_box page_title=\u00a0\u00bbR\u00e9servez votre s\u00e9jour d\u00e8s maintenant !\u00a0\u00bb section_height=\u00a0\u00bb100&Prime; font_size=\u00a0\u00bb30&Prime; font_color=\u00a0\u00bb#ffffff\u00a0\u00bb][\/vc_column][\/vc_row][vc_row fullwidth=\u00a0\u00bbtrue\u00a0\u00bb css=\u00a0\u00bb.vc_custom_1583423322514{padding-top: 20px !important;padding-bottom: 20px !important;background-color: #e0b957 !important;}\u00a0\u00bb][vc_column][vc_btn title=\u00a0\u00bbR\u00c9SERVATION\u00a0\u00bb style=\u00a0\u00bbclassic\u00a0\u00bb color=\u00a0\u00bbwhite\u00a0\u00bb align=\u00a0\u00bbcenter\u00a0\u00bb i_icon_fontawesome=\u00a0\u00bbfa fa-calendar-check-o\u00a0\u00bb add_icon=\u00a0\u00bbtrue\u00a0\u00bb link=\u00a0\u00bburl:https%3A%2F%2Fchateaufeely.com%2Fcontact%2F|title:Contact|\u00a0\u00bb][\/vc_column][\/vc_row][vc_row][vc_column][\/vc_column][\/vc_row][vc_row][vc_column][vc_column_text css=\u00a0\u00bb.vc_custom_1774002328519{margin-bottom: 0px !important;}\u00a0\u00bb]\n<h2>Vid\u00e9o du Ch\u00e2teau Feely \u2013 Laur\u00e9at du Best of Wine Tourism<\/h2>\n<p>Le Ch\u00e2teau Feely a remport\u00e9 le troph\u00e9e d\u2019or du Best of Wine Tourism dans la cat\u00e9gorie h\u00e9bergement au c\u0153ur du vignoble, dans la grande r\u00e9gion de Bordeaux, pour ses deux magnifiques maisons de vacances ind\u00e9pendantes r\u00e9cemment r\u00e9nov\u00e9es.<\/p>\n<p><iframe title=\"Ch\u00e2teau Feely Gold Best of Wine Tourism 2017 Cat\u00e9gorie H\u00e9bergement \u00e0 la propri\u00e9t\u00e9\" width=\"1140\" height=\"641\" src=\"https:\/\/www.youtube.com\/embed\/-tskCtaWEs8?feature=oembed\" frameborder=\"0\" allow=\"accelerometer; autoplay; clipboard-write; encrypted-media; gyroscope; picture-in-picture; web-share\" referrerpolicy=\"strict-origin-when-cross-origin\" allowfullscreen><\/iframe><\/p>\n[\/vc_column_text][\/vc_column][\/vc_row]\n","protected":false},"excerpt":{"rendered":"<p>[vc_row][vc_column][mk_icon_box icon=\u00a0\u00bbmk-moon-home-2&Prime; title=\u00a0\u00bbR\u00e9veillez-vous au c\u0153ur d&rsquo;un vignoble bio et vivant.\u00a0\u00bb text_size=\u00a0\u00bb30&Prime; style=\u00a0\u00bbsimple_ultimate\u00a0\u00bb icon_size=\u00a0\u00bblarge\u00a0\u00bb icon_location=\u00a0\u00bbtop\u00a0\u00bb icon_color=\u00a0\u00bb#e0b957&Prime; title_color=\u00a0\u00bb#000000&Prime; txt_color=\u00a0\u00bb#5e5e5e\u00a0\u00bb margin=\u00a0\u00bb0&Prime;] Deux g\u00eetes de luxe sur un domaine bio en Dordogne, entre Bordeaux et Bergerac. Une invitation \u00e0 la d\u00e9tente et \u00e0 la contemplation. [\/mk_icon_box][mk_image src=\u00a0\u00bbhttps:\/\/chateaufeely.com\/wp-content\/uploads\/2026\/03\/img_1543-sarahview-banner-scaled.jpg\u00a0\u00bb align=\u00a0\u00bbcenter\u00a0\u00bb][mk_button dimension=\u00a0\u00bbflat\u00a0\u00bb corner_style=\u00a0\u00bbrounded\u00a0\u00bb size=\u00a0\u00bbmedium\u00a0\u00bb url=\u00a0\u00bbhttps:\/\/chateaufeely.com\/fr\/presentation-gites\/wine-lodge\u00a0\u00bb align=\u00a0\u00bbcenter\u00a0\u00bb margin_top=\u00a0\u00bb15&Prime; btn_hover_bg=\u00a0\u00bb#e0a000&Prime;]GITE POUR 4 PERSONNES[\/mk_button][mk_button dimension=\u00a0\u00bbflat\u00a0\u00bb [&hellip;]<\/p>\n","protected":false},"author":2,"featured_media":0,"parent":0,"menu_order":0,"comment_status":"closed","ping_status":"closed","template":"","meta":{"footnotes":""},"class_list":["post-363","page","type-page","status-publish","hentry"],"yoast_head":"<!-- This site is optimized with the Yoast SEO plugin v27.3 - https:\/\/yoast.com\/product\/yoast-seo-wordpress\/ -->\n<title>H\u00e9bergement \u00e9cologique et luxe Ch\u00e2teau Feely Dordogne (Bergerac)<\/title>\n<meta name=\"description\" content=\"Deux superbes maisons de vacances au c\u0153ur d&#039;un vignoble bio pr\u00e8s de Bergerac. Laur\u00e9at du troph\u00e9e d&#039;or du meilleur \u0153notourisme et finaliste des French Wine Tourism Awards.\" \/>\n<meta name=\"robots\" content=\"index, follow, max-snippet:-1, max-image-preview:large, max-video-preview:-1\" \/>\n<link rel=\"canonical\" href=\"https:\/\/chateaufeely.com\/fr\/presentation-gites\/\" \/>\n<meta property=\"og:locale\" content=\"fr_FR\" \/>\n<meta property=\"og:type\" content=\"article\" \/>\n<meta property=\"og:title\" content=\"H\u00e9bergement \u00e9cologique et luxe Ch\u00e2teau Feely Dordogne (Bergerac)\" \/>\n<meta property=\"og:description\" content=\"Deux superbes maisons de vacances au c\u0153ur d&#039;un vignoble bio pr\u00e8s de Bergerac. Laur\u00e9at du troph\u00e9e d&#039;or du meilleur \u0153notourisme et finaliste des French Wine Tourism Awards.\" \/>\n<meta property=\"og:url\" content=\"https:\/\/chateaufeely.com\/fr\/presentation-gites\/\" \/>\n<meta property=\"og:site_name\" content=\"Ch\u00e2teau Feely organic wine, tours, accommodation\" \/>\n<meta property=\"article:publisher\" content=\"https:\/\/www.facebook.com\/ChateauFeely\/\" \/>\n<meta property=\"article:modified_time\" content=\"2026-04-03T12:58:14+00:00\" \/>\n<meta name=\"twitter:card\" content=\"summary_large_image\" \/>\n<meta name=\"twitter:label1\" content=\"Dur\u00e9e de lecture estim\u00e9e\" \/>\n\t<meta name=\"twitter:data1\" content=\"4 minutes\" \/>\n<script type=\"application\/ld+json\" class=\"yoast-schema-graph\">{\"@context\":\"https:\\\/\\\/schema.org\",\"@graph\":[{\"@type\":\"WebPage\",\"@id\":\"https:\\\/\\\/chateaufeely.com\\\/fr\\\/presentation-gites\\\/\",\"url\":\"https:\\\/\\\/chateaufeely.com\\\/fr\\\/presentation-gites\\\/\",\"name\":\"H\u00e9bergement \u00e9cologique et luxe Ch\u00e2teau Feely Dordogne (Bergerac)\",\"isPartOf\":{\"@id\":\"https:\\\/\\\/chateaufeely.com\\\/fr\\\/#website\"},\"datePublished\":\"2016-05-24T17:04:27+00:00\",\"dateModified\":\"2026-04-03T12:58:14+00:00\",\"description\":\"Deux superbes maisons de vacances au c\u0153ur d'un vignoble bio pr\u00e8s de Bergerac. Laur\u00e9at du troph\u00e9e d'or du meilleur \u0153notourisme et finaliste des French Wine Tourism Awards.\",\"breadcrumb\":{\"@id\":\"https:\\\/\\\/chateaufeely.com\\\/fr\\\/presentation-gites\\\/#breadcrumb\"},\"inLanguage\":\"fr-FR\",\"potentialAction\":[{\"@type\":\"ReadAction\",\"target\":[\"https:\\\/\\\/chateaufeely.com\\\/fr\\\/presentation-gites\\\/\"]}]},{\"@type\":\"BreadcrumbList\",\"@id\":\"https:\\\/\\\/chateaufeely.com\\\/fr\\\/presentation-gites\\\/#breadcrumb\",\"itemListElement\":[{\"@type\":\"ListItem\",\"position\":1,\"name\":\"Accueil\",\"item\":\"https:\\\/\\\/chateaufeely.com\\\/fr\\\/\"},{\"@type\":\"ListItem\",\"position\":2,\"name\":\"Gites\"}]},{\"@type\":\"WebSite\",\"@id\":\"https:\\\/\\\/chateaufeely.com\\\/fr\\\/#website\",\"url\":\"https:\\\/\\\/chateaufeely.com\\\/fr\\\/\",\"name\":\"Ch\u00e2teau Feely organic wine, tours, accommodation\",\"description\":\"Biodynamic and natural wine, tours and wine school, ecological luxury lodge\",\"publisher\":{\"@id\":\"https:\\\/\\\/chateaufeely.com\\\/fr\\\/#organization\"},\"potentialAction\":[{\"@type\":\"SearchAction\",\"target\":{\"@type\":\"EntryPoint\",\"urlTemplate\":\"https:\\\/\\\/chateaufeely.com\\\/fr\\\/?s={search_term_string}\"},\"query-input\":{\"@type\":\"PropertyValueSpecification\",\"valueRequired\":true,\"valueName\":\"search_term_string\"}}],\"inLanguage\":\"fr-FR\"},{\"@type\":\"Organization\",\"@id\":\"https:\\\/\\\/chateaufeely.com\\\/fr\\\/#organization\",\"name\":\"Ch\u00e2teau Feely organic wine, tours, accommodation\",\"url\":\"https:\\\/\\\/chateaufeely.com\\\/fr\\\/\",\"logo\":{\"@type\":\"ImageObject\",\"inLanguage\":\"fr-FR\",\"@id\":\"https:\\\/\\\/chateaufeely.com\\\/fr\\\/#\\\/schema\\\/logo\\\/image\\\/\",\"url\":\"https:\\\/\\\/chateaufeely.com\\\/wp-content\\\/uploads\\\/2016\\\/05\\\/logo-vertical-v2-250.png\",\"contentUrl\":\"https:\\\/\\\/chateaufeely.com\\\/wp-content\\\/uploads\\\/2016\\\/05\\\/logo-vertical-v2-250.png\",\"width\":250,\"height\":312,\"caption\":\"Ch\u00e2teau Feely organic wine, tours, accommodation\"},\"image\":{\"@id\":\"https:\\\/\\\/chateaufeely.com\\\/fr\\\/#\\\/schema\\\/logo\\\/image\\\/\"},\"sameAs\":[\"https:\\\/\\\/www.facebook.com\\\/ChateauFeely\\\/\",\"https:\\\/\\\/www.instagram.com\\\/chateaufeely\\\/\"]}]}<\/script>\n<!-- \/ Yoast SEO plugin. -->","yoast_head_json":{"title":"H\u00e9bergement \u00e9cologique et luxe Ch\u00e2teau Feely Dordogne (Bergerac)","description":"Deux superbes maisons de vacances au c\u0153ur d'un vignoble bio pr\u00e8s de Bergerac. Laur\u00e9at du troph\u00e9e d'or du meilleur \u0153notourisme et finaliste des French Wine Tourism Awards.","robots":{"index":"index","follow":"follow","max-snippet":"max-snippet:-1","max-image-preview":"max-image-preview:large","max-video-preview":"max-video-preview:-1"},"canonical":"https:\/\/chateaufeely.com\/fr\/presentation-gites\/","og_locale":"fr_FR","og_type":"article","og_title":"H\u00e9bergement \u00e9cologique et luxe Ch\u00e2teau Feely Dordogne (Bergerac)","og_description":"Deux superbes maisons de vacances au c\u0153ur d'un vignoble bio pr\u00e8s de Bergerac. Laur\u00e9at du troph\u00e9e d'or du meilleur \u0153notourisme et finaliste des French Wine Tourism Awards.","og_url":"https:\/\/chateaufeely.com\/fr\/presentation-gites\/","og_site_name":"Ch\u00e2teau Feely organic wine, tours, accommodation","article_publisher":"https:\/\/www.facebook.com\/ChateauFeely\/","article_modified_time":"2026-04-03T12:58:14+00:00","twitter_card":"summary_large_image","twitter_misc":{"Dur\u00e9e de lecture estim\u00e9e":"4 minutes"},"schema":{"@context":"https:\/\/schema.org","@graph":[{"@type":"WebPage","@id":"https:\/\/chateaufeely.com\/fr\/presentation-gites\/","url":"https:\/\/chateaufeely.com\/fr\/presentation-gites\/","name":"H\u00e9bergement \u00e9cologique et luxe Ch\u00e2teau Feely Dordogne (Bergerac)","isPartOf":{"@id":"https:\/\/chateaufeely.com\/fr\/#website"},"datePublished":"2016-05-24T17:04:27+00:00","dateModified":"2026-04-03T12:58:14+00:00","description":"Deux superbes maisons de vacances au c\u0153ur d'un vignoble bio pr\u00e8s de Bergerac. Laur\u00e9at du troph\u00e9e d'or du meilleur \u0153notourisme et finaliste des French Wine Tourism Awards.","breadcrumb":{"@id":"https:\/\/chateaufeely.com\/fr\/presentation-gites\/#breadcrumb"},"inLanguage":"fr-FR","potentialAction":[{"@type":"ReadAction","target":["https:\/\/chateaufeely.com\/fr\/presentation-gites\/"]}]},{"@type":"BreadcrumbList","@id":"https:\/\/chateaufeely.com\/fr\/presentation-gites\/#breadcrumb","itemListElement":[{"@type":"ListItem","position":1,"name":"Accueil","item":"https:\/\/chateaufeely.com\/fr\/"},{"@type":"ListItem","position":2,"name":"Gites"}]},{"@type":"WebSite","@id":"https:\/\/chateaufeely.com\/fr\/#website","url":"https:\/\/chateaufeely.com\/fr\/","name":"Ch\u00e2teau Feely organic wine, tours, accommodation","description":"Biodynamic and natural wine, tours and wine school, ecological luxury lodge","publisher":{"@id":"https:\/\/chateaufeely.com\/fr\/#organization"},"potentialAction":[{"@type":"SearchAction","target":{"@type":"EntryPoint","urlTemplate":"https:\/\/chateaufeely.com\/fr\/?s={search_term_string}"},"query-input":{"@type":"PropertyValueSpecification","valueRequired":true,"valueName":"search_term_string"}}],"inLanguage":"fr-FR"},{"@type":"Organization","@id":"https:\/\/chateaufeely.com\/fr\/#organization","name":"Ch\u00e2teau Feely organic wine, tours, accommodation","url":"https:\/\/chateaufeely.com\/fr\/","logo":{"@type":"ImageObject","inLanguage":"fr-FR","@id":"https:\/\/chateaufeely.com\/fr\/#\/schema\/logo\/image\/","url":"https:\/\/chateaufeely.com\/wp-content\/uploads\/2016\/05\/logo-vertical-v2-250.png","contentUrl":"https:\/\/chateaufeely.com\/wp-content\/uploads\/2016\/05\/logo-vertical-v2-250.png","width":250,"height":312,"caption":"Ch\u00e2teau Feely organic wine, tours, accommodation"},"image":{"@id":"https:\/\/chateaufeely.com\/fr\/#\/schema\/logo\/image\/"},"sameAs":["https:\/\/www.facebook.com\/ChateauFeely\/","https:\/\/www.instagram.com\/chateaufeely\/"]}]}},"_links":{"self":[{"href":"https:\/\/chateaufeely.com\/fr\/wp-json\/wp\/v2\/pages\/363","targetHints":{"allow":["GET"]}}],"collection":[{"href":"https:\/\/chateaufeely.com\/fr\/wp-json\/wp\/v2\/pages"}],"about":[{"href":"https:\/\/chateaufeely.com\/fr\/wp-json\/wp\/v2\/types\/page"}],"author":[{"embeddable":true,"href":"https:\/\/chateaufeely.com\/fr\/wp-json\/wp\/v2\/users\/2"}],"replies":[{"embeddable":true,"href":"https:\/\/chateaufeely.com\/fr\/wp-json\/wp\/v2\/comments?post=363"}],"version-history":[{"count":6,"href":"https:\/\/chateaufeely.com\/fr\/wp-json\/wp\/v2\/pages\/363\/revisions"}],"predecessor-version":[{"id":11424,"href":"https:\/\/chateaufeely.com\/fr\/wp-json\/wp\/v2\/pages\/363\/revisions\/11424"}],"wp:attachment":[{"href":"https:\/\/chateaufeely.com\/fr\/wp-json\/wp\/v2\/media?parent=363"}],"curies":[{"name":"wp","href":"https:\/\/api.w.org\/{rel}","templated":true}]}}