{"id":378,"date":"2016-05-25T07:26:54","date_gmt":"2016-05-25T06:26:54","guid":{"rendered":"http:\/\/chateaufeely.com\/?page_id=378"},"modified":"2026-04-30T13:14:23","modified_gmt":"2026-04-30T12:14:23","slug":"wine-cottage","status":"publish","type":"page","link":"https:\/\/chateaufeely.com\/fr\/presentation-gites\/wine-cottage\/","title":{"rendered":"Le Wine Cottage \u2014 \u00e9co-refuge romantique pour 2 personnes"},"content":{"rendered":"[vc_row][vc_column][mk_icon_box icon=\u00a0\u00bbmk-moon-home-2&Prime; title=\u00a0\u00bbThe Wine Cottage \u2014 \u00e9co-refuge romantique pour 2 personnes\u00a0\u00bb text_size=\u00a0\u00bb30&Prime; style=\u00a0\u00bbsimple_ultimate\u00a0\u00bb icon_size=\u00a0\u00bblarge\u00a0\u00bb icon_location=\u00a0\u00bbtop\u00a0\u00bb icon_color=\u00a0\u00bb#e0b957&Prime; title_color=\u00a0\u00bb#000000&Prime; txt_color=\u00a0\u00bb#5e5e5e\u00a0\u00bb margin=\u00a0\u00bb0&Prime;]\n<p style=\"text-align: center;\">Un g\u00eete \u00e9cologique de luxe pour deux personnes, avec piscine, terrasse priv\u00e9e et vue imprenable sur les vignes<\/p>\n[\/mk_icon_box][\/vc_column][\/vc_row][vc_row][vc_column][vc_column_text]\n[\/vc_column_text][\/vc_column][\/vc_row][vc_row][vc_column width=\u00a0\u00bb2\/3&Prime;][mk_image_slideshow images=\u00a0\u00bb5427,9674,5419,11642,11180,5425,8969,11640,11641,11638&Prime; image_width=\u00a0\u00bb764&Prime; image_height=\u00a0\u00bb491&Prime; slideshow_speed=\u00a0\u00bb3000&Prime;][\/vc_column][vc_column width=\u00a0\u00bb1\/3&Prime; css=\u00a0\u00bb.vc_custom_1464158896445{padding-left: 15px !important;}\u00a0\u00bb][vc_column_text css=\u00a0\u00bb.vc_custom_1773391663323{margin-bottom: 0px !important;}\u00a0\u00bb]\nVotre coin priv\u00e9 au c\u0153ur de la Dordogne. Le Wine Cottage est un refuge pour deux personnes \u2014 avec une terrasse enveloppante donnant sur les vignes biologiques, un lit king-size habill\u00e9 de linge en coton biologique, et une atmosph\u00e8re paisible pens\u00e9e pour le repos et la reconnexion.<\/p>\n<p>Avec plus de 50 m\u00b2 d\u2019espaces de vie int\u00e9rieurs et ext\u00e9rieurs, le Wine Cottage est id\u00e9al pour une escapade romantique, pour d\u00e9couvrir les vins de la r\u00e9gion ou simplement profiter de la nature environnante.<\/p>\n<p><a href=\"https:\/\/chateaufeely.com\/fr\/presentation-gites\/informations-nos-gites\/\" target=\"_blank\" rel=\"noopener\">D\u00e9couvrez dix raisons de choisir ce g\u00eete, dix \u00e9quipements et dix \u00e9l\u00e9ments \u00e9cologiques de cette propri\u00e9t\u00e9, dont la piscine \u00e0 l&rsquo;eau sal\u00e9e de 12 x 4 m.<\/a><br \/>\n[\/vc_column_text][mk_button dimension=\u00a0\u00bbflat\u00a0\u00bb corner_style=\u00a0\u00bbrounded\u00a0\u00bb size=\u00a0\u00bbmedium\u00a0\u00bb icon=\u00a0\u00bbmk-moon-calendar\u00a0\u00bb url=\u00a0\u00bb#availability-wine-cottage\u00a0\u00bb align=\u00a0\u00bbcenter\u00a0\u00bb margin_top=\u00a0\u00bb15&Prime; btn_hover_bg=\u00a0\u00bb#81d742&Prime;]V\u00c9RIFIER LES DISPONIBILIT\u00c9S[\/mk_button][mk_button dimension=\u00a0\u00bbflat\u00a0\u00bb corner_style=\u00a0\u00bbrounded\u00a0\u00bb size=\u00a0\u00bbmedium\u00a0\u00bb icon=\u00a0\u00bbmk-moon-pencil\u00a0\u00bb url=\u00a0\u00bb#book-wine-cottage\u00a0\u00bb align=\u00a0\u00bbcenter\u00a0\u00bb margin_top=\u00a0\u00bb10&Prime; btn_hover_bg=\u00a0\u00bb#e0a000&Prime;]R\u00c9SERVER MAINTENANT[\/mk_button][\/vc_column][\/vc_row][vc_row][vc_column][vc_column_text]\n[\/vc_column_text][\/vc_column][\/vc_row][vc_row][vc_column][mk_blockquote font_family=\u00a0\u00bbnone\u00a0\u00bb]<span style=\"color: #000000;\">\u00ab Quel endroit vraiment exceptionnel ! Le Wine Cottage est confortable, spacieux et frais, avec des vues absolument magnifiques. La piscine est tr\u00e8s agr\u00e9able, situ\u00e9e juste \u00e0 c\u00f4t\u00e9 d\u2019un vignoble. Le village voisin est charmant, avec un excellent restaurant, M\u00e9lange ; et nous avons ador\u00e9 participer un soir \u00e0 une rencontre de vignerons locaux, autour de plats et de vins ! \u00bb &#x2b50;&#x2b50;&#x2b50;&#x2b50;&#x2b50; Avis client sur Sawday\u2019s<\/span>[\/mk_blockquote][\/vc_column][\/vc_row][vc_row][vc_column][vc_column_text]\n[\/vc_column_text][\/vc_column][\/vc_row][vc_row][vc_column][vc_column_text]\n<h2 style=\"text-align: center;\">Pourquoi les voyageurs aiment le Wine Cottage<\/h2>\n[\/vc_column_text][\/vc_column][\/vc_row][vc_row][vc_column][vc_column_text]\n[\/vc_column_text][\/vc_column][\/vc_row][vc_row][vc_column width=\u00a0\u00bb1\/4&Prime;][mk_icon_box icon=\u00a0\u00bbmk-moon-heart-2&Prime; title=\u00a0\u00bbRefuge romantique\u00a0\u00bb style=\u00a0\u00bbsimple_ultimate\u00a0\u00bb icon_size=\u00a0\u00bbmedium\u00a0\u00bb icon_location=\u00a0\u00bbtop\u00a0\u00bb]Un s\u00e9jour paisible alliant \u00e9cologie et confort haut de gamme, pens\u00e9 sp\u00e9cialement pour les couples.[\/mk_icon_box][\/vc_column][vc_column width=\u00a0\u00bb1\/4&Prime;][mk_icon_box icon=\u00a0\u00bbmk-moon-sun\u00a0\u00bb title=\u00a0\u00bbTerrasse priv\u00e9e\u00a0\u00bb style=\u00a0\u00bbsimple_ultimate\u00a0\u00bb icon_size=\u00a0\u00bbmedium\u00a0\u00bb icon_location=\u00a0\u00bbtop\u00a0\u00bb]Terrasse enveloppante avec vues sublimes, espaces d\u00e9tente et bains de soleil.[\/mk_icon_box][\/vc_column][vc_column width=\u00a0\u00bb1\/4&Prime;][mk_icon_box icon=\u00a0\u00bbmk-moon-droplet\u00a0\u00bb title=\u00a0\u00bbPiscine \u00e0 l&#039;eau-sal\u00e9e\u00a0\u00bb style=\u00a0\u00bbsimple_ultimate\u00a0\u00bb icon_size=\u00a0\u00bbmedium\u00a0\u00bb icon_location=\u00a0\u00bbtop\u00a0\u00bb]Profitez de l\u2019acc\u00e8s \u00e0 la belle piscine de 12 x 4 m du domaine, situ\u00e9e au bord des vignes.[\/mk_icon_box][\/vc_column][vc_column width=\u00a0\u00bb1\/4&Prime;][mk_icon_box icon=\u00a0\u00bbmk-moon-leaf\u00a0\u00bb title=\u00a0\u00bbS\u00e9jour \u00e9co-luxe\u00a0\u00bb style=\u00a0\u00bbsimple_ultimate\u00a0\u00bb icon_size=\u00a0\u00bbmedium\u00a0\u00bb icon_location=\u00a0\u00bbtop\u00a0\u00bb]Confort naturel, r\u00e9novation \u00e9cologique et cadre de ferme biologique.[\/mk_icon_box][\/vc_column][\/vc_row][vc_row][vc_column][\/vc_column][\/vc_row][vc_row][vc_column][vc_column_text css=\u00a0\u00bb.vc_custom_1774531466444{margin-bottom: 0px !important;}\u00a0\u00bb]\n<span style=\"color: #000000;\"><img decoding=\"async\" class=\"wp-image-5852 alignright\" src=\"https:\/\/chateaufeely.com\/wp-content\/uploads\/2020\/03\/sawdays-badge-portrait-225x300.jpg\" alt=\"\" width=\"171\" height=\"228\"><\/span><\/p>\n<h2>\u00c0 propos de l\u2019h\u00e9bergement<\/h2>\n<p><span style=\"color: #000000;\">Le Wine Cottage est un g\u00eete de luxe ind\u00e9pendant pour deux personnes en Dordogne, \u00e0 une heure de Bordeaux et \u00e0 20 minutes de Bergerac. L\u2019espace de vie ouvert avec cuisine comprend un canap\u00e9 confortable, un coin salon et une cuisine enti\u00e8rement \u00e9quip\u00e9e avec lave-vaisselle, r\u00e9frig\u00e9rateur sous plan avec petit compartiment cong\u00e9lateur, micro-ondes, grille-pain, machine \u00e0 caf\u00e9, bouilloire, ustensiles de cuisine, vaisselle et verres \u00e0 vin en cristal pour savourer les vins des vignobles biologiques environnants. <\/span><\/p>\n<p><span style=\"color: #000000;\">La chambre est \u00e9quip\u00e9e d\u2019un lit double king-size, de nombreux rangements et d\u2019un bureau. La salle d\u2019eau comprend une douche, des WC et un lavabo. Le g\u00eete a \u00e9t\u00e9 enti\u00e8rement r\u00e9nov\u00e9 avec une isolation \u00e9cologique, et les serviettes comme le linge de lit sont en coton biologique. Le Wi-Fi haut d\u00e9bit est disponible dans tout le logement. Il n\u2019y a pas de t\u00e9l\u00e9vision.    <\/span><\/p>\n<p><img decoding=\"async\" class=\"wp-image-5320 alignright\" style=\"color: #000000;\" src=\"https:\/\/chateaufeely.com\/wp-content\/uploads\/2020\/03\/bestof-or-2017-300x239.jpg\" alt=\"\" width=\"212\" height=\"169\"><\/p>\n<p><span style=\"color: #000000;\">\u00c0 l\u2019ext\u00e9rieur, la grande terrasse priv\u00e9e ferm\u00e9e qui entoure le g\u00eete offre deux espaces d\u00e9tente, un barbecue et deux bains de soleil, avec de magnifiques vues sur les vignes et la vall\u00e9e.<\/span><\/p>\n<p><span style=\"color: #000000;\">Sean et Caro Feely seront ravis de vous accueillir dans cette belle ferme biologique. Consultez les PDF indiquant l\u2019emplacement exact des g\u00eetes et de la piscine au Ch\u00e2teau Feely \u2014 <a style=\"color: #000000;\" href=\"http:\/\/chateaufeely.com\/wp-content\/uploads\/2016\/07\/chateau_feely_organic_farm_and_gites.pdf\" rel=\"\">chateau_feely_organic_farm_and_gites<\/a>, le plan du Wine Cottage \u2014 <a style=\"color: #000000;\" href=\"http:\/\/chateaufeely.com\/wp-content\/uploads\/2016\/07\/chateau_feely_wine_cottage_layout.pdf\" rel=\"\">chateau_feely_wine_cottage_layout<\/a>, ainsi que les indications d\u00e9taill\u00e9es pour rejoindre Ch\u00e2teau Feely \u2014 <a style=\"color: #000000;\" href=\"http:\/\/chateaufeely.com\/wp-content\/uploads\/2016\/07\/DirectionsChateauFeely.pdf\" rel=\"\">DirectionsChateauFeely<\/a>. <\/span><br \/>\n[\/vc_column_text][\/vc_column][\/vc_row][vc_row][vc_column][vc_column_text]\n<h2>D\u00e9couvrir Le Wine Cottage<\/h2>\n[\/vc_column_text][\/vc_column][\/vc_row][vc_row][vc_column][vc_raw_html]PGlmcmFtZSB0aXRsZT0iTGVjdGV1ciB2aWTDqW8gWW91VHViZSIgc3JjPSJodHRwczovL3d3dy55b3V0dWJlLmNvbS9lbWJlZC9QOFotVnJMaVRXaz9zaT01MFVRU29VZXdDOEFXRlJ2JmFtcDtyZWw9MCIgd2lkdGg9IjEwMCUiIGhlaWdodD0iNDAwIiBmcmFtZWJvcmRlcj0iMCIgYWxsb3dmdWxsc2NyZWVuPSJhbGxvd2Z1bGxzY3JlZW4iIHN0eWxlPSJ3aWR0aDoxMDAlOyBtYXgtd2lkdGg6MTAwJTsgaGVpZ2h0OjQwMHB4OyI+PC9pZnJhbWU+[\/vc_raw_html][\/vc_column][\/vc_row][vc_row][vc_column][mk_gallery images=\u00a0\u00bb5421,5417,5419,5415&Prime; column=\u00a0\u00bb2&Prime; height=\u00a0\u00bb382&Prime; hover_scenarios=\u00a0\u00bbnone\u00a0\u00bb item_spacing=\u00a0\u00bb30&Prime;][\/vc_column][\/vc_row][vc_row][vc_column][vc_column_text]\n[\/vc_column_text][\/vc_column][\/vc_row][vc_row][vc_column css=\u00a0\u00bb.vc_custom_1464163660116{padding-left: 15px !important;}\u00a0\u00bb][mk_page_title_box page_title=\u00a0\u00bbTarifs et disponibilit\u00e9s\u00a0\u00bb section_height=\u00a0\u00bb100&Prime; font_size=\u00a0\u00bb30&Prime; font_color=\u00a0\u00bb#e0b957&Prime;][vc_column_text]\n<p style=\"text-align: center;\"><span style=\"color: #000000;\">\u00e0 partir de <strong>\u20ac995 par semaine<\/strong>, suivant la saison.<\/span><\/p>\n<p style=\"text-align: center;\"><span style=\"color: #000000;\">Les tarifs \u00e0 la semaine varient g\u00e9n\u00e9ralement <strong>de 995 \u20ac \u00e0 1350 \u20ac<\/strong>.<\/span><\/p>\n<p style=\"text-align: center;\"><span style=\"color: #000000;\">Les courts s\u00e9jours \u00e0 partir de 3 nuits sont possibles en basse saison. En haute saison, les r\u00e9servations se font du samedi au samedi, pour une ou plusieurs semaines. <\/span><\/p>\n<p style=\"text-align: center;\"><span style=\"color: #000000;\">Les prix sont calcul\u00e9s automatiquement en fonction des dates s\u00e9lectionn\u00e9es.<\/span><\/p>\n<p style=\"text-align: center;\"><span style=\"color: #000000;\">La TVA est incluse dans les tarifs (10 %). Le m\u00e9nage standard est inclus, sous r\u00e9serve que le g\u00eete soit laiss\u00e9 rang\u00e9, les lits d\u00e9faits, les poubelles vid\u00e9es, la vaisselle faite et le mobilier remis en place. Dans le cas contraire, un m\u00e9nage suppl\u00e9mentaire sera factur\u00e9 100 \u20ac pour 4 heures.  <\/span><\/p>\n<p style=\"text-align: center;\"><span style=\"color: #000000;\">Le petit-d\u00e9jeuner est propos\u00e9 \u00e0 25 \u20ac par personne et par jour. Un m\u00e9nage quotidien d\u2019une heure est disponible au tarif de 40 \u20ac par jour, sur r\u00e9servation pr\u00e9alable. <\/span><\/p>\n<p style=\"text-align: center;\"><span style=\"color: #000000;\">Veuillez lire nos <a href=\"https:\/\/chateaufeely.com\/wp-content\/uploads\/2026\/04\/sarl-chateau-feely-wine-cottage-conditions-de-reservation-contract-fr.pdf\" target=\"_blank\" rel=\"noopener\">conditions de r\u00e9servation<\/a> avant d\u2019envoyer votre demande.<\/span><\/p>\n[\/vc_column_text][\/vc_column][\/vc_row][vc_row][vc_column][vc_column_text]\n[\/vc_column_text][\/vc_column][\/vc_row][vc_row][vc_column][\/vc_column][\/vc_row][vc_row][vc_column][vc_column_text]\n[\/vc_column_text][\/vc_column][\/vc_row][vc_row][vc_column][vc_column_text]\n<h3 style=\"text-align: center;\">Calendrier des disponibilit\u00e9s<\/h3>\n<p style=\"text-align: center;\">Consultez les dates disponibles pour le Wine Cottage avant d\u2019envoyer votre demande de r\u00e9servation.<\/p>\n[\/vc_column_text][vc_raw_html]PGRpdiBpZD0iYXZhaWxhYmlsaXR5LXdpbmUtY290dGFnZSI+IFtoYl9hdmFpbGFiaWxpdHkgYWNjb21faWQ9IjExMzY1Il0gPC9kaXY+[\/vc_raw_html][\/vc_column][\/vc_row][vc_row][vc_column][vc_column_text]\n[\/vc_column_text][\/vc_column][\/vc_row][vc_row][vc_column][\/vc_column][\/vc_row][vc_row][vc_column][vc_column_text]\n[\/vc_column_text][\/vc_column][\/vc_row][vc_row][vc_column][mk_page_title_box page_title=\u00a0\u00bbDemander votre s\u00e9jour\u00a0\u00bb section_height=\u00a0\u00bb80&Prime; font_size=\u00a0\u00bb28&Prime; font_color=\u00a0\u00bb#e0b957&Prime;][vc_column_text]\n<p style=\"text-align: center;\">S\u00e9lectionnez vos dates pour consulter le prix de votre s\u00e9jour et envoyer votre demande de r\u00e9servation en ligne.<\/p>\n[\/vc_column_text][mk_button dimension=\u00a0\u00bbflat\u00a0\u00bb corner_style=\u00a0\u00bbrounded\u00a0\u00bb size=\u00a0\u00bbmedium\u00a0\u00bb icon=\u00a0\u00bbmk-icon-file-text-o\u00a0\u00bb url=\u00a0\u00bbhttps:\/\/chateaufeely.com\/wp-content\/uploads\/2026\/04\/sarl-chateau-feely-wine-cottage-terms-and-conditions-contract.pdf\u00a0\u00bb target=\u00a0\u00bb_blank\u00a0\u00bb nofollow=\u00a0\u00bbtrue\u00a0\u00bb align=\u00a0\u00bbcenter\u00a0\u00bb]Lire nos conditions g\u00e9n\u00e9rales[\/mk_button][vc_raw_html]PGRpdiBpZD0iYm9vay13aW5lLWNvdHRhZ2UiPiBbaGJfYm9va2luZ19mb3JtIGFjY29tX2lkPSIxMTM2NSJdIDwvZGl2Pg==[\/vc_raw_html][\/vc_column][\/vc_row][vc_row][vc_column][vc_column_text]\n[\/vc_column_text][\/vc_column][\/vc_row][vc_row][vc_column][vc_column_text]\n<h2 style=\"text-align: center;\">Besoin de plus d&rsquo;espace ?<\/h2>\n<p style=\"text-align: center;\">D\u00e9couvrez notre <strong><a href=\"https:\/\/chateaufeely.com\/fr\/presentation-gites\/wine-lodge\/\">Wine Lodge<\/a><\/strong>, un \u00e9co-g\u00eete spacieux pouvant accueillir jusqu\u2019\u00e0 4 personnes, avec vue sur les vignes et piscine au sel.<\/p>\n[\/vc_column_text][\/vc_column][\/vc_row]\n","protected":false},"excerpt":{"rendered":"<p>[vc_row][vc_column][mk_icon_box icon=\u00a0\u00bbmk-moon-home-2&Prime; title=\u00a0\u00bbThe Wine Cottage \u2014 \u00e9co-refuge romantique pour 2 personnes\u00a0\u00bb text_size=\u00a0\u00bb30&Prime; style=\u00a0\u00bbsimple_ultimate\u00a0\u00bb icon_size=\u00a0\u00bblarge\u00a0\u00bb icon_location=\u00a0\u00bbtop\u00a0\u00bb icon_color=\u00a0\u00bb#e0b957&Prime; title_color=\u00a0\u00bb#000000&Prime; txt_color=\u00a0\u00bb#5e5e5e\u00a0\u00bb margin=\u00a0\u00bb0&Prime;] Un g\u00eete \u00e9cologique de luxe pour deux personnes, avec piscine, terrasse priv\u00e9e et vue imprenable sur les vignes [\/mk_icon_box][\/vc_column][\/vc_row][vc_row][vc_column][vc_column_text] [\/vc_column_text][\/vc_column][\/vc_row][vc_row][vc_column width=\u00a0\u00bb2\/3&Prime;][mk_image_slideshow images=\u00a0\u00bb5427,9674,5419,11642,11180,5425,8969,11640,11641,11638&Prime; image_width=\u00a0\u00bb764&Prime; image_height=\u00a0\u00bb491&Prime; slideshow_speed=\u00a0\u00bb3000&Prime;][\/vc_column][vc_column width=\u00a0\u00bb1\/3&Prime; css=\u00a0\u00bb.vc_custom_1464158896445{padding-left: 15px !important;}\u00a0\u00bb][vc_column_text css=\u00a0\u00bb.vc_custom_1773391663323{margin-bottom: 0px !important;}\u00a0\u00bb] Votre coin priv\u00e9 au [&hellip;]<\/p>\n","protected":false},"author":2,"featured_media":0,"parent":363,"menu_order":0,"comment_status":"closed","ping_status":"closed","template":"","meta":{"footnotes":""},"class_list":["post-378","page","type-page","status-publish","hentry"],"yoast_head":"<!-- This site is optimized with the Yoast SEO plugin v27.5 - https:\/\/yoast.com\/product\/yoast-seo-wordpress\/ -->\n<title>G\u00eete Wine Cottage pour 2 personnes - Bergerac Dordogne<\/title>\n<meta name=\"description\" content=\"Le Wine Cottage est un charmant g\u00eete avec vue exceptionnelle et piscine au sel, situ\u00e9 dans une ferme biologique en Dordogne, pr\u00e8s de Bergerac.\" \/>\n<meta name=\"robots\" content=\"index, follow, max-snippet:-1, max-image-preview:large, max-video-preview:-1\" \/>\n<link rel=\"canonical\" href=\"https:\/\/chateaufeely.com\/fr\/presentation-gites\/wine-cottage\/\" \/>\n<meta property=\"og:locale\" content=\"fr_FR\" \/>\n<meta property=\"og:type\" content=\"article\" \/>\n<meta property=\"og:title\" content=\"G\u00eete Wine Cottage pour 2 personnes - Bergerac Dordogne\" \/>\n<meta property=\"og:description\" content=\"Le Wine Cottage est un charmant g\u00eete avec vue exceptionnelle et piscine au sel, situ\u00e9 dans une ferme biologique en Dordogne, pr\u00e8s de Bergerac.\" \/>\n<meta property=\"og:url\" content=\"https:\/\/chateaufeely.com\/fr\/presentation-gites\/wine-cottage\/\" \/>\n<meta property=\"og:site_name\" content=\"Ch\u00e2teau Feely organic wine, tours, accommodation\" \/>\n<meta property=\"article:publisher\" content=\"https:\/\/www.facebook.com\/ChateauFeely\/\" \/>\n<meta property=\"article:modified_time\" content=\"2026-04-30T12:14:23+00:00\" \/>\n<meta property=\"og:image\" content=\"https:\/\/chateaufeely.com\/wp-content\/uploads\/2020\/03\/sawdays-badge-portrait.jpg\" \/>\n\t<meta property=\"og:image:width\" content=\"490\" \/>\n\t<meta property=\"og:image:height\" content=\"652\" \/>\n\t<meta property=\"og:image:type\" content=\"image\/jpeg\" \/>\n<meta name=\"twitter:card\" content=\"summary_large_image\" \/>\n<meta name=\"twitter:label1\" content=\"Dur\u00e9e de lecture estim\u00e9e\" \/>\n\t<meta name=\"twitter:data1\" content=\"2 minutes\" \/>\n<script type=\"application\/ld+json\" class=\"yoast-schema-graph\">{\"@context\":\"https:\\\/\\\/schema.org\",\"@graph\":[{\"@type\":\"WebPage\",\"@id\":\"https:\\\/\\\/chateaufeely.com\\\/fr\\\/presentation-gites\\\/wine-cottage\\\/\",\"url\":\"https:\\\/\\\/chateaufeely.com\\\/fr\\\/presentation-gites\\\/wine-cottage\\\/\",\"name\":\"G\u00eete Wine Cottage pour 2 personnes - Bergerac Dordogne\",\"isPartOf\":{\"@id\":\"https:\\\/\\\/chateaufeely.com\\\/fr\\\/#website\"},\"primaryImageOfPage\":{\"@id\":\"https:\\\/\\\/chateaufeely.com\\\/fr\\\/presentation-gites\\\/wine-cottage\\\/#primaryimage\"},\"image\":{\"@id\":\"https:\\\/\\\/chateaufeely.com\\\/fr\\\/presentation-gites\\\/wine-cottage\\\/#primaryimage\"},\"thumbnailUrl\":\"https:\\\/\\\/chateaufeely.com\\\/wp-content\\\/uploads\\\/2020\\\/03\\\/sawdays-badge-portrait-225x300.jpg\",\"datePublished\":\"2016-05-25T06:26:54+00:00\",\"dateModified\":\"2026-04-30T12:14:23+00:00\",\"description\":\"Le Wine Cottage est un charmant g\u00eete avec vue exceptionnelle et piscine au sel, situ\u00e9 dans une ferme biologique en Dordogne, pr\u00e8s de Bergerac.\",\"breadcrumb\":{\"@id\":\"https:\\\/\\\/chateaufeely.com\\\/fr\\\/presentation-gites\\\/wine-cottage\\\/#breadcrumb\"},\"inLanguage\":\"fr-FR\",\"potentialAction\":[{\"@type\":\"ReadAction\",\"target\":[\"https:\\\/\\\/chateaufeely.com\\\/fr\\\/presentation-gites\\\/wine-cottage\\\/\"]}]},{\"@type\":\"ImageObject\",\"inLanguage\":\"fr-FR\",\"@id\":\"https:\\\/\\\/chateaufeely.com\\\/fr\\\/presentation-gites\\\/wine-cottage\\\/#primaryimage\",\"url\":\"https:\\\/\\\/chateaufeely.com\\\/wp-content\\\/uploads\\\/2020\\\/03\\\/sawdays-badge-portrait-225x300.jpg\",\"contentUrl\":\"https:\\\/\\\/chateaufeely.com\\\/wp-content\\\/uploads\\\/2020\\\/03\\\/sawdays-badge-portrait-225x300.jpg\"},{\"@type\":\"BreadcrumbList\",\"@id\":\"https:\\\/\\\/chateaufeely.com\\\/fr\\\/presentation-gites\\\/wine-cottage\\\/#breadcrumb\",\"itemListElement\":[{\"@type\":\"ListItem\",\"position\":1,\"name\":\"Accueil\",\"item\":\"https:\\\/\\\/chateaufeely.com\\\/fr\\\/accueil\\\/\"},{\"@type\":\"ListItem\",\"position\":2,\"name\":\"Gites\",\"item\":\"https:\\\/\\\/chateaufeely.com\\\/fr\\\/presentation-gites\\\/\"},{\"@type\":\"ListItem\",\"position\":3,\"name\":\"Le Wine Cottage \u2014 \u00e9co-refuge romantique pour 2 personnes\"}]},{\"@type\":\"WebSite\",\"@id\":\"https:\\\/\\\/chateaufeely.com\\\/fr\\\/#website\",\"url\":\"https:\\\/\\\/chateaufeely.com\\\/fr\\\/\",\"name\":\"Ch\u00e2teau Feely organic wine, tours, accommodation\",\"description\":\"Biodynamic and natural wine, tours and wine school, ecological luxury lodge\",\"publisher\":{\"@id\":\"https:\\\/\\\/chateaufeely.com\\\/fr\\\/#organization\"},\"potentialAction\":[{\"@type\":\"SearchAction\",\"target\":{\"@type\":\"EntryPoint\",\"urlTemplate\":\"https:\\\/\\\/chateaufeely.com\\\/fr\\\/?s={search_term_string}\"},\"query-input\":{\"@type\":\"PropertyValueSpecification\",\"valueRequired\":true,\"valueName\":\"search_term_string\"}}],\"inLanguage\":\"fr-FR\"},{\"@type\":\"Organization\",\"@id\":\"https:\\\/\\\/chateaufeely.com\\\/fr\\\/#organization\",\"name\":\"Ch\u00e2teau Feely organic wine, tours, accommodation\",\"url\":\"https:\\\/\\\/chateaufeely.com\\\/fr\\\/\",\"logo\":{\"@type\":\"ImageObject\",\"inLanguage\":\"fr-FR\",\"@id\":\"https:\\\/\\\/chateaufeely.com\\\/fr\\\/#\\\/schema\\\/logo\\\/image\\\/\",\"url\":\"https:\\\/\\\/chateaufeely.com\\\/wp-content\\\/uploads\\\/2016\\\/05\\\/logo-vertical-v2-250.png\",\"contentUrl\":\"https:\\\/\\\/chateaufeely.com\\\/wp-content\\\/uploads\\\/2016\\\/05\\\/logo-vertical-v2-250.png\",\"width\":250,\"height\":312,\"caption\":\"Ch\u00e2teau Feely organic wine, tours, accommodation\"},\"image\":{\"@id\":\"https:\\\/\\\/chateaufeely.com\\\/fr\\\/#\\\/schema\\\/logo\\\/image\\\/\"},\"sameAs\":[\"https:\\\/\\\/www.facebook.com\\\/ChateauFeely\\\/\",\"https:\\\/\\\/www.instagram.com\\\/chateaufeely\\\/\"]}]}<\/script>\n<!-- \/ Yoast SEO plugin. -->","yoast_head_json":{"title":"G\u00eete Wine Cottage pour 2 personnes - Bergerac Dordogne","description":"Le Wine Cottage est un charmant g\u00eete avec vue exceptionnelle et piscine au sel, situ\u00e9 dans une ferme biologique en Dordogne, pr\u00e8s de Bergerac.","robots":{"index":"index","follow":"follow","max-snippet":"max-snippet:-1","max-image-preview":"max-image-preview:large","max-video-preview":"max-video-preview:-1"},"canonical":"https:\/\/chateaufeely.com\/fr\/presentation-gites\/wine-cottage\/","og_locale":"fr_FR","og_type":"article","og_title":"G\u00eete Wine Cottage pour 2 personnes - Bergerac Dordogne","og_description":"Le Wine Cottage est un charmant g\u00eete avec vue exceptionnelle et piscine au sel, situ\u00e9 dans une ferme biologique en Dordogne, pr\u00e8s de Bergerac.","og_url":"https:\/\/chateaufeely.com\/fr\/presentation-gites\/wine-cottage\/","og_site_name":"Ch\u00e2teau Feely organic wine, tours, accommodation","article_publisher":"https:\/\/www.facebook.com\/ChateauFeely\/","article_modified_time":"2026-04-30T12:14:23+00:00","og_image":[{"width":490,"height":652,"url":"https:\/\/chateaufeely.com\/wp-content\/uploads\/2020\/03\/sawdays-badge-portrait.jpg","type":"image\/jpeg"}],"twitter_card":"summary_large_image","twitter_misc":{"Dur\u00e9e de lecture estim\u00e9e":"2 minutes"},"schema":{"@context":"https:\/\/schema.org","@graph":[{"@type":"WebPage","@id":"https:\/\/chateaufeely.com\/fr\/presentation-gites\/wine-cottage\/","url":"https:\/\/chateaufeely.com\/fr\/presentation-gites\/wine-cottage\/","name":"G\u00eete Wine Cottage pour 2 personnes - Bergerac Dordogne","isPartOf":{"@id":"https:\/\/chateaufeely.com\/fr\/#website"},"primaryImageOfPage":{"@id":"https:\/\/chateaufeely.com\/fr\/presentation-gites\/wine-cottage\/#primaryimage"},"image":{"@id":"https:\/\/chateaufeely.com\/fr\/presentation-gites\/wine-cottage\/#primaryimage"},"thumbnailUrl":"https:\/\/chateaufeely.com\/wp-content\/uploads\/2020\/03\/sawdays-badge-portrait-225x300.jpg","datePublished":"2016-05-25T06:26:54+00:00","dateModified":"2026-04-30T12:14:23+00:00","description":"Le Wine Cottage est un charmant g\u00eete avec vue exceptionnelle et piscine au sel, situ\u00e9 dans une ferme biologique en Dordogne, pr\u00e8s de Bergerac.","breadcrumb":{"@id":"https:\/\/chateaufeely.com\/fr\/presentation-gites\/wine-cottage\/#breadcrumb"},"inLanguage":"fr-FR","potentialAction":[{"@type":"ReadAction","target":["https:\/\/chateaufeely.com\/fr\/presentation-gites\/wine-cottage\/"]}]},{"@type":"ImageObject","inLanguage":"fr-FR","@id":"https:\/\/chateaufeely.com\/fr\/presentation-gites\/wine-cottage\/#primaryimage","url":"https:\/\/chateaufeely.com\/wp-content\/uploads\/2020\/03\/sawdays-badge-portrait-225x300.jpg","contentUrl":"https:\/\/chateaufeely.com\/wp-content\/uploads\/2020\/03\/sawdays-badge-portrait-225x300.jpg"},{"@type":"BreadcrumbList","@id":"https:\/\/chateaufeely.com\/fr\/presentation-gites\/wine-cottage\/#breadcrumb","itemListElement":[{"@type":"ListItem","position":1,"name":"Accueil","item":"https:\/\/chateaufeely.com\/fr\/accueil\/"},{"@type":"ListItem","position":2,"name":"Gites","item":"https:\/\/chateaufeely.com\/fr\/presentation-gites\/"},{"@type":"ListItem","position":3,"name":"Le Wine Cottage \u2014 \u00e9co-refuge romantique pour 2 personnes"}]},{"@type":"WebSite","@id":"https:\/\/chateaufeely.com\/fr\/#website","url":"https:\/\/chateaufeely.com\/fr\/","name":"Ch\u00e2teau Feely organic wine, tours, accommodation","description":"Biodynamic and natural wine, tours and wine school, ecological luxury lodge","publisher":{"@id":"https:\/\/chateaufeely.com\/fr\/#organization"},"potentialAction":[{"@type":"SearchAction","target":{"@type":"EntryPoint","urlTemplate":"https:\/\/chateaufeely.com\/fr\/?s={search_term_string}"},"query-input":{"@type":"PropertyValueSpecification","valueRequired":true,"valueName":"search_term_string"}}],"inLanguage":"fr-FR"},{"@type":"Organization","@id":"https:\/\/chateaufeely.com\/fr\/#organization","name":"Ch\u00e2teau Feely organic wine, tours, accommodation","url":"https:\/\/chateaufeely.com\/fr\/","logo":{"@type":"ImageObject","inLanguage":"fr-FR","@id":"https:\/\/chateaufeely.com\/fr\/#\/schema\/logo\/image\/","url":"https:\/\/chateaufeely.com\/wp-content\/uploads\/2016\/05\/logo-vertical-v2-250.png","contentUrl":"https:\/\/chateaufeely.com\/wp-content\/uploads\/2016\/05\/logo-vertical-v2-250.png","width":250,"height":312,"caption":"Ch\u00e2teau Feely organic wine, tours, accommodation"},"image":{"@id":"https:\/\/chateaufeely.com\/fr\/#\/schema\/logo\/image\/"},"sameAs":["https:\/\/www.facebook.com\/ChateauFeely\/","https:\/\/www.instagram.com\/chateaufeely\/"]}]}},"_links":{"self":[{"href":"https:\/\/chateaufeely.com\/fr\/wp-json\/wp\/v2\/pages\/378","targetHints":{"allow":["GET"]}}],"collection":[{"href":"https:\/\/chateaufeely.com\/fr\/wp-json\/wp\/v2\/pages"}],"about":[{"href":"https:\/\/chateaufeely.com\/fr\/wp-json\/wp\/v2\/types\/page"}],"author":[{"embeddable":true,"href":"https:\/\/chateaufeely.com\/fr\/wp-json\/wp\/v2\/users\/2"}],"replies":[{"embeddable":true,"href":"https:\/\/chateaufeely.com\/fr\/wp-json\/wp\/v2\/comments?post=378"}],"version-history":[{"count":5,"href":"https:\/\/chateaufeely.com\/fr\/wp-json\/wp\/v2\/pages\/378\/revisions"}],"predecessor-version":[{"id":11667,"href":"https:\/\/chateaufeely.com\/fr\/wp-json\/wp\/v2\/pages\/378\/revisions\/11667"}],"up":[{"embeddable":true,"href":"https:\/\/chateaufeely.com\/fr\/wp-json\/wp\/v2\/pages\/363"}],"wp:attachment":[{"href":"https:\/\/chateaufeely.com\/fr\/wp-json\/wp\/v2\/media?parent=378"}],"curies":[{"name":"wp","href":"https:\/\/api.w.org\/{rel}","templated":true}]}}