{"id":3893,"date":"2019-01-14T10:47:24","date_gmt":"2019-01-14T09:47:24","guid":{"rendered":"https:\/\/chateaufeely.com\/?page_id=3893&#038;lang=fr"},"modified":"2024-02-25T12:32:27","modified_gmt":"2024-02-25T11:32:27","slug":"bon-de-cadeau-un-monde-doptions-pour-les-amateurs-du-vin","status":"publish","type":"page","link":"https:\/\/chateaufeely.com\/fr\/notre-boutique\/bon-de-cadeau-un-monde-doptions-pour-les-amateurs-du-vin\/","title":{"rendered":"Bons Cadeaux"},"content":{"rendered":"<h1 style=\"text-align: center;\">Bons Cadeaux:<\/h1>\n<h1 style=\"text-align: center;\">Un monde d&rsquo;options pour les amateurs du vin bio<\/h1>\n<div id=\"attachment_3900\" style=\"width: 310px\" class=\"wp-caption aligncenter\"><img decoding=\"async\" aria-describedby=\"caption-attachment-3900\" class=\"size-medium wp-image-3900\" src=\"https:\/\/chateaufeely.com\/wp-content\/uploads\/2019\/01\/gift-certificate-image-french-300x224.jpg\" alt=\"Bons Cadeaux \u00e0 Chateau Feely: un monde d'options\" width=\"300\" height=\"224\" \/><p id=\"caption-attachment-3900\" class=\"wp-caption-text\">Bons Cadeaux \u00e0 Ch\u00e2teau Feely<\/p><\/div>\n<p>&nbsp;<\/p>\n<p class=\"western\">Les cartes cadeaux Feely peuvent \u00eatre utilis\u00e9es pour le vin bio, l&rsquo;h\u00e9bergement, les formations \u00e0 l&rsquo;\u00e9cole du vin, les visites autour du vin, les initiations accords mets et vins et le partage des vignes. Achetez une carte cadeau en ligne pour nos visites demi-journ\u00e9es et journ\u00e9es enti\u00e8res. Pour une demande personalis\u00e9e ou pour une carte cadeau de plus de 200 euros, veuillez contacter Caro par email \u00e0 caro@chateaufeely.com<\/p>\n<p class=\"western\">Pour vous donner des id\u00e9es, voici quelques exemples de nos visites qui peuvent \u00eatre achet\u00e9es en carte cadeau:<\/p>\n<p class=\"western\">Visite de deux heures sur le vin &#8211; 60\u20ac<\/p>\n<p class=\"western\">Demi-journ\u00e9e avec d\u00e9jeuner pour deux &#8211; 130\u20ac;<\/p>\n<p class=\"western\">Journ\u00e9e enti\u00e8re avec d\u00e9jeuner pour deux &#8211; 250\u20ac;<\/p>\n<p class=\"western\">Visite journ\u00e9es multiples ou visite randonn\u00e9es avec h\u00e9bergement &#8211; \u00e0 partir de 600\u20ac par personne.<\/p>\n<p class=\"western\">Nos cartes cadeaux sont personnalisables, valables 1 an et peuvent \u00eatre utilis\u00e9es pour tous les produits Ch\u00e2teau Feely. Pour une valeur diff\u00e9rente ou une demande sp\u00e9cifique, contactez Caro par email \u00e0 caro@chateaufeely.com<\/p>\n","protected":false},"excerpt":{"rendered":"<p>Bons Cadeaux: Un monde d&rsquo;options pour les amateurs du vin bio &nbsp; Les cartes cadeaux Feely peuvent \u00eatre utilis\u00e9es pour le vin bio, l&rsquo;h\u00e9bergement, les formations \u00e0 l&rsquo;\u00e9cole du vin, les visites autour du vin, les initiations accords mets et vins et le partage des vignes. Achetez une carte cadeau en ligne pour nos visites [&hellip;]<\/p>\n","protected":false},"author":2,"featured_media":3900,"parent":785,"menu_order":0,"comment_status":"closed","ping_status":"closed","template":"","meta":{"footnotes":""},"class_list":["post-3893","page","type-page","status-publish","has-post-thumbnail","hentry"],"yoast_head":"<!-- This site is optimized with the Yoast SEO plugin v27.3 - https:\/\/yoast.com\/product\/yoast-seo-wordpress\/ -->\n<title>Bons Cadeaux - Ch\u00e2teau Feely organic wine, tours, accommodation<\/title>\n<meta name=\"robots\" content=\"index, follow, max-snippet:-1, max-image-preview:large, max-video-preview:-1\" \/>\n<link rel=\"canonical\" href=\"https:\/\/chateaufeely.com\/fr\/notre-boutique\/bon-de-cadeau-un-monde-doptions-pour-les-amateurs-du-vin\/\" \/>\n<meta property=\"og:locale\" content=\"fr_FR\" \/>\n<meta property=\"og:type\" content=\"article\" \/>\n<meta property=\"og:title\" content=\"Bons Cadeaux - Ch\u00e2teau Feely organic wine, tours, accommodation\" \/>\n<meta property=\"og:description\" content=\"Bons Cadeaux: Un monde d&rsquo;options pour les amateurs du vin bio &nbsp; Les cartes cadeaux Feely peuvent \u00eatre utilis\u00e9es pour le vin bio, l&rsquo;h\u00e9bergement, les formations \u00e0 l&rsquo;\u00e9cole du vin, les visites autour du vin, les initiations accords mets et vins et le partage des vignes. Achetez une carte cadeau en ligne pour nos visites [&hellip;]\" \/>\n<meta property=\"og:url\" content=\"https:\/\/chateaufeely.com\/fr\/notre-boutique\/bon-de-cadeau-un-monde-doptions-pour-les-amateurs-du-vin\/\" \/>\n<meta property=\"og:site_name\" content=\"Ch\u00e2teau Feely organic wine, tours, accommodation\" \/>\n<meta property=\"article:publisher\" content=\"https:\/\/www.facebook.com\/ChateauFeely\/\" \/>\n<meta property=\"article:modified_time\" content=\"2024-02-25T11:32:27+00:00\" \/>\n<meta property=\"og:image\" content=\"https:\/\/chateaufeely.com\/wp-content\/uploads\/2019\/01\/gift-certificate-image-french.jpg\" \/>\n\t<meta property=\"og:image:width\" content=\"589\" \/>\n\t<meta property=\"og:image:height\" content=\"439\" \/>\n\t<meta property=\"og:image:type\" content=\"image\/jpeg\" \/>\n<meta name=\"twitter:card\" content=\"summary_large_image\" \/>\n<meta name=\"twitter:label1\" content=\"Dur\u00e9e de lecture estim\u00e9e\" \/>\n\t<meta name=\"twitter:data1\" content=\"2 minutes\" \/>\n<script type=\"application\/ld+json\" class=\"yoast-schema-graph\">{\"@context\":\"https:\\\/\\\/schema.org\",\"@graph\":[{\"@type\":\"WebPage\",\"@id\":\"https:\\\/\\\/chateaufeely.com\\\/fr\\\/notre-boutique\\\/bon-de-cadeau-un-monde-doptions-pour-les-amateurs-du-vin\\\/\",\"url\":\"https:\\\/\\\/chateaufeely.com\\\/fr\\\/notre-boutique\\\/bon-de-cadeau-un-monde-doptions-pour-les-amateurs-du-vin\\\/\",\"name\":\"Bons Cadeaux - Ch\u00e2teau Feely organic wine, tours, accommodation\",\"isPartOf\":{\"@id\":\"https:\\\/\\\/chateaufeely.com\\\/fr\\\/#website\"},\"primaryImageOfPage\":{\"@id\":\"https:\\\/\\\/chateaufeely.com\\\/fr\\\/notre-boutique\\\/bon-de-cadeau-un-monde-doptions-pour-les-amateurs-du-vin\\\/#primaryimage\"},\"image\":{\"@id\":\"https:\\\/\\\/chateaufeely.com\\\/fr\\\/notre-boutique\\\/bon-de-cadeau-un-monde-doptions-pour-les-amateurs-du-vin\\\/#primaryimage\"},\"thumbnailUrl\":\"https:\\\/\\\/chateaufeely.com\\\/wp-content\\\/uploads\\\/2019\\\/01\\\/gift-certificate-image-french.jpg\",\"datePublished\":\"2019-01-14T09:47:24+00:00\",\"dateModified\":\"2024-02-25T11:32:27+00:00\",\"breadcrumb\":{\"@id\":\"https:\\\/\\\/chateaufeely.com\\\/fr\\\/notre-boutique\\\/bon-de-cadeau-un-monde-doptions-pour-les-amateurs-du-vin\\\/#breadcrumb\"},\"inLanguage\":\"fr-FR\",\"potentialAction\":[{\"@type\":\"ReadAction\",\"target\":[\"https:\\\/\\\/chateaufeely.com\\\/fr\\\/notre-boutique\\\/bon-de-cadeau-un-monde-doptions-pour-les-amateurs-du-vin\\\/\"]}]},{\"@type\":\"ImageObject\",\"inLanguage\":\"fr-FR\",\"@id\":\"https:\\\/\\\/chateaufeely.com\\\/fr\\\/notre-boutique\\\/bon-de-cadeau-un-monde-doptions-pour-les-amateurs-du-vin\\\/#primaryimage\",\"url\":\"https:\\\/\\\/chateaufeely.com\\\/wp-content\\\/uploads\\\/2019\\\/01\\\/gift-certificate-image-french.jpg\",\"contentUrl\":\"https:\\\/\\\/chateaufeely.com\\\/wp-content\\\/uploads\\\/2019\\\/01\\\/gift-certificate-image-french.jpg\",\"width\":589,\"height\":439,\"caption\":\"Bons de Cadeaux a Chateau Feely un monde d'options\"},{\"@type\":\"BreadcrumbList\",\"@id\":\"https:\\\/\\\/chateaufeely.com\\\/fr\\\/notre-boutique\\\/bon-de-cadeau-un-monde-doptions-pour-les-amateurs-du-vin\\\/#breadcrumb\",\"itemListElement\":[{\"@type\":\"ListItem\",\"position\":1,\"name\":\"Accueil\",\"item\":\"https:\\\/\\\/chateaufeely.com\\\/fr\\\/\"},{\"@type\":\"ListItem\",\"position\":2,\"name\":\"Notre Boutique\",\"item\":\"https:\\\/\\\/chateaufeely.com\\\/fr\\\/our-shop\\\/\"},{\"@type\":\"ListItem\",\"position\":3,\"name\":\"Bons Cadeaux\"}]},{\"@type\":\"WebSite\",\"@id\":\"https:\\\/\\\/chateaufeely.com\\\/fr\\\/#website\",\"url\":\"https:\\\/\\\/chateaufeely.com\\\/fr\\\/\",\"name\":\"Ch\u00e2teau Feely organic wine, tours, accommodation\",\"description\":\"Biodynamic and natural wine, tours and wine school, ecological luxury lodge\",\"publisher\":{\"@id\":\"https:\\\/\\\/chateaufeely.com\\\/fr\\\/#organization\"},\"potentialAction\":[{\"@type\":\"SearchAction\",\"target\":{\"@type\":\"EntryPoint\",\"urlTemplate\":\"https:\\\/\\\/chateaufeely.com\\\/fr\\\/?s={search_term_string}\"},\"query-input\":{\"@type\":\"PropertyValueSpecification\",\"valueRequired\":true,\"valueName\":\"search_term_string\"}}],\"inLanguage\":\"fr-FR\"},{\"@type\":\"Organization\",\"@id\":\"https:\\\/\\\/chateaufeely.com\\\/fr\\\/#organization\",\"name\":\"Ch\u00e2teau Feely organic wine, tours, accommodation\",\"url\":\"https:\\\/\\\/chateaufeely.com\\\/fr\\\/\",\"logo\":{\"@type\":\"ImageObject\",\"inLanguage\":\"fr-FR\",\"@id\":\"https:\\\/\\\/chateaufeely.com\\\/fr\\\/#\\\/schema\\\/logo\\\/image\\\/\",\"url\":\"https:\\\/\\\/chateaufeely.com\\\/wp-content\\\/uploads\\\/2016\\\/05\\\/logo-vertical-v2-250.png\",\"contentUrl\":\"https:\\\/\\\/chateaufeely.com\\\/wp-content\\\/uploads\\\/2016\\\/05\\\/logo-vertical-v2-250.png\",\"width\":250,\"height\":312,\"caption\":\"Ch\u00e2teau Feely organic wine, tours, accommodation\"},\"image\":{\"@id\":\"https:\\\/\\\/chateaufeely.com\\\/fr\\\/#\\\/schema\\\/logo\\\/image\\\/\"},\"sameAs\":[\"https:\\\/\\\/www.facebook.com\\\/ChateauFeely\\\/\",\"https:\\\/\\\/www.instagram.com\\\/chateaufeely\\\/\"]}]}<\/script>\n<!-- \/ Yoast SEO plugin. -->","yoast_head_json":{"title":"Bons Cadeaux - Ch\u00e2teau Feely organic wine, tours, accommodation","robots":{"index":"index","follow":"follow","max-snippet":"max-snippet:-1","max-image-preview":"max-image-preview:large","max-video-preview":"max-video-preview:-1"},"canonical":"https:\/\/chateaufeely.com\/fr\/notre-boutique\/bon-de-cadeau-un-monde-doptions-pour-les-amateurs-du-vin\/","og_locale":"fr_FR","og_type":"article","og_title":"Bons Cadeaux - Ch\u00e2teau Feely organic wine, tours, accommodation","og_description":"Bons Cadeaux: Un monde d&rsquo;options pour les amateurs du vin bio &nbsp; Les cartes cadeaux Feely peuvent \u00eatre utilis\u00e9es pour le vin bio, l&rsquo;h\u00e9bergement, les formations \u00e0 l&rsquo;\u00e9cole du vin, les visites autour du vin, les initiations accords mets et vins et le partage des vignes. Achetez une carte cadeau en ligne pour nos visites [&hellip;]","og_url":"https:\/\/chateaufeely.com\/fr\/notre-boutique\/bon-de-cadeau-un-monde-doptions-pour-les-amateurs-du-vin\/","og_site_name":"Ch\u00e2teau Feely organic wine, tours, accommodation","article_publisher":"https:\/\/www.facebook.com\/ChateauFeely\/","article_modified_time":"2024-02-25T11:32:27+00:00","og_image":[{"width":589,"height":439,"url":"https:\/\/chateaufeely.com\/wp-content\/uploads\/2019\/01\/gift-certificate-image-french.jpg","type":"image\/jpeg"}],"twitter_card":"summary_large_image","twitter_misc":{"Dur\u00e9e de lecture estim\u00e9e":"2 minutes"},"schema":{"@context":"https:\/\/schema.org","@graph":[{"@type":"WebPage","@id":"https:\/\/chateaufeely.com\/fr\/notre-boutique\/bon-de-cadeau-un-monde-doptions-pour-les-amateurs-du-vin\/","url":"https:\/\/chateaufeely.com\/fr\/notre-boutique\/bon-de-cadeau-un-monde-doptions-pour-les-amateurs-du-vin\/","name":"Bons Cadeaux - Ch\u00e2teau Feely organic wine, tours, accommodation","isPartOf":{"@id":"https:\/\/chateaufeely.com\/fr\/#website"},"primaryImageOfPage":{"@id":"https:\/\/chateaufeely.com\/fr\/notre-boutique\/bon-de-cadeau-un-monde-doptions-pour-les-amateurs-du-vin\/#primaryimage"},"image":{"@id":"https:\/\/chateaufeely.com\/fr\/notre-boutique\/bon-de-cadeau-un-monde-doptions-pour-les-amateurs-du-vin\/#primaryimage"},"thumbnailUrl":"https:\/\/chateaufeely.com\/wp-content\/uploads\/2019\/01\/gift-certificate-image-french.jpg","datePublished":"2019-01-14T09:47:24+00:00","dateModified":"2024-02-25T11:32:27+00:00","breadcrumb":{"@id":"https:\/\/chateaufeely.com\/fr\/notre-boutique\/bon-de-cadeau-un-monde-doptions-pour-les-amateurs-du-vin\/#breadcrumb"},"inLanguage":"fr-FR","potentialAction":[{"@type":"ReadAction","target":["https:\/\/chateaufeely.com\/fr\/notre-boutique\/bon-de-cadeau-un-monde-doptions-pour-les-amateurs-du-vin\/"]}]},{"@type":"ImageObject","inLanguage":"fr-FR","@id":"https:\/\/chateaufeely.com\/fr\/notre-boutique\/bon-de-cadeau-un-monde-doptions-pour-les-amateurs-du-vin\/#primaryimage","url":"https:\/\/chateaufeely.com\/wp-content\/uploads\/2019\/01\/gift-certificate-image-french.jpg","contentUrl":"https:\/\/chateaufeely.com\/wp-content\/uploads\/2019\/01\/gift-certificate-image-french.jpg","width":589,"height":439,"caption":"Bons de Cadeaux a Chateau Feely un monde d'options"},{"@type":"BreadcrumbList","@id":"https:\/\/chateaufeely.com\/fr\/notre-boutique\/bon-de-cadeau-un-monde-doptions-pour-les-amateurs-du-vin\/#breadcrumb","itemListElement":[{"@type":"ListItem","position":1,"name":"Accueil","item":"https:\/\/chateaufeely.com\/fr\/"},{"@type":"ListItem","position":2,"name":"Notre Boutique","item":"https:\/\/chateaufeely.com\/fr\/our-shop\/"},{"@type":"ListItem","position":3,"name":"Bons Cadeaux"}]},{"@type":"WebSite","@id":"https:\/\/chateaufeely.com\/fr\/#website","url":"https:\/\/chateaufeely.com\/fr\/","name":"Ch\u00e2teau Feely organic wine, tours, accommodation","description":"Biodynamic and natural wine, tours and wine school, ecological luxury lodge","publisher":{"@id":"https:\/\/chateaufeely.com\/fr\/#organization"},"potentialAction":[{"@type":"SearchAction","target":{"@type":"EntryPoint","urlTemplate":"https:\/\/chateaufeely.com\/fr\/?s={search_term_string}"},"query-input":{"@type":"PropertyValueSpecification","valueRequired":true,"valueName":"search_term_string"}}],"inLanguage":"fr-FR"},{"@type":"Organization","@id":"https:\/\/chateaufeely.com\/fr\/#organization","name":"Ch\u00e2teau Feely organic wine, tours, accommodation","url":"https:\/\/chateaufeely.com\/fr\/","logo":{"@type":"ImageObject","inLanguage":"fr-FR","@id":"https:\/\/chateaufeely.com\/fr\/#\/schema\/logo\/image\/","url":"https:\/\/chateaufeely.com\/wp-content\/uploads\/2016\/05\/logo-vertical-v2-250.png","contentUrl":"https:\/\/chateaufeely.com\/wp-content\/uploads\/2016\/05\/logo-vertical-v2-250.png","width":250,"height":312,"caption":"Ch\u00e2teau Feely organic wine, tours, accommodation"},"image":{"@id":"https:\/\/chateaufeely.com\/fr\/#\/schema\/logo\/image\/"},"sameAs":["https:\/\/www.facebook.com\/ChateauFeely\/","https:\/\/www.instagram.com\/chateaufeely\/"]}]}},"_links":{"self":[{"href":"https:\/\/chateaufeely.com\/fr\/wp-json\/wp\/v2\/pages\/3893","targetHints":{"allow":["GET"]}}],"collection":[{"href":"https:\/\/chateaufeely.com\/fr\/wp-json\/wp\/v2\/pages"}],"about":[{"href":"https:\/\/chateaufeely.com\/fr\/wp-json\/wp\/v2\/types\/page"}],"author":[{"embeddable":true,"href":"https:\/\/chateaufeely.com\/fr\/wp-json\/wp\/v2\/users\/2"}],"replies":[{"embeddable":true,"href":"https:\/\/chateaufeely.com\/fr\/wp-json\/wp\/v2\/comments?post=3893"}],"version-history":[{"count":0,"href":"https:\/\/chateaufeely.com\/fr\/wp-json\/wp\/v2\/pages\/3893\/revisions"}],"up":[{"embeddable":true,"href":"https:\/\/chateaufeely.com\/fr\/wp-json\/wp\/v2\/pages\/785"}],"wp:featuredmedia":[{"embeddable":true,"href":"https:\/\/chateaufeely.com\/fr\/wp-json\/wp\/v2\/media\/3900"}],"wp:attachment":[{"href":"https:\/\/chateaufeely.com\/fr\/wp-json\/wp\/v2\/media?parent=3893"}],"curies":[{"name":"wp","href":"https:\/\/api.w.org\/{rel}","templated":true}]}}