{"id":4324,"date":"2019-01-08T15:14:07","date_gmt":"2019-01-08T14:14:07","guid":{"rendered":"https:\/\/chateaufeely.com\/visites\/organic-and-biodynamic-trail\/"},"modified":"2023-06-04T15:58:37","modified_gmt":"2023-06-04T14:58:37","slug":"parcours-bio-et-biodynamique","status":"publish","type":"page","link":"https:\/\/chateaufeely.com\/fr\/visites\/parcours-bio-et-biodynamique\/","title":{"rendered":"Parcours Bio et Biodynamique \u00e0 Ch\u00e2teau Feely"},"content":{"rendered":"[vc_row fullwidth=\u00a0\u00bbtrue\u00a0\u00bb][vc_column width=\u00a0\u00bb1\/2&Prime;][mk_image_slideshow images=\u00a0\u00bb3824,3826,3828,3830&Prime; image_width=\u00a0\u00bb1000&Prime; image_height=\u00a0\u00bb667&Prime; slideshow_speed=\u00a0\u00bb3000&Prime;][\/vc_column][vc_column width=\u00a0\u00bb1\/2&Prime; css=\u00a0\u00bb.vc_custom_1464158896445{padding-left: 15px !important;}\u00a0\u00bb][vc_column_text css=\u00a0\u00bb.vc_custom_1583229619791{margin-bottom: 0px !important;}\u00a0\u00bb]\n<h4 style=\"text-align: center;\">PARCOURS BIO et BIODYNAMIQUE \u00e0 CH\u00c2TEAU FEELY<\/h4>\n[\/vc_column_text][vc_column_text css=\u00a0\u00bb.vc_custom_1607519665695{margin-bottom: 0px !important;}\u00a0\u00bb]C&rsquo;est un parcours physique pour petits et grands dans le vignoble et \u00e9galement un parcours virtuel accessible avec des Qr codes depuis le sentier et sur ChateauFeely.com. Son objectif est d&rsquo;expliquer l&rsquo;agriculture et la vinification bio et biodynamique. Cette activit\u00e9 permet de r\u00e9pondre \u00e0 vos questions et d&rsquo;expliquer pourquoi est-ce aussi important pour nous. Vous d\u00e9couvrirez\u00a0 les actions que nous menons \u00e9cologiquement pour l&rsquo;environnement . Enrichissant et amusant!<\/p>\n<p><strong>Parcourez le vrai sentier au vignoble : 10 euros par adulte, gratuit pour les enfants.<\/strong><\/p>\n<p><strong>Visitez le sentier via le site Web ci-dessous.<\/strong><\/p>\n<p>Vous visiterez six zones d\u00e9di\u00e9es \u00e0 huit th\u00e8mes :<\/p>\n<ul>\n<li><strong>POD 1 &#8211; Chateau Feely: accueil, histoire et terroir (cette page)<\/strong><\/li>\n<li><a href=\"https:\/\/chateaufeely.com\/fr\/visites\/organic-and-biodynamic-trail\/what-is-organic\/\"><strong>POD 2: Qu&rsquo;est-ce l&rsquo;agriculture bio? <\/strong><\/a><\/li>\n<li><a href=\"https:\/\/chateaufeely.com\/fr\/visites\/organic-and-biodynamic-trail\/why-choose-organic\/\"><strong>POD 3: Pourquoi choisir l&rsquo;agriculture bio?<\/strong><\/a><\/li>\n<li><a href=\"https:\/\/chateaufeely.com\/fr\/visites\/organic-and-biodynamic-trail\/what-is-biodynamics\/\"><strong>POD 4: Qu&rsquo;est-ce que la biodynamie?<\/strong><\/a><\/li>\n<li><a href=\"https:\/\/chateaufeely.com\/fr\/visites\/organic-and-biodynamic-trail\/organic-farming-and-winegrowing\/\"><strong>POD 5: Viticulture bio<\/strong><\/a><\/li>\n<li><a href=\"https:\/\/chateaufeely.com\/fr\/visites\/organic-and-biodynamic-trail\/biodynamic-farming-and-winegrowing\/\"><strong>POD 6: Viticulture biodynamique<\/strong><\/a><\/li>\n<li><a href=\"https:\/\/chateaufeely.com\/fr\/visites\/parcours-bio-et-biodynamique\/vinification-bio-biodynamique-nature\/\"><strong>POD 7: <\/strong><strong>V<\/strong><strong>inification bio et biodynamique et nature<\/strong><\/a><\/li>\n<li><a href=\"https:\/\/chateaufeely.com\/fr\/visites\/organic-and-biodynamic-trail\/make-a-difference\/\"><strong>POD 8: Les actions que nous menons pour l&rsquo;environnement<\/strong><\/a><\/li>\n<\/ul>\n[\/vc_column_text][\/vc_column][\/vc_row][vc_row][vc_column][vc_column_text css=\u00a0\u00bb.vc_custom_1582902374857{margin-bottom: 0px !important;}\u00a0\u00bb]\n<p>&nbsp;<\/p>\n<p><strong>HOMMAGE: <\/strong><\/p>\n<p>Le parcours bio et biodynamique du Ch\u00e2teau Feely est d\u00e9di\u00e9 \u00e0 la m\u00e9moire de Pierre Masson, pionnier de la recherche, de la formation et des ouvrages en biodynamie. Pierre a offert une corne de vache et une pierre de silice qui font partie de ce parcours p\u00e9dagogique.[\/vc_column_text][vc_empty_space height=\u00a0\u00bb20px\u00a0\u00bb][\/vc_column][\/vc_row][vc_row][vc_column][\/vc_column][\/vc_row][vc_row][vc_column][vc_text_separator title=\u00a0\u00bbLe BIO, La BIODYNAMIE et Les FEELY\u00a0\u00bb color=\u00a0\u00bbchino\u00a0\u00bb border_width=\u00a0\u00bb4&Prime; css=\u00a0\u00bb.vc_custom_1582901510038{border-radius: 1px !important;}\u00a0\u00bb][\/vc_column][\/vc_row][vc_row][vc_column][vc_column_text css=\u00a0\u00bb.vc_custom_1582901610105{margin-bottom: 0px !important;}\u00a0\u00bb]Les Feelys r\u00eavaient de faire de la viticulture bio depuis plus de dix ans. En 2005, le r\u00eave s&rsquo;est r\u00e9alis\u00e9 avec l&rsquo;achat du vignoble Ch\u00e2teau Feely. Une ferme en liquidation mais avec un grand potentiel. \u00c0 l&rsquo;\u00e9poque 1% des vignobles fran\u00e7ais \u00e9taient bio. En 2018, presque 10% du vignoble fran\u00e7ais \u00e9tait converti.<\/p>\n<p>Les Feelys ont d\u00e9couvert que les solutions bio ne r\u00e9solvaient pas compl\u00e8tement les maladies fongiques, en particulier le mildiou. Ils ont \u00e9tudi\u00e9 les m\u00e9thodes biodynamiques et les ont trouv\u00e9es efficaces. Ils ont d\u00e9couvert que la biodynamie \u00e9tait bien plus qu&rsquo;un moyen de r\u00e9soudre une maladie fongique. Vous pouvez lire l&rsquo;histoire compl\u00e8te des douze premi\u00e8res ann\u00e9es de la ferme Feely dans les livres de Caro: <a href=\"https:\/\/chateaufeely.com\/fr\/categorie-produit\/autres-produits\/livres\/\" target=\"_blank\" rel=\"noopener noreferrer\">\u00ab\u00a0Grape Expectations\u00a0\u00bb<\/a>, \u00ab\u00a0<a href=\"https:\/\/chateaufeely.com\/fr\/categorie-produit\/autres-produits\/livres\/\" target=\"_blank\" rel=\"noopener noreferrer\">Saving our Skins<\/a>\u00a0\u00bb et \u00ab\u00a0<a href=\"https:\/\/chateaufeely.com\/fr\/categorie-produit\/autres-produits\/livres\/\" target=\"_blank\" rel=\"noopener noreferrer\">Glass Half Full\u00a0\u00bb<\/a> ou apprenez plus sur le vin avec Le livre de Caro \u00ab\u00a0WINE: the Essential Guide\u00a0\u00bb &#8211; En vente dans la salle de d\u00e9gustation et en ligne.[\/vc_column_text][vc_separator color=\u00a0\u00bbchino\u00a0\u00bb border_width=\u00a0\u00bb2&Prime;][\/vc_column][\/vc_row][vc_row fullwidth=\u00a0\u00bbtrue\u00a0\u00bb][vc_column width=\u00a0\u00bb1\/2&Prime;][mk_image_slideshow images=\u00a0\u00bb1189,1149,1162&Prime; image_width=\u00a0\u00bb1000&Prime; image_height=\u00a0\u00bb667&Prime; slideshow_speed=\u00a0\u00bb3000&Prime;][\/vc_column][vc_column width=\u00a0\u00bb1\/2&Prime; css=\u00a0\u00bb.vc_custom_1464158896445{padding-left: 15px !important;}\u00a0\u00bb][vc_column_text css=\u00a0\u00bb.vc_custom_1607519644255{margin-bottom: 0px !important;}\u00a0\u00bb]\n<h2>Liens vers les sections du sentier bio et biodynamique<\/h2>\n<p>Vous visiterez six zones de points de d\u00e9monstration (panneau) d\u00e9di\u00e9es \u00e0 huit th\u00e8mes :<\/p>\n<ul>\n<li><strong>POD 1 &#8211; Chateau Feely: accueil, histoire et terroir (cette page)<\/strong><\/li>\n<li><a href=\"https:\/\/chateaufeely.com\/fr\/visites\/organic-and-biodynamic-trail\/what-is-organic\/\"><strong>POD 2: Qu&rsquo;est-ce l&rsquo;agriculture bio? <\/strong><\/a><\/li>\n<li><a href=\"https:\/\/chateaufeely.com\/fr\/visites\/organic-and-biodynamic-trail\/why-choose-organic\/\"><strong>POD 3: Pourquoi choisir l&rsquo;agriculture bio?<\/strong><\/a><\/li>\n<li><a href=\"https:\/\/chateaufeely.com\/fr\/visites\/organic-and-biodynamic-trail\/what-is-biodynamics\/\"><strong>POD 4: Qu&rsquo;est-ce que la biodynamie?<\/strong><\/a><\/li>\n<li><a href=\"https:\/\/chateaufeely.com\/fr\/visites\/organic-and-biodynamic-trail\/organic-farming-and-winegrowing\/\"><strong>POD 5: Viticulture bio<\/strong><\/a><\/li>\n<li><a href=\"https:\/\/chateaufeely.com\/fr\/visites\/organic-and-biodynamic-trail\/biodynamic-farming-and-winegrowing\/\"><strong>POD 6: Viticulture biodynamique<\/strong><\/a><\/li>\n<li><a href=\"https:\/\/chateaufeely.com\/fr\/visites\/parcours-bio-et-biodynamique\/vinification-bio-biodynamique-nature\/\"><strong>POD 7: <\/strong><strong>V<\/strong><strong>inification bio et biodynamique et nature<\/strong><\/a><\/li>\n<li><a href=\"https:\/\/chateaufeely.com\/fr\/visites\/organic-and-biodynamic-trail\/make-a-difference\/\"><strong>POD 8: Les actions que nous menons pour l&rsquo;environnement<\/strong><\/a><\/li>\n<\/ul>\n<p>L&rsquo;\u00e9quipe du Ch\u00e2teau Feely est passionn\u00e9e par le vin, l&rsquo;agriculture bio et la biodynamie. Nous esp\u00e9rons que ce parcours, nos visites et nos vins vous inspireront.[\/vc_column_text][\/vc_column][\/vc_row][vc_row][vc_column][\/vc_column][\/vc_row]\n","protected":false},"excerpt":{"rendered":"<p>[vc_row fullwidth=\u00a0\u00bbtrue\u00a0\u00bb][vc_column width=\u00a0\u00bb1\/2&Prime;][mk_image_slideshow images=\u00a0\u00bb3824,3826,3828,3830&Prime; image_width=\u00a0\u00bb1000&Prime; image_height=\u00a0\u00bb667&Prime; slideshow_speed=\u00a0\u00bb3000&Prime;][\/vc_column][vc_column width=\u00a0\u00bb1\/2&Prime; css=\u00a0\u00bb.vc_custom_1464158896445{padding-left: 15px !important;}\u00a0\u00bb][vc_column_text css=\u00a0\u00bb.vc_custom_1583229619791{margin-bottom: 0px !important;}\u00a0\u00bb] PARCOURS BIO et BIODYNAMIQUE \u00e0 CH\u00c2TEAU FEELY [\/vc_column_text][vc_column_text css=\u00a0\u00bb.vc_custom_1607519665695{margin-bottom: 0px !important;}\u00a0\u00bb]C&rsquo;est un parcours physique pour petits et grands dans le vignoble et \u00e9galement un parcours virtuel accessible avec des Qr codes depuis le sentier et sur ChateauFeely.com. Son objectif est d&rsquo;expliquer [&hellip;]<\/p>\n","protected":false},"author":2,"featured_media":0,"parent":251,"menu_order":0,"comment_status":"closed","ping_status":"closed","template":"","meta":{"footnotes":""},"class_list":["post-4324","page","type-page","status-publish","hentry"],"yoast_head":"<!-- This site is optimized with the Yoast SEO plugin v27.3 - https:\/\/yoast.com\/product\/yoast-seo-wordpress\/ -->\n<title>Parcours Bio et Biodynamique Chateau Feely entre Bergerac et Bordeaux<\/title>\n<meta name=\"description\" content=\"D\u00e9couvrir le parcours Bio et Biodynamique, un parcours pedagogique et ludique de Chateau Feely vignoble bio, biodynamique et nature.\" \/>\n<meta name=\"robots\" content=\"index, follow, max-snippet:-1, max-image-preview:large, max-video-preview:-1\" \/>\n<link rel=\"canonical\" href=\"https:\/\/chateaufeely.com\/fr\/visites\/parcours-bio-et-biodynamique\/\" \/>\n<meta property=\"og:locale\" content=\"fr_FR\" \/>\n<meta property=\"og:type\" content=\"article\" \/>\n<meta property=\"og:title\" content=\"Parcours Bio et Biodynamique Chateau Feely entre Bergerac et Bordeaux\" \/>\n<meta property=\"og:description\" content=\"D\u00e9couvrir le parcours Bio et Biodynamique, un parcours pedagogique et ludique de Chateau Feely vignoble bio, biodynamique et nature.\" \/>\n<meta property=\"og:url\" content=\"https:\/\/chateaufeely.com\/fr\/visites\/parcours-bio-et-biodynamique\/\" \/>\n<meta property=\"og:site_name\" content=\"Ch\u00e2teau Feely organic wine, tours, accommodation\" \/>\n<meta property=\"article:publisher\" content=\"https:\/\/www.facebook.com\/ChateauFeely\/\" \/>\n<meta property=\"article:modified_time\" content=\"2023-06-04T14:58:37+00:00\" \/>\n<meta name=\"twitter:card\" content=\"summary_large_image\" \/>\n<meta name=\"twitter:label1\" content=\"Dur\u00e9e de lecture estim\u00e9e\" \/>\n\t<meta name=\"twitter:data1\" content=\"3 minutes\" \/>\n<script type=\"application\/ld+json\" class=\"yoast-schema-graph\">{\"@context\":\"https:\\\/\\\/schema.org\",\"@graph\":[{\"@type\":\"WebPage\",\"@id\":\"https:\\\/\\\/chateaufeely.com\\\/fr\\\/visites\\\/parcours-bio-et-biodynamique\\\/\",\"url\":\"https:\\\/\\\/chateaufeely.com\\\/fr\\\/visites\\\/parcours-bio-et-biodynamique\\\/\",\"name\":\"Parcours Bio et Biodynamique Chateau Feely entre Bergerac et Bordeaux\",\"isPartOf\":{\"@id\":\"https:\\\/\\\/chateaufeely.com\\\/fr\\\/#website\"},\"datePublished\":\"2019-01-08T14:14:07+00:00\",\"dateModified\":\"2023-06-04T14:58:37+00:00\",\"description\":\"D\u00e9couvrir le parcours Bio et Biodynamique, un parcours pedagogique et ludique de Chateau Feely vignoble bio, biodynamique et nature.\",\"breadcrumb\":{\"@id\":\"https:\\\/\\\/chateaufeely.com\\\/fr\\\/visites\\\/parcours-bio-et-biodynamique\\\/#breadcrumb\"},\"inLanguage\":\"fr-FR\",\"potentialAction\":[{\"@type\":\"ReadAction\",\"target\":[\"https:\\\/\\\/chateaufeely.com\\\/fr\\\/visites\\\/parcours-bio-et-biodynamique\\\/\"]}]},{\"@type\":\"BreadcrumbList\",\"@id\":\"https:\\\/\\\/chateaufeely.com\\\/fr\\\/visites\\\/parcours-bio-et-biodynamique\\\/#breadcrumb\",\"itemListElement\":[{\"@type\":\"ListItem\",\"position\":1,\"name\":\"Accueil\",\"item\":\"https:\\\/\\\/chateaufeely.com\\\/fr\\\/\"},{\"@type\":\"ListItem\",\"position\":2,\"name\":\"Visites\",\"item\":\"https:\\\/\\\/chateaufeely.com\\\/fr\\\/visits\\\/\"},{\"@type\":\"ListItem\",\"position\":3,\"name\":\"Parcours Bio et Biodynamique \u00e0 Ch\u00e2teau Feely\"}]},{\"@type\":\"WebSite\",\"@id\":\"https:\\\/\\\/chateaufeely.com\\\/fr\\\/#website\",\"url\":\"https:\\\/\\\/chateaufeely.com\\\/fr\\\/\",\"name\":\"Ch\u00e2teau Feely organic wine, tours, accommodation\",\"description\":\"Biodynamic and natural wine, tours and wine school, ecological luxury lodge\",\"publisher\":{\"@id\":\"https:\\\/\\\/chateaufeely.com\\\/fr\\\/#organization\"},\"potentialAction\":[{\"@type\":\"SearchAction\",\"target\":{\"@type\":\"EntryPoint\",\"urlTemplate\":\"https:\\\/\\\/chateaufeely.com\\\/fr\\\/?s={search_term_string}\"},\"query-input\":{\"@type\":\"PropertyValueSpecification\",\"valueRequired\":true,\"valueName\":\"search_term_string\"}}],\"inLanguage\":\"fr-FR\"},{\"@type\":\"Organization\",\"@id\":\"https:\\\/\\\/chateaufeely.com\\\/fr\\\/#organization\",\"name\":\"Ch\u00e2teau Feely organic wine, tours, accommodation\",\"url\":\"https:\\\/\\\/chateaufeely.com\\\/fr\\\/\",\"logo\":{\"@type\":\"ImageObject\",\"inLanguage\":\"fr-FR\",\"@id\":\"https:\\\/\\\/chateaufeely.com\\\/fr\\\/#\\\/schema\\\/logo\\\/image\\\/\",\"url\":\"https:\\\/\\\/chateaufeely.com\\\/wp-content\\\/uploads\\\/2016\\\/05\\\/logo-vertical-v2-250.png\",\"contentUrl\":\"https:\\\/\\\/chateaufeely.com\\\/wp-content\\\/uploads\\\/2016\\\/05\\\/logo-vertical-v2-250.png\",\"width\":250,\"height\":312,\"caption\":\"Ch\u00e2teau Feely organic wine, tours, accommodation\"},\"image\":{\"@id\":\"https:\\\/\\\/chateaufeely.com\\\/fr\\\/#\\\/schema\\\/logo\\\/image\\\/\"},\"sameAs\":[\"https:\\\/\\\/www.facebook.com\\\/ChateauFeely\\\/\",\"https:\\\/\\\/www.instagram.com\\\/chateaufeely\\\/\"]}]}<\/script>\n<!-- \/ Yoast SEO plugin. -->","yoast_head_json":{"title":"Parcours Bio et Biodynamique Chateau Feely entre Bergerac et Bordeaux","description":"D\u00e9couvrir le parcours Bio et Biodynamique, un parcours pedagogique et ludique de Chateau Feely vignoble bio, biodynamique et nature.","robots":{"index":"index","follow":"follow","max-snippet":"max-snippet:-1","max-image-preview":"max-image-preview:large","max-video-preview":"max-video-preview:-1"},"canonical":"https:\/\/chateaufeely.com\/fr\/visites\/parcours-bio-et-biodynamique\/","og_locale":"fr_FR","og_type":"article","og_title":"Parcours Bio et Biodynamique Chateau Feely entre Bergerac et Bordeaux","og_description":"D\u00e9couvrir le parcours Bio et Biodynamique, un parcours pedagogique et ludique de Chateau Feely vignoble bio, biodynamique et nature.","og_url":"https:\/\/chateaufeely.com\/fr\/visites\/parcours-bio-et-biodynamique\/","og_site_name":"Ch\u00e2teau Feely organic wine, tours, accommodation","article_publisher":"https:\/\/www.facebook.com\/ChateauFeely\/","article_modified_time":"2023-06-04T14:58:37+00:00","twitter_card":"summary_large_image","twitter_misc":{"Dur\u00e9e de lecture estim\u00e9e":"3 minutes"},"schema":{"@context":"https:\/\/schema.org","@graph":[{"@type":"WebPage","@id":"https:\/\/chateaufeely.com\/fr\/visites\/parcours-bio-et-biodynamique\/","url":"https:\/\/chateaufeely.com\/fr\/visites\/parcours-bio-et-biodynamique\/","name":"Parcours Bio et Biodynamique Chateau Feely entre Bergerac et Bordeaux","isPartOf":{"@id":"https:\/\/chateaufeely.com\/fr\/#website"},"datePublished":"2019-01-08T14:14:07+00:00","dateModified":"2023-06-04T14:58:37+00:00","description":"D\u00e9couvrir le parcours Bio et Biodynamique, un parcours pedagogique et ludique de Chateau Feely vignoble bio, biodynamique et nature.","breadcrumb":{"@id":"https:\/\/chateaufeely.com\/fr\/visites\/parcours-bio-et-biodynamique\/#breadcrumb"},"inLanguage":"fr-FR","potentialAction":[{"@type":"ReadAction","target":["https:\/\/chateaufeely.com\/fr\/visites\/parcours-bio-et-biodynamique\/"]}]},{"@type":"BreadcrumbList","@id":"https:\/\/chateaufeely.com\/fr\/visites\/parcours-bio-et-biodynamique\/#breadcrumb","itemListElement":[{"@type":"ListItem","position":1,"name":"Accueil","item":"https:\/\/chateaufeely.com\/fr\/"},{"@type":"ListItem","position":2,"name":"Visites","item":"https:\/\/chateaufeely.com\/fr\/visits\/"},{"@type":"ListItem","position":3,"name":"Parcours Bio et Biodynamique \u00e0 Ch\u00e2teau Feely"}]},{"@type":"WebSite","@id":"https:\/\/chateaufeely.com\/fr\/#website","url":"https:\/\/chateaufeely.com\/fr\/","name":"Ch\u00e2teau Feely organic wine, tours, accommodation","description":"Biodynamic and natural wine, tours and wine school, ecological luxury lodge","publisher":{"@id":"https:\/\/chateaufeely.com\/fr\/#organization"},"potentialAction":[{"@type":"SearchAction","target":{"@type":"EntryPoint","urlTemplate":"https:\/\/chateaufeely.com\/fr\/?s={search_term_string}"},"query-input":{"@type":"PropertyValueSpecification","valueRequired":true,"valueName":"search_term_string"}}],"inLanguage":"fr-FR"},{"@type":"Organization","@id":"https:\/\/chateaufeely.com\/fr\/#organization","name":"Ch\u00e2teau Feely organic wine, tours, accommodation","url":"https:\/\/chateaufeely.com\/fr\/","logo":{"@type":"ImageObject","inLanguage":"fr-FR","@id":"https:\/\/chateaufeely.com\/fr\/#\/schema\/logo\/image\/","url":"https:\/\/chateaufeely.com\/wp-content\/uploads\/2016\/05\/logo-vertical-v2-250.png","contentUrl":"https:\/\/chateaufeely.com\/wp-content\/uploads\/2016\/05\/logo-vertical-v2-250.png","width":250,"height":312,"caption":"Ch\u00e2teau Feely organic wine, tours, accommodation"},"image":{"@id":"https:\/\/chateaufeely.com\/fr\/#\/schema\/logo\/image\/"},"sameAs":["https:\/\/www.facebook.com\/ChateauFeely\/","https:\/\/www.instagram.com\/chateaufeely\/"]}]}},"_links":{"self":[{"href":"https:\/\/chateaufeely.com\/fr\/wp-json\/wp\/v2\/pages\/4324","targetHints":{"allow":["GET"]}}],"collection":[{"href":"https:\/\/chateaufeely.com\/fr\/wp-json\/wp\/v2\/pages"}],"about":[{"href":"https:\/\/chateaufeely.com\/fr\/wp-json\/wp\/v2\/types\/page"}],"author":[{"embeddable":true,"href":"https:\/\/chateaufeely.com\/fr\/wp-json\/wp\/v2\/users\/2"}],"replies":[{"embeddable":true,"href":"https:\/\/chateaufeely.com\/fr\/wp-json\/wp\/v2\/comments?post=4324"}],"version-history":[{"count":0,"href":"https:\/\/chateaufeely.com\/fr\/wp-json\/wp\/v2\/pages\/4324\/revisions"}],"up":[{"embeddable":true,"href":"https:\/\/chateaufeely.com\/fr\/wp-json\/wp\/v2\/pages\/251"}],"wp:attachment":[{"href":"https:\/\/chateaufeely.com\/fr\/wp-json\/wp\/v2\/media?parent=4324"}],"curies":[{"name":"wp","href":"https:\/\/api.w.org\/{rel}","templated":true}]}}