{"id":4333,"date":"2019-05-02T16:15:24","date_gmt":"2019-05-02T15:15:24","guid":{"rendered":"https:\/\/chateaufeely.com\/visites\/organic-and-biodynamic-trail\/make-a-difference\/"},"modified":"2021-05-28T11:23:39","modified_gmt":"2021-05-28T10:23:39","slug":"make-a-difference","status":"publish","type":"page","link":"https:\/\/chateaufeely.com\/fr\/visites\/parcours-bio-et-biodynamique\/make-a-difference\/","title":{"rendered":"Les actions men\u00e9es pour l&rsquo;environnement"},"content":{"rendered":"[vc_row fullwidth=\u00a0\u00bbtrue\u00a0\u00bb][vc_column width=\u00a0\u00bb1\/2&Prime;][mk_image_slideshow images=\u00a0\u00bb3830,2375,2373&Prime; image_width=\u00a0\u00bb1000&Prime; image_height=\u00a0\u00bb1000&Prime; margin_top=\u00a0\u00bb100&Prime; slideshow_speed=\u00a0\u00bb3000&Prime;][\/vc_column][vc_column width=\u00a0\u00bb1\/2&Prime; css=\u00a0\u00bb.vc_custom_1464158896445{padding-left: 15px !important;}\u00a0\u00bb][vc_column_text css=\u00a0\u00bb.vc_custom_1582982604435{margin-bottom: 0px !important;}\u00a0\u00bb]\n<h4 style=\"text-align: center;\">PARCOURS BIO ET BIODYNAMIQUE \u00e0 CH\u00c2teau FEELY<\/h4>\n[\/vc_column_text][vc_column_text css=\u00a0\u00bb.vc_custom_1583231455968{margin-bottom: 0px !important;}\u00a0\u00bb]\n<h1><\/h1>\n<h1><\/h1>\n<h1 style=\"text-align: center;\">POD 8: Que pouvons nous faire pour l&rsquo;environnement?<\/h1>\n<p>&nbsp;<\/p>\n<p>Chaque geste \u00e9cologique que chacun d&rsquo;entre nous effectue fait une diff\u00e9rence. Nous faisons une diff\u00e9rence dans le monde par la fa\u00e7on dont nous utilisons notre \u00e9nergie humaine (dans les actions que nous entreprenons) et par la fa\u00e7on dont nous d\u00e9pensons notre argent.<\/p>\n<p>Le WWF (Fonds mondial pour la nature) affirme que les deux domaines dans lesquels nous pouvons avoir le plus d&rsquo;impact sont: la consommation d&rsquo;\u00e9nergie (\u00e9lectricit\u00e9\/carburant) et l&rsquo;alimentation (et les boissons). Vous pouvez trouver en ligne des calculateurs d&#8217;empreinte mondiale qui vous aident \u00e0 comprendre votre impact individuel, comme le calculateur d&rsquo;impact mondial de WWF.<\/p>\n<p>En tant qu&rsquo;entreprise, nous sommes responsables de ce que nous faisons \u00e0 notre environnement, pour nous-m\u00eames, nos employ\u00e9s et nos voisins. En tant qu&rsquo;agriculteurs, c&rsquo;est peut-\u00eatre d&rsquo;autant plus grave que nous affectons la vie des gens par ce que nous faisons \u00e0 leurs sources d&rsquo;eau, \u00e0 l&rsquo;air, \u00e0 la nourriture et par cons\u00e9quent \u00e0 leur sant\u00e9. Nous sommes toujours \u00e0 la recherche de moyens de nous am\u00e9liorer.<\/p>\n<p>Ci-dessous, nous avons \u00e9num\u00e9r\u00e9 quelques-unes des actions que nous avons prises. Nous aimerions conna\u00eetre aussi vos suggestions ![\/vc_column_text][\/vc_column][\/vc_row][vc_row][vc_column][vc_empty_space height=\u00a0\u00bb20px\u00a0\u00bb][\/vc_column][\/vc_row][vc_row][vc_column][vc_text_separator title=\u00a0\u00bbActions qui feront une diff\u00e9rence\u00a0\u00bb color=\u00a0\u00bbchino\u00a0\u00bb border_width=\u00a0\u00bb4&Prime; css=\u00a0\u00bb.vc_custom_1565420538532{border-radius: 1px !important;}\u00a0\u00bb][\/vc_column][\/vc_row][vc_row][vc_column][vc_column_text css=\u00a0\u00bb.vc_custom_1622197133686{margin-bottom: 0px !important;}\u00a0\u00bb]\n<h3 style=\"text-align: center;\"><span style=\"color: #000000;\">Que faisons-nous aujourd&rsquo;hui? Avez-vous des id\u00e9es \u00e0 nous soumettre?<\/span><\/h3>\n<p>Voici une liste de huit actions que nous faisons pour r\u00e9duire notre empreinte \u00e9cologique en tant qu&rsquo;entreprise et en tant que foyer.<\/p>\n<p>1- Sean cultive des centaines de kilogrammes de l\u00e9gumes et de fruits sur la parcelle de l\u00e9gumes d&rsquo;environ 10*10 m\u00e8tres du Ch\u00e2teau Feely. C&rsquo;est incroyable ce qu&rsquo;il produit sur une petite surface. Cultiver quelque chose de bio, m\u00eame de simples herbes sur un balcon, fait une diff\u00e9rence.<\/p>\n<p>2- Au Ch\u00e2teau Feely, la nourriture que nous servons est bio et m\u00eame les draps et les serviettes sont bio. Nous savons \u00e0 quel point il est important de choisir des produits certifi\u00e9s bio, de l&rsquo;alimentation au coton, pour notre sant\u00e9, la sant\u00e9 de l&rsquo;agriculteur et l&rsquo;environnement.<\/p>\n<p>3- La plupart de la nourriture servie au Ch\u00e2teau Feely est locale et vous ne pouvez pas obtenir plus local que le vin que vous buvez quand vous visitez ou s\u00e9journez ici. Manger des aliments locaux et saisonniers nous aide \u00e0 r\u00e9duire le nombre de kilom\u00e8tres parcourus.<\/p>\n<p>4- Nous suivons les 5 R pour les d\u00e9chets: <em>Refuser, R\u00e9duire les d\u00e9chets , R\u00e9utiliser, R\u00e9parer, Recycler.<\/em><\/p>\n<p>Nous collectons et r\u00e9utilisons nos cartons vides dans les restaurants locaux quand on fait les livraisons. Quand les cartons sont trop us\u00e9s pour \u00eatre r\u00e9utilis\u00e9s, nous les utilisons dans le potager. Nous compostons tous nos d\u00e9chets vivants et cela devient un engrais pour le jardin. Nous disons non aux emballages inutiles et demandons \u00e0 nos fournisseurs de passer \u00e0 des solutions plus \u00e9cologiques. Ca se fait par nos demandes. Par exemple &#8211; en 2020 notre imprimeur d&rsquo;\u00e9tiquettes a pu fourni un papier 100% recycl\u00e9 pour nos \u00e9tiquettes suite a des annees de demande de notre part.<\/p>\n<p>5- Ch\u00e2teau Feely offre la possibilit\u00e9 de venir et de revenir \u00e0 la gare de Gardonne, pour des visites d&rsquo;une demi-journ\u00e9e ou d&rsquo;une journ\u00e9e, pour des excursions de plusieurs jours et pour des r\u00e9servations hebdomadaires de g\u00eetes afin que les clients puissent faire du v\u00e9lo, marcher et prendre les transports publics au lieu de prendre une voiture.<\/p>\n<p>6- Nous utilisons un fournisseur d&rsquo;\u00e9nergie verte qui s&rsquo;assure que 100 % de notre \u00e9nergie provient de sources d&rsquo;\u00e9nergie renouvelables. Les piquets de palissage endommag\u00e9s dans le vignoble sont r\u00e9utilis\u00e9s pour les feux qui fournissent notre chaleur hivernale. Nous r\u00e9duisons la consommation d&rsquo;\u00e9lectricit\u00e9 en \u00e9teignant les lumi\u00e8res, en ajustant les v\u00eatements en fonction de la saison.<\/p>\n<p>7- Nous \u00e9conomisons l&rsquo;eau de pluie recueillie sur les toits de la propri\u00e9t\u00e9 pour arroser le jardin et pour faire nos pr\u00e9parations et th\u00e9s.<\/p>\n<p>8- Un nouveau d\u00e9bat pour nous est celui de notre consommation num\u00e9rique. Les activit\u00e9s num\u00e9riques repr\u00e9sentent une part croissante de la consommation d&rsquo;\u00e9nergie et sont estim\u00e9es aujourd&rsquo;hui \u00e0 pr\u00e8s de 10% de la consommation totale d&rsquo;\u00e9nergie. Mais nous devons rester \u00e0 jour et offrir des vid\u00e9os, des messages r\u00e9guliers sur les m\u00e9dias sociaux et un site Web vivant afin de trouver un \u00e9quilibre. Nous utilisons une nouvelle technologie de compression sur notre site Web pour aider \u00e0 diminuer ce ph\u00e9nom\u00e8ne.<\/p>\n<p>Nous trouvons que nos humeurs s&rsquo;am\u00e9liorent en \u00e9tant dehors et dans la nature, une promenade \u00e0 l&rsquo;ext\u00e9rieur nous donne de la vitamine D et des endorphines. Si vous le lisez en ligne, nous vous invitons \u00e0 visiter le Ch\u00e2teau Feely pour vous promener dans les vignobles et sur le nouveau sentier de la biodynamie biologique. Nous serions ravis de vous voir ici !<\/p>\n<p style=\"text-align: center;\">Avez-vous des id\u00e9es \u00e0 nous partager ? Nous aimerions avoir de vos nouvelles. Rejoignez-nous sur facebook \u00e0 <a href=\"http:\/\/www.facebook.com\/chateaufeely\" target=\"_blank\" rel=\"noopener\">www.facebook.com\/chateaufeely<\/a>, et <a href=\"http:\/\/www.instagram.com\/chateaufeely\" target=\"_blank\" rel=\"noopener\">www.instagram.com\/chateaufeely<\/a>\u00a0 pour que nous puissions les partager.<\/p>\n[\/vc_column_text][\/vc_column][\/vc_row][vc_row][vc_column][vc_text_separator title=\u00a0\u00bbConclusion : Actions pour l&rsquo;environnement\u00a0\u00bb border_width=\u00a0\u00bb4&Prime;][\/vc_column][\/vc_row][vc_row fullwidth=\u00a0\u00bbtrue\u00a0\u00bb fullwidth_content=\u00a0\u00bbfalse\u00a0\u00bb][vc_column width=\u00a0\u00bb1\/2&Prime;][mk_image_slideshow images=\u00a0\u00bb2364,1778,1748&Prime; image_width=\u00a0\u00bb1000&Prime; image_height=\u00a0\u00bb632&Prime; margin_top=\u00a0\u00bb39&Prime; slideshow_speed=\u00a0\u00bb3000&Prime;][\/vc_column][vc_column width=\u00a0\u00bb1\/2&Prime; css=\u00a0\u00bb.vc_custom_1464158896445{padding-left: 15px !important;}\u00a0\u00bb][vc_column_text css=\u00a0\u00bb.vc_custom_1622197274389{margin-bottom: 0px !important;}\u00a0\u00bb]\n<h1><\/h1>\n<p>Chaque geste que nous faisons pour prendre soin de nous-m\u00eames et de notre plan\u00e8te fait une diff\u00e9rence. Il est facile de se laisser submerger par les d\u00e9fis impos\u00e9s par la crise climatique, l&rsquo;agriculture chimique et l&rsquo;extinction massive de la plan\u00e8te, mais nous pouvons, nous aussi \u00e0 notre petite \u00e9chelle faire la diff\u00e9rence.<\/p>\n<p>Si nous agissons tous ensemble, nous pouvons faire encore plus de diff\u00e9rence. Nous esp\u00e9rons que ce parcours vous a donn\u00e9 mati\u00e8re \u00e0 r\u00e9flexion.<\/p>\n<p>Est-ce que cette piste a remis en question votre raisonnement ? Vous a donn\u00e9 des id\u00e9es sur la fa\u00e7on dont vous pouvez agir ? Ou comment pouvons-nous agir ?<\/p>\n<p>Nous serions ravis de conna\u00eetre vos id\u00e9es. Faites-nous part de vos id\u00e9es via notre<a href=\"https:\/\/chateaufeely.com\/fr\/contact\/\"> formulaire de contact<\/a> ou via <a href=\"https:\/\/www.facebook.com\/ChateauFeely\" target=\"_blank\" rel=\"noopener noreferrer\">facebook<\/a> ou <a href=\"https:\/\/www.instagram.com\/chateaufeely\/\" target=\"_blank\" rel=\"noopener noreferrer\">instagram<\/a> .[\/vc_column_text][\/vc_column][\/vc_row][vc_row][vc_column][vc_column_text css=\u00a0\u00bb.vc_custom_1622197413124{margin-bottom: 0px !important;}\u00a0\u00bb]Si vous \u00eates arriv\u00e9 sur cette page, vous pouvez reprendre au<strong> <a href=\"https:\/\/chateaufeely.com\/fr\/visites\/parcours-bio-et-biodynamique\/\">d\u00e9but du parcours bio et biodynamique en ligne<\/a>.\u00a0<\/strong> Nous vous invitons \u00e0 venir en apprendre davantage en <a href=\"https:\/\/chateaufeely.com\/fr\/visites\/\" target=\"_blank\" rel=\"noopener noreferrer\">visitant Ch\u00e2teau Feely<\/a> dans le Sud-Ouest de la France, \u00e0 <a href=\"https:\/\/chateaufeely.com\/fr\/presentation-gites\/\" target=\"_blank\" rel=\"noopener noreferrer\">s\u00e9journer chez nous, <\/a>\u00e0 suivre un cours de plusieurs jours ou participer \u00e0 l&rsquo;une de nos excursions.<\/p>\n<p>&nbsp;<\/p>\n<p><strong>Rejoignez notre liste de diffusion pour recevoir <a href=\"https:\/\/chateaufeely.com\/sign-up-newsletter\/\">notre newsletter saisonni\u00e8re, nos \u00e9v\u00e9nements, accords met et vins, recettes et encore plus d\u2019infos<\/a> .<\/strong>[\/vc_column_text][vc_separator color=\u00a0\u00bbchino\u00a0\u00bb border_width=\u00a0\u00bb4&Prime;][\/vc_column][\/vc_row][vc_row][vc_column][\/vc_column][\/vc_row]\n","protected":false},"excerpt":{"rendered":"<p>[vc_row fullwidth=\u00a0\u00bbtrue\u00a0\u00bb][vc_column width=\u00a0\u00bb1\/2&Prime;][mk_image_slideshow images=\u00a0\u00bb3830,2375,2373&Prime; image_width=\u00a0\u00bb1000&Prime; image_height=\u00a0\u00bb1000&Prime; margin_top=\u00a0\u00bb100&Prime; slideshow_speed=\u00a0\u00bb3000&Prime;][\/vc_column][vc_column width=\u00a0\u00bb1\/2&Prime; css=\u00a0\u00bb.vc_custom_1464158896445{padding-left: 15px !important;}\u00a0\u00bb][vc_column_text css=\u00a0\u00bb.vc_custom_1582982604435{margin-bottom: 0px !important;}\u00a0\u00bb] PARCOURS BIO ET BIODYNAMIQUE \u00e0 CH\u00c2teau FEELY [\/vc_column_text][vc_column_text css=\u00a0\u00bb.vc_custom_1583231455968{margin-bottom: 0px !important;}\u00a0\u00bb] POD 8: Que pouvons nous faire pour l&rsquo;environnement? &nbsp; Chaque geste \u00e9cologique que chacun d&rsquo;entre nous effectue fait une diff\u00e9rence. Nous faisons une diff\u00e9rence dans le monde par la [&hellip;]<\/p>\n","protected":false},"author":2,"featured_media":0,"parent":4324,"menu_order":0,"comment_status":"closed","ping_status":"closed","template":"","meta":{"_exactmetrics_skip_tracking":false,"_exactmetrics_sitenote_active":false,"_exactmetrics_sitenote_note":"","_exactmetrics_sitenote_category":0,"footnotes":""},"class_list":["post-4333","page","type-page","status-publish","hentry"],"yoast_head":"<!-- This site is optimized with the Yoast SEO plugin v27.0 - https:\/\/yoast.com\/product\/yoast-seo-wordpress\/ -->\n<title>Organic Biodynamic Trail at Feely estate near Bergerac &amp; Bordeaux<\/title>\n<meta name=\"description\" content=\"Organic and biodynamic education trail at Feely organic and biodynamic vineyard one hour from Bordeaux and 15 minutes from Bergerac\" \/>\n<meta name=\"robots\" content=\"index, follow, max-snippet:-1, max-image-preview:large, max-video-preview:-1\" \/>\n<link rel=\"canonical\" href=\"https:\/\/chateaufeely.com\/fr\/visites\/parcours-bio-et-biodynamique\/make-a-difference\/\" \/>\n<meta property=\"og:locale\" content=\"fr_FR\" \/>\n<meta property=\"og:type\" content=\"article\" \/>\n<meta property=\"og:title\" content=\"Organic Biodynamic Trail at Feely estate near Bergerac &amp; Bordeaux\" \/>\n<meta property=\"og:description\" content=\"Organic and biodynamic education trail at Feely organic and biodynamic vineyard one hour from Bordeaux and 15 minutes from Bergerac\" \/>\n<meta property=\"og:url\" content=\"https:\/\/chateaufeely.com\/fr\/visites\/parcours-bio-et-biodynamique\/make-a-difference\/\" \/>\n<meta property=\"og:site_name\" content=\"Ch\u00e2teau Feely organic wine, tours, accommodation\" \/>\n<meta property=\"article:publisher\" content=\"https:\/\/www.facebook.com\/ChateauFeely\/\" \/>\n<meta property=\"article:modified_time\" content=\"2021-05-28T10:23:39+00:00\" \/>\n<meta name=\"twitter:card\" content=\"summary_large_image\" \/>\n<meta name=\"twitter:label1\" content=\"Dur\u00e9e de lecture estim\u00e9e\" \/>\n\t<meta name=\"twitter:data1\" content=\"5 minutes\" \/>\n<script type=\"application\/ld+json\" class=\"yoast-schema-graph\">{\"@context\":\"https:\/\/schema.org\",\"@graph\":[{\"@type\":\"WebPage\",\"@id\":\"https:\/\/chateaufeely.com\/fr\/visites\/parcours-bio-et-biodynamique\/make-a-difference\/\",\"url\":\"https:\/\/chateaufeely.com\/fr\/visites\/parcours-bio-et-biodynamique\/make-a-difference\/\",\"name\":\"Organic Biodynamic Trail at Feely estate near Bergerac & Bordeaux\",\"isPartOf\":{\"@id\":\"https:\/\/chateaufeely.com\/fr\/#website\"},\"datePublished\":\"2019-05-02T15:15:24+00:00\",\"dateModified\":\"2021-05-28T10:23:39+00:00\",\"description\":\"Organic and biodynamic education trail at Feely organic and biodynamic vineyard one hour from Bordeaux and 15 minutes from Bergerac\",\"breadcrumb\":{\"@id\":\"https:\/\/chateaufeely.com\/fr\/visites\/parcours-bio-et-biodynamique\/make-a-difference\/#breadcrumb\"},\"inLanguage\":\"fr-FR\",\"potentialAction\":[{\"@type\":\"ReadAction\",\"target\":[\"https:\/\/chateaufeely.com\/fr\/visites\/parcours-bio-et-biodynamique\/make-a-difference\/\"]}]},{\"@type\":\"BreadcrumbList\",\"@id\":\"https:\/\/chateaufeely.com\/fr\/visites\/parcours-bio-et-biodynamique\/make-a-difference\/#breadcrumb\",\"itemListElement\":[{\"@type\":\"ListItem\",\"position\":1,\"name\":\"Accueil\",\"item\":\"https:\/\/chateaufeely.com\/fr\/\"},{\"@type\":\"ListItem\",\"position\":2,\"name\":\"Visites\",\"item\":\"https:\/\/chateaufeely.com\/fr\/visits\/\"},{\"@type\":\"ListItem\",\"position\":3,\"name\":\"Parcours Bio et Biodynamique \u00e0 Ch\u00e2teau Feely\",\"item\":\"https:\/\/chateaufeely.com\/fr\/visits\/organic-and-biodynamic-trail\/\"},{\"@type\":\"ListItem\",\"position\":4,\"name\":\"Les actions men\u00e9es pour l&rsquo;environnement\"}]},{\"@type\":\"WebSite\",\"@id\":\"https:\/\/chateaufeely.com\/fr\/#website\",\"url\":\"https:\/\/chateaufeely.com\/fr\/\",\"name\":\"Ch\u00e2teau Feely organic wine, tours, accommodation\",\"description\":\"Biodynamic and natural wine, tours and wine school, ecological luxury lodge\",\"publisher\":{\"@id\":\"https:\/\/chateaufeely.com\/fr\/#organization\"},\"potentialAction\":[{\"@type\":\"SearchAction\",\"target\":{\"@type\":\"EntryPoint\",\"urlTemplate\":\"https:\/\/chateaufeely.com\/fr\/?s={search_term_string}\"},\"query-input\":{\"@type\":\"PropertyValueSpecification\",\"valueRequired\":true,\"valueName\":\"search_term_string\"}}],\"inLanguage\":\"fr-FR\"},{\"@type\":\"Organization\",\"@id\":\"https:\/\/chateaufeely.com\/fr\/#organization\",\"name\":\"Ch\u00e2teau Feely organic wine, tours, accommodation\",\"url\":\"https:\/\/chateaufeely.com\/fr\/\",\"logo\":{\"@type\":\"ImageObject\",\"inLanguage\":\"fr-FR\",\"@id\":\"https:\/\/chateaufeely.com\/fr\/#\/schema\/logo\/image\/\",\"url\":\"https:\/\/chateaufeely.com\/wp-content\/uploads\/2016\/05\/logo-vertical-v2-250.png\",\"contentUrl\":\"https:\/\/chateaufeely.com\/wp-content\/uploads\/2016\/05\/logo-vertical-v2-250.png\",\"width\":250,\"height\":312,\"caption\":\"Ch\u00e2teau Feely organic wine, tours, accommodation\"},\"image\":{\"@id\":\"https:\/\/chateaufeely.com\/fr\/#\/schema\/logo\/image\/\"},\"sameAs\":[\"https:\/\/www.facebook.com\/ChateauFeely\/\",\"https:\/\/www.instagram.com\/chateaufeely\/\"]}]}<\/script>\n<!-- \/ Yoast SEO plugin. -->","yoast_head_json":{"title":"Organic Biodynamic Trail at Feely estate near Bergerac & Bordeaux","description":"Organic and biodynamic education trail at Feely organic and biodynamic vineyard one hour from Bordeaux and 15 minutes from Bergerac","robots":{"index":"index","follow":"follow","max-snippet":"max-snippet:-1","max-image-preview":"max-image-preview:large","max-video-preview":"max-video-preview:-1"},"canonical":"https:\/\/chateaufeely.com\/fr\/visites\/parcours-bio-et-biodynamique\/make-a-difference\/","og_locale":"fr_FR","og_type":"article","og_title":"Organic Biodynamic Trail at Feely estate near Bergerac & Bordeaux","og_description":"Organic and biodynamic education trail at Feely organic and biodynamic vineyard one hour from Bordeaux and 15 minutes from Bergerac","og_url":"https:\/\/chateaufeely.com\/fr\/visites\/parcours-bio-et-biodynamique\/make-a-difference\/","og_site_name":"Ch\u00e2teau Feely organic wine, tours, accommodation","article_publisher":"https:\/\/www.facebook.com\/ChateauFeely\/","article_modified_time":"2021-05-28T10:23:39+00:00","twitter_card":"summary_large_image","twitter_misc":{"Dur\u00e9e de lecture estim\u00e9e":"5 minutes"},"schema":{"@context":"https:\/\/schema.org","@graph":[{"@type":"WebPage","@id":"https:\/\/chateaufeely.com\/fr\/visites\/parcours-bio-et-biodynamique\/make-a-difference\/","url":"https:\/\/chateaufeely.com\/fr\/visites\/parcours-bio-et-biodynamique\/make-a-difference\/","name":"Organic Biodynamic Trail at Feely estate near Bergerac & Bordeaux","isPartOf":{"@id":"https:\/\/chateaufeely.com\/fr\/#website"},"datePublished":"2019-05-02T15:15:24+00:00","dateModified":"2021-05-28T10:23:39+00:00","description":"Organic and biodynamic education trail at Feely organic and biodynamic vineyard one hour from Bordeaux and 15 minutes from Bergerac","breadcrumb":{"@id":"https:\/\/chateaufeely.com\/fr\/visites\/parcours-bio-et-biodynamique\/make-a-difference\/#breadcrumb"},"inLanguage":"fr-FR","potentialAction":[{"@type":"ReadAction","target":["https:\/\/chateaufeely.com\/fr\/visites\/parcours-bio-et-biodynamique\/make-a-difference\/"]}]},{"@type":"BreadcrumbList","@id":"https:\/\/chateaufeely.com\/fr\/visites\/parcours-bio-et-biodynamique\/make-a-difference\/#breadcrumb","itemListElement":[{"@type":"ListItem","position":1,"name":"Accueil","item":"https:\/\/chateaufeely.com\/fr\/"},{"@type":"ListItem","position":2,"name":"Visites","item":"https:\/\/chateaufeely.com\/fr\/visits\/"},{"@type":"ListItem","position":3,"name":"Parcours Bio et Biodynamique \u00e0 Ch\u00e2teau Feely","item":"https:\/\/chateaufeely.com\/fr\/visits\/organic-and-biodynamic-trail\/"},{"@type":"ListItem","position":4,"name":"Les actions men\u00e9es pour l&rsquo;environnement"}]},{"@type":"WebSite","@id":"https:\/\/chateaufeely.com\/fr\/#website","url":"https:\/\/chateaufeely.com\/fr\/","name":"Ch\u00e2teau Feely organic wine, tours, accommodation","description":"Biodynamic and natural wine, tours and wine school, ecological luxury lodge","publisher":{"@id":"https:\/\/chateaufeely.com\/fr\/#organization"},"potentialAction":[{"@type":"SearchAction","target":{"@type":"EntryPoint","urlTemplate":"https:\/\/chateaufeely.com\/fr\/?s={search_term_string}"},"query-input":{"@type":"PropertyValueSpecification","valueRequired":true,"valueName":"search_term_string"}}],"inLanguage":"fr-FR"},{"@type":"Organization","@id":"https:\/\/chateaufeely.com\/fr\/#organization","name":"Ch\u00e2teau Feely organic wine, tours, accommodation","url":"https:\/\/chateaufeely.com\/fr\/","logo":{"@type":"ImageObject","inLanguage":"fr-FR","@id":"https:\/\/chateaufeely.com\/fr\/#\/schema\/logo\/image\/","url":"https:\/\/chateaufeely.com\/wp-content\/uploads\/2016\/05\/logo-vertical-v2-250.png","contentUrl":"https:\/\/chateaufeely.com\/wp-content\/uploads\/2016\/05\/logo-vertical-v2-250.png","width":250,"height":312,"caption":"Ch\u00e2teau Feely organic wine, tours, accommodation"},"image":{"@id":"https:\/\/chateaufeely.com\/fr\/#\/schema\/logo\/image\/"},"sameAs":["https:\/\/www.facebook.com\/ChateauFeely\/","https:\/\/www.instagram.com\/chateaufeely\/"]}]}},"_links":{"self":[{"href":"https:\/\/chateaufeely.com\/fr\/wp-json\/wp\/v2\/pages\/4333","targetHints":{"allow":["GET"]}}],"collection":[{"href":"https:\/\/chateaufeely.com\/fr\/wp-json\/wp\/v2\/pages"}],"about":[{"href":"https:\/\/chateaufeely.com\/fr\/wp-json\/wp\/v2\/types\/page"}],"author":[{"embeddable":true,"href":"https:\/\/chateaufeely.com\/fr\/wp-json\/wp\/v2\/users\/2"}],"replies":[{"embeddable":true,"href":"https:\/\/chateaufeely.com\/fr\/wp-json\/wp\/v2\/comments?post=4333"}],"version-history":[{"count":0,"href":"https:\/\/chateaufeely.com\/fr\/wp-json\/wp\/v2\/pages\/4333\/revisions"}],"up":[{"embeddable":true,"href":"https:\/\/chateaufeely.com\/fr\/wp-json\/wp\/v2\/pages\/4324"}],"wp:attachment":[{"href":"https:\/\/chateaufeely.com\/fr\/wp-json\/wp\/v2\/media?parent=4333"}],"curies":[{"name":"wp","href":"https:\/\/api.w.org\/{rel}","templated":true}]}}