{"id":4335,"date":"2019-04-26T13:13:05","date_gmt":"2019-04-26T12:13:05","guid":{"rendered":"https:\/\/chateaufeely.com\/visites\/organic-and-biodynamic-trail\/what-is-biodynamics\/"},"modified":"2020-03-03T11:14:01","modified_gmt":"2020-03-03T10:14:01","slug":"what-is-biodynamics","status":"publish","type":"page","link":"https:\/\/chateaufeely.com\/fr\/visites\/parcours-bio-et-biodynamique\/what-is-biodynamics\/","title":{"rendered":"Qu&rsquo;est-ce que la biodynamie?"},"content":{"rendered":"[vc_row][vc_column width=\u00a0\u00bb3\/4&Prime;][\/vc_column][\/vc_row][vc_row fullwidth=\u00a0\u00bbtrue\u00a0\u00bb][vc_column width=\u00a0\u00bb1\/2&Prime;][mk_image_slideshow images=\u00a0\u00bb3466,2049&Prime; image_width=\u00a0\u00bb1000&Prime; image_height=\u00a0\u00bb743&Prime; margin_top=\u00a0\u00bb98&Prime; slideshow_speed=\u00a0\u00bb3000&Prime;][\/vc_column][vc_column width=\u00a0\u00bb1\/2&Prime; css=\u00a0\u00bb.vc_custom_1464158896445{padding-left: 15px !important;}\u00a0\u00bb][vc_column_text css=\u00a0\u00bb.vc_custom_1582968254785{margin-bottom: 0px !important;}\u00a0\u00bb]\n<h4 style=\"text-align: center;\">Parcours BIO et BIODYNAMIQUE \u00e0 CH\u00c2TEAU FEELY<\/h4>\n[\/vc_column_text][vc_column_text css=\u00a0\u00bb.vc_custom_1583230205329{margin-bottom: 0px !important;}\u00a0\u00bb]\n<h1><\/h1>\n<h1><\/h1>\n<h1 style=\"text-align: center;\">POD 4: Qu&rsquo;est ce que l&rsquo;agriculture biodynamique?<\/h1>\n<p>&nbsp;<\/p>\n<p><strong>La biodynamie est une forme d&rsquo;agriculture qui s&rsquo;apparente \u00e0 du \u00ab\u00a0bio +\u00a0\u00bb. <\/strong><\/p>\n<p>Une ferme doit d\u00e9j\u00e0 \u00eatre certifi\u00e9e biologique pour passer \u00e0 la biodynamie. L&rsquo;agriculture et la vinification biodynamiques sont plus strictes que l&rsquo;agriculture et la vinification biologiques.<\/p>\n<p>La biodynamie va au-del\u00e0 des r\u00e8gles quantifiables. C&rsquo;est une philosophie, un mode d&rsquo;agriculture qui cherche \u00e0 respecter et \u00e0 soutenir la vie et ses forces.<\/p>\n<p><strong>POUR DIRE LES CHOSES SIMPLEMENT, LA BIODYNAMIE, C&rsquo;EST TROIS CHOSES :<\/strong><\/p>\n<ul>\n<li>\u00a0Penser l&rsquo;exploitation agricole comme un syst\u00e8me d&rsquo;ensemble, comme un \u00eatre vivant qui cherche \u00e0 \u00eatre autosuffisant<\/li>\n<li>Travailler avec des pr\u00e9parations et des th\u00e9s \u00e0 base de plantes et d&rsquo;animaux pour am\u00e9liorer la sant\u00e9 et l&rsquo;immunit\u00e9 naturelle de l&rsquo;environnement ainsi que pour r\u00e9soudre des probl\u00e8mes sp\u00e9cifiques<\/li>\n<li>En travaillant avec le calendrier lunaire biodynamique qui trace les mouvements de la terre par rapport \u00e0 la lune, aux plan\u00e8tes et aux constellations &#8211; pensez \u00e0 l&rsquo;effet de la lune sur les mar\u00e9es et imaginez son effet sur la teneur en eau et le flux dans une plante<\/li>\n<\/ul>\n[\/vc_column_text][\/vc_column][\/vc_row][vc_row][vc_column][vc_empty_space height=\u00a0\u00bb30px\u00a0\u00bb][\/vc_column][\/vc_row][vc_row][vc_column][\/vc_column][\/vc_row][vc_row][vc_column][vc_text_separator title=\u00a0\u00bbLa Biodynamie \u00e0 Ch\u00e2teau Feely\u00a0\u00bb color=\u00a0\u00bbchino\u00a0\u00bb border_width=\u00a0\u00bb4&Prime; css=\u00a0\u00bb.vc_custom_1558093881613{border-radius: 1px !important;}\u00a0\u00bb][\/vc_column][\/vc_row][vc_row][vc_column][vc_column_text css=\u00a0\u00bb.vc_custom_1582969065042{margin-bottom: 0px !important;}\u00a0\u00bb]Les Feelys ont commenc\u00e9 la route de la biodynamie en 2007 pour trouver une solution au Mildiou, une maladie principalement pr\u00e9sente sur les vignes provoqu\u00e9e par un champignon. Apr\u00e8s avoir lu un ouvrage de Nicolas Joly, une figure de proue du monde du vin biodynamique, ils ont r\u00e9ussi \u00e0 pallier au probl\u00e8me. Aujourd&rsquo;hui, la dose de cuivre au Ch\u00e2teau Feely sur une moyenne de cinq ans est inf\u00e9rieure au quart de ce qu&rsquo;elle \u00e9tait au d\u00e9part et \u00e0 la moiti\u00e9 du maximum autoris\u00e9 par Demeter ; et la ferme ne conna\u00eet plus de probl\u00e8mes majeurs de maladies fongiques. La r\u00e9sistance de la vigne aux maladies a augment\u00e9.<\/p>\n<p><strong>La biodynamie a offert une solution ponctuelle et pratique aux maladies mais, avec le temps, elle a apport\u00e9 beaucoup plus, notamment un meilleur \u00e9quilibre et une plus grande harmonie dans les vins de Feely.<\/strong><\/p>\n[\/vc_column_text][\/vc_column][\/vc_row][vc_row][vc_column][vc_separator color=\u00a0\u00bbchino\u00a0\u00bb border_width=\u00a0\u00bb4&Prime;][\/vc_column][\/vc_row][vc_row fullwidth=\u00a0\u00bbtrue\u00a0\u00bb][vc_column width=\u00a0\u00bb1\/2&Prime;][mk_image_slideshow images=\u00a0\u00bb3450,3506&Prime; image_width=\u00a0\u00bb1000&Prime; image_height=\u00a0\u00bb667&Prime; margin_top=\u00a0\u00bb19&Prime; slideshow_speed=\u00a0\u00bb3000&Prime;][\/vc_column][vc_column width=\u00a0\u00bb1\/2&Prime; css=\u00a0\u00bb.vc_custom_1464158896445{padding-left: 15px !important;}\u00a0\u00bb][vc_column_text css=\u00a0\u00bb.vc_custom_1583230219409{margin-bottom: 0px !important;}\u00a0\u00bb]\n<h4><strong>INFORMATIONS SUR LES BASES DE LA BIODYNAMIE<\/strong><\/h4>\n<p>&nbsp;<\/p>\n<p><strong>LE P\u00c8RE DE LA BIODYNAMIE : RUDOLF STEINER<\/strong><\/p>\n<p>Rudolf Steiner, a donn\u00e9 le cours d&rsquo;agriculture qui constitue l&rsquo;\u00e9pine dorsale de la biodynamie dans une s\u00e9rie de conf\u00e9rences en 1924. Il a bas\u00e9 son cours sur l&rsquo;observation, la recherche et l&rsquo;interrogation des m\u00e9thodes anciennes et de l&rsquo;agriculture paysanne. Pour bien comprendre l&rsquo;agriculture biodynamique en tant que professionnel de l&rsquo;agriculture, il est important de lire le livre de Steiner \u00ab\u00a0Agriculture Course\u00a0\u00bb disponible gratuitement en ligne et en version papier ou \u00e9lectronique.<\/p>\n<p><strong>L\u00c9GISLATION ET BIODYNAMIE<\/strong><\/p>\n<p>L&rsquo;agriculture biologique et sa certification sont r\u00e9glement\u00e9es au niveau de l&rsquo;Union Europ\u00e9enne. La certification biodynamique n&rsquo;est cependant pas encore couverte par la l\u00e9gislation europ\u00e9enne. Chaque organisme de certification fixe donc ses propres normes, qui comprennent toujours les principales pr\u00e9parations biodynamiques qui sont plus strictes que la norme biologique de l&rsquo;UE.[\/vc_column_text][\/vc_column][\/vc_row][vc_row][vc_column][vc_empty_space height=\u00a0\u00bb30px\u00a0\u00bb][\/vc_column][\/vc_row][vc_row][vc_column][vc_text_separator title=\u00a0\u00bbLe concept des forces de la vie en biodynamie\u00a0\u00bb color=\u00a0\u00bbchino\u00a0\u00bb border_width=\u00a0\u00bb4&Prime; css=\u00a0\u00bb.vc_custom_1558095305772{border-radius: 1px !important;}\u00a0\u00bb][\/vc_column][\/vc_row][vc_row][vc_column][vc_column_text css=\u00a0\u00bb.vc_custom_1582969872058{margin-bottom: 0px !important;}\u00a0\u00bb]\n<h4 style=\"text-align: center;\"><strong><span style=\"color: #000000;\">LE CONCEPT D&rsquo;ESPRIT, D&rsquo;\u00c9NERGIE ET DE FORCE VITALE<\/span><\/strong><\/h4>\n<p>Une partie de la biodynamie consiste \u00e9galement \u00e0 prendre conscience que tout fonctionne sur la base de flux d&rsquo;\u00e9nergie. C&rsquo;est l&rsquo;aspect spirituel de la biodynamie, la partie qui prend en compte les forces de la vie, les choses que nous ne pouvons pas voir. Au Ch\u00e2teau Feely, nous avons choisi le Triskell comme logo pour la biodynamie mais \u00e9galement pour nos racines celtiques. Le Triskell repr\u00e9sente les forces de la vie ainsi que d&rsquo;autres symboles.<\/p>\n<p>Le vin biodynamique offre un lien avec la terre d&rsquo;o\u00f9 provient la bouteille, son terroir. Lorsque vous visitez, vous vous connectez avec la ferme et l&rsquo;\u00e9quipe du Ch\u00e2teau Feely et lorsque vous partagez une bouteille de vin, vous vous connectez avec les autres. L&rsquo;esprit et l&rsquo;\u00e9nergie des gens font \u00e9galement partie des raisons pour lesquelles la biodynamie recommande la r\u00e9colte manuelle plut\u00f4t que la r\u00e9colte m\u00e9canique. Depuis 2014, tout est r\u00e9colt\u00e9 \u00e0 la main au Ch\u00e2teau Feely, c&rsquo;est bon pour la qualit\u00e9 et pour nos vins, mais aussi pour notre \u00e9quipe.<\/p>\n<p style=\"text-align: center;\"><strong><span style=\"color: #000000;\">LA BIODYNAMIE : C\u00c9L\u00c8BRE DANS LE MONDE DU VIN MAIS VALABLE POUR TOUTES LES EXPLOITATIONS AGRICOLES<\/span><\/strong><\/p>\n<p style=\"text-align: left;\">La biodynamie a suscit\u00e9 un int\u00e9r\u00eat consid\u00e9rable dans le monde du vin. Les meilleurs vignobles comme le \u00ab\u00a0Domaine Romanee Conti\u00a0\u00bb en Bourgogne et le Ch\u00e2teau \u00ab\u00a0Pontet Canet\u00a0\u00bb dans le M\u00e9doc sont certifi\u00e9s biologiques et biodynamiques. De nombreux grands restaurants se concentrent sur le vin biodynamique. Mais la biodynamie n&rsquo;est pas seulement pour le vin, elle l&rsquo;est aussi pour la nourriture. Essayez des carottes biodynamiques par rapport aux carottes biologiques et aux carottes cultiv\u00e9es chimiquement et vous verrez la diff\u00e9rence.<\/p>\n<p>&nbsp;<\/p>\n[\/vc_column_text][\/vc_column][\/vc_row][vc_row][vc_column][vc_text_separator title=\u00a0\u00bbCONCLUSION BIODYNAMIE\u00a0\u00bb border_width=\u00a0\u00bb4&Prime;][vc_column_text css=\u00a0\u00bb.vc_custom_1583230432805{margin-bottom: 0px !important;}\u00a0\u00bb]\n<h3 style=\"text-align: center;\"><\/h3>\n<p style=\"text-align: left;\">La biodynamie offre une m\u00e9thode d&rsquo;agriculture encore plus naturelle que l&rsquo;agriculture biologique.<\/p>\n<p style=\"text-align: left;\"><strong>Pour plus de d\u00e9tails, suivez la piste jusqu&rsquo;au <a href=\"https:\/\/chateaufeely.com\/fr\/visites\/organic-and-biodynamic-trail\/organic-farming-and-winegrowing\/\">POD 5 : Vignoble biologique<\/a> et ensuite le POD 6 : Vignoble biodynamique.<\/strong><\/p>\n<p>Nous vous invitons \u00e0 venir en apprendre davantage sur l\u2019agriculture biologique en<a href=\"https:\/\/chateaufeely.com\/fr\/visites\/\" target=\"_blank\" rel=\"noopener noreferrer\">\u00a0visitant le Ch\u00e2teau Feely dans le Sud-Ouest de la France.<\/a>\u00a0Venez apprendre plus sur l\u2019agriculture bio avec nous pendant une<a href=\"https:\/\/chateaufeely.com\/fr\/visites\/\" target=\"_blank\" rel=\"noopener noreferrer\">\u00a0visite \u00e0 Ch\u00e2teau Feely dans le Sud-Ouest de la France<\/a>\u00a0ou\u00a0<a href=\"https:\/\/chateaufeely.com\/fr\/presentation-gites\/\" target=\"_blank\" rel=\"noopener noreferrer\">s\u00e9journez avec nous<\/a>. Vous pouvez lire l\u2019histoire de notre ferme bio, la s\u00e9rie comprend trois livre,\u00a0<a href=\"https:\/\/www.amazon.fr\/Grape-Expectations-Familys-Vineyard-Adventure\/dp\/1849532575\" target=\"_blank\" rel=\"noopener noreferrer\">Grape Expectations<\/a>;\u00a0<a href=\"https:\/\/www.amazon.fr\/Saving-Our-Skins-Building-Vineyard\/dp\/1849536090\/ref=pd_sim_14_1\/262-8269529-0398220?_encoding=UTF8&amp;pd_rd_i=1849536090&amp;pd_rd_r=138c648d-73c5-11e9-8847-dbd7fadfdb3e&amp;pd_rd_w=rpSJv&amp;pd_rd_wg=FVkyh&amp;pf_rd_p=7e133c34-2a2a-4f4f-8372-6a26c70ca073&amp;pf_rd_r=W2SRSVZDRD3QE07EZZFJ&amp;psc=1&amp;refRID=W2SRSVZDRD3QE07EZZFJ\" target=\"_blank\" rel=\"noopener noreferrer\">Saving our Skins<\/a>\u00a0et\u00a0<a href=\"https:\/\/www.amazon.fr\/Glass-Half-Full-Vineyard-France\/dp\/184953991X\/ref=pd_sim_14_1\/262-8269529-0398220?_encoding=UTF8&amp;pd_rd_i=184953991X&amp;pd_rd_r=eecf54f4-73c4-11e9-81c3-8ba35bc13d5c&amp;pd_rd_w=zgSl6&amp;pd_rd_wg=UuFqH&amp;pf_rd_p=7e133c34-2a2a-4f4f-8372-6a26c70ca073&amp;pf_rd_r=47R71CB3SPS2A4QD64PX&amp;psc=1&amp;refRID=47R71CB3SPS2A4QD64PX\" target=\"_blank\" rel=\"noopener noreferrer\">Glass Half Full<\/a>\u00a0par Caro Feely.<\/p>\n<p><strong>Rejoignez notre liste de diffusion pour recevoir notre newsletter saisonni\u00e8re, nos \u00e9v\u00e9nements, accords met et vins, recettes et encore plus d\u2019infos\u00a0 en bas \u00e0 droite de cette page.<\/strong>[\/vc_column_text][vc_empty_space height=\u00a0\u00bb30px\u00a0\u00bb][\/vc_column][\/vc_row][vc_row][vc_column][vc_separator color=\u00a0\u00bbchino\u00a0\u00bb border_width=\u00a0\u00bb4&Prime;][\/vc_column][\/vc_row][vc_row][vc_column][\/vc_column][\/vc_row][vc_row][vc_column][\/vc_column][\/vc_row]\n","protected":false},"excerpt":{"rendered":"<p>[vc_row][vc_column width=\u00a0\u00bb3\/4&Prime;][\/vc_column][\/vc_row][vc_row fullwidth=\u00a0\u00bbtrue\u00a0\u00bb][vc_column width=\u00a0\u00bb1\/2&Prime;][mk_image_slideshow images=\u00a0\u00bb3466,2049&Prime; image_width=\u00a0\u00bb1000&Prime; image_height=\u00a0\u00bb743&Prime; margin_top=\u00a0\u00bb98&Prime; slideshow_speed=\u00a0\u00bb3000&Prime;][\/vc_column][vc_column width=\u00a0\u00bb1\/2&Prime; css=\u00a0\u00bb.vc_custom_1464158896445{padding-left: 15px !important;}\u00a0\u00bb][vc_column_text css=\u00a0\u00bb.vc_custom_1582968254785{margin-bottom: 0px !important;}\u00a0\u00bb] Parcours BIO et BIODYNAMIQUE \u00e0 CH\u00c2TEAU FEELY [\/vc_column_text][vc_column_text css=\u00a0\u00bb.vc_custom_1583230205329{margin-bottom: 0px !important;}\u00a0\u00bb] POD 4: Qu&rsquo;est ce que l&rsquo;agriculture biodynamique? &nbsp; La biodynamie est une forme d&rsquo;agriculture qui s&rsquo;apparente \u00e0 du \u00ab\u00a0bio +\u00a0\u00bb. Une ferme doit d\u00e9j\u00e0 \u00eatre certifi\u00e9e biologique pour [&hellip;]<\/p>\n","protected":false},"author":2,"featured_media":0,"parent":4324,"menu_order":0,"comment_status":"closed","ping_status":"closed","template":"","meta":{"_exactmetrics_skip_tracking":false,"_exactmetrics_sitenote_active":false,"_exactmetrics_sitenote_note":"","_exactmetrics_sitenote_category":0,"footnotes":""},"class_list":["post-4335","page","type-page","status-publish","hentry"],"yoast_head":"<!-- This site is optimized with the Yoast SEO plugin v27.0 - https:\/\/yoast.com\/product\/yoast-seo-wordpress\/ -->\n<title>Organic Biodynamic Trail at Feely estate near Bergerac &amp; Bordeaux<\/title>\n<meta name=\"description\" content=\"Organic and biodynamic education trail at Feely organic and biodynamic vineyard one hour from Bordeaux and 15 minutes from Bergerac\" \/>\n<meta name=\"robots\" content=\"index, follow, max-snippet:-1, max-image-preview:large, max-video-preview:-1\" \/>\n<link rel=\"canonical\" href=\"https:\/\/chateaufeely.com\/fr\/visites\/parcours-bio-et-biodynamique\/what-is-biodynamics\/\" \/>\n<meta property=\"og:locale\" content=\"fr_FR\" \/>\n<meta property=\"og:type\" content=\"article\" \/>\n<meta property=\"og:title\" content=\"Organic Biodynamic Trail at Feely estate near Bergerac &amp; Bordeaux\" \/>\n<meta property=\"og:description\" content=\"Organic and biodynamic education trail at Feely organic and biodynamic vineyard one hour from Bordeaux and 15 minutes from Bergerac\" \/>\n<meta property=\"og:url\" content=\"https:\/\/chateaufeely.com\/fr\/visites\/parcours-bio-et-biodynamique\/what-is-biodynamics\/\" \/>\n<meta property=\"og:site_name\" content=\"Ch\u00e2teau Feely organic wine, tours, accommodation\" \/>\n<meta property=\"article:publisher\" content=\"https:\/\/www.facebook.com\/ChateauFeely\/\" \/>\n<meta property=\"article:modified_time\" content=\"2020-03-03T10:14:01+00:00\" \/>\n<meta name=\"twitter:card\" content=\"summary_large_image\" \/>\n<meta name=\"twitter:label1\" content=\"Dur\u00e9e de lecture estim\u00e9e\" \/>\n\t<meta name=\"twitter:data1\" content=\"6 minutes\" \/>\n<script type=\"application\/ld+json\" class=\"yoast-schema-graph\">{\"@context\":\"https:\/\/schema.org\",\"@graph\":[{\"@type\":\"WebPage\",\"@id\":\"https:\/\/chateaufeely.com\/fr\/visites\/parcours-bio-et-biodynamique\/what-is-biodynamics\/\",\"url\":\"https:\/\/chateaufeely.com\/fr\/visites\/parcours-bio-et-biodynamique\/what-is-biodynamics\/\",\"name\":\"Organic Biodynamic Trail at Feely estate near Bergerac & Bordeaux\",\"isPartOf\":{\"@id\":\"https:\/\/chateaufeely.com\/fr\/#website\"},\"datePublished\":\"2019-04-26T12:13:05+00:00\",\"dateModified\":\"2020-03-03T10:14:01+00:00\",\"description\":\"Organic and biodynamic education trail at Feely organic and biodynamic vineyard one hour from Bordeaux and 15 minutes from Bergerac\",\"breadcrumb\":{\"@id\":\"https:\/\/chateaufeely.com\/fr\/visites\/parcours-bio-et-biodynamique\/what-is-biodynamics\/#breadcrumb\"},\"inLanguage\":\"fr-FR\",\"potentialAction\":[{\"@type\":\"ReadAction\",\"target\":[\"https:\/\/chateaufeely.com\/fr\/visites\/parcours-bio-et-biodynamique\/what-is-biodynamics\/\"]}]},{\"@type\":\"BreadcrumbList\",\"@id\":\"https:\/\/chateaufeely.com\/fr\/visites\/parcours-bio-et-biodynamique\/what-is-biodynamics\/#breadcrumb\",\"itemListElement\":[{\"@type\":\"ListItem\",\"position\":1,\"name\":\"Accueil\",\"item\":\"https:\/\/chateaufeely.com\/fr\/\"},{\"@type\":\"ListItem\",\"position\":2,\"name\":\"Visites\",\"item\":\"https:\/\/chateaufeely.com\/fr\/visits\/\"},{\"@type\":\"ListItem\",\"position\":3,\"name\":\"Parcours Bio et Biodynamique \u00e0 Ch\u00e2teau Feely\",\"item\":\"https:\/\/chateaufeely.com\/fr\/visits\/organic-and-biodynamic-trail\/\"},{\"@type\":\"ListItem\",\"position\":4,\"name\":\"Qu&rsquo;est-ce que la biodynamie?\"}]},{\"@type\":\"WebSite\",\"@id\":\"https:\/\/chateaufeely.com\/fr\/#website\",\"url\":\"https:\/\/chateaufeely.com\/fr\/\",\"name\":\"Ch\u00e2teau Feely organic wine, tours, accommodation\",\"description\":\"Biodynamic and natural wine, tours and wine school, ecological luxury lodge\",\"publisher\":{\"@id\":\"https:\/\/chateaufeely.com\/fr\/#organization\"},\"potentialAction\":[{\"@type\":\"SearchAction\",\"target\":{\"@type\":\"EntryPoint\",\"urlTemplate\":\"https:\/\/chateaufeely.com\/fr\/?s={search_term_string}\"},\"query-input\":{\"@type\":\"PropertyValueSpecification\",\"valueRequired\":true,\"valueName\":\"search_term_string\"}}],\"inLanguage\":\"fr-FR\"},{\"@type\":\"Organization\",\"@id\":\"https:\/\/chateaufeely.com\/fr\/#organization\",\"name\":\"Ch\u00e2teau Feely organic wine, tours, accommodation\",\"url\":\"https:\/\/chateaufeely.com\/fr\/\",\"logo\":{\"@type\":\"ImageObject\",\"inLanguage\":\"fr-FR\",\"@id\":\"https:\/\/chateaufeely.com\/fr\/#\/schema\/logo\/image\/\",\"url\":\"https:\/\/chateaufeely.com\/wp-content\/uploads\/2016\/05\/logo-vertical-v2-250.png\",\"contentUrl\":\"https:\/\/chateaufeely.com\/wp-content\/uploads\/2016\/05\/logo-vertical-v2-250.png\",\"width\":250,\"height\":312,\"caption\":\"Ch\u00e2teau Feely organic wine, tours, accommodation\"},\"image\":{\"@id\":\"https:\/\/chateaufeely.com\/fr\/#\/schema\/logo\/image\/\"},\"sameAs\":[\"https:\/\/www.facebook.com\/ChateauFeely\/\",\"https:\/\/www.instagram.com\/chateaufeely\/\"]}]}<\/script>\n<!-- \/ Yoast SEO plugin. -->","yoast_head_json":{"title":"Organic Biodynamic Trail at Feely estate near Bergerac & Bordeaux","description":"Organic and biodynamic education trail at Feely organic and biodynamic vineyard one hour from Bordeaux and 15 minutes from Bergerac","robots":{"index":"index","follow":"follow","max-snippet":"max-snippet:-1","max-image-preview":"max-image-preview:large","max-video-preview":"max-video-preview:-1"},"canonical":"https:\/\/chateaufeely.com\/fr\/visites\/parcours-bio-et-biodynamique\/what-is-biodynamics\/","og_locale":"fr_FR","og_type":"article","og_title":"Organic Biodynamic Trail at Feely estate near Bergerac & Bordeaux","og_description":"Organic and biodynamic education trail at Feely organic and biodynamic vineyard one hour from Bordeaux and 15 minutes from Bergerac","og_url":"https:\/\/chateaufeely.com\/fr\/visites\/parcours-bio-et-biodynamique\/what-is-biodynamics\/","og_site_name":"Ch\u00e2teau Feely organic wine, tours, accommodation","article_publisher":"https:\/\/www.facebook.com\/ChateauFeely\/","article_modified_time":"2020-03-03T10:14:01+00:00","twitter_card":"summary_large_image","twitter_misc":{"Dur\u00e9e de lecture estim\u00e9e":"6 minutes"},"schema":{"@context":"https:\/\/schema.org","@graph":[{"@type":"WebPage","@id":"https:\/\/chateaufeely.com\/fr\/visites\/parcours-bio-et-biodynamique\/what-is-biodynamics\/","url":"https:\/\/chateaufeely.com\/fr\/visites\/parcours-bio-et-biodynamique\/what-is-biodynamics\/","name":"Organic Biodynamic Trail at Feely estate near Bergerac & Bordeaux","isPartOf":{"@id":"https:\/\/chateaufeely.com\/fr\/#website"},"datePublished":"2019-04-26T12:13:05+00:00","dateModified":"2020-03-03T10:14:01+00:00","description":"Organic and biodynamic education trail at Feely organic and biodynamic vineyard one hour from Bordeaux and 15 minutes from Bergerac","breadcrumb":{"@id":"https:\/\/chateaufeely.com\/fr\/visites\/parcours-bio-et-biodynamique\/what-is-biodynamics\/#breadcrumb"},"inLanguage":"fr-FR","potentialAction":[{"@type":"ReadAction","target":["https:\/\/chateaufeely.com\/fr\/visites\/parcours-bio-et-biodynamique\/what-is-biodynamics\/"]}]},{"@type":"BreadcrumbList","@id":"https:\/\/chateaufeely.com\/fr\/visites\/parcours-bio-et-biodynamique\/what-is-biodynamics\/#breadcrumb","itemListElement":[{"@type":"ListItem","position":1,"name":"Accueil","item":"https:\/\/chateaufeely.com\/fr\/"},{"@type":"ListItem","position":2,"name":"Visites","item":"https:\/\/chateaufeely.com\/fr\/visits\/"},{"@type":"ListItem","position":3,"name":"Parcours Bio et Biodynamique \u00e0 Ch\u00e2teau Feely","item":"https:\/\/chateaufeely.com\/fr\/visits\/organic-and-biodynamic-trail\/"},{"@type":"ListItem","position":4,"name":"Qu&rsquo;est-ce que la biodynamie?"}]},{"@type":"WebSite","@id":"https:\/\/chateaufeely.com\/fr\/#website","url":"https:\/\/chateaufeely.com\/fr\/","name":"Ch\u00e2teau Feely organic wine, tours, accommodation","description":"Biodynamic and natural wine, tours and wine school, ecological luxury lodge","publisher":{"@id":"https:\/\/chateaufeely.com\/fr\/#organization"},"potentialAction":[{"@type":"SearchAction","target":{"@type":"EntryPoint","urlTemplate":"https:\/\/chateaufeely.com\/fr\/?s={search_term_string}"},"query-input":{"@type":"PropertyValueSpecification","valueRequired":true,"valueName":"search_term_string"}}],"inLanguage":"fr-FR"},{"@type":"Organization","@id":"https:\/\/chateaufeely.com\/fr\/#organization","name":"Ch\u00e2teau Feely organic wine, tours, accommodation","url":"https:\/\/chateaufeely.com\/fr\/","logo":{"@type":"ImageObject","inLanguage":"fr-FR","@id":"https:\/\/chateaufeely.com\/fr\/#\/schema\/logo\/image\/","url":"https:\/\/chateaufeely.com\/wp-content\/uploads\/2016\/05\/logo-vertical-v2-250.png","contentUrl":"https:\/\/chateaufeely.com\/wp-content\/uploads\/2016\/05\/logo-vertical-v2-250.png","width":250,"height":312,"caption":"Ch\u00e2teau Feely organic wine, tours, accommodation"},"image":{"@id":"https:\/\/chateaufeely.com\/fr\/#\/schema\/logo\/image\/"},"sameAs":["https:\/\/www.facebook.com\/ChateauFeely\/","https:\/\/www.instagram.com\/chateaufeely\/"]}]}},"_links":{"self":[{"href":"https:\/\/chateaufeely.com\/fr\/wp-json\/wp\/v2\/pages\/4335","targetHints":{"allow":["GET"]}}],"collection":[{"href":"https:\/\/chateaufeely.com\/fr\/wp-json\/wp\/v2\/pages"}],"about":[{"href":"https:\/\/chateaufeely.com\/fr\/wp-json\/wp\/v2\/types\/page"}],"author":[{"embeddable":true,"href":"https:\/\/chateaufeely.com\/fr\/wp-json\/wp\/v2\/users\/2"}],"replies":[{"embeddable":true,"href":"https:\/\/chateaufeely.com\/fr\/wp-json\/wp\/v2\/comments?post=4335"}],"version-history":[{"count":0,"href":"https:\/\/chateaufeely.com\/fr\/wp-json\/wp\/v2\/pages\/4335\/revisions"}],"up":[{"embeddable":true,"href":"https:\/\/chateaufeely.com\/fr\/wp-json\/wp\/v2\/pages\/4324"}],"wp:attachment":[{"href":"https:\/\/chateaufeely.com\/fr\/wp-json\/wp\/v2\/media?parent=4335"}],"curies":[{"name":"wp","href":"https:\/\/api.w.org\/{rel}","templated":true}]}}