{"id":435,"date":"2016-05-25T09:26:25","date_gmt":"2016-05-25T08:26:25","guid":{"rendered":"http:\/\/chateaufeely.com\/?page_id=435"},"modified":"2026-02-24T08:28:10","modified_gmt":"2026-02-24T07:28:10","slug":"wine-lodge","status":"publish","type":"page","link":"https:\/\/chateaufeely.com\/fr\/presentation-gites\/wine-lodge\/","title":{"rendered":"Wine Lodge"},"content":{"rendered":"[vc_row][vc_column][mk_icon_box icon=\u00a0\u00bbmk-moon-home-2&Prime; title=\u00a0\u00bbBienvenue au \u00ab\u00a0Wine Lodge\u00ab\u00a0\u00a0\u00bb text_size=\u00a0\u00bb30&Prime; style=\u00a0\u00bbsimple_ultimate\u00a0\u00bb icon_size=\u00a0\u00bblarge\u00a0\u00bb icon_location=\u00a0\u00bbtop\u00a0\u00bb icon_color=\u00a0\u00bb#e0b957&Prime; title_color=\u00a0\u00bb#000000&Prime; txt_color=\u00a0\u00bb#5e5e5e\u00a0\u00bb margin=\u00a0\u00bb0&Prime;]\n<p style=\"text-align: center;\">Un g\u00eete \u00e9cologique pour 4 personnes avec piscine, clim et une superbe vue sur la Dordogne !<\/p>\n<p>&nbsp;<\/p>\n<p>&nbsp;<\/p>\n[\/mk_icon_box][\/vc_column][\/vc_row][vc_row][vc_column width=\u00a0\u00bb2\/3&Prime;][mk_image_slideshow images=\u00a0\u00bb5382,5364,5370,5372&Prime; image_width=\u00a0\u00bb764&Prime; image_height=\u00a0\u00bb491&Prime; slideshow_speed=\u00a0\u00bb3000&Prime;][\/vc_column][vc_column width=\u00a0\u00bb1\/3&Prime;][vc_column_text css=\u00a0\u00bb.vc_custom_1682407639816{margin-bottom: 0px !important;}\u00a0\u00bb]\n<p style=\"text-align: left;\"><span style=\"color: #333333;\">Le Wine Lodge est l&rsquo;endroit id\u00e9al pour un s\u00e9jour entre amis et pour les amateurs de vin.\u00a0<\/span><\/p>\n<p style=\"text-align: left;\"><span style=\"color: #333333;\">Dans un espace de vie prot\u00e9g\u00e9 de plus de 90 m2, le \u00ab\u00a0Wine Lodge\u00a0\u00bb vous offre douceur, lumi\u00e8re, confort et espace tout cela dans une atmosph\u00e8re contemporaine et \u00e9cologique. Les mati\u00e8res brutes ont \u00e9t\u00e9 gracieusement mises en valeur de la pierre apparente au bois.\u00a0<\/span><\/p>\n<p><span style=\"color: #333333;\">Dot\u00e9e d&rsquo;une terrasse spacieuse, le \u00ab\u00a0Wine Lodge\u00a0\u00bb vous d\u00e9livrera une vue imprenable sur le vignoble.<\/span>[\/vc_column_text][mk_button dimension=\u00a0\u00bbflat\u00a0\u00bb corner_style=\u00a0\u00bbrounded\u00a0\u00bb size=\u00a0\u00bbmedium\u00a0\u00bb icon=\u00a0\u00bbmk-moon-calendar\u00a0\u00bb url=\u00a0\u00bbhttps:\/\/chateaufeely.com\/fr\/contact\/\u00a0\u00bb margin_top=\u00a0\u00bb15&Prime; btn_hover_bg=\u00a0\u00bb#e0a000&Prime;]RESERVER[\/mk_button][\/vc_column][\/vc_row][vc_row][vc_column css=\u00a0\u00bb.vc_custom_1464163660116{padding-left: 15px !important;}\u00a0\u00bb][vc_column_text css=\u00a0\u00bb.vc_custom_1682407647856{margin-bottom: 0px !important;}\u00a0\u00bb]Le chauffage par le sol rend cette maison douillette en hiver. Il y a climatisation dans les chambres pour votre confort en \u00e9t\u00e9. Plafonds en bois, pierres apparentes et mat\u00e9riaux naturels contribuent \u00e0 un sentiment d&rsquo;espace et de bien \u00eatre.<br \/>\nLa terrasse en bois vous attend avec sa table, ses chaises et ses transats.<\/p>\n<p>La cuisine est \u00e9quip\u00e9e d\u2019\u00e9lectrom\u00e9nagers r\u00e9cents\u00a0(lave-vaisselle, r\u00e9frig\u00e9rateur avec compartiment cong\u00e9lateur, cuisini\u00e8re, micro-ondes, cafeti\u00e8re, grille-pain, bouilloire) ainsi que de tous les ustensiles de cuisine dont vous aurez besoin et des verres \u00e0 vin \u00a0pour d\u00e9guster nos vins au milieu de nos vignes.Un barbecue est disponible dans le parc ombrag\u00e9 \u00e0 c\u00f4t\u00e9 du hamac, de la balan\u00e7oire et du toboggan.<br \/>\nLa machine \u00e0 laver est \u00e0 l&rsquo;ext\u00e9rieur, dans une annexe, et est partag\u00e9e avec la salle de d\u00e9gustation. Il y a le Wi-Fi \u00e0 haut d\u00e9bit. Il n&rsquo;y a pas de t\u00e9l\u00e9vision.<\/p>\n<p>Ce g\u00eete de luxe dans le d\u00e9partement de la Dordogne est accessible en fauteuil roulant et est certifi\u00e9 accessible par l&rsquo;Association de l&rsquo;Accessibilit\u00e9 Handicap en France.<\/p>\n<p>Nous nous r\u00e9jouirons\u00a0de vous accueillir dans\u00a0notre belle ferme biologique. Sean et Caro.[\/vc_column_text][mk_gallery images=\u00a0\u00bb5382,5384,5386,5388&Prime; column=\u00a0\u00bb2&Prime; height=\u00a0\u00bb382&Prime; hover_scenarios=\u00a0\u00bbnone\u00a0\u00bb item_spacing=\u00a0\u00bb30&Prime;][mk_page_title_box page_title=\u00a0\u00bbTarifs\u00a0\u00bb section_height=\u00a0\u00bb100&Prime; font_size=\u00a0\u00bb30&Prime; font_color=\u00a0\u00bb#e0b957&Prime;][vc_column_text css=\u00a0\u00bb.vc_custom_1764240331997{margin-bottom: 0px !important;}\u00a0\u00bb]\n<p style=\"text-align: center;\">(2 chambres \/ 2\u00a0salles de bain)<\/p>\n<p style=\"text-align: center;\"><em><strong>\u20ac1295<\/strong><\/em> par semaine 27 Septembre 2025 \u2013 2 Mai 2026<\/p>\n<p style=\"text-align: center;\"><span style=\"color: #000000;\"><em><strong>\u20ac1395<\/strong><\/em> par semaine 2 Mai 2026 &#8211; 6 Juin 2026<\/span><\/p>\n<p style=\"text-align: center;\"><span style=\"color: #000000;\"><em><strong>\u20ac1495<\/strong><\/em> par semaine 6 Juin &#8211; 27 Juin 2026<\/span><\/p>\n<p style=\"text-align: center;\"><span style=\"color: #000000;\"><em><strong>\u20ac1695<\/strong><\/em> par semaine 27 Juin &#8211; 11 Juillet 2026<\/span><\/p>\n<p style=\"text-align: center;\"><span style=\"color: #000000;\"> <em><strong>\u20ac1995<\/strong><\/em> par semaine 11 Juillet &#8211; 8 Ao\u00fbt 2026<\/span><\/p>\n<p style=\"text-align: center;\"><span style=\"color: #000000;\"><em><strong>\u20ac1795<\/strong><\/em>\u00a0 par semaine 8 Ao\u00fbt- 22 Ao\u00fbt 2026<\/span><\/p>\n<p style=\"text-align: center;\"><span style=\"color: #000000;\"><em><strong>\u20ac1595<\/strong><\/em> par semaine 22 Ao\u00fbt &#8211; 26 Septembre 2026<\/span><\/p>\n<p style=\"text-align: center;\"><span style=\"color: #000000;\"><em><strong>\u20ac1298<\/strong><\/em> par semaine 26 Septembre 2026 &#8211; 1 Mai 2027<\/span><\/p>\n<p style=\"text-align: center;\"><span style=\"color: #000000;\">10% TVA comprise. Petit d\u00e9jeuner \u00e0 \u20ac25 par personne et nettoyage \u00e0 \u20ac25 par heure disponible mais uniquement si r\u00e9serv\u00e9 \u00e0 l&rsquo;avance.<\/span><\/p>\n<p style=\"text-align: center;\"><em><span style=\"color: #000000;\">*D&rsquo;octobre \u00e0 Juin les r\u00e9servations peuvent s&rsquo;effectuer \u00e0 la nuit\u00e9e -min 2 nuits):<\/span><\/em><\/p>\n<p style=\"text-align: center;\"><em><span style=\"color: #000000;\">Tarifs par nuit en chambre d&rsquo;h\u00f4te \u20ac195 (min 3 nuits) pour 2 personnes . Pour les r\u00e9servations hors saison et hors samedi \u00e0 samedi la chambre &lsquo;Le Chai&rsquo; (grand double 180cm ou deux lits de 90cm) et la chambre &lsquo;La Carri\u00e8re&rsquo; (grand double &#8211; 160cm), \u20ac195 euro par nuit (petit d\u00e9jeuner et nettoyage inclus).<\/span><\/em><\/p>\n[\/vc_column_text][mk_button dimension=\u00a0\u00bbflat\u00a0\u00bb corner_style=\u00a0\u00bbrounded\u00a0\u00bb size=\u00a0\u00bbmedium\u00a0\u00bb icon=\u00a0\u00bbmk-moon-calendar\u00a0\u00bb url=\u00a0\u00bbhttps:\/\/chateaufeely.com\/fr\/contact\/\u00a0\u00bb align=\u00a0\u00bbcenter\u00a0\u00bb margin_top=\u00a0\u00bb15&Prime; btn_hover_bg=\u00a0\u00bb#e0a000&Prime;]RESERVER[\/mk_button][\/vc_column][\/vc_row][vc_row][vc_column][mk_image src=\u00a0\u00bbhttps:\/\/chateaufeely.com\/wp-content\/uploads\/2026\/02\/availability.jpg\u00a0\u00bb image_size=\u00a0\u00bblarge\u00a0\u00bb align=\u00a0\u00bbcenter\u00a0\u00bb][\/vc_column][\/vc_row][vc_row][vc_column][\/vc_column][\/vc_row]\n","protected":false},"excerpt":{"rendered":"<p>[vc_row][vc_column][mk_icon_box icon=\u00a0\u00bbmk-moon-home-2&Prime; title=\u00a0\u00bbBienvenue au \u00ab\u00a0Wine Lodge\u00ab\u00a0\u00a0\u00bb text_size=\u00a0\u00bb30&Prime; style=\u00a0\u00bbsimple_ultimate\u00a0\u00bb icon_size=\u00a0\u00bblarge\u00a0\u00bb icon_location=\u00a0\u00bbtop\u00a0\u00bb icon_color=\u00a0\u00bb#e0b957&Prime; title_color=\u00a0\u00bb#000000&Prime; txt_color=\u00a0\u00bb#5e5e5e\u00a0\u00bb margin=\u00a0\u00bb0&Prime;] Un g\u00eete \u00e9cologique pour 4 personnes avec piscine, clim et une superbe vue sur la Dordogne ! &nbsp; &nbsp; [\/mk_icon_box][\/vc_column][\/vc_row][vc_row][vc_column width=\u00a0\u00bb2\/3&Prime;][mk_image_slideshow images=\u00a0\u00bb5382,5364,5370,5372&Prime; image_width=\u00a0\u00bb764&Prime; image_height=\u00a0\u00bb491&Prime; slideshow_speed=\u00a0\u00bb3000&Prime;][\/vc_column][vc_column width=\u00a0\u00bb1\/3&Prime;][vc_column_text css=\u00a0\u00bb.vc_custom_1682407639816{margin-bottom: 0px !important;}\u00a0\u00bb] Le Wine Lodge est l&rsquo;endroit id\u00e9al pour un s\u00e9jour entre amis et [&hellip;]<\/p>\n","protected":false},"author":2,"featured_media":0,"parent":363,"menu_order":0,"comment_status":"closed","ping_status":"closed","template":"","meta":{"_exactmetrics_skip_tracking":false,"_exactmetrics_sitenote_active":false,"_exactmetrics_sitenote_note":"","_exactmetrics_sitenote_category":0,"footnotes":""},"class_list":["post-435","page","type-page","status-publish","hentry"],"yoast_head":"<!-- This site is optimized with the Yoast SEO plugin v27.0 - https:\/\/yoast.com\/product\/yoast-seo-wordpress\/ -->\n<title>G\u00eete Wine Lodge pour 4 personnes - proche Bergerac Dordogne<\/title>\n<meta name=\"description\" content=\"Le g\u00eete Wine lodge est un logement id\u00e9al pour vos vacances ou week-end en Dordogne \u00e0 proximit\u00e9 de Begerac. Disponibilit\u00e9s et tarifs sur cette page.\" \/>\n<meta name=\"robots\" content=\"index, follow, max-snippet:-1, max-image-preview:large, max-video-preview:-1\" \/>\n<link rel=\"canonical\" href=\"https:\/\/chateaufeely.com\/fr\/presentation-gites\/wine-lodge\/\" \/>\n<meta property=\"og:locale\" content=\"fr_FR\" \/>\n<meta property=\"og:type\" content=\"article\" \/>\n<meta property=\"og:title\" content=\"G\u00eete Wine Lodge pour 4 personnes - proche Bergerac Dordogne\" \/>\n<meta property=\"og:description\" content=\"Le g\u00eete Wine lodge est un logement id\u00e9al pour vos vacances ou week-end en Dordogne \u00e0 proximit\u00e9 de Begerac. Disponibilit\u00e9s et tarifs sur cette page.\" \/>\n<meta property=\"og:url\" content=\"https:\/\/chateaufeely.com\/fr\/presentation-gites\/wine-lodge\/\" \/>\n<meta property=\"og:site_name\" content=\"Ch\u00e2teau Feely organic wine, tours, accommodation\" \/>\n<meta property=\"article:publisher\" content=\"https:\/\/www.facebook.com\/ChateauFeely\/\" \/>\n<meta property=\"article:modified_time\" content=\"2026-02-24T07:28:10+00:00\" \/>\n<meta name=\"twitter:card\" content=\"summary_large_image\" \/>\n<meta name=\"twitter:label1\" content=\"Dur\u00e9e de lecture estim\u00e9e\" \/>\n\t<meta name=\"twitter:data1\" content=\"3 minutes\" \/>\n<script type=\"application\/ld+json\" class=\"yoast-schema-graph\">{\"@context\":\"https:\/\/schema.org\",\"@graph\":[{\"@type\":\"WebPage\",\"@id\":\"https:\/\/chateaufeely.com\/fr\/presentation-gites\/wine-lodge\/\",\"url\":\"https:\/\/chateaufeely.com\/fr\/presentation-gites\/wine-lodge\/\",\"name\":\"G\u00eete Wine Lodge pour 4 personnes - proche Bergerac Dordogne\",\"isPartOf\":{\"@id\":\"https:\/\/chateaufeely.com\/fr\/#website\"},\"datePublished\":\"2016-05-25T08:26:25+00:00\",\"dateModified\":\"2026-02-24T07:28:10+00:00\",\"description\":\"Le g\u00eete Wine lodge est un logement id\u00e9al pour vos vacances ou week-end en Dordogne \u00e0 proximit\u00e9 de Begerac. Disponibilit\u00e9s et tarifs sur cette page.\",\"breadcrumb\":{\"@id\":\"https:\/\/chateaufeely.com\/fr\/presentation-gites\/wine-lodge\/#breadcrumb\"},\"inLanguage\":\"fr-FR\",\"potentialAction\":[{\"@type\":\"ReadAction\",\"target\":[\"https:\/\/chateaufeely.com\/fr\/presentation-gites\/wine-lodge\/\"]}]},{\"@type\":\"BreadcrumbList\",\"@id\":\"https:\/\/chateaufeely.com\/fr\/presentation-gites\/wine-lodge\/#breadcrumb\",\"itemListElement\":[{\"@type\":\"ListItem\",\"position\":1,\"name\":\"Accueil\",\"item\":\"https:\/\/chateaufeely.com\/fr\/\"},{\"@type\":\"ListItem\",\"position\":2,\"name\":\"Gites\",\"item\":\"https:\/\/chateaufeely.com\/fr\/presentation-gites\/\"},{\"@type\":\"ListItem\",\"position\":3,\"name\":\"Wine Lodge\"}]},{\"@type\":\"WebSite\",\"@id\":\"https:\/\/chateaufeely.com\/fr\/#website\",\"url\":\"https:\/\/chateaufeely.com\/fr\/\",\"name\":\"Ch\u00e2teau Feely organic wine, tours, accommodation\",\"description\":\"Biodynamic and natural wine, tours and wine school, ecological luxury lodge\",\"publisher\":{\"@id\":\"https:\/\/chateaufeely.com\/fr\/#organization\"},\"potentialAction\":[{\"@type\":\"SearchAction\",\"target\":{\"@type\":\"EntryPoint\",\"urlTemplate\":\"https:\/\/chateaufeely.com\/fr\/?s={search_term_string}\"},\"query-input\":{\"@type\":\"PropertyValueSpecification\",\"valueRequired\":true,\"valueName\":\"search_term_string\"}}],\"inLanguage\":\"fr-FR\"},{\"@type\":\"Organization\",\"@id\":\"https:\/\/chateaufeely.com\/fr\/#organization\",\"name\":\"Ch\u00e2teau Feely organic wine, tours, accommodation\",\"url\":\"https:\/\/chateaufeely.com\/fr\/\",\"logo\":{\"@type\":\"ImageObject\",\"inLanguage\":\"fr-FR\",\"@id\":\"https:\/\/chateaufeely.com\/fr\/#\/schema\/logo\/image\/\",\"url\":\"https:\/\/chateaufeely.com\/wp-content\/uploads\/2016\/05\/logo-vertical-v2-250.png\",\"contentUrl\":\"https:\/\/chateaufeely.com\/wp-content\/uploads\/2016\/05\/logo-vertical-v2-250.png\",\"width\":250,\"height\":312,\"caption\":\"Ch\u00e2teau Feely organic wine, tours, accommodation\"},\"image\":{\"@id\":\"https:\/\/chateaufeely.com\/fr\/#\/schema\/logo\/image\/\"},\"sameAs\":[\"https:\/\/www.facebook.com\/ChateauFeely\/\",\"https:\/\/www.instagram.com\/chateaufeely\/\"]}]}<\/script>\n<!-- \/ Yoast SEO plugin. -->","yoast_head_json":{"title":"G\u00eete Wine Lodge pour 4 personnes - proche Bergerac Dordogne","description":"Le g\u00eete Wine lodge est un logement id\u00e9al pour vos vacances ou week-end en Dordogne \u00e0 proximit\u00e9 de Begerac. Disponibilit\u00e9s et tarifs sur cette page.","robots":{"index":"index","follow":"follow","max-snippet":"max-snippet:-1","max-image-preview":"max-image-preview:large","max-video-preview":"max-video-preview:-1"},"canonical":"https:\/\/chateaufeely.com\/fr\/presentation-gites\/wine-lodge\/","og_locale":"fr_FR","og_type":"article","og_title":"G\u00eete Wine Lodge pour 4 personnes - proche Bergerac Dordogne","og_description":"Le g\u00eete Wine lodge est un logement id\u00e9al pour vos vacances ou week-end en Dordogne \u00e0 proximit\u00e9 de Begerac. Disponibilit\u00e9s et tarifs sur cette page.","og_url":"https:\/\/chateaufeely.com\/fr\/presentation-gites\/wine-lodge\/","og_site_name":"Ch\u00e2teau Feely organic wine, tours, accommodation","article_publisher":"https:\/\/www.facebook.com\/ChateauFeely\/","article_modified_time":"2026-02-24T07:28:10+00:00","twitter_card":"summary_large_image","twitter_misc":{"Dur\u00e9e de lecture estim\u00e9e":"3 minutes"},"schema":{"@context":"https:\/\/schema.org","@graph":[{"@type":"WebPage","@id":"https:\/\/chateaufeely.com\/fr\/presentation-gites\/wine-lodge\/","url":"https:\/\/chateaufeely.com\/fr\/presentation-gites\/wine-lodge\/","name":"G\u00eete Wine Lodge pour 4 personnes - proche Bergerac Dordogne","isPartOf":{"@id":"https:\/\/chateaufeely.com\/fr\/#website"},"datePublished":"2016-05-25T08:26:25+00:00","dateModified":"2026-02-24T07:28:10+00:00","description":"Le g\u00eete Wine lodge est un logement id\u00e9al pour vos vacances ou week-end en Dordogne \u00e0 proximit\u00e9 de Begerac. Disponibilit\u00e9s et tarifs sur cette page.","breadcrumb":{"@id":"https:\/\/chateaufeely.com\/fr\/presentation-gites\/wine-lodge\/#breadcrumb"},"inLanguage":"fr-FR","potentialAction":[{"@type":"ReadAction","target":["https:\/\/chateaufeely.com\/fr\/presentation-gites\/wine-lodge\/"]}]},{"@type":"BreadcrumbList","@id":"https:\/\/chateaufeely.com\/fr\/presentation-gites\/wine-lodge\/#breadcrumb","itemListElement":[{"@type":"ListItem","position":1,"name":"Accueil","item":"https:\/\/chateaufeely.com\/fr\/"},{"@type":"ListItem","position":2,"name":"Gites","item":"https:\/\/chateaufeely.com\/fr\/presentation-gites\/"},{"@type":"ListItem","position":3,"name":"Wine Lodge"}]},{"@type":"WebSite","@id":"https:\/\/chateaufeely.com\/fr\/#website","url":"https:\/\/chateaufeely.com\/fr\/","name":"Ch\u00e2teau Feely organic wine, tours, accommodation","description":"Biodynamic and natural wine, tours and wine school, ecological luxury lodge","publisher":{"@id":"https:\/\/chateaufeely.com\/fr\/#organization"},"potentialAction":[{"@type":"SearchAction","target":{"@type":"EntryPoint","urlTemplate":"https:\/\/chateaufeely.com\/fr\/?s={search_term_string}"},"query-input":{"@type":"PropertyValueSpecification","valueRequired":true,"valueName":"search_term_string"}}],"inLanguage":"fr-FR"},{"@type":"Organization","@id":"https:\/\/chateaufeely.com\/fr\/#organization","name":"Ch\u00e2teau Feely organic wine, tours, accommodation","url":"https:\/\/chateaufeely.com\/fr\/","logo":{"@type":"ImageObject","inLanguage":"fr-FR","@id":"https:\/\/chateaufeely.com\/fr\/#\/schema\/logo\/image\/","url":"https:\/\/chateaufeely.com\/wp-content\/uploads\/2016\/05\/logo-vertical-v2-250.png","contentUrl":"https:\/\/chateaufeely.com\/wp-content\/uploads\/2016\/05\/logo-vertical-v2-250.png","width":250,"height":312,"caption":"Ch\u00e2teau Feely organic wine, tours, accommodation"},"image":{"@id":"https:\/\/chateaufeely.com\/fr\/#\/schema\/logo\/image\/"},"sameAs":["https:\/\/www.facebook.com\/ChateauFeely\/","https:\/\/www.instagram.com\/chateaufeely\/"]}]}},"_links":{"self":[{"href":"https:\/\/chateaufeely.com\/fr\/wp-json\/wp\/v2\/pages\/435","targetHints":{"allow":["GET"]}}],"collection":[{"href":"https:\/\/chateaufeely.com\/fr\/wp-json\/wp\/v2\/pages"}],"about":[{"href":"https:\/\/chateaufeely.com\/fr\/wp-json\/wp\/v2\/types\/page"}],"author":[{"embeddable":true,"href":"https:\/\/chateaufeely.com\/fr\/wp-json\/wp\/v2\/users\/2"}],"replies":[{"embeddable":true,"href":"https:\/\/chateaufeely.com\/fr\/wp-json\/wp\/v2\/comments?post=435"}],"version-history":[{"count":1,"href":"https:\/\/chateaufeely.com\/fr\/wp-json\/wp\/v2\/pages\/435\/revisions"}],"predecessor-version":[{"id":10657,"href":"https:\/\/chateaufeely.com\/fr\/wp-json\/wp\/v2\/pages\/435\/revisions\/10657"}],"up":[{"embeddable":true,"href":"https:\/\/chateaufeely.com\/fr\/wp-json\/wp\/v2\/pages\/363"}],"wp:attachment":[{"href":"https:\/\/chateaufeely.com\/fr\/wp-json\/wp\/v2\/media?parent=435"}],"curies":[{"name":"wp","href":"https:\/\/api.w.org\/{rel}","templated":true}]}}