{"id":5443,"date":"2020-03-04T12:16:46","date_gmt":"2020-03-04T11:16:46","guid":{"rendered":"https:\/\/chateaufeely.com\/?page_id=5443"},"modified":"2020-03-06T14:08:18","modified_gmt":"2020-03-06T13:08:18","slug":"comment-nous-trouver","status":"publish","type":"page","link":"https:\/\/chateaufeely.com\/fr\/contact-2\/comment-nous-trouver\/","title":{"rendered":"Comment nous trouver?"},"content":{"rendered":"[vc_row][vc_column][mk_icon_box icon=\u00a0\u00bbmk-moon-globe\u00a0\u00bb title=\u00a0\u00bbO\u00f9 se trouve Ch\u00e2teau Feely?\u00a0\u00bb text_size=\u00a0\u00bb30&Prime; style=\u00a0\u00bbsimple_ultimate\u00a0\u00bb icon_size=\u00a0\u00bblarge\u00a0\u00bb icon_location=\u00a0\u00bbtop\u00a0\u00bb icon_color=\u00a0\u00bb#e0b957&Prime; title_color=\u00a0\u00bb#000000&Prime; txt_color=\u00a0\u00bb#5e5e5e\u00a0\u00bb]\n<p style=\"text-align: center;\">Ch\u00e2teau Feely se trouve en Dordogne \u00e0 l&rsquo;entr\u00e9e de Saussignac,<\/p>\n<p style=\"text-align: center;\">un village se situant \u00e0 1h15 de Bordeaux et 20 minutes de Bergerac<\/p>\n[\/mk_icon_box][\/vc_column][\/vc_row][vc_row][vc_column][vc_column_text css=\u00a0\u00bb.vc_custom_1583318508391{margin-bottom: 0px !important;}\u00a0\u00bb]<style type=\"text\/css\" id=\"gmpMapStyles_1_90483\">\r\n\t#google_map_easy_1_90483 {\r\n        width: 100%;\r\n        height: 400px;\r\n\t\t\t\t\t\t    }\r\n\t#gmapControlsNum_1_90483 {\r\n\t\twidth:100%\t}\r\n\t.gmpMapDetailsContainer#gmpMapDetailsContainer_1_90483 {\r\n\t\theight:400px;\r\n\t}\r\n\t.gmp_MapPreview#google_map_easy_1_90483 {\r\n\t\t\/*position:absolute;*\/\r\n\t\twidth: 100%;\r\n\t}\r\n\t#mapConElem_1_90483{\r\n\t\twidth: 100%\t}\r\n    .gm-style .gm-style-iw-c{\r\n        padding: 12px!important;\r\n    }\r\n\t    <\/style>\r\n <div class=\"gmp_map_opts\" id=\"mapConElem_1_90483\" data-id=\"1\" data-view-id=\"1_90483\" > <div class=\"gmpMapDetailsContainer\" id=\"gmpMapDetailsContainer_1_90483\"> <i class=\"gmpKMLLayersPreloader fa fa-spinner fa-spin\" aria-hidden=\"true\" style=\"display: none;\"><\/i> <div class=\"gmp_MapPreview \" id=\"google_map_easy_1_90483\"><\/div> <\/div> <div class=\"gmpMapMarkerFilters\" id=\"gmpMapMarkerFilters_1_90483\"> <\/div> <div class=\"gmpMapProControlsCon\" id=\"gmpMapProControlsCon_1_90483\"> <a title=\"Google Maps Wordpress\" style=\"display:none;\" href=\"https:\/\/supsystic.com\/plugins\/google-maps-plugin\/?utm_medium=love_link_hide\" target=\"_blank\">Google Maps Wordpress<\/a><div style=\"clear: both;\"><\/div> <\/div> <div class=\"gmpMapProDirectionsCon\" id=\"gmpMapProDirectionsCon_1_90483\" > <\/div> <div class=\"gmpMapProKmlFilterCon\" id=\"gmpMapProKmlFilterCon_1_90483\" > <\/div> <div class=\"gmpSocialSharingShell gmpSocialSharingShell_1_90483\"> <\/div> <div style=\"clear: both;\"><\/div> <\/div> \n<p>&nbsp;<\/p>\n<p>&nbsp;<\/p>\n[\/vc_column_text][\/vc_column][\/vc_row][vc_row][vc_column width=\u00a0\u00bb1\/2&Prime;][mk_icon_box icon=\u00a0\u00bbmk-moon-airplane\u00a0\u00bb title=\u00a0\u00bbDe l&rsquo;a\u00e9roport de Bordeaux-M\u00e9rignac\u00a0\u00bb text_size=\u00a0\u00bb20&Prime; icon_color=\u00a0\u00bb#000000&Prime; icon_circle_color=\u00a0\u00bb\u00a0\u00bb title_color=\u00a0\u00bb#000000&Prime;][\/mk_icon_box][vc_column_text css=\u00a0\u00bb.vc_custom_1583319997059{margin-bottom: 0px !important;}\u00a0\u00bb]\n<ul>\n<li>Prendre la<strong> rocade nord (en direction de Paris, Nantes)<\/strong><\/li>\n<li>Apr\u00e8s le Pont d&rsquo;Aquitaine, prendre la <strong>sortie 1 (Libourne &#8211; P\u00e9rigueux )<\/strong> \u00e0 droite, puis prendre la <strong>sortie 26 direction Libourne<\/strong>.<\/li>\n<li>Apr\u00e8s 18,5 km, prendre la <strong>sortie 9<\/strong> \u00e0 Libourne.<\/li>\n<li>Apr\u00e8s 6 km rejoindre la <strong>sortie \u00e0 droite (Bergerac, St Emilion, Libourne Est)<\/strong>.<\/li>\n<li>Vous arrivez sur un <strong>rond point, tourner \u00e0 droite vers Bergerac<\/strong> et suivre cette route &#8211; cela devient la <strong>D936<\/strong> comme sur la carte ci-contre. Continuez jusqu&rsquo;\u00e0 <strong>Gardonne.<\/strong><\/li>\n<li>Lorsque vous <strong>arrivez \u00e0 Gardonne<\/strong> (\u00e0 un peu plus d&rsquo;une heure de Bordeaux), <strong>tourner \u00e0 droite direction Saussignac sur la D4<\/strong>.<\/li>\n<li>Apr\u00e8s 4 km, vous arrivez sur<strong> l&rsquo;intersection D4\/D14<\/strong>. <strong>Continuez tout droit<\/strong>, la route se transforme en c\u00f4te assez abrupte.<\/li>\n<li>Environ <strong>100m apr\u00e8s avoir travers\u00e9 la route, prendre \u00e0 gauche<\/strong> (petit panneau ch\u00e2teau Feely) \u00e0 la fourche.<\/li>\n<li>Prendre la prochaine route \u00e0 gauche (juste avant le cimeti\u00e8re). Nous sommes la derni\u00e8re propri\u00e9t\u00e9 sur cette route.<\/li>\n<\/ul>\n[\/vc_column_text][\/vc_column][vc_column width=\u00a0\u00bb1\/2&Prime;][mk_icon_box icon=\u00a0\u00bbmk-moon-airplane\u00a0\u00bb title=\u00a0\u00bbDe l&rsquo;a\u00e9roport de Bergerac\u00a0\u00bb text_size=\u00a0\u00bb20&Prime; icon_color=\u00a0\u00bb#000000&Prime; icon_circle_color=\u00a0\u00bb\u00a0\u00bb title_color=\u00a0\u00bb#000000&Prime;][\/mk_icon_box][vc_column_text css=\u00a0\u00bb.vc_custom_1583320587030{margin-bottom: 0px !important;}\u00a0\u00bb]\n<ul>\n<li>Sortir de l&rsquo;a\u00e9roport en <strong>direction de Bergerac sur la D936e1<\/strong><\/li>\n<li>Au<strong> rond-point prendre la 3\u00e8me sortie<\/strong> sur la D936e1<\/li>\n<li>Entrer dans Bergerac sur la D936e1<\/li>\n<li>Continuez tout droit, vous passerez <strong>3 diff\u00e9rents rond-points<\/strong>. Pour chacun d&rsquo;eux, prenez la <strong>2\u00e8me sortie sur la D936e1<\/strong><\/li>\n<li>Continuez sur <strong>1.7km jusqu&rsquo;au prochain rond-point, prendre la 3\u00e8me sortie (direction Lamonzie-St Martin, Gardonne)<\/strong><\/li>\n<li>Suivre la <strong>direction Lamonzie-St Martin, Gardonne<\/strong> sur la route de Bordeaux <strong>D936<\/strong><\/li>\n<li><strong>Traverser Lamonzie-St Martin<\/strong> et continuez <strong>tout droit jusqu&rsquo;\u00e0 Gardonne<\/strong><\/li>\n<li>Lorsque vous <strong>arrivez \u00e0 Gardonne<\/strong> (\u00e0 un peu plus d&rsquo;une heure de Bordeaux), <strong>tourner \u00e0 droite direction Saussignac sur la D4<\/strong>.<\/li>\n<li>Apr\u00e8s 4 km, vous arrivez sur<strong> l&rsquo;intersection D4\/D14<\/strong>. <strong>Continuez tout droit<\/strong>, la route se transforme en c\u00f4te assez abrupte.<\/li>\n<li>Environ <strong>100m apr\u00e8s avoir travers\u00e9 la route, prendre \u00e0 gauche<\/strong> (petit panneau ch\u00e2teau Feely) \u00e0 la fourche.<\/li>\n<li>Prendre la prochaine route \u00e0 gauche (juste avant le cimeti\u00e8re). Nous sommes la derni\u00e8re propri\u00e9t\u00e9 sur cette route.<\/li>\n<\/ul>\n[\/vc_column_text][\/vc_column][\/vc_row][vc_row][vc_column][mk_icon_box icon=\u00a0\u00bbmk-moon-train\u00a0\u00bb title=\u00a0\u00bbVous venez en train\u00a0\u00bb text_size=\u00a0\u00bb20&Prime; icon_size=\u00a0\u00bbmedium\u00a0\u00bb icon_color=\u00a0\u00bb#000000&Prime; icon_circle_color=\u00a0\u00bb\u00a0\u00bb title_color=\u00a0\u00bb#000000&Prime;][\/mk_icon_box][vc_column_text css=\u00a0\u00bb.vc_custom_1583320596183{margin-bottom: 0px !important;}\u00a0\u00bb]Si vous venez en train de Bordeaux ou de Bergerac, il vous sera encore plus simple de venir chez nous.<\/p>\n<ul>\n<li>Via le <strong>TER de Bordeaux<\/strong>, comptez 1h jusqu&rsquo;\u00e0 la gare de Gardonne.<\/li>\n<li>Via le<strong> TER de Bergerac<\/strong>, comptez uniquement 15 minutes jusqu&rsquo;\u00e0 la gare de Gardonne<\/li>\n<\/ul>\n<p>Arriv\u00e9 \u00e0 Gardonne, nous viendrons vous chercher au Bar <em><strong>l&rsquo;Escale<\/strong><\/em> qui se trouve \u00e0 deux pas en face de la Gare.[\/vc_column_text][\/vc_column][\/vc_row][vc_row][vc_column][\/vc_column][\/vc_row]\n","protected":false},"excerpt":{"rendered":"<p>[vc_row][vc_column][mk_icon_box icon=\u00a0\u00bbmk-moon-globe\u00a0\u00bb title=\u00a0\u00bbO\u00f9 se trouve Ch\u00e2teau Feely?\u00a0\u00bb text_size=\u00a0\u00bb30&Prime; style=\u00a0\u00bbsimple_ultimate\u00a0\u00bb icon_size=\u00a0\u00bblarge\u00a0\u00bb icon_location=\u00a0\u00bbtop\u00a0\u00bb icon_color=\u00a0\u00bb#e0b957&Prime; title_color=\u00a0\u00bb#000000&Prime; txt_color=\u00a0\u00bb#5e5e5e\u00a0\u00bb] Ch\u00e2teau Feely se trouve en Dordogne \u00e0 l&rsquo;entr\u00e9e de Saussignac, un village se situant \u00e0 1h15 de Bordeaux et 20 minutes de Bergerac [\/mk_icon_box][\/vc_column][\/vc_row][vc_row][vc_column][vc_column_text css=\u00a0\u00bb.vc_custom_1583318508391{margin-bottom: 0px !important;}\u00a0\u00bb] &nbsp; &nbsp; [\/vc_column_text][\/vc_column][\/vc_row][vc_row][vc_column width=\u00a0\u00bb1\/2&Prime;][mk_icon_box icon=\u00a0\u00bbmk-moon-airplane\u00a0\u00bb title=\u00a0\u00bbDe l&rsquo;a\u00e9roport de Bordeaux-M\u00e9rignac\u00a0\u00bb text_size=\u00a0\u00bb20&Prime; icon_color=\u00a0\u00bb#000000&Prime; icon_circle_color=\u00a0\u00bb\u00a0\u00bb title_color=\u00a0\u00bb#000000&Prime;][\/mk_icon_box][vc_column_text css=\u00a0\u00bb.vc_custom_1583319997059{margin-bottom: [&hellip;]<\/p>\n","protected":false},"author":2,"featured_media":0,"parent":5475,"menu_order":0,"comment_status":"closed","ping_status":"closed","template":"","meta":{"_exactmetrics_skip_tracking":false,"_exactmetrics_sitenote_active":false,"_exactmetrics_sitenote_note":"","_exactmetrics_sitenote_category":0,"footnotes":""},"class_list":["post-5443","page","type-page","status-publish","hentry"],"yoast_head":"<!-- This site is optimized with the Yoast SEO plugin v27.0 - https:\/\/yoast.com\/product\/yoast-seo-wordpress\/ -->\n<title>Comment nous trouver? - Ch\u00e2teau Feely organic wine, tours, accommodation<\/title>\n<meta name=\"robots\" content=\"index, follow, max-snippet:-1, max-image-preview:large, max-video-preview:-1\" \/>\n<link rel=\"canonical\" href=\"https:\/\/chateaufeely.com\/fr\/contact-2\/comment-nous-trouver\/\" \/>\n<meta property=\"og:locale\" content=\"fr_FR\" \/>\n<meta property=\"og:type\" content=\"article\" \/>\n<meta property=\"og:title\" content=\"Comment nous trouver? - Ch\u00e2teau Feely organic wine, tours, accommodation\" \/>\n<meta property=\"og:description\" content=\"[vc_row][vc_column][mk_icon_box icon=\u00a0\u00bbmk-moon-globe\u00a0\u00bb title=\u00a0\u00bbO\u00f9 se trouve Ch\u00e2teau Feely?\u00a0\u00bb text_size=\u00a0\u00bb30&Prime; style=\u00a0\u00bbsimple_ultimate\u00a0\u00bb icon_size=\u00a0\u00bblarge\u00a0\u00bb icon_location=\u00a0\u00bbtop\u00a0\u00bb icon_color=\u00a0\u00bb#e0b957&Prime; title_color=\u00a0\u00bb#000000&Prime; txt_color=\u00a0\u00bb#5e5e5e\u00a0\u00bb] Ch\u00e2teau Feely se trouve en Dordogne \u00e0 l&rsquo;entr\u00e9e de Saussignac, un village se situant \u00e0 1h15 de Bordeaux et 20 minutes de Bergerac [\/mk_icon_box][\/vc_column][\/vc_row][vc_row][vc_column][vc_column_text css=\u00a0\u00bb.vc_custom_1583318508391{margin-bottom: 0px !important;}\u00a0\u00bb] &nbsp; &nbsp; [\/vc_column_text][\/vc_column][\/vc_row][vc_row][vc_column width=\u00a0\u00bb1\/2&Prime;][mk_icon_box icon=\u00a0\u00bbmk-moon-airplane\u00a0\u00bb title=\u00a0\u00bbDe l&rsquo;a\u00e9roport de Bordeaux-M\u00e9rignac\u00a0\u00bb text_size=\u00a0\u00bb20&Prime; icon_color=\u00a0\u00bb#000000&Prime; icon_circle_color=\u00a0\u00bb\u00a0\u00bb title_color=\u00a0\u00bb#000000&Prime;][\/mk_icon_box][vc_column_text css=\u00a0\u00bb.vc_custom_1583319997059{margin-bottom: [&hellip;]\" \/>\n<meta property=\"og:url\" content=\"https:\/\/chateaufeely.com\/fr\/contact-2\/comment-nous-trouver\/\" \/>\n<meta property=\"og:site_name\" content=\"Ch\u00e2teau Feely organic wine, tours, accommodation\" \/>\n<meta property=\"article:publisher\" content=\"https:\/\/www.facebook.com\/ChateauFeely\/\" \/>\n<meta property=\"article:modified_time\" content=\"2020-03-06T13:08:18+00:00\" \/>\n<meta name=\"twitter:card\" content=\"summary_large_image\" \/>\n<meta name=\"twitter:label1\" content=\"Dur\u00e9e de lecture estim\u00e9e\" \/>\n\t<meta name=\"twitter:data1\" content=\"3 minutes\" \/>\n<script type=\"application\/ld+json\" class=\"yoast-schema-graph\">{\"@context\":\"https:\/\/schema.org\",\"@graph\":[{\"@type\":\"WebPage\",\"@id\":\"https:\/\/chateaufeely.com\/fr\/contact-2\/comment-nous-trouver\/\",\"url\":\"https:\/\/chateaufeely.com\/fr\/contact-2\/comment-nous-trouver\/\",\"name\":\"Comment nous trouver? - Ch\u00e2teau Feely organic wine, tours, accommodation\",\"isPartOf\":{\"@id\":\"https:\/\/chateaufeely.com\/fr\/#website\"},\"datePublished\":\"2020-03-04T11:16:46+00:00\",\"dateModified\":\"2020-03-06T13:08:18+00:00\",\"breadcrumb\":{\"@id\":\"https:\/\/chateaufeely.com\/fr\/contact-2\/comment-nous-trouver\/#breadcrumb\"},\"inLanguage\":\"fr-FR\",\"potentialAction\":[{\"@type\":\"ReadAction\",\"target\":[\"https:\/\/chateaufeely.com\/fr\/contact-2\/comment-nous-trouver\/\"]}]},{\"@type\":\"BreadcrumbList\",\"@id\":\"https:\/\/chateaufeely.com\/fr\/contact-2\/comment-nous-trouver\/#breadcrumb\",\"itemListElement\":[{\"@type\":\"ListItem\",\"position\":1,\"name\":\"Accueil\",\"item\":\"https:\/\/chateaufeely.com\/fr\/\"},{\"@type\":\"ListItem\",\"position\":2,\"name\":\"Contact\",\"item\":\"https:\/\/chateaufeely.com\/fr\/contact-2\/\"},{\"@type\":\"ListItem\",\"position\":3,\"name\":\"Comment nous trouver?\"}]},{\"@type\":\"WebSite\",\"@id\":\"https:\/\/chateaufeely.com\/fr\/#website\",\"url\":\"https:\/\/chateaufeely.com\/fr\/\",\"name\":\"Ch\u00e2teau Feely organic wine, tours, accommodation\",\"description\":\"Biodynamic and natural wine, tours and wine school, ecological luxury lodge\",\"publisher\":{\"@id\":\"https:\/\/chateaufeely.com\/fr\/#organization\"},\"potentialAction\":[{\"@type\":\"SearchAction\",\"target\":{\"@type\":\"EntryPoint\",\"urlTemplate\":\"https:\/\/chateaufeely.com\/fr\/?s={search_term_string}\"},\"query-input\":{\"@type\":\"PropertyValueSpecification\",\"valueRequired\":true,\"valueName\":\"search_term_string\"}}],\"inLanguage\":\"fr-FR\"},{\"@type\":\"Organization\",\"@id\":\"https:\/\/chateaufeely.com\/fr\/#organization\",\"name\":\"Ch\u00e2teau Feely organic wine, tours, accommodation\",\"url\":\"https:\/\/chateaufeely.com\/fr\/\",\"logo\":{\"@type\":\"ImageObject\",\"inLanguage\":\"fr-FR\",\"@id\":\"https:\/\/chateaufeely.com\/fr\/#\/schema\/logo\/image\/\",\"url\":\"https:\/\/chateaufeely.com\/wp-content\/uploads\/2016\/05\/logo-vertical-v2-250.png\",\"contentUrl\":\"https:\/\/chateaufeely.com\/wp-content\/uploads\/2016\/05\/logo-vertical-v2-250.png\",\"width\":250,\"height\":312,\"caption\":\"Ch\u00e2teau Feely organic wine, tours, accommodation\"},\"image\":{\"@id\":\"https:\/\/chateaufeely.com\/fr\/#\/schema\/logo\/image\/\"},\"sameAs\":[\"https:\/\/www.facebook.com\/ChateauFeely\/\",\"https:\/\/www.instagram.com\/chateaufeely\/\"]}]}<\/script>\n<!-- \/ Yoast SEO plugin. -->","yoast_head_json":{"title":"Comment nous trouver? - Ch\u00e2teau Feely organic wine, tours, accommodation","robots":{"index":"index","follow":"follow","max-snippet":"max-snippet:-1","max-image-preview":"max-image-preview:large","max-video-preview":"max-video-preview:-1"},"canonical":"https:\/\/chateaufeely.com\/fr\/contact-2\/comment-nous-trouver\/","og_locale":"fr_FR","og_type":"article","og_title":"Comment nous trouver? - Ch\u00e2teau Feely organic wine, tours, accommodation","og_description":"[vc_row][vc_column][mk_icon_box icon=\u00a0\u00bbmk-moon-globe\u00a0\u00bb title=\u00a0\u00bbO\u00f9 se trouve Ch\u00e2teau Feely?\u00a0\u00bb text_size=\u00a0\u00bb30&Prime; style=\u00a0\u00bbsimple_ultimate\u00a0\u00bb icon_size=\u00a0\u00bblarge\u00a0\u00bb icon_location=\u00a0\u00bbtop\u00a0\u00bb icon_color=\u00a0\u00bb#e0b957&Prime; title_color=\u00a0\u00bb#000000&Prime; txt_color=\u00a0\u00bb#5e5e5e\u00a0\u00bb] Ch\u00e2teau Feely se trouve en Dordogne \u00e0 l&rsquo;entr\u00e9e de Saussignac, un village se situant \u00e0 1h15 de Bordeaux et 20 minutes de Bergerac [\/mk_icon_box][\/vc_column][\/vc_row][vc_row][vc_column][vc_column_text css=\u00a0\u00bb.vc_custom_1583318508391{margin-bottom: 0px !important;}\u00a0\u00bb] &nbsp; &nbsp; [\/vc_column_text][\/vc_column][\/vc_row][vc_row][vc_column width=\u00a0\u00bb1\/2&Prime;][mk_icon_box icon=\u00a0\u00bbmk-moon-airplane\u00a0\u00bb title=\u00a0\u00bbDe l&rsquo;a\u00e9roport de Bordeaux-M\u00e9rignac\u00a0\u00bb text_size=\u00a0\u00bb20&Prime; icon_color=\u00a0\u00bb#000000&Prime; icon_circle_color=\u00a0\u00bb\u00a0\u00bb title_color=\u00a0\u00bb#000000&Prime;][\/mk_icon_box][vc_column_text css=\u00a0\u00bb.vc_custom_1583319997059{margin-bottom: [&hellip;]","og_url":"https:\/\/chateaufeely.com\/fr\/contact-2\/comment-nous-trouver\/","og_site_name":"Ch\u00e2teau Feely organic wine, tours, accommodation","article_publisher":"https:\/\/www.facebook.com\/ChateauFeely\/","article_modified_time":"2020-03-06T13:08:18+00:00","twitter_card":"summary_large_image","twitter_misc":{"Dur\u00e9e de lecture estim\u00e9e":"3 minutes"},"schema":{"@context":"https:\/\/schema.org","@graph":[{"@type":"WebPage","@id":"https:\/\/chateaufeely.com\/fr\/contact-2\/comment-nous-trouver\/","url":"https:\/\/chateaufeely.com\/fr\/contact-2\/comment-nous-trouver\/","name":"Comment nous trouver? - Ch\u00e2teau Feely organic wine, tours, accommodation","isPartOf":{"@id":"https:\/\/chateaufeely.com\/fr\/#website"},"datePublished":"2020-03-04T11:16:46+00:00","dateModified":"2020-03-06T13:08:18+00:00","breadcrumb":{"@id":"https:\/\/chateaufeely.com\/fr\/contact-2\/comment-nous-trouver\/#breadcrumb"},"inLanguage":"fr-FR","potentialAction":[{"@type":"ReadAction","target":["https:\/\/chateaufeely.com\/fr\/contact-2\/comment-nous-trouver\/"]}]},{"@type":"BreadcrumbList","@id":"https:\/\/chateaufeely.com\/fr\/contact-2\/comment-nous-trouver\/#breadcrumb","itemListElement":[{"@type":"ListItem","position":1,"name":"Accueil","item":"https:\/\/chateaufeely.com\/fr\/"},{"@type":"ListItem","position":2,"name":"Contact","item":"https:\/\/chateaufeely.com\/fr\/contact-2\/"},{"@type":"ListItem","position":3,"name":"Comment nous trouver?"}]},{"@type":"WebSite","@id":"https:\/\/chateaufeely.com\/fr\/#website","url":"https:\/\/chateaufeely.com\/fr\/","name":"Ch\u00e2teau Feely organic wine, tours, accommodation","description":"Biodynamic and natural wine, tours and wine school, ecological luxury lodge","publisher":{"@id":"https:\/\/chateaufeely.com\/fr\/#organization"},"potentialAction":[{"@type":"SearchAction","target":{"@type":"EntryPoint","urlTemplate":"https:\/\/chateaufeely.com\/fr\/?s={search_term_string}"},"query-input":{"@type":"PropertyValueSpecification","valueRequired":true,"valueName":"search_term_string"}}],"inLanguage":"fr-FR"},{"@type":"Organization","@id":"https:\/\/chateaufeely.com\/fr\/#organization","name":"Ch\u00e2teau Feely organic wine, tours, accommodation","url":"https:\/\/chateaufeely.com\/fr\/","logo":{"@type":"ImageObject","inLanguage":"fr-FR","@id":"https:\/\/chateaufeely.com\/fr\/#\/schema\/logo\/image\/","url":"https:\/\/chateaufeely.com\/wp-content\/uploads\/2016\/05\/logo-vertical-v2-250.png","contentUrl":"https:\/\/chateaufeely.com\/wp-content\/uploads\/2016\/05\/logo-vertical-v2-250.png","width":250,"height":312,"caption":"Ch\u00e2teau Feely organic wine, tours, accommodation"},"image":{"@id":"https:\/\/chateaufeely.com\/fr\/#\/schema\/logo\/image\/"},"sameAs":["https:\/\/www.facebook.com\/ChateauFeely\/","https:\/\/www.instagram.com\/chateaufeely\/"]}]}},"_links":{"self":[{"href":"https:\/\/chateaufeely.com\/fr\/wp-json\/wp\/v2\/pages\/5443","targetHints":{"allow":["GET"]}}],"collection":[{"href":"https:\/\/chateaufeely.com\/fr\/wp-json\/wp\/v2\/pages"}],"about":[{"href":"https:\/\/chateaufeely.com\/fr\/wp-json\/wp\/v2\/types\/page"}],"author":[{"embeddable":true,"href":"https:\/\/chateaufeely.com\/fr\/wp-json\/wp\/v2\/users\/2"}],"replies":[{"embeddable":true,"href":"https:\/\/chateaufeely.com\/fr\/wp-json\/wp\/v2\/comments?post=5443"}],"version-history":[{"count":0,"href":"https:\/\/chateaufeely.com\/fr\/wp-json\/wp\/v2\/pages\/5443\/revisions"}],"up":[{"embeddable":true,"href":"https:\/\/chateaufeely.com\/fr\/wp-json\/wp\/v2\/pages\/5475"}],"wp:attachment":[{"href":"https:\/\/chateaufeely.com\/fr\/wp-json\/wp\/v2\/media?parent=5443"}],"curies":[{"name":"wp","href":"https:\/\/api.w.org\/{rel}","templated":true}]}}