{"id":6631,"date":"2020-06-05T14:16:38","date_gmt":"2020-06-05T13:16:38","guid":{"rendered":"https:\/\/chateaufeely.com\/visites\/visites-et-formations-du-vin-virtuelles\/"},"modified":"2026-03-27T15:18:18","modified_gmt":"2026-03-27T14:18:18","slug":"visites-et-formations-du-vin-virtuelles","status":"publish","type":"page","link":"https:\/\/chateaufeely.com\/fr\/visites\/visites-et-formations-du-vin-virtuelles\/","title":{"rendered":"Visites et cours virtuels de vin"},"content":{"rendered":"[vc_row][vc_column][vc_column_text css=\u00a0\u00bb.vc_custom_1594025811317{margin-bottom: 0px !important;}\u00a0\u00bb]\n<h1 style=\"text-align: center;\"><span style=\"color: #000000;\">Exp\u00e9riences de d\u00e9gustation virtuelle de vins \u00e0 Chateau Feely<\/span><\/h1>\n<h2 style=\"text-align: center;\"><span style=\"color: #000000;\"><a href=\"https:\/\/chateaufeely.com\/fr\/visites\/visites-et-formations-du-vin-virtuelles\/degustation-de-vin-team-building-pour-les-entreprises\/\" target=\"_blank\" rel=\"noopener noreferrer\">-D\u00e9gustation virtuelle de vins en entreprise et en coh\u00e9sion d\u2019\u00e9quipe &#8211;<\/a><\/span><\/h2>\n<h2 style=\"text-align: center;\"><span style=\"color: #000000;\"><a href=\"https:\/\/chateaufeely.com\/fr\/visites\/visites-et-formations-du-vin-virtuelles\/celebrations-virtuelles-privees-autour-du-vin\/\">-D\u00e9gustations de vin virtuelles priv\u00e9es &#8211;<\/a><\/span><\/h2>\n<h2 style=\"text-align: center;\"><span style=\"color: #000000;\"><a href=\"https:\/\/chateaufeely.com\/fr\/?page_id=6430\">&#8211; \u00c9v\u00e9nements virtuels de vin en direct &#8211;<\/a><\/span><\/h2>\n<h2 style=\"text-align: center;\"><span style=\"color: #000000;\"><a href=\"https:\/\/chateaufeely.com\/fr\/?page_id=6128\">&#8211; Cours virtuel de d\u00e9couverte du vin &#8211;<\/a><\/span><\/h2>\n<h2 style=\"text-align: center;\"><span style=\"color: #000000;\"><a href=\"https:\/\/chateaufeely.com\/fr\/?page_id=6699\">&#8211; Tour virtuel de St Emilion et cours de vin rouge &#8211;<\/a><\/span><\/h2>\n<p><span style=\"color: #000000;\">Ch\u00e2teau F\u00e9ely et <span style=\"color: #800000;\"><strong><a style=\"color: #800000;\" href=\"https:\/\/www.frenchwineadventures.com\" target=\"_blank\" rel=\"noopener noreferrer\">French Wine Adventures<\/a> <\/strong><\/span>ont uni leurs id\u00e9es pour lancer une nouvelle fa\u00e7on de d\u00e9couvrir votre passion pour le vin, la France et la nature gr\u00e2ce \u00e0 des visites virtuelles et des cours de vin. Ces exp\u00e9riences divertissantes, \u00e9ducatives et pratiques vous emm\u00e8neront dans un voyage vinologique comme jamais auparavant. Nous avons pour mission de vous offrir les meilleures exp\u00e9riences virtuelles de vin possibles \u2013 du plaisir, du c\u0153ur, directement d\u2019un vigneron (qui est aussi une \u00e9cole de vin certifi\u00e9e), avec des vins produits naturellement et certifi\u00e9s biologiques.<\/span><\/p>\n<p><span style=\"color: #000000;\">Nous avons une s\u00e9lection d\u2019exp\u00e9riences virtuelles \u2013 certaines peuvent \u00eatre prises \u00e0 tout moment, d\u2019autres en direct et doivent \u00eatre r\u00e9serv\u00e9es et programm\u00e9es \u00e0 l\u2019avance, d\u2019autres qui font partie d\u2019un groupe et d\u2019autres sont priv\u00e9es. D\u00e9couvrez ci-dessous le monde magique des exp\u00e9riences virtuelles du vin.<\/span>[\/vc_column_text][\/vc_column][\/vc_row][vc_row][vc_column][vc_separator color=\u00a0\u00bbchino\u00a0\u00bb border_width=\u00a0\u00bb10&Prime;][vc_column_text css=\u00a0\u00bb.vc_custom_1588346162586{margin-bottom: 0px !important;}\u00a0\u00bb]\n<h2>Des exp\u00e9riences qui peuvent \u00eatre reprises \u00e0 tout moment<\/h2>\n<p><span style=\"color: #000000;\">D\u00e9couvrez nos exp\u00e9riences virtuelles qui peuvent \u00eatre prises \u00e0 tout moment dans cette section. Faites d\u00e9filer plus bas pour voir les \u00e9v\u00e9nements en direct.<\/span>[\/vc_column_text][vc_separator color=\u00a0\u00bbchino\u00a0\u00bb border_width=\u00a0\u00bb10&Prime;][\/vc_column][\/vc_row][vc_row][vc_column width=\u00a0\u00bb1\/3&Prime;][vc_single_image image=\u00a0\u00bb5781&Prime; img_size=\u00a0\u00bbmedium\u00a0\u00bb alignment=\u00a0\u00bbcenter\u00a0\u00bb][vc_column_text css=\u00a0\u00bb.vc_custom_1588343590942{margin-bottom: 0px !important;}\u00a0\u00bb]\n<h2><span style=\"color: #000000;\">Cours de d\u00e9couverte &#8211; Vid\u00e9o et vins<\/span><\/h2>\n<p><span style=\"color: #000000;\">Il s\u2019agit d\u2019un cours de 8 modules bas\u00e9 sur des vid\u00e9os et des documents o\u00f9 vous apprendrez \u00e0 go\u00fbter le vin, comment tirer le meilleur de vos vins et pourquoi les vins ont des diff\u00e9rences de go\u00fbt. Voici une analyse approfondie de 12 vins Feely diff\u00e9rents avec vid\u00e9o, documents et un quiz.<\/span><\/p>\n<p>En savoir plus :<\/p>\n<h3><span style=\"color: #000000;\"><a href=\"https:\/\/chateaufeely.com\/fr\/?page_id=6128\">Cours de d\u00e9couverte des aventures viniques fran\u00e7aises Feely<\/a><\/span><\/h3>\n<p><span style=\"color: #000000;\"> ou inscrivez-vous d\u00e8s maintenant avec le bouton ci-dessous :<\/span>[\/vc_column_text][vc_btn title=\u00a0\u00bbS\u2019inscrire maintenant\u00a0\u00bb style=\u00a0\u00bbflat\u00a0\u00bb color=\u00a0\u00bborange\u00a0\u00bb link=\u00a0\u00bburl:https%3A%2F%2Fchateaufeely.com%2Fvisits%2Fvirtual-wine-tours-and-courses%2Fvirtual-discovery-wine-course%2Fenroll-now-virtual-discovery-wine-course%2F|title:Inscrivez-vous%20maintenant%20%E2%80%93%20Cours%20virtuel%20de%20d%C3%A9couverte%20de%20vin|\u00a0\u00bb][\/vc_column][vc_column width=\u00a0\u00bb1\/3&Prime;][vc_single_image image=\u00a0\u00bb6270&Prime; img_size=\u00a0\u00bbmedium\u00a0\u00bb alignment=\u00a0\u00bbcenter\u00a0\u00bb][vc_column_text css=\u00a0\u00bb.vc_custom_1679642594267{margin-bottom: 0px !important;}\u00a0\u00bb]\n<h2><span style=\"color: #000000;\">Mini Discovery Course et Vins (uniquement dans l\u2019UE)<\/span><\/h2>\n<p>Le cours mini d\u00e9couverte comprend 4 modules et 6 vins (disponible uniquement pour l\u2019UE &#8211; pour le Royaume-Uni et les \u00c9tats-Unis, nous n\u2019exp\u00e9dions que dans les cas de 12). Si vous souhaitez explorer le vin mais que vous manquez de temps, cette version pourrait vous convenir. Il s\u2019agit des 4 premiers modules du cours Discovery et d\u2019une session de cl\u00f4ture.<\/p>\n<p>D\u00e9couvrez la <strong><a href=\"https:\/\/chateaufeely.com\/fr\/?page_id=6128\">version compl\u00e8te du cours D\u00e9couverte des Aventures Vino-Fran\u00e7aises de Feely<\/a><\/strong> French.<\/p>\n<p>Pour en savoir plus, y compris le co\u00fbt de la version miniature du cours de d\u00e9couverte, contactez-nous via le <a href=\"https:\/\/chateaufeely.com\/contact\/\">formulaire de contact<\/a>.[\/vc_column_text][\/vc_column][vc_column width=\u00a0\u00bb1\/3&Prime;][vc_single_image image=\u00a0\u00bb6294&Prime; img_size=\u00a0\u00bbmedium\u00a0\u00bb alignment=\u00a0\u00bbcenter\u00a0\u00bb][vc_column_text css=\u00a0\u00bb.vc_custom_1679642618688{margin-bottom: 0px !important;}\u00a0\u00bb]\n<h2><span style=\"color: #000000;\">Nouvelles exp\u00e9riences !<\/span><\/h2>\n<p><span style=\"color: #000000;\">D\u00e9couvrez la <strong><a href=\"https:\/\/chateaufeely.com\/fr\/?page_id=6699\" target=\"_blank\" rel=\"noopener noreferrer\">visite de St Emilion dans une bo\u00eete<\/a><\/strong>. Nous sommes motiv\u00e9s \u00e0 partager les merveilles du vin et de la gastronomie de notre r\u00e9gion.<\/span><\/p>\n<p><span style=\"color: #000000;\">Pour rester inform\u00e9 de nos <a href=\"https:\/\/chateaufeely.com\/sign-up-newsletter\/\">derni\u00e8res offres et \u00e9v\u00e9nements virtuels, inscrivez-vous \u00e0 notre liste de diffusion<\/a>.<\/span>[\/vc_column_text][\/vc_column][\/vc_row][vc_row][vc_column][vc_separator color=\u00a0\u00bbchino\u00a0\u00bb border_width=\u00a0\u00bb10&Prime;][vc_column_text css=\u00a0\u00bb.vc_custom_1588346143914{margin-bottom: 0px !important;}\u00a0\u00bb]\n<h2>EXP\u00c9RIENCES VIRTUELLES EN DIRECT SUR LE VIN<\/h2>\n<p>D\u00e9couvrez nos exp\u00e9riences virtuelles en direct ci-dessous \u2013 ces \u00e9v\u00e9nements en direct amusants doivent \u00eatre r\u00e9serv\u00e9s \u00e0 l\u2019avance. Faites d\u00e9filer vers le haut pour d\u00e9couvrir les exp\u00e9riences vinolines pr\u00e9enregistr\u00e9es que vous pouvez vivre \u00e0 tout moment.[\/vc_column_text][vc_separator color=\u00a0\u00bbchino\u00a0\u00bb border_width=\u00a0\u00bb10&Prime;][\/vc_column][\/vc_row][vc_row][vc_column width=\u00a0\u00bb1\/3&Prime;][vc_single_image image=\u00a0\u00bb6266&Prime; img_size=\u00a0\u00bbmedium\u00a0\u00bb alignment=\u00a0\u00bbcenter\u00a0\u00bb][vc_column_text css=\u00a0\u00bb.vc_custom_1592832849929{margin-bottom: 0px !important;}\u00a0\u00bb]\n<h2><span style=\"color: #000000;\">D\u00e9gustation de vin et d\u00e9veloppement de votre cerveau aromatique<\/span><\/h2>\n<p><span style=\"color: #000000;\">Rejoignez Caro Feely Live pour une exp\u00e9rience de d\u00e9gustation d\u2019une heure \u2013 introduction \u00e0 la d\u00e9gustation de vin et d\u00e9veloppement de votre \u00ab cerveau aromatique \u00bb.<\/span><\/p>\n<p><span style=\"color: #000000;\">Rejoignez-nous pour un voyage dans la d\u00e9gustation de vins avec un peu d\u2019aromath\u00e9rapie. Il te faut une bouteille de Sincerite, une bouteille de Resonance et une bouteille de Saussignac. Tous ces vins restent bons pendant plusieurs jours (re-bouch\u00e9s et au frigo) apr\u00e8s ouverture, donc pas de souci de gaspiller du vin (ou m\u00eame des semaines pour le Saussignac \u2013 gardez au moins la moiti\u00e9 pour l\u2019\u00e9v\u00e9nement de la semaine suivante).<\/span><\/p>\n<p>Pour en savoir plus, consultez Virtual <strong><a href=\"https:\/\/chateaufeely.com\/fr\/?page_id=6430\">Live Wine Experiences<\/a><\/strong>.[\/vc_column_text][\/vc_column][vc_column width=\u00a0\u00bb1\/3&Prime;][vc_single_image image=\u00a0\u00bb6244&Prime; img_size=\u00a0\u00bbmedium\u00a0\u00bb alignment=\u00a0\u00bbcenter\u00a0\u00bb][vc_column_text css=\u00a0\u00bb.vc_custom_1592832829795{margin-bottom: 0px !important;}\u00a0\u00bb]\n<h2><span style=\"color: #000000;\">Accord vins et plats<\/span><\/h2>\n<h4>La technologie des accords vins et mets virtuels \u00e9v\u00e9nements<\/h4>\n<p><span style=\"color: #000000;\">Rejoignez-nous pour un voyage dans l\u2019accord vins et mets. Nous allons parler des interactions entre la nourriture et le vin et comment vous pouvez comprendre pourquoi certains accords sont incroyables et d\u2019autres sont terribles. Nous garantissons que vous pourrez orchestrer plus de joie d\u2019accords vins apr\u00e8s cet \u00e9v\u00e9nement.<\/span><\/p>\n<p>Pour en savoir plus, consultez Virtual <strong><a href=\"https:\/\/chateaufeely.com\/fr\/?page_id=6430\">Live Wine Experiences<\/a><\/strong>.[\/vc_column_text][\/vc_column][vc_column width=\u00a0\u00bb1\/3&Prime;][vc_single_image image=\u00a0\u00bb6264&Prime; img_size=\u00a0\u00bbmedium\u00a0\u00bb alignment=\u00a0\u00bbcenter\u00a0\u00bb][vc_column_text css=\u00a0\u00bb.vc_custom_1592832887496{margin-bottom: 0px !important;}\u00a0\u00bb]\n<h2><a href=\"https:\/\/chateaufeely.com\/fr\/visites\/visites-et-formations-du-vin-virtuelles\/degustation-de-vin-team-building-pour-les-entreprises\/\" target=\"_blank\" rel=\"noopener noreferrer\"><span style=\"color: #000000;\">Exp\u00e9riences virtuelles de vin de team building<\/span><\/a><\/h2>\n<p><span style=\"color: #000000;\">Les exp\u00e9riences de team building virtuel de Chateau Feely utilisent nos 15 ans d\u2019exp\u00e9rience en vinification, viticulture, tourn\u00e9e et \u00e9cole de vin, ainsi que les dix ann\u00e9es d\u2019exp\u00e9rience professionnelle de Caro Feely en tant qu\u2019animatrice chez IBM et Accenture, pour vous offrir une session virtuelle sur le vin qui vous offrira, \u00e0 vous et \u00e0 votre \u00e9quipe, de nouvelles connaissances sur le vin et la durabilit\u00e9 ainsi qu\u2019une exp\u00e9rience partag\u00e9e amusante. <\/span>Pour en savoir plus, consultez <a href=\"https:\/\/chateaufeely.com\/fr\/visites\/visites-et-formations-du-vin-virtuelles\/degustation-de-vin-team-building-pour-les-entreprises\/\" target=\"_blank\" rel=\"noopener noreferrer\">Virtual Team Building Experiences<\/a>.<\/p>\n<h2><a href=\"https:\/\/chateaufeely.com\/fr\/visites\/visites-et-formations-du-vin-virtuelles\/celebrations-virtuelles-privees-autour-du-vin\/\"><span style=\"color: #000000;\">C\u00e9l\u00e9brations priv\u00e9es en direct de l\u2019exp\u00e9rience virtuelle du vin<\/span><\/a><\/h2>\n<p><span style=\"color: #000000;\">Vous vous demandez comment c\u00e9l\u00e9brer un \u00e9v\u00e9nement cl\u00e9 avec la famille et les amis ? Nous pouvons organiser une Exp\u00e9rience Virtuelle VIP pour vous et vos invit\u00e9s. D\u00e9couvrez plus <\/span><a href=\"https:\/\/chateaufeely.com\/fr\/visites\/visites-et-formations-du-vin-virtuelles\/celebrations-virtuelles-privees-autour-du-vin\/\"><span style=\"color: #000000;\">d\u2019exp\u00e9riences virtuelles priv\u00e9es sur le vin.<\/span><\/a>[\/vc_column_text][\/vc_column][\/vc_row][vc_row][vc_column][vc_separator color=\u00a0\u00bbchino\u00a0\u00bb border_width=\u00a0\u00bb10&Prime;][\/vc_column][\/vc_row]\n","protected":false},"excerpt":{"rendered":"<p>[vc_row][vc_column][vc_column_text css=\u00a0\u00bb.vc_custom_1594025811317{margin-bottom: 0px !important;}\u00a0\u00bb] Exp\u00e9riences de d\u00e9gustation virtuelle de vins \u00e0 Chateau Feely -D\u00e9gustation virtuelle de vins en entreprise et en coh\u00e9sion d\u2019\u00e9quipe &#8211; -D\u00e9gustations de vin virtuelles priv\u00e9es &#8211; &#8211; \u00c9v\u00e9nements virtuels de vin en direct &#8211; &#8211; Cours virtuel de d\u00e9couverte du vin &#8211; &#8211; Tour virtuel de St Emilion et cours de [&hellip;]<\/p>\n","protected":false},"author":2,"featured_media":6302,"parent":251,"menu_order":0,"comment_status":"closed","ping_status":"closed","template":"","meta":{"footnotes":""},"class_list":["post-6631","page","type-page","status-publish","has-post-thumbnail","hentry"],"yoast_head":"<!-- This site is optimized with the Yoast SEO plugin v27.3 - https:\/\/yoast.com\/product\/yoast-seo-wordpress\/ -->\n<title>Visites et cours virtuels de vin - Ch\u00e2teau Feely organic wine, tours, accommodation<\/title>\n<meta name=\"robots\" content=\"index, follow, max-snippet:-1, max-image-preview:large, max-video-preview:-1\" \/>\n<link rel=\"canonical\" href=\"https:\/\/chateaufeely.com\/fr\/visites\/visites-et-formations-du-vin-virtuelles\/\" \/>\n<meta property=\"og:locale\" content=\"fr_FR\" \/>\n<meta property=\"og:type\" content=\"article\" \/>\n<meta property=\"og:title\" content=\"Visites et cours virtuels de vin - Ch\u00e2teau Feely organic wine, tours, accommodation\" \/>\n<meta property=\"og:description\" content=\"[vc_row][vc_column][vc_column_text css=\u00a0\u00bb.vc_custom_1594025811317{margin-bottom: 0px !important;}\u00a0\u00bb] Exp\u00e9riences de d\u00e9gustation virtuelle de vins \u00e0 Chateau Feely -D\u00e9gustation virtuelle de vins en entreprise et en coh\u00e9sion d\u2019\u00e9quipe &#8211; -D\u00e9gustations de vin virtuelles priv\u00e9es &#8211; &#8211; \u00c9v\u00e9nements virtuels de vin en direct &#8211; &#8211; Cours virtuel de d\u00e9couverte du vin &#8211; &#8211; Tour virtuel de St Emilion et cours de [&hellip;]\" \/>\n<meta property=\"og:url\" content=\"https:\/\/chateaufeely.com\/fr\/visites\/visites-et-formations-du-vin-virtuelles\/\" \/>\n<meta property=\"og:site_name\" content=\"Ch\u00e2teau Feely organic wine, tours, accommodation\" \/>\n<meta property=\"article:publisher\" content=\"https:\/\/www.facebook.com\/ChateauFeely\/\" \/>\n<meta property=\"article:modified_time\" content=\"2026-03-27T14:18:18+00:00\" \/>\n<meta property=\"og:image\" content=\"https:\/\/chateaufeely.com\/wp-content\/uploads\/2020\/05\/20200430_181619-dunc-virtual-tasting-chateau-feely-1200.jpg\" \/>\n\t<meta property=\"og:image:width\" content=\"1200\" \/>\n\t<meta property=\"og:image:height\" content=\"900\" \/>\n\t<meta property=\"og:image:type\" content=\"image\/jpeg\" \/>\n<meta name=\"twitter:card\" content=\"summary_large_image\" \/>\n<meta name=\"twitter:label1\" content=\"Dur\u00e9e de lecture estim\u00e9e\" \/>\n\t<meta name=\"twitter:data1\" content=\"6 minutes\" \/>\n<script type=\"application\/ld+json\" class=\"yoast-schema-graph\">{\"@context\":\"https:\\\/\\\/schema.org\",\"@graph\":[{\"@type\":\"WebPage\",\"@id\":\"https:\\\/\\\/chateaufeely.com\\\/fr\\\/visites\\\/visites-et-formations-du-vin-virtuelles\\\/\",\"url\":\"https:\\\/\\\/chateaufeely.com\\\/fr\\\/visites\\\/visites-et-formations-du-vin-virtuelles\\\/\",\"name\":\"Visites et cours virtuels de vin - Ch\u00e2teau Feely organic wine, tours, accommodation\",\"isPartOf\":{\"@id\":\"https:\\\/\\\/chateaufeely.com\\\/fr\\\/#website\"},\"primaryImageOfPage\":{\"@id\":\"https:\\\/\\\/chateaufeely.com\\\/fr\\\/visites\\\/visites-et-formations-du-vin-virtuelles\\\/#primaryimage\"},\"image\":{\"@id\":\"https:\\\/\\\/chateaufeely.com\\\/fr\\\/visites\\\/visites-et-formations-du-vin-virtuelles\\\/#primaryimage\"},\"thumbnailUrl\":\"https:\\\/\\\/chateaufeely.com\\\/wp-content\\\/uploads\\\/2020\\\/05\\\/20200430_181619-dunc-virtual-tasting-chateau-feely-1200.jpg\",\"datePublished\":\"2020-06-05T13:16:38+00:00\",\"dateModified\":\"2026-03-27T14:18:18+00:00\",\"breadcrumb\":{\"@id\":\"https:\\\/\\\/chateaufeely.com\\\/fr\\\/visites\\\/visites-et-formations-du-vin-virtuelles\\\/#breadcrumb\"},\"inLanguage\":\"fr-FR\",\"potentialAction\":[{\"@type\":\"ReadAction\",\"target\":[\"https:\\\/\\\/chateaufeely.com\\\/fr\\\/visites\\\/visites-et-formations-du-vin-virtuelles\\\/\"]}]},{\"@type\":\"ImageObject\",\"inLanguage\":\"fr-FR\",\"@id\":\"https:\\\/\\\/chateaufeely.com\\\/fr\\\/visites\\\/visites-et-formations-du-vin-virtuelles\\\/#primaryimage\",\"url\":\"https:\\\/\\\/chateaufeely.com\\\/wp-content\\\/uploads\\\/2020\\\/05\\\/20200430_181619-dunc-virtual-tasting-chateau-feely-1200.jpg\",\"contentUrl\":\"https:\\\/\\\/chateaufeely.com\\\/wp-content\\\/uploads\\\/2020\\\/05\\\/20200430_181619-dunc-virtual-tasting-chateau-feely-1200.jpg\",\"width\":1200,\"height\":900,\"caption\":\"Ch\u00e2teau-Virtuel-D\u00e9gustation-Feely\"},{\"@type\":\"BreadcrumbList\",\"@id\":\"https:\\\/\\\/chateaufeely.com\\\/fr\\\/visites\\\/visites-et-formations-du-vin-virtuelles\\\/#breadcrumb\",\"itemListElement\":[{\"@type\":\"ListItem\",\"position\":1,\"name\":\"Accueil\",\"item\":\"https:\\\/\\\/chateaufeely.com\\\/fr\\\/\"},{\"@type\":\"ListItem\",\"position\":2,\"name\":\"Visites\",\"item\":\"https:\\\/\\\/chateaufeely.com\\\/fr\\\/visits\\\/\"},{\"@type\":\"ListItem\",\"position\":3,\"name\":\"Visites et cours virtuels de vin\"}]},{\"@type\":\"WebSite\",\"@id\":\"https:\\\/\\\/chateaufeely.com\\\/fr\\\/#website\",\"url\":\"https:\\\/\\\/chateaufeely.com\\\/fr\\\/\",\"name\":\"Ch\u00e2teau Feely organic wine, tours, accommodation\",\"description\":\"Biodynamic and natural wine, tours and wine school, ecological luxury lodge\",\"publisher\":{\"@id\":\"https:\\\/\\\/chateaufeely.com\\\/fr\\\/#organization\"},\"potentialAction\":[{\"@type\":\"SearchAction\",\"target\":{\"@type\":\"EntryPoint\",\"urlTemplate\":\"https:\\\/\\\/chateaufeely.com\\\/fr\\\/?s={search_term_string}\"},\"query-input\":{\"@type\":\"PropertyValueSpecification\",\"valueRequired\":true,\"valueName\":\"search_term_string\"}}],\"inLanguage\":\"fr-FR\"},{\"@type\":\"Organization\",\"@id\":\"https:\\\/\\\/chateaufeely.com\\\/fr\\\/#organization\",\"name\":\"Ch\u00e2teau Feely organic wine, tours, accommodation\",\"url\":\"https:\\\/\\\/chateaufeely.com\\\/fr\\\/\",\"logo\":{\"@type\":\"ImageObject\",\"inLanguage\":\"fr-FR\",\"@id\":\"https:\\\/\\\/chateaufeely.com\\\/fr\\\/#\\\/schema\\\/logo\\\/image\\\/\",\"url\":\"https:\\\/\\\/chateaufeely.com\\\/wp-content\\\/uploads\\\/2016\\\/05\\\/logo-vertical-v2-250.png\",\"contentUrl\":\"https:\\\/\\\/chateaufeely.com\\\/wp-content\\\/uploads\\\/2016\\\/05\\\/logo-vertical-v2-250.png\",\"width\":250,\"height\":312,\"caption\":\"Ch\u00e2teau Feely organic wine, tours, accommodation\"},\"image\":{\"@id\":\"https:\\\/\\\/chateaufeely.com\\\/fr\\\/#\\\/schema\\\/logo\\\/image\\\/\"},\"sameAs\":[\"https:\\\/\\\/www.facebook.com\\\/ChateauFeely\\\/\",\"https:\\\/\\\/www.instagram.com\\\/chateaufeely\\\/\"]}]}<\/script>\n<!-- \/ Yoast SEO plugin. -->","yoast_head_json":{"title":"Visites et cours virtuels de vin - Ch\u00e2teau Feely organic wine, tours, accommodation","robots":{"index":"index","follow":"follow","max-snippet":"max-snippet:-1","max-image-preview":"max-image-preview:large","max-video-preview":"max-video-preview:-1"},"canonical":"https:\/\/chateaufeely.com\/fr\/visites\/visites-et-formations-du-vin-virtuelles\/","og_locale":"fr_FR","og_type":"article","og_title":"Visites et cours virtuels de vin - Ch\u00e2teau Feely organic wine, tours, accommodation","og_description":"[vc_row][vc_column][vc_column_text css=\u00a0\u00bb.vc_custom_1594025811317{margin-bottom: 0px !important;}\u00a0\u00bb] Exp\u00e9riences de d\u00e9gustation virtuelle de vins \u00e0 Chateau Feely -D\u00e9gustation virtuelle de vins en entreprise et en coh\u00e9sion d\u2019\u00e9quipe &#8211; -D\u00e9gustations de vin virtuelles priv\u00e9es &#8211; &#8211; \u00c9v\u00e9nements virtuels de vin en direct &#8211; &#8211; Cours virtuel de d\u00e9couverte du vin &#8211; &#8211; Tour virtuel de St Emilion et cours de [&hellip;]","og_url":"https:\/\/chateaufeely.com\/fr\/visites\/visites-et-formations-du-vin-virtuelles\/","og_site_name":"Ch\u00e2teau Feely organic wine, tours, accommodation","article_publisher":"https:\/\/www.facebook.com\/ChateauFeely\/","article_modified_time":"2026-03-27T14:18:18+00:00","og_image":[{"width":1200,"height":900,"url":"https:\/\/chateaufeely.com\/wp-content\/uploads\/2020\/05\/20200430_181619-dunc-virtual-tasting-chateau-feely-1200.jpg","type":"image\/jpeg"}],"twitter_card":"summary_large_image","twitter_misc":{"Dur\u00e9e de lecture estim\u00e9e":"6 minutes"},"schema":{"@context":"https:\/\/schema.org","@graph":[{"@type":"WebPage","@id":"https:\/\/chateaufeely.com\/fr\/visites\/visites-et-formations-du-vin-virtuelles\/","url":"https:\/\/chateaufeely.com\/fr\/visites\/visites-et-formations-du-vin-virtuelles\/","name":"Visites et cours virtuels de vin - Ch\u00e2teau Feely organic wine, tours, accommodation","isPartOf":{"@id":"https:\/\/chateaufeely.com\/fr\/#website"},"primaryImageOfPage":{"@id":"https:\/\/chateaufeely.com\/fr\/visites\/visites-et-formations-du-vin-virtuelles\/#primaryimage"},"image":{"@id":"https:\/\/chateaufeely.com\/fr\/visites\/visites-et-formations-du-vin-virtuelles\/#primaryimage"},"thumbnailUrl":"https:\/\/chateaufeely.com\/wp-content\/uploads\/2020\/05\/20200430_181619-dunc-virtual-tasting-chateau-feely-1200.jpg","datePublished":"2020-06-05T13:16:38+00:00","dateModified":"2026-03-27T14:18:18+00:00","breadcrumb":{"@id":"https:\/\/chateaufeely.com\/fr\/visites\/visites-et-formations-du-vin-virtuelles\/#breadcrumb"},"inLanguage":"fr-FR","potentialAction":[{"@type":"ReadAction","target":["https:\/\/chateaufeely.com\/fr\/visites\/visites-et-formations-du-vin-virtuelles\/"]}]},{"@type":"ImageObject","inLanguage":"fr-FR","@id":"https:\/\/chateaufeely.com\/fr\/visites\/visites-et-formations-du-vin-virtuelles\/#primaryimage","url":"https:\/\/chateaufeely.com\/wp-content\/uploads\/2020\/05\/20200430_181619-dunc-virtual-tasting-chateau-feely-1200.jpg","contentUrl":"https:\/\/chateaufeely.com\/wp-content\/uploads\/2020\/05\/20200430_181619-dunc-virtual-tasting-chateau-feely-1200.jpg","width":1200,"height":900,"caption":"Ch\u00e2teau-Virtuel-D\u00e9gustation-Feely"},{"@type":"BreadcrumbList","@id":"https:\/\/chateaufeely.com\/fr\/visites\/visites-et-formations-du-vin-virtuelles\/#breadcrumb","itemListElement":[{"@type":"ListItem","position":1,"name":"Accueil","item":"https:\/\/chateaufeely.com\/fr\/"},{"@type":"ListItem","position":2,"name":"Visites","item":"https:\/\/chateaufeely.com\/fr\/visits\/"},{"@type":"ListItem","position":3,"name":"Visites et cours virtuels de vin"}]},{"@type":"WebSite","@id":"https:\/\/chateaufeely.com\/fr\/#website","url":"https:\/\/chateaufeely.com\/fr\/","name":"Ch\u00e2teau Feely organic wine, tours, accommodation","description":"Biodynamic and natural wine, tours and wine school, ecological luxury lodge","publisher":{"@id":"https:\/\/chateaufeely.com\/fr\/#organization"},"potentialAction":[{"@type":"SearchAction","target":{"@type":"EntryPoint","urlTemplate":"https:\/\/chateaufeely.com\/fr\/?s={search_term_string}"},"query-input":{"@type":"PropertyValueSpecification","valueRequired":true,"valueName":"search_term_string"}}],"inLanguage":"fr-FR"},{"@type":"Organization","@id":"https:\/\/chateaufeely.com\/fr\/#organization","name":"Ch\u00e2teau Feely organic wine, tours, accommodation","url":"https:\/\/chateaufeely.com\/fr\/","logo":{"@type":"ImageObject","inLanguage":"fr-FR","@id":"https:\/\/chateaufeely.com\/fr\/#\/schema\/logo\/image\/","url":"https:\/\/chateaufeely.com\/wp-content\/uploads\/2016\/05\/logo-vertical-v2-250.png","contentUrl":"https:\/\/chateaufeely.com\/wp-content\/uploads\/2016\/05\/logo-vertical-v2-250.png","width":250,"height":312,"caption":"Ch\u00e2teau Feely organic wine, tours, accommodation"},"image":{"@id":"https:\/\/chateaufeely.com\/fr\/#\/schema\/logo\/image\/"},"sameAs":["https:\/\/www.facebook.com\/ChateauFeely\/","https:\/\/www.instagram.com\/chateaufeely\/"]}]}},"_links":{"self":[{"href":"https:\/\/chateaufeely.com\/fr\/wp-json\/wp\/v2\/pages\/6631","targetHints":{"allow":["GET"]}}],"collection":[{"href":"https:\/\/chateaufeely.com\/fr\/wp-json\/wp\/v2\/pages"}],"about":[{"href":"https:\/\/chateaufeely.com\/fr\/wp-json\/wp\/v2\/types\/page"}],"author":[{"embeddable":true,"href":"https:\/\/chateaufeely.com\/fr\/wp-json\/wp\/v2\/users\/2"}],"replies":[{"embeddable":true,"href":"https:\/\/chateaufeely.com\/fr\/wp-json\/wp\/v2\/comments?post=6631"}],"version-history":[{"count":2,"href":"https:\/\/chateaufeely.com\/fr\/wp-json\/wp\/v2\/pages\/6631\/revisions"}],"predecessor-version":[{"id":11302,"href":"https:\/\/chateaufeely.com\/fr\/wp-json\/wp\/v2\/pages\/6631\/revisions\/11302"}],"up":[{"embeddable":true,"href":"https:\/\/chateaufeely.com\/fr\/wp-json\/wp\/v2\/pages\/251"}],"wp:featuredmedia":[{"embeddable":true,"href":"https:\/\/chateaufeely.com\/fr\/wp-json\/wp\/v2\/media\/6302"}],"wp:attachment":[{"href":"https:\/\/chateaufeely.com\/fr\/wp-json\/wp\/v2\/media?parent=6631"}],"curies":[{"name":"wp","href":"https:\/\/api.w.org\/{rel}","templated":true}]}}