{"id":7072,"date":"2020-10-13T11:15:51","date_gmt":"2020-10-13T10:15:51","guid":{"rendered":"https:\/\/chateaufeely.com\/virtuel\/"},"modified":"2021-04-07T15:55:29","modified_gmt":"2021-04-07T14:55:29","slug":"virtuel","status":"publish","type":"page","link":"https:\/\/chateaufeely.com\/fr\/virtuel\/","title":{"rendered":"Virtuel"},"content":{"rendered":"[vc_row][vc_column][mk_page_title_box page_title=\u00a0\u00bbExp\u00e9riences du vin virtuelles\u00a0\u00bb section_height=\u00a0\u00bb200&Prime; font_color=\u00a0\u00bb#000000&Prime;][vc_column_text css=\u00a0\u00bb.vc_custom_1594024882880{margin-bottom: 0px !important;}\u00a0\u00bb]Le Ch\u00e2teau Feely et French Wine Adventures ont rassembl\u00e9s leurs forces afin de proposer une nouvelle fa\u00e7on de vivre l&rsquo;exp\u00e9rience et la passion du vin. Ces activit\u00e9s ludiques, p\u00e9dagogiques et interactives vous embarqueront pour un voyage oenologique unique.<\/p>\n<p>&nbsp;<\/p>\n<h2 style=\"text-align: center;\"><a href=\"https:\/\/chateaufeely.com\/fr\/visites\/visites-et-formations-du-vin-virtuelles\/celebrations-virtuelles-privees-autour-du-vin\/\">-Soir\u00e9es priv\u00e9es \u0153nologiques-<\/a><\/h2>\n<h2 style=\"text-align: center;\"><a href=\"https:\/\/chateaufeely.com\/fr\/visites\/visites-et-formations-du-vin-virtuelles\/degustation-de-vin-team-building-pour-les-entreprises\/\">-S\u00e9minaires et teambuilding-<\/a><\/h2>\n<p><!--more-->[\/vc_column_text][\/vc_column][\/vc_row]\n","protected":false},"excerpt":{"rendered":"<p>[vc_row][vc_column][mk_page_title_box page_title=\u00a0\u00bbExp\u00e9riences du vin virtuelles\u00a0\u00bb section_height=\u00a0\u00bb200&Prime; font_color=\u00a0\u00bb#000000&Prime;][vc_column_text css=\u00a0\u00bb.vc_custom_1594024882880{margin-bottom: 0px !important;}\u00a0\u00bb]Le Ch\u00e2teau Feely et French Wine Adventures ont rassembl\u00e9s leurs forces afin de proposer une nouvelle fa\u00e7on de vivre l&rsquo;exp\u00e9rience et la passion du vin. Ces activit\u00e9s ludiques, p\u00e9dagogiques et interactives vous embarqueront pour un voyage oenologique unique. &nbsp; -Soir\u00e9es priv\u00e9es \u0153nologiques- -S\u00e9minaires et teambuilding-<\/p>\n","protected":false},"author":2,"featured_media":6271,"parent":0,"menu_order":0,"comment_status":"closed","ping_status":"closed","template":"","meta":{"footnotes":""},"class_list":["post-7072","page","type-page","status-publish","has-post-thumbnail","hentry"],"yoast_head":"<!-- This site is optimized with the Yoast SEO plugin v27.3 - https:\/\/yoast.com\/product\/yoast-seo-wordpress\/ -->\n<title>Virtuel - Ch\u00e2teau Feely organic wine, tours, accommodation<\/title>\n<meta name=\"description\" content=\"Les exp\u00e9riences virtuelles du Ch\u00e2teau Feely &amp; French Wine Adventures, incluant les soir\u00e9es d\u00e9gustation, formations par vid\u00e9os, accords mets &amp; vin et \u00e9v\u00e9nements virtuels en direct\" \/>\n<meta name=\"robots\" content=\"index, follow, max-snippet:-1, max-image-preview:large, max-video-preview:-1\" \/>\n<link rel=\"canonical\" href=\"https:\/\/chateaufeely.com\/fr\/virtuel\/\" \/>\n<meta property=\"og:locale\" content=\"fr_FR\" \/>\n<meta property=\"og:type\" content=\"article\" \/>\n<meta property=\"og:title\" content=\"Virtuel - Ch\u00e2teau Feely organic wine, tours, accommodation\" \/>\n<meta property=\"og:description\" content=\"Les exp\u00e9riences virtuelles du Ch\u00e2teau Feely &amp; French Wine Adventures, incluant les soir\u00e9es d\u00e9gustation, formations par vid\u00e9os, accords mets &amp; vin et \u00e9v\u00e9nements virtuels en direct\" \/>\n<meta property=\"og:url\" content=\"https:\/\/chateaufeely.com\/fr\/virtuel\/\" \/>\n<meta property=\"og:site_name\" content=\"Ch\u00e2teau Feely organic wine, tours, accommodation\" \/>\n<meta property=\"article:publisher\" content=\"https:\/\/www.facebook.com\/ChateauFeely\/\" \/>\n<meta property=\"article:modified_time\" content=\"2021-04-07T14:55:29+00:00\" \/>\n<meta property=\"og:image\" content=\"https:\/\/chateaufeely.com\/wp-content\/uploads\/2020\/05\/20200430_180958-gen-virtual-experience-chateau-feely-1200.jpg\" \/>\n\t<meta property=\"og:image:width\" content=\"1200\" \/>\n\t<meta property=\"og:image:height\" content=\"866\" \/>\n\t<meta property=\"og:image:type\" content=\"image\/jpeg\" \/>\n<meta name=\"twitter:card\" content=\"summary_large_image\" \/>\n<meta name=\"twitter:label1\" content=\"Dur\u00e9e de lecture estim\u00e9e\" \/>\n\t<meta name=\"twitter:data1\" content=\"1 minute\" \/>\n<script type=\"application\/ld+json\" class=\"yoast-schema-graph\">{\"@context\":\"https:\\\/\\\/schema.org\",\"@graph\":[{\"@type\":\"WebPage\",\"@id\":\"https:\\\/\\\/chateaufeely.com\\\/fr\\\/virtuel\\\/\",\"url\":\"https:\\\/\\\/chateaufeely.com\\\/fr\\\/virtuel\\\/\",\"name\":\"Virtuel - Ch\u00e2teau Feely organic wine, tours, accommodation\",\"isPartOf\":{\"@id\":\"https:\\\/\\\/chateaufeely.com\\\/fr\\\/#website\"},\"primaryImageOfPage\":{\"@id\":\"https:\\\/\\\/chateaufeely.com\\\/fr\\\/virtuel\\\/#primaryimage\"},\"image\":{\"@id\":\"https:\\\/\\\/chateaufeely.com\\\/fr\\\/virtuel\\\/#primaryimage\"},\"thumbnailUrl\":\"https:\\\/\\\/chateaufeely.com\\\/wp-content\\\/uploads\\\/2020\\\/05\\\/20200430_180958-gen-virtual-experience-chateau-feely-1200.jpg\",\"datePublished\":\"2020-10-13T10:15:51+00:00\",\"dateModified\":\"2021-04-07T14:55:29+00:00\",\"description\":\"Les exp\u00e9riences virtuelles du Ch\u00e2teau Feely & French Wine Adventures, incluant les soir\u00e9es d\u00e9gustation, formations par vid\u00e9os, accords mets & vin et \u00e9v\u00e9nements virtuels en direct\",\"breadcrumb\":{\"@id\":\"https:\\\/\\\/chateaufeely.com\\\/fr\\\/virtuel\\\/#breadcrumb\"},\"inLanguage\":\"fr-FR\",\"potentialAction\":[{\"@type\":\"ReadAction\",\"target\":[\"https:\\\/\\\/chateaufeely.com\\\/fr\\\/virtuel\\\/\"]}]},{\"@type\":\"ImageObject\",\"inLanguage\":\"fr-FR\",\"@id\":\"https:\\\/\\\/chateaufeely.com\\\/fr\\\/virtuel\\\/#primaryimage\",\"url\":\"https:\\\/\\\/chateaufeely.com\\\/wp-content\\\/uploads\\\/2020\\\/05\\\/20200430_180958-gen-virtual-experience-chateau-feely-1200.jpg\",\"contentUrl\":\"https:\\\/\\\/chateaufeely.com\\\/wp-content\\\/uploads\\\/2020\\\/05\\\/20200430_180958-gen-virtual-experience-chateau-feely-1200.jpg\",\"width\":1200,\"height\":866},{\"@type\":\"BreadcrumbList\",\"@id\":\"https:\\\/\\\/chateaufeely.com\\\/fr\\\/virtuel\\\/#breadcrumb\",\"itemListElement\":[{\"@type\":\"ListItem\",\"position\":1,\"name\":\"Accueil\",\"item\":\"https:\\\/\\\/chateaufeely.com\\\/fr\\\/\"},{\"@type\":\"ListItem\",\"position\":2,\"name\":\"Virtuel\"}]},{\"@type\":\"WebSite\",\"@id\":\"https:\\\/\\\/chateaufeely.com\\\/fr\\\/#website\",\"url\":\"https:\\\/\\\/chateaufeely.com\\\/fr\\\/\",\"name\":\"Ch\u00e2teau Feely organic wine, tours, accommodation\",\"description\":\"Biodynamic and natural wine, tours and wine school, ecological luxury lodge\",\"publisher\":{\"@id\":\"https:\\\/\\\/chateaufeely.com\\\/fr\\\/#organization\"},\"potentialAction\":[{\"@type\":\"SearchAction\",\"target\":{\"@type\":\"EntryPoint\",\"urlTemplate\":\"https:\\\/\\\/chateaufeely.com\\\/fr\\\/?s={search_term_string}\"},\"query-input\":{\"@type\":\"PropertyValueSpecification\",\"valueRequired\":true,\"valueName\":\"search_term_string\"}}],\"inLanguage\":\"fr-FR\"},{\"@type\":\"Organization\",\"@id\":\"https:\\\/\\\/chateaufeely.com\\\/fr\\\/#organization\",\"name\":\"Ch\u00e2teau Feely organic wine, tours, accommodation\",\"url\":\"https:\\\/\\\/chateaufeely.com\\\/fr\\\/\",\"logo\":{\"@type\":\"ImageObject\",\"inLanguage\":\"fr-FR\",\"@id\":\"https:\\\/\\\/chateaufeely.com\\\/fr\\\/#\\\/schema\\\/logo\\\/image\\\/\",\"url\":\"https:\\\/\\\/chateaufeely.com\\\/wp-content\\\/uploads\\\/2016\\\/05\\\/logo-vertical-v2-250.png\",\"contentUrl\":\"https:\\\/\\\/chateaufeely.com\\\/wp-content\\\/uploads\\\/2016\\\/05\\\/logo-vertical-v2-250.png\",\"width\":250,\"height\":312,\"caption\":\"Ch\u00e2teau Feely organic wine, tours, accommodation\"},\"image\":{\"@id\":\"https:\\\/\\\/chateaufeely.com\\\/fr\\\/#\\\/schema\\\/logo\\\/image\\\/\"},\"sameAs\":[\"https:\\\/\\\/www.facebook.com\\\/ChateauFeely\\\/\",\"https:\\\/\\\/www.instagram.com\\\/chateaufeely\\\/\"]}]}<\/script>\n<!-- \/ Yoast SEO plugin. -->","yoast_head_json":{"title":"Virtuel - Ch\u00e2teau Feely organic wine, tours, accommodation","description":"Les exp\u00e9riences virtuelles du Ch\u00e2teau Feely & French Wine Adventures, incluant les soir\u00e9es d\u00e9gustation, formations par vid\u00e9os, accords mets & vin et \u00e9v\u00e9nements virtuels en direct","robots":{"index":"index","follow":"follow","max-snippet":"max-snippet:-1","max-image-preview":"max-image-preview:large","max-video-preview":"max-video-preview:-1"},"canonical":"https:\/\/chateaufeely.com\/fr\/virtuel\/","og_locale":"fr_FR","og_type":"article","og_title":"Virtuel - Ch\u00e2teau Feely organic wine, tours, accommodation","og_description":"Les exp\u00e9riences virtuelles du Ch\u00e2teau Feely & French Wine Adventures, incluant les soir\u00e9es d\u00e9gustation, formations par vid\u00e9os, accords mets & vin et \u00e9v\u00e9nements virtuels en direct","og_url":"https:\/\/chateaufeely.com\/fr\/virtuel\/","og_site_name":"Ch\u00e2teau Feely organic wine, tours, accommodation","article_publisher":"https:\/\/www.facebook.com\/ChateauFeely\/","article_modified_time":"2021-04-07T14:55:29+00:00","og_image":[{"width":1200,"height":866,"url":"https:\/\/chateaufeely.com\/wp-content\/uploads\/2020\/05\/20200430_180958-gen-virtual-experience-chateau-feely-1200.jpg","type":"image\/jpeg"}],"twitter_card":"summary_large_image","twitter_misc":{"Dur\u00e9e de lecture estim\u00e9e":"1 minute"},"schema":{"@context":"https:\/\/schema.org","@graph":[{"@type":"WebPage","@id":"https:\/\/chateaufeely.com\/fr\/virtuel\/","url":"https:\/\/chateaufeely.com\/fr\/virtuel\/","name":"Virtuel - Ch\u00e2teau Feely organic wine, tours, accommodation","isPartOf":{"@id":"https:\/\/chateaufeely.com\/fr\/#website"},"primaryImageOfPage":{"@id":"https:\/\/chateaufeely.com\/fr\/virtuel\/#primaryimage"},"image":{"@id":"https:\/\/chateaufeely.com\/fr\/virtuel\/#primaryimage"},"thumbnailUrl":"https:\/\/chateaufeely.com\/wp-content\/uploads\/2020\/05\/20200430_180958-gen-virtual-experience-chateau-feely-1200.jpg","datePublished":"2020-10-13T10:15:51+00:00","dateModified":"2021-04-07T14:55:29+00:00","description":"Les exp\u00e9riences virtuelles du Ch\u00e2teau Feely & French Wine Adventures, incluant les soir\u00e9es d\u00e9gustation, formations par vid\u00e9os, accords mets & vin et \u00e9v\u00e9nements virtuels en direct","breadcrumb":{"@id":"https:\/\/chateaufeely.com\/fr\/virtuel\/#breadcrumb"},"inLanguage":"fr-FR","potentialAction":[{"@type":"ReadAction","target":["https:\/\/chateaufeely.com\/fr\/virtuel\/"]}]},{"@type":"ImageObject","inLanguage":"fr-FR","@id":"https:\/\/chateaufeely.com\/fr\/virtuel\/#primaryimage","url":"https:\/\/chateaufeely.com\/wp-content\/uploads\/2020\/05\/20200430_180958-gen-virtual-experience-chateau-feely-1200.jpg","contentUrl":"https:\/\/chateaufeely.com\/wp-content\/uploads\/2020\/05\/20200430_180958-gen-virtual-experience-chateau-feely-1200.jpg","width":1200,"height":866},{"@type":"BreadcrumbList","@id":"https:\/\/chateaufeely.com\/fr\/virtuel\/#breadcrumb","itemListElement":[{"@type":"ListItem","position":1,"name":"Accueil","item":"https:\/\/chateaufeely.com\/fr\/"},{"@type":"ListItem","position":2,"name":"Virtuel"}]},{"@type":"WebSite","@id":"https:\/\/chateaufeely.com\/fr\/#website","url":"https:\/\/chateaufeely.com\/fr\/","name":"Ch\u00e2teau Feely organic wine, tours, accommodation","description":"Biodynamic and natural wine, tours and wine school, ecological luxury lodge","publisher":{"@id":"https:\/\/chateaufeely.com\/fr\/#organization"},"potentialAction":[{"@type":"SearchAction","target":{"@type":"EntryPoint","urlTemplate":"https:\/\/chateaufeely.com\/fr\/?s={search_term_string}"},"query-input":{"@type":"PropertyValueSpecification","valueRequired":true,"valueName":"search_term_string"}}],"inLanguage":"fr-FR"},{"@type":"Organization","@id":"https:\/\/chateaufeely.com\/fr\/#organization","name":"Ch\u00e2teau Feely organic wine, tours, accommodation","url":"https:\/\/chateaufeely.com\/fr\/","logo":{"@type":"ImageObject","inLanguage":"fr-FR","@id":"https:\/\/chateaufeely.com\/fr\/#\/schema\/logo\/image\/","url":"https:\/\/chateaufeely.com\/wp-content\/uploads\/2016\/05\/logo-vertical-v2-250.png","contentUrl":"https:\/\/chateaufeely.com\/wp-content\/uploads\/2016\/05\/logo-vertical-v2-250.png","width":250,"height":312,"caption":"Ch\u00e2teau Feely organic wine, tours, accommodation"},"image":{"@id":"https:\/\/chateaufeely.com\/fr\/#\/schema\/logo\/image\/"},"sameAs":["https:\/\/www.facebook.com\/ChateauFeely\/","https:\/\/www.instagram.com\/chateaufeely\/"]}]}},"_links":{"self":[{"href":"https:\/\/chateaufeely.com\/fr\/wp-json\/wp\/v2\/pages\/7072","targetHints":{"allow":["GET"]}}],"collection":[{"href":"https:\/\/chateaufeely.com\/fr\/wp-json\/wp\/v2\/pages"}],"about":[{"href":"https:\/\/chateaufeely.com\/fr\/wp-json\/wp\/v2\/types\/page"}],"author":[{"embeddable":true,"href":"https:\/\/chateaufeely.com\/fr\/wp-json\/wp\/v2\/users\/2"}],"replies":[{"embeddable":true,"href":"https:\/\/chateaufeely.com\/fr\/wp-json\/wp\/v2\/comments?post=7072"}],"version-history":[{"count":0,"href":"https:\/\/chateaufeely.com\/fr\/wp-json\/wp\/v2\/pages\/7072\/revisions"}],"wp:featuredmedia":[{"embeddable":true,"href":"https:\/\/chateaufeely.com\/fr\/wp-json\/wp\/v2\/media\/6271"}],"wp:attachment":[{"href":"https:\/\/chateaufeely.com\/fr\/wp-json\/wp\/v2\/media?parent=7072"}],"curies":[{"name":"wp","href":"https:\/\/api.w.org\/{rel}","templated":true}]}}