{"id":771,"date":"2016-06-28T16:48:44","date_gmt":"2016-06-28T15:48:44","guid":{"rendered":"http:\/\/chateaufeely.com\/?page_id=771"},"modified":"2026-02-27T16:25:20","modified_gmt":"2026-02-27T15:25:20","slug":"a-propos","status":"publish","type":"page","link":"https:\/\/chateaufeely.com\/fr\/a-propos\/","title":{"rendered":"\u00c0 propos"},"content":{"rendered":"[vc_row][vc_column][mk_icon_box icon=\u00a0\u00bbmk-icon-info-circle\u00a0\u00bb title=\u00a0\u00bbD\u00e9couvrez notre histoire, notre biodynamique et nos photos\u00a0\u00bb text_size=\u00a0\u00bb30&Prime; style=\u00a0\u00bbsimple_ultimate\u00a0\u00bb icon_size=\u00a0\u00bblarge\u00a0\u00bb icon_location=\u00a0\u00bbtop\u00a0\u00bb icon_color=\u00a0\u00bb#e0b957&Prime; title_color=\u00a0\u00bb#000000&Prime; txt_color=\u00a0\u00bb#5e5e5e\u00a0\u00bb margin=\u00a0\u00bb0&Prime;]Une introduction pour que vous puissiez en savoir un peu plus sur nous ! D\u00e9couvrez la <strong><a href=\"https:\/\/chateaufeely.com\/about\/biodiversity\/\">plantation d\u2019arbres et la biodiversit\u00e9 de Chateau Feely<\/a><\/strong>.[\/mk_icon_box][\/vc_column][\/vc_row][vc_row css=\u00a0\u00bb.vc_custom_1467127636259{padding-top: 20px !important;}\u00a0\u00bb][vc_column width=\u00a0\u00bb1\/3&Prime;][mk_page_title_box page_title=\u00a0\u00bbNotre histoire\u00a0\u00bb section_height=\u00a0\u00bb100&Prime; font_size=\u00a0\u00bb25&Prime; font_color=\u00a0\u00bb#000000&Prime;][mk_image src=\u00a0\u00bb\/wp-content\/uploads\/2016\/05\/Album_074.jpg\u00a0\u00bb image_height=\u00a0\u00bb600&Prime; link=\u00a0\u00bb\/a-propos\/notre-histoire\/?lang=en\u00a0\u00bb][vc_column_text css=\u00a0\u00bb.vc_custom_1583425384362{margin-bottom: 0px !important;}\u00a0\u00bb]\n<p style=\"text-align: center;\"><span style=\"color: #e0b957;\"><a style=\"color: #e0b957;\" href=\"http:\/\/chateaufeely.com\/a-propos\/notre-histoire\/?lang=en\">D\u00e9couvrez notre histoire<\/a><\/span><\/p>\n[\/vc_column_text][mk_button dimension=\u00a0\u00bbflat\u00a0\u00bb corner_style=\u00a0\u00bbrounded\u00a0\u00bb size=\u00a0\u00bbmedium\u00a0\u00bb url=\u00a0\u00bb\/a-propos\/notre-histoire\u00a0\u00bb align=\u00a0\u00bbcenter\u00a0\u00bb margin_top=\u00a0\u00bb15&Prime; btn_hover_bg=\u00a0\u00bb#e0a000&Prime;]NOTRE HISTOIRE[\/mk_button][\/vc_column][vc_column width=\u00a0\u00bb1\/3&Prime; css=\u00a0\u00bb.vc_custom_1467127173326{padding-left: 15px !important;}\u00a0\u00bb][mk_page_title_box page_title=\u00a0\u00bbBiodynamique\u00a0\u00bb section_height=\u00a0\u00bb100&Prime; font_size=\u00a0\u00bb25&Prime; font_color=\u00a0\u00bb#000000&Prime;][mk_image src=\u00a0\u00bb\/wp-content\/uploads\/2016\/05\/Album_107.jpg\u00a0\u00bb image_height=\u00a0\u00bb600&Prime; link=\u00a0\u00bb\/a-propos\/nature-biodynamie\/?lang=en\u00a0\u00bb][vc_column_text css=\u00a0\u00bb.vc_custom_1646138756819{margin-bottom: 0px !important;}\u00a0\u00bb]\n<p style=\"text-align: center;\"><span style=\"color: #e0b957;\"><a style=\"color: #e0b957;\" href=\"http:\/\/chateaufeely.com\/a-propos\/nature-biodynamie\/?lang=en\">Biodynamique et Organique chez Feely<\/a><\/span><\/p>\n[\/vc_column_text][mk_button dimension=\u00a0\u00bbflat\u00a0\u00bb corner_style=\u00a0\u00bbrounded\u00a0\u00bb size=\u00a0\u00bbmedium\u00a0\u00bb url=\u00a0\u00bb\/a-propos\/nature-biodynamie\u00a0\u00bb align=\u00a0\u00bbcenter\u00a0\u00bb margin_top=\u00a0\u00bb15&Prime; btn_hover_bg=\u00a0\u00bb#e0a000&Prime;]BIODYNAMIQUE[\/mk_button][\/vc_column][vc_column width=\u00a0\u00bb1\/3&Prime;][mk_page_title_box page_title=\u00a0\u00bbPhotos et presse\u00a0\u00bb section_height=\u00a0\u00bb100&Prime; font_size=\u00a0\u00bb25&Prime; font_color=\u00a0\u00bb#000000&Prime;][mk_image src=\u00a0\u00bb\/wp-content\/uploads\/2016\/05\/Album_116.jpg\u00a0\u00bb image_height=\u00a0\u00bb533&Prime; link=\u00a0\u00bb\/a-propos\/galerie-photos\/?lang=en\u00a0\u00bb][vc_column_text css=\u00a0\u00bb.vc_custom_1583425428172{margin-bottom: 0px !important;}\u00a0\u00bb]\n<p style=\"text-align: center;\"><span style=\"color: #e0b957;\"><a style=\"color: #e0b957;\" href=\"http:\/\/chateaufeely.com\/a-propos\/galerie-photos\/?lang=en\">Nos photos et illustrations de presse<\/a><\/span><\/p>\n[\/vc_column_text][mk_button dimension=\u00a0\u00bbflat\u00a0\u00bb corner_style=\u00a0\u00bbrounded\u00a0\u00bb size=\u00a0\u00bbmedium\u00a0\u00bb url=\u00a0\u00bb\/a-propos\/galerie-photos\u00a0\u00bb align=\u00a0\u00bbcenter\u00a0\u00bb margin_top=\u00a0\u00bb15&Prime; btn_hover_bg=\u00a0\u00bb#e0a000&Prime;]PHOTOS &amp; PRESSE[\/mk_button][\/vc_column][\/vc_row][vc_row fullwidth=\u00a0\u00bbtrue\u00a0\u00bb css=\u00a0\u00bb.vc_custom_1583425491299{padding-top: 20px !important;padding-bottom: 20px !important;background-color: #e0b957 !important;}\u00a0\u00bb][vc_column][mk_page_title_box page_title=\u00a0\u00bbContactez-nous maintenant!\u00a0\u00bb section_height=\u00a0\u00bb100&Prime; font_size=\u00a0\u00bb30&Prime; font_color=\u00a0\u00bb#ffffff\u00a0\u00bb][vc_btn title=\u00a0\u00bbCONTACTEZ-NOUS\u00a0\u00bb style=\u00a0\u00bbclassic\u00a0\u00bb color=\u00a0\u00bbwhite\u00a0\u00bb align=\u00a0\u00bbcenter\u00a0\u00bb i_icon_fontawesome=\u00a0\u00bbfa fa-calendar-check-o\u00a0\u00bb add_icon=\u00a0\u00bbtrue\u00a0\u00bb link=\u00a0\u00bburl:%2Fcontact%C2%A0%3Flang%3Den|\u00a0\u00bb][\/vc_column][\/vc_row]\n","protected":false},"excerpt":{"rendered":"<p>[vc_row][vc_column][mk_icon_box icon=\u00a0\u00bbmk-icon-info-circle\u00a0\u00bb title=\u00a0\u00bbD\u00e9couvrez notre histoire, notre biodynamique et nos photos\u00a0\u00bb text_size=\u00a0\u00bb30&Prime; style=\u00a0\u00bbsimple_ultimate\u00a0\u00bb icon_size=\u00a0\u00bblarge\u00a0\u00bb icon_location=\u00a0\u00bbtop\u00a0\u00bb icon_color=\u00a0\u00bb#e0b957&Prime; title_color=\u00a0\u00bb#000000&Prime; txt_color=\u00a0\u00bb#5e5e5e\u00a0\u00bb margin=\u00a0\u00bb0&Prime;]Une introduction pour que vous puissiez en savoir un peu plus sur nous ! D\u00e9couvrez la plantation d\u2019arbres et la biodiversit\u00e9 de Chateau Feely.[\/mk_icon_box][\/vc_column][\/vc_row][vc_row css=\u00a0\u00bb.vc_custom_1467127636259{padding-top: 20px !important;}\u00a0\u00bb][vc_column width=\u00a0\u00bb1\/3&Prime;][mk_page_title_box page_title=\u00a0\u00bbNotre histoire\u00a0\u00bb section_height=\u00a0\u00bb100&Prime; font_size=\u00a0\u00bb25&Prime; font_color=\u00a0\u00bb#000000&Prime;][mk_image src=\u00a0\u00bb\/wp-content\/uploads\/2016\/05\/Album_074.jpg\u00a0\u00bb image_height=\u00a0\u00bb600&Prime; link=\u00a0\u00bb\/a-propos\/notre-histoire\/?lang=en\u00a0\u00bb][vc_column_text css=\u00a0\u00bb.vc_custom_1583425384362{margin-bottom: 0px [&hellip;]<\/p>\n","protected":false},"author":2,"featured_media":0,"parent":0,"menu_order":0,"comment_status":"closed","ping_status":"closed","template":"","meta":{"footnotes":""},"class_list":["post-771","page","type-page","status-publish","hentry"],"yoast_head":"<!-- This site is optimized with the Yoast SEO plugin v27.0 - https:\/\/yoast.com\/product\/yoast-seo-wordpress\/ -->\n<title>\u00c0 propos - histoire, m\u00e9thode agricole, galerie, contact avec Ch\u00e2teau Feely.<\/title>\n<meta name=\"description\" content=\"D\u00e9couvrez l\u2019histoire, la biodynamique, les produits biologiques, des photos du ch\u00e2teau et les coordonn\u00e9es du vignoble biologique, de l\u2019h\u00e9bergement et de l\u2019\u00e9cole de vin Feely\" \/>\n<meta name=\"robots\" content=\"index, follow, max-snippet:-1, max-image-preview:large, max-video-preview:-1\" \/>\n<link rel=\"canonical\" href=\"https:\/\/chateaufeely.com\/fr\/a-propos\/\" \/>\n<meta property=\"og:locale\" content=\"fr_FR\" \/>\n<meta property=\"og:type\" content=\"article\" \/>\n<meta property=\"og:title\" content=\"\u00c0 propos - histoire, m\u00e9thode agricole, galerie, contact avec Ch\u00e2teau Feely.\" \/>\n<meta property=\"og:description\" content=\"D\u00e9couvrez l\u2019histoire, la biodynamique, les produits biologiques, des photos du ch\u00e2teau et les coordonn\u00e9es du vignoble biologique, de l\u2019h\u00e9bergement et de l\u2019\u00e9cole de vin Feely\" \/>\n<meta property=\"og:url\" content=\"https:\/\/chateaufeely.com\/fr\/a-propos\/\" \/>\n<meta property=\"og:site_name\" content=\"Ch\u00e2teau Feely organic wine, tours, accommodation\" \/>\n<meta property=\"article:publisher\" content=\"https:\/\/www.facebook.com\/ChateauFeely\/\" \/>\n<meta property=\"article:modified_time\" content=\"2026-02-27T15:25:20+00:00\" \/>\n<meta name=\"twitter:card\" content=\"summary_large_image\" \/>\n<meta name=\"twitter:label1\" content=\"Dur\u00e9e de lecture estim\u00e9e\" \/>\n\t<meta name=\"twitter:data1\" content=\"2 minutes\" \/>\n<script type=\"application\/ld+json\" class=\"yoast-schema-graph\">{\"@context\":\"https:\/\/schema.org\",\"@graph\":[{\"@type\":\"WebPage\",\"@id\":\"https:\/\/chateaufeely.com\/fr\/a-propos\/\",\"url\":\"https:\/\/chateaufeely.com\/fr\/a-propos\/\",\"name\":\"\u00c0 propos - histoire, m\u00e9thode agricole, galerie, contact avec Ch\u00e2teau Feely.\",\"isPartOf\":{\"@id\":\"https:\/\/chateaufeely.com\/fr\/#website\"},\"datePublished\":\"2016-06-28T15:48:44+00:00\",\"dateModified\":\"2026-02-27T15:25:20+00:00\",\"description\":\"D\u00e9couvrez l\u2019histoire, la biodynamique, les produits biologiques, des photos du ch\u00e2teau et les coordonn\u00e9es du vignoble biologique, de l\u2019h\u00e9bergement et de l\u2019\u00e9cole de vin Feely\",\"breadcrumb\":{\"@id\":\"https:\/\/chateaufeely.com\/fr\/a-propos\/#breadcrumb\"},\"inLanguage\":\"fr-FR\",\"potentialAction\":[{\"@type\":\"ReadAction\",\"target\":[\"https:\/\/chateaufeely.com\/fr\/a-propos\/\"]}]},{\"@type\":\"BreadcrumbList\",\"@id\":\"https:\/\/chateaufeely.com\/fr\/a-propos\/#breadcrumb\",\"itemListElement\":[{\"@type\":\"ListItem\",\"position\":1,\"name\":\"Accueil\",\"item\":\"https:\/\/chateaufeely.com\/fr\/\"},{\"@type\":\"ListItem\",\"position\":2,\"name\":\"\u00c0 propos\"}]},{\"@type\":\"WebSite\",\"@id\":\"https:\/\/chateaufeely.com\/fr\/#website\",\"url\":\"https:\/\/chateaufeely.com\/fr\/\",\"name\":\"Ch\u00e2teau Feely organic wine, tours, accommodation\",\"description\":\"Biodynamic and natural wine, tours and wine school, ecological luxury lodge\",\"publisher\":{\"@id\":\"https:\/\/chateaufeely.com\/fr\/#organization\"},\"potentialAction\":[{\"@type\":\"SearchAction\",\"target\":{\"@type\":\"EntryPoint\",\"urlTemplate\":\"https:\/\/chateaufeely.com\/fr\/?s={search_term_string}\"},\"query-input\":{\"@type\":\"PropertyValueSpecification\",\"valueRequired\":true,\"valueName\":\"search_term_string\"}}],\"inLanguage\":\"fr-FR\"},{\"@type\":\"Organization\",\"@id\":\"https:\/\/chateaufeely.com\/fr\/#organization\",\"name\":\"Ch\u00e2teau Feely organic wine, tours, accommodation\",\"url\":\"https:\/\/chateaufeely.com\/fr\/\",\"logo\":{\"@type\":\"ImageObject\",\"inLanguage\":\"fr-FR\",\"@id\":\"https:\/\/chateaufeely.com\/fr\/#\/schema\/logo\/image\/\",\"url\":\"https:\/\/chateaufeely.com\/wp-content\/uploads\/2016\/05\/logo-vertical-v2-250.png\",\"contentUrl\":\"https:\/\/chateaufeely.com\/wp-content\/uploads\/2016\/05\/logo-vertical-v2-250.png\",\"width\":250,\"height\":312,\"caption\":\"Ch\u00e2teau Feely organic wine, tours, accommodation\"},\"image\":{\"@id\":\"https:\/\/chateaufeely.com\/fr\/#\/schema\/logo\/image\/\"},\"sameAs\":[\"https:\/\/www.facebook.com\/ChateauFeely\/\",\"https:\/\/www.instagram.com\/chateaufeely\/\"]}]}<\/script>\n<!-- \/ Yoast SEO plugin. -->","yoast_head_json":{"title":"\u00c0 propos - histoire, m\u00e9thode agricole, galerie, contact avec Ch\u00e2teau Feely.","description":"D\u00e9couvrez l\u2019histoire, la biodynamique, les produits biologiques, des photos du ch\u00e2teau et les coordonn\u00e9es du vignoble biologique, de l\u2019h\u00e9bergement et de l\u2019\u00e9cole de vin Feely","robots":{"index":"index","follow":"follow","max-snippet":"max-snippet:-1","max-image-preview":"max-image-preview:large","max-video-preview":"max-video-preview:-1"},"canonical":"https:\/\/chateaufeely.com\/fr\/a-propos\/","og_locale":"fr_FR","og_type":"article","og_title":"\u00c0 propos - histoire, m\u00e9thode agricole, galerie, contact avec Ch\u00e2teau Feely.","og_description":"D\u00e9couvrez l\u2019histoire, la biodynamique, les produits biologiques, des photos du ch\u00e2teau et les coordonn\u00e9es du vignoble biologique, de l\u2019h\u00e9bergement et de l\u2019\u00e9cole de vin Feely","og_url":"https:\/\/chateaufeely.com\/fr\/a-propos\/","og_site_name":"Ch\u00e2teau Feely organic wine, tours, accommodation","article_publisher":"https:\/\/www.facebook.com\/ChateauFeely\/","article_modified_time":"2026-02-27T15:25:20+00:00","twitter_card":"summary_large_image","twitter_misc":{"Dur\u00e9e de lecture estim\u00e9e":"2 minutes"},"schema":{"@context":"https:\/\/schema.org","@graph":[{"@type":"WebPage","@id":"https:\/\/chateaufeely.com\/fr\/a-propos\/","url":"https:\/\/chateaufeely.com\/fr\/a-propos\/","name":"\u00c0 propos - histoire, m\u00e9thode agricole, galerie, contact avec Ch\u00e2teau Feely.","isPartOf":{"@id":"https:\/\/chateaufeely.com\/fr\/#website"},"datePublished":"2016-06-28T15:48:44+00:00","dateModified":"2026-02-27T15:25:20+00:00","description":"D\u00e9couvrez l\u2019histoire, la biodynamique, les produits biologiques, des photos du ch\u00e2teau et les coordonn\u00e9es du vignoble biologique, de l\u2019h\u00e9bergement et de l\u2019\u00e9cole de vin Feely","breadcrumb":{"@id":"https:\/\/chateaufeely.com\/fr\/a-propos\/#breadcrumb"},"inLanguage":"fr-FR","potentialAction":[{"@type":"ReadAction","target":["https:\/\/chateaufeely.com\/fr\/a-propos\/"]}]},{"@type":"BreadcrumbList","@id":"https:\/\/chateaufeely.com\/fr\/a-propos\/#breadcrumb","itemListElement":[{"@type":"ListItem","position":1,"name":"Accueil","item":"https:\/\/chateaufeely.com\/fr\/"},{"@type":"ListItem","position":2,"name":"\u00c0 propos"}]},{"@type":"WebSite","@id":"https:\/\/chateaufeely.com\/fr\/#website","url":"https:\/\/chateaufeely.com\/fr\/","name":"Ch\u00e2teau Feely organic wine, tours, accommodation","description":"Biodynamic and natural wine, tours and wine school, ecological luxury lodge","publisher":{"@id":"https:\/\/chateaufeely.com\/fr\/#organization"},"potentialAction":[{"@type":"SearchAction","target":{"@type":"EntryPoint","urlTemplate":"https:\/\/chateaufeely.com\/fr\/?s={search_term_string}"},"query-input":{"@type":"PropertyValueSpecification","valueRequired":true,"valueName":"search_term_string"}}],"inLanguage":"fr-FR"},{"@type":"Organization","@id":"https:\/\/chateaufeely.com\/fr\/#organization","name":"Ch\u00e2teau Feely organic wine, tours, accommodation","url":"https:\/\/chateaufeely.com\/fr\/","logo":{"@type":"ImageObject","inLanguage":"fr-FR","@id":"https:\/\/chateaufeely.com\/fr\/#\/schema\/logo\/image\/","url":"https:\/\/chateaufeely.com\/wp-content\/uploads\/2016\/05\/logo-vertical-v2-250.png","contentUrl":"https:\/\/chateaufeely.com\/wp-content\/uploads\/2016\/05\/logo-vertical-v2-250.png","width":250,"height":312,"caption":"Ch\u00e2teau Feely organic wine, tours, accommodation"},"image":{"@id":"https:\/\/chateaufeely.com\/fr\/#\/schema\/logo\/image\/"},"sameAs":["https:\/\/www.facebook.com\/ChateauFeely\/","https:\/\/www.instagram.com\/chateaufeely\/"]}]}},"_links":{"self":[{"href":"https:\/\/chateaufeely.com\/fr\/wp-json\/wp\/v2\/pages\/771","targetHints":{"allow":["GET"]}}],"collection":[{"href":"https:\/\/chateaufeely.com\/fr\/wp-json\/wp\/v2\/pages"}],"about":[{"href":"https:\/\/chateaufeely.com\/fr\/wp-json\/wp\/v2\/types\/page"}],"author":[{"embeddable":true,"href":"https:\/\/chateaufeely.com\/fr\/wp-json\/wp\/v2\/users\/2"}],"replies":[{"embeddable":true,"href":"https:\/\/chateaufeely.com\/fr\/wp-json\/wp\/v2\/comments?post=771"}],"version-history":[{"count":6,"href":"https:\/\/chateaufeely.com\/fr\/wp-json\/wp\/v2\/pages\/771\/revisions"}],"predecessor-version":[{"id":10842,"href":"https:\/\/chateaufeely.com\/fr\/wp-json\/wp\/v2\/pages\/771\/revisions\/10842"}],"wp:attachment":[{"href":"https:\/\/chateaufeely.com\/fr\/wp-json\/wp\/v2\/media?parent=771"}],"curies":[{"name":"wp","href":"https:\/\/api.w.org\/{rel}","templated":true}]}}