{"id":781,"date":"2016-06-28T17:24:42","date_gmt":"2016-06-28T16:24:42","guid":{"rendered":"http:\/\/chateaufeely.com\/?page_id=781"},"modified":"2026-02-27T16:23:55","modified_gmt":"2026-02-27T15:23:55","slug":"livres-et-autres","status":"publish","type":"page","link":"https:\/\/chateaufeely.com\/fr\/notre-boutique\/livres-et-autres\/","title":{"rendered":"Livres et autres"},"content":{"rendered":"[vc_row][vc_column]<div class=\"woocommerce columns-3\"><div class=\"mk-product-loop compact-layout grid--float\">\n\t<section class=\"products mk--row js-el\" data-grid-config='{\"item\":\".product\"}' data-mk-component=\"Grid\">\n<article class=\"product-category product item mk--col mk--col--4-12\" style=\"max-width:380px\">\n\t<div class=\"item-holder\">\n\t<a aria-label=\"Acc\u00e9der \u00e0 la cat\u00e9gorie de produits Livres\" href=\"https:\/\/chateaufeely.com\/fr\/categorie-produit\/autres-produits\/livres\/\">\n\t<a href=\"https:\/\/chateaufeely.com\/fr\/categorie-produit\/autres-produits\/livres\/\">\n\t\t<h4>\n\t\t\tLivres <span class=\"count\">4 Items<\/span>\t\t<\/h4>\n\n\t\t<img decoding=\"async\" src=\"https:\/\/chateaufeely.com\/wp-content\/uploads\/bfi_thumb\/dummy-transparent-rjj9uevftyqncfz0z0gizbvah3kbv9p5dbqm7wfb94.png\" data-mk-image-src-set='{\"default\":\"https:\/\/chateaufeely.com\/wp-content\/uploads\/bfi_thumb\/caros-book-2-rjj9xhse8eyhefhwzcei3h2kyx6kbrka97me229394.jpeg\",\"2x\":\"https:\/\/chateaufeely.com\/wp-content\/uploads\/bfi_thumb\/caros-book-2-rjj9xhsiv2ch5kmoacqzaw0clqfe7q72j8nrt0uk4w.jpeg\",\"mobile\":\"\",\"responsive\":\"true\"}' width=\"380\" height=\"300\" alt=\"Livres\" title=\"Livres\" \/>\n\t\t\n\t<\/a>\n\n\t<\/a><\/div>\n<\/article>\n<article class=\"product-category product item mk--col mk--col--4-12\" style=\"max-width:380px\">\n\t<div class=\"item-holder\">\n\t<a aria-label=\"Acc\u00e9der \u00e0 la cat\u00e9gorie de produits Produits d\u00e9riv\u00e9s\" href=\"https:\/\/chateaufeely.com\/fr\/categorie-produit\/autres-produits\/produits-derives\/\">\n\t<a href=\"https:\/\/chateaufeely.com\/fr\/categorie-produit\/autres-produits\/produits-derives\/\">\n\t\t<h4>\n\t\t\tProduits d\u00e9riv\u00e9s <span class=\"count\">5 Items<\/span>\t\t<\/h4>\n\n\t\t<img decoding=\"async\" src=\"https:\/\/chateaufeely.com\/wp-content\/uploads\/bfi_thumb\/dummy-transparent-rjj9uevftyqncfz0z0gizbvah3kbv9p5dbqm7wfb94.png\" data-mk-image-src-set='{\"default\":\"https:\/\/chateaufeely.com\/wp-content\/uploads\/bfi_thumb\/goodies-oltq54qqjj84k3kvd0faz2fmwlrp8or99hf1xuhneg.jpg\",\"2x\":\"https:\/\/chateaufeely.com\/wp-content\/uploads\/bfi_thumb\/goodies-oltq54qv66m4b8pmo0rs6hdejf0j4ne1jigfot34a8.jpg\",\"mobile\":\"\",\"responsive\":\"true\"}' width=\"380\" height=\"300\" alt=\"Produits d\u00e9riv\u00e9s\" title=\"Produits d\u00e9riv\u00e9s\" \/>\n\t\t\n\t<\/a>\n\n\t<\/a><\/div>\n<\/article>\n<article class=\"product-category product item mk--col mk--col--4-12\" style=\"max-width:380px\">\n\t<div class=\"item-holder\">\n\t<a aria-label=\"Acc\u00e9der \u00e0 la cat\u00e9gorie de produits Pour les gourmands\" href=\"https:\/\/chateaufeely.com\/fr\/categorie-produit\/autres-produits\/pour-les-gourmands\/\">\n\t<a href=\"https:\/\/chateaufeely.com\/fr\/categorie-produit\/autres-produits\/pour-les-gourmands\/\">\n\t\t<h4>\n\t\t\tPour les gourmands <span class=\"count\">1 Items<\/span>\t\t<\/h4>\n\n\t\t<img decoding=\"async\" src=\"https:\/\/chateaufeely.com\/wp-content\/uploads\/bfi_thumb\/dummy-transparent-rjj9uevftyqncfz0z0gizbvah3kbv9p5dbqm7wfb94.png\" data-mk-image-src-set='{\"default\":\"https:\/\/chateaufeely.com\/wp-content\/uploads\/bfi_thumb\/pour-les-gourmands-category-2-rjj9xhse8eyhefhwzcei3h2kyx6kbrka97me229394.jpeg\",\"2x\":\"https:\/\/chateaufeely.com\/wp-content\/uploads\/bfi_thumb\/pour-les-gourmands-category-2-rjj9xhsiv2ch5kmoacqzaw0clqfe7q72j8nrt0uk4w.jpeg\",\"mobile\":\"\",\"responsive\":\"true\"}' width=\"380\" height=\"300\" alt=\"Pour les gourmands\" title=\"Pour les gourmands\" \/>\n\t\t\n\t<\/a>\n\n\t<\/a><\/div>\n<\/article>\n\t<\/section>\n<\/div>\n<\/div>[\/vc_column][\/vc_row]\n","protected":false},"excerpt":{"rendered":"<p>[vc_row][vc_column][\/vc_column][\/vc_row]<\/p>\n","protected":false},"author":2,"featured_media":0,"parent":785,"menu_order":0,"comment_status":"closed","ping_status":"closed","template":"","meta":{"footnotes":""},"class_list":["post-781","page","type-page","status-publish","hentry"],"yoast_head":"<!-- This site is optimized with the Yoast SEO plugin v27.3 - https:\/\/yoast.com\/product\/yoast-seo-wordpress\/ -->\n<title>Livres et autres - Ch\u00e2teau Feely organic wine, tours, accommodation<\/title>\n<meta name=\"robots\" content=\"index, follow, max-snippet:-1, max-image-preview:large, max-video-preview:-1\" \/>\n<link rel=\"canonical\" href=\"https:\/\/chateaufeely.com\/fr\/notre-boutique\/livres-et-autres\/\" \/>\n<meta property=\"og:locale\" content=\"fr_FR\" \/>\n<meta property=\"og:type\" content=\"article\" \/>\n<meta property=\"og:title\" content=\"Livres et autres - Ch\u00e2teau Feely organic wine, tours, accommodation\" \/>\n<meta property=\"og:description\" content=\"[vc_row][vc_column][\/vc_column][\/vc_row]\" \/>\n<meta property=\"og:url\" content=\"https:\/\/chateaufeely.com\/fr\/notre-boutique\/livres-et-autres\/\" \/>\n<meta property=\"og:site_name\" content=\"Ch\u00e2teau Feely organic wine, tours, accommodation\" \/>\n<meta property=\"article:publisher\" content=\"https:\/\/www.facebook.com\/ChateauFeely\/\" \/>\n<meta property=\"article:modified_time\" content=\"2026-02-27T15:23:55+00:00\" \/>\n<meta name=\"twitter:card\" content=\"summary_large_image\" \/>\n<script type=\"application\/ld+json\" class=\"yoast-schema-graph\">{\"@context\":\"https:\\\/\\\/schema.org\",\"@graph\":[{\"@type\":\"WebPage\",\"@id\":\"https:\\\/\\\/chateaufeely.com\\\/fr\\\/notre-boutique\\\/livres-et-autres\\\/\",\"url\":\"https:\\\/\\\/chateaufeely.com\\\/fr\\\/notre-boutique\\\/livres-et-autres\\\/\",\"name\":\"Livres et autres - Ch\u00e2teau Feely organic wine, tours, accommodation\",\"isPartOf\":{\"@id\":\"https:\\\/\\\/chateaufeely.com\\\/fr\\\/#website\"},\"datePublished\":\"2016-06-28T16:24:42+00:00\",\"dateModified\":\"2026-02-27T15:23:55+00:00\",\"breadcrumb\":{\"@id\":\"https:\\\/\\\/chateaufeely.com\\\/fr\\\/notre-boutique\\\/livres-et-autres\\\/#breadcrumb\"},\"inLanguage\":\"fr-FR\",\"potentialAction\":[{\"@type\":\"ReadAction\",\"target\":[\"https:\\\/\\\/chateaufeely.com\\\/fr\\\/notre-boutique\\\/livres-et-autres\\\/\"]}]},{\"@type\":\"BreadcrumbList\",\"@id\":\"https:\\\/\\\/chateaufeely.com\\\/fr\\\/notre-boutique\\\/livres-et-autres\\\/#breadcrumb\",\"itemListElement\":[{\"@type\":\"ListItem\",\"position\":1,\"name\":\"Accueil\",\"item\":\"https:\\\/\\\/chateaufeely.com\\\/fr\\\/\"},{\"@type\":\"ListItem\",\"position\":2,\"name\":\"Notre Boutique\",\"item\":\"https:\\\/\\\/chateaufeely.com\\\/fr\\\/our-shop\\\/\"},{\"@type\":\"ListItem\",\"position\":3,\"name\":\"Livres et autres\"}]},{\"@type\":\"WebSite\",\"@id\":\"https:\\\/\\\/chateaufeely.com\\\/fr\\\/#website\",\"url\":\"https:\\\/\\\/chateaufeely.com\\\/fr\\\/\",\"name\":\"Ch\u00e2teau Feely organic wine, tours, accommodation\",\"description\":\"Biodynamic and natural wine, tours and wine school, ecological luxury lodge\",\"publisher\":{\"@id\":\"https:\\\/\\\/chateaufeely.com\\\/fr\\\/#organization\"},\"potentialAction\":[{\"@type\":\"SearchAction\",\"target\":{\"@type\":\"EntryPoint\",\"urlTemplate\":\"https:\\\/\\\/chateaufeely.com\\\/fr\\\/?s={search_term_string}\"},\"query-input\":{\"@type\":\"PropertyValueSpecification\",\"valueRequired\":true,\"valueName\":\"search_term_string\"}}],\"inLanguage\":\"fr-FR\"},{\"@type\":\"Organization\",\"@id\":\"https:\\\/\\\/chateaufeely.com\\\/fr\\\/#organization\",\"name\":\"Ch\u00e2teau Feely organic wine, tours, accommodation\",\"url\":\"https:\\\/\\\/chateaufeely.com\\\/fr\\\/\",\"logo\":{\"@type\":\"ImageObject\",\"inLanguage\":\"fr-FR\",\"@id\":\"https:\\\/\\\/chateaufeely.com\\\/fr\\\/#\\\/schema\\\/logo\\\/image\\\/\",\"url\":\"https:\\\/\\\/chateaufeely.com\\\/wp-content\\\/uploads\\\/2016\\\/05\\\/logo-vertical-v2-250.png\",\"contentUrl\":\"https:\\\/\\\/chateaufeely.com\\\/wp-content\\\/uploads\\\/2016\\\/05\\\/logo-vertical-v2-250.png\",\"width\":250,\"height\":312,\"caption\":\"Ch\u00e2teau Feely organic wine, tours, accommodation\"},\"image\":{\"@id\":\"https:\\\/\\\/chateaufeely.com\\\/fr\\\/#\\\/schema\\\/logo\\\/image\\\/\"},\"sameAs\":[\"https:\\\/\\\/www.facebook.com\\\/ChateauFeely\\\/\",\"https:\\\/\\\/www.instagram.com\\\/chateaufeely\\\/\"]}]}<\/script>\n<!-- \/ Yoast SEO plugin. -->","yoast_head_json":{"title":"Livres et autres - Ch\u00e2teau Feely organic wine, tours, accommodation","robots":{"index":"index","follow":"follow","max-snippet":"max-snippet:-1","max-image-preview":"max-image-preview:large","max-video-preview":"max-video-preview:-1"},"canonical":"https:\/\/chateaufeely.com\/fr\/notre-boutique\/livres-et-autres\/","og_locale":"fr_FR","og_type":"article","og_title":"Livres et autres - Ch\u00e2teau Feely organic wine, tours, accommodation","og_description":"[vc_row][vc_column][\/vc_column][\/vc_row]","og_url":"https:\/\/chateaufeely.com\/fr\/notre-boutique\/livres-et-autres\/","og_site_name":"Ch\u00e2teau Feely organic wine, tours, accommodation","article_publisher":"https:\/\/www.facebook.com\/ChateauFeely\/","article_modified_time":"2026-02-27T15:23:55+00:00","twitter_card":"summary_large_image","schema":{"@context":"https:\/\/schema.org","@graph":[{"@type":"WebPage","@id":"https:\/\/chateaufeely.com\/fr\/notre-boutique\/livres-et-autres\/","url":"https:\/\/chateaufeely.com\/fr\/notre-boutique\/livres-et-autres\/","name":"Livres et autres - Ch\u00e2teau Feely organic wine, tours, accommodation","isPartOf":{"@id":"https:\/\/chateaufeely.com\/fr\/#website"},"datePublished":"2016-06-28T16:24:42+00:00","dateModified":"2026-02-27T15:23:55+00:00","breadcrumb":{"@id":"https:\/\/chateaufeely.com\/fr\/notre-boutique\/livres-et-autres\/#breadcrumb"},"inLanguage":"fr-FR","potentialAction":[{"@type":"ReadAction","target":["https:\/\/chateaufeely.com\/fr\/notre-boutique\/livres-et-autres\/"]}]},{"@type":"BreadcrumbList","@id":"https:\/\/chateaufeely.com\/fr\/notre-boutique\/livres-et-autres\/#breadcrumb","itemListElement":[{"@type":"ListItem","position":1,"name":"Accueil","item":"https:\/\/chateaufeely.com\/fr\/"},{"@type":"ListItem","position":2,"name":"Notre Boutique","item":"https:\/\/chateaufeely.com\/fr\/our-shop\/"},{"@type":"ListItem","position":3,"name":"Livres et autres"}]},{"@type":"WebSite","@id":"https:\/\/chateaufeely.com\/fr\/#website","url":"https:\/\/chateaufeely.com\/fr\/","name":"Ch\u00e2teau Feely organic wine, tours, accommodation","description":"Biodynamic and natural wine, tours and wine school, ecological luxury lodge","publisher":{"@id":"https:\/\/chateaufeely.com\/fr\/#organization"},"potentialAction":[{"@type":"SearchAction","target":{"@type":"EntryPoint","urlTemplate":"https:\/\/chateaufeely.com\/fr\/?s={search_term_string}"},"query-input":{"@type":"PropertyValueSpecification","valueRequired":true,"valueName":"search_term_string"}}],"inLanguage":"fr-FR"},{"@type":"Organization","@id":"https:\/\/chateaufeely.com\/fr\/#organization","name":"Ch\u00e2teau Feely organic wine, tours, accommodation","url":"https:\/\/chateaufeely.com\/fr\/","logo":{"@type":"ImageObject","inLanguage":"fr-FR","@id":"https:\/\/chateaufeely.com\/fr\/#\/schema\/logo\/image\/","url":"https:\/\/chateaufeely.com\/wp-content\/uploads\/2016\/05\/logo-vertical-v2-250.png","contentUrl":"https:\/\/chateaufeely.com\/wp-content\/uploads\/2016\/05\/logo-vertical-v2-250.png","width":250,"height":312,"caption":"Ch\u00e2teau Feely organic wine, tours, accommodation"},"image":{"@id":"https:\/\/chateaufeely.com\/fr\/#\/schema\/logo\/image\/"},"sameAs":["https:\/\/www.facebook.com\/ChateauFeely\/","https:\/\/www.instagram.com\/chateaufeely\/"]}]}},"_links":{"self":[{"href":"https:\/\/chateaufeely.com\/fr\/wp-json\/wp\/v2\/pages\/781","targetHints":{"allow":["GET"]}}],"collection":[{"href":"https:\/\/chateaufeely.com\/fr\/wp-json\/wp\/v2\/pages"}],"about":[{"href":"https:\/\/chateaufeely.com\/fr\/wp-json\/wp\/v2\/types\/page"}],"author":[{"embeddable":true,"href":"https:\/\/chateaufeely.com\/fr\/wp-json\/wp\/v2\/users\/2"}],"replies":[{"embeddable":true,"href":"https:\/\/chateaufeely.com\/fr\/wp-json\/wp\/v2\/comments?post=781"}],"version-history":[{"count":2,"href":"https:\/\/chateaufeely.com\/fr\/wp-json\/wp\/v2\/pages\/781\/revisions"}],"predecessor-version":[{"id":10830,"href":"https:\/\/chateaufeely.com\/fr\/wp-json\/wp\/v2\/pages\/781\/revisions\/10830"}],"up":[{"embeddable":true,"href":"https:\/\/chateaufeely.com\/fr\/wp-json\/wp\/v2\/pages\/785"}],"wp:attachment":[{"href":"https:\/\/chateaufeely.com\/fr\/wp-json\/wp\/v2\/media?parent=781"}],"curies":[{"name":"wp","href":"https:\/\/api.w.org\/{rel}","templated":true}]}}