{"id":785,"date":"2016-06-28T17:36:01","date_gmt":"2016-06-28T16:36:01","guid":{"rendered":"http:\/\/chateaufeely.com\/?page_id=785"},"modified":"2026-02-27T16:24:20","modified_gmt":"2026-02-27T15:24:20","slug":"notre-boutique","status":"publish","type":"page","link":"https:\/\/chateaufeely.com\/fr\/notre-boutique\/","title":{"rendered":"Notre Boutique"},"content":{"rendered":"[vc_row][vc_column][mk_icon_box icon=\u00a0\u00bbmk-moon-basket-2&Prime; title=\u00a0\u00bbTous nos produits FEELY\u00a0\u00bb text_size=\u00a0\u00bb30&Prime; style=\u00a0\u00bbsimple_ultimate\u00a0\u00bb icon_size=\u00a0\u00bblarge\u00a0\u00bb icon_location=\u00a0\u00bbtop\u00a0\u00bb icon_color=\u00a0\u00bb#e0b957&Prime; title_color=\u00a0\u00bb#000000&Prime;]\n<p style=\"text-align: center;\">\u00a0<a href=\"https:\/\/chateaufeely.com\/fr\/notre-boutique\/le-feely-wine-club\/\">Wine Club<\/a> &#8211; <a href=\"https:\/\/chateaufeely.com\/fr\/notre-boutique\/vins\/\">Vin bio<\/a> &#8211; <a href=\"https:\/\/chateaufeely.com\/fr\/notre-boutique\/partage-du-vignoble\/\">Vine Shares<\/a><\/p>\n[\/mk_icon_box][\/vc_column][\/vc_row][vc_row][vc_column][vc_column_text css=\u00a0\u00bb.vc_custom_1586781541602{margin-bottom: 0px !important;}\u00a0\u00bb]<span style=\"color: #000000;\">Les vins biodynamiques naturels Chateau Feely sont fabriqu\u00e9s avec amour et soin et exp\u00e9dient directement depuis le vignoble en France, partout en France et en Europe, y compris au Royaume-Uni, et m\u00eame <a href=\"https:\/\/chateaufeely.com\/feely-organic-french-wine-direct-to-your-usa-address\/\" target=\"_blank\" rel=\"noopener noreferrer\">directement aux \u00c9tats-Unis<\/a>. Chateau Feely est enti\u00e8rement certifi\u00e9 biologique par Ecocert depuis 2009 et pratique l\u2019agriculture biodynamique depuis 2007.<\/span><\/p>\n<p><span style=\"color: #000000;\">Les vins Feely sont servis dans des restaurants \u00e9toil\u00e9s Michelin d\u2019exception en Europe et sont disponibles dans des caves sp\u00e9cialis\u00e9es, des boutiques bio et directement au domaine. Vous pouvez <a style=\"color: #000000;\" href=\"https:\/\/chateaufeely.com\/notre-boutique\/vins\/\">aussi acheter du vin biologique Feely en ligne. Je gagne<\/a>plus sur les vins bio rouges, blancs et ros\u00e9s que nous produisons, notre terroir et pourquoi choisir le bio (veuillez faire d\u00e9filer vers le bas). Pour \u00eatre inform\u00e9 de la disponibilit\u00e9 ou des cuv\u00e9es \u00e9puis\u00e9es et des cuv\u00e9es en \u00e9dition limit\u00e9e exclusivement directes, veuillez rejoindre notre liste de diffusion en bas \u00e0 droite de cette page. Pour <a style=\"color: #000000;\" href=\"https:\/\/chateaufeely.com\/notre-boutique\/partage-du-vignoble\/\">vivre l\u2019exp\u00e9rience du Ch\u00e2teau Feely, achetez une part de vigne<\/a> et venez r\u00e9colter avec nous.<\/span><\/p>\n<h3 style=\"text-align: center;\"><span style=\"color: #e0a000;\"><a style=\"color: #e0a000;\" href=\"https:\/\/chateaufeely.com\/our-shop\/selections-including-shipping-in-the-eu\/\">Commandez des caisses, y compris l\u2019exp\u00e9dition directe dans l\u2019UE<\/a><\/span><span style=\"color: #e0a000;\">\u00a0<\/span><\/h3>\n<h3 style=\"text-align: center;\"><a href=\"https:\/\/chateaufeely.com\/feely-organic-french-wine-direct-to-your-usa-address\/\"><span style=\"color: #e0a000;\">Commandez des caisses \u00e0 exp\u00e9dier directement aux \u00c9tats-Unis<\/span><\/a><\/h3>\n[\/vc_column_text][\/vc_column][\/vc_row][vc_row css=\u00a0\u00bb.vc_custom_1464075058595{padding-top: 20px !important;}\u00a0\u00bb][vc_column width=\u00a0\u00bb1\/3&Prime;][mk_icon_box2 icon_type=\u00a0\u00bbimage\u00a0\u00bb icon_size=\u00a0\u00bbinherit\u00a0\u00bb icon_image=\u00a0\u00bb\/wp-content\/uploads\/2016\/05\/Album_125.jpg\u00a0\u00bb title=\u00a0\u00bbVins rouges, blancs et ros\u00e9s\u00a0\u00bb title_color=\u00a0\u00bb#e0b957&Prime; read_more_url=\u00a0\u00bb\/boutique\/vins?lang=en\u00a0\u00bb][\/mk_icon_box2][mk_button dimension=\u00a0\u00bbflat\u00a0\u00bb corner_style=\u00a0\u00bbrounded\u00a0\u00bb size=\u00a0\u00bbmedium\u00a0\u00bb url=\u00a0\u00bb\/boutique\/vins\u00a0\u00bb align=\u00a0\u00bbcenter\u00a0\u00bb margin_top=\u00a0\u00bb15&Prime; btn_hover_bg=\u00a0\u00bb#e0a000&Prime;]D\u00c9COUVRIR[\/mk_button][\/vc_column][vc_column width=\u00a0\u00bb1\/3&Prime;][mk_icon_box2 icon_type=\u00a0\u00bbimage\u00a0\u00bb icon_size=\u00a0\u00bbinherit\u00a0\u00bb icon_image=\u00a0\u00bb\/wp-content\/uploads\/2016\/06\/partage-vignoble-feely.jpg\u00a0\u00bb title=\u00a0\u00bbVine Share\u00a0\u00bb title_color=\u00a0\u00bb#e0b957&Prime; read_more_url=\u00a0\u00bb\/boutique\/partage-du-vignoble?lang=en\u00a0\u00bb][\/mk_icon_box2][mk_button dimension=\u00a0\u00bbflat\u00a0\u00bb corner_style=\u00a0\u00bbrounded\u00a0\u00bb size=\u00a0\u00bbmedium\u00a0\u00bb url=\u00a0\u00bb\/boutique\/partage-du-vignoble\u00a0\u00bb align=\u00a0\u00bbcenter\u00a0\u00bb margin_top=\u00a0\u00bb15&Prime; btn_hover_bg=\u00a0\u00bb#e0a000&Prime;]D\u00c9COUVRIR[\/mk_button][\/vc_column][vc_column width=\u00a0\u00bb1\/3&Prime;][mk_icon_box2 icon_type=\u00a0\u00bbimage\u00a0\u00bb icon_size=\u00a0\u00bbinherit\u00a0\u00bb icon_image=\u00a0\u00bb\/wp-content\/uploads\/2016\/05\/Album_112.jpg\u00a0\u00bb title=\u00a0\u00bbLivres et autres produits\u00a0\u00bb title_color=\u00a0\u00bb#e0b957&Prime; read_more_url=\u00a0\u00bb\/boutique\/livres-et-autres?lang=en\u00a0\u00bb][\/mk_icon_box2][mk_button dimension=\u00a0\u00bbflat\u00a0\u00bb corner_style=\u00a0\u00bbrounded\u00a0\u00bb size=\u00a0\u00bbmedium\u00a0\u00bb url=\u00a0\u00bb\/boutique\/livres-et-autres\u00a0\u00bb align=\u00a0\u00bbcenter\u00a0\u00bb margin_top=\u00a0\u00bb15&Prime; btn_hover_bg=\u00a0\u00bb#e0a000&Prime;]D\u00c9COUVRIR[\/mk_button][\/vc_column][\/vc_row][vc_row][vc_column][vc_column_text css=\u00a0\u00bb.vc_custom_1583418308533{margin-bottom: 0px !important;}\u00a0\u00bb]\n<p>\u00a0<\/p>\n[\/vc_column_text][vc_text_separator title=\u00a0\u00bbVins bio faits main directement de France\u00a0\u00bb color=\u00a0\u00bbcustom\u00a0\u00bb border_width=\u00a0\u00bb4&Prime; accent_color=\u00a0\u00bb#e0b957&Prime;][vc_column_text css=\u00a0\u00bb.vc_custom_1651075493052{margin-bottom: 0px !important;}\u00a0\u00bb]\n<h1 class=\"western\"><\/h1>\n<p><span style=\"font-family: Candara, sans-serif; color: #000000;\">Les vins biodynamiques de Chateau Feely sont soigneusement s\u00e9lectionn\u00e9s et cultiv\u00e9s biologiquement. Chaque cuv\u00e9e sp\u00e9cifique \u00e0 chaque vignoble repr\u00e9sente moins de 4000 bouteilles num\u00e9rot\u00e9es individuellement. <\/span><\/p>\n<p class=\"western\" style=\"text-align: center;\"><span style=\"color: #000000;\"><strong>-Vins premium individuels de vignoble sur calcaire et pierre de silex-<\/strong><\/span><\/p>\n<p><span style=\"color: #000000;\"><span style=\"font-family: Candara, sans-serif;\">Les vins biodynamiques de Chateau Feely sont cr\u00e9\u00e9s pour vous offrir des vins de vignoble individuels qui ont un lien profond avec leur lieu. <\/span><span style=\"font-family: Candara, sans-serif;\">Chaque vin est \u00e9labor\u00e9 \u00e0 partir d\u2019un petit bloc avec des caract\u00e9ristiques sp\u00e9cifiques et refl\u00e8te le sol calcaire et en pierre de silex unique \u00e0 la ferme Feely. Le calcaire offre une min\u00e9ralit\u00e9, presque sal\u00e9e, et le silex apporte une fum\u00e9e. Ce sont des vins sains, fid\u00e8les \u00e0 leurs origines, \u00e0 leur mill\u00e9sime, qui vous laissent un souvenir durable.<\/span><\/span><\/p>\n<p class=\"western\" style=\"text-align: center;\"><span style=\"color: #000000;\">\u00a0<strong>-Vins certifi\u00e9s biologiques-<\/strong><\/span><\/p>\n<p><span style=\"font-family: Candara, sans-serif; color: #000000;\">Les vins Chateau Feely sont certifi\u00e9s biologiques par Ecocert. Le domaine a commenc\u00e9 \u00e0 produire des vins naturels sans sulfite ajout\u00e9 en 2010.<\/span><\/p>\n<p class=\"western\" style=\"text-align: center;\"><span style=\"color: #000000;\"><strong>-Quelle est la diff\u00e9rence entre le vin bio et le vin biodynamique ? &#8211;<\/strong><\/span><\/p>\n<p><span style=\"font-family: Candara, sans-serif; color: #000000;\"><b>La certification biologique<\/b> <b>garantit<\/b> que les vins ont \u00e9t\u00e9 <b>cultiv\u00e9s sans engrais chimiques, herbicides et insecticides et fongicides syst\u00e9miques<\/b> , et que la vinification utilise peu d\u2019additifs et de sulfures limit\u00e9s. <b>La certification biologique<\/b> en France est <b>fiable,<\/b> <b>garantie<\/b> et <b>r\u00e9gie par le droit de l\u2019UE<\/b>. <\/span><\/p>\n<p><span style=\"font-family: Candara, sans-serif; color: #000000;\">Les r\u00e8gles pour la <b>biodynamique<\/b> sont <b>plus strictes que<\/b> pour <b>les organiques<\/b>. Il existe une certification, mais elle est r\u00e9gie par des r\u00e8gles \u00e9tablies par des organismes de certification plut\u00f4t que par le droit de l\u2019UE, puisque le droit europ\u00e9en sur l\u2019agriculture biodynamique n\u2019existe pas. Par exemple, les r\u00e8gles fix\u00e9es par <a style=\"color: #000000;\" href=\"http:\/\/www.demeter.fr\/\" target=\"_blank\" rel=\"noopener noreferrer\">Demeter<\/a> concernant les niveaux maximaux de sulfites dans le vin et le maximum de cuivre utilis\u00e9 dans le vignoble sont plus strictes que celles fix\u00e9es par Biodyvin, un autre organisme de certification biodynamique. Consultez notre article sur <a style=\"color: #000000;\" href=\"https:\/\/chateaufeely.com\/tell-wine-organic-not\/\" target=\"_blank\" rel=\"noopener noreferrer\">la mani\u00e8re de reconna\u00eetre le vin biologique et biodynamique<\/a>. Tous nos vins respectent ces deux r\u00e8gles d\u2019association biodynamique.<\/span><\/p>\n<p style=\"text-align: center;\"><span style=\"font-family: Candara, sans-serif; color: #000000;\">Une ferme doit d\u00e9j\u00e0 \u00eatre certifi\u00e9e biologique pour devenir biodynamique. <\/span><\/p>\n<p class=\"western\" style=\"text-align: center;\"><span style=\"color: #000000;\"><strong>-Qu\u2019est-ce que le vin naturel ? &#8211;<\/strong><\/span><\/p>\n<p><span style=\"font-family: Candara, sans-serif; color: #000000;\">Le vin naturel est encore plus strict mais il n\u2019y a pas de certification, il n\u2019est pas soumis \u00e0 la l\u00e9gislation europ\u00e9enne et ce que nous entendons comme vin naturel repose sur des r\u00e8gles \u00e9tablies par des associations de vignerons naturels. Le vin naturel est essentiellement un vin biologique, sans additifs dans la vinification, avec des levures naturelles \u2013 \u00e9galement requises pour la certification biodynamique \u2013 et tr\u00e8s faible en sulfites ou sans sulfites ajout\u00e9s.<\/span><\/p>\n<p class=\"western\" style=\"text-align: center;\"><span style=\"color: #000000;\"><em><strong>Faire du vin rouge naturel est plus facile que de faire du vin blanc et ros\u00e9 naturel<\/strong><\/em><\/span><\/p>\n<p><span style=\"font-family: Candara, sans-serif; color: #000000;\">En g\u00e9n\u00e9ral, est-il plus facile de faire des vins rouges naturels que des vins blancs et ros\u00e9s naturels, car les tanins aident \u00e0 prot\u00e9ger le vin. Les vins rouges Feely ne contiennent pas de sulfite ajout\u00e9 depuis le mill\u00e9sime 2014. Nous produisons des cuv\u00e9es blanches sans sulfite et sans SO2 ajout\u00e9 comme les Mille Fleurs, mais en g\u00e9n\u00e9ral <a style=\"color: #000000;\" href=\"https:\/\/chateaufeely.com\/notre-boutique\/vins\/\" target=\"_blank\" rel=\"noopener noreferrer\">les vins blancs et ros\u00e9s de Chateau Feely sont faibles en sulfites<\/a>.<\/span><\/p>\n<p class=\"western\" style=\"text-align: center;\"><span style=\"color: #000000;\"><strong>-Comment faire du vin faible ou pas de sulfite ? &#8211;<\/strong><\/span><\/p>\n<p><span style=\"font-family: Candara, sans-serif; color: #000000;\">Il est possible de produire des vins naturels \u00e0 faible teneur ou sans apport de SO2 sans \u00e9carts, surtout si les vins sont totalement secs \u2013 c\u2019est-\u00e0-dire sans sucre r\u00e9siduel \u2013 et pr\u00e9sentent leur propre r\u00e9sistance naturelle \u00e0 l\u2019oxydation sous forme d\u2019antioxydants naturels comme le resv\u00e9rarol ainsi qu\u2019une acidit\u00e9 naturellement \u00e9lev\u00e9e. Les vins biologiques et biodynamiques pr\u00e9sentent une acidit\u00e9 naturelle plus \u00e9lev\u00e9e que les vins conventionnels. Les engrais chimiques r\u00e9duisent l\u2019acidit\u00e9 pr\u00e9sente dans les raisins cultiv\u00e9s avec eux. Les vins biologiques et biodynamiques contiennent \u00e9galement des niveaux plus \u00e9lev\u00e9s d\u2019antioxydants car la vigne cr\u00e9e ces antioxydants en r\u00e9ponse aux attaques de nuisibles et de maladies. Si la vigne a \u00e9t\u00e9 dos\u00e9e avec des pesticides syst\u00e9miques, elle ne sera pas attaqu\u00e9e et ne produira donc pas ces antioxydants.<\/span><\/p>\n<p class=\"western\" style=\"text-align: center;\"><span style=\"color: #000000;\"><strong>-Peut-on vieillir sans vins avec des sulfites ? &#8211;<\/strong><\/span><\/p>\n<p><span style=\"font-family: Candara, sans-serif; color: #000000;\">Chateau Feely a commenc\u00e9 \u00e0 produire des vins sans sulfite ajout\u00e9 en 2010. Fin 2018, nous avons eu une d\u00e9gustation verticale de vins rouges La Source de 2006 \u00e0 2015. Le plus ancien de nos vins sans sulfite, 2010, \u00e9tait encore beau et frais. On peut dire sans risque que <a style=\"color: #000000;\" href=\"https:\/\/chateaufeely.com\/notre-boutique\/vins\/\" target=\"_blank\" rel=\"noopener noreferrer\">les rouges Chateau Feely, sans sulfite<\/a> , vieilliront bien au moins pendant 8 ans. Cela peut ne pas \u00eatre le cas pour tous les rouges sans sulfite, en particulier ceux qui sont clairs et pauvres en tanins.<\/span>[\/vc_column_text][\/vc_column][\/vc_row][vc_row][vc_column][vc_column_text css=\u00a0\u00bb.vc_custom_1583418308533{margin-bottom: 0px !important;}\u00a0\u00bb]\n<p>\u00a0<\/p>\n[\/vc_column_text][vc_text_separator title=\u00a0\u00bbPourquoi acheter du vin bio ? Pourquoi acheter du vin naturel sans sulfite ?\u00a0\u00bb color=\u00a0\u00bbcustom\u00a0\u00bb border_width=\u00a0\u00bb4&Prime; accent_color=\u00a0\u00bb#e0b957&Prime;][vc_column_text css=\u00a0\u00bb.vc_custom_1583418428221{margin-bottom: 0px !important;}\u00a0\u00bb]<span style=\"font-family: Candara, sans-serif;\">Il y a <a href=\"https:\/\/chateaufeely.com\/choose-organic-anything-especially-wine-intro-series-organic\/\" target=\"_blank\" rel=\"noopener noreferrer\">trois principales raisons de choisir d\u2019acheter du vin biologique pour votre sant\u00e9, pour l\u2019environnement et pour le go\u00fbt \/ plaisir<\/a>. La biodynamique est un avantage et un faible ou pas de sulfite est aussi b\u00e9n\u00e9fique car les sulfites sont inflammatoires &#8211; voir <a href=\"https:\/\/chateaufeely.com\/what-the-sulfite\/\" target=\"_blank\" rel=\"noopener noreferrer\">l\u2019article sur pourquoi devrais-tu t\u2019int\u00e9resser aux sulfites<\/a>.<\/span><\/p>\n<p>Pour \u00eatre inform\u00e9 de la disponibilit\u00e9 des cuv\u00e9es en rupture de stock et des cuv\u00e9es en \u00e9dition limit\u00e9e exclusivement directes, et pour recevoir nos actualit\u00e9s bimensuelles, veuillez rejoindre notre liste de diffusion en bas \u00e0 droite de cette page. Pour les vins Chateau Feely en ligne, voir <a href=\"https:\/\/chateaufeely.com\/notre-boutique\/vins\/\">la boutique de vins biodynamiques biologiques Feely<\/a>. Pour en savoir plus sur <a href=\"https:\/\/chateaufeely.com\/category\/why-choose-organic-wine\/\">le bio, consultez notre blog sur Why Organic (pourquoi le bio<\/a>).[\/vc_column_text][\/vc_column][\/vc_row][vc_row][vc_column][\/vc_column][\/vc_row]\n","protected":false},"excerpt":{"rendered":"<p>[vc_row][vc_column][mk_icon_box icon=\u00a0\u00bbmk-moon-basket-2&Prime; title=\u00a0\u00bbTous nos produits FEELY\u00a0\u00bb text_size=\u00a0\u00bb30&Prime; style=\u00a0\u00bbsimple_ultimate\u00a0\u00bb icon_size=\u00a0\u00bblarge\u00a0\u00bb icon_location=\u00a0\u00bbtop\u00a0\u00bb icon_color=\u00a0\u00bb#e0b957&Prime; title_color=\u00a0\u00bb#000000&Prime;] \u00a0Wine Club &#8211; Vin bio &#8211; Vine Shares [\/mk_icon_box][\/vc_column][\/vc_row][vc_row][vc_column][vc_column_text css=\u00a0\u00bb.vc_custom_1586781541602{margin-bottom: 0px !important;}\u00a0\u00bb]Les vins biodynamiques naturels Chateau Feely sont fabriqu\u00e9s avec amour et soin et exp\u00e9dient directement depuis le vignoble en France, partout en France et en Europe, y compris au Royaume-Uni, et m\u00eame [&hellip;]<\/p>\n","protected":false},"author":2,"featured_media":0,"parent":0,"menu_order":0,"comment_status":"closed","ping_status":"closed","template":"","meta":{"_exactmetrics_skip_tracking":false,"_exactmetrics_sitenote_active":false,"_exactmetrics_sitenote_note":"","_exactmetrics_sitenote_category":0,"footnotes":""},"class_list":["post-785","page","type-page","status-publish","hentry"],"yoast_head":"<!-- This site is optimized with the Yoast SEO plugin v27.0 - https:\/\/yoast.com\/product\/yoast-seo-wordpress\/ -->\n<title>Ch\u00e2teau Feely, vin biodynamique biodynamique certifi\u00e9 Demeter en ligne<\/title>\n<meta name=\"description\" content=\"Vins blancs, rouges et ros\u00e9s biodynamiques directement du producteur prim\u00e9 Chateau Feely. Vins naturels, certifi\u00e9s Demeter, biodynamiques, faits avec amour.\" \/>\n<meta name=\"robots\" content=\"index, follow, max-snippet:-1, max-image-preview:large, max-video-preview:-1\" \/>\n<link rel=\"canonical\" href=\"https:\/\/chateaufeely.com\/fr\/notre-boutique\/\" \/>\n<meta property=\"og:locale\" content=\"fr_FR\" \/>\n<meta property=\"og:type\" content=\"article\" \/>\n<meta property=\"og:title\" content=\"Ch\u00e2teau Feely, vin biodynamique biodynamique certifi\u00e9 Demeter en ligne\" \/>\n<meta property=\"og:description\" content=\"Vins blancs, rouges et ros\u00e9s biodynamiques directement du producteur prim\u00e9 Chateau Feely. Vins naturels, certifi\u00e9s Demeter, biodynamiques, faits avec amour.\" \/>\n<meta property=\"og:url\" content=\"https:\/\/chateaufeely.com\/fr\/notre-boutique\/\" \/>\n<meta property=\"og:site_name\" content=\"Ch\u00e2teau Feely organic wine, tours, accommodation\" \/>\n<meta property=\"article:publisher\" content=\"https:\/\/www.facebook.com\/ChateauFeely\/\" \/>\n<meta property=\"article:modified_time\" content=\"2026-02-27T15:24:20+00:00\" \/>\n<meta name=\"twitter:card\" content=\"summary_large_image\" \/>\n<meta name=\"twitter:label1\" content=\"Dur\u00e9e de lecture estim\u00e9e\" \/>\n\t<meta name=\"twitter:data1\" content=\"7 minutes\" \/>\n<script type=\"application\/ld+json\" class=\"yoast-schema-graph\">{\"@context\":\"https:\/\/schema.org\",\"@graph\":[{\"@type\":\"WebPage\",\"@id\":\"https:\/\/chateaufeely.com\/fr\/notre-boutique\/\",\"url\":\"https:\/\/chateaufeely.com\/fr\/notre-boutique\/\",\"name\":\"Ch\u00e2teau Feely, vin biodynamique biodynamique certifi\u00e9 Demeter en ligne\",\"isPartOf\":{\"@id\":\"https:\/\/chateaufeely.com\/fr\/#website\"},\"datePublished\":\"2016-06-28T16:36:01+00:00\",\"dateModified\":\"2026-02-27T15:24:20+00:00\",\"description\":\"Vins blancs, rouges et ros\u00e9s biodynamiques directement du producteur prim\u00e9 Chateau Feely. Vins naturels, certifi\u00e9s Demeter, biodynamiques, faits avec amour.\",\"breadcrumb\":{\"@id\":\"https:\/\/chateaufeely.com\/fr\/notre-boutique\/#breadcrumb\"},\"inLanguage\":\"fr-FR\",\"potentialAction\":[{\"@type\":\"ReadAction\",\"target\":[\"https:\/\/chateaufeely.com\/fr\/notre-boutique\/\"]}]},{\"@type\":\"BreadcrumbList\",\"@id\":\"https:\/\/chateaufeely.com\/fr\/notre-boutique\/#breadcrumb\",\"itemListElement\":[{\"@type\":\"ListItem\",\"position\":1,\"name\":\"Accueil\",\"item\":\"https:\/\/chateaufeely.com\/fr\/\"},{\"@type\":\"ListItem\",\"position\":2,\"name\":\"Notre Boutique\"}]},{\"@type\":\"WebSite\",\"@id\":\"https:\/\/chateaufeely.com\/fr\/#website\",\"url\":\"https:\/\/chateaufeely.com\/fr\/\",\"name\":\"Ch\u00e2teau Feely organic wine, tours, accommodation\",\"description\":\"Biodynamic and natural wine, tours and wine school, ecological luxury lodge\",\"publisher\":{\"@id\":\"https:\/\/chateaufeely.com\/fr\/#organization\"},\"potentialAction\":[{\"@type\":\"SearchAction\",\"target\":{\"@type\":\"EntryPoint\",\"urlTemplate\":\"https:\/\/chateaufeely.com\/fr\/?s={search_term_string}\"},\"query-input\":{\"@type\":\"PropertyValueSpecification\",\"valueRequired\":true,\"valueName\":\"search_term_string\"}}],\"inLanguage\":\"fr-FR\"},{\"@type\":\"Organization\",\"@id\":\"https:\/\/chateaufeely.com\/fr\/#organization\",\"name\":\"Ch\u00e2teau Feely organic wine, tours, accommodation\",\"url\":\"https:\/\/chateaufeely.com\/fr\/\",\"logo\":{\"@type\":\"ImageObject\",\"inLanguage\":\"fr-FR\",\"@id\":\"https:\/\/chateaufeely.com\/fr\/#\/schema\/logo\/image\/\",\"url\":\"https:\/\/chateaufeely.com\/wp-content\/uploads\/2016\/05\/logo-vertical-v2-250.png\",\"contentUrl\":\"https:\/\/chateaufeely.com\/wp-content\/uploads\/2016\/05\/logo-vertical-v2-250.png\",\"width\":250,\"height\":312,\"caption\":\"Ch\u00e2teau Feely organic wine, tours, accommodation\"},\"image\":{\"@id\":\"https:\/\/chateaufeely.com\/fr\/#\/schema\/logo\/image\/\"},\"sameAs\":[\"https:\/\/www.facebook.com\/ChateauFeely\/\",\"https:\/\/www.instagram.com\/chateaufeely\/\"]}]}<\/script>\n<!-- \/ Yoast SEO plugin. -->","yoast_head_json":{"title":"Ch\u00e2teau Feely, vin biodynamique biodynamique certifi\u00e9 Demeter en ligne","description":"Vins blancs, rouges et ros\u00e9s biodynamiques directement du producteur prim\u00e9 Chateau Feely. Vins naturels, certifi\u00e9s Demeter, biodynamiques, faits avec amour.","robots":{"index":"index","follow":"follow","max-snippet":"max-snippet:-1","max-image-preview":"max-image-preview:large","max-video-preview":"max-video-preview:-1"},"canonical":"https:\/\/chateaufeely.com\/fr\/notre-boutique\/","og_locale":"fr_FR","og_type":"article","og_title":"Ch\u00e2teau Feely, vin biodynamique biodynamique certifi\u00e9 Demeter en ligne","og_description":"Vins blancs, rouges et ros\u00e9s biodynamiques directement du producteur prim\u00e9 Chateau Feely. Vins naturels, certifi\u00e9s Demeter, biodynamiques, faits avec amour.","og_url":"https:\/\/chateaufeely.com\/fr\/notre-boutique\/","og_site_name":"Ch\u00e2teau Feely organic wine, tours, accommodation","article_publisher":"https:\/\/www.facebook.com\/ChateauFeely\/","article_modified_time":"2026-02-27T15:24:20+00:00","twitter_card":"summary_large_image","twitter_misc":{"Dur\u00e9e de lecture estim\u00e9e":"7 minutes"},"schema":{"@context":"https:\/\/schema.org","@graph":[{"@type":"WebPage","@id":"https:\/\/chateaufeely.com\/fr\/notre-boutique\/","url":"https:\/\/chateaufeely.com\/fr\/notre-boutique\/","name":"Ch\u00e2teau Feely, vin biodynamique biodynamique certifi\u00e9 Demeter en ligne","isPartOf":{"@id":"https:\/\/chateaufeely.com\/fr\/#website"},"datePublished":"2016-06-28T16:36:01+00:00","dateModified":"2026-02-27T15:24:20+00:00","description":"Vins blancs, rouges et ros\u00e9s biodynamiques directement du producteur prim\u00e9 Chateau Feely. Vins naturels, certifi\u00e9s Demeter, biodynamiques, faits avec amour.","breadcrumb":{"@id":"https:\/\/chateaufeely.com\/fr\/notre-boutique\/#breadcrumb"},"inLanguage":"fr-FR","potentialAction":[{"@type":"ReadAction","target":["https:\/\/chateaufeely.com\/fr\/notre-boutique\/"]}]},{"@type":"BreadcrumbList","@id":"https:\/\/chateaufeely.com\/fr\/notre-boutique\/#breadcrumb","itemListElement":[{"@type":"ListItem","position":1,"name":"Accueil","item":"https:\/\/chateaufeely.com\/fr\/"},{"@type":"ListItem","position":2,"name":"Notre Boutique"}]},{"@type":"WebSite","@id":"https:\/\/chateaufeely.com\/fr\/#website","url":"https:\/\/chateaufeely.com\/fr\/","name":"Ch\u00e2teau Feely organic wine, tours, accommodation","description":"Biodynamic and natural wine, tours and wine school, ecological luxury lodge","publisher":{"@id":"https:\/\/chateaufeely.com\/fr\/#organization"},"potentialAction":[{"@type":"SearchAction","target":{"@type":"EntryPoint","urlTemplate":"https:\/\/chateaufeely.com\/fr\/?s={search_term_string}"},"query-input":{"@type":"PropertyValueSpecification","valueRequired":true,"valueName":"search_term_string"}}],"inLanguage":"fr-FR"},{"@type":"Organization","@id":"https:\/\/chateaufeely.com\/fr\/#organization","name":"Ch\u00e2teau Feely organic wine, tours, accommodation","url":"https:\/\/chateaufeely.com\/fr\/","logo":{"@type":"ImageObject","inLanguage":"fr-FR","@id":"https:\/\/chateaufeely.com\/fr\/#\/schema\/logo\/image\/","url":"https:\/\/chateaufeely.com\/wp-content\/uploads\/2016\/05\/logo-vertical-v2-250.png","contentUrl":"https:\/\/chateaufeely.com\/wp-content\/uploads\/2016\/05\/logo-vertical-v2-250.png","width":250,"height":312,"caption":"Ch\u00e2teau Feely organic wine, tours, accommodation"},"image":{"@id":"https:\/\/chateaufeely.com\/fr\/#\/schema\/logo\/image\/"},"sameAs":["https:\/\/www.facebook.com\/ChateauFeely\/","https:\/\/www.instagram.com\/chateaufeely\/"]}]}},"_links":{"self":[{"href":"https:\/\/chateaufeely.com\/fr\/wp-json\/wp\/v2\/pages\/785","targetHints":{"allow":["GET"]}}],"collection":[{"href":"https:\/\/chateaufeely.com\/fr\/wp-json\/wp\/v2\/pages"}],"about":[{"href":"https:\/\/chateaufeely.com\/fr\/wp-json\/wp\/v2\/types\/page"}],"author":[{"embeddable":true,"href":"https:\/\/chateaufeely.com\/fr\/wp-json\/wp\/v2\/users\/2"}],"replies":[{"embeddable":true,"href":"https:\/\/chateaufeely.com\/fr\/wp-json\/wp\/v2\/comments?post=785"}],"version-history":[{"count":5,"href":"https:\/\/chateaufeely.com\/fr\/wp-json\/wp\/v2\/pages\/785\/revisions"}],"predecessor-version":[{"id":10833,"href":"https:\/\/chateaufeely.com\/fr\/wp-json\/wp\/v2\/pages\/785\/revisions\/10833"}],"wp:attachment":[{"href":"https:\/\/chateaufeely.com\/fr\/wp-json\/wp\/v2\/media?parent=785"}],"curies":[{"name":"wp","href":"https:\/\/api.w.org\/{rel}","templated":true}]}}