{"id":93,"date":"2016-05-22T06:32:07","date_gmt":"2016-05-22T05:32:07","guid":{"rendered":"http:\/\/chateaufeely.com\/?page_id=93"},"modified":"2026-02-27T16:25:31","modified_gmt":"2026-02-27T15:25:31","slug":"blog","status":"publish","type":"page","link":"https:\/\/chateaufeely.com\/fr\/blog\/","title":{"rendered":"Blog"},"content":{"rendered":"[vc_row][vc_column][mk_icon_box icon=\u00a0\u00bbmk-icon-calendar\u00a0\u00bb title=\u00a0\u00bbTous nos articles\u00a0\u00bb text_size=\u00a0\u00bb30&Prime; style=\u00a0\u00bbsimple_ultimate\u00a0\u00bb icon_size=\u00a0\u00bblarge\u00a0\u00bb icon_location=\u00a0\u00bbtop\u00a0\u00bb icon_color=\u00a0\u00bb#e0b957&Prime; title_color=\u00a0\u00bb#000000&Prime;]\n<p style=\"text-align: center;\">Cat\u00e9gories &#8211; <a href=\"https:\/\/chateaufeely.com\/category\/organic-farming\/biodynamics\/\">Biodynamique<\/a>, <a href=\"https:\/\/chateaufeely.com\/tag\/organic-farming\/\">agriculture biologique<\/a>, <a href=\"https:\/\/chateaufeely.com\/fr\/categorie-produit\/autres-produits\/livres\/\">livres<\/a>, <a href=\"https:\/\/chateaufeely.com\/fr\/category\/actualites\/\">actualit\u00e9s et r\u00e9compenses<\/a>, <a href=\"https:\/\/chateaufeely.com\/tag\/winegrowing\/\">viticulture<\/a>, <a href=\"https:\/\/chateaufeely.com\/fr\/category\/ecole-du-vin\/\">\u00e9cole de vin<\/a>, <a href=\"https:\/\/chateaufeely.com\/fr\/category\/visites-de-vignobles\/\">excursions<\/a>, <a href=\"https:\/\/chateaufeely.com\/fr\/tag\/evenements\/\">\u00e9v\u00e9nements<\/a>, <a href=\"https:\/\/chateaufeely.com\/category\/yoga\/\">yoga<\/a> et plus encore &#8211; recherchez avec le bouton de recherche ou faites d\u00e9filer vers le bas pour voir la liste compl\u00e8te des cat\u00e9gories.<\/p>\n<p style=\"text-align: center;\">D\u00e9couvrez nos actualit\u00e9s sur le blog du Ch\u00e2teau Feely !<\/p>\n[\/mk_icon_box][\/vc_column][\/vc_row][vc_row fullwidth=\u00a0\u00bbtrue\u00a0\u00bb][vc_column width=\u00a0\u00bb3\/4&Prime;][mk_blog style=\u00a0\u00bbgrid\u00a0\u00bb pagination_style=\u00a0\u00bb2&Prime; count=\u00a0\u00bb-1&Prime;][\/vc_column][vc_column width=\u00a0\u00bb1\/4&Prime;][mk_custom_sidebar sidebar=\u00a0\u00bbsidebar-1&Prime;][\/vc_column][\/vc_row]\n","protected":false},"excerpt":{"rendered":"<p>[vc_row][vc_column][mk_icon_box icon=\u00a0\u00bbmk-icon-calendar\u00a0\u00bb title=\u00a0\u00bbTous nos articles\u00a0\u00bb text_size=\u00a0\u00bb30&Prime; style=\u00a0\u00bbsimple_ultimate\u00a0\u00bb icon_size=\u00a0\u00bblarge\u00a0\u00bb icon_location=\u00a0\u00bbtop\u00a0\u00bb icon_color=\u00a0\u00bb#e0b957&Prime; title_color=\u00a0\u00bb#000000&Prime;] Cat\u00e9gories &#8211; Biodynamique, agriculture biologique, livres, actualit\u00e9s et r\u00e9compenses, viticulture, \u00e9cole de vin, excursions, \u00e9v\u00e9nements, yoga et plus encore &#8211; recherchez avec le bouton de recherche ou faites d\u00e9filer vers le bas pour voir la liste compl\u00e8te des cat\u00e9gories. D\u00e9couvrez nos actualit\u00e9s sur le [&hellip;]<\/p>\n","protected":false},"author":2,"featured_media":0,"parent":0,"menu_order":0,"comment_status":"closed","ping_status":"closed","template":"","meta":{"_exactmetrics_skip_tracking":false,"_exactmetrics_sitenote_active":false,"_exactmetrics_sitenote_note":"","_exactmetrics_sitenote_category":0,"footnotes":""},"class_list":["post-93","page","type-page","status-publish","hentry"],"yoast_head":"<!-- This site is optimized with the Yoast SEO plugin v27.0 - https:\/\/yoast.com\/product\/yoast-seo-wordpress\/ -->\n<title>D\u00e9couvrez les actualit\u00e9s sur les vins biologiques et biodynamiques de Feely sur notre blog<\/title>\n<meta name=\"description\" content=\"Retrouvez toutes les derni\u00e8res actualit\u00e9s sur Chateau Feely sur le blog : vignes bio, vin naturel, vendanges, h\u00e9bergement, biodynamique, excursions de vin, \u00e9cole de vin...\" \/>\n<meta name=\"robots\" content=\"index, follow, max-snippet:-1, max-image-preview:large, max-video-preview:-1\" \/>\n<link rel=\"canonical\" href=\"https:\/\/chateaufeely.com\/fr\/blog\/\" \/>\n<meta property=\"og:locale\" content=\"fr_FR\" \/>\n<meta property=\"og:type\" content=\"article\" \/>\n<meta property=\"og:title\" content=\"D\u00e9couvrez les actualit\u00e9s sur les vins biologiques et biodynamiques de Feely sur notre blog\" \/>\n<meta property=\"og:description\" content=\"Retrouvez toutes les derni\u00e8res actualit\u00e9s sur Chateau Feely sur le blog : vignes bio, vin naturel, vendanges, h\u00e9bergement, biodynamique, excursions de vin, \u00e9cole de vin...\" \/>\n<meta property=\"og:url\" content=\"https:\/\/chateaufeely.com\/fr\/blog\/\" \/>\n<meta property=\"og:site_name\" content=\"Ch\u00e2teau Feely organic wine, tours, accommodation\" \/>\n<meta property=\"article:publisher\" content=\"https:\/\/www.facebook.com\/ChateauFeely\/\" \/>\n<meta property=\"article:modified_time\" content=\"2026-02-27T15:25:31+00:00\" \/>\n<meta name=\"twitter:card\" content=\"summary_large_image\" \/>\n<meta name=\"twitter:label1\" content=\"Dur\u00e9e de lecture estim\u00e9e\" \/>\n\t<meta name=\"twitter:data1\" content=\"1 minute\" \/>\n<script type=\"application\/ld+json\" class=\"yoast-schema-graph\">{\"@context\":\"https:\/\/schema.org\",\"@graph\":[{\"@type\":\"WebPage\",\"@id\":\"https:\/\/chateaufeely.com\/fr\/blog\/\",\"url\":\"https:\/\/chateaufeely.com\/fr\/blog\/\",\"name\":\"D\u00e9couvrez les actualit\u00e9s sur les vins biologiques et biodynamiques de Feely sur notre blog\",\"isPartOf\":{\"@id\":\"https:\/\/chateaufeely.com\/fr\/#website\"},\"datePublished\":\"2016-05-22T05:32:07+00:00\",\"dateModified\":\"2026-02-27T15:25:31+00:00\",\"description\":\"Retrouvez toutes les derni\u00e8res actualit\u00e9s sur Chateau Feely sur le blog : vignes bio, vin naturel, vendanges, h\u00e9bergement, biodynamique, excursions de vin, \u00e9cole de vin...\",\"breadcrumb\":{\"@id\":\"https:\/\/chateaufeely.com\/fr\/blog\/#breadcrumb\"},\"inLanguage\":\"fr-FR\",\"potentialAction\":[{\"@type\":\"ReadAction\",\"target\":[\"https:\/\/chateaufeely.com\/fr\/blog\/\"]}]},{\"@type\":\"BreadcrumbList\",\"@id\":\"https:\/\/chateaufeely.com\/fr\/blog\/#breadcrumb\",\"itemListElement\":[{\"@type\":\"ListItem\",\"position\":1,\"name\":\"Accueil\",\"item\":\"https:\/\/chateaufeely.com\/fr\/\"},{\"@type\":\"ListItem\",\"position\":2,\"name\":\"Blog\"}]},{\"@type\":\"WebSite\",\"@id\":\"https:\/\/chateaufeely.com\/fr\/#website\",\"url\":\"https:\/\/chateaufeely.com\/fr\/\",\"name\":\"Ch\u00e2teau Feely organic wine, tours, accommodation\",\"description\":\"Biodynamic and natural wine, tours and wine school, ecological luxury lodge\",\"publisher\":{\"@id\":\"https:\/\/chateaufeely.com\/fr\/#organization\"},\"potentialAction\":[{\"@type\":\"SearchAction\",\"target\":{\"@type\":\"EntryPoint\",\"urlTemplate\":\"https:\/\/chateaufeely.com\/fr\/?s={search_term_string}\"},\"query-input\":{\"@type\":\"PropertyValueSpecification\",\"valueRequired\":true,\"valueName\":\"search_term_string\"}}],\"inLanguage\":\"fr-FR\"},{\"@type\":\"Organization\",\"@id\":\"https:\/\/chateaufeely.com\/fr\/#organization\",\"name\":\"Ch\u00e2teau Feely organic wine, tours, accommodation\",\"url\":\"https:\/\/chateaufeely.com\/fr\/\",\"logo\":{\"@type\":\"ImageObject\",\"inLanguage\":\"fr-FR\",\"@id\":\"https:\/\/chateaufeely.com\/fr\/#\/schema\/logo\/image\/\",\"url\":\"https:\/\/chateaufeely.com\/wp-content\/uploads\/2016\/05\/logo-vertical-v2-250.png\",\"contentUrl\":\"https:\/\/chateaufeely.com\/wp-content\/uploads\/2016\/05\/logo-vertical-v2-250.png\",\"width\":250,\"height\":312,\"caption\":\"Ch\u00e2teau Feely organic wine, tours, accommodation\"},\"image\":{\"@id\":\"https:\/\/chateaufeely.com\/fr\/#\/schema\/logo\/image\/\"},\"sameAs\":[\"https:\/\/www.facebook.com\/ChateauFeely\/\",\"https:\/\/www.instagram.com\/chateaufeely\/\"]}]}<\/script>\n<!-- \/ Yoast SEO plugin. -->","yoast_head_json":{"title":"D\u00e9couvrez les actualit\u00e9s sur les vins biologiques et biodynamiques de Feely sur notre blog","description":"Retrouvez toutes les derni\u00e8res actualit\u00e9s sur Chateau Feely sur le blog : vignes bio, vin naturel, vendanges, h\u00e9bergement, biodynamique, excursions de vin, \u00e9cole de vin...","robots":{"index":"index","follow":"follow","max-snippet":"max-snippet:-1","max-image-preview":"max-image-preview:large","max-video-preview":"max-video-preview:-1"},"canonical":"https:\/\/chateaufeely.com\/fr\/blog\/","og_locale":"fr_FR","og_type":"article","og_title":"D\u00e9couvrez les actualit\u00e9s sur les vins biologiques et biodynamiques de Feely sur notre blog","og_description":"Retrouvez toutes les derni\u00e8res actualit\u00e9s sur Chateau Feely sur le blog : vignes bio, vin naturel, vendanges, h\u00e9bergement, biodynamique, excursions de vin, \u00e9cole de vin...","og_url":"https:\/\/chateaufeely.com\/fr\/blog\/","og_site_name":"Ch\u00e2teau Feely organic wine, tours, accommodation","article_publisher":"https:\/\/www.facebook.com\/ChateauFeely\/","article_modified_time":"2026-02-27T15:25:31+00:00","twitter_card":"summary_large_image","twitter_misc":{"Dur\u00e9e de lecture estim\u00e9e":"1 minute"},"schema":{"@context":"https:\/\/schema.org","@graph":[{"@type":"WebPage","@id":"https:\/\/chateaufeely.com\/fr\/blog\/","url":"https:\/\/chateaufeely.com\/fr\/blog\/","name":"D\u00e9couvrez les actualit\u00e9s sur les vins biologiques et biodynamiques de Feely sur notre blog","isPartOf":{"@id":"https:\/\/chateaufeely.com\/fr\/#website"},"datePublished":"2016-05-22T05:32:07+00:00","dateModified":"2026-02-27T15:25:31+00:00","description":"Retrouvez toutes les derni\u00e8res actualit\u00e9s sur Chateau Feely sur le blog : vignes bio, vin naturel, vendanges, h\u00e9bergement, biodynamique, excursions de vin, \u00e9cole de vin...","breadcrumb":{"@id":"https:\/\/chateaufeely.com\/fr\/blog\/#breadcrumb"},"inLanguage":"fr-FR","potentialAction":[{"@type":"ReadAction","target":["https:\/\/chateaufeely.com\/fr\/blog\/"]}]},{"@type":"BreadcrumbList","@id":"https:\/\/chateaufeely.com\/fr\/blog\/#breadcrumb","itemListElement":[{"@type":"ListItem","position":1,"name":"Accueil","item":"https:\/\/chateaufeely.com\/fr\/"},{"@type":"ListItem","position":2,"name":"Blog"}]},{"@type":"WebSite","@id":"https:\/\/chateaufeely.com\/fr\/#website","url":"https:\/\/chateaufeely.com\/fr\/","name":"Ch\u00e2teau Feely organic wine, tours, accommodation","description":"Biodynamic and natural wine, tours and wine school, ecological luxury lodge","publisher":{"@id":"https:\/\/chateaufeely.com\/fr\/#organization"},"potentialAction":[{"@type":"SearchAction","target":{"@type":"EntryPoint","urlTemplate":"https:\/\/chateaufeely.com\/fr\/?s={search_term_string}"},"query-input":{"@type":"PropertyValueSpecification","valueRequired":true,"valueName":"search_term_string"}}],"inLanguage":"fr-FR"},{"@type":"Organization","@id":"https:\/\/chateaufeely.com\/fr\/#organization","name":"Ch\u00e2teau Feely organic wine, tours, accommodation","url":"https:\/\/chateaufeely.com\/fr\/","logo":{"@type":"ImageObject","inLanguage":"fr-FR","@id":"https:\/\/chateaufeely.com\/fr\/#\/schema\/logo\/image\/","url":"https:\/\/chateaufeely.com\/wp-content\/uploads\/2016\/05\/logo-vertical-v2-250.png","contentUrl":"https:\/\/chateaufeely.com\/wp-content\/uploads\/2016\/05\/logo-vertical-v2-250.png","width":250,"height":312,"caption":"Ch\u00e2teau Feely organic wine, tours, accommodation"},"image":{"@id":"https:\/\/chateaufeely.com\/fr\/#\/schema\/logo\/image\/"},"sameAs":["https:\/\/www.facebook.com\/ChateauFeely\/","https:\/\/www.instagram.com\/chateaufeely\/"]}]}},"_links":{"self":[{"href":"https:\/\/chateaufeely.com\/fr\/wp-json\/wp\/v2\/pages\/93","targetHints":{"allow":["GET"]}}],"collection":[{"href":"https:\/\/chateaufeely.com\/fr\/wp-json\/wp\/v2\/pages"}],"about":[{"href":"https:\/\/chateaufeely.com\/fr\/wp-json\/wp\/v2\/types\/page"}],"author":[{"embeddable":true,"href":"https:\/\/chateaufeely.com\/fr\/wp-json\/wp\/v2\/users\/2"}],"replies":[{"embeddable":true,"href":"https:\/\/chateaufeely.com\/fr\/wp-json\/wp\/v2\/comments?post=93"}],"version-history":[{"count":5,"href":"https:\/\/chateaufeely.com\/fr\/wp-json\/wp\/v2\/pages\/93\/revisions"}],"predecessor-version":[{"id":10845,"href":"https:\/\/chateaufeely.com\/fr\/wp-json\/wp\/v2\/pages\/93\/revisions\/10845"}],"wp:attachment":[{"href":"https:\/\/chateaufeely.com\/fr\/wp-json\/wp\/v2\/media?parent=93"}],"curies":[{"name":"wp","href":"https:\/\/api.w.org\/{rel}","templated":true}]}}