{"id":182,"date":"2016-07-01T19:57:37","date_gmt":"2016-05-23T14:44:28","guid":{"rendered":"http:\/\/chateaufeely.com\/produit\/sensualite-2015\/"},"modified":"2026-03-11T12:04:18","modified_gmt":"2026-03-11T11:04:18","slug":"sensualite-2015","status":"publish","type":"product","link":"https:\/\/chateaufeely.com\/fr\/produit\/sensualite-2015\/","title":{"rendered":"Sensualit\u00e9"},"content":{"rendered":"<p><span style=\"text-decoration: underline;\">[mk_font_icons icon=\u00a0\u00bbmk-moon-bottle\u00a0\u00bb size=\u00a0\u00bbmedium\u00a0\u00bb] Nombre de bouteilles produites<\/span> : 1300<\/p>\n<p><span style=\"text-decoration: underline;\">[mk_font_icons icon=\u00a0\u00bbmk-moon-brightness-high\u00a0\u00bb size=\u00a0\u00bbmedium\u00a0\u00bb] Terroir<\/span> : Sol argilo-calcaire avec la pr\u00e9sence de grave et de silex. Exposition plein soleil.<\/p>\n<p><span style=\"text-decoration: underline;\">[mk_font_icons icon=\u00a0\u00bbmk-moon-busy\u00a0\u00bb size=\u00a0\u00bbmedium\u00a0\u00bb] Vinification<\/span> : Cuve inox<\/p>\n<p><span style=\"text-decoration: underline;\">[mk_font_icons icon=\u00a0\u00bbmk-li-clock\u00a0\u00bb size=\u00a0\u00bbmedium\u00a0\u00bb] Garde<\/span> : 5 ans<\/p>\n<p><span style=\"text-decoration: underline;\">[mk_font_icons icon=\u00a0\u00bbmk-moon-eyedropper\u00a0\u00bb size=\u00a0\u00bbmedium\u00a0\u00bb] Note de d\u00e9gustation<\/span> : Frais en bouche avec des ar\u00f4mes de coing et min\u00e9raux gr\u00e2ce \u00e0 son sol.<\/p>\n[mk_font_icons icon=\u00a0\u00bbmk-moon-temperature\u00a0\u00bb size=\u00a0\u00bbmedium\u00a0\u00bb] Servir \u00e0 6\u00b0-8\u00b0C<\/p>\n<p><span style=\"text-decoration: underline;\">[mk_font_icons icon=\u00a0\u00bbmk-icon-cutlery\u00a0\u00bb size=\u00a0\u00bbmedium\u00a0\u00bb] Id\u00e9es d\u2019accords<\/span> :<\/p>\n<ul>\n<li>Fromage de ch\u00e8vre frais<\/li>\n<li>Salades<\/li>\n<\/ul>\n[mk_font_icons icon=\u00a0\u00bbmk-moon-package\u00a0\u00bb color=\u00a0\u00bb#e1c57d\u00a0\u00bb size=\u00a0\u00bbmedium\u00a0\u00bb] Conditionnement : 750 ml<\/p>\n[mk_font_icons icon=\u00a0\u00bbmk-icon-truck\u00a0\u00bb size=\u00a0\u00bbmedium\u00a0\u00bb] Frais de livraison : France : 25\u20ac pour un carton de 6 bouteilles, 35\u20ac pour un carton de 12 bouteilles. Hollande, Allemagne ou Espagne : 30\u20ac pour un carton de 6 bouteilles, 40\u20ac pour un carton de 12 bouteilles.<\/p>\n","protected":false},"excerpt":{"rendered":"<h4>Sensualit\u00e9\u00a0de la Nature<\/h4>\n<p><strong>Vin ros\u00e9\u00a0sec<\/strong><br \/>\n<span style=\"text-decoration: underline;\">C\u00e9page<\/span> : Merlot et Cabernet Sauvignon<br \/>\n<span style=\"text-decoration: underline;\">Mill\u00e9sime<\/span> : 2025<br \/>\n<span style=\"text-decoration: underline;\">Appellation<\/span> : Vin de France<br \/>\n<span style=\"text-decoration: underline;\">Vol. Al.<\/span> : 12.6%<br \/>\n<span style=\"text-decoration: underline;\">Sulfites<\/span> : +-50 mg\/l<\/p>\n<p><img decoding=\"async\" class=\"size-full wp-image-171 alignleft\" src=\"http:\/\/chateaufeely.com\/wp-content\/uploads\/2016\/05\/bio-europe150.jpg\" alt=\"bio-europe150\" width=\"150\" height=\"100\" \/><\/p>\n<p>Vin bio<br \/>\nEcocert FR-BIO-01 Agriculture France<br \/>\n<span style=\"line-height: 1.5;\">R\u00e9colt\u00e9 \u00e0 la main<br \/>\n<\/span><br \/>\nNon coll\u00e9<br \/>\nL\u00e9g\u00e8re filtration<br \/>\nV\u00e9g\u00e9talien<\/p>\n","protected":false},"featured_media":9501,"comment_status":"closed","ping_status":"closed","template":"","meta":{"_exactmetrics_skip_tracking":false,"_exactmetrics_sitenote_active":false,"_exactmetrics_sitenote_note":"","_exactmetrics_sitenote_category":0},"product_brand":[],"product_cat":[55,14],"product_tag":[],"class_list":{"0":"post-182","1":"product","2":"type-product","3":"status-publish","4":"has-post-thumbnail","6":"product_cat-tous-les-vins","7":"product_cat-autres-vins","8":"product_shipping_class-bottles","10":"first","11":"instock","12":"taxable","13":"shipping-taxable","14":"purchasable","15":"product-type-simple"},"yoast_head":"<!-- This site is optimized with the Yoast SEO plugin v27.0 - https:\/\/yoast.com\/product\/yoast-seo-wordpress\/ -->\n<title>Sensualit\u00e9 - Ch\u00e2teau Feely organic wine, tours, accommodation<\/title>\n<meta name=\"robots\" content=\"index, follow, max-snippet:-1, max-image-preview:large, max-video-preview:-1\" \/>\n<link rel=\"canonical\" href=\"https:\/\/chateaufeely.com\/fr\/produit\/sensualite-2015\/\" \/>\n<meta property=\"og:locale\" content=\"fr_FR\" \/>\n<meta property=\"og:type\" content=\"article\" \/>\n<meta property=\"og:title\" content=\"Sensualit\u00e9 - Ch\u00e2teau Feely organic wine, tours, accommodation\" \/>\n<meta property=\"og:description\" content=\"Sensualit\u00e9\u00a0de la Nature Vin ros\u00e9\u00a0sec C\u00e9page : Merlot et Cabernet Sauvignon Mill\u00e9sime : 2025 Appellation : Vin de France Vol. Al. : 12.6% Sulfites : +-50 mg\/l    Vin bio Ecocert FR-BIO-01 Agriculture France R\u00e9colt\u00e9 \u00e0 la main  Non coll\u00e9 L\u00e9g\u00e8re filtration V\u00e9g\u00e9talien\" \/>\n<meta property=\"og:url\" content=\"https:\/\/chateaufeely.com\/fr\/produit\/sensualite-2015\/\" \/>\n<meta property=\"og:site_name\" content=\"Ch\u00e2teau Feely organic wine, tours, accommodation\" \/>\n<meta property=\"article:publisher\" content=\"https:\/\/www.facebook.com\/ChateauFeely\/\" \/>\n<meta property=\"article:modified_time\" content=\"2026-03-11T11:04:18+00:00\" \/>\n<meta property=\"og:image\" content=\"https:\/\/chateaufeely.com\/wp-content\/uploads\/2016\/07\/sensualite800-1.jpg\" \/>\n\t<meta property=\"og:image:width\" content=\"536\" \/>\n\t<meta property=\"og:image:height\" content=\"800\" \/>\n\t<meta property=\"og:image:type\" content=\"image\/jpeg\" \/>\n<meta name=\"twitter:card\" content=\"summary_large_image\" \/>\n<meta name=\"twitter:label1\" content=\"Dur\u00e9e de lecture estim\u00e9e\" \/>\n\t<meta name=\"twitter:data1\" content=\"1 minute\" \/>\n<script type=\"application\/ld+json\" class=\"yoast-schema-graph\">{\"@context\":\"https:\/\/schema.org\",\"@graph\":[{\"@type\":\"WebPage\",\"@id\":\"https:\/\/chateaufeely.com\/fr\/produit\/sensualite-2015\/\",\"url\":\"https:\/\/chateaufeely.com\/fr\/produit\/sensualite-2015\/\",\"name\":\"Sensualit\u00e9 - Ch\u00e2teau Feely organic wine, tours, accommodation\",\"isPartOf\":{\"@id\":\"https:\/\/chateaufeely.com\/fr\/#website\"},\"primaryImageOfPage\":{\"@id\":\"https:\/\/chateaufeely.com\/fr\/produit\/sensualite-2015\/#primaryimage\"},\"image\":{\"@id\":\"https:\/\/chateaufeely.com\/fr\/produit\/sensualite-2015\/#primaryimage\"},\"thumbnailUrl\":\"https:\/\/chateaufeely.com\/wp-content\/uploads\/2016\/07\/sensualite800-1.jpg\",\"datePublished\":\"2016-05-23T14:44:28+00:00\",\"dateModified\":\"2026-03-11T11:04:18+00:00\",\"breadcrumb\":{\"@id\":\"https:\/\/chateaufeely.com\/fr\/produit\/sensualite-2015\/#breadcrumb\"},\"inLanguage\":\"fr-FR\",\"potentialAction\":[{\"@type\":\"ReadAction\",\"target\":[\"https:\/\/chateaufeely.com\/fr\/produit\/sensualite-2015\/\"]}]},{\"@type\":\"ImageObject\",\"inLanguage\":\"fr-FR\",\"@id\":\"https:\/\/chateaufeely.com\/fr\/produit\/sensualite-2015\/#primaryimage\",\"url\":\"https:\/\/chateaufeely.com\/wp-content\/uploads\/2016\/07\/sensualite800-1.jpg\",\"contentUrl\":\"https:\/\/chateaufeely.com\/wp-content\/uploads\/2016\/07\/sensualite800-1.jpg\",\"width\":536,\"height\":800},{\"@type\":\"BreadcrumbList\",\"@id\":\"https:\/\/chateaufeely.com\/fr\/produit\/sensualite-2015\/#breadcrumb\",\"itemListElement\":[{\"@type\":\"ListItem\",\"position\":1,\"name\":\"Accueil\",\"item\":\"https:\/\/chateaufeely.com\/fr\/\"},{\"@type\":\"ListItem\",\"position\":2,\"name\":\"Boutique\",\"item\":\"https:\/\/chateaufeely.com\/fr\/boutique\/\"},{\"@type\":\"ListItem\",\"position\":3,\"name\":\"Sensualit\u00e9\"}]},{\"@type\":\"WebSite\",\"@id\":\"https:\/\/chateaufeely.com\/fr\/#website\",\"url\":\"https:\/\/chateaufeely.com\/fr\/\",\"name\":\"Ch\u00e2teau Feely organic wine, tours, accommodation\",\"description\":\"Biodynamic and natural wine, tours and wine school, ecological luxury lodge\",\"publisher\":{\"@id\":\"https:\/\/chateaufeely.com\/fr\/#organization\"},\"potentialAction\":[{\"@type\":\"SearchAction\",\"target\":{\"@type\":\"EntryPoint\",\"urlTemplate\":\"https:\/\/chateaufeely.com\/fr\/?s={search_term_string}\"},\"query-input\":{\"@type\":\"PropertyValueSpecification\",\"valueRequired\":true,\"valueName\":\"search_term_string\"}}],\"inLanguage\":\"fr-FR\"},{\"@type\":\"Organization\",\"@id\":\"https:\/\/chateaufeely.com\/fr\/#organization\",\"name\":\"Ch\u00e2teau Feely organic wine, tours, accommodation\",\"url\":\"https:\/\/chateaufeely.com\/fr\/\",\"logo\":{\"@type\":\"ImageObject\",\"inLanguage\":\"fr-FR\",\"@id\":\"https:\/\/chateaufeely.com\/fr\/#\/schema\/logo\/image\/\",\"url\":\"https:\/\/chateaufeely.com\/wp-content\/uploads\/2016\/05\/logo-vertical-v2-250.png\",\"contentUrl\":\"https:\/\/chateaufeely.com\/wp-content\/uploads\/2016\/05\/logo-vertical-v2-250.png\",\"width\":250,\"height\":312,\"caption\":\"Ch\u00e2teau Feely organic wine, tours, accommodation\"},\"image\":{\"@id\":\"https:\/\/chateaufeely.com\/fr\/#\/schema\/logo\/image\/\"},\"sameAs\":[\"https:\/\/www.facebook.com\/ChateauFeely\/\",\"https:\/\/www.instagram.com\/chateaufeely\/\"]}]}<\/script>\n<!-- \/ Yoast SEO plugin. -->","yoast_head_json":{"title":"Sensualit\u00e9 - Ch\u00e2teau Feely organic wine, tours, accommodation","robots":{"index":"index","follow":"follow","max-snippet":"max-snippet:-1","max-image-preview":"max-image-preview:large","max-video-preview":"max-video-preview:-1"},"canonical":"https:\/\/chateaufeely.com\/fr\/produit\/sensualite-2015\/","og_locale":"fr_FR","og_type":"article","og_title":"Sensualit\u00e9 - Ch\u00e2teau Feely organic wine, tours, accommodation","og_description":"Sensualit\u00e9\u00a0de la Nature Vin ros\u00e9\u00a0sec C\u00e9page : Merlot et Cabernet Sauvignon Mill\u00e9sime : 2025 Appellation : Vin de France Vol. Al. : 12.6% Sulfites : +-50 mg\/l    Vin bio Ecocert FR-BIO-01 Agriculture France R\u00e9colt\u00e9 \u00e0 la main  Non coll\u00e9 L\u00e9g\u00e8re filtration V\u00e9g\u00e9talien","og_url":"https:\/\/chateaufeely.com\/fr\/produit\/sensualite-2015\/","og_site_name":"Ch\u00e2teau Feely organic wine, tours, accommodation","article_publisher":"https:\/\/www.facebook.com\/ChateauFeely\/","article_modified_time":"2026-03-11T11:04:18+00:00","og_image":[{"width":536,"height":800,"url":"https:\/\/chateaufeely.com\/wp-content\/uploads\/2016\/07\/sensualite800-1.jpg","type":"image\/jpeg"}],"twitter_card":"summary_large_image","twitter_misc":{"Dur\u00e9e de lecture estim\u00e9e":"1 minute"},"schema":{"@context":"https:\/\/schema.org","@graph":[{"@type":"WebPage","@id":"https:\/\/chateaufeely.com\/fr\/produit\/sensualite-2015\/","url":"https:\/\/chateaufeely.com\/fr\/produit\/sensualite-2015\/","name":"Sensualit\u00e9 - Ch\u00e2teau Feely organic wine, tours, accommodation","isPartOf":{"@id":"https:\/\/chateaufeely.com\/fr\/#website"},"primaryImageOfPage":{"@id":"https:\/\/chateaufeely.com\/fr\/produit\/sensualite-2015\/#primaryimage"},"image":{"@id":"https:\/\/chateaufeely.com\/fr\/produit\/sensualite-2015\/#primaryimage"},"thumbnailUrl":"https:\/\/chateaufeely.com\/wp-content\/uploads\/2016\/07\/sensualite800-1.jpg","datePublished":"2016-05-23T14:44:28+00:00","dateModified":"2026-03-11T11:04:18+00:00","breadcrumb":{"@id":"https:\/\/chateaufeely.com\/fr\/produit\/sensualite-2015\/#breadcrumb"},"inLanguage":"fr-FR","potentialAction":[{"@type":"ReadAction","target":["https:\/\/chateaufeely.com\/fr\/produit\/sensualite-2015\/"]}]},{"@type":"ImageObject","inLanguage":"fr-FR","@id":"https:\/\/chateaufeely.com\/fr\/produit\/sensualite-2015\/#primaryimage","url":"https:\/\/chateaufeely.com\/wp-content\/uploads\/2016\/07\/sensualite800-1.jpg","contentUrl":"https:\/\/chateaufeely.com\/wp-content\/uploads\/2016\/07\/sensualite800-1.jpg","width":536,"height":800},{"@type":"BreadcrumbList","@id":"https:\/\/chateaufeely.com\/fr\/produit\/sensualite-2015\/#breadcrumb","itemListElement":[{"@type":"ListItem","position":1,"name":"Accueil","item":"https:\/\/chateaufeely.com\/fr\/"},{"@type":"ListItem","position":2,"name":"Boutique","item":"https:\/\/chateaufeely.com\/fr\/boutique\/"},{"@type":"ListItem","position":3,"name":"Sensualit\u00e9"}]},{"@type":"WebSite","@id":"https:\/\/chateaufeely.com\/fr\/#website","url":"https:\/\/chateaufeely.com\/fr\/","name":"Ch\u00e2teau Feely organic wine, tours, accommodation","description":"Biodynamic and natural wine, tours and wine school, ecological luxury lodge","publisher":{"@id":"https:\/\/chateaufeely.com\/fr\/#organization"},"potentialAction":[{"@type":"SearchAction","target":{"@type":"EntryPoint","urlTemplate":"https:\/\/chateaufeely.com\/fr\/?s={search_term_string}"},"query-input":{"@type":"PropertyValueSpecification","valueRequired":true,"valueName":"search_term_string"}}],"inLanguage":"fr-FR"},{"@type":"Organization","@id":"https:\/\/chateaufeely.com\/fr\/#organization","name":"Ch\u00e2teau Feely organic wine, tours, accommodation","url":"https:\/\/chateaufeely.com\/fr\/","logo":{"@type":"ImageObject","inLanguage":"fr-FR","@id":"https:\/\/chateaufeely.com\/fr\/#\/schema\/logo\/image\/","url":"https:\/\/chateaufeely.com\/wp-content\/uploads\/2016\/05\/logo-vertical-v2-250.png","contentUrl":"https:\/\/chateaufeely.com\/wp-content\/uploads\/2016\/05\/logo-vertical-v2-250.png","width":250,"height":312,"caption":"Ch\u00e2teau Feely organic wine, tours, accommodation"},"image":{"@id":"https:\/\/chateaufeely.com\/fr\/#\/schema\/logo\/image\/"},"sameAs":["https:\/\/www.facebook.com\/ChateauFeely\/","https:\/\/www.instagram.com\/chateaufeely\/"]}]}},"_links":{"self":[{"href":"https:\/\/chateaufeely.com\/fr\/wp-json\/wp\/v2\/product\/182","targetHints":{"allow":["GET"]}}],"collection":[{"href":"https:\/\/chateaufeely.com\/fr\/wp-json\/wp\/v2\/product"}],"about":[{"href":"https:\/\/chateaufeely.com\/fr\/wp-json\/wp\/v2\/types\/product"}],"replies":[{"embeddable":true,"href":"https:\/\/chateaufeely.com\/fr\/wp-json\/wp\/v2\/comments?post=182"}],"wp:featuredmedia":[{"embeddable":true,"href":"https:\/\/chateaufeely.com\/fr\/wp-json\/wp\/v2\/media\/9501"}],"wp:attachment":[{"href":"https:\/\/chateaufeely.com\/fr\/wp-json\/wp\/v2\/media?parent=182"}],"wp:term":[{"taxonomy":"product_brand","embeddable":true,"href":"https:\/\/chateaufeely.com\/fr\/wp-json\/wp\/v2\/product_brand?post=182"},{"taxonomy":"product_cat","embeddable":true,"href":"https:\/\/chateaufeely.com\/fr\/wp-json\/wp\/v2\/product_cat?post=182"},{"taxonomy":"product_tag","embeddable":true,"href":"https:\/\/chateaufeely.com\/fr\/wp-json\/wp\/v2\/product_tag?post=182"}],"curies":[{"name":"wp","href":"https:\/\/api.w.org\/{rel}","templated":true}]}}