{"id":1862,"date":"2017-03-30T10:30:35","date_gmt":"2017-03-30T09:30:35","guid":{"rendered":"https:\/\/chateaufeely.com\/produit\/livre-grape-expectations-copy\/?lang=fr"},"modified":"2020-02-28T10:20:24","modified_gmt":"2020-02-28T09:20:24","slug":"livre-grape-expectations-copy","status":"publish","type":"product","link":"https:\/\/chateaufeely.com\/fr\/produit\/livre-grape-expectations-copy\/","title":{"rendered":"Livre: Glass Half Full"},"content":{"rendered":"","protected":false},"excerpt":{"rendered":"<p>\u00c9crit par Caro Feely, ce livre nous permet de rentrer dans l&rsquo;intimit\u00e9 de son couple et de la construction de leur r\u00eave. Qui n&rsquo;a jamais r\u00eav\u00e9 de tout quitter pour vivre sa passion? Sean et Caro l&rsquo;on fait!<\/p>\n<p>Les voici propri\u00e9taires en 2005 d&rsquo;un vignoble en France. D&rsquo;Afrique du Sud et originaires d&rsquo;Irlande, parlant peu fran\u00e7ais, n&rsquo;ayant jamais travaill\u00e9 dans le monde de la viticulture et deux enfants en bas \u00e2ge, Sean et Caro n&rsquo;ont pas eu peur et on relev\u00e9 le d\u00e9fi de r\u00e9ussir \u00e0 vivre de leurs vins issus de leurs vignes cultiv\u00e9es en bio et biodynamie!<\/p>\n<p>Suivez leurs aventures pour mieux comprendre la philosophie du Ch\u00e2teau Feely et pourquoi pas venir nous rencontrer apr\u00e8s!<\/p>\n<p>Livre disponible uniquement\u00a0en langue anglaise.<\/p>\n","protected":false},"featured_media":8600,"comment_status":"closed","ping_status":"closed","template":"","meta":{"_exactmetrics_skip_tracking":false,"_exactmetrics_sitenote_active":false,"_exactmetrics_sitenote_note":"","_exactmetrics_sitenote_category":0},"product_brand":[],"product_cat":[15,23],"product_tag":[],"class_list":{"0":"post-1862","1":"product","2":"type-product","3":"status-publish","4":"has-post-thumbnail","6":"product_cat-autres-produits","7":"product_cat-livres","8":"product_shipping_class-other","10":"first","11":"instock","12":"taxable","13":"shipping-taxable","14":"purchasable","15":"product-type-simple"},"yoast_head":"<!-- This site is optimized with the Yoast SEO plugin v27.0 - https:\/\/yoast.com\/product\/yoast-seo-wordpress\/ -->\n<title>Livre: Glass Half Full - Ch\u00e2teau Feely organic wine, tours, accommodation<\/title>\n<meta name=\"robots\" content=\"index, follow, max-snippet:-1, max-image-preview:large, max-video-preview:-1\" \/>\n<link rel=\"canonical\" href=\"https:\/\/chateaufeely.com\/fr\/produit\/livre-grape-expectations-copy\/\" \/>\n<meta property=\"og:locale\" content=\"fr_FR\" \/>\n<meta property=\"og:type\" content=\"article\" \/>\n<meta property=\"og:title\" content=\"Livre: Glass Half Full - Ch\u00e2teau Feely organic wine, tours, accommodation\" \/>\n<meta property=\"og:description\" content=\"\u00c9crit par Caro Feely, ce livre nous permet de rentrer dans l&#039;intimit\u00e9 de son couple et de la construction de leur r\u00eave. Qui n&#039;a jamais r\u00eav\u00e9 de tout quitter pour vivre sa passion? Sean et Caro l&#039;on fait!  Les voici propri\u00e9taires en 2005 d&#039;un vignoble en France. D&#039;Afrique du Sud et originaires d&#039;Irlande, parlant peu fran\u00e7ais, n&#039;ayant jamais travaill\u00e9 dans le monde de la viticulture et deux enfants en bas \u00e2ge, Sean et Caro n&#039;ont pas eu peur et on relev\u00e9 le d\u00e9fi de r\u00e9ussir \u00e0 vivre de leurs vins issus de leurs vignes cultiv\u00e9es en bio et biodynamie!  Suivez leurs aventures pour mieux comprendre la philosophie du Ch\u00e2teau Feely et pourquoi pas venir nous rencontrer apr\u00e8s!  Livre disponible uniquement\u00a0en langue anglaise.\" \/>\n<meta property=\"og:url\" content=\"https:\/\/chateaufeely.com\/fr\/produit\/livre-grape-expectations-copy\/\" \/>\n<meta property=\"og:site_name\" content=\"Ch\u00e2teau Feely organic wine, tours, accommodation\" \/>\n<meta property=\"article:publisher\" content=\"https:\/\/www.facebook.com\/ChateauFeely\/\" \/>\n<meta property=\"article:modified_time\" content=\"2020-02-28T09:20:24+00:00\" \/>\n<meta property=\"og:image\" content=\"https:\/\/chateaufeely.com\/wp-content\/uploads\/2017\/03\/glasshalffull-1.jpg\" \/>\n\t<meta property=\"og:image:width\" content=\"266\" \/>\n\t<meta property=\"og:image:height\" content=\"266\" \/>\n\t<meta property=\"og:image:type\" content=\"image\/jpeg\" \/>\n<meta name=\"twitter:card\" content=\"summary_large_image\" \/>\n<script type=\"application\/ld+json\" class=\"yoast-schema-graph\">{\"@context\":\"https:\/\/schema.org\",\"@graph\":[{\"@type\":\"WebPage\",\"@id\":\"https:\/\/chateaufeely.com\/fr\/produit\/livre-grape-expectations-copy\/\",\"url\":\"https:\/\/chateaufeely.com\/fr\/produit\/livre-grape-expectations-copy\/\",\"name\":\"Livre: Glass Half Full - Ch\u00e2teau Feely organic wine, tours, accommodation\",\"isPartOf\":{\"@id\":\"https:\/\/chateaufeely.com\/fr\/#website\"},\"primaryImageOfPage\":{\"@id\":\"https:\/\/chateaufeely.com\/fr\/produit\/livre-grape-expectations-copy\/#primaryimage\"},\"image\":{\"@id\":\"https:\/\/chateaufeely.com\/fr\/produit\/livre-grape-expectations-copy\/#primaryimage\"},\"thumbnailUrl\":\"https:\/\/chateaufeely.com\/wp-content\/uploads\/2017\/03\/vineyard_confessions_ebookcover_500.jpg\",\"datePublished\":\"2017-03-30T09:30:35+00:00\",\"dateModified\":\"2020-02-28T09:20:24+00:00\",\"breadcrumb\":{\"@id\":\"https:\/\/chateaufeely.com\/fr\/produit\/livre-grape-expectations-copy\/#breadcrumb\"},\"inLanguage\":\"fr-FR\",\"potentialAction\":[{\"@type\":\"ReadAction\",\"target\":[\"https:\/\/chateaufeely.com\/fr\/produit\/livre-grape-expectations-copy\/\"]}]},{\"@type\":\"ImageObject\",\"inLanguage\":\"fr-FR\",\"@id\":\"https:\/\/chateaufeely.com\/fr\/produit\/livre-grape-expectations-copy\/#primaryimage\",\"url\":\"https:\/\/chateaufeely.com\/wp-content\/uploads\/2017\/03\/vineyard_confessions_ebookcover_500.jpg\",\"contentUrl\":\"https:\/\/chateaufeely.com\/wp-content\/uploads\/2017\/03\/vineyard_confessions_ebookcover_500.jpg\",\"width\":313,\"height\":500},{\"@type\":\"BreadcrumbList\",\"@id\":\"https:\/\/chateaufeely.com\/fr\/produit\/livre-grape-expectations-copy\/#breadcrumb\",\"itemListElement\":[{\"@type\":\"ListItem\",\"position\":1,\"name\":\"Accueil\",\"item\":\"https:\/\/chateaufeely.com\/fr\/\"},{\"@type\":\"ListItem\",\"position\":2,\"name\":\"Boutique\",\"item\":\"https:\/\/chateaufeely.com\/fr\/boutique\/\"},{\"@type\":\"ListItem\",\"position\":3,\"name\":\"Livre: Glass Half Full\"}]},{\"@type\":\"WebSite\",\"@id\":\"https:\/\/chateaufeely.com\/fr\/#website\",\"url\":\"https:\/\/chateaufeely.com\/fr\/\",\"name\":\"Ch\u00e2teau Feely organic wine, tours, accommodation\",\"description\":\"Biodynamic and natural wine, tours and wine school, ecological luxury lodge\",\"publisher\":{\"@id\":\"https:\/\/chateaufeely.com\/fr\/#organization\"},\"potentialAction\":[{\"@type\":\"SearchAction\",\"target\":{\"@type\":\"EntryPoint\",\"urlTemplate\":\"https:\/\/chateaufeely.com\/fr\/?s={search_term_string}\"},\"query-input\":{\"@type\":\"PropertyValueSpecification\",\"valueRequired\":true,\"valueName\":\"search_term_string\"}}],\"inLanguage\":\"fr-FR\"},{\"@type\":\"Organization\",\"@id\":\"https:\/\/chateaufeely.com\/fr\/#organization\",\"name\":\"Ch\u00e2teau Feely organic wine, tours, accommodation\",\"url\":\"https:\/\/chateaufeely.com\/fr\/\",\"logo\":{\"@type\":\"ImageObject\",\"inLanguage\":\"fr-FR\",\"@id\":\"https:\/\/chateaufeely.com\/fr\/#\/schema\/logo\/image\/\",\"url\":\"https:\/\/chateaufeely.com\/wp-content\/uploads\/2016\/05\/logo-vertical-v2-250.png\",\"contentUrl\":\"https:\/\/chateaufeely.com\/wp-content\/uploads\/2016\/05\/logo-vertical-v2-250.png\",\"width\":250,\"height\":312,\"caption\":\"Ch\u00e2teau Feely organic wine, tours, accommodation\"},\"image\":{\"@id\":\"https:\/\/chateaufeely.com\/fr\/#\/schema\/logo\/image\/\"},\"sameAs\":[\"https:\/\/www.facebook.com\/ChateauFeely\/\",\"https:\/\/www.instagram.com\/chateaufeely\/\"]}]}<\/script>\n<!-- \/ Yoast SEO plugin. -->","yoast_head_json":{"title":"Livre: Glass Half Full - Ch\u00e2teau Feely organic wine, tours, accommodation","robots":{"index":"index","follow":"follow","max-snippet":"max-snippet:-1","max-image-preview":"max-image-preview:large","max-video-preview":"max-video-preview:-1"},"canonical":"https:\/\/chateaufeely.com\/fr\/produit\/livre-grape-expectations-copy\/","og_locale":"fr_FR","og_type":"article","og_title":"Livre: Glass Half Full - Ch\u00e2teau Feely organic wine, tours, accommodation","og_description":"\u00c9crit par Caro Feely, ce livre nous permet de rentrer dans l'intimit\u00e9 de son couple et de la construction de leur r\u00eave. Qui n'a jamais r\u00eav\u00e9 de tout quitter pour vivre sa passion? Sean et Caro l'on fait!  Les voici propri\u00e9taires en 2005 d'un vignoble en France. D'Afrique du Sud et originaires d'Irlande, parlant peu fran\u00e7ais, n'ayant jamais travaill\u00e9 dans le monde de la viticulture et deux enfants en bas \u00e2ge, Sean et Caro n'ont pas eu peur et on relev\u00e9 le d\u00e9fi de r\u00e9ussir \u00e0 vivre de leurs vins issus de leurs vignes cultiv\u00e9es en bio et biodynamie!  Suivez leurs aventures pour mieux comprendre la philosophie du Ch\u00e2teau Feely et pourquoi pas venir nous rencontrer apr\u00e8s!  Livre disponible uniquement\u00a0en langue anglaise.","og_url":"https:\/\/chateaufeely.com\/fr\/produit\/livre-grape-expectations-copy\/","og_site_name":"Ch\u00e2teau Feely organic wine, tours, accommodation","article_publisher":"https:\/\/www.facebook.com\/ChateauFeely\/","article_modified_time":"2020-02-28T09:20:24+00:00","og_image":[{"width":266,"height":266,"url":"https:\/\/chateaufeely.com\/wp-content\/uploads\/2017\/03\/glasshalffull-1.jpg","type":"image\/jpeg"}],"twitter_card":"summary_large_image","schema":{"@context":"https:\/\/schema.org","@graph":[{"@type":"WebPage","@id":"https:\/\/chateaufeely.com\/fr\/produit\/livre-grape-expectations-copy\/","url":"https:\/\/chateaufeely.com\/fr\/produit\/livre-grape-expectations-copy\/","name":"Livre: Glass Half Full - Ch\u00e2teau Feely organic wine, tours, accommodation","isPartOf":{"@id":"https:\/\/chateaufeely.com\/fr\/#website"},"primaryImageOfPage":{"@id":"https:\/\/chateaufeely.com\/fr\/produit\/livre-grape-expectations-copy\/#primaryimage"},"image":{"@id":"https:\/\/chateaufeely.com\/fr\/produit\/livre-grape-expectations-copy\/#primaryimage"},"thumbnailUrl":"https:\/\/chateaufeely.com\/wp-content\/uploads\/2017\/03\/vineyard_confessions_ebookcover_500.jpg","datePublished":"2017-03-30T09:30:35+00:00","dateModified":"2020-02-28T09:20:24+00:00","breadcrumb":{"@id":"https:\/\/chateaufeely.com\/fr\/produit\/livre-grape-expectations-copy\/#breadcrumb"},"inLanguage":"fr-FR","potentialAction":[{"@type":"ReadAction","target":["https:\/\/chateaufeely.com\/fr\/produit\/livre-grape-expectations-copy\/"]}]},{"@type":"ImageObject","inLanguage":"fr-FR","@id":"https:\/\/chateaufeely.com\/fr\/produit\/livre-grape-expectations-copy\/#primaryimage","url":"https:\/\/chateaufeely.com\/wp-content\/uploads\/2017\/03\/vineyard_confessions_ebookcover_500.jpg","contentUrl":"https:\/\/chateaufeely.com\/wp-content\/uploads\/2017\/03\/vineyard_confessions_ebookcover_500.jpg","width":313,"height":500},{"@type":"BreadcrumbList","@id":"https:\/\/chateaufeely.com\/fr\/produit\/livre-grape-expectations-copy\/#breadcrumb","itemListElement":[{"@type":"ListItem","position":1,"name":"Accueil","item":"https:\/\/chateaufeely.com\/fr\/"},{"@type":"ListItem","position":2,"name":"Boutique","item":"https:\/\/chateaufeely.com\/fr\/boutique\/"},{"@type":"ListItem","position":3,"name":"Livre: Glass Half Full"}]},{"@type":"WebSite","@id":"https:\/\/chateaufeely.com\/fr\/#website","url":"https:\/\/chateaufeely.com\/fr\/","name":"Ch\u00e2teau Feely organic wine, tours, accommodation","description":"Biodynamic and natural wine, tours and wine school, ecological luxury lodge","publisher":{"@id":"https:\/\/chateaufeely.com\/fr\/#organization"},"potentialAction":[{"@type":"SearchAction","target":{"@type":"EntryPoint","urlTemplate":"https:\/\/chateaufeely.com\/fr\/?s={search_term_string}"},"query-input":{"@type":"PropertyValueSpecification","valueRequired":true,"valueName":"search_term_string"}}],"inLanguage":"fr-FR"},{"@type":"Organization","@id":"https:\/\/chateaufeely.com\/fr\/#organization","name":"Ch\u00e2teau Feely organic wine, tours, accommodation","url":"https:\/\/chateaufeely.com\/fr\/","logo":{"@type":"ImageObject","inLanguage":"fr-FR","@id":"https:\/\/chateaufeely.com\/fr\/#\/schema\/logo\/image\/","url":"https:\/\/chateaufeely.com\/wp-content\/uploads\/2016\/05\/logo-vertical-v2-250.png","contentUrl":"https:\/\/chateaufeely.com\/wp-content\/uploads\/2016\/05\/logo-vertical-v2-250.png","width":250,"height":312,"caption":"Ch\u00e2teau Feely organic wine, tours, accommodation"},"image":{"@id":"https:\/\/chateaufeely.com\/fr\/#\/schema\/logo\/image\/"},"sameAs":["https:\/\/www.facebook.com\/ChateauFeely\/","https:\/\/www.instagram.com\/chateaufeely\/"]}]}},"_links":{"self":[{"href":"https:\/\/chateaufeely.com\/fr\/wp-json\/wp\/v2\/product\/1862","targetHints":{"allow":["GET"]}}],"collection":[{"href":"https:\/\/chateaufeely.com\/fr\/wp-json\/wp\/v2\/product"}],"about":[{"href":"https:\/\/chateaufeely.com\/fr\/wp-json\/wp\/v2\/types\/product"}],"replies":[{"embeddable":true,"href":"https:\/\/chateaufeely.com\/fr\/wp-json\/wp\/v2\/comments?post=1862"}],"wp:featuredmedia":[{"embeddable":true,"href":"https:\/\/chateaufeely.com\/fr\/wp-json\/wp\/v2\/media\/8600"}],"wp:attachment":[{"href":"https:\/\/chateaufeely.com\/fr\/wp-json\/wp\/v2\/media?parent=1862"}],"wp:term":[{"taxonomy":"product_brand","embeddable":true,"href":"https:\/\/chateaufeely.com\/fr\/wp-json\/wp\/v2\/product_brand?post=1862"},{"taxonomy":"product_cat","embeddable":true,"href":"https:\/\/chateaufeely.com\/fr\/wp-json\/wp\/v2\/product_cat?post=1862"},{"taxonomy":"product_tag","embeddable":true,"href":"https:\/\/chateaufeely.com\/fr\/wp-json\/wp\/v2\/product_tag?post=1862"}],"curies":[{"name":"wp","href":"https:\/\/api.w.org\/{rel}","templated":true}]}}