{"id":198,"date":"2016-07-01T19:42:58","date_gmt":"2016-05-23T14:58:21","guid":{"rendered":"http:\/\/chateaufeely.com\/produit\/book-saving-our-skins\/"},"modified":"2020-02-26T11:52:52","modified_gmt":"2020-02-26T10:52:52","slug":"book-saving-our-skins","status":"publish","type":"product","link":"https:\/\/chateaufeely.com\/fr\/produit\/book-saving-our-skins\/","title":{"rendered":"Livre : Saving our skins"},"content":{"rendered":"","protected":false},"excerpt":{"rendered":"<p>Ecrit par Caro Feely, ce livre \u00ab\u00a0Saving our skins\u00a0\u00bb est la suite de \u00ab\u00a0Grape expectations\u00a0\u00bb. Dans ce second tome, Caro nous livre la fantastique aventure que Sean et elle vivent dans leur vignoble en bio et biodynamie, situ\u00e9 au c\u0153ur de la Dordogne seulement 3 ans apr\u00e8s leur arriv\u00e9e en France.<\/p>\n<p>Un livre pour mieux connaitre le Ch\u00e2teau Feely et les Hommes qui le font vivre gr\u00e2ce \u00e0 leur passion pour le vin et les cultures biologiques et biodynamiques.<\/p>\n<p>Livre disponible uniquement en langue anglaise.<\/p>\n","protected":false},"featured_media":8830,"comment_status":"closed","ping_status":"closed","template":"","meta":{"_exactmetrics_skip_tracking":false,"_exactmetrics_sitenote_active":false,"_exactmetrics_sitenote_note":"","_exactmetrics_sitenote_category":0},"product_brand":[],"product_cat":[15,23],"product_tag":[],"class_list":{"0":"post-198","1":"product","2":"type-product","3":"status-publish","4":"has-post-thumbnail","6":"product_cat-autres-produits","7":"product_cat-livres","8":"product_shipping_class-other","10":"first","11":"instock","12":"taxable","13":"shipping-taxable","14":"purchasable","15":"product-type-simple"},"yoast_head":"<!-- This site is optimized with the Yoast SEO plugin v27.0 - https:\/\/yoast.com\/product\/yoast-seo-wordpress\/ -->\n<title>Livre : Saving our skins - Ch\u00e2teau Feely organic wine, tours, accommodation<\/title>\n<meta name=\"robots\" content=\"index, follow, max-snippet:-1, max-image-preview:large, max-video-preview:-1\" \/>\n<link rel=\"canonical\" href=\"https:\/\/chateaufeely.com\/fr\/produit\/book-saving-our-skins\/\" \/>\n<meta property=\"og:locale\" content=\"fr_FR\" \/>\n<meta property=\"og:type\" content=\"article\" \/>\n<meta property=\"og:title\" content=\"Livre : Saving our skins - Ch\u00e2teau Feely organic wine, tours, accommodation\" \/>\n<meta property=\"og:description\" content=\"Ecrit par Caro Feely, ce livre &quot;Saving our skins&quot; est la suite de &quot;Grape expectations&quot;. Dans ce second tome, Caro nous livre la fantastique aventure que Sean et elle vivent dans leur vignoble en bio et biodynamie, situ\u00e9 au c\u0153ur de la Dordogne seulement 3 ans apr\u00e8s leur arriv\u00e9e en France.  Un livre pour mieux connaitre le Ch\u00e2teau Feely et les Hommes qui le font vivre gr\u00e2ce \u00e0 leur passion pour le vin et les cultures biologiques et biodynamiques.  Livre disponible uniquement en langue anglaise.\" \/>\n<meta property=\"og:url\" content=\"https:\/\/chateaufeely.com\/fr\/produit\/book-saving-our-skins\/\" \/>\n<meta property=\"og:site_name\" content=\"Ch\u00e2teau Feely organic wine, tours, accommodation\" \/>\n<meta property=\"article:publisher\" content=\"https:\/\/www.facebook.com\/ChateauFeely\/\" \/>\n<meta property=\"article:modified_time\" content=\"2020-02-26T10:52:52+00:00\" \/>\n<meta property=\"og:image\" content=\"https:\/\/chateaufeely.com\/wp-content\/uploads\/2016\/07\/SavingOurSkins.jpg\" \/>\n\t<meta property=\"og:image:width\" content=\"600\" \/>\n\t<meta property=\"og:image:height\" content=\"807\" \/>\n\t<meta property=\"og:image:type\" content=\"image\/jpeg\" \/>\n<meta name=\"twitter:card\" content=\"summary_large_image\" \/>\n<script type=\"application\/ld+json\" class=\"yoast-schema-graph\">{\"@context\":\"https:\/\/schema.org\",\"@graph\":[{\"@type\":\"WebPage\",\"@id\":\"https:\/\/chateaufeely.com\/fr\/produit\/book-saving-our-skins\/\",\"url\":\"https:\/\/chateaufeely.com\/fr\/produit\/book-saving-our-skins\/\",\"name\":\"Livre : Saving our skins - Ch\u00e2teau Feely organic wine, tours, accommodation\",\"isPartOf\":{\"@id\":\"https:\/\/chateaufeely.com\/fr\/#website\"},\"primaryImageOfPage\":{\"@id\":\"https:\/\/chateaufeely.com\/fr\/produit\/book-saving-our-skins\/#primaryimage\"},\"image\":{\"@id\":\"https:\/\/chateaufeely.com\/fr\/produit\/book-saving-our-skins\/#primaryimage\"},\"thumbnailUrl\":\"https:\/\/chateaufeely.com\/wp-content\/uploads\/2023\/12\/saving_our_skins_ebookcover_500.jpg\",\"datePublished\":\"2016-05-23T14:58:21+00:00\",\"dateModified\":\"2020-02-26T10:52:52+00:00\",\"breadcrumb\":{\"@id\":\"https:\/\/chateaufeely.com\/fr\/produit\/book-saving-our-skins\/#breadcrumb\"},\"inLanguage\":\"fr-FR\",\"potentialAction\":[{\"@type\":\"ReadAction\",\"target\":[\"https:\/\/chateaufeely.com\/fr\/produit\/book-saving-our-skins\/\"]}]},{\"@type\":\"ImageObject\",\"inLanguage\":\"fr-FR\",\"@id\":\"https:\/\/chateaufeely.com\/fr\/produit\/book-saving-our-skins\/#primaryimage\",\"url\":\"https:\/\/chateaufeely.com\/wp-content\/uploads\/2023\/12\/saving_our_skins_ebookcover_500.jpg\",\"contentUrl\":\"https:\/\/chateaufeely.com\/wp-content\/uploads\/2023\/12\/saving_our_skins_ebookcover_500.jpg\",\"width\":313,\"height\":500,\"caption\":\"Front Cover of Saving Our Skins by Caro Feely\"},{\"@type\":\"BreadcrumbList\",\"@id\":\"https:\/\/chateaufeely.com\/fr\/produit\/book-saving-our-skins\/#breadcrumb\",\"itemListElement\":[{\"@type\":\"ListItem\",\"position\":1,\"name\":\"Accueil\",\"item\":\"https:\/\/chateaufeely.com\/fr\/\"},{\"@type\":\"ListItem\",\"position\":2,\"name\":\"Boutique\",\"item\":\"https:\/\/chateaufeely.com\/fr\/boutique\/\"},{\"@type\":\"ListItem\",\"position\":3,\"name\":\"Livre : Saving our skins\"}]},{\"@type\":\"WebSite\",\"@id\":\"https:\/\/chateaufeely.com\/fr\/#website\",\"url\":\"https:\/\/chateaufeely.com\/fr\/\",\"name\":\"Ch\u00e2teau Feely organic wine, tours, accommodation\",\"description\":\"Biodynamic and natural wine, tours and wine school, ecological luxury lodge\",\"publisher\":{\"@id\":\"https:\/\/chateaufeely.com\/fr\/#organization\"},\"potentialAction\":[{\"@type\":\"SearchAction\",\"target\":{\"@type\":\"EntryPoint\",\"urlTemplate\":\"https:\/\/chateaufeely.com\/fr\/?s={search_term_string}\"},\"query-input\":{\"@type\":\"PropertyValueSpecification\",\"valueRequired\":true,\"valueName\":\"search_term_string\"}}],\"inLanguage\":\"fr-FR\"},{\"@type\":\"Organization\",\"@id\":\"https:\/\/chateaufeely.com\/fr\/#organization\",\"name\":\"Ch\u00e2teau Feely organic wine, tours, accommodation\",\"url\":\"https:\/\/chateaufeely.com\/fr\/\",\"logo\":{\"@type\":\"ImageObject\",\"inLanguage\":\"fr-FR\",\"@id\":\"https:\/\/chateaufeely.com\/fr\/#\/schema\/logo\/image\/\",\"url\":\"https:\/\/chateaufeely.com\/wp-content\/uploads\/2016\/05\/logo-vertical-v2-250.png\",\"contentUrl\":\"https:\/\/chateaufeely.com\/wp-content\/uploads\/2016\/05\/logo-vertical-v2-250.png\",\"width\":250,\"height\":312,\"caption\":\"Ch\u00e2teau Feely organic wine, tours, accommodation\"},\"image\":{\"@id\":\"https:\/\/chateaufeely.com\/fr\/#\/schema\/logo\/image\/\"},\"sameAs\":[\"https:\/\/www.facebook.com\/ChateauFeely\/\",\"https:\/\/www.instagram.com\/chateaufeely\/\"]}]}<\/script>\n<!-- \/ Yoast SEO plugin. -->","yoast_head_json":{"title":"Livre : Saving our skins - Ch\u00e2teau Feely organic wine, tours, accommodation","robots":{"index":"index","follow":"follow","max-snippet":"max-snippet:-1","max-image-preview":"max-image-preview:large","max-video-preview":"max-video-preview:-1"},"canonical":"https:\/\/chateaufeely.com\/fr\/produit\/book-saving-our-skins\/","og_locale":"fr_FR","og_type":"article","og_title":"Livre : Saving our skins - Ch\u00e2teau Feely organic wine, tours, accommodation","og_description":"Ecrit par Caro Feely, ce livre \"Saving our skins\" est la suite de \"Grape expectations\". Dans ce second tome, Caro nous livre la fantastique aventure que Sean et elle vivent dans leur vignoble en bio et biodynamie, situ\u00e9 au c\u0153ur de la Dordogne seulement 3 ans apr\u00e8s leur arriv\u00e9e en France.  Un livre pour mieux connaitre le Ch\u00e2teau Feely et les Hommes qui le font vivre gr\u00e2ce \u00e0 leur passion pour le vin et les cultures biologiques et biodynamiques.  Livre disponible uniquement en langue anglaise.","og_url":"https:\/\/chateaufeely.com\/fr\/produit\/book-saving-our-skins\/","og_site_name":"Ch\u00e2teau Feely organic wine, tours, accommodation","article_publisher":"https:\/\/www.facebook.com\/ChateauFeely\/","article_modified_time":"2020-02-26T10:52:52+00:00","og_image":[{"width":600,"height":807,"url":"https:\/\/chateaufeely.com\/wp-content\/uploads\/2016\/07\/SavingOurSkins.jpg","type":"image\/jpeg"}],"twitter_card":"summary_large_image","schema":{"@context":"https:\/\/schema.org","@graph":[{"@type":"WebPage","@id":"https:\/\/chateaufeely.com\/fr\/produit\/book-saving-our-skins\/","url":"https:\/\/chateaufeely.com\/fr\/produit\/book-saving-our-skins\/","name":"Livre : Saving our skins - Ch\u00e2teau Feely organic wine, tours, accommodation","isPartOf":{"@id":"https:\/\/chateaufeely.com\/fr\/#website"},"primaryImageOfPage":{"@id":"https:\/\/chateaufeely.com\/fr\/produit\/book-saving-our-skins\/#primaryimage"},"image":{"@id":"https:\/\/chateaufeely.com\/fr\/produit\/book-saving-our-skins\/#primaryimage"},"thumbnailUrl":"https:\/\/chateaufeely.com\/wp-content\/uploads\/2023\/12\/saving_our_skins_ebookcover_500.jpg","datePublished":"2016-05-23T14:58:21+00:00","dateModified":"2020-02-26T10:52:52+00:00","breadcrumb":{"@id":"https:\/\/chateaufeely.com\/fr\/produit\/book-saving-our-skins\/#breadcrumb"},"inLanguage":"fr-FR","potentialAction":[{"@type":"ReadAction","target":["https:\/\/chateaufeely.com\/fr\/produit\/book-saving-our-skins\/"]}]},{"@type":"ImageObject","inLanguage":"fr-FR","@id":"https:\/\/chateaufeely.com\/fr\/produit\/book-saving-our-skins\/#primaryimage","url":"https:\/\/chateaufeely.com\/wp-content\/uploads\/2023\/12\/saving_our_skins_ebookcover_500.jpg","contentUrl":"https:\/\/chateaufeely.com\/wp-content\/uploads\/2023\/12\/saving_our_skins_ebookcover_500.jpg","width":313,"height":500,"caption":"Front Cover of Saving Our Skins by Caro Feely"},{"@type":"BreadcrumbList","@id":"https:\/\/chateaufeely.com\/fr\/produit\/book-saving-our-skins\/#breadcrumb","itemListElement":[{"@type":"ListItem","position":1,"name":"Accueil","item":"https:\/\/chateaufeely.com\/fr\/"},{"@type":"ListItem","position":2,"name":"Boutique","item":"https:\/\/chateaufeely.com\/fr\/boutique\/"},{"@type":"ListItem","position":3,"name":"Livre : Saving our skins"}]},{"@type":"WebSite","@id":"https:\/\/chateaufeely.com\/fr\/#website","url":"https:\/\/chateaufeely.com\/fr\/","name":"Ch\u00e2teau Feely organic wine, tours, accommodation","description":"Biodynamic and natural wine, tours and wine school, ecological luxury lodge","publisher":{"@id":"https:\/\/chateaufeely.com\/fr\/#organization"},"potentialAction":[{"@type":"SearchAction","target":{"@type":"EntryPoint","urlTemplate":"https:\/\/chateaufeely.com\/fr\/?s={search_term_string}"},"query-input":{"@type":"PropertyValueSpecification","valueRequired":true,"valueName":"search_term_string"}}],"inLanguage":"fr-FR"},{"@type":"Organization","@id":"https:\/\/chateaufeely.com\/fr\/#organization","name":"Ch\u00e2teau Feely organic wine, tours, accommodation","url":"https:\/\/chateaufeely.com\/fr\/","logo":{"@type":"ImageObject","inLanguage":"fr-FR","@id":"https:\/\/chateaufeely.com\/fr\/#\/schema\/logo\/image\/","url":"https:\/\/chateaufeely.com\/wp-content\/uploads\/2016\/05\/logo-vertical-v2-250.png","contentUrl":"https:\/\/chateaufeely.com\/wp-content\/uploads\/2016\/05\/logo-vertical-v2-250.png","width":250,"height":312,"caption":"Ch\u00e2teau Feely organic wine, tours, accommodation"},"image":{"@id":"https:\/\/chateaufeely.com\/fr\/#\/schema\/logo\/image\/"},"sameAs":["https:\/\/www.facebook.com\/ChateauFeely\/","https:\/\/www.instagram.com\/chateaufeely\/"]}]}},"_links":{"self":[{"href":"https:\/\/chateaufeely.com\/fr\/wp-json\/wp\/v2\/product\/198","targetHints":{"allow":["GET"]}}],"collection":[{"href":"https:\/\/chateaufeely.com\/fr\/wp-json\/wp\/v2\/product"}],"about":[{"href":"https:\/\/chateaufeely.com\/fr\/wp-json\/wp\/v2\/types\/product"}],"replies":[{"embeddable":true,"href":"https:\/\/chateaufeely.com\/fr\/wp-json\/wp\/v2\/comments?post=198"}],"wp:featuredmedia":[{"embeddable":true,"href":"https:\/\/chateaufeely.com\/fr\/wp-json\/wp\/v2\/media\/8830"}],"wp:attachment":[{"href":"https:\/\/chateaufeely.com\/fr\/wp-json\/wp\/v2\/media?parent=198"}],"wp:term":[{"taxonomy":"product_brand","embeddable":true,"href":"https:\/\/chateaufeely.com\/fr\/wp-json\/wp\/v2\/product_brand?post=198"},{"taxonomy":"product_cat","embeddable":true,"href":"https:\/\/chateaufeely.com\/fr\/wp-json\/wp\/v2\/product_cat?post=198"},{"taxonomy":"product_tag","embeddable":true,"href":"https:\/\/chateaufeely.com\/fr\/wp-json\/wp\/v2\/product_tag?post=198"}],"curies":[{"name":"wp","href":"https:\/\/api.w.org\/{rel}","templated":true}]}}