{"id":5625,"date":"2017-08-10T13:56:56","date_gmt":"2017-08-10T12:56:56","guid":{"rendered":"https:\/\/chateaufeely.com\/product\/leather-chateau-feely-key-ring\/"},"modified":"2020-03-06T13:58:11","modified_gmt":"2020-03-06T12:58:11","slug":"leather-chateau-feely-key-ring","status":"publish","type":"product","link":"https:\/\/chateaufeely.com\/fr\/produit\/leather-chateau-feely-key-ring\/","title":{"rendered":"Porte cl\u00e9 en cuir Ch\u00e2teau Feely"},"content":{"rendered":"<p>Porte cl\u00e9 en cuir Ch\u00e2teau Feely &#8211; Ne peuvent pas \u00eatre exp\u00e9di\u00e9s seuls, peuvent \u00eatre exp\u00e9di\u00e9s avec les vins Ch\u00e2teau Feely.<\/p>\n","protected":false},"excerpt":{"rendered":"<p>Porte cl\u00e9 en cuir Ch\u00e2teau Feely &#8211; Ne peuvent pas \u00eatre exp\u00e9di\u00e9s seuls, peuvent \u00eatre exp\u00e9di\u00e9s avec les vins Ch\u00e2teau Feely.<\/p>\n","protected":false},"featured_media":8605,"comment_status":"open","ping_status":"closed","template":"","meta":{"_exactmetrics_skip_tracking":false,"_exactmetrics_sitenote_active":false,"_exactmetrics_sitenote_note":"","_exactmetrics_sitenote_category":0},"product_brand":[],"product_cat":[15,24],"product_tag":[214],"class_list":{"0":"post-5625","1":"product","2":"type-product","3":"status-publish","4":"has-post-thumbnail","6":"product_cat-autres-produits","7":"product_cat-produits-derives","8":"product_tag-leather-key-ring-fr","10":"first","11":"instock","12":"taxable","13":"shipping-taxable","14":"purchasable","15":"product-type-simple"},"yoast_head":"<!-- This site is optimized with the Yoast SEO plugin v27.0 - https:\/\/yoast.com\/product\/yoast-seo-wordpress\/ -->\n<title>Porte cl\u00e9 en cuir Ch\u00e2teau Feely - Ch\u00e2teau Feely organic wine, tours, accommodation<\/title>\n<meta name=\"robots\" content=\"index, follow, max-snippet:-1, max-image-preview:large, max-video-preview:-1\" \/>\n<link rel=\"canonical\" href=\"https:\/\/chateaufeely.com\/fr\/produit\/leather-chateau-feely-key-ring\/\" \/>\n<meta property=\"og:locale\" content=\"fr_FR\" \/>\n<meta property=\"og:type\" content=\"article\" \/>\n<meta property=\"og:title\" content=\"Porte cl\u00e9 en cuir Ch\u00e2teau Feely - Ch\u00e2teau Feely organic wine, tours, accommodation\" \/>\n<meta property=\"og:description\" content=\"Porte cl\u00e9 en cuir Ch\u00e2teau Feely &#8211; Ne peuvent pas \u00eatre exp\u00e9di\u00e9s seuls, peuvent \u00eatre exp\u00e9di\u00e9s avec les vins Ch\u00e2teau Feely.\" \/>\n<meta property=\"og:url\" content=\"https:\/\/chateaufeely.com\/fr\/produit\/leather-chateau-feely-key-ring\/\" \/>\n<meta property=\"og:site_name\" content=\"Ch\u00e2teau Feely organic wine, tours, accommodation\" \/>\n<meta property=\"article:publisher\" content=\"https:\/\/www.facebook.com\/ChateauFeely\/\" \/>\n<meta property=\"article:modified_time\" content=\"2020-03-06T12:58:11+00:00\" \/>\n<meta property=\"og:image\" content=\"https:\/\/chateaufeely.com\/wp-content\/uploads\/2017\/08\/DSC02726.jpg\" \/>\n\t<meta property=\"og:image:width\" content=\"1200\" \/>\n\t<meta property=\"og:image:height\" content=\"801\" \/>\n\t<meta property=\"og:image:type\" content=\"image\/jpeg\" \/>\n<meta name=\"twitter:card\" content=\"summary_large_image\" \/>\n<script type=\"application\/ld+json\" class=\"yoast-schema-graph\">{\"@context\":\"https:\/\/schema.org\",\"@graph\":[{\"@type\":\"WebPage\",\"@id\":\"https:\/\/chateaufeely.com\/fr\/produit\/leather-chateau-feely-key-ring\/\",\"url\":\"https:\/\/chateaufeely.com\/fr\/produit\/leather-chateau-feely-key-ring\/\",\"name\":\"Porte cl\u00e9 en cuir Ch\u00e2teau Feely - Ch\u00e2teau Feely organic wine, tours, accommodation\",\"isPartOf\":{\"@id\":\"https:\/\/chateaufeely.com\/fr\/#website\"},\"primaryImageOfPage\":{\"@id\":\"https:\/\/chateaufeely.com\/fr\/produit\/leather-chateau-feely-key-ring\/#primaryimage\"},\"image\":{\"@id\":\"https:\/\/chateaufeely.com\/fr\/produit\/leather-chateau-feely-key-ring\/#primaryimage\"},\"thumbnailUrl\":\"https:\/\/chateaufeely.com\/wp-content\/uploads\/2017\/08\/20230425_115302_resized-keyring.jpg\",\"datePublished\":\"2017-08-10T12:56:56+00:00\",\"dateModified\":\"2020-03-06T12:58:11+00:00\",\"breadcrumb\":{\"@id\":\"https:\/\/chateaufeely.com\/fr\/produit\/leather-chateau-feely-key-ring\/#breadcrumb\"},\"inLanguage\":\"fr-FR\",\"potentialAction\":[{\"@type\":\"ReadAction\",\"target\":[\"https:\/\/chateaufeely.com\/fr\/produit\/leather-chateau-feely-key-ring\/\"]}]},{\"@type\":\"ImageObject\",\"inLanguage\":\"fr-FR\",\"@id\":\"https:\/\/chateaufeely.com\/fr\/produit\/leather-chateau-feely-key-ring\/#primaryimage\",\"url\":\"https:\/\/chateaufeely.com\/wp-content\/uploads\/2017\/08\/20230425_115302_resized-keyring.jpg\",\"contentUrl\":\"https:\/\/chateaufeely.com\/wp-content\/uploads\/2017\/08\/20230425_115302_resized-keyring.jpg\",\"width\":756,\"height\":1008},{\"@type\":\"BreadcrumbList\",\"@id\":\"https:\/\/chateaufeely.com\/fr\/produit\/leather-chateau-feely-key-ring\/#breadcrumb\",\"itemListElement\":[{\"@type\":\"ListItem\",\"position\":1,\"name\":\"Accueil\",\"item\":\"https:\/\/chateaufeely.com\/fr\/\"},{\"@type\":\"ListItem\",\"position\":2,\"name\":\"Boutique\",\"item\":\"https:\/\/chateaufeely.com\/fr\/boutique\/\"},{\"@type\":\"ListItem\",\"position\":3,\"name\":\"Porte cl\u00e9 en cuir Ch\u00e2teau Feely\"}]},{\"@type\":\"WebSite\",\"@id\":\"https:\/\/chateaufeely.com\/fr\/#website\",\"url\":\"https:\/\/chateaufeely.com\/fr\/\",\"name\":\"Ch\u00e2teau Feely organic wine, tours, accommodation\",\"description\":\"Biodynamic and natural wine, tours and wine school, ecological luxury lodge\",\"publisher\":{\"@id\":\"https:\/\/chateaufeely.com\/fr\/#organization\"},\"potentialAction\":[{\"@type\":\"SearchAction\",\"target\":{\"@type\":\"EntryPoint\",\"urlTemplate\":\"https:\/\/chateaufeely.com\/fr\/?s={search_term_string}\"},\"query-input\":{\"@type\":\"PropertyValueSpecification\",\"valueRequired\":true,\"valueName\":\"search_term_string\"}}],\"inLanguage\":\"fr-FR\"},{\"@type\":\"Organization\",\"@id\":\"https:\/\/chateaufeely.com\/fr\/#organization\",\"name\":\"Ch\u00e2teau Feely organic wine, tours, accommodation\",\"url\":\"https:\/\/chateaufeely.com\/fr\/\",\"logo\":{\"@type\":\"ImageObject\",\"inLanguage\":\"fr-FR\",\"@id\":\"https:\/\/chateaufeely.com\/fr\/#\/schema\/logo\/image\/\",\"url\":\"https:\/\/chateaufeely.com\/wp-content\/uploads\/2016\/05\/logo-vertical-v2-250.png\",\"contentUrl\":\"https:\/\/chateaufeely.com\/wp-content\/uploads\/2016\/05\/logo-vertical-v2-250.png\",\"width\":250,\"height\":312,\"caption\":\"Ch\u00e2teau Feely organic wine, tours, accommodation\"},\"image\":{\"@id\":\"https:\/\/chateaufeely.com\/fr\/#\/schema\/logo\/image\/\"},\"sameAs\":[\"https:\/\/www.facebook.com\/ChateauFeely\/\",\"https:\/\/www.instagram.com\/chateaufeely\/\"]}]}<\/script>\n<!-- \/ Yoast SEO plugin. -->","yoast_head_json":{"title":"Porte cl\u00e9 en cuir Ch\u00e2teau Feely - Ch\u00e2teau Feely organic wine, tours, accommodation","robots":{"index":"index","follow":"follow","max-snippet":"max-snippet:-1","max-image-preview":"max-image-preview:large","max-video-preview":"max-video-preview:-1"},"canonical":"https:\/\/chateaufeely.com\/fr\/produit\/leather-chateau-feely-key-ring\/","og_locale":"fr_FR","og_type":"article","og_title":"Porte cl\u00e9 en cuir Ch\u00e2teau Feely - Ch\u00e2teau Feely organic wine, tours, accommodation","og_description":"Porte cl\u00e9 en cuir Ch\u00e2teau Feely &#8211; Ne peuvent pas \u00eatre exp\u00e9di\u00e9s seuls, peuvent \u00eatre exp\u00e9di\u00e9s avec les vins Ch\u00e2teau Feely.","og_url":"https:\/\/chateaufeely.com\/fr\/produit\/leather-chateau-feely-key-ring\/","og_site_name":"Ch\u00e2teau Feely organic wine, tours, accommodation","article_publisher":"https:\/\/www.facebook.com\/ChateauFeely\/","article_modified_time":"2020-03-06T12:58:11+00:00","og_image":[{"width":1200,"height":801,"url":"https:\/\/chateaufeely.com\/wp-content\/uploads\/2017\/08\/DSC02726.jpg","type":"image\/jpeg"}],"twitter_card":"summary_large_image","schema":{"@context":"https:\/\/schema.org","@graph":[{"@type":"WebPage","@id":"https:\/\/chateaufeely.com\/fr\/produit\/leather-chateau-feely-key-ring\/","url":"https:\/\/chateaufeely.com\/fr\/produit\/leather-chateau-feely-key-ring\/","name":"Porte cl\u00e9 en cuir Ch\u00e2teau Feely - Ch\u00e2teau Feely organic wine, tours, accommodation","isPartOf":{"@id":"https:\/\/chateaufeely.com\/fr\/#website"},"primaryImageOfPage":{"@id":"https:\/\/chateaufeely.com\/fr\/produit\/leather-chateau-feely-key-ring\/#primaryimage"},"image":{"@id":"https:\/\/chateaufeely.com\/fr\/produit\/leather-chateau-feely-key-ring\/#primaryimage"},"thumbnailUrl":"https:\/\/chateaufeely.com\/wp-content\/uploads\/2017\/08\/20230425_115302_resized-keyring.jpg","datePublished":"2017-08-10T12:56:56+00:00","dateModified":"2020-03-06T12:58:11+00:00","breadcrumb":{"@id":"https:\/\/chateaufeely.com\/fr\/produit\/leather-chateau-feely-key-ring\/#breadcrumb"},"inLanguage":"fr-FR","potentialAction":[{"@type":"ReadAction","target":["https:\/\/chateaufeely.com\/fr\/produit\/leather-chateau-feely-key-ring\/"]}]},{"@type":"ImageObject","inLanguage":"fr-FR","@id":"https:\/\/chateaufeely.com\/fr\/produit\/leather-chateau-feely-key-ring\/#primaryimage","url":"https:\/\/chateaufeely.com\/wp-content\/uploads\/2017\/08\/20230425_115302_resized-keyring.jpg","contentUrl":"https:\/\/chateaufeely.com\/wp-content\/uploads\/2017\/08\/20230425_115302_resized-keyring.jpg","width":756,"height":1008},{"@type":"BreadcrumbList","@id":"https:\/\/chateaufeely.com\/fr\/produit\/leather-chateau-feely-key-ring\/#breadcrumb","itemListElement":[{"@type":"ListItem","position":1,"name":"Accueil","item":"https:\/\/chateaufeely.com\/fr\/"},{"@type":"ListItem","position":2,"name":"Boutique","item":"https:\/\/chateaufeely.com\/fr\/boutique\/"},{"@type":"ListItem","position":3,"name":"Porte cl\u00e9 en cuir Ch\u00e2teau Feely"}]},{"@type":"WebSite","@id":"https:\/\/chateaufeely.com\/fr\/#website","url":"https:\/\/chateaufeely.com\/fr\/","name":"Ch\u00e2teau Feely organic wine, tours, accommodation","description":"Biodynamic and natural wine, tours and wine school, ecological luxury lodge","publisher":{"@id":"https:\/\/chateaufeely.com\/fr\/#organization"},"potentialAction":[{"@type":"SearchAction","target":{"@type":"EntryPoint","urlTemplate":"https:\/\/chateaufeely.com\/fr\/?s={search_term_string}"},"query-input":{"@type":"PropertyValueSpecification","valueRequired":true,"valueName":"search_term_string"}}],"inLanguage":"fr-FR"},{"@type":"Organization","@id":"https:\/\/chateaufeely.com\/fr\/#organization","name":"Ch\u00e2teau Feely organic wine, tours, accommodation","url":"https:\/\/chateaufeely.com\/fr\/","logo":{"@type":"ImageObject","inLanguage":"fr-FR","@id":"https:\/\/chateaufeely.com\/fr\/#\/schema\/logo\/image\/","url":"https:\/\/chateaufeely.com\/wp-content\/uploads\/2016\/05\/logo-vertical-v2-250.png","contentUrl":"https:\/\/chateaufeely.com\/wp-content\/uploads\/2016\/05\/logo-vertical-v2-250.png","width":250,"height":312,"caption":"Ch\u00e2teau Feely organic wine, tours, accommodation"},"image":{"@id":"https:\/\/chateaufeely.com\/fr\/#\/schema\/logo\/image\/"},"sameAs":["https:\/\/www.facebook.com\/ChateauFeely\/","https:\/\/www.instagram.com\/chateaufeely\/"]}]}},"_links":{"self":[{"href":"https:\/\/chateaufeely.com\/fr\/wp-json\/wp\/v2\/product\/5625","targetHints":{"allow":["GET"]}}],"collection":[{"href":"https:\/\/chateaufeely.com\/fr\/wp-json\/wp\/v2\/product"}],"about":[{"href":"https:\/\/chateaufeely.com\/fr\/wp-json\/wp\/v2\/types\/product"}],"replies":[{"embeddable":true,"href":"https:\/\/chateaufeely.com\/fr\/wp-json\/wp\/v2\/comments?post=5625"}],"wp:featuredmedia":[{"embeddable":true,"href":"https:\/\/chateaufeely.com\/fr\/wp-json\/wp\/v2\/media\/8605"}],"wp:attachment":[{"href":"https:\/\/chateaufeely.com\/fr\/wp-json\/wp\/v2\/media?parent=5625"}],"wp:term":[{"taxonomy":"product_brand","embeddable":true,"href":"https:\/\/chateaufeely.com\/fr\/wp-json\/wp\/v2\/product_brand?post=5625"},{"taxonomy":"product_cat","embeddable":true,"href":"https:\/\/chateaufeely.com\/fr\/wp-json\/wp\/v2\/product_cat?post=5625"},{"taxonomy":"product_tag","embeddable":true,"href":"https:\/\/chateaufeely.com\/fr\/wp-json\/wp\/v2\/product_tag?post=5625"}],"curies":[{"name":"wp","href":"https:\/\/api.w.org\/{rel}","templated":true}]}}