{"id":5866,"date":"2020-03-12T09:49:06","date_gmt":"2020-03-12T08:49:06","guid":{"rendered":"https:\/\/chateaufeely.com\/?post_type=product&#038;p=5866"},"modified":"2025-05-04T15:04:46","modified_gmt":"2025-05-04T14:04:46","slug":"la-source-2018","status":"publish","type":"product","link":"https:\/\/chateaufeely.com\/fr\/produit\/la-source-2018\/","title":{"rendered":"La Source 2021"},"content":{"rendered":"<p><span style=\"text-decoration: underline;\">[mk_font_icons icon=\u00a0\u00bbmk-moon-bottle\u00a0\u00bb size=\u00a0\u00bbmedium\u00a0\u00bb] Nombre de bouteilles produites<\/span> : 2900<\/p>\n<p><span style=\"text-decoration: underline;\">[mk_font_icons icon=\u00a0\u00bbmk-moon-brightness-high\u00a0\u00bb size=\u00a0\u00bbmedium\u00a0\u00bb] Terroir<\/span> :\u00a0Sol argilo-calcaire. Exposition Plateau et Est.<\/p>\n<p><span style=\"text-decoration: underline;\">[mk_font_icons icon=\u00a0\u00bbmk-moon-eyedropper\u00a0\u00bb size=\u00a0\u00bbmedium\u00a0\u00bb] Note de d\u00e9gustation<\/span> : Ar\u00f4me min\u00e9ral et frais avec des fruits noirs comme la prune et le cassis. Une pointe de menthe.<\/p>\n[mk_font_icons icon=\u00a0\u00bbmk-moon-temperature\u00a0\u00bb size=\u00a0\u00bbmedium\u00a0\u00bb] Servir \u00e0 16-18\u00b0C<\/p>\n<p><span style=\"text-decoration: underline;\">[mk_font_icons icon=\u00a0\u00bbmk-icon-cutlery\u00a0\u00bb size=\u00a0\u00bbmedium\u00a0\u00bb] Id\u00e9es d\u2019accords<\/span> :<\/p>\n<ul>\n<li>Agneau avec sa sauce au romarin<\/li>\n<li>Magret de canard<\/li>\n<li>Comt\u00e9<\/li>\n<\/ul>\n[mk_font_icons icon=\u00a0\u00bbmk-moon-package\u00a0\u00bb color=\u00a0\u00bb#e1c57d\u00a0\u00bb size=\u00a0\u00bbmedium\u00a0\u00bb] Conditionnement : 750 ml<\/p>\n[mk_font_icons icon=\u00a0\u00bbmk-icon-truck\u00a0\u00bb size=\u00a0\u00bbmedium\u00a0\u00bb] Frais de livraison : France : 25\u20ac pour un carton de 6 bouteilles, 35\u20ac pour un carton de 12 bouteilles. Hollande, Allemagne ou Espagne : 30\u20ac pour un carton de 6 bouteilles, 40\u20ac pour un carton de 12 bouteilles.<\/p>\n","protected":false},"excerpt":{"rendered":"<h4>Source\u00a0de la nature<\/h4>\n<p><span style=\"color: #000000;\"><strong>Vin rouge<\/strong><\/span><br \/>\n<span style=\"color: #000000;\"><span style=\"text-decoration: underline;\">C\u00e9page<\/span> : 85%Merlot, 15%Cabernet sauvignon, <\/span><br \/>\n<span style=\"color: #000000;\"><span style=\"text-decoration: underline;\">Appellation<\/span> : Vin de France<\/span><\/p>\n<p>Vin Nature<\/p>\n<p><span style=\"color: #000000;\"><strong>Mill\u00e9sime: 2021<\/strong><\/span><\/p>\n<p><span style=\"color: #000000;\"><span style=\"text-decoration: underline;\">Vol. Al.<\/span> : 13.5%<\/span><br \/>\nSulfites: 25mg\/l<\/p>\n<p><span style=\"color: #000000;\"><img decoding=\"async\" class=\"size-full wp-image-171 alignleft\" src=\"http:\/\/chateaufeely.com\/wp-content\/uploads\/2016\/05\/bio-europe150.jpg\" alt=\"bio-europe150\" width=\"150\" height=\"100\" \/><\/span><\/p>\n<p><span style=\"color: #000000;\">Vin bio<\/span><br \/>\n<span style=\"color: #000000;\">Ecocert FR-BIO-01 Agriculture France<\/span><br \/>\n<span style=\"line-height: 1.5; color: #000000;\">R\u00e9colt\u00e9 \u00e0 la main<\/span><br \/>\n<span style=\"color: #000000;\">Levures indig\u00e8nes<\/span><\/p>\n<p>&nbsp;<\/p>\n<p><span style=\"color: #000000;\">Non coll\u00e9<\/span><br \/>\n<span style=\"color: #000000;\">Non filtr\u00e9<\/span><\/p>\n","protected":false},"featured_media":1868,"comment_status":"closed","ping_status":"closed","template":"","meta":[],"product_brand":[],"product_cat":[55,12],"product_tag":[216,217,219,218],"class_list":{"0":"post-5866","1":"product","2":"type-product","3":"status-publish","4":"has-post-thumbnail","6":"product_cat-tous-les-vins","7":"product_cat-rouges-secs","8":"product_tag-vin-bio-fr","9":"product_tag-vin-biodynamique-fr","10":"product_tag-vin-nature","11":"product_tag-vin-sans-sulfites","12":"product_shipping_class-bottles","14":"first","15":"instock","16":"taxable","17":"shipping-taxable","18":"purchasable","19":"product-type-simple"},"yoast_head":"<!-- This site is optimized with the Yoast SEO plugin v27.3 - https:\/\/yoast.com\/product\/yoast-seo-wordpress\/ -->\n<title>La Source 2021 - Ch\u00e2teau Feely organic wine, tours, accommodation<\/title>\n<meta name=\"robots\" content=\"index, follow, max-snippet:-1, max-image-preview:large, max-video-preview:-1\" \/>\n<link rel=\"canonical\" href=\"https:\/\/chateaufeely.com\/fr\/produit\/la-source-2018\/\" \/>\n<meta property=\"og:locale\" content=\"fr_FR\" \/>\n<meta property=\"og:type\" content=\"article\" \/>\n<meta property=\"og:title\" content=\"La Source 2021 - Ch\u00e2teau Feely organic wine, tours, accommodation\" \/>\n<meta property=\"og:description\" content=\"Source\u00a0de la nature Vin rouge C\u00e9page : 85%Merlot, 15%Cabernet sauvignon,  Appellation : Vin de France  Vin Nature  Mill\u00e9sime: 2021  Vol. Al. : 13.5% Sulfites: 25mg\/l    Vin bio Ecocert FR-BIO-01 Agriculture France R\u00e9colt\u00e9 \u00e0 la main Levures indig\u00e8nes  &nbsp;  Non coll\u00e9 Non filtr\u00e9\" \/>\n<meta property=\"og:url\" content=\"https:\/\/chateaufeely.com\/fr\/produit\/la-source-2018\/\" \/>\n<meta property=\"og:site_name\" content=\"Ch\u00e2teau Feely organic wine, tours, accommodation\" \/>\n<meta property=\"article:publisher\" content=\"https:\/\/www.facebook.com\/ChateauFeely\/\" \/>\n<meta property=\"article:modified_time\" content=\"2025-05-04T14:04:46+00:00\" \/>\n<meta property=\"og:image\" content=\"https:\/\/chateaufeely.com\/wp-content\/uploads\/2017\/03\/FeelyLaSourceCLINDOEIL-Studio_dsc3956.jpg\" \/>\n\t<meta property=\"og:image:width\" content=\"1200\" \/>\n\t<meta property=\"og:image:height\" content=\"1801\" \/>\n\t<meta property=\"og:image:type\" content=\"image\/jpeg\" \/>\n<meta name=\"twitter:card\" content=\"summary_large_image\" \/>\n<meta name=\"twitter:label1\" content=\"Dur\u00e9e de lecture estim\u00e9e\" \/>\n\t<meta name=\"twitter:data1\" content=\"1 minute\" \/>\n<script type=\"application\/ld+json\" class=\"yoast-schema-graph\">{\"@context\":\"https:\\\/\\\/schema.org\",\"@graph\":[{\"@type\":\"WebPage\",\"@id\":\"https:\\\/\\\/chateaufeely.com\\\/fr\\\/produit\\\/la-source-2018\\\/\",\"url\":\"https:\\\/\\\/chateaufeely.com\\\/fr\\\/produit\\\/la-source-2018\\\/\",\"name\":\"La Source 2021 - Ch\u00e2teau Feely organic wine, tours, accommodation\",\"isPartOf\":{\"@id\":\"https:\\\/\\\/chateaufeely.com\\\/fr\\\/#website\"},\"primaryImageOfPage\":{\"@id\":\"https:\\\/\\\/chateaufeely.com\\\/fr\\\/produit\\\/la-source-2018\\\/#primaryimage\"},\"image\":{\"@id\":\"https:\\\/\\\/chateaufeely.com\\\/fr\\\/produit\\\/la-source-2018\\\/#primaryimage\"},\"thumbnailUrl\":\"https:\\\/\\\/chateaufeely.com\\\/wp-content\\\/uploads\\\/2017\\\/03\\\/FeelyLaSourceCLINDOEIL-Studio_dsc3956.jpg\",\"datePublished\":\"2020-03-12T08:49:06+00:00\",\"dateModified\":\"2025-05-04T14:04:46+00:00\",\"breadcrumb\":{\"@id\":\"https:\\\/\\\/chateaufeely.com\\\/fr\\\/produit\\\/la-source-2018\\\/#breadcrumb\"},\"inLanguage\":\"fr-FR\",\"potentialAction\":[{\"@type\":\"ReadAction\",\"target\":[\"https:\\\/\\\/chateaufeely.com\\\/fr\\\/produit\\\/la-source-2018\\\/\"]}]},{\"@type\":\"ImageObject\",\"inLanguage\":\"fr-FR\",\"@id\":\"https:\\\/\\\/chateaufeely.com\\\/fr\\\/produit\\\/la-source-2018\\\/#primaryimage\",\"url\":\"https:\\\/\\\/chateaufeely.com\\\/wp-content\\\/uploads\\\/2017\\\/03\\\/FeelyLaSourceCLINDOEIL-Studio_dsc3956.jpg\",\"contentUrl\":\"https:\\\/\\\/chateaufeely.com\\\/wp-content\\\/uploads\\\/2017\\\/03\\\/FeelyLaSourceCLINDOEIL-Studio_dsc3956.jpg\",\"width\":1200,\"height\":1801},{\"@type\":\"BreadcrumbList\",\"@id\":\"https:\\\/\\\/chateaufeely.com\\\/fr\\\/produit\\\/la-source-2018\\\/#breadcrumb\",\"itemListElement\":[{\"@type\":\"ListItem\",\"position\":1,\"name\":\"Accueil\",\"item\":\"https:\\\/\\\/chateaufeely.com\\\/fr\\\/\"},{\"@type\":\"ListItem\",\"position\":2,\"name\":\"Boutique\",\"item\":\"https:\\\/\\\/chateaufeely.com\\\/fr\\\/boutique\\\/\"},{\"@type\":\"ListItem\",\"position\":3,\"name\":\"La Source 2021\"}]},{\"@type\":\"WebSite\",\"@id\":\"https:\\\/\\\/chateaufeely.com\\\/fr\\\/#website\",\"url\":\"https:\\\/\\\/chateaufeely.com\\\/fr\\\/\",\"name\":\"Ch\u00e2teau Feely organic wine, tours, accommodation\",\"description\":\"Biodynamic and natural wine, tours and wine school, ecological luxury lodge\",\"publisher\":{\"@id\":\"https:\\\/\\\/chateaufeely.com\\\/fr\\\/#organization\"},\"potentialAction\":[{\"@type\":\"SearchAction\",\"target\":{\"@type\":\"EntryPoint\",\"urlTemplate\":\"https:\\\/\\\/chateaufeely.com\\\/fr\\\/?s={search_term_string}\"},\"query-input\":{\"@type\":\"PropertyValueSpecification\",\"valueRequired\":true,\"valueName\":\"search_term_string\"}}],\"inLanguage\":\"fr-FR\"},{\"@type\":\"Organization\",\"@id\":\"https:\\\/\\\/chateaufeely.com\\\/fr\\\/#organization\",\"name\":\"Ch\u00e2teau Feely organic wine, tours, accommodation\",\"url\":\"https:\\\/\\\/chateaufeely.com\\\/fr\\\/\",\"logo\":{\"@type\":\"ImageObject\",\"inLanguage\":\"fr-FR\",\"@id\":\"https:\\\/\\\/chateaufeely.com\\\/fr\\\/#\\\/schema\\\/logo\\\/image\\\/\",\"url\":\"https:\\\/\\\/chateaufeely.com\\\/wp-content\\\/uploads\\\/2016\\\/05\\\/logo-vertical-v2-250.png\",\"contentUrl\":\"https:\\\/\\\/chateaufeely.com\\\/wp-content\\\/uploads\\\/2016\\\/05\\\/logo-vertical-v2-250.png\",\"width\":250,\"height\":312,\"caption\":\"Ch\u00e2teau Feely organic wine, tours, accommodation\"},\"image\":{\"@id\":\"https:\\\/\\\/chateaufeely.com\\\/fr\\\/#\\\/schema\\\/logo\\\/image\\\/\"},\"sameAs\":[\"https:\\\/\\\/www.facebook.com\\\/ChateauFeely\\\/\",\"https:\\\/\\\/www.instagram.com\\\/chateaufeely\\\/\"]}]}<\/script>\n<!-- \/ Yoast SEO plugin. -->","yoast_head_json":{"title":"La Source 2021 - Ch\u00e2teau Feely organic wine, tours, accommodation","robots":{"index":"index","follow":"follow","max-snippet":"max-snippet:-1","max-image-preview":"max-image-preview:large","max-video-preview":"max-video-preview:-1"},"canonical":"https:\/\/chateaufeely.com\/fr\/produit\/la-source-2018\/","og_locale":"fr_FR","og_type":"article","og_title":"La Source 2021 - Ch\u00e2teau Feely organic wine, tours, accommodation","og_description":"Source\u00a0de la nature Vin rouge C\u00e9page : 85%Merlot, 15%Cabernet sauvignon,  Appellation : Vin de France  Vin Nature  Mill\u00e9sime: 2021  Vol. Al. : 13.5% Sulfites: 25mg\/l    Vin bio Ecocert FR-BIO-01 Agriculture France R\u00e9colt\u00e9 \u00e0 la main Levures indig\u00e8nes  &nbsp;  Non coll\u00e9 Non filtr\u00e9","og_url":"https:\/\/chateaufeely.com\/fr\/produit\/la-source-2018\/","og_site_name":"Ch\u00e2teau Feely organic wine, tours, accommodation","article_publisher":"https:\/\/www.facebook.com\/ChateauFeely\/","article_modified_time":"2025-05-04T14:04:46+00:00","og_image":[{"width":1200,"height":1801,"url":"https:\/\/chateaufeely.com\/wp-content\/uploads\/2017\/03\/FeelyLaSourceCLINDOEIL-Studio_dsc3956.jpg","type":"image\/jpeg"}],"twitter_card":"summary_large_image","twitter_misc":{"Dur\u00e9e de lecture estim\u00e9e":"1 minute"},"schema":{"@context":"https:\/\/schema.org","@graph":[{"@type":"WebPage","@id":"https:\/\/chateaufeely.com\/fr\/produit\/la-source-2018\/","url":"https:\/\/chateaufeely.com\/fr\/produit\/la-source-2018\/","name":"La Source 2021 - Ch\u00e2teau Feely organic wine, tours, accommodation","isPartOf":{"@id":"https:\/\/chateaufeely.com\/fr\/#website"},"primaryImageOfPage":{"@id":"https:\/\/chateaufeely.com\/fr\/produit\/la-source-2018\/#primaryimage"},"image":{"@id":"https:\/\/chateaufeely.com\/fr\/produit\/la-source-2018\/#primaryimage"},"thumbnailUrl":"https:\/\/chateaufeely.com\/wp-content\/uploads\/2017\/03\/FeelyLaSourceCLINDOEIL-Studio_dsc3956.jpg","datePublished":"2020-03-12T08:49:06+00:00","dateModified":"2025-05-04T14:04:46+00:00","breadcrumb":{"@id":"https:\/\/chateaufeely.com\/fr\/produit\/la-source-2018\/#breadcrumb"},"inLanguage":"fr-FR","potentialAction":[{"@type":"ReadAction","target":["https:\/\/chateaufeely.com\/fr\/produit\/la-source-2018\/"]}]},{"@type":"ImageObject","inLanguage":"fr-FR","@id":"https:\/\/chateaufeely.com\/fr\/produit\/la-source-2018\/#primaryimage","url":"https:\/\/chateaufeely.com\/wp-content\/uploads\/2017\/03\/FeelyLaSourceCLINDOEIL-Studio_dsc3956.jpg","contentUrl":"https:\/\/chateaufeely.com\/wp-content\/uploads\/2017\/03\/FeelyLaSourceCLINDOEIL-Studio_dsc3956.jpg","width":1200,"height":1801},{"@type":"BreadcrumbList","@id":"https:\/\/chateaufeely.com\/fr\/produit\/la-source-2018\/#breadcrumb","itemListElement":[{"@type":"ListItem","position":1,"name":"Accueil","item":"https:\/\/chateaufeely.com\/fr\/"},{"@type":"ListItem","position":2,"name":"Boutique","item":"https:\/\/chateaufeely.com\/fr\/boutique\/"},{"@type":"ListItem","position":3,"name":"La Source 2021"}]},{"@type":"WebSite","@id":"https:\/\/chateaufeely.com\/fr\/#website","url":"https:\/\/chateaufeely.com\/fr\/","name":"Ch\u00e2teau Feely organic wine, tours, accommodation","description":"Biodynamic and natural wine, tours and wine school, ecological luxury lodge","publisher":{"@id":"https:\/\/chateaufeely.com\/fr\/#organization"},"potentialAction":[{"@type":"SearchAction","target":{"@type":"EntryPoint","urlTemplate":"https:\/\/chateaufeely.com\/fr\/?s={search_term_string}"},"query-input":{"@type":"PropertyValueSpecification","valueRequired":true,"valueName":"search_term_string"}}],"inLanguage":"fr-FR"},{"@type":"Organization","@id":"https:\/\/chateaufeely.com\/fr\/#organization","name":"Ch\u00e2teau Feely organic wine, tours, accommodation","url":"https:\/\/chateaufeely.com\/fr\/","logo":{"@type":"ImageObject","inLanguage":"fr-FR","@id":"https:\/\/chateaufeely.com\/fr\/#\/schema\/logo\/image\/","url":"https:\/\/chateaufeely.com\/wp-content\/uploads\/2016\/05\/logo-vertical-v2-250.png","contentUrl":"https:\/\/chateaufeely.com\/wp-content\/uploads\/2016\/05\/logo-vertical-v2-250.png","width":250,"height":312,"caption":"Ch\u00e2teau Feely organic wine, tours, accommodation"},"image":{"@id":"https:\/\/chateaufeely.com\/fr\/#\/schema\/logo\/image\/"},"sameAs":["https:\/\/www.facebook.com\/ChateauFeely\/","https:\/\/www.instagram.com\/chateaufeely\/"]}]}},"_links":{"self":[{"href":"https:\/\/chateaufeely.com\/fr\/wp-json\/wp\/v2\/product\/5866","targetHints":{"allow":["GET"]}}],"collection":[{"href":"https:\/\/chateaufeely.com\/fr\/wp-json\/wp\/v2\/product"}],"about":[{"href":"https:\/\/chateaufeely.com\/fr\/wp-json\/wp\/v2\/types\/product"}],"replies":[{"embeddable":true,"href":"https:\/\/chateaufeely.com\/fr\/wp-json\/wp\/v2\/comments?post=5866"}],"wp:featuredmedia":[{"embeddable":true,"href":"https:\/\/chateaufeely.com\/fr\/wp-json\/wp\/v2\/media\/1868"}],"wp:attachment":[{"href":"https:\/\/chateaufeely.com\/fr\/wp-json\/wp\/v2\/media?parent=5866"}],"wp:term":[{"taxonomy":"product_brand","embeddable":true,"href":"https:\/\/chateaufeely.com\/fr\/wp-json\/wp\/v2\/product_brand?post=5866"},{"taxonomy":"product_cat","embeddable":true,"href":"https:\/\/chateaufeely.com\/fr\/wp-json\/wp\/v2\/product_cat?post=5866"},{"taxonomy":"product_tag","embeddable":true,"href":"https:\/\/chateaufeely.com\/fr\/wp-json\/wp\/v2\/product_tag?post=5866"}],"curies":[{"name":"wp","href":"https:\/\/api.w.org\/{rel}","templated":true}]}}