{"id":8080,"date":"2022-04-24T09:52:15","date_gmt":"2022-04-24T08:59:32","guid":{"rendered":"https:\/\/chateaufeely.com\/?post_type=product&#038;p=8080"},"modified":"2024-05-05T13:34:17","modified_gmt":"2024-05-05T12:34:17","slug":"resonance-2019","status":"publish","type":"product","link":"https:\/\/chateaufeely.com\/fr\/produit\/resonance-2019\/","title":{"rendered":"Resonance 2019"},"content":{"rendered":"<p>Resonance 2019<\/p>\n<p>Nombre de bouteilles produites : 1200<\/p>\n<p>Terroir : Sol argilo-calcaire. Exposition Nord.\u00a0Les vignes sont \u00e2g\u00e9es de 30 ans.<\/p>\n<p>Garde : 10 ans<\/p>\n<p>Note de d\u00e9gustation : Ar\u00f4mes de fruits noirs, prunes, avec une pointe de fraicheur et de min\u00e9ralit\u00e9 a la fin.<\/p>\n<p>Servir \u00e0 16-18\u00b0C<\/p>\n<p>Id\u00e9es d\u2019accords :<\/p>\n<ul>\n<li>Pizza, p\u00e2tes<\/li>\n<li>Steak hach\u00e9<\/li>\n<li>Magret de canard<\/li>\n<\/ul>\n<p>Conditionnement : 750 ml<\/p>\n","protected":false},"excerpt":{"rendered":"<div class=\"summary entry-summary\">\n<div class=\"woocommerce-product-details__short-description\">\n<h4>R\u00c9SONANCE\u00a0DE LA NATURE<\/h4>\n<p><strong>Vin rouge<\/strong><br \/>\nC\u00e9page\u00a0: 100% Merlot<br \/>\nAppellation\u00a0: Vin de France<br \/>\nMill\u00e9sime : 2019<br \/>\nVol. Al. : 14%<br \/>\nSulfites : &lt; 30mg\/l<\/p>\n<p><img decoding=\"async\" class=\"size-full wp-image-171 alignleft\" src=\"https:\/\/chateaufeely.com\/wp-content\/uploads\/2016\/05\/bio-europe150.jpg\" alt=\"bio-europe150\" width=\"150\" height=\"100\" \/><\/p>\n<p>Vin bio<br \/>\nEcocert FR-BIO-01 Agriculture France<br \/>\nR\u00e9colt\u00e9 \u00e0 la main<br \/>\nLevures indig\u00e8nes<\/p>\n<p>Non coll\u00e9<br \/>\nNon filtr\u00e9<br \/>\nV\u00e9g\u00e9talien<\/p>\n<\/div>\n<\/div>\n","protected":false},"featured_media":167,"comment_status":"closed","ping_status":"closed","template":"","meta":{"_exactmetrics_skip_tracking":false,"_exactmetrics_sitenote_active":false,"_exactmetrics_sitenote_note":"","_exactmetrics_sitenote_category":0},"product_brand":[],"product_cat":[55,12],"product_tag":[],"class_list":{"0":"post-8080","1":"product","2":"type-product","3":"status-publish","4":"has-post-thumbnail","6":"product_cat-tous-les-vins","7":"product_cat-rouges-secs","8":"product_shipping_class-bottles","10":"first","11":"instock","12":"taxable","13":"shipping-taxable","14":"purchasable","15":"product-type-simple"},"yoast_head":"<!-- This site is optimized with the Yoast SEO plugin v27.0 - https:\/\/yoast.com\/product\/yoast-seo-wordpress\/ -->\n<title>Resonance 2019 - Ch\u00e2teau Feely organic wine, tours, accommodation<\/title>\n<meta name=\"robots\" content=\"index, follow, max-snippet:-1, max-image-preview:large, max-video-preview:-1\" \/>\n<link rel=\"canonical\" href=\"https:\/\/chateaufeely.com\/fr\/produit\/resonance-2019\/\" \/>\n<meta property=\"og:locale\" content=\"fr_FR\" \/>\n<meta property=\"og:type\" content=\"article\" \/>\n<meta property=\"og:title\" content=\"Resonance 2019 - Ch\u00e2teau Feely organic wine, tours, accommodation\" \/>\n<meta property=\"og:description\" content=\"R\u00c9SONANCE\u00a0DE LA NATURE Vin rouge C\u00e9page\u00a0: 100% Merlot Appellation\u00a0: Vin de France Mill\u00e9sime : 2019 Vol. Al. : 14% Sulfites : &lt; 30mg\/l    Vin bio Ecocert FR-BIO-01 Agriculture France R\u00e9colt\u00e9 \u00e0 la main Levures indig\u00e8nes  Non coll\u00e9 Non filtr\u00e9 V\u00e9g\u00e9talien\" \/>\n<meta property=\"og:url\" content=\"https:\/\/chateaufeely.com\/fr\/produit\/resonance-2019\/\" \/>\n<meta property=\"og:site_name\" content=\"Ch\u00e2teau Feely organic wine, tours, accommodation\" \/>\n<meta property=\"article:publisher\" content=\"https:\/\/www.facebook.com\/ChateauFeely\/\" \/>\n<meta property=\"article:modified_time\" content=\"2024-05-05T12:34:17+00:00\" \/>\n<meta property=\"og:image\" content=\"https:\/\/chateaufeely.com\/wp-content\/uploads\/2016\/05\/Resonance.jpg\" \/>\n\t<meta property=\"og:image:width\" content=\"600\" \/>\n\t<meta property=\"og:image:height\" content=\"600\" \/>\n\t<meta property=\"og:image:type\" content=\"image\/jpeg\" \/>\n<meta name=\"twitter:card\" content=\"summary_large_image\" \/>\n<meta name=\"twitter:label1\" content=\"Dur\u00e9e de lecture estim\u00e9e\" \/>\n\t<meta name=\"twitter:data1\" content=\"1 minute\" \/>\n<script type=\"application\/ld+json\" class=\"yoast-schema-graph\">{\"@context\":\"https:\/\/schema.org\",\"@graph\":[{\"@type\":\"WebPage\",\"@id\":\"https:\/\/chateaufeely.com\/fr\/produit\/resonance-2019\/\",\"url\":\"https:\/\/chateaufeely.com\/fr\/produit\/resonance-2019\/\",\"name\":\"Resonance 2019 - Ch\u00e2teau Feely organic wine, tours, accommodation\",\"isPartOf\":{\"@id\":\"https:\/\/chateaufeely.com\/fr\/#website\"},\"primaryImageOfPage\":{\"@id\":\"https:\/\/chateaufeely.com\/fr\/produit\/resonance-2019\/#primaryimage\"},\"image\":{\"@id\":\"https:\/\/chateaufeely.com\/fr\/produit\/resonance-2019\/#primaryimage\"},\"thumbnailUrl\":\"https:\/\/chateaufeely.com\/wp-content\/uploads\/2016\/05\/Resonance.jpg\",\"datePublished\":\"2022-04-24T08:59:32+00:00\",\"dateModified\":\"2024-05-05T12:34:17+00:00\",\"breadcrumb\":{\"@id\":\"https:\/\/chateaufeely.com\/fr\/produit\/resonance-2019\/#breadcrumb\"},\"inLanguage\":\"fr-FR\",\"potentialAction\":[{\"@type\":\"ReadAction\",\"target\":[\"https:\/\/chateaufeely.com\/fr\/produit\/resonance-2019\/\"]}]},{\"@type\":\"ImageObject\",\"inLanguage\":\"fr-FR\",\"@id\":\"https:\/\/chateaufeely.com\/fr\/produit\/resonance-2019\/#primaryimage\",\"url\":\"https:\/\/chateaufeely.com\/wp-content\/uploads\/2016\/05\/Resonance.jpg\",\"contentUrl\":\"https:\/\/chateaufeely.com\/wp-content\/uploads\/2016\/05\/Resonance.jpg\",\"width\":600,\"height\":600},{\"@type\":\"BreadcrumbList\",\"@id\":\"https:\/\/chateaufeely.com\/fr\/produit\/resonance-2019\/#breadcrumb\",\"itemListElement\":[{\"@type\":\"ListItem\",\"position\":1,\"name\":\"Accueil\",\"item\":\"https:\/\/chateaufeely.com\/fr\/\"},{\"@type\":\"ListItem\",\"position\":2,\"name\":\"Boutique\",\"item\":\"https:\/\/chateaufeely.com\/fr\/boutique\/\"},{\"@type\":\"ListItem\",\"position\":3,\"name\":\"Resonance 2019\"}]},{\"@type\":\"WebSite\",\"@id\":\"https:\/\/chateaufeely.com\/fr\/#website\",\"url\":\"https:\/\/chateaufeely.com\/fr\/\",\"name\":\"Ch\u00e2teau Feely organic wine, tours, accommodation\",\"description\":\"Biodynamic and natural wine, tours and wine school, ecological luxury lodge\",\"publisher\":{\"@id\":\"https:\/\/chateaufeely.com\/fr\/#organization\"},\"potentialAction\":[{\"@type\":\"SearchAction\",\"target\":{\"@type\":\"EntryPoint\",\"urlTemplate\":\"https:\/\/chateaufeely.com\/fr\/?s={search_term_string}\"},\"query-input\":{\"@type\":\"PropertyValueSpecification\",\"valueRequired\":true,\"valueName\":\"search_term_string\"}}],\"inLanguage\":\"fr-FR\"},{\"@type\":\"Organization\",\"@id\":\"https:\/\/chateaufeely.com\/fr\/#organization\",\"name\":\"Ch\u00e2teau Feely organic wine, tours, accommodation\",\"url\":\"https:\/\/chateaufeely.com\/fr\/\",\"logo\":{\"@type\":\"ImageObject\",\"inLanguage\":\"fr-FR\",\"@id\":\"https:\/\/chateaufeely.com\/fr\/#\/schema\/logo\/image\/\",\"url\":\"https:\/\/chateaufeely.com\/wp-content\/uploads\/2016\/05\/logo-vertical-v2-250.png\",\"contentUrl\":\"https:\/\/chateaufeely.com\/wp-content\/uploads\/2016\/05\/logo-vertical-v2-250.png\",\"width\":250,\"height\":312,\"caption\":\"Ch\u00e2teau Feely organic wine, tours, accommodation\"},\"image\":{\"@id\":\"https:\/\/chateaufeely.com\/fr\/#\/schema\/logo\/image\/\"},\"sameAs\":[\"https:\/\/www.facebook.com\/ChateauFeely\/\",\"https:\/\/www.instagram.com\/chateaufeely\/\"]}]}<\/script>\n<!-- \/ Yoast SEO plugin. -->","yoast_head_json":{"title":"Resonance 2019 - Ch\u00e2teau Feely organic wine, tours, accommodation","robots":{"index":"index","follow":"follow","max-snippet":"max-snippet:-1","max-image-preview":"max-image-preview:large","max-video-preview":"max-video-preview:-1"},"canonical":"https:\/\/chateaufeely.com\/fr\/produit\/resonance-2019\/","og_locale":"fr_FR","og_type":"article","og_title":"Resonance 2019 - Ch\u00e2teau Feely organic wine, tours, accommodation","og_description":"R\u00c9SONANCE\u00a0DE LA NATURE Vin rouge C\u00e9page\u00a0: 100% Merlot Appellation\u00a0: Vin de France Mill\u00e9sime : 2019 Vol. Al. : 14% Sulfites : &lt; 30mg\/l    Vin bio Ecocert FR-BIO-01 Agriculture France R\u00e9colt\u00e9 \u00e0 la main Levures indig\u00e8nes  Non coll\u00e9 Non filtr\u00e9 V\u00e9g\u00e9talien","og_url":"https:\/\/chateaufeely.com\/fr\/produit\/resonance-2019\/","og_site_name":"Ch\u00e2teau Feely organic wine, tours, accommodation","article_publisher":"https:\/\/www.facebook.com\/ChateauFeely\/","article_modified_time":"2024-05-05T12:34:17+00:00","og_image":[{"width":600,"height":600,"url":"https:\/\/chateaufeely.com\/wp-content\/uploads\/2016\/05\/Resonance.jpg","type":"image\/jpeg"}],"twitter_card":"summary_large_image","twitter_misc":{"Dur\u00e9e de lecture estim\u00e9e":"1 minute"},"schema":{"@context":"https:\/\/schema.org","@graph":[{"@type":"WebPage","@id":"https:\/\/chateaufeely.com\/fr\/produit\/resonance-2019\/","url":"https:\/\/chateaufeely.com\/fr\/produit\/resonance-2019\/","name":"Resonance 2019 - Ch\u00e2teau Feely organic wine, tours, accommodation","isPartOf":{"@id":"https:\/\/chateaufeely.com\/fr\/#website"},"primaryImageOfPage":{"@id":"https:\/\/chateaufeely.com\/fr\/produit\/resonance-2019\/#primaryimage"},"image":{"@id":"https:\/\/chateaufeely.com\/fr\/produit\/resonance-2019\/#primaryimage"},"thumbnailUrl":"https:\/\/chateaufeely.com\/wp-content\/uploads\/2016\/05\/Resonance.jpg","datePublished":"2022-04-24T08:59:32+00:00","dateModified":"2024-05-05T12:34:17+00:00","breadcrumb":{"@id":"https:\/\/chateaufeely.com\/fr\/produit\/resonance-2019\/#breadcrumb"},"inLanguage":"fr-FR","potentialAction":[{"@type":"ReadAction","target":["https:\/\/chateaufeely.com\/fr\/produit\/resonance-2019\/"]}]},{"@type":"ImageObject","inLanguage":"fr-FR","@id":"https:\/\/chateaufeely.com\/fr\/produit\/resonance-2019\/#primaryimage","url":"https:\/\/chateaufeely.com\/wp-content\/uploads\/2016\/05\/Resonance.jpg","contentUrl":"https:\/\/chateaufeely.com\/wp-content\/uploads\/2016\/05\/Resonance.jpg","width":600,"height":600},{"@type":"BreadcrumbList","@id":"https:\/\/chateaufeely.com\/fr\/produit\/resonance-2019\/#breadcrumb","itemListElement":[{"@type":"ListItem","position":1,"name":"Accueil","item":"https:\/\/chateaufeely.com\/fr\/"},{"@type":"ListItem","position":2,"name":"Boutique","item":"https:\/\/chateaufeely.com\/fr\/boutique\/"},{"@type":"ListItem","position":3,"name":"Resonance 2019"}]},{"@type":"WebSite","@id":"https:\/\/chateaufeely.com\/fr\/#website","url":"https:\/\/chateaufeely.com\/fr\/","name":"Ch\u00e2teau Feely organic wine, tours, accommodation","description":"Biodynamic and natural wine, tours and wine school, ecological luxury lodge","publisher":{"@id":"https:\/\/chateaufeely.com\/fr\/#organization"},"potentialAction":[{"@type":"SearchAction","target":{"@type":"EntryPoint","urlTemplate":"https:\/\/chateaufeely.com\/fr\/?s={search_term_string}"},"query-input":{"@type":"PropertyValueSpecification","valueRequired":true,"valueName":"search_term_string"}}],"inLanguage":"fr-FR"},{"@type":"Organization","@id":"https:\/\/chateaufeely.com\/fr\/#organization","name":"Ch\u00e2teau Feely organic wine, tours, accommodation","url":"https:\/\/chateaufeely.com\/fr\/","logo":{"@type":"ImageObject","inLanguage":"fr-FR","@id":"https:\/\/chateaufeely.com\/fr\/#\/schema\/logo\/image\/","url":"https:\/\/chateaufeely.com\/wp-content\/uploads\/2016\/05\/logo-vertical-v2-250.png","contentUrl":"https:\/\/chateaufeely.com\/wp-content\/uploads\/2016\/05\/logo-vertical-v2-250.png","width":250,"height":312,"caption":"Ch\u00e2teau Feely organic wine, tours, accommodation"},"image":{"@id":"https:\/\/chateaufeely.com\/fr\/#\/schema\/logo\/image\/"},"sameAs":["https:\/\/www.facebook.com\/ChateauFeely\/","https:\/\/www.instagram.com\/chateaufeely\/"]}]}},"_links":{"self":[{"href":"https:\/\/chateaufeely.com\/fr\/wp-json\/wp\/v2\/product\/8080","targetHints":{"allow":["GET"]}}],"collection":[{"href":"https:\/\/chateaufeely.com\/fr\/wp-json\/wp\/v2\/product"}],"about":[{"href":"https:\/\/chateaufeely.com\/fr\/wp-json\/wp\/v2\/types\/product"}],"replies":[{"embeddable":true,"href":"https:\/\/chateaufeely.com\/fr\/wp-json\/wp\/v2\/comments?post=8080"}],"wp:featuredmedia":[{"embeddable":true,"href":"https:\/\/chateaufeely.com\/fr\/wp-json\/wp\/v2\/media\/167"}],"wp:attachment":[{"href":"https:\/\/chateaufeely.com\/fr\/wp-json\/wp\/v2\/media?parent=8080"}],"wp:term":[{"taxonomy":"product_brand","embeddable":true,"href":"https:\/\/chateaufeely.com\/fr\/wp-json\/wp\/v2\/product_brand?post=8080"},{"taxonomy":"product_cat","embeddable":true,"href":"https:\/\/chateaufeely.com\/fr\/wp-json\/wp\/v2\/product_cat?post=8080"},{"taxonomy":"product_tag","embeddable":true,"href":"https:\/\/chateaufeely.com\/fr\/wp-json\/wp\/v2\/product_tag?post=8080"}],"curies":[{"name":"wp","href":"https:\/\/api.w.org\/{rel}","templated":true}]}}