{"id":9491,"date":"2024-04-19T15:12:13","date_gmt":"2024-04-29T09:48:05","guid":{"rendered":"https:\/\/chateaufeely.com\/?post_type=product&#038;p=9491"},"modified":"2024-05-05T13:37:21","modified_gmt":"2024-05-05T12:37:21","slug":"vivacite-2021","status":"publish","type":"product","link":"https:\/\/chateaufeely.com\/fr\/produit\/vivacite-2021\/","title":{"rendered":"Vivacit\u00e9 2021"},"content":{"rendered":"<p>V\u00e9gan<\/p>\n[mk_font_icons icon=\u00a0\u00bbmk-moon-bottle\u00a0\u00bb size=\u00a0\u00bbmedium\u00a0\u00bb]\u00a0Nombre des bouteilles produit : 2600<\/p>\n[mk_font_icons icon=\u00a0\u00bbmk-moon-brightness-high\u00a0\u00bb size=\u00a0\u00bbmedium\u00a0\u00bb]\u00a0Terroir : argile et calcaire avec un touche de silex.<\/p>\n[mk_font_icons icon=\u00a0\u00bbmk-moon-busy\u00a0\u00bb size=\u00a0\u00bbmedium\u00a0\u00bb] Ferment\u00e9 et \u00e9lev\u00e9 en inox.<\/p>\n[mk_font_icons icon=\u00a0\u00bbmk-li-clock\u00a0\u00bb size=\u00a0\u00bbmedium\u00a0\u00bb]\u00a0Garde : 10 ans<\/p>\n[mk_font_icons icon=\u00a0\u00bbmk-moon-temperature\u00a0\u00bb size=\u00a0\u00bbmedium\u00a0\u00bb] Servir a 16-18\u00b0C<\/p>\n[mk_font_icons icon=\u00a0\u00bbmk-icon-cutlery\u00a0\u00bb size=\u00a0\u00bbmedium\u00a0\u00bb]\n<p>Barbeque<br \/>\nplats l\u00e9g\u00e8rement \u00e9pic\u00e9<\/p>\n[mk_font_icons icon=\u00a0\u00bbmk-moon-package\u00a0\u00bb color=\u00a0\u00bb#e1c57d\u00a0\u00bb size=\u00a0\u00bbmedium\u00a0\u00bb] bouteille bourgogne de 750 ml<\/p>\n[mk_font_icons icon=\u00a0\u00bbmk-icon-truck\u00a0\u00bb size=\u00a0\u00bbmedium\u00a0\u00bb] possible<\/p>\n","protected":false},"excerpt":{"rendered":"<h4>Vivacit\u00e9 de la nature<\/h4>\n<p><span style=\"color: #000000;\"><strong>Vin Rouge\u00a0<\/strong><\/span><br \/>\n<span style=\"color: #000000;\"><span style=\"text-decoration: underline;\">Cepage<\/span> : Cabernet Sauvignon et un touche de Merlot<\/span><br \/>\n<span style=\"color: #000000;\"><span style=\"text-decoration: underline;\">Designation<\/span> : <strong>AOP Bergerac Rouge<\/strong><\/span><br \/>\n<span style=\"color: #000000;\"><span style=\"text-decoration: underline;\">Vintage<\/span> : 2021<\/span><br \/>\n<span style=\"color: #000000;\"><span style=\"text-decoration: underline;\">Alc. Vol.<\/span> : 12.5%<\/span><\/p>\n<p>Sulphites: +-46mg\/l<\/p>\n<p><img decoding=\"async\" class=\"size-full wp-image-171 alignleft\" src=\"http:\/\/chateaufeely.com\/wp-content\/uploads\/2016\/05\/bio-europe150.jpg\" alt=\"bio-europe150\" width=\"150\" height=\"100\" \/><\/p>\n<p>Vin bio<br \/>\nEcocert FR-BIO-01 Agriculture France<br \/>\n<span style=\"line-height: 1.5;\">Vendanges a la Main<\/span><\/p>\n<p>&nbsp;<\/p>\n<p><span style=\"line-height: 1.5;\">levures indig\u00e8ne<\/span><\/p>\n<p>Non coll\u00e9<\/p>\n<p>Non filtr\u00e9<\/p>\n<p>Vegan<\/p>\n","protected":false},"featured_media":9390,"comment_status":"closed","ping_status":"closed","template":"","meta":{"_exactmetrics_skip_tracking":false,"_exactmetrics_sitenote_active":false,"_exactmetrics_sitenote_note":"","_exactmetrics_sitenote_category":0},"product_brand":[],"product_cat":[55,12],"product_tag":[216],"class_list":{"0":"post-9491","1":"product","2":"type-product","3":"status-publish","4":"has-post-thumbnail","6":"product_cat-tous-les-vins","7":"product_cat-rouges-secs","8":"product_tag-vin-bio-fr","9":"product_shipping_class-bottles","11":"first","12":"instock","13":"taxable","14":"shipping-taxable","15":"purchasable","16":"product-type-simple"},"yoast_head":"<!-- This site is optimized with the Yoast SEO plugin v27.0 - https:\/\/yoast.com\/product\/yoast-seo-wordpress\/ -->\n<title>Vivacit\u00e9 2021 - Ch\u00e2teau Feely organic wine, tours, accommodation<\/title>\n<meta name=\"robots\" content=\"index, follow, max-snippet:-1, max-image-preview:large, max-video-preview:-1\" \/>\n<link rel=\"canonical\" href=\"https:\/\/chateaufeely.com\/fr\/produit\/vivacite-2021\/\" \/>\n<meta property=\"og:locale\" content=\"fr_FR\" \/>\n<meta property=\"og:type\" content=\"article\" \/>\n<meta property=\"og:title\" content=\"Vivacit\u00e9 2021 - Ch\u00e2teau Feely organic wine, tours, accommodation\" \/>\n<meta property=\"og:description\" content=\"Vivacit\u00e9 de la nature Vin Rouge\u00a0 Cepage : Cabernet Sauvignon et un touche de Merlot Designation : AOP Bergerac Rouge Vintage : 2021 Alc. Vol. : 12.5%  Sulphites: +-46mg\/l    Vin bio Ecocert FR-BIO-01 Agriculture France Vendanges a la Main  &nbsp;  levures indig\u00e8ne  Non coll\u00e9  Non filtr\u00e9  Vegan\" \/>\n<meta property=\"og:url\" content=\"https:\/\/chateaufeely.com\/fr\/produit\/vivacite-2021\/\" \/>\n<meta property=\"og:site_name\" content=\"Ch\u00e2teau Feely organic wine, tours, accommodation\" \/>\n<meta property=\"article:publisher\" content=\"https:\/\/www.facebook.com\/ChateauFeely\/\" \/>\n<meta property=\"article:modified_time\" content=\"2024-05-05T12:37:21+00:00\" \/>\n<meta property=\"og:image\" content=\"https:\/\/chateaufeely.com\/wp-content\/uploads\/2024\/04\/feely-vivacite-800-img_2381.jpg\" \/>\n\t<meta property=\"og:image:width\" content=\"800\" \/>\n\t<meta property=\"og:image:height\" content=\"1104\" \/>\n\t<meta property=\"og:image:type\" content=\"image\/jpeg\" \/>\n<meta name=\"twitter:card\" content=\"summary_large_image\" \/>\n<meta name=\"twitter:label1\" content=\"Dur\u00e9e de lecture estim\u00e9e\" \/>\n\t<meta name=\"twitter:data1\" content=\"1 minute\" \/>\n<script type=\"application\/ld+json\" class=\"yoast-schema-graph\">{\"@context\":\"https:\/\/schema.org\",\"@graph\":[{\"@type\":\"WebPage\",\"@id\":\"https:\/\/chateaufeely.com\/fr\/produit\/vivacite-2021\/\",\"url\":\"https:\/\/chateaufeely.com\/fr\/produit\/vivacite-2021\/\",\"name\":\"Vivacit\u00e9 2021 - Ch\u00e2teau Feely organic wine, tours, accommodation\",\"isPartOf\":{\"@id\":\"https:\/\/chateaufeely.com\/fr\/#website\"},\"primaryImageOfPage\":{\"@id\":\"https:\/\/chateaufeely.com\/fr\/produit\/vivacite-2021\/#primaryimage\"},\"image\":{\"@id\":\"https:\/\/chateaufeely.com\/fr\/produit\/vivacite-2021\/#primaryimage\"},\"thumbnailUrl\":\"https:\/\/chateaufeely.com\/wp-content\/uploads\/2024\/04\/feely-vivacite-800-img_2381.jpg\",\"datePublished\":\"2024-04-29T09:48:05+00:00\",\"dateModified\":\"2024-05-05T12:37:21+00:00\",\"breadcrumb\":{\"@id\":\"https:\/\/chateaufeely.com\/fr\/produit\/vivacite-2021\/#breadcrumb\"},\"inLanguage\":\"fr-FR\",\"potentialAction\":[{\"@type\":\"ReadAction\",\"target\":[\"https:\/\/chateaufeely.com\/fr\/produit\/vivacite-2021\/\"]}]},{\"@type\":\"ImageObject\",\"inLanguage\":\"fr-FR\",\"@id\":\"https:\/\/chateaufeely.com\/fr\/produit\/vivacite-2021\/#primaryimage\",\"url\":\"https:\/\/chateaufeely.com\/wp-content\/uploads\/2024\/04\/feely-vivacite-800-img_2381.jpg\",\"contentUrl\":\"https:\/\/chateaufeely.com\/wp-content\/uploads\/2024\/04\/feely-vivacite-800-img_2381.jpg\",\"width\":800,\"height\":1104},{\"@type\":\"BreadcrumbList\",\"@id\":\"https:\/\/chateaufeely.com\/fr\/produit\/vivacite-2021\/#breadcrumb\",\"itemListElement\":[{\"@type\":\"ListItem\",\"position\":1,\"name\":\"Accueil\",\"item\":\"https:\/\/chateaufeely.com\/fr\/\"},{\"@type\":\"ListItem\",\"position\":2,\"name\":\"Boutique\",\"item\":\"https:\/\/chateaufeely.com\/fr\/boutique\/\"},{\"@type\":\"ListItem\",\"position\":3,\"name\":\"Vivacit\u00e9 2021\"}]},{\"@type\":\"WebSite\",\"@id\":\"https:\/\/chateaufeely.com\/fr\/#website\",\"url\":\"https:\/\/chateaufeely.com\/fr\/\",\"name\":\"Ch\u00e2teau Feely organic wine, tours, accommodation\",\"description\":\"Biodynamic and natural wine, tours and wine school, ecological luxury lodge\",\"publisher\":{\"@id\":\"https:\/\/chateaufeely.com\/fr\/#organization\"},\"potentialAction\":[{\"@type\":\"SearchAction\",\"target\":{\"@type\":\"EntryPoint\",\"urlTemplate\":\"https:\/\/chateaufeely.com\/fr\/?s={search_term_string}\"},\"query-input\":{\"@type\":\"PropertyValueSpecification\",\"valueRequired\":true,\"valueName\":\"search_term_string\"}}],\"inLanguage\":\"fr-FR\"},{\"@type\":\"Organization\",\"@id\":\"https:\/\/chateaufeely.com\/fr\/#organization\",\"name\":\"Ch\u00e2teau Feely organic wine, tours, accommodation\",\"url\":\"https:\/\/chateaufeely.com\/fr\/\",\"logo\":{\"@type\":\"ImageObject\",\"inLanguage\":\"fr-FR\",\"@id\":\"https:\/\/chateaufeely.com\/fr\/#\/schema\/logo\/image\/\",\"url\":\"https:\/\/chateaufeely.com\/wp-content\/uploads\/2016\/05\/logo-vertical-v2-250.png\",\"contentUrl\":\"https:\/\/chateaufeely.com\/wp-content\/uploads\/2016\/05\/logo-vertical-v2-250.png\",\"width\":250,\"height\":312,\"caption\":\"Ch\u00e2teau Feely organic wine, tours, accommodation\"},\"image\":{\"@id\":\"https:\/\/chateaufeely.com\/fr\/#\/schema\/logo\/image\/\"},\"sameAs\":[\"https:\/\/www.facebook.com\/ChateauFeely\/\",\"https:\/\/www.instagram.com\/chateaufeely\/\"]}]}<\/script>\n<!-- \/ Yoast SEO plugin. -->","yoast_head_json":{"title":"Vivacit\u00e9 2021 - Ch\u00e2teau Feely organic wine, tours, accommodation","robots":{"index":"index","follow":"follow","max-snippet":"max-snippet:-1","max-image-preview":"max-image-preview:large","max-video-preview":"max-video-preview:-1"},"canonical":"https:\/\/chateaufeely.com\/fr\/produit\/vivacite-2021\/","og_locale":"fr_FR","og_type":"article","og_title":"Vivacit\u00e9 2021 - Ch\u00e2teau Feely organic wine, tours, accommodation","og_description":"Vivacit\u00e9 de la nature Vin Rouge\u00a0 Cepage : Cabernet Sauvignon et un touche de Merlot Designation : AOP Bergerac Rouge Vintage : 2021 Alc. Vol. : 12.5%  Sulphites: +-46mg\/l    Vin bio Ecocert FR-BIO-01 Agriculture France Vendanges a la Main  &nbsp;  levures indig\u00e8ne  Non coll\u00e9  Non filtr\u00e9  Vegan","og_url":"https:\/\/chateaufeely.com\/fr\/produit\/vivacite-2021\/","og_site_name":"Ch\u00e2teau Feely organic wine, tours, accommodation","article_publisher":"https:\/\/www.facebook.com\/ChateauFeely\/","article_modified_time":"2024-05-05T12:37:21+00:00","og_image":[{"width":800,"height":1104,"url":"https:\/\/chateaufeely.com\/wp-content\/uploads\/2024\/04\/feely-vivacite-800-img_2381.jpg","type":"image\/jpeg"}],"twitter_card":"summary_large_image","twitter_misc":{"Dur\u00e9e de lecture estim\u00e9e":"1 minute"},"schema":{"@context":"https:\/\/schema.org","@graph":[{"@type":"WebPage","@id":"https:\/\/chateaufeely.com\/fr\/produit\/vivacite-2021\/","url":"https:\/\/chateaufeely.com\/fr\/produit\/vivacite-2021\/","name":"Vivacit\u00e9 2021 - Ch\u00e2teau Feely organic wine, tours, accommodation","isPartOf":{"@id":"https:\/\/chateaufeely.com\/fr\/#website"},"primaryImageOfPage":{"@id":"https:\/\/chateaufeely.com\/fr\/produit\/vivacite-2021\/#primaryimage"},"image":{"@id":"https:\/\/chateaufeely.com\/fr\/produit\/vivacite-2021\/#primaryimage"},"thumbnailUrl":"https:\/\/chateaufeely.com\/wp-content\/uploads\/2024\/04\/feely-vivacite-800-img_2381.jpg","datePublished":"2024-04-29T09:48:05+00:00","dateModified":"2024-05-05T12:37:21+00:00","breadcrumb":{"@id":"https:\/\/chateaufeely.com\/fr\/produit\/vivacite-2021\/#breadcrumb"},"inLanguage":"fr-FR","potentialAction":[{"@type":"ReadAction","target":["https:\/\/chateaufeely.com\/fr\/produit\/vivacite-2021\/"]}]},{"@type":"ImageObject","inLanguage":"fr-FR","@id":"https:\/\/chateaufeely.com\/fr\/produit\/vivacite-2021\/#primaryimage","url":"https:\/\/chateaufeely.com\/wp-content\/uploads\/2024\/04\/feely-vivacite-800-img_2381.jpg","contentUrl":"https:\/\/chateaufeely.com\/wp-content\/uploads\/2024\/04\/feely-vivacite-800-img_2381.jpg","width":800,"height":1104},{"@type":"BreadcrumbList","@id":"https:\/\/chateaufeely.com\/fr\/produit\/vivacite-2021\/#breadcrumb","itemListElement":[{"@type":"ListItem","position":1,"name":"Accueil","item":"https:\/\/chateaufeely.com\/fr\/"},{"@type":"ListItem","position":2,"name":"Boutique","item":"https:\/\/chateaufeely.com\/fr\/boutique\/"},{"@type":"ListItem","position":3,"name":"Vivacit\u00e9 2021"}]},{"@type":"WebSite","@id":"https:\/\/chateaufeely.com\/fr\/#website","url":"https:\/\/chateaufeely.com\/fr\/","name":"Ch\u00e2teau Feely organic wine, tours, accommodation","description":"Biodynamic and natural wine, tours and wine school, ecological luxury lodge","publisher":{"@id":"https:\/\/chateaufeely.com\/fr\/#organization"},"potentialAction":[{"@type":"SearchAction","target":{"@type":"EntryPoint","urlTemplate":"https:\/\/chateaufeely.com\/fr\/?s={search_term_string}"},"query-input":{"@type":"PropertyValueSpecification","valueRequired":true,"valueName":"search_term_string"}}],"inLanguage":"fr-FR"},{"@type":"Organization","@id":"https:\/\/chateaufeely.com\/fr\/#organization","name":"Ch\u00e2teau Feely organic wine, tours, accommodation","url":"https:\/\/chateaufeely.com\/fr\/","logo":{"@type":"ImageObject","inLanguage":"fr-FR","@id":"https:\/\/chateaufeely.com\/fr\/#\/schema\/logo\/image\/","url":"https:\/\/chateaufeely.com\/wp-content\/uploads\/2016\/05\/logo-vertical-v2-250.png","contentUrl":"https:\/\/chateaufeely.com\/wp-content\/uploads\/2016\/05\/logo-vertical-v2-250.png","width":250,"height":312,"caption":"Ch\u00e2teau Feely organic wine, tours, accommodation"},"image":{"@id":"https:\/\/chateaufeely.com\/fr\/#\/schema\/logo\/image\/"},"sameAs":["https:\/\/www.facebook.com\/ChateauFeely\/","https:\/\/www.instagram.com\/chateaufeely\/"]}]}},"_links":{"self":[{"href":"https:\/\/chateaufeely.com\/fr\/wp-json\/wp\/v2\/product\/9491","targetHints":{"allow":["GET"]}}],"collection":[{"href":"https:\/\/chateaufeely.com\/fr\/wp-json\/wp\/v2\/product"}],"about":[{"href":"https:\/\/chateaufeely.com\/fr\/wp-json\/wp\/v2\/types\/product"}],"replies":[{"embeddable":true,"href":"https:\/\/chateaufeely.com\/fr\/wp-json\/wp\/v2\/comments?post=9491"}],"wp:featuredmedia":[{"embeddable":true,"href":"https:\/\/chateaufeely.com\/fr\/wp-json\/wp\/v2\/media\/9390"}],"wp:attachment":[{"href":"https:\/\/chateaufeely.com\/fr\/wp-json\/wp\/v2\/media?parent=9491"}],"wp:term":[{"taxonomy":"product_brand","embeddable":true,"href":"https:\/\/chateaufeely.com\/fr\/wp-json\/wp\/v2\/product_brand?post=9491"},{"taxonomy":"product_cat","embeddable":true,"href":"https:\/\/chateaufeely.com\/fr\/wp-json\/wp\/v2\/product_cat?post=9491"},{"taxonomy":"product_tag","embeddable":true,"href":"https:\/\/chateaufeely.com\/fr\/wp-json\/wp\/v2\/product_tag?post=9491"}],"curies":[{"name":"wp","href":"https:\/\/api.w.org\/{rel}","templated":true}]}}